{"id":90833,"date":"2018-12-19T13:24:50","date_gmt":"2018-12-19T18:24:50","guid":{"rendered":"http:\/\/www.miamibeachfl.gov\/city-hall\/city-clerk\/city-commission-vacancy-group-iv\/"},"modified":"2025-05-25T16:59:40","modified_gmt":"2025-05-25T20:59:40","slug":"city-commission-vacancy-group-iv","status":"publish","type":"page","link":"https:\/\/www.miamibeachfl.gov\/ht\/city-hall\/city-clerk\/city-commission-vacancy-group-iv\/","title":{"rendered":"Gwoup P\u00f2s Vakans Komisyon Vil la IV"},"content":{"rendered":"<img decoding=\"async\" src=\"https:\/\/www.miamibeachfl.gov\/wp-content\/uploads\/2022\/07\/hero-small.jpg\" alt=\"ocean drive art deco buildings\" itemprop=\"image\" title=\"ewo-piti\" onerror=\"this.style.display='none'\" loading='lazy' \/>\n<h1>\n\t\t\tGwoup P\u00f2s Vakans Komisyon Vil la IV\t<\/h1>\n\t<nav id=\"breadcrumbs\" aria-label=\"Pen griye\"><a href=\"https:\/\/www.miamibeachfl.gov\/ht\/\">Lakay<\/a> &gt; <a href=\"https:\/\/www.miamibeachfl.gov\/ht\/city-hall\/\">Lakou Vil la<\/a> &gt; <a href=\"https:\/\/www.miamibeachfl.gov\/ht\/city-hall\/city-clerk\/\">Grefye Vil la<\/a> &gt; <strong>Gwoup P\u00f2s Vakans Komisyon Vil la IV<\/strong><\/nav>\n\t<p>&nbsp;<\/p>\n<table>\n<tbody>\n<tr>\n<td><strong>Enf\u00f2masyon Jeneral<\/strong><\/td>\n<\/tr>\n<tr>\n<td><a href=\"http:\/\/www.miamibeachfl.gov\/wp-content\/uploads\/2018\/12\/Notice-of-Miami-Beach-City-Commission-Vacancy.pdf\">Avi sou P\u00f2s Vakans nan Komisyon Vil Miami Beach la<\/a><\/td>\n<\/tr>\n<tr>\n<td><a href=\"http:\/\/www.miamibeachfl.gov\/wp-content\/uploads\/2018\/12\/City-Commission-Group-IV-Vacancy-Application.pdf\">Aplikasyon pou P\u00f2s Vakans Gwoup IV Komisyon Vil la<\/a><\/td>\n<\/tr>\n<tr>\n<td><a href=\"http:\/\/www.miamibeachfl.gov\/wp-content\/uploads\/2019\/01\/CITY-OF-MIAMI-BEACH-OATH-2019.pdf\">S\u00e8man Vil Miami Beach 2019<\/a><\/td>\n<\/tr>\n<tr>\n<td><a href=\"http:\/\/www.miamibeachfl.gov\/wp-content\/uploads\/2019\/01\/Notice-of-Procedures-for-Filling-Group-IV-Vacancy-1.pdf\">Avi sou Pwosedi pou Ranpli P\u00f2s Vakans Gwoup IV la<\/a><\/td>\n<\/tr>\n<tr>\n<td><a href=\"http:\/\/www.miamibeachfl.gov\/wp-content\/uploads\/2019\/04\/Resolution-2019-30694.pdf\">Rezolisyon No. 2019-30694 ki nonmen Joy Malakoff nan plas Komisyon Vil la pou Gwoup IV<\/a><\/td>\n<\/tr>\n<\/tbody>\n<\/table>\n<table>\n<tbody>\n<tr>\n<td><strong>Aplikan yo<\/strong><\/td>\n<\/tr>\n<tr>\n<td>Apel, Gary<\/td>\n<\/tr>\n<tr>\n<td>Baron, Richard<\/td>\n<\/tr>\n<tr>\n<td>Barrineau, Mikay\u00e8l David<\/td>\n<\/tr>\n<tr>\n<td>Ben-Gal, Oriya<\/td>\n<\/tr>\n<tr>\n<td>Branch, Gregory<\/td>\n<\/tr>\n<tr>\n<td>Breslin, Ray<\/td>\n<\/tr>\n<tr>\n<td>Buttacavoli, Mayra<\/td>\n<\/tr>\n<tr>\n<td>Costales, Glenn<\/td>\n<\/tr>\n<tr>\n<td>Kristal, David<\/td>\n<\/tr>\n<tr>\n<td>Dennis, Patrick<\/td>\n<\/tr>\n<tr>\n<td>Diskin, Arthur<\/td>\n<\/tr>\n<tr>\n<td>Duggan, Chris<\/td>\n<\/tr>\n<tr>\n<td>V\u00e8t, Mikay\u00e8l<\/td>\n<\/tr>\n<tr>\n<td>Gross, Saul<\/td>\n<\/tr>\n<tr>\n<td>Hall, Mikay\u00e8l<\/td>\n<\/tr>\n<tr>\n<td>Hernandez, Carely<\/td>\n<\/tr>\n<tr>\n<td>Hernandez, Lucas<\/td>\n<\/tr>\n<tr>\n<td>Islam, Mohammed<\/td>\n<\/tr>\n<tr>\n<td>Lamadrid, Jorge<\/td>\n<\/tr>\n<tr>\n<td>Levy, Jozye<\/td>\n<\/tr>\n<tr>\n<td>Lopez, Liliam<\/td>\n<\/tr>\n<tr>\n<td>Lumerman, Mak<\/td>\n<\/tr>\n<tr>\n<td>Malakoff, Joy<\/td>\n<\/tr>\n<tr>\n<td>Manning, Joz\u00e8fin<\/td>\n<\/tr>\n<tr>\n<td>Martinez, Frances<\/td>\n<\/tr>\n<tr>\n<td>Morel, Ariel<\/td>\n<\/tr>\n<tr>\n<td>Mosley, Ezayi<\/td>\n<\/tr>\n<tr>\n<td>Novela, Marcella<\/td>\n<\/tr>\n<tr>\n<td>Pacheco, Raquel<\/td>\n<\/tr>\n<tr>\n<td>Pinera, Juan<\/td>\n<\/tr>\n<tr>\n<td>Rodriguez, Mario<\/td>\n<\/tr>\n<tr>\n<td>Rynor, Jeffrey<\/td>\n<\/tr>\n<tr>\n<td>Shelley, Mikay\u00e8l<\/td>\n<\/tr>\n<tr>\n<td>Stojanovic, Aleksandar<\/td>\n<\/tr>\n<tr>\n<td>Swartz, Helen<\/td>\n<\/tr>\n<tr>\n<td>Wieder, David<\/td>\n<\/tr>\n<tr>\n<td>Winters, Christopher<\/td>\n<\/tr>\n<tr>\n<td>Young, Blake<\/td>\n<\/tr>\n<\/tbody>\n<\/table>\n\t\tNavige pou ale nan\u2026\t\t\t\n\t\t\t\t\t<ul id=\"menu-city-clerk-main-menu\"><li id=\"menu-item-363744\"><a href=\"\/ht\/city-hall\/city-clerk\/boards-and-committees\/\">Kons\u00e8y Administrasyon ak Komite yo<\/a><\/li>\n<li id=\"menu-item-363745\"><a href=\"\/ht\/city-hall\/city-clerk\/meetings-and-agendas\/\">Reyinyon ak Ajanda Vil Miami Beach<\/a><\/li>\n<li id=\"menu-item-363746\"><a href=\"\/ht\/city-hall\/city-clerk\/discrimination-in-employment\/\">Diskriminasyon nan Anplwa<\/a><\/li>\n<li id=\"menu-item-363747\"><a href=\"\/ht\/city-hall\/city-clerk\/election-information\/\">Enf\u00f2masyon sou Eleksyon<\/a><\/li>\n<li id=\"menu-item-363748\"><a href=\"\/ht\/city-hall\/city-clerk\/forms\/\">F\u00f2m yo<\/a><\/li>\n<li id=\"menu-item-363749\"><a href=\"\/ht\/city-hall\/city-clerk\/meeting-notices\/\">Anons Legal ak Avi Piblik<\/a><\/li>\n<li id=\"menu-item-363750\"><a href=\"\/ht\/city-hall\/city-clerk\/lobbyist-information\/\">Enf\u00f2masyon sou Lobis<\/a><\/li>\n<li id=\"menu-item-363751\"><a href=\"\/ht\/city-hall\/city-clerk\/marriage-license\/\">Lisans Maryaj<\/a><\/li>\n<li id=\"menu-item-363752\"><a href=\"\/ht\/city-hall\/city-clerk\/public-records-request\/\">Dosye Piblik \/ Laserfiche<\/a><\/li>\n<li id=\"menu-item-363753\"><a href=\"\/ht\/city-hall\/city-clerk\/public-records-portal\/\">P\u00f2tal Dosye Piblik yo<\/a><\/li>\n<li id=\"menu-item-363754\"><a href=\"\/ht\/city-hall\/city-clerk\/residents-right-to-know\/\">Dwa Rezidan yo pou Konnen<\/a><\/li>\n<li id=\"menu-item-363755\"><a href=\"\/ht\/city-hall\/city-clerk\/special-magistrate\/\">Majistra Espesyal<\/a><\/li>\n<\/ul>\t\n\t<div class=\"page-navigation\"><a class=\"prev-page\" href=\"https:\/\/www.miamibeachfl.gov\/ht\/city-hall\/office-of-budget-peformance\/budget\/budget-archive\/budget-amendments-resolutions-fy18-19\/\">\u2190 Amannman ak Rezolisyon Bidj\u00e8 pou Ane Fiskal 2018\/19<\/a> <a class=\"next-page\" href=\"https:\/\/www.miamibeachfl.gov\/ht\/city-hall\/office-of-budget-peformance\/budget\/city-managers-budget-message\/\">Mesaj Bidj\u00e8 Direkt\u00e8 Vil la \u2192<\/a><\/div>","protected":false},"excerpt":{"rendered":"<p>City Commission Vacancy Group IV Home &gt; City Hall &gt; City Clerk &gt; City Commission Vacancy Group IV &nbsp; General [&hellip;]<\/p>\n","protected":false},"author":222,"featured_media":0,"parent":28337,"menu_order":85,"comment_status":"closed","ping_status":"closed","template":"","meta":{"_searchwp_excluded":"","site-sidebar-layout":"default","site-content-layout":"","ast-site-content-layout":"default","site-content-style":"default","site-sidebar-style":"default","ast-global-header-display":"","ast-banner-title-visibility":"","ast-main-header-display":"","ast-hfb-above-header-display":"","ast-hfb-below-header-display":"","ast-hfb-mobile-header-display":"","site-post-title":"","ast-breadcrumbs-content":"","ast-featured-img":"","footer-sml-layout":"","theme-transparent-header-meta":"","adv-header-id-meta":"","stick-header-meta":"","header-above-stick-meta":"","header-main-stick-meta":"","header-below-stick-meta":"","astra-migrate-meta-layouts":"default","ast-page-background-enabled":"default","ast-page-background-meta":{"desktop":{"background-color":"var(--ast-global-color-5)","background-image":"","background-repeat":"repeat","background-position":"center center","background-size":"auto","background-attachment":"scroll","background-type":"","background-media":"","overlay-type":"","overlay-color":"","overlay-opacity":"","overlay-gradient":""},"tablet":{"background-color":"","background-image":"","background-repeat":"repeat","background-position":"center center","background-size":"auto","background-attachment":"scroll","background-type":"","background-media":"","overlay-type":"","overlay-color":"","overlay-opacity":"","overlay-gradient":""},"mobile":{"background-color":"","background-image":"","background-repeat":"repeat","background-position":"center center","background-size":"auto","background-attachment":"scroll","background-type":"","background-media":"","overlay-type":"","overlay-color":"","overlay-opacity":"","overlay-gradient":""}},"ast-content-background-meta":{"desktop":{"background-color":"var(--ast-global-color-4)","background-image":"","background-repeat":"repeat","background-position":"center center","background-size":"auto","background-attachment":"scroll","background-type":"","background-media":"","overlay-type":"","overlay-color":"","overlay-opacity":"","overlay-gradient":""},"tablet":{"background-color":"var(--ast-global-color-4)","background-image":"","background-repeat":"repeat","background-position":"center center","background-size":"auto","background-attachment":"scroll","background-type":"","background-media":"","overlay-type":"","overlay-color":"","overlay-opacity":"","overlay-gradient":""},"mobile":{"background-color":"var(--ast-global-color-4)","background-image":"","background-repeat":"repeat","background-position":"center center","background-size":"auto","background-attachment":"scroll","background-type":"","background-media":"","overlay-type":"","overlay-color":"","overlay-opacity":"","overlay-gradient":""}},"footnotes":""},"categories":[],"tags":[],"class_list":["post-90833","page","type-page","status-publish","hentry"],"yoast_head":"<!-- This site is optimized with the Yoast SEO Premium plugin v27.4 (Yoast SEO v27.4) - https:\/\/yoast.com\/product\/yoast-seo-premium-wordpress\/ -->\n<title>City Commission Vacancy Group IV - City of Miami Beach<\/title>\n<meta name=\"description\" content=\"%\" \/>\n<meta name=\"robots\" content=\"index, follow, max-snippet:-1, max-image-preview:large, max-video-preview:-1\" \/>\n<link rel=\"canonical\" href=\"https:\/\/www.miamibeachfl.gov\/ht\/city-hall\/city-clerk\/city-commission-vacancy-group-iv\/\" \/>\n<meta property=\"og:locale\" content=\"ht_HT\" \/>\n<meta property=\"og:type\" content=\"article\" \/>\n<meta property=\"og:title\" content=\"City Commission Vacancy Group IV\" \/>\n<meta property=\"og:description\" content=\"%\" \/>\n<meta property=\"og:url\" content=\"https:\/\/www.miamibeachfl.gov\/ht\/city-hall\/city-clerk\/city-commission-vacancy-group-iv\/\" \/>\n<meta property=\"og:site_name\" content=\"City of Miami Beach\" \/>\n<meta property=\"article:publisher\" content=\"https:\/\/www.facebook.com\/cityofmiamibeach\" \/>\n<meta property=\"article:modified_time\" content=\"2025-05-25T20:59:40+00:00\" \/>\n<meta property=\"og:image\" content=\"https:\/\/www.miamibeachfl.gov\/wp-content\/uploads\/2022\/07\/hero-small.jpg\" \/>\n<meta name=\"twitter:card\" content=\"summary_large_image\" \/>\n<meta name=\"twitter:site\" content=\"@Miamibeachnews\" \/>\n<script type=\"application\/ld+json\" class=\"yoast-schema-graph\">{\"@context\":\"https:\\\/\\\/schema.org\",\"@graph\":[{\"@type\":\"WebPage\",\"@id\":\"https:\\\/\\\/www.miamibeachfl.gov\\\/city-hall\\\/city-clerk\\\/city-commission-vacancy-group-iv\\\/\",\"url\":\"https:\\\/\\\/www.miamibeachfl.gov\\\/city-hall\\\/city-clerk\\\/city-commission-vacancy-group-iv\\\/\",\"name\":\"City Commission Vacancy Group IV - City of Miami Beach\",\"isPartOf\":{\"@id\":\"https:\\\/\\\/www.miamibeachfl.gov\\\/#website\"},\"primaryImageOfPage\":{\"@id\":\"https:\\\/\\\/www.miamibeachfl.gov\\\/city-hall\\\/city-clerk\\\/city-commission-vacancy-group-iv\\\/#primaryimage\"},\"image\":{\"@id\":\"https:\\\/\\\/www.miamibeachfl.gov\\\/city-hall\\\/city-clerk\\\/city-commission-vacancy-group-iv\\\/#primaryimage\"},\"thumbnailUrl\":\"https:\\\/\\\/www.miamibeachfl.gov\\\/wp-content\\\/uploads\\\/2022\\\/07\\\/hero-small.jpg\",\"datePublished\":\"2018-12-19T18:24:50+00:00\",\"dateModified\":\"2025-05-25T20:59:40+00:00\",\"description\":\"%\",\"breadcrumb\":{\"@id\":\"https:\\\/\\\/www.miamibeachfl.gov\\\/city-hall\\\/city-clerk\\\/city-commission-vacancy-group-iv\\\/#breadcrumb\"},\"inLanguage\":\"ht\",\"potentialAction\":[{\"@type\":\"ReadAction\",\"target\":[\"https:\\\/\\\/www.miamibeachfl.gov\\\/city-hall\\\/city-clerk\\\/city-commission-vacancy-group-iv\\\/\"]}]},{\"@type\":\"ImageObject\",\"inLanguage\":\"ht\",\"@id\":\"https:\\\/\\\/www.miamibeachfl.gov\\\/city-hall\\\/city-clerk\\\/city-commission-vacancy-group-iv\\\/#primaryimage\",\"url\":\"https:\\\/\\\/www.miamibeachfl.gov\\\/wp-content\\\/uploads\\\/2022\\\/07\\\/hero-small.jpg\",\"contentUrl\":\"https:\\\/\\\/www.miamibeachfl.gov\\\/wp-content\\\/uploads\\\/2022\\\/07\\\/hero-small.jpg\"},{\"@type\":\"BreadcrumbList\",\"@id\":\"https:\\\/\\\/www.miamibeachfl.gov\\\/city-hall\\\/city-clerk\\\/city-commission-vacancy-group-iv\\\/#breadcrumb\",\"itemListElement\":[{\"@type\":\"ListItem\",\"position\":1,\"name\":\"Home\",\"item\":\"https:\\\/\\\/www.miamibeachfl.gov\\\/\"},{\"@type\":\"ListItem\",\"position\":2,\"name\":\"City Hall\",\"item\":\"https:\\\/\\\/www.miamibeachfl.gov\\\/city-hall\\\/\"},{\"@type\":\"ListItem\",\"position\":3,\"name\":\"City Clerk\",\"item\":\"https:\\\/\\\/www.miamibeachfl.gov\\\/city-hall\\\/city-clerk\\\/\"},{\"@type\":\"ListItem\",\"position\":4,\"name\":\"City Commission Vacancy Group IV\"}]},{\"@type\":\"WebSite\",\"@id\":\"https:\\\/\\\/www.miamibeachfl.gov\\\/#website\",\"url\":\"https:\\\/\\\/www.miamibeachfl.gov\\\/\",\"name\":\"City of Miami Beach\",\"description\":\"The official website of the City of Miami Beach. Stay informed, find important information on city services, news, alerts, events, trolley routes, government employment and more.\",\"publisher\":{\"@id\":\"https:\\\/\\\/www.miamibeachfl.gov\\\/#organization\"},\"potentialAction\":[{\"@type\":\"SearchAction\",\"target\":{\"@type\":\"EntryPoint\",\"urlTemplate\":\"https:\\\/\\\/www.miamibeachfl.gov\\\/?s={search_term_string}\"},\"query-input\":{\"@type\":\"PropertyValueSpecification\",\"valueRequired\":true,\"valueName\":\"search_term_string\"}}],\"inLanguage\":\"ht\"},{\"@type\":\"Organization\",\"@id\":\"https:\\\/\\\/www.miamibeachfl.gov\\\/#organization\",\"name\":\"City of Miami Beach\",\"url\":\"https:\\\/\\\/www.miamibeachfl.gov\\\/\",\"logo\":{\"@type\":\"ImageObject\",\"inLanguage\":\"ht\",\"@id\":\"https:\\\/\\\/www.miamibeachfl.gov\\\/#\\\/schema\\\/logo\\\/image\\\/\",\"url\":\"https:\\\/\\\/www.miamibeachfl.gov\\\/wp-content\\\/uploads\\\/2022\\\/06\\\/miamibeach-logoblue.png\",\"contentUrl\":\"https:\\\/\\\/www.miamibeachfl.gov\\\/wp-content\\\/uploads\\\/2022\\\/06\\\/miamibeach-logoblue.png\",\"width\":1962,\"height\":381,\"caption\":\"City of Miami Beach\"},\"image\":{\"@id\":\"https:\\\/\\\/www.miamibeachfl.gov\\\/#\\\/schema\\\/logo\\\/image\\\/\"},\"sameAs\":[\"https:\\\/\\\/www.facebook.com\\\/cityofmiamibeach\",\"https:\\\/\\\/x.com\\\/Miamibeachnews\",\"https:\\\/\\\/www.instagram.com\\\/miamibeachnews\\\/\"],\"description\":\"The official website of the City of Miami Beach. Stay informed, find important information on city services, news, alerts, events, trolley routes, government employment and more.\",\"telephone\":\"305.604.CITY(2489)\",\"legalName\":\"City of Miami Beach\"}]}<\/script>\n<!-- \/ Yoast SEO Premium plugin. -->","yoast_head_json":{"title":"Gwoup P\u00f2s Vakans Komisyon Vil la IV - Vil Miami Beach","description":"%","robots":{"index":"index","follow":"follow","max-snippet":"max-snippet:-1","max-image-preview":"max-image-preview:large","max-video-preview":"max-video-preview:-1"},"canonical":"https:\/\/www.miamibeachfl.gov\/ht\/city-hall\/city-clerk\/city-commission-vacancy-group-iv\/","og_locale":"ht_HT","og_type":"article","og_title":"City Commission Vacancy Group IV","og_description":"%","og_url":"https:\/\/www.miamibeachfl.gov\/ht\/city-hall\/city-clerk\/city-commission-vacancy-group-iv\/","og_site_name":"City of Miami Beach","article_publisher":"https:\/\/www.facebook.com\/cityofmiamibeach","article_modified_time":"2025-05-25T20:59:40+00:00","og_image":[{"url":"https:\/\/www.miamibeachfl.gov\/wp-content\/uploads\/2022\/07\/hero-small.jpg","type":"","width":"","height":""}],"twitter_card":"summary_large_image","twitter_site":"@Miamibeachnews","schema":{"@context":"https:\/\/schema.org","@graph":[{"@type":"WebPage","@id":"https:\/\/www.miamibeachfl.gov\/city-hall\/city-clerk\/city-commission-vacancy-group-iv\/","url":"https:\/\/www.miamibeachfl.gov\/city-hall\/city-clerk\/city-commission-vacancy-group-iv\/","name":"Gwoup P\u00f2s Vakans Komisyon Vil la IV - Vil Miami Beach","isPartOf":{"@id":"https:\/\/www.miamibeachfl.gov\/#website"},"primaryImageOfPage":{"@id":"https:\/\/www.miamibeachfl.gov\/city-hall\/city-clerk\/city-commission-vacancy-group-iv\/#primaryimage"},"image":{"@id":"https:\/\/www.miamibeachfl.gov\/city-hall\/city-clerk\/city-commission-vacancy-group-iv\/#primaryimage"},"thumbnailUrl":"https:\/\/www.miamibeachfl.gov\/wp-content\/uploads\/2022\/07\/hero-small.jpg","datePublished":"2018-12-19T18:24:50+00:00","dateModified":"2025-05-25T20:59:40+00:00","description":"%","breadcrumb":{"@id":"https:\/\/www.miamibeachfl.gov\/city-hall\/city-clerk\/city-commission-vacancy-group-iv\/#breadcrumb"},"inLanguage":"ht","potentialAction":[{"@type":"ReadAction","target":["https:\/\/www.miamibeachfl.gov\/city-hall\/city-clerk\/city-commission-vacancy-group-iv\/"]}]},{"@type":"ImageObject","inLanguage":"ht","@id":"https:\/\/www.miamibeachfl.gov\/city-hall\/city-clerk\/city-commission-vacancy-group-iv\/#primaryimage","url":"https:\/\/www.miamibeachfl.gov\/wp-content\/uploads\/2022\/07\/hero-small.jpg","contentUrl":"https:\/\/www.miamibeachfl.gov\/wp-content\/uploads\/2022\/07\/hero-small.jpg"},{"@type":"BreadcrumbList","@id":"https:\/\/www.miamibeachfl.gov\/city-hall\/city-clerk\/city-commission-vacancy-group-iv\/#breadcrumb","itemListElement":[{"@type":"ListItem","position":1,"name":"Home","item":"https:\/\/www.miamibeachfl.gov\/"},{"@type":"ListItem","position":2,"name":"City Hall","item":"https:\/\/www.miamibeachfl.gov\/city-hall\/"},{"@type":"ListItem","position":3,"name":"City Clerk","item":"https:\/\/www.miamibeachfl.gov\/city-hall\/city-clerk\/"},{"@type":"ListItem","position":4,"name":"City Commission Vacancy Group IV"}]},{"@type":"WebSite","@id":"https:\/\/www.miamibeachfl.gov\/#website","url":"https:\/\/www.miamibeachfl.gov\/","name":"Vil Miami Beach","description":"Sitw\u00e8b ofisy\u00e8l Vil Miami Beach la. Rete enf\u00f2me, jwenn enf\u00f2masyon enp\u00f2tan sou s\u00e8vis vil la, nouv\u00e8l, al\u00e8t, ev\u00e8nman, wout tramway, travay gouv\u00e8nman an ak plis ank\u00f2.","publisher":{"@id":"https:\/\/www.miamibeachfl.gov\/#organization"},"potentialAction":[{"@type":"SearchAction","target":{"@type":"EntryPoint","urlTemplate":"https:\/\/www.miamibeachfl.gov\/?s={search_term_string}"},"query-input":{"@type":"PropertyValueSpecification","valueRequired":true,"valueName":"search_term_string"}}],"inLanguage":"ht"},{"@type":"Organization","@id":"https:\/\/www.miamibeachfl.gov\/#organization","name":"Vil Miami Beach","url":"https:\/\/www.miamibeachfl.gov\/","logo":{"@type":"ImageObject","inLanguage":"ht","@id":"https:\/\/www.miamibeachfl.gov\/#\/schema\/logo\/image\/","url":"https:\/\/www.miamibeachfl.gov\/wp-content\/uploads\/2022\/06\/miamibeach-logoblue.png","contentUrl":"https:\/\/www.miamibeachfl.gov\/wp-content\/uploads\/2022\/06\/miamibeach-logoblue.png","width":1962,"height":381,"caption":"City of Miami Beach"},"image":{"@id":"https:\/\/www.miamibeachfl.gov\/#\/schema\/logo\/image\/"},"sameAs":["https:\/\/www.facebook.com\/cityofmiamibeach","https:\/\/x.com\/Miamibeachnews","https:\/\/www.instagram.com\/miamibeachnews\/"],"description":"Sitw\u00e8b ofisy\u00e8l Vil Miami Beach la. Rete enf\u00f2me, jwenn enf\u00f2masyon enp\u00f2tan sou s\u00e8vis vil la, nouv\u00e8l, al\u00e8t, ev\u00e8nman, wout tramway, travay gouv\u00e8nman an ak plis ank\u00f2.","telephone":"305.604.CITY(2489)","legalName":"City of Miami Beach"}]}},"_links":{"self":[{"href":"https:\/\/www.miamibeachfl.gov\/ht\/wp-json\/wp\/v2\/pages\/90833","targetHints":{"allow":["GET"]}}],"collection":[{"href":"https:\/\/www.miamibeachfl.gov\/ht\/wp-json\/wp\/v2\/pages"}],"about":[{"href":"https:\/\/www.miamibeachfl.gov\/ht\/wp-json\/wp\/v2\/types\/page"}],"author":[{"embeddable":true,"href":"https:\/\/www.miamibeachfl.gov\/ht\/wp-json\/wp\/v2\/users\/222"}],"replies":[{"embeddable":true,"href":"https:\/\/www.miamibeachfl.gov\/ht\/wp-json\/wp\/v2\/comments?post=90833"}],"version-history":[{"count":0,"href":"https:\/\/www.miamibeachfl.gov\/ht\/wp-json\/wp\/v2\/pages\/90833\/revisions"}],"up":[{"embeddable":true,"href":"https:\/\/www.miamibeachfl.gov\/ht\/wp-json\/wp\/v2\/pages\/28337"}],"wp:attachment":[{"href":"https:\/\/www.miamibeachfl.gov\/ht\/wp-json\/wp\/v2\/media?parent=90833"}],"wp:term":[{"taxonomy":"category","embeddable":true,"href":"https:\/\/www.miamibeachfl.gov\/ht\/wp-json\/wp\/v2\/categories?post=90833"},{"taxonomy":"post_tag","embeddable":true,"href":"https:\/\/www.miamibeachfl.gov\/ht\/wp-json\/wp\/v2\/tags?post=90833"}],"curies":[{"name":"wp","href":"https:\/\/api.w.org\/{rel}","templated":true}]}}