{"id":103477,"date":"2019-04-29T08:57:28","date_gmt":"2019-04-29T12:57:28","guid":{"rendered":"http:\/\/www.miamibeachfl.gov\/?page_id=103477"},"modified":"2026-04-03T13:54:03","modified_gmt":"2026-04-03T17:54:03","slug":"convention-center-park","status":"publish","type":"page","link":"https:\/\/www.miamibeachfl.gov\/pt\/residents\/neighborhood-affairs-division\/active-projects\/parks\/convention-center-park\/","title":{"rendered":"Parque do Centro de Conven\u00e7\u00f5es"},"content":{"rendered":"<h2>\n\t\t\tParque do Centro de Conven\u00e7\u00f5es\t<\/h2>\n\t<h3><img loading=\"lazy\" decoding=\"async\" src=\"http:\/\/www.miamibeachfl.gov\/wp-content\/uploads\/2019\/04\/MBCC-PARK-Rendering-1024x628.jpg\" alt=\"\" width=\"640\" height=\"393\" \/><\/h3>\n\n<h3>Fase do Projeto \u2013 Constru\u00e7\u00e3o<\/h3>\n<h4>Vis\u00e3o geral e benef\u00edcios do projeto<\/h4>\n<p>O aguardado projeto transformar\u00e1 o estacionamento localizado em frente ao Centro de Conven\u00e7\u00f5es de Miami Beach em um parque de 2,3 hectares com 500 novas \u00e1rvores e uma impressionante obra de arte p\u00fablica. O parque conta com gramados abertos, \u00e1reas de sombra, passarelas, ilumina\u00e7\u00e3o, um memorial aos veteranos, banheiros p\u00fablicos e uma \u00e1rea flex\u00edvel.<\/p>\n<h4>Equipe do Projeto<\/h4>\nSabrina Baglieri<br \/>\nPrefeitura de Miami Beach, Coordenador S\u00eanior de Projetos de Melhoria de Capital, Daniel Cevallos<br \/>\nCidade de Miami Beach, Coordenador de Projetos de Melhoria de Capital, Informa\u00e7\u00f5es P\u00fablicas<br \/>\nVanessa Vazquez, Especialista em Informa\u00e7\u00e3o P\u00fablica<br \/>\nTelefone: 305.673.7071<br \/>\nE-mail:\u00a0<a href=\"mailto:vanessavazquez@miamiebachfl.gov\">vanessavazquez@miamiebachfl.gov<\/a>\nArquiteto<br \/>\nFentress Architects Contractor<br \/>\nConstru\u00e7\u00e3o do Caminho Cr\u00edtico\n<p>&nbsp;<\/p>","protected":false},"excerpt":{"rendered":"<p>Convention Center Park Project Phase &#8211; Construction Project Overview and Benefits The highly anticipated project will transform the parking lot [&hellip;]<\/p>\n","protected":false},"author":222,"featured_media":0,"parent":28465,"menu_order":190,"comment_status":"closed","ping_status":"closed","template":"","meta":{"_searchwp_excluded":"","site-sidebar-layout":"default","site-content-layout":"","ast-site-content-layout":"default","site-content-style":"default","site-sidebar-style":"default","ast-global-header-display":"","ast-banner-title-visibility":"","ast-main-header-display":"","ast-hfb-above-header-display":"","ast-hfb-below-header-display":"","ast-hfb-mobile-header-display":"","site-post-title":"","ast-breadcrumbs-content":"","ast-featured-img":"","footer-sml-layout":"","theme-transparent-header-meta":"","adv-header-id-meta":"","stick-header-meta":"","header-above-stick-meta":"","header-main-stick-meta":"","header-below-stick-meta":"","astra-migrate-meta-layouts":"default","ast-page-background-enabled":"default","ast-page-background-meta":{"desktop":{"background-color":"var(--ast-global-color-5)","background-image":"","background-repeat":"repeat","background-position":"center center","background-size":"auto","background-attachment":"scroll","background-type":"","background-media":"","overlay-type":"","overlay-color":"","overlay-opacity":"","overlay-gradient":""},"tablet":{"background-color":"","background-image":"","background-repeat":"repeat","background-position":"center center","background-size":"auto","background-attachment":"scroll","background-type":"","background-media":"","overlay-type":"","overlay-color":"","overlay-opacity":"","overlay-gradient":""},"mobile":{"background-color":"","background-image":"","background-repeat":"repeat","background-position":"center center","background-size":"auto","background-attachment":"scroll","background-type":"","background-media":"","overlay-type":"","overlay-color":"","overlay-opacity":"","overlay-gradient":""}},"ast-content-background-meta":{"desktop":{"background-color":"var(--ast-global-color-4)","background-image":"","background-repeat":"repeat","background-position":"center center","background-size":"auto","background-attachment":"scroll","background-type":"","background-media":"","overlay-type":"","overlay-color":"","overlay-opacity":"","overlay-gradient":""},"tablet":{"background-color":"var(--ast-global-color-4)","background-image":"","background-repeat":"repeat","background-position":"center center","background-size":"auto","background-attachment":"scroll","background-type":"","background-media":"","overlay-type":"","overlay-color":"","overlay-opacity":"","overlay-gradient":""},"mobile":{"background-color":"var(--ast-global-color-4)","background-image":"","background-repeat":"repeat","background-position":"center center","background-size":"auto","background-attachment":"scroll","background-type":"","background-media":"","overlay-type":"","overlay-color":"","overlay-opacity":"","overlay-gradient":""}},"footnotes":""},"categories":[1892],"tags":[],"class_list":["post-103477","page","type-page","status-publish","hentry","category-city-project-for-review"],"yoast_head":"<!-- This site is optimized with the Yoast SEO Premium plugin v26.6 (Yoast SEO v26.6) - https:\/\/yoast.com\/wordpress\/plugins\/seo\/ -->\n<title>Convention Center Park - City of Miami Beach<\/title>\n<meta name=\"description\" content=\"%\" \/>\n<meta name=\"robots\" content=\"index, follow, max-snippet:-1, max-image-preview:large, max-video-preview:-1\" \/>\n<link rel=\"canonical\" href=\"https:\/\/www.miamibeachfl.gov\/pt\/residents\/neighborhood-affairs-division\/active-projects\/parks\/convention-center-park\/\" \/>\n<meta property=\"og:locale\" content=\"pt_BR\" \/>\n<meta property=\"og:type\" content=\"article\" \/>\n<meta property=\"og:title\" content=\"Convention Center Park\" \/>\n<meta property=\"og:description\" content=\"%\" \/>\n<meta property=\"og:url\" content=\"https:\/\/www.miamibeachfl.gov\/pt\/residents\/neighborhood-affairs-division\/active-projects\/parks\/convention-center-park\/\" \/>\n<meta property=\"og:site_name\" content=\"City of Miami Beach\" \/>\n<meta property=\"article:publisher\" content=\"https:\/\/www.facebook.com\/cityofmiamibeach\" \/>\n<meta property=\"article:modified_time\" content=\"2026-04-03T17:54:03+00:00\" \/>\n<meta property=\"og:image\" content=\"http:\/\/www.miamibeachfl.gov\/wp-content\/uploads\/2019\/04\/MBCC-PARK-Rendering-1024x628.jpg\" \/>\n<meta name=\"twitter:card\" content=\"summary_large_image\" \/>\n<meta name=\"twitter:site\" content=\"@Miamibeachnews\" \/>\n<script type=\"application\/ld+json\" class=\"yoast-schema-graph\">{\"@context\":\"https:\/\/schema.org\",\"@graph\":[{\"@type\":\"WebPage\",\"@id\":\"https:\/\/www.miamibeachfl.gov\/residents\/neighborhood-affairs-division\/active-projects\/parks\/convention-center-park\/\",\"url\":\"https:\/\/www.miamibeachfl.gov\/residents\/neighborhood-affairs-division\/active-projects\/parks\/convention-center-park\/\",\"name\":\"Convention Center Park - City of Miami Beach\",\"isPartOf\":{\"@id\":\"https:\/\/www.miamibeachfl.gov\/#website\"},\"primaryImageOfPage\":{\"@id\":\"https:\/\/www.miamibeachfl.gov\/residents\/neighborhood-affairs-division\/active-projects\/parks\/convention-center-park\/#primaryimage\"},\"image\":{\"@id\":\"https:\/\/www.miamibeachfl.gov\/residents\/neighborhood-affairs-division\/active-projects\/parks\/convention-center-park\/#primaryimage\"},\"thumbnailUrl\":\"http:\/\/www.miamibeachfl.gov\/wp-content\/uploads\/2019\/04\/MBCC-PARK-Rendering-1024x628.jpg\",\"datePublished\":\"2019-04-29T12:57:28+00:00\",\"dateModified\":\"2026-04-03T17:54:03+00:00\",\"description\":\"%\",\"breadcrumb\":{\"@id\":\"https:\/\/www.miamibeachfl.gov\/residents\/neighborhood-affairs-division\/active-projects\/parks\/convention-center-park\/#breadcrumb\"},\"inLanguage\":\"pt-BR\",\"potentialAction\":[{\"@type\":\"ReadAction\",\"target\":[\"https:\/\/www.miamibeachfl.gov\/residents\/neighborhood-affairs-division\/active-projects\/parks\/convention-center-park\/\"]}]},{\"@type\":\"ImageObject\",\"inLanguage\":\"pt-BR\",\"@id\":\"https:\/\/www.miamibeachfl.gov\/residents\/neighborhood-affairs-division\/active-projects\/parks\/convention-center-park\/#primaryimage\",\"url\":\"http:\/\/www.miamibeachfl.gov\/wp-content\/uploads\/2019\/04\/MBCC-PARK-Rendering-1024x628.jpg\",\"contentUrl\":\"http:\/\/www.miamibeachfl.gov\/wp-content\/uploads\/2019\/04\/MBCC-PARK-Rendering-1024x628.jpg\"},{\"@type\":\"BreadcrumbList\",\"@id\":\"https:\/\/www.miamibeachfl.gov\/residents\/neighborhood-affairs-division\/active-projects\/parks\/convention-center-park\/#breadcrumb\",\"itemListElement\":[{\"@type\":\"ListItem\",\"position\":1,\"name\":\"Home\",\"item\":\"https:\/\/www.miamibeachfl.gov\/\"},{\"@type\":\"ListItem\",\"position\":2,\"name\":\"Residents\",\"item\":\"https:\/\/www.miamibeachfl.gov\/residents\/\"},{\"@type\":\"ListItem\",\"position\":3,\"name\":\"Neighborhood Affairs Division\",\"item\":\"https:\/\/www.miamibeachfl.gov\/residents\/neighborhood-affairs-division\/\"},{\"@type\":\"ListItem\",\"position\":4,\"name\":\"Active Projects\",\"item\":\"https:\/\/www.miamibeachfl.gov\/residents\/neighborhood-affairs-division\/active-projects\/\"},{\"@type\":\"ListItem\",\"position\":5,\"name\":\"Parks\",\"item\":\"https:\/\/www.miamibeachfl.gov\/residents\/neighborhood-affairs-division\/active-projects\/parks\/\"},{\"@type\":\"ListItem\",\"position\":6,\"name\":\"Convention Center Park\"}]},{\"@type\":\"WebSite\",\"@id\":\"https:\/\/www.miamibeachfl.gov\/#website\",\"url\":\"https:\/\/www.miamibeachfl.gov\/\",\"name\":\"City of Miami Beach\",\"description\":\"The official website of the City of Miami Beach. Stay informed, find important information on city services, news, alerts, events, trolley routes, government employment and more.\",\"publisher\":{\"@id\":\"https:\/\/www.miamibeachfl.gov\/#organization\"},\"potentialAction\":[{\"@type\":\"SearchAction\",\"target\":{\"@type\":\"EntryPoint\",\"urlTemplate\":\"https:\/\/www.miamibeachfl.gov\/?s={search_term_string}\"},\"query-input\":{\"@type\":\"PropertyValueSpecification\",\"valueRequired\":true,\"valueName\":\"search_term_string\"}}],\"inLanguage\":\"pt-BR\"},{\"@type\":\"Organization\",\"@id\":\"https:\/\/www.miamibeachfl.gov\/#organization\",\"name\":\"City of Miami Beach\",\"url\":\"https:\/\/www.miamibeachfl.gov\/\",\"logo\":{\"@type\":\"ImageObject\",\"inLanguage\":\"pt-BR\",\"@id\":\"https:\/\/www.miamibeachfl.gov\/#\/schema\/logo\/image\/\",\"url\":\"https:\/\/www.miamibeachfl.gov\/wp-content\/uploads\/2022\/06\/miamibeach-logoblue.png\",\"contentUrl\":\"https:\/\/www.miamibeachfl.gov\/wp-content\/uploads\/2022\/06\/miamibeach-logoblue.png\",\"width\":1962,\"height\":381,\"caption\":\"City of Miami Beach\"},\"image\":{\"@id\":\"https:\/\/www.miamibeachfl.gov\/#\/schema\/logo\/image\/\"},\"sameAs\":[\"https:\/\/www.facebook.com\/cityofmiamibeach\",\"https:\/\/x.com\/Miamibeachnews\",\"https:\/\/www.instagram.com\/miamibeachnews\/\"],\"description\":\"The official website of the City of Miami Beach. Stay informed, find important information on city services, news, alerts, events, trolley routes, government employment and more.\",\"telephone\":\"305.604.CITY(2489)\",\"legalName\":\"City of Miami Beach\"}]}<\/script>\n<!-- \/ Yoast SEO Premium plugin. -->","yoast_head_json":{"title":"Parque do Centro de Conven\u00e7\u00f5es - Cidade de Miami Beach","description":"%","robots":{"index":"index","follow":"follow","max-snippet":"max-snippet:-1","max-image-preview":"max-image-preview:large","max-video-preview":"max-video-preview:-1"},"canonical":"https:\/\/www.miamibeachfl.gov\/pt\/residents\/neighborhood-affairs-division\/active-projects\/parks\/convention-center-park\/","og_locale":"pt_BR","og_type":"article","og_title":"Convention Center Park","og_description":"%","og_url":"https:\/\/www.miamibeachfl.gov\/pt\/residents\/neighborhood-affairs-division\/active-projects\/parks\/convention-center-park\/","og_site_name":"City of Miami Beach","article_publisher":"https:\/\/www.facebook.com\/cityofmiamibeach","article_modified_time":"2026-04-03T17:54:03+00:00","og_image":[{"url":"http:\/\/www.miamibeachfl.gov\/wp-content\/uploads\/2019\/04\/MBCC-PARK-Rendering-1024x628.jpg","type":"","width":"","height":""}],"twitter_card":"summary_large_image","twitter_site":"@Miamibeachnews","schema":{"@context":"https:\/\/schema.org","@graph":[{"@type":"WebPage","@id":"https:\/\/www.miamibeachfl.gov\/residents\/neighborhood-affairs-division\/active-projects\/parks\/convention-center-park\/","url":"https:\/\/www.miamibeachfl.gov\/residents\/neighborhood-affairs-division\/active-projects\/parks\/convention-center-park\/","name":"Parque do Centro de Conven\u00e7\u00f5es - Cidade de Miami Beach","isPartOf":{"@id":"https:\/\/www.miamibeachfl.gov\/#website"},"primaryImageOfPage":{"@id":"https:\/\/www.miamibeachfl.gov\/residents\/neighborhood-affairs-division\/active-projects\/parks\/convention-center-park\/#primaryimage"},"image":{"@id":"https:\/\/www.miamibeachfl.gov\/residents\/neighborhood-affairs-division\/active-projects\/parks\/convention-center-park\/#primaryimage"},"thumbnailUrl":"http:\/\/www.miamibeachfl.gov\/wp-content\/uploads\/2019\/04\/MBCC-PARK-Rendering-1024x628.jpg","datePublished":"2019-04-29T12:57:28+00:00","dateModified":"2026-04-03T17:54:03+00:00","description":"%","breadcrumb":{"@id":"https:\/\/www.miamibeachfl.gov\/residents\/neighborhood-affairs-division\/active-projects\/parks\/convention-center-park\/#breadcrumb"},"inLanguage":"pt-BR","potentialAction":[{"@type":"ReadAction","target":["https:\/\/www.miamibeachfl.gov\/residents\/neighborhood-affairs-division\/active-projects\/parks\/convention-center-park\/"]}]},{"@type":"ImageObject","inLanguage":"pt-BR","@id":"https:\/\/www.miamibeachfl.gov\/residents\/neighborhood-affairs-division\/active-projects\/parks\/convention-center-park\/#primaryimage","url":"http:\/\/www.miamibeachfl.gov\/wp-content\/uploads\/2019\/04\/MBCC-PARK-Rendering-1024x628.jpg","contentUrl":"http:\/\/www.miamibeachfl.gov\/wp-content\/uploads\/2019\/04\/MBCC-PARK-Rendering-1024x628.jpg"},{"@type":"BreadcrumbList","@id":"https:\/\/www.miamibeachfl.gov\/residents\/neighborhood-affairs-division\/active-projects\/parks\/convention-center-park\/#breadcrumb","itemListElement":[{"@type":"ListItem","position":1,"name":"Home","item":"https:\/\/www.miamibeachfl.gov\/"},{"@type":"ListItem","position":2,"name":"Residents","item":"https:\/\/www.miamibeachfl.gov\/residents\/"},{"@type":"ListItem","position":3,"name":"Neighborhood Affairs Division","item":"https:\/\/www.miamibeachfl.gov\/residents\/neighborhood-affairs-division\/"},{"@type":"ListItem","position":4,"name":"Active Projects","item":"https:\/\/www.miamibeachfl.gov\/residents\/neighborhood-affairs-division\/active-projects\/"},{"@type":"ListItem","position":5,"name":"Parks","item":"https:\/\/www.miamibeachfl.gov\/residents\/neighborhood-affairs-division\/active-projects\/parks\/"},{"@type":"ListItem","position":6,"name":"Convention Center Park"}]},{"@type":"WebSite","@id":"https:\/\/www.miamibeachfl.gov\/#website","url":"https:\/\/www.miamibeachfl.gov\/","name":"Cidade de Miami Beach","description":"Site oficial da cidade de Miami Beach. Mantenha-se informado e encontre informa\u00e7\u00f5es importantes sobre servi\u00e7os municipais, not\u00edcias, alertas, eventos, rotas de bonde, empregos p\u00fablicos e muito mais.","publisher":{"@id":"https:\/\/www.miamibeachfl.gov\/#organization"},"potentialAction":[{"@type":"SearchAction","target":{"@type":"EntryPoint","urlTemplate":"https:\/\/www.miamibeachfl.gov\/?s={search_term_string}"},"query-input":{"@type":"PropertyValueSpecification","valueRequired":true,"valueName":"search_term_string"}}],"inLanguage":"pt-BR"},{"@type":"Organization","@id":"https:\/\/www.miamibeachfl.gov\/#organization","name":"Cidade de Miami Beach","url":"https:\/\/www.miamibeachfl.gov\/","logo":{"@type":"ImageObject","inLanguage":"pt-BR","@id":"https:\/\/www.miamibeachfl.gov\/#\/schema\/logo\/image\/","url":"https:\/\/www.miamibeachfl.gov\/wp-content\/uploads\/2022\/06\/miamibeach-logoblue.png","contentUrl":"https:\/\/www.miamibeachfl.gov\/wp-content\/uploads\/2022\/06\/miamibeach-logoblue.png","width":1962,"height":381,"caption":"City of Miami Beach"},"image":{"@id":"https:\/\/www.miamibeachfl.gov\/#\/schema\/logo\/image\/"},"sameAs":["https:\/\/www.facebook.com\/cityofmiamibeach","https:\/\/x.com\/Miamibeachnews","https:\/\/www.instagram.com\/miamibeachnews\/"],"description":"Site oficial da cidade de Miami Beach. Mantenha-se informado e encontre informa\u00e7\u00f5es importantes sobre servi\u00e7os municipais, not\u00edcias, alertas, eventos, rotas de bonde, empregos p\u00fablicos e muito mais.","telephone":"305.604.CITY(2489)","legalName":"City of Miami Beach"}]}},"_links":{"self":[{"href":"https:\/\/www.miamibeachfl.gov\/pt\/wp-json\/wp\/v2\/pages\/103477","targetHints":{"allow":["GET"]}}],"collection":[{"href":"https:\/\/www.miamibeachfl.gov\/pt\/wp-json\/wp\/v2\/pages"}],"about":[{"href":"https:\/\/www.miamibeachfl.gov\/pt\/wp-json\/wp\/v2\/types\/page"}],"author":[{"embeddable":true,"href":"https:\/\/www.miamibeachfl.gov\/pt\/wp-json\/wp\/v2\/users\/222"}],"replies":[{"embeddable":true,"href":"https:\/\/www.miamibeachfl.gov\/pt\/wp-json\/wp\/v2\/comments?post=103477"}],"version-history":[{"count":1,"href":"https:\/\/www.miamibeachfl.gov\/pt\/wp-json\/wp\/v2\/pages\/103477\/revisions"}],"predecessor-version":[{"id":375220,"href":"https:\/\/www.miamibeachfl.gov\/pt\/wp-json\/wp\/v2\/pages\/103477\/revisions\/375220"}],"up":[{"embeddable":true,"href":"https:\/\/www.miamibeachfl.gov\/pt\/wp-json\/wp\/v2\/pages\/28465"}],"wp:attachment":[{"href":"https:\/\/www.miamibeachfl.gov\/pt\/wp-json\/wp\/v2\/media?parent=103477"}],"wp:term":[{"taxonomy":"category","embeddable":true,"href":"https:\/\/www.miamibeachfl.gov\/pt\/wp-json\/wp\/v2\/categories?post=103477"},{"taxonomy":"post_tag","embeddable":true,"href":"https:\/\/www.miamibeachfl.gov\/pt\/wp-json\/wp\/v2\/tags?post=103477"}],"curies":[{"name":"wp","href":"https:\/\/api.w.org\/{rel}","templated":true}]}}