{"id":110075,"date":"2019-07-16T09:13:04","date_gmt":"2019-07-16T13:13:04","guid":{"rendered":"http:\/\/www.miamibeachfl.gov\/?page_id=110075"},"modified":"2026-01-07T11:24:12","modified_gmt":"2026-01-07T16:24:12","slug":"sobecats","status":"publish","type":"page","link":"https:\/\/www.miamibeachfl.gov\/pt\/city-hall\/public-works\/sobecats\/","title":{"rendered":"Programa Comunit\u00e1rio para Gatos de Miami Beach"},"content":{"rendered":"<img decoding=\"async\" src=\"https:\/\/www.miamibeachfl.gov\/wp-content\/uploads\/2022\/07\/hero-small.jpg\" alt=\"ocean drive art deco buildings\" itemprop=\"image\" height=\"211\" width=\"2395\" title=\"her\u00f3i-pequeno\" onerror=\"this.style.display='none'\" loading=\"lazy\" \/>\n<h1>\n\t\t\tPrograma Comunit\u00e1rio para Gatos de Miami Beach\t<\/h1>\n\t<nav id=\"breadcrumbs\" aria-label=\"Migalhas de p\u00e3o\"><a href=\"https:\/\/www.miamibeachfl.gov\/pt\/\">Lar<\/a> &gt; <a href=\"https:\/\/www.miamibeachfl.gov\/pt\/city-hall\/\">Prefeitura<\/a> &gt; <a href=\"https:\/\/www.miamibeachfl.gov\/pt\/city-hall\/public-works\/\">Obras p\u00fablicas<\/a> &gt; <strong>Programa Comunit\u00e1rio para Gatos de Miami Beach<\/strong><\/nav>\n\t<p>A cidade de Miami Beach fez parceria com a SoBe Cats Spay &amp; Neuter, Inc. para gerenciar humanamente a popula\u00e7\u00e3o de gatos comunit\u00e1rios da nossa cidade por meio de uma abordagem tripla:<\/p>\n<ol>\n<li><u><strong>Captura, Castra\u00e7\u00e3o, Vacina\u00e7\u00e3o e Retorno (TNVR)<\/strong>:<\/u> Ajudamos a facilitar eventos do TNVR com ca\u00e7adores volunt\u00e1rios locais para gatos da comunidade que n\u00e3o podem ser adotados. O Kitty Campus, o Saving Sage Animal Rescue, o Sobe Cats, a Operation Paw e a cl\u00ednica m\u00f3vel Miami-Dade Animal Services s\u00e3o parceiros que auxiliam a cidade nesses esfor\u00e7os.<strong><br \/>\n<a href=\"https:\/\/form.jotform.com\/SoBeCats\/TNVRRequest\">Solicita\u00e7\u00e3o TNVR (clique aqui)<\/a><\/strong><\/li>\n<li><strong>Ado\u00e7\u00e3o:<\/strong> Castramos e esterilizamos gatinhos d\u00f3ceis e adot\u00e1veis em nosso programa de ado\u00e7\u00e3o no Kitty Campus para que possamos encontrar um lar amoroso e tir\u00e1-los das ruas. Os gatinhos adot\u00e1veis passam por um breve processo de quarentena, onde s\u00e3o vermifugados, vacinados, recebem medica\u00e7\u00e3o contra pulgas, etc.<br \/>\n<strong><a href=\"https:\/\/linktr.ee\/kittycampusadoption\">GATINHOS PARA ADO\u00c7\u00c3O, INSCRI\u00c7\u00c3O E CONTRATO (clique aqui)<\/a><\/strong><\/li>\n<li><u><strong>Programa de Alimentadores Registrados<\/strong>:<\/u> Ajudamos nossos gatos comunit\u00e1rios a viverem humanamente ao ar livre por meio do nosso Programa de Alimentadores Registrados. Nossos alimentadores s\u00e3o parte integrante do programa TNVR, pois n\u00e3o apenas alimentam e fornecem \u00e1gua fresca aos gatos, mas tamb\u00e9m ajudam a monitorar as col\u00f4nias de gatos. Os alimentadores seguem as melhores pr\u00e1ticas para educar sobre as op\u00e7\u00f5es e t\u00e9cnicas de TNVR, para que possamos garantir que o gato seja castrado e vacinado.<\/li>\n<\/ol>\n<h2><strong>Ajude-nos a controlar a popula\u00e7\u00e3o de gatos em seu bairro seguindo estas regras:<\/strong><\/h2>\n<ul>\n<li>Cadastre-se para se tornar um alimentador ou ca\u00e7ador. Ajudamos a treinar e educar volunt\u00e1rios sobre as melhores pr\u00e1ticas para trabalhar com gatos comunit\u00e1rios.<\/li>\n<li>N\u00e3o \u00e9 permitido invadir propriedade privada ao alimentar gatos.<\/li>\n<li>Mantenha as \u00e1reas de alimenta\u00e7\u00e3o limpas e fora da vista, deixando a comida por no m\u00e1ximo uma hora.<\/li>\n<li>Informe novos gatos para Captura-Castra\u00e7\u00e3o-Vacina\u00e7\u00e3o-Devolu\u00e7\u00e3o (TNVR). Gatos castrados\/esterilizados podem ser identificados por um &quot;corte&quot; na orelha esquerda.<\/li>\n<li>Para impedir que os gatos entrem em sua propriedade, os repelentes naturais incluem cascas frescas de laranja e lim\u00e3o, fragr\u00e2ncias com aroma c\u00edtrico, borra de caf\u00e9, vinagre, tabaco de cachimbo, al\u00e9m de \u00f3leos de lavanda, capim-lim\u00e3o, citronela e eucalipto.<\/li>\n<\/ul>\n<h3><strong>Volunt\u00e1rios registrados s\u00e3o sempre necess\u00e1rios!<\/strong><\/h3>\n<ul>\n<li>Voc\u00ea pode ser volunt\u00e1rio no Kitty Campus, como alimentador e\/ou ca\u00e7ador registrado.<\/li>\n<li>Alimentadores registrados s\u00e3o a chave para o nosso sucesso, pois os gatos se re\u00fanem em torno dos locais de alimenta\u00e7\u00e3o, facilitando a captura, o tratamento e o monitoramento de suas popula\u00e7\u00f5es.<\/li>\n<li>Os alimentadores s\u00e3o os primeiros a identificar gatos que precisam ser castrados e a localizar novas ninhadas de gatinhos enquanto eles ainda s\u00e3o jovens o suficiente para serem adotados.<\/li>\n<\/ul>\n<p>Para se tornar um alimentador\/ca\u00e7ador volunt\u00e1rio registrado, envie um e-mail para <strong><a href=\"mailto:info@SoBeCats.org\">info@SoBeCats.org<\/a>.<\/strong><\/p>\n<p>Para doar, visite <strong><a href=\"http:\/\/www.sobecatsspayandneuter.org\">www.sobecatsspayandneuter.org.<\/a><\/strong><\/p>\n<p><a href=\"https:\/\/www.miamidade.gov\/global\/animals\/home.page\"><strong>Clique aqui para visitar os Servi\u00e7os Animais do Condado de Miami-Dade.<\/strong><\/a><\/p>\n<h3><strong>O Departamento de Servi\u00e7os Animais do Condado de Miami-Dade aconselha \u201cN\u00e3o tire sonecas dos gatinhos\u201d nesta temporada de gatinhos<\/strong><\/h3>\n<p><img loading=\"lazy\" decoding=\"async\" src=\"https:\/\/www.miamibeachfl.gov\/wp-content\/uploads\/2024\/06\/Kitten-Flyer.jpeg\" alt=\"Kitten Flyer\" width=\"500\" height=\"500\" \/><\/p>\n<p>Na maioria dos casos, gatinhos rec\u00e9m-nascidos n\u00e3o precisam de interven\u00e7\u00e3o humana e, de fato, a ado\u00e7\u00e3o inadvertida desses gatinhos muito jovens resulta em gatinhos \u00f3rf\u00e3os com poucas chances de sobreviv\u00eancia sem a m\u00e3e. \u00c9 sempre melhor manter a m\u00e3e e os gatinhos juntos para garantir que eles possam prosperar; pelo menos at\u00e9 que estejam se alimentando sozinhos e possam ser levados com seguran\u00e7a para socializa\u00e7\u00e3o e ado\u00e7\u00e3o. Devido aos cuidados 24 horas por dia que os gatinhos neonatais exigem, a taxa de mortalidade desses gatinhos rec\u00e9m-nascidos \u00e9 muito alta. Contamos com volunt\u00e1rios para dar aos gatinhos neonatais \u00f3rf\u00e3os os cuidados de que precisam para sobreviver. Se voc\u00ea gostaria de se tornar um volunt\u00e1rio ou lar tempor\u00e1rio, ou denunciar gatinhos, entre em contato conosco.<strong> <a href=\"mailto:info@sobecats.org\">info@sobecats.org<\/a><\/strong><\/p>\n<p>Se voc\u00ea encontrar uma ninhada de gatinhos, os moradores devem se lembrar de:<\/p>\n<ol>\n<li>Deixe-os onde est\u00e3o, a menos que pare\u00e7am estar em perigo. N\u00e3o interfira com os gatinhos, pois isso pode causar estresse \u00e0 m\u00e3e. Se quiser ajudar, considere fornecer comida e \u00e1gua para a m\u00e3e, a uma boa dist\u00e2ncia do ninho.<\/li>\n<li>Se os gatinhos estiverem em perigo imediato, como embaixo de um carro ou em uma \u00e1rea inundada, encontre um local seguro pr\u00f3ximo para realoc\u00e1-los. <u>Se voc\u00ea precisar mov\u00ea-los, certifique-se de que eles ainda estejam pr\u00f3ximos o suficiente para que a m\u00e3e os encontre.<\/u><\/li>\n<li>Observe os gatinhos \u00e0 dist\u00e2ncia. <u>A m\u00e3e provavelmente est\u00e1 procurando comida e retornar\u00e1 para cuidar dos filhotes.<\/u><\/li>\n<li>Se voc\u00ea observou os gatinhos por 24 horas e tem certeza de que a m\u00e3e n\u00e3o retornar\u00e1, voc\u00ea pode intervir e cuidar deles. Para todos os recursos relacionados a gatinhos, consulte <strong><a href=\"https:\/\/www.kittenlady.org\">https:\/\/www.kittenlady.org\/<\/a><\/strong><\/li>\n<li>Se voc\u00ea encontrar gatinhos comendo sozinhos, entre em contato com a SoBe Cats, com o Coordenador do Programa de Gatos de Miami Beach ou com um abrigo local.<\/li>\n<\/ol>\n<p>O SoBe Cats Kitty Campus \u00e9 um abrigo de resgate 501C3 que n\u00e3o permite abates e deve ter uma POL\u00cdTICA DE ADMISS\u00c3O LIMITADA para poder oferecer a qualidade de cuidado que cada gatinho precisa para uma sa\u00fade ideal. O Kitty Campus jamais sacrificar\u00e1 um gato por falta de espa\u00e7o, problemas comportamentais ou doen\u00e7as trat\u00e1veis.<\/p>\n<p>Se voc\u00ea encontrou gatinhos, envie um e-mail <strong><a href=\"mailto:info@sobecats.org\">info@sobecats.org.<\/a><\/strong> O Kitty Campus n\u00e3o aceita gatinhos\/gatos sem hora marcada, pois h\u00e1 uma lista de espera sendo preenchida.<\/p>\n<p>&nbsp;<\/p>\n\t<p>Texto<\/p>\n\t\tNavegar para\u2026\t\t\t\n\t\t\t\t\t<ul id=\"menu-public-works-menu\"><li id=\"menu-item-364156\"><a href=\"\/pt\/ada\/\">Informa\u00e7\u00f5es sobre ADA<\/a><\/li>\n<li id=\"menu-item-364157\"><a href=\"\/pt\/city-hall\/public-works\/elevator-division\/\">Divis\u00e3o de Elevadores<\/a><\/li>\n<li id=\"menu-item-364158\"><a href=\"\/pt\/city-hall\/public-works\/engineering-division\/\">Divis\u00e3o de Engenharia<\/a><\/li>\n<li id=\"menu-item-364159\"><a href=\"\/pt\/city-hall\/public-works\/geographical-information-systems\/\">Sistemas de Informa\u00e7\u00e3o Geogr\u00e1fica<\/a><\/li>\n<li id=\"menu-item-364160\"><a href=\"\/pt\/city-hall\/public-works\/green-space-management-division\/\">Gest\u00e3o de Espa\u00e7os Verdes<\/a><\/li>\n<li id=\"menu-item-364161\"><a href=\"\/pt\/city-hall\/public-works\/manual-standards\/\">Padr\u00f5es Manuais<\/a><\/li>\n<li id=\"menu-item-364162\"><a href=\"\/pt\/city-hall\/public-works\/operations-division\/\">Divis\u00e3o de Opera\u00e7\u00f5es<\/a><\/li>\n<li id=\"menu-item-364163\"><a href=\"\/pt\/city-hall\/public-works\/process-workflows-and-checklists\/\">Fluxos de trabalho e listas de verifica\u00e7\u00e3o do processo de permiss\u00e3o<\/a><\/li>\n<li id=\"menu-item-364164\"><a href=\"\/pt\/city-hall\/public-works\/permitting-faq-4\/\">Perguntas frequentes sobre autoriza\u00e7\u00e3o<\/a><\/li>\n<li id=\"menu-item-364165\"><a href=\"\/pt\/city-hall\/public-works\/sanitation-division\/\">Divis\u00e3o de Saneamento<\/a><\/li>\n<li id=\"menu-item-364166\"><a href=\"\/pt\/city-hall\/public-works\/utility-rates\/\">Estruturas de tarifas de servi\u00e7os p\u00fablicos<\/a><\/li>\n<\/ul>\t\n\t<div class=\"page-navigation\"><a class=\"prev-page\" href=\"https:\/\/www.miamibeachfl.gov\/pt\/city-hall\/public-works\/operations-division\/\">\u2190 Divis\u00e3o de Opera\u00e7\u00f5es<\/a> <a class=\"next-page\" href=\"https:\/\/www.miamibeachfl.gov\/pt\/city-hall\/public-works\/process-workflows-and-checklists\/\">Fluxos de trabalho e listas de verifica\u00e7\u00e3o do processo de permiss\u00e3o \u2192<\/a><\/div>","protected":false},"excerpt":{"rendered":"<p>Miami Beach Community Cat Program Home &gt; City Hall &gt; Public Works &gt; Miami Beach Community Cat Program The City [&hellip;]<\/p>\n","protected":false},"author":222,"featured_media":0,"parent":28931,"menu_order":79,"comment_status":"closed","ping_status":"closed","template":"","meta":{"_searchwp_excluded":"","site-sidebar-layout":"default","site-content-layout":"","ast-site-content-layout":"default","site-content-style":"default","site-sidebar-style":"default","ast-global-header-display":"","ast-banner-title-visibility":"","ast-main-header-display":"","ast-hfb-above-header-display":"","ast-hfb-below-header-display":"","ast-hfb-mobile-header-display":"","site-post-title":"","ast-breadcrumbs-content":"","ast-featured-img":"","footer-sml-layout":"","theme-transparent-header-meta":"","adv-header-id-meta":"","stick-header-meta":"","header-above-stick-meta":"","header-main-stick-meta":"","header-below-stick-meta":"","astra-migrate-meta-layouts":"default","ast-page-background-enabled":"default","ast-page-background-meta":{"desktop":{"background-color":"var(--ast-global-color-5)","background-image":"","background-repeat":"repeat","background-position":"center center","background-size":"auto","background-attachment":"scroll","background-type":"","background-media":"","overlay-type":"","overlay-color":"","overlay-opacity":"","overlay-gradient":""},"tablet":{"background-color":"","background-image":"","background-repeat":"repeat","background-position":"center center","background-size":"auto","background-attachment":"scroll","background-type":"","background-media":"","overlay-type":"","overlay-color":"","overlay-opacity":"","overlay-gradient":""},"mobile":{"background-color":"","background-image":"","background-repeat":"repeat","background-position":"center center","background-size":"auto","background-attachment":"scroll","background-type":"","background-media":"","overlay-type":"","overlay-color":"","overlay-opacity":"","overlay-gradient":""}},"ast-content-background-meta":{"desktop":{"background-color":"var(--ast-global-color-4)","background-image":"","background-repeat":"repeat","background-position":"center center","background-size":"auto","background-attachment":"scroll","background-type":"","background-media":"","overlay-type":"","overlay-color":"","overlay-opacity":"","overlay-gradient":""},"tablet":{"background-color":"var(--ast-global-color-4)","background-image":"","background-repeat":"repeat","background-position":"center center","background-size":"auto","background-attachment":"scroll","background-type":"","background-media":"","overlay-type":"","overlay-color":"","overlay-opacity":"","overlay-gradient":""},"mobile":{"background-color":"var(--ast-global-color-4)","background-image":"","background-repeat":"repeat","background-position":"center center","background-size":"auto","background-attachment":"scroll","background-type":"","background-media":"","overlay-type":"","overlay-color":"","overlay-opacity":"","overlay-gradient":""}},"footnotes":""},"categories":[],"tags":[],"class_list":["post-110075","page","type-page","status-publish","hentry"],"yoast_head":"<!-- This site is optimized with the Yoast SEO Premium plugin v27.4 (Yoast SEO v27.4) - https:\/\/yoast.com\/product\/yoast-seo-premium-wordpress\/ -->\n<title>Miami Beach Community Cat Program - City of Miami Beach<\/title>\n<meta name=\"description\" content=\"%\" \/>\n<meta name=\"robots\" content=\"index, follow, max-snippet:-1, max-image-preview:large, max-video-preview:-1\" \/>\n<link rel=\"canonical\" href=\"https:\/\/www.miamibeachfl.gov\/pt\/city-hall\/public-works\/sobecats\/\" \/>\n<meta property=\"og:locale\" content=\"pt_BR\" \/>\n<meta property=\"og:type\" content=\"article\" \/>\n<meta property=\"og:title\" content=\"Miami Beach Community Cat Program\" \/>\n<meta property=\"og:description\" content=\"%\" \/>\n<meta property=\"og:url\" content=\"https:\/\/www.miamibeachfl.gov\/pt\/city-hall\/public-works\/sobecats\/\" \/>\n<meta property=\"og:site_name\" content=\"City of Miami Beach\" \/>\n<meta property=\"article:publisher\" content=\"https:\/\/www.facebook.com\/cityofmiamibeach\" \/>\n<meta property=\"article:modified_time\" content=\"2026-01-07T16:24:12+00:00\" \/>\n<meta property=\"og:image\" content=\"https:\/\/www.miamibeachfl.gov\/wp-content\/uploads\/2022\/07\/hero-small.jpg\" \/>\n<meta name=\"twitter:card\" content=\"summary_large_image\" \/>\n<meta name=\"twitter:site\" content=\"@Miamibeachnews\" \/>\n<script type=\"application\/ld+json\" class=\"yoast-schema-graph\">{\"@context\":\"https:\\\/\\\/schema.org\",\"@graph\":[{\"@type\":\"WebPage\",\"@id\":\"https:\\\/\\\/www.miamibeachfl.gov\\\/city-hall\\\/public-works\\\/sobecats\\\/\",\"url\":\"https:\\\/\\\/www.miamibeachfl.gov\\\/city-hall\\\/public-works\\\/sobecats\\\/\",\"name\":\"Miami Beach Community Cat Program - City of Miami Beach\",\"isPartOf\":{\"@id\":\"https:\\\/\\\/www.miamibeachfl.gov\\\/#website\"},\"primaryImageOfPage\":{\"@id\":\"https:\\\/\\\/www.miamibeachfl.gov\\\/city-hall\\\/public-works\\\/sobecats\\\/#primaryimage\"},\"image\":{\"@id\":\"https:\\\/\\\/www.miamibeachfl.gov\\\/city-hall\\\/public-works\\\/sobecats\\\/#primaryimage\"},\"thumbnailUrl\":\"https:\\\/\\\/www.miamibeachfl.gov\\\/wp-content\\\/uploads\\\/2022\\\/07\\\/hero-small.jpg\",\"datePublished\":\"2019-07-16T13:13:04+00:00\",\"dateModified\":\"2026-01-07T16:24:12+00:00\",\"description\":\"%\",\"breadcrumb\":{\"@id\":\"https:\\\/\\\/www.miamibeachfl.gov\\\/city-hall\\\/public-works\\\/sobecats\\\/#breadcrumb\"},\"inLanguage\":\"pt-BR\",\"potentialAction\":[{\"@type\":\"ReadAction\",\"target\":[\"https:\\\/\\\/www.miamibeachfl.gov\\\/city-hall\\\/public-works\\\/sobecats\\\/\"]}]},{\"@type\":\"ImageObject\",\"inLanguage\":\"pt-BR\",\"@id\":\"https:\\\/\\\/www.miamibeachfl.gov\\\/city-hall\\\/public-works\\\/sobecats\\\/#primaryimage\",\"url\":\"https:\\\/\\\/www.miamibeachfl.gov\\\/wp-content\\\/uploads\\\/2022\\\/07\\\/hero-small.jpg\",\"contentUrl\":\"https:\\\/\\\/www.miamibeachfl.gov\\\/wp-content\\\/uploads\\\/2022\\\/07\\\/hero-small.jpg\"},{\"@type\":\"BreadcrumbList\",\"@id\":\"https:\\\/\\\/www.miamibeachfl.gov\\\/city-hall\\\/public-works\\\/sobecats\\\/#breadcrumb\",\"itemListElement\":[{\"@type\":\"ListItem\",\"position\":1,\"name\":\"Home\",\"item\":\"https:\\\/\\\/www.miamibeachfl.gov\\\/\"},{\"@type\":\"ListItem\",\"position\":2,\"name\":\"City Hall\",\"item\":\"https:\\\/\\\/www.miamibeachfl.gov\\\/city-hall\\\/\"},{\"@type\":\"ListItem\",\"position\":3,\"name\":\"Public Works\",\"item\":\"https:\\\/\\\/www.miamibeachfl.gov\\\/city-hall\\\/public-works\\\/\"},{\"@type\":\"ListItem\",\"position\":4,\"name\":\"Miami Beach Community Cat Program\"}]},{\"@type\":\"WebSite\",\"@id\":\"https:\\\/\\\/www.miamibeachfl.gov\\\/#website\",\"url\":\"https:\\\/\\\/www.miamibeachfl.gov\\\/\",\"name\":\"City of Miami Beach\",\"description\":\"The official website of the City of Miami Beach. Stay informed, find important information on city services, news, alerts, events, trolley routes, government employment and more.\",\"publisher\":{\"@id\":\"https:\\\/\\\/www.miamibeachfl.gov\\\/#organization\"},\"potentialAction\":[{\"@type\":\"SearchAction\",\"target\":{\"@type\":\"EntryPoint\",\"urlTemplate\":\"https:\\\/\\\/www.miamibeachfl.gov\\\/?s={search_term_string}\"},\"query-input\":{\"@type\":\"PropertyValueSpecification\",\"valueRequired\":true,\"valueName\":\"search_term_string\"}}],\"inLanguage\":\"pt-BR\"},{\"@type\":\"Organization\",\"@id\":\"https:\\\/\\\/www.miamibeachfl.gov\\\/#organization\",\"name\":\"City of Miami Beach\",\"url\":\"https:\\\/\\\/www.miamibeachfl.gov\\\/\",\"logo\":{\"@type\":\"ImageObject\",\"inLanguage\":\"pt-BR\",\"@id\":\"https:\\\/\\\/www.miamibeachfl.gov\\\/#\\\/schema\\\/logo\\\/image\\\/\",\"url\":\"https:\\\/\\\/www.miamibeachfl.gov\\\/wp-content\\\/uploads\\\/2022\\\/06\\\/miamibeach-logoblue.png\",\"contentUrl\":\"https:\\\/\\\/www.miamibeachfl.gov\\\/wp-content\\\/uploads\\\/2022\\\/06\\\/miamibeach-logoblue.png\",\"width\":1962,\"height\":381,\"caption\":\"City of Miami Beach\"},\"image\":{\"@id\":\"https:\\\/\\\/www.miamibeachfl.gov\\\/#\\\/schema\\\/logo\\\/image\\\/\"},\"sameAs\":[\"https:\\\/\\\/www.facebook.com\\\/cityofmiamibeach\",\"https:\\\/\\\/x.com\\\/Miamibeachnews\",\"https:\\\/\\\/www.instagram.com\\\/miamibeachnews\\\/\"],\"description\":\"The official website of the City of Miami Beach. Stay informed, find important information on city services, news, alerts, events, trolley routes, government employment and more.\",\"telephone\":\"305.604.CITY(2489)\",\"legalName\":\"City of Miami Beach\"}]}<\/script>\n<!-- \/ Yoast SEO Premium plugin. -->","yoast_head_json":{"title":"Programa Comunit\u00e1rio de Gatos de Miami Beach - Cidade de Miami Beach","description":"%","robots":{"index":"index","follow":"follow","max-snippet":"max-snippet:-1","max-image-preview":"max-image-preview:large","max-video-preview":"max-video-preview:-1"},"canonical":"https:\/\/www.miamibeachfl.gov\/pt\/city-hall\/public-works\/sobecats\/","og_locale":"pt_BR","og_type":"article","og_title":"Miami Beach Community Cat Program","og_description":"%","og_url":"https:\/\/www.miamibeachfl.gov\/pt\/city-hall\/public-works\/sobecats\/","og_site_name":"City of Miami Beach","article_publisher":"https:\/\/www.facebook.com\/cityofmiamibeach","article_modified_time":"2026-01-07T16:24:12+00:00","og_image":[{"url":"https:\/\/www.miamibeachfl.gov\/wp-content\/uploads\/2022\/07\/hero-small.jpg","type":"","width":"","height":""}],"twitter_card":"summary_large_image","twitter_site":"@Miamibeachnews","schema":{"@context":"https:\/\/schema.org","@graph":[{"@type":"WebPage","@id":"https:\/\/www.miamibeachfl.gov\/city-hall\/public-works\/sobecats\/","url":"https:\/\/www.miamibeachfl.gov\/city-hall\/public-works\/sobecats\/","name":"Programa Comunit\u00e1rio de Gatos de Miami Beach - Cidade de Miami Beach","isPartOf":{"@id":"https:\/\/www.miamibeachfl.gov\/#website"},"primaryImageOfPage":{"@id":"https:\/\/www.miamibeachfl.gov\/city-hall\/public-works\/sobecats\/#primaryimage"},"image":{"@id":"https:\/\/www.miamibeachfl.gov\/city-hall\/public-works\/sobecats\/#primaryimage"},"thumbnailUrl":"https:\/\/www.miamibeachfl.gov\/wp-content\/uploads\/2022\/07\/hero-small.jpg","datePublished":"2019-07-16T13:13:04+00:00","dateModified":"2026-01-07T16:24:12+00:00","description":"%","breadcrumb":{"@id":"https:\/\/www.miamibeachfl.gov\/city-hall\/public-works\/sobecats\/#breadcrumb"},"inLanguage":"pt-BR","potentialAction":[{"@type":"ReadAction","target":["https:\/\/www.miamibeachfl.gov\/city-hall\/public-works\/sobecats\/"]}]},{"@type":"ImageObject","inLanguage":"pt-BR","@id":"https:\/\/www.miamibeachfl.gov\/city-hall\/public-works\/sobecats\/#primaryimage","url":"https:\/\/www.miamibeachfl.gov\/wp-content\/uploads\/2022\/07\/hero-small.jpg","contentUrl":"https:\/\/www.miamibeachfl.gov\/wp-content\/uploads\/2022\/07\/hero-small.jpg"},{"@type":"BreadcrumbList","@id":"https:\/\/www.miamibeachfl.gov\/city-hall\/public-works\/sobecats\/#breadcrumb","itemListElement":[{"@type":"ListItem","position":1,"name":"Home","item":"https:\/\/www.miamibeachfl.gov\/"},{"@type":"ListItem","position":2,"name":"City Hall","item":"https:\/\/www.miamibeachfl.gov\/city-hall\/"},{"@type":"ListItem","position":3,"name":"Public Works","item":"https:\/\/www.miamibeachfl.gov\/city-hall\/public-works\/"},{"@type":"ListItem","position":4,"name":"Miami Beach Community Cat Program"}]},{"@type":"WebSite","@id":"https:\/\/www.miamibeachfl.gov\/#website","url":"https:\/\/www.miamibeachfl.gov\/","name":"Cidade de Miami Beach","description":"Site oficial da cidade de Miami Beach. Mantenha-se informado e encontre informa\u00e7\u00f5es importantes sobre servi\u00e7os municipais, not\u00edcias, alertas, eventos, rotas de bonde, empregos p\u00fablicos e muito mais.","publisher":{"@id":"https:\/\/www.miamibeachfl.gov\/#organization"},"potentialAction":[{"@type":"SearchAction","target":{"@type":"EntryPoint","urlTemplate":"https:\/\/www.miamibeachfl.gov\/?s={search_term_string}"},"query-input":{"@type":"PropertyValueSpecification","valueRequired":true,"valueName":"search_term_string"}}],"inLanguage":"pt-BR"},{"@type":"Organization","@id":"https:\/\/www.miamibeachfl.gov\/#organization","name":"Cidade de Miami Beach","url":"https:\/\/www.miamibeachfl.gov\/","logo":{"@type":"ImageObject","inLanguage":"pt-BR","@id":"https:\/\/www.miamibeachfl.gov\/#\/schema\/logo\/image\/","url":"https:\/\/www.miamibeachfl.gov\/wp-content\/uploads\/2022\/06\/miamibeach-logoblue.png","contentUrl":"https:\/\/www.miamibeachfl.gov\/wp-content\/uploads\/2022\/06\/miamibeach-logoblue.png","width":1962,"height":381,"caption":"City of Miami Beach"},"image":{"@id":"https:\/\/www.miamibeachfl.gov\/#\/schema\/logo\/image\/"},"sameAs":["https:\/\/www.facebook.com\/cityofmiamibeach","https:\/\/x.com\/Miamibeachnews","https:\/\/www.instagram.com\/miamibeachnews\/"],"description":"Site oficial da cidade de Miami Beach. Mantenha-se informado e encontre informa\u00e7\u00f5es importantes sobre servi\u00e7os municipais, not\u00edcias, alertas, eventos, rotas de bonde, empregos p\u00fablicos e muito mais.","telephone":"305.604.CITY(2489)","legalName":"City of Miami Beach"}]}},"_links":{"self":[{"href":"https:\/\/www.miamibeachfl.gov\/pt\/wp-json\/wp\/v2\/pages\/110075","targetHints":{"allow":["GET"]}}],"collection":[{"href":"https:\/\/www.miamibeachfl.gov\/pt\/wp-json\/wp\/v2\/pages"}],"about":[{"href":"https:\/\/www.miamibeachfl.gov\/pt\/wp-json\/wp\/v2\/types\/page"}],"author":[{"embeddable":true,"href":"https:\/\/www.miamibeachfl.gov\/pt\/wp-json\/wp\/v2\/users\/222"}],"replies":[{"embeddable":true,"href":"https:\/\/www.miamibeachfl.gov\/pt\/wp-json\/wp\/v2\/comments?post=110075"}],"version-history":[{"count":3,"href":"https:\/\/www.miamibeachfl.gov\/pt\/wp-json\/wp\/v2\/pages\/110075\/revisions"}],"predecessor-version":[{"id":394689,"href":"https:\/\/www.miamibeachfl.gov\/pt\/wp-json\/wp\/v2\/pages\/110075\/revisions\/394689"}],"up":[{"embeddable":true,"href":"https:\/\/www.miamibeachfl.gov\/pt\/wp-json\/wp\/v2\/pages\/28931"}],"wp:attachment":[{"href":"https:\/\/www.miamibeachfl.gov\/pt\/wp-json\/wp\/v2\/media?parent=110075"}],"wp:term":[{"taxonomy":"category","embeddable":true,"href":"https:\/\/www.miamibeachfl.gov\/pt\/wp-json\/wp\/v2\/categories?post=110075"},{"taxonomy":"post_tag","embeddable":true,"href":"https:\/\/www.miamibeachfl.gov\/pt\/wp-json\/wp\/v2\/tags?post=110075"}],"curies":[{"name":"wp","href":"https:\/\/api.w.org\/{rel}","templated":true}]}}