{"id":110566,"date":"2019-07-23T10:33:57","date_gmt":"2019-07-23T14:33:57","guid":{"rendered":"http:\/\/www.miamibeachfl.gov\/?page_id=110566"},"modified":"2026-04-03T13:53:20","modified_gmt":"2026-04-03T17:53:20","slug":"north-beach-oceanside-park-beachwalk","status":"publish","type":"page","link":"https:\/\/www.miamibeachfl.gov\/pt\/residents\/neighborhood-affairs-division\/active-projects\/parks\/north-beach-oceanside-park-beachwalk\/","title":{"rendered":"Passeio pela praia do North Beach Oceanside Park"},"content":{"rendered":"<h2>\n\t\t\tPasseio pela praia do North Beach Oceanside Park\t<\/h2>\n<header id=\"widget_202_1681_1566\">\n<h3>Fase do Projeto \u2013 Design<\/h3>\n<\/header>\n<p><strong>Limites do Projeto<\/strong><\/p>\n<p>O North Beach Oceanside Park est\u00e1 localizado entre a Rua 87 ao norte, a Rua 79 ao sul, a Avenida Collins a oeste e o cal\u00e7ad\u00e3o da praia a leste, e possui aproximadamente 10,5 hectares. Um Plano de Vis\u00e3o foi criado com a participa\u00e7\u00e3o das partes interessadas e da equipe da Prefeitura e inclui: entradas de pedestres com novos port\u00f5es, estruturas de sombra com churrasqueiras, acesso de pedestres \u00e0 praia, passarelas multiuso com ilumina\u00e7\u00e3o, \u00e1reas gramadas abertas, paisagismo e irriga\u00e7\u00e3o.<\/p>\n<p><strong>Escopo de trabalho<\/strong><\/p>\n<p>Conclua a liga\u00e7\u00e3o final do Beachwalk de South Pointe at\u00e9 o limite norte da cidade, estendendo o Beachwalk das ruas 79 para 87.<\/p>\n<p><strong>Linha do tempo<\/strong><\/p>\n<p>Data de in\u00edcio da constru\u00e7\u00e3o: 2020<\/p>\n<p>Data estimada de conclus\u00e3o: a definir<\/p>\n<p><strong>Equipe do Projeto<\/strong><\/p>\nCoordenador S\u00eanior de Projetos de Capital da Cidade de Miami Beach<br \/>\nAriel Guitian, Coordenador de Projetos de Capital da Cidade de Miami Beach<br \/>\nRodney Perez Especialista em Informa\u00e7\u00e3o P\u00fablica<br \/>\nVanessa V\u00e1zquez<br \/>\n<a href=\"mailto:VanessaVazquez@miamibeachfl.gov\">VanessaVazquez@miamibeachfl.gov<\/a><br \/>\n305.673.7071\n<p><strong>Arquiteto<\/strong><\/p>\n<p>Calvin, Giordano e Associados<\/p>","protected":false},"excerpt":{"rendered":"<p>Fase do projeto Beachwalk do North Beach Oceanside Park \u2013 Limites do projeto de design O North Beach Oceanside Park est\u00e1 localizado entre a 87 Street [\u2026]<\/p>","protected":false},"author":222,"featured_media":0,"parent":28465,"menu_order":197,"comment_status":"closed","ping_status":"closed","template":"","meta":{"_searchwp_excluded":"","site-sidebar-layout":"default","site-content-layout":"","ast-site-content-layout":"default","site-content-style":"default","site-sidebar-style":"default","ast-global-header-display":"","ast-banner-title-visibility":"","ast-main-header-display":"","ast-hfb-above-header-display":"","ast-hfb-below-header-display":"","ast-hfb-mobile-header-display":"","site-post-title":"","ast-breadcrumbs-content":"","ast-featured-img":"","footer-sml-layout":"","theme-transparent-header-meta":"","adv-header-id-meta":"","stick-header-meta":"","header-above-stick-meta":"","header-main-stick-meta":"","header-below-stick-meta":"","astra-migrate-meta-layouts":"default","ast-page-background-enabled":"default","ast-page-background-meta":{"desktop":{"background-color":"var(--ast-global-color-5)","background-image":"","background-repeat":"repeat","background-position":"center center","background-size":"auto","background-attachment":"scroll","background-type":"","background-media":"","overlay-type":"","overlay-color":"","overlay-opacity":"","overlay-gradient":""},"tablet":{"background-color":"","background-image":"","background-repeat":"repeat","background-position":"center center","background-size":"auto","background-attachment":"scroll","background-type":"","background-media":"","overlay-type":"","overlay-color":"","overlay-opacity":"","overlay-gradient":""},"mobile":{"background-color":"","background-image":"","background-repeat":"repeat","background-position":"center center","background-size":"auto","background-attachment":"scroll","background-type":"","background-media":"","overlay-type":"","overlay-color":"","overlay-opacity":"","overlay-gradient":""}},"ast-content-background-meta":{"desktop":{"background-color":"var(--ast-global-color-4)","background-image":"","background-repeat":"repeat","background-position":"center center","background-size":"auto","background-attachment":"scroll","background-type":"","background-media":"","overlay-type":"","overlay-color":"","overlay-opacity":"","overlay-gradient":""},"tablet":{"background-color":"var(--ast-global-color-4)","background-image":"","background-repeat":"repeat","background-position":"center center","background-size":"auto","background-attachment":"scroll","background-type":"","background-media":"","overlay-type":"","overlay-color":"","overlay-opacity":"","overlay-gradient":""},"mobile":{"background-color":"var(--ast-global-color-4)","background-image":"","background-repeat":"repeat","background-position":"center center","background-size":"auto","background-attachment":"scroll","background-type":"","background-media":"","overlay-type":"","overlay-color":"","overlay-opacity":"","overlay-gradient":""}},"footnotes":""},"categories":[1892],"tags":[],"class_list":["post-110566","page","type-page","status-publish","hentry","category-city-project-for-review"],"yoast_head":"<!-- This site is optimized with the Yoast SEO Premium plugin v26.6 (Yoast SEO v26.6) - https:\/\/yoast.com\/wordpress\/plugins\/seo\/ -->\n<title>North Beach Oceanside Park Beachwalk - City of Miami Beach<\/title>\n<meta name=\"description\" content=\"%\" \/>\n<meta name=\"robots\" content=\"index, follow, max-snippet:-1, max-image-preview:large, max-video-preview:-1\" \/>\n<link rel=\"canonical\" href=\"https:\/\/www.miamibeachfl.gov\/pt\/residents\/neighborhood-affairs-division\/active-projects\/parks\/north-beach-oceanside-park-beachwalk\/\" \/>\n<meta property=\"og:locale\" content=\"pt_BR\" \/>\n<meta property=\"og:type\" content=\"article\" \/>\n<meta property=\"og:title\" content=\"North Beach Oceanside Park Beachwalk\" \/>\n<meta property=\"og:description\" content=\"%\" \/>\n<meta property=\"og:url\" content=\"https:\/\/www.miamibeachfl.gov\/pt\/residents\/neighborhood-affairs-division\/active-projects\/parks\/north-beach-oceanside-park-beachwalk\/\" \/>\n<meta property=\"og:site_name\" content=\"City of Miami Beach\" \/>\n<meta property=\"article:publisher\" content=\"https:\/\/www.facebook.com\/cityofmiamibeach\" \/>\n<meta property=\"article:modified_time\" content=\"2026-04-03T17:53:20+00:00\" \/>\n<meta property=\"og:image\" content=\"https:\/\/www.miamibeachfl.gov\/wp-content\/uploads\/2024\/01\/1000pxSquare-miamibeach-aerial-southpointview.jpeg\" \/>\n\t<meta property=\"og:image:width\" content=\"1000\" \/>\n\t<meta property=\"og:image:height\" content=\"1000\" \/>\n\t<meta property=\"og:image:type\" content=\"image\/jpeg\" \/>\n<meta name=\"twitter:card\" content=\"summary_large_image\" \/>\n<meta name=\"twitter:site\" content=\"@Miamibeachnews\" \/>\n<script type=\"application\/ld+json\" class=\"yoast-schema-graph\">{\"@context\":\"https:\/\/schema.org\",\"@graph\":[{\"@type\":\"WebPage\",\"@id\":\"https:\/\/www.miamibeachfl.gov\/residents\/neighborhood-affairs-division\/active-projects\/parks\/north-beach-oceanside-park-beachwalk\/\",\"url\":\"https:\/\/www.miamibeachfl.gov\/residents\/neighborhood-affairs-division\/active-projects\/parks\/north-beach-oceanside-park-beachwalk\/\",\"name\":\"North Beach Oceanside Park Beachwalk - City of Miami Beach\",\"isPartOf\":{\"@id\":\"https:\/\/www.miamibeachfl.gov\/#website\"},\"datePublished\":\"2019-07-23T14:33:57+00:00\",\"dateModified\":\"2026-04-03T17:53:20+00:00\",\"description\":\"%\",\"breadcrumb\":{\"@id\":\"https:\/\/www.miamibeachfl.gov\/residents\/neighborhood-affairs-division\/active-projects\/parks\/north-beach-oceanside-park-beachwalk\/#breadcrumb\"},\"inLanguage\":\"pt-BR\",\"potentialAction\":[{\"@type\":\"ReadAction\",\"target\":[\"https:\/\/www.miamibeachfl.gov\/residents\/neighborhood-affairs-division\/active-projects\/parks\/north-beach-oceanside-park-beachwalk\/\"]}]},{\"@type\":\"BreadcrumbList\",\"@id\":\"https:\/\/www.miamibeachfl.gov\/residents\/neighborhood-affairs-division\/active-projects\/parks\/north-beach-oceanside-park-beachwalk\/#breadcrumb\",\"itemListElement\":[{\"@type\":\"ListItem\",\"position\":1,\"name\":\"Home\",\"item\":\"https:\/\/www.miamibeachfl.gov\/\"},{\"@type\":\"ListItem\",\"position\":2,\"name\":\"Residents\",\"item\":\"https:\/\/www.miamibeachfl.gov\/residents\/\"},{\"@type\":\"ListItem\",\"position\":3,\"name\":\"Neighborhood Affairs Division\",\"item\":\"https:\/\/www.miamibeachfl.gov\/residents\/neighborhood-affairs-division\/\"},{\"@type\":\"ListItem\",\"position\":4,\"name\":\"Active Projects\",\"item\":\"https:\/\/www.miamibeachfl.gov\/residents\/neighborhood-affairs-division\/active-projects\/\"},{\"@type\":\"ListItem\",\"position\":5,\"name\":\"Parks\",\"item\":\"https:\/\/www.miamibeachfl.gov\/residents\/neighborhood-affairs-division\/active-projects\/parks\/\"},{\"@type\":\"ListItem\",\"position\":6,\"name\":\"North Beach Oceanside Park Beachwalk\"}]},{\"@type\":\"WebSite\",\"@id\":\"https:\/\/www.miamibeachfl.gov\/#website\",\"url\":\"https:\/\/www.miamibeachfl.gov\/\",\"name\":\"City of Miami Beach\",\"description\":\"The official website of the City of Miami Beach. Stay informed, find important information on city services, news, alerts, events, trolley routes, government employment and more.\",\"publisher\":{\"@id\":\"https:\/\/www.miamibeachfl.gov\/#organization\"},\"potentialAction\":[{\"@type\":\"SearchAction\",\"target\":{\"@type\":\"EntryPoint\",\"urlTemplate\":\"https:\/\/www.miamibeachfl.gov\/?s={search_term_string}\"},\"query-input\":{\"@type\":\"PropertyValueSpecification\",\"valueRequired\":true,\"valueName\":\"search_term_string\"}}],\"inLanguage\":\"pt-BR\"},{\"@type\":\"Organization\",\"@id\":\"https:\/\/www.miamibeachfl.gov\/#organization\",\"name\":\"City of Miami Beach\",\"url\":\"https:\/\/www.miamibeachfl.gov\/\",\"logo\":{\"@type\":\"ImageObject\",\"inLanguage\":\"pt-BR\",\"@id\":\"https:\/\/www.miamibeachfl.gov\/#\/schema\/logo\/image\/\",\"url\":\"https:\/\/www.miamibeachfl.gov\/wp-content\/uploads\/2022\/06\/miamibeach-logoblue.png\",\"contentUrl\":\"https:\/\/www.miamibeachfl.gov\/wp-content\/uploads\/2022\/06\/miamibeach-logoblue.png\",\"width\":1962,\"height\":381,\"caption\":\"City of Miami Beach\"},\"image\":{\"@id\":\"https:\/\/www.miamibeachfl.gov\/#\/schema\/logo\/image\/\"},\"sameAs\":[\"https:\/\/www.facebook.com\/cityofmiamibeach\",\"https:\/\/x.com\/Miamibeachnews\",\"https:\/\/www.instagram.com\/miamibeachnews\/\"],\"description\":\"The official website of the City of Miami Beach. Stay informed, find important information on city services, news, alerts, events, trolley routes, government employment and more.\",\"telephone\":\"305.604.CITY(2489)\",\"legalName\":\"City of Miami Beach\"}]}<\/script>\n<!-- \/ Yoast SEO Premium plugin. -->","yoast_head_json":{"title":"North Beach Oceanside Park Beachwalk - City of Miami Beach","description":"%","robots":{"index":"index","follow":"follow","max-snippet":"max-snippet:-1","max-image-preview":"max-image-preview:large","max-video-preview":"max-video-preview:-1"},"canonical":"https:\/\/www.miamibeachfl.gov\/pt\/residents\/neighborhood-affairs-division\/active-projects\/parks\/north-beach-oceanside-park-beachwalk\/","og_locale":"pt_BR","og_type":"article","og_title":"North Beach Oceanside Park Beachwalk","og_description":"%","og_url":"https:\/\/www.miamibeachfl.gov\/pt\/residents\/neighborhood-affairs-division\/active-projects\/parks\/north-beach-oceanside-park-beachwalk\/","og_site_name":"City of Miami Beach","article_publisher":"https:\/\/www.facebook.com\/cityofmiamibeach","article_modified_time":"2026-04-03T17:53:20+00:00","og_image":[{"width":1000,"height":1000,"url":"https:\/\/www.miamibeachfl.gov\/wp-content\/uploads\/2024\/01\/1000pxSquare-miamibeach-aerial-southpointview.jpeg","type":"image\/jpeg"}],"twitter_card":"summary_large_image","twitter_site":"@Miamibeachnews","schema":{"@context":"https:\/\/schema.org","@graph":[{"@type":"WebPage","@id":"https:\/\/www.miamibeachfl.gov\/residents\/neighborhood-affairs-division\/active-projects\/parks\/north-beach-oceanside-park-beachwalk\/","url":"https:\/\/www.miamibeachfl.gov\/residents\/neighborhood-affairs-division\/active-projects\/parks\/north-beach-oceanside-park-beachwalk\/","name":"North Beach Oceanside Park Beachwalk - City of Miami Beach","isPartOf":{"@id":"https:\/\/www.miamibeachfl.gov\/#website"},"datePublished":"2019-07-23T14:33:57+00:00","dateModified":"2026-04-03T17:53:20+00:00","description":"%","breadcrumb":{"@id":"https:\/\/www.miamibeachfl.gov\/residents\/neighborhood-affairs-division\/active-projects\/parks\/north-beach-oceanside-park-beachwalk\/#breadcrumb"},"inLanguage":"pt-BR","potentialAction":[{"@type":"ReadAction","target":["https:\/\/www.miamibeachfl.gov\/residents\/neighborhood-affairs-division\/active-projects\/parks\/north-beach-oceanside-park-beachwalk\/"]}]},{"@type":"BreadcrumbList","@id":"https:\/\/www.miamibeachfl.gov\/residents\/neighborhood-affairs-division\/active-projects\/parks\/north-beach-oceanside-park-beachwalk\/#breadcrumb","itemListElement":[{"@type":"ListItem","position":1,"name":"Home","item":"https:\/\/www.miamibeachfl.gov\/"},{"@type":"ListItem","position":2,"name":"Residents","item":"https:\/\/www.miamibeachfl.gov\/residents\/"},{"@type":"ListItem","position":3,"name":"Neighborhood Affairs Division","item":"https:\/\/www.miamibeachfl.gov\/residents\/neighborhood-affairs-division\/"},{"@type":"ListItem","position":4,"name":"Active Projects","item":"https:\/\/www.miamibeachfl.gov\/residents\/neighborhood-affairs-division\/active-projects\/"},{"@type":"ListItem","position":5,"name":"Parks","item":"https:\/\/www.miamibeachfl.gov\/residents\/neighborhood-affairs-division\/active-projects\/parks\/"},{"@type":"ListItem","position":6,"name":"North Beach Oceanside Park Beachwalk"}]},{"@type":"WebSite","@id":"https:\/\/www.miamibeachfl.gov\/#website","url":"https:\/\/www.miamibeachfl.gov\/","name":"Cidade de Miami Beach","description":"Site oficial da cidade de Miami Beach. Mantenha-se informado e encontre informa\u00e7\u00f5es importantes sobre servi\u00e7os municipais, not\u00edcias, alertas, eventos, rotas de bonde, empregos p\u00fablicos e muito mais.","publisher":{"@id":"https:\/\/www.miamibeachfl.gov\/#organization"},"potentialAction":[{"@type":"SearchAction","target":{"@type":"EntryPoint","urlTemplate":"https:\/\/www.miamibeachfl.gov\/?s={search_term_string}"},"query-input":{"@type":"PropertyValueSpecification","valueRequired":true,"valueName":"search_term_string"}}],"inLanguage":"pt-BR"},{"@type":"Organization","@id":"https:\/\/www.miamibeachfl.gov\/#organization","name":"Cidade de Miami Beach","url":"https:\/\/www.miamibeachfl.gov\/","logo":{"@type":"ImageObject","inLanguage":"pt-BR","@id":"https:\/\/www.miamibeachfl.gov\/#\/schema\/logo\/image\/","url":"https:\/\/www.miamibeachfl.gov\/wp-content\/uploads\/2022\/06\/miamibeach-logoblue.png","contentUrl":"https:\/\/www.miamibeachfl.gov\/wp-content\/uploads\/2022\/06\/miamibeach-logoblue.png","width":1962,"height":381,"caption":"City of Miami Beach"},"image":{"@id":"https:\/\/www.miamibeachfl.gov\/#\/schema\/logo\/image\/"},"sameAs":["https:\/\/www.facebook.com\/cityofmiamibeach","https:\/\/x.com\/Miamibeachnews","https:\/\/www.instagram.com\/miamibeachnews\/"],"description":"Site oficial da cidade de Miami Beach. Mantenha-se informado e encontre informa\u00e7\u00f5es importantes sobre servi\u00e7os municipais, not\u00edcias, alertas, eventos, rotas de bonde, empregos p\u00fablicos e muito mais.","telephone":"305.604.CITY(2489)","legalName":"City of Miami Beach"}]}},"_links":{"self":[{"href":"https:\/\/www.miamibeachfl.gov\/pt\/wp-json\/wp\/v2\/pages\/110566","targetHints":{"allow":["GET"]}}],"collection":[{"href":"https:\/\/www.miamibeachfl.gov\/pt\/wp-json\/wp\/v2\/pages"}],"about":[{"href":"https:\/\/www.miamibeachfl.gov\/pt\/wp-json\/wp\/v2\/types\/page"}],"author":[{"embeddable":true,"href":"https:\/\/www.miamibeachfl.gov\/pt\/wp-json\/wp\/v2\/users\/222"}],"replies":[{"embeddable":true,"href":"https:\/\/www.miamibeachfl.gov\/pt\/wp-json\/wp\/v2\/comments?post=110566"}],"version-history":[{"count":0,"href":"https:\/\/www.miamibeachfl.gov\/pt\/wp-json\/wp\/v2\/pages\/110566\/revisions"}],"up":[{"embeddable":true,"href":"https:\/\/www.miamibeachfl.gov\/pt\/wp-json\/wp\/v2\/pages\/28465"}],"wp:attachment":[{"href":"https:\/\/www.miamibeachfl.gov\/pt\/wp-json\/wp\/v2\/media?parent=110566"}],"wp:term":[{"taxonomy":"category","embeddable":true,"href":"https:\/\/www.miamibeachfl.gov\/pt\/wp-json\/wp\/v2\/categories?post=110566"},{"taxonomy":"post_tag","embeddable":true,"href":"https:\/\/www.miamibeachfl.gov\/pt\/wp-json\/wp\/v2\/tags?post=110566"}],"curies":[{"name":"wp","href":"https:\/\/api.w.org\/{rel}","templated":true}]}}