{"id":111123,"date":"2019-07-29T16:10:50","date_gmt":"2019-07-29T20:10:50","guid":{"rendered":"http:\/\/www.miamibeachfl.gov\/?page_id=111123"},"modified":"2026-04-03T12:57:31","modified_gmt":"2026-04-03T16:57:31","slug":"maurice-gibb-park","status":"publish","type":"page","link":"https:\/\/www.miamibeachfl.gov\/pt\/projects\/maurice-gibb-park\/","title":{"rendered":"Parque Maurice Gibb"},"content":{"rendered":"<img decoding=\"async\" src=\"https:\/\/www.miamibeachfl.gov\/wp-content\/uploads\/2023\/01\/GoBondwithshadow18.png\" alt=\"GO Bond Logo\" itemprop=\"image\" height=\"512\" width=\"1564\" title=\"V\u00e1 para Bondwithshadow18\" onerror=\"this.style.display='none'\" loading=\"lazy\" \/>\n<h3>\n\t\t\tParque Memorial Maurice Gibb\t<\/h3>\n\t<h2>O Projeto do Parque Memorial Maurice Gibb implementa uma reformula\u00e7\u00e3o que aumentar\u00e1 as atividades recreativas e outros usos dentro do parque, com base na contribui\u00e7\u00e3o da comunidade. A reformula\u00e7\u00e3o inclui:<\/h2>\n<ul>\n<li>Substituir o playground atual por uma estrutura de jogo personalizada com tema musical.<\/li>\n<li>Ampliando a linha costeira viva com \u00e1rvores de mangue adicionais.<\/li>\n<li>Aumentar a resili\u00eancia do parque elevando a eleva\u00e7\u00e3o do quebra-mar, recuperando o solo contaminado pelo uso anterior de um posto de gasolina, aumentando a capacidade de drenagem e fornecendo \u00e1rvores e arbustos nativos.<\/li>\n<li>Novo parque para c\u00e3es, p\u00ederes de pesca, um grande mirante para a ba\u00eda, estruturas de sombra e m\u00f3veis para \u00e1rea externa.<\/li>\n<li>Novos pavilh\u00f5es com assentos para pequenas reuni\u00f5es sociais.<\/li>\n<li>Novas passarelas de concreto.<\/li>\n<li>Espa\u00e7o verde aberto onde as pessoas podem se reunir para um piquenique, assistir ao p\u00f4r do sol, jogar bola ou chutar uma bola.<\/li>\n<li>Adicionar \u00e1rvores de cobertura ao longo das novas passarelas e assentos.<\/li>\n<li>Uma nova estrutura memorial para Maurice Gibb.<\/li>\n<\/ul>\n<p>Um futuro projeto localizado dentro do parque abordar\u00e1 o pr\u00e9dio da Patrulha Mar\u00edtima e fornecer\u00e1 novos banheiros no t\u00e9rreo para uso p\u00fablico. O projeto recebeu financiamento do GOB de 2018 e uma doa\u00e7\u00e3o do Distrito de Navega\u00e7\u00e3o Interior da Fl\u00f3rida. Essas melhorias resultar\u00e3o em um parque de \u00faltima gera\u00e7\u00e3o situado no bairro de Sunset Harbour.<\/p>\n\t\t<h3>\t\n\tAtualiza\u00e7\u00f5es do Projeto<\/h3>\t\n\t\t\t\t\t\t\t\t<a href=\"#\" id=\"fl-tabs--label-0\" data-index=\"0\" aria-selected=\"true\" aria-controls=\"fl-tabs--panel-0\" aria-expanded=\"true\" role=\"tab\" tabindex=\"0\">\t\t\t\tATUALIZA\u00c7\u00d5ES ANTERIORES\t\t\t\t<\/a>\n\t\t\t\t\t\t\t\t<a href=\"#\" id=\"fl-tabs--label-1\" data-index=\"1\" aria-selected=\"false\" aria-controls=\"fl-tabs--panel-1\" aria-expanded=\"false\" role=\"tab\" tabindex=\"0\">\t\t\t\tATUALIZA\u00c7\u00c3O MAIS RECENTE\t\t\t\t<\/a>\n\t\t\t\t\t\t\t\t<a href=\"#\" id=\"fl-tabs--label-2\" data-index=\"2\" aria-selected=\"false\" aria-controls=\"fl-tabs--panel-2\" aria-expanded=\"false\" role=\"tab\" tabindex=\"0\">\t\t\t\tPR\u00c9DIO DA PATRULHA MARINHA.\t\t\t\t<\/a>\n\t\t\t\t\t\tATUALIZA\u00c7\u00d5ES ANTERIORES\n\t\t\t\t\t\t\t\t\t\t\t<p><a href=\"https:\/\/www.miamibeachfl.gov\/wp-content\/uploads\/2023\/03\/02-23-23-Maurice-Gibb-Memorial-Park-Sunset-Harbour.pdf\">Apresenta\u00e7\u00e3o do Maurice Gibb Park na reuni\u00e3o da associa\u00e7\u00e3o de moradores de Sunset Harbour \u2013 fevereiro de 2023<\/a><\/p>\n<p><a href=\"https:\/\/www.miamibeachfl.gov\/wp-content\/uploads\/2023\/03\/Maurice-Gibb-Park-Project-Start-Fact-Sheet-March-2023-test.pdf\">Ficha informativa do projeto \u2013 Parque Maurice Gibb <\/a><\/p>\n\t\t\t\t\t\tATUALIZA\u00c7\u00c3O MAIS RECENTE\n\t\t\t\t\t\t\t\t\t\t\t<p><img loading=\"lazy\" decoding=\"async\" src=\"https:\/\/www.miamibeachfl.gov\/wp-content\/uploads\/2025\/03\/MauriceParkOpening-FeaturedEvent-300x300.jpg\" alt=\"Maurice Gibb Memorial Park Grand Opening\" width=\"300\" height=\"300\" \/><\/p>\n\t\t\t\t\t\tPR\u00c9DIO DA PATRULHA MARINHA.\n\t\t\t\t\t\t\t\t\t\t\t<p><a href=\"https:\/\/www.miamibeachfl.gov\/wp-content\/uploads\/2024\/04\/MarinePatrolFacility-DesignReviewBoardMeetingPresentation.pdf\">Apresenta\u00e7\u00e3o da Reuni\u00e3o do Conselho de Revis\u00e3o do Projeto das Instala\u00e7\u00f5es da Patrulha Mar\u00edtima<\/a><\/p>\n\t\t<h3>\t\n\tGaleria de Imagens do Projeto<\/h3>\t\n<h3>\n\t\t\tEquipe do Projeto\t<\/h3>\n\t<hr \/>\n<strong>Chefe de departamento<br \/>\nProjetos de Melhoria de Capital (CIP)<\/strong>\n<strong>Diretor de Departamento<br \/>\nDavid Gomez, LEED-AP<\/strong>\n<strong>Gerente S\u00eanior de Projetos<br \/>\nColette Satchell<\/strong>\n<strong>Gestor de projeto<br \/>\nPooneh Rajaei<\/strong>\n<hr \/>\nGerente de Assuntos de Bairro de South Beach<br \/>\n<strong>Lauren Firtel<\/strong><br \/>\n<a href=\"mailto:LaurenFirtel@miamibeachfl.gov\">LaurenFirtel@miamibeachfl.gov<\/a>\n<hr \/>\nEscrit\u00f3rio de Arquitetura\/Engenharia<br \/>\n<strong>Sistemas Costeiros Internacional, Inc.<\/strong>\nContratante<br \/>\n<strong>Lunacon Engineering Group, Corp.<\/strong>\n<h3>\n\t\t\tLocaliza\u00e7\u00e3o\t<\/h3>\n\t<iframe src=\"https:\/\/www.google.com\/maps\/embed\/v1\/place?q=Maurice+Gibb+Memorial+Park&#038;key=AIzaSyD09zQ9PNDNNy9TadMuzRV_UsPUoWKntt8\" aria-hidden=\"true\" title=\"Parque Memorial Maurice Gibb\"><\/iframe>\n<h3>\n\t\t\tSolicitar mais informa\u00e7\u00f5es\t<\/h3>\n\t<div class=\"wpforms-container wpforms-container-full\" id=\"wpforms-252804\"><form id=\"wpforms-form-252804\" class=\"wpforms-validate wpforms-form wpforms-ajax-form\" data-formid=\"252804\" method=\"post\" enctype=\"multipart\/form-data\" action=\"\/pt\/wp-json\/wp\/v2\/pages\/111123\" data-token=\"d1f0fd623102e9efddd1825c9c540328\" data-token-time=\"1775299721\" data-trp-original-action=\"\/pt\/wp-json\/wp\/v2\/pages\/111123\"><noscript class=\"wpforms-error-noscript\">Ativo o JavaScript no seu navegador para preencher este formul\u00e1rio.<\/noscript><div class=\"wpforms-field-container\"><div id=\"wpforms-252804-field_0-container\" class=\"wpforms-field wpforms-field-name\" data-field-id=\"0\"><label class=\"wpforms-field-label\">Nome <span class=\"wpforms-required-label\">*<\/span><\/label><div class=\"wpforms-field-row wpforms-field-medium\"><div class=\"wpforms-field-row-block wpforms-first wpforms-one-half\"><input type=\"text\" id=\"wpforms-252804-field_0\" class=\"wpforms-field-name-first wpforms-field-required\" name=\"wpforms[fields][0][first]\" required><label for=\"wpforms-252804-field_0\" class=\"wpforms-field-sublabel after\">Nome<\/label><\/div><div class=\"wpforms-field-row-block wpforms-one-half\"><input type=\"text\" id=\"wpforms-252804-field_0-last\" class=\"wpforms-field-name-last wpforms-field-required\" name=\"wpforms[fields][0][last]\" required><label for=\"wpforms-252804-field_0-last\" class=\"wpforms-field-sublabel after\">Sobrenome<\/label><\/div><\/div><\/div><div id=\"wpforms-252804-field_1-container\" class=\"wpforms-field wpforms-field-email\" data-field-id=\"1\"><label class=\"wpforms-field-label\" for=\"wpforms-252804-field_1\">E-mail <span class=\"wpforms-required-label\">*<\/span><\/label><input type=\"email\" id=\"wpforms-252804-field_1\" class=\"wpforms-field-medium wpforms-field-required\" name=\"wpforms[fields][1]\" spellcheck=\"false\" required><\/div><div id=\"wpforms-252804-field_2-container\" class=\"wpforms-field wpforms-field-textarea\" data-field-id=\"2\"><label class=\"wpforms-field-label\" for=\"wpforms-252804-field_2\">Coment\u00e1rio ou mensagem<\/label><textarea id=\"wpforms-252804-field_2\" class=\"wpforms-field-medium\" name=\"wpforms[fields][2]\" ><\/textarea><\/div><div id=\"wpforms-252804-field_4-container\" class=\"wpforms-field wpforms-field-hidden\" data-field-id=\"4\"><input type=\"hidden\" id=\"wpforms-252804-field_4\" name=\"wpforms[fields][4]\" value=\": https:\/\/www.miamibeachfl.gov\/pt\/wp-json\/wp\/v2\/pages\/111123\"><\/div><\/div><!-- .wpforms-field-container --><div class=\"wpforms-recaptcha-container wpforms-is-recaptcha wpforms-is-recaptcha-type-v2\" ><div class=\"g-recaptcha\" data-sitekey=\"6Lcwxc4pAAAAAKPjNaeWluTmul42T6sdKruYO3BQ\"><\/div><input type=\"text\" name=\"g-recaptcha-hidden\" class=\"wpforms-recaptcha-hidden\" style=\"position:absolute!important;clip:rect(0,0,0,0)!important;height:1px!important;width:1px!important;border:0!important;overflow:hidden!important;padding:0!important;margin:0!important;\" data-rule-recaptcha=\"1\"><\/div><div class=\"wpforms-submit-container\" ><input type=\"hidden\" name=\"wpforms[id]\" value=\"252804\"><input type=\"hidden\" name=\"page_title\" value=\"\"><input type=\"hidden\" name=\"page_url\" value=\"https:\/\/www.miamibeachfl.gov\/pt\/wp-json\/wp\/v2\/pages\/111123\"><input type=\"hidden\" name=\"url_referer\" value=\"\"><button type=\"submit\" name=\"wpforms[submit]\" id=\"wpforms-submit-252804\" class=\"wpforms-submit\" data-alt-text=\"Sending...\" data-submit-text=\"Submit\" aria-live=\"assertive\" value=\"wpforms-submit\">Enviar<\/button><img loading=\"lazy\" decoding=\"async\" src=\"https:\/\/www.miamibeachfl.gov\/wp-content\/plugins\/wpforms\/assets\/images\/submit-spin.svg\" class=\"wpforms-submit-spinner\" style=\"display: none;\" width=\"26\" height=\"26\" alt=\"Carregando\"><\/div><input type=\"hidden\" name=\"trp-form-language\" value=\"pt\"\/><\/form><\/div>  <!-- .wpforms-container -->\n\t\t<h3>\u00daltima atualiza\u00e7\u00e3o<\/h3><p>Mar\u00e7o de 2023<\/p>","protected":false},"excerpt":{"rendered":"<p>Parque Memorial Maurice Gibb O Projeto do Parque Memorial Maurice Gibb implementa uma reformula\u00e7\u00e3o que aumentar\u00e1 as atividades recreativas e outras [\u2026]<\/p>","protected":false},"author":222,"featured_media":291230,"parent":397831,"menu_order":197,"comment_status":"closed","ping_status":"closed","template":"","meta":{"_searchwp_excluded":"","site-sidebar-layout":"default","site-content-layout":"","ast-site-content-layout":"default","site-content-style":"default","site-sidebar-style":"default","ast-global-header-display":"","ast-banner-title-visibility":"","ast-main-header-display":"","ast-hfb-above-header-display":"","ast-hfb-below-header-display":"","ast-hfb-mobile-header-display":"","site-post-title":"","ast-breadcrumbs-content":"","ast-featured-img":"","footer-sml-layout":"","theme-transparent-header-meta":"","adv-header-id-meta":"","stick-header-meta":"","header-above-stick-meta":"","header-main-stick-meta":"","header-below-stick-meta":"","astra-migrate-meta-layouts":"default","ast-page-background-enabled":"default","ast-page-background-meta":{"desktop":{"background-color":"var(--ast-global-color-5)","background-image":"","background-repeat":"repeat","background-position":"center center","background-size":"auto","background-attachment":"scroll","background-type":"","background-media":"","overlay-type":"","overlay-color":"","overlay-opacity":"","overlay-gradient":""},"tablet":{"background-color":"","background-image":"","background-repeat":"repeat","background-position":"center center","background-size":"auto","background-attachment":"scroll","background-type":"","background-media":"","overlay-type":"","overlay-color":"","overlay-opacity":"","overlay-gradient":""},"mobile":{"background-color":"","background-image":"","background-repeat":"repeat","background-position":"center center","background-size":"auto","background-attachment":"scroll","background-type":"","background-media":"","overlay-type":"","overlay-color":"","overlay-opacity":"","overlay-gradient":""}},"ast-content-background-meta":{"desktop":{"background-color":"var(--ast-global-color-4)","background-image":"","background-repeat":"repeat","background-position":"center center","background-size":"auto","background-attachment":"scroll","background-type":"","background-media":"","overlay-type":"","overlay-color":"","overlay-opacity":"","overlay-gradient":""},"tablet":{"background-color":"var(--ast-global-color-4)","background-image":"","background-repeat":"repeat","background-position":"center center","background-size":"auto","background-attachment":"scroll","background-type":"","background-media":"","overlay-type":"","overlay-color":"","overlay-opacity":"","overlay-gradient":""},"mobile":{"background-color":"var(--ast-global-color-4)","background-image":"","background-repeat":"repeat","background-position":"center center","background-size":"auto","background-attachment":"scroll","background-type":"","background-media":"","overlay-type":"","overlay-color":"","overlay-opacity":"","overlay-gradient":""}},"footnotes":""},"categories":[1888],"tags":[],"class_list":["post-111123","page","type-page","status-publish","has-post-thumbnail","hentry","category-completed-projects"],"yoast_head":"<!-- This site is optimized with the Yoast SEO Premium plugin v26.6 (Yoast SEO v26.6) - https:\/\/yoast.com\/wordpress\/plugins\/seo\/ -->\n<title>Maurice Gibb Park - City of Miami Beach<\/title>\n<meta name=\"description\" content=\"Explore the improvements at Maurice Gibb Park, featuring a new music-themed playground and enhanced living shoreline.\" \/>\n<meta name=\"robots\" content=\"index, follow, max-snippet:-1, max-image-preview:large, max-video-preview:-1\" \/>\n<link rel=\"canonical\" href=\"https:\/\/www.miamibeachfl.gov\/pt\/projects\/maurice-gibb-park\/\" \/>\n<meta property=\"og:locale\" content=\"pt_BR\" \/>\n<meta property=\"og:type\" content=\"article\" \/>\n<meta property=\"og:title\" content=\"Maurice Gibb Park\" \/>\n<meta property=\"og:description\" content=\"Explore the improvements at Maurice Gibb Park, featuring a new music-themed playground and enhanced living shoreline.\" \/>\n<meta property=\"og:url\" content=\"https:\/\/www.miamibeachfl.gov\/pt\/projects\/maurice-gibb-park\/\" \/>\n<meta property=\"og:site_name\" content=\"City of Miami Beach\" \/>\n<meta property=\"article:publisher\" content=\"https:\/\/www.facebook.com\/cityofmiamibeach\" \/>\n<meta property=\"article:modified_time\" content=\"2026-04-03T16:57:31+00:00\" \/>\n<meta property=\"og:image\" content=\"https:\/\/www.miamibeachfl.gov\/wp-content\/uploads\/2024\/03\/ParksSquare-MauriceGibb.jpeg\" \/>\n\t<meta property=\"og:image:width\" content=\"500\" \/>\n\t<meta property=\"og:image:height\" content=\"500\" \/>\n\t<meta property=\"og:image:type\" content=\"image\/jpeg\" \/>\n<meta name=\"twitter:card\" content=\"summary_large_image\" \/>\n<meta name=\"twitter:site\" content=\"@Miamibeachnews\" \/>\n<script type=\"application\/ld+json\" class=\"yoast-schema-graph\">{\"@context\":\"https:\/\/schema.org\",\"@graph\":[{\"@type\":\"WebPage\",\"@id\":\"https:\/\/www.miamibeachfl.gov\/projects\/maurice-gibb-park\/\",\"url\":\"https:\/\/www.miamibeachfl.gov\/projects\/maurice-gibb-park\/\",\"name\":\"Maurice Gibb Park - City of Miami Beach\",\"isPartOf\":{\"@id\":\"https:\/\/www.miamibeachfl.gov\/#website\"},\"primaryImageOfPage\":{\"@id\":\"https:\/\/www.miamibeachfl.gov\/projects\/maurice-gibb-park\/#primaryimage\"},\"image\":{\"@id\":\"https:\/\/www.miamibeachfl.gov\/projects\/maurice-gibb-park\/#primaryimage\"},\"thumbnailUrl\":\"https:\/\/www.miamibeachfl.gov\/wp-content\/uploads\/2024\/03\/ParksSquare-MauriceGibb.jpeg\",\"datePublished\":\"2019-07-29T20:10:50+00:00\",\"dateModified\":\"2026-04-03T16:57:31+00:00\",\"description\":\"Explore the improvements at Maurice Gibb Park, featuring a new music-themed playground and enhanced living shoreline.\",\"breadcrumb\":{\"@id\":\"https:\/\/www.miamibeachfl.gov\/projects\/maurice-gibb-park\/#breadcrumb\"},\"inLanguage\":\"pt-BR\",\"potentialAction\":[{\"@type\":\"ReadAction\",\"target\":[\"https:\/\/www.miamibeachfl.gov\/projects\/maurice-gibb-park\/\"]}]},{\"@type\":\"ImageObject\",\"inLanguage\":\"pt-BR\",\"@id\":\"https:\/\/www.miamibeachfl.gov\/projects\/maurice-gibb-park\/#primaryimage\",\"url\":\"https:\/\/www.miamibeachfl.gov\/wp-content\/uploads\/2024\/03\/ParksSquare-MauriceGibb.jpeg\",\"contentUrl\":\"https:\/\/www.miamibeachfl.gov\/wp-content\/uploads\/2024\/03\/ParksSquare-MauriceGibb.jpeg\",\"width\":500,\"height\":500,\"caption\":\"Maurice Gibb Park\"},{\"@type\":\"BreadcrumbList\",\"@id\":\"https:\/\/www.miamibeachfl.gov\/projects\/maurice-gibb-park\/#breadcrumb\",\"itemListElement\":[{\"@type\":\"ListItem\",\"position\":1,\"name\":\"Home\",\"item\":\"https:\/\/www.miamibeachfl.gov\/\"},{\"@type\":\"ListItem\",\"position\":2,\"name\":\"Projects\",\"item\":\"https:\/\/www.miamibeachfl.gov\/projects\/\"},{\"@type\":\"ListItem\",\"position\":3,\"name\":\"Maurice Gibb Park\"}]},{\"@type\":\"WebSite\",\"@id\":\"https:\/\/www.miamibeachfl.gov\/#website\",\"url\":\"https:\/\/www.miamibeachfl.gov\/\",\"name\":\"City of Miami Beach\",\"description\":\"The official website of the City of Miami Beach. Stay informed, find important information on city services, news, alerts, events, trolley routes, government employment and more.\",\"publisher\":{\"@id\":\"https:\/\/www.miamibeachfl.gov\/#organization\"},\"potentialAction\":[{\"@type\":\"SearchAction\",\"target\":{\"@type\":\"EntryPoint\",\"urlTemplate\":\"https:\/\/www.miamibeachfl.gov\/?s={search_term_string}\"},\"query-input\":{\"@type\":\"PropertyValueSpecification\",\"valueRequired\":true,\"valueName\":\"search_term_string\"}}],\"inLanguage\":\"pt-BR\"},{\"@type\":\"Organization\",\"@id\":\"https:\/\/www.miamibeachfl.gov\/#organization\",\"name\":\"City of Miami Beach\",\"url\":\"https:\/\/www.miamibeachfl.gov\/\",\"logo\":{\"@type\":\"ImageObject\",\"inLanguage\":\"pt-BR\",\"@id\":\"https:\/\/www.miamibeachfl.gov\/#\/schema\/logo\/image\/\",\"url\":\"https:\/\/www.miamibeachfl.gov\/wp-content\/uploads\/2022\/06\/miamibeach-logoblue.png\",\"contentUrl\":\"https:\/\/www.miamibeachfl.gov\/wp-content\/uploads\/2022\/06\/miamibeach-logoblue.png\",\"width\":1962,\"height\":381,\"caption\":\"City of Miami Beach\"},\"image\":{\"@id\":\"https:\/\/www.miamibeachfl.gov\/#\/schema\/logo\/image\/\"},\"sameAs\":[\"https:\/\/www.facebook.com\/cityofmiamibeach\",\"https:\/\/x.com\/Miamibeachnews\",\"https:\/\/www.instagram.com\/miamibeachnews\/\"],\"description\":\"The official website of the City of Miami Beach. Stay informed, find important information on city services, news, alerts, events, trolley routes, government employment and more.\",\"telephone\":\"305.604.CITY(2489)\",\"legalName\":\"City of Miami Beach\"}]}<\/script>\n<!-- \/ Yoast SEO Premium plugin. -->","yoast_head_json":{"title":"Parque Maurice Gibb - Cidade de Miami Beach","description":"Explore the improvements at Maurice Gibb Park, featuring a new music-themed playground and enhanced living shoreline.","robots":{"index":"index","follow":"follow","max-snippet":"max-snippet:-1","max-image-preview":"max-image-preview:large","max-video-preview":"max-video-preview:-1"},"canonical":"https:\/\/www.miamibeachfl.gov\/pt\/projects\/maurice-gibb-park\/","og_locale":"pt_BR","og_type":"article","og_title":"Maurice Gibb Park","og_description":"Explore the improvements at Maurice Gibb Park, featuring a new music-themed playground and enhanced living shoreline.","og_url":"https:\/\/www.miamibeachfl.gov\/pt\/projects\/maurice-gibb-park\/","og_site_name":"City of Miami Beach","article_publisher":"https:\/\/www.facebook.com\/cityofmiamibeach","article_modified_time":"2026-04-03T16:57:31+00:00","og_image":[{"width":500,"height":500,"url":"https:\/\/www.miamibeachfl.gov\/wp-content\/uploads\/2024\/03\/ParksSquare-MauriceGibb.jpeg","type":"image\/jpeg"}],"twitter_card":"summary_large_image","twitter_site":"@Miamibeachnews","schema":{"@context":"https:\/\/schema.org","@graph":[{"@type":"WebPage","@id":"https:\/\/www.miamibeachfl.gov\/projects\/maurice-gibb-park\/","url":"https:\/\/www.miamibeachfl.gov\/projects\/maurice-gibb-park\/","name":"Parque Maurice Gibb - Cidade de Miami Beach","isPartOf":{"@id":"https:\/\/www.miamibeachfl.gov\/#website"},"primaryImageOfPage":{"@id":"https:\/\/www.miamibeachfl.gov\/projects\/maurice-gibb-park\/#primaryimage"},"image":{"@id":"https:\/\/www.miamibeachfl.gov\/projects\/maurice-gibb-park\/#primaryimage"},"thumbnailUrl":"https:\/\/www.miamibeachfl.gov\/wp-content\/uploads\/2024\/03\/ParksSquare-MauriceGibb.jpeg","datePublished":"2019-07-29T20:10:50+00:00","dateModified":"2026-04-03T16:57:31+00:00","description":"Explore the improvements at Maurice Gibb Park, featuring a new music-themed playground and enhanced living shoreline.","breadcrumb":{"@id":"https:\/\/www.miamibeachfl.gov\/projects\/maurice-gibb-park\/#breadcrumb"},"inLanguage":"pt-BR","potentialAction":[{"@type":"ReadAction","target":["https:\/\/www.miamibeachfl.gov\/projects\/maurice-gibb-park\/"]}]},{"@type":"ImageObject","inLanguage":"pt-BR","@id":"https:\/\/www.miamibeachfl.gov\/projects\/maurice-gibb-park\/#primaryimage","url":"https:\/\/www.miamibeachfl.gov\/wp-content\/uploads\/2024\/03\/ParksSquare-MauriceGibb.jpeg","contentUrl":"https:\/\/www.miamibeachfl.gov\/wp-content\/uploads\/2024\/03\/ParksSquare-MauriceGibb.jpeg","width":500,"height":500,"caption":"Maurice Gibb Park"},{"@type":"BreadcrumbList","@id":"https:\/\/www.miamibeachfl.gov\/projects\/maurice-gibb-park\/#breadcrumb","itemListElement":[{"@type":"ListItem","position":1,"name":"Home","item":"https:\/\/www.miamibeachfl.gov\/"},{"@type":"ListItem","position":2,"name":"Projects","item":"https:\/\/www.miamibeachfl.gov\/projects\/"},{"@type":"ListItem","position":3,"name":"Maurice Gibb Park"}]},{"@type":"WebSite","@id":"https:\/\/www.miamibeachfl.gov\/#website","url":"https:\/\/www.miamibeachfl.gov\/","name":"Cidade de Miami Beach","description":"Site oficial da cidade de Miami Beach. Mantenha-se informado e encontre informa\u00e7\u00f5es importantes sobre servi\u00e7os municipais, not\u00edcias, alertas, eventos, rotas de bonde, empregos p\u00fablicos e muito mais.","publisher":{"@id":"https:\/\/www.miamibeachfl.gov\/#organization"},"potentialAction":[{"@type":"SearchAction","target":{"@type":"EntryPoint","urlTemplate":"https:\/\/www.miamibeachfl.gov\/?s={search_term_string}"},"query-input":{"@type":"PropertyValueSpecification","valueRequired":true,"valueName":"search_term_string"}}],"inLanguage":"pt-BR"},{"@type":"Organization","@id":"https:\/\/www.miamibeachfl.gov\/#organization","name":"Cidade de Miami Beach","url":"https:\/\/www.miamibeachfl.gov\/","logo":{"@type":"ImageObject","inLanguage":"pt-BR","@id":"https:\/\/www.miamibeachfl.gov\/#\/schema\/logo\/image\/","url":"https:\/\/www.miamibeachfl.gov\/wp-content\/uploads\/2022\/06\/miamibeach-logoblue.png","contentUrl":"https:\/\/www.miamibeachfl.gov\/wp-content\/uploads\/2022\/06\/miamibeach-logoblue.png","width":1962,"height":381,"caption":"City of Miami Beach"},"image":{"@id":"https:\/\/www.miamibeachfl.gov\/#\/schema\/logo\/image\/"},"sameAs":["https:\/\/www.facebook.com\/cityofmiamibeach","https:\/\/x.com\/Miamibeachnews","https:\/\/www.instagram.com\/miamibeachnews\/"],"description":"Site oficial da cidade de Miami Beach. Mantenha-se informado e encontre informa\u00e7\u00f5es importantes sobre servi\u00e7os municipais, not\u00edcias, alertas, eventos, rotas de bonde, empregos p\u00fablicos e muito mais.","telephone":"305.604.CITY(2489)","legalName":"City of Miami Beach"}]}},"_links":{"self":[{"href":"https:\/\/www.miamibeachfl.gov\/pt\/wp-json\/wp\/v2\/pages\/111123","targetHints":{"allow":["GET"]}}],"collection":[{"href":"https:\/\/www.miamibeachfl.gov\/pt\/wp-json\/wp\/v2\/pages"}],"about":[{"href":"https:\/\/www.miamibeachfl.gov\/pt\/wp-json\/wp\/v2\/types\/page"}],"author":[{"embeddable":true,"href":"https:\/\/www.miamibeachfl.gov\/pt\/wp-json\/wp\/v2\/users\/222"}],"replies":[{"embeddable":true,"href":"https:\/\/www.miamibeachfl.gov\/pt\/wp-json\/wp\/v2\/comments?post=111123"}],"version-history":[{"count":0,"href":"https:\/\/www.miamibeachfl.gov\/pt\/wp-json\/wp\/v2\/pages\/111123\/revisions"}],"up":[{"embeddable":true,"href":"https:\/\/www.miamibeachfl.gov\/pt\/wp-json\/wp\/v2\/pages\/397831"}],"wp:featuredmedia":[{"embeddable":true,"href":"https:\/\/www.miamibeachfl.gov\/pt\/wp-json\/wp\/v2\/media\/291230"}],"wp:attachment":[{"href":"https:\/\/www.miamibeachfl.gov\/pt\/wp-json\/wp\/v2\/media?parent=111123"}],"wp:term":[{"taxonomy":"category","embeddable":true,"href":"https:\/\/www.miamibeachfl.gov\/pt\/wp-json\/wp\/v2\/categories?post=111123"},{"taxonomy":"post_tag","embeddable":true,"href":"https:\/\/www.miamibeachfl.gov\/pt\/wp-json\/wp\/v2\/tags?post=111123"}],"curies":[{"name":"wp","href":"https:\/\/api.w.org\/{rel}","templated":true}]}}