{"id":111227,"date":"2019-07-30T16:37:56","date_gmt":"2019-07-30T20:37:56","guid":{"rendered":"http:\/\/www.miamibeachfl.gov\/city-hall\/city-clerk\/election-information\/cmb_election\/election-related-resolutions\/"},"modified":"2025-02-23T14:29:03","modified_gmt":"2025-02-23T19:29:03","slug":"election-related-resolutions","status":"publish","type":"page","link":"https:\/\/www.miamibeachfl.gov\/pt\/city-hall\/city-clerk\/election-information\/cmb_election\/election-related-resolutions\/","title":{"rendered":"Resolu\u00e7\u00f5es relacionadas \u00e0s elei\u00e7\u00f5es"},"content":{"rendered":"<img loading=\"lazy\" decoding=\"async\" src=\"https:\/\/www.miamibeachfl.gov\/wp-content\/uploads\/2022\/07\/hero-small.jpg\" alt=\"ocean drive art deco buildings\" itemprop=\"image\" height=\"211\" width=\"2395\" title=\"her\u00f3i-pequeno\" onerror=\"this.style.display='none'\"  \/>\n<h1>\n\t\tResolu\u00e7\u00f5es relacionadas \u00e0s elei\u00e7\u00f5es\n\t<\/h1>\n\t<nav id=\"breadcrumbs\" aria-label=\"Migalhas de p\u00e3o\"><a href=\"https:\/\/www.miamibeachfl.gov\/pt\/\">Lar<\/a> &gt; <a href=\"https:\/\/www.miamibeachfl.gov\/pt\/city-hall\/\">Prefeitura<\/a> &gt; <a href=\"https:\/\/www.miamibeachfl.gov\/pt\/city-hall\/city-clerk\/\">Escriv\u00e3o da cidade<\/a> &gt; <a href=\"https:\/\/www.miamibeachfl.gov\/pt\/city-hall\/city-clerk\/election-information\/\">Informa\u00e7\u00f5es sobre elei\u00e7\u00f5es<\/a> &gt; <a href=\"https:\/\/www.miamibeachfl.gov\/pt\/city-hall\/city-clerk\/election-information\/cmb_election\/\">Informa\u00e7\u00f5es de 2019<\/a> &gt; <strong>Resolu\u00e7\u00f5es relacionadas \u00e0s elei\u00e7\u00f5es<\/strong><\/nav>\n\t<ul>\n<li><a href=\"http:\/\/www.miamibeachfl.gov\/wp-content\/uploads\/2019\/07\/Resolution-2019-30895.pdf\">Resolu\u00e7\u00e3o n\u00ba 2019-30895<\/a><br \/>\nRESOLU\u00c7\u00c3O DO PREFEITO E DA COMISS\u00c3O MUNICIPAL DA CIDADE DE MIAMI BEACH, FL\u00d3RIDA, CONVOCANDO UMA ELEI\u00c7\u00c3O GERAL A SER REALIZADA EM 5 DE NOVEMBRO DE 2019 NA CIDADE DE MIAMI BEACH COM O OBJETIVO DE ELEGER UM PREFEITO E TR\u00caS COMISS\u00c1RIOS MUNICIPAIS (GRUPOS IV, V E VI); PREVENINDO AINDA UM SEGUNDO TURNO, SE NECESS\u00c1RIO, A SER REALIZADO EM 19 DE NOVEMBRO DE 2019; PREVENINDO A CONDU\u00c7\u00c3O DESSAS ELEI\u00c7\u00d5ES PELO DEPARTAMENTO DE ELEI\u00c7\u00d5ES DO CONDADO DE MIAMI-DADE; PREVENINDO QUE AS DISTRIBUI\u00c7\u00d5ES ELEITORAIS PARA AS ELEI\u00c7\u00d5ES SER\u00c3O AQUELAS ESTABELECIDAS PELO CONDADO DE MIAMI-DADE; PREVENINDO A NOTIFICA\u00c7\u00c3O DAS ELEI\u00c7\u00d5ES; FORNECENDO OS FORMUL\u00c1RIOS DE C\u00c9DULA E REGISTRO DE ELEITORES DE ACORDO COM A LEI ESTADUAL; E FORNECENDO O PAGAMENTO PARA A REALIZA\u00c7\u00c3O DE ELEI\u00c7\u00d5ES NO CONDADO DE MIAMI-DADE.<\/li>\n<li><a href=\"http:\/\/www.miamibeachfl.gov\/wp-content\/uploads\/2019\/07\/Resolution-2019-30896.pdf\">Resolu\u00e7\u00e3o n\u00ba 2019-30896<\/a><br \/>\nRESOLU\u00c7\u00c3O DO PREFEITO E DA COMISS\u00c3O MUNICIPAL DA CIDADE DE MIAMI BEACH, FL\u00d3RIDA, AUTORIZANDO A VOTA\u00c7\u00c3O ANTECIPADA PARA A ELEI\u00c7\u00c3O GERAL DA CIDADE DE MIAMI BEACH DE 5 DE NOVEMBRO DE 2019, ELEI\u00c7\u00c3O ESPECIAL E, SE NECESS\u00c1RIO, UM SEGUNDO TURNO EM 19 DE NOVEMBRO DE 2019.<\/li>\n<li><a href=\"http:\/\/www.miamibeachfl.gov\/wp-content\/uploads\/2019\/08\/Resolution-2019-30897.pdf\">Resolu\u00e7\u00e3o n\u00ba 2019-30897<\/a><br \/>\nRESOLU\u00c7\u00c3O DO PREFEITO E DA COMISS\u00c3O MUNICIPAL DA CIDADE DE MIAMI BEACH, FL\u00d3RIDA, AUTORIZANDO A ADMINISTRA\u00c7\u00c3O A GRAVAR E TRANSMITIR NA MBTV AS APRESENTA\u00c7\u00d5ES EM V\u00cdDEO DO PREFEITO E DOS CANDIDATOS \u00c0 COMISS\u00c3O DOS GRUPOS IV, V E VI PARA A ELEI\u00c7\u00c3O GERAL DE 5 DE NOVEMBRO DE 2019.<\/li>\n<li><a href=\"http:\/\/www.miamibeachfl.gov\/wp-content\/uploads\/2019\/08\/Resolution-2019-30898.pdf\">Resolu\u00e7\u00e3o n\u00ba 2019-30898<\/a><br \/>\nRESOLU\u00c7\u00c3O DO PREFEITO E DA COMISS\u00c3O MUNICIPAL DA CIDADE DE MIAMI BEACH, FL\u00d3RIDA, APROVANDO UM DESPENSA DE FUNDOS OR\u00c7AMENTADOS EM VALORES RAZO\u00c1VEIS E NECESS\u00c1RIOS PARA O FIM P\u00daBLICO DE INFORMAR E EDUCAR OS ELEITORES DA CIDADE DE MIAMI BEACH SOBRE A(S) QUEST\u00c3O(\u00d5ES) DA C\u00c9DULA NA C\u00c9DULA ELEITORAL ESPECIAL DA CIDADE DE 5 DE NOVEMBRO DE 2019, A FIM DE OBTER UM VOTO DO ELEITORADO MAIS INFORMADO.<\/li>\n<li><a href=\"http:\/\/www.miamibeachfl.gov\/wp-content\/uploads\/2019\/10\/Resolution-2019-30899.pdf\">Resolu\u00e7\u00e3o n\u00ba 2019-30899<\/a><br \/>\nRESOLU\u00c7\u00c3O DO PREFEITO E DA COMISS\u00c3O MUNICIPAL DA CIDADE DE MIAMI BEACH, FL\u00d3RIDA, CONVOCANDO UMA ELEI\u00c7\u00c3O ESPECIAL EM 5 DE NOVEMBRO DE 2019, COM O OBJETIVO DE SUBMETER AO ELEITORADO DA CIDADE DE MIAMI BEACH, FL\u00d3RIDA, UMA QUEST\u00c3O PERGUNTANDO SE, A PARTIR DA ELEI\u00c7\u00c3O GERAL DA CIDADE DE NOVEMBRO DE 2021, AS SE\u00c7\u00d5ES 2. 01 E 2. 02 DO REGIME DA CIDADE DEVEM SER ALTERADAS PARA: AUMENTAR O MANDATO DO PREFEITO DE DOIS PARA QUATRO ANOS; ALTERAR O LIMITE DO MANDATO DO PREFEITO DE TR\u00caS MANDATOS DE DOIS ANOS PARA DOIS MANDATOS DE QUATRO ANOS; MANTER AS DISPOSI\u00c7\u00d5ES RETROATIVAS DE MEDI\u00c7\u00c3O E C\u00c1LCULO DO REGIME; E PRO\u00cdBE PESSOAS DE SERVIR COMO PREFEITO POR MAIS DE OITO ANOS (PER\u00cdODO INCLUINDO ANOS ANTERIORMENTE SERVIDOS COMO PREFEITO), EXCETO PARA CONCLUIR UM MANDATO, DO QUAL METADE TENHA SIDO CUMPRIDO.<\/li>\n<li><a href=\"http:\/\/www.miamibeachfl.gov\/wp-content\/uploads\/2019\/10\/Resolution-2019-30900.pdf\">Resolu\u00e7\u00e3o n\u00ba 2019-30900<\/a><br \/>\nRESOLU\u00c7\u00c3O DO PREFEITO E DA COMISS\u00c3O MUNICIPAL DA CIDADE DE MIAMI BEACH, FL\u00d3RIDA, CONVOCANDO UMA ELEI\u00c7\u00c3O ESPECIAL EM 5 DE NOVEMBRO DE 2019, COM O OBJETIVO DE SUBMETER AO ELEITORADO DA CIDADE DE MIAMI BEACH, FL\u00d3RIDA, UMA QUEST\u00c3O PERGUNTANDO SE, A PARTIR DAS ELEI\u00c7\u00d5ES GERAIS DA CIDADE DE NOVEMBRO DE 2021, A SE\u00c7\u00c3O 2.02 DO REGIMENTO MUNICIPAL DEVE SER ALTERADA PARA AUMENTAR A REMUNERA\u00c7\u00c3O ANUAL DO PREFEITO E DOS COMISS\u00c1RIOS MUNICIPAIS,<br \/>\nAS REFERIDAS INDENIZA\u00c7\u00d5ES SER\u00c3O AUMENTADAS ANUALMENTE COM BASE NO \u00cdNDICE DE PRE\u00c7OS AO CONSUMIDOR, N\u00c3O EXCEDENDO TR\u00caS POR CENTO AO ANO.<\/li>\n<li><a href=\"http:\/\/www.miamibeachfl.gov\/wp-content\/uploads\/2019\/10\/Resolution-2019-30901.pdf\">Resolu\u00e7\u00e3o n\u00ba 2019-30901<\/a><br \/>\nRESOLU\u00c7\u00c3O DO PREFEITO E DA COMISS\u00c3O MUNICIPAL DA CIDADE DE MIAMI BEACH, FL\u00d3RIDA, CONVOCANDO UMA ELEI\u00c7\u00c3O ESPECIAL PARA A CIDADE DE MIAMI BEACH EM 5 DE NOVEMBRO DE 2019, COM O OBJETIVO DE SUBMETER AO ELEITORADO DA CIDADE DE MIAMI BEACH UMA QUEST\u00c3O PERGUNTANDO SE A SE\u00c7\u00c3O 2.07 DO REGIMENTO MUNICIPAL, QUE ESTABELECE PROCEDIMENTOS PARA O PREENCHIMENTO DE VAGAS NA COMISS\u00c3O MUNICIPAL, DEVE SER ALTERADA PARA CRIAR PROCEDIMENTOS PARA O PREENCHIMENTO DE UMA VAZIA CAUSADA PELA REN\u00daNCIA DE UM MEMBRO DA COMISS\u00c3O MUNICIPAL, ESCLARECE QUE, EM CASO DE QUALQUER VAZIA, A COMISS\u00c3O N\u00c3O \u00c9 OBRIGADA A NOMEAR ALGU\u00c9M PARA PREENCHER A VAGA, MAS, EM VEZ DISSO, DEVE DECIDIR SE MARCAR OU AGENDAR UMA ELEI\u00c7\u00c3O E ESTABELECER O CRONOGRAMA DAS NOMEA\u00c7\u00d5ES<br \/>\nE ELEI\u00c7\u00d5ES, COM OUTRAS DISPOSI\u00c7\u00d5ES RELACIONADAS \u00c0S ELEI\u00c7\u00d5ES A SEREM ESTABELECIDAS NA RESOLU\u00c7\u00c3O DA MUNIC\u00cdPIO QUE AGENDOU A REFERIDA ELEI\u00c7\u00c3O.<\/li>\n<li><a href=\"http:\/\/www.miamibeachfl.gov\/wp-content\/uploads\/2019\/10\/Resolution-2019-30902.pdf\">Resolu\u00e7\u00e3o n\u00ba 2019-30902<\/a><br \/>\nRESOLU\u00c7\u00c3O DO PREFEITO E DA COMISS\u00c3O MUNICIPAL DA CIDADE DE MIAMI BEACH, FL\u00d3RIDA, CONVOCANDO UMA ELEI\u00c7\u00c3O ESPECIAL EM 5 DE NOVEMBRO DE 2019, COM O OBJETIVO DE SUBMETER AO ELEITORADO DA CIDADE DE MIAMI BEACH, FL\u00d3RIDA, UMA QUEST\u00c3O DE VOTA\u00c7\u00c3O PERGUNTANDO SE O PRINCIPAL CENTRO DE CONVEN\u00c7\u00d5ES<br \/>\nPARQUE\/LOTE (LOCALIZADO GERALMENTE A OESTE DA CONVENTION CENTER DRIVE, A LESTE DA MERIDIAN AVENUE E ENTRE AS RUAS 18 E 19) DEVER\u00c1 SER NOMEADO<br \/>\nPARQUE DO ORGULHO \u201c?<\/li>\n<li><a href=\"http:\/\/www.miamibeachfl.gov\/wp-content\/uploads\/2019\/10\/Resolution-2019-30903.pdf\">Resolu\u00e7\u00e3o n\u00ba 2019-30903<\/a><br \/>\nRESOLU\u00c7\u00c3O DO PREFEITO E DA COMISS\u00c3O MUNICIPAL DA CIDADE DE MIAMI BEACH, FL\u00d3RIDA, CONVOCANDO UMA ELEI\u00c7\u00c3O ESPECIAL EM 5 DE NOVEMBRO DE 2019, COM O OBJETIVO DE SUBMETER AO ELEITORADO DA CIDADE DE MIAMI BEACH, FL\u00d3RIDA, UMA QUEST\u00c3O DE VOTA\u00c7\u00c3O PERGUNTANDO SE A COMISS\u00c3O MUNICIPAL DEVER\u00c1 ADOTAR UMA PORTARIA AUTORIZANDO O USO DE NOVA \u00c1REA DE ANDAR DENTRO DE PR\u00c9DIOS HIST\u00d3RICOS PARA A REUTILIZA\u00c7\u00c3O ADAPTATIVA DE TAIS PR\u00c9DIOS.<\/li>\n<li><a href=\"http:\/\/www.miamibeachfl.gov\/wp-content\/uploads\/2019\/10\/Resolution-2019-30904.pdf\">Resolu\u00e7\u00e3o n\u00ba 2019-30904<\/a><br \/>\nRESOLU\u00c7\u00c3O DO PREFEITO E DA COMISS\u00c3O MUNICIPAL DA CIDADE DE MIAMI BEACH, FL\u00d3RIDA, CONVOCANDO UMA ELEI\u00c7\u00c3O ESPECIAL EM 5 DE NOVEMBRO DE 2019, COM O OBJETIVO DE SUBMETER AO ELEITORADO DA CIDADE DE MIAMI BEACH, FL\u00d3RIDA, UMA QUEST\u00c3O DE VOTA\u00c7\u00c3O PERGUNTANDO SE A COMISS\u00c3O MUNICIPAL DEVER\u00c1 ADOTAR UMA PORTARIA AUMENTANDO A PROPOR\u00c7\u00c3O M\u00c1XIMA DE \u00c1REA DE PISO PARA 2,0 PARA PR\u00c9DIOS NO DISTRITO CD-2, AO LONGO DA WASHINGTON AVENUE E ALTON ROAD, QUE CONT\u00caM USOS DE ESCRIT\u00d3RIOS.<\/li>\n<li><a href=\"http:\/\/www.miamibeachfl.gov\/wp-content\/uploads\/2019\/11\/Resolution-2019-31077.pdf\">Resolu\u00e7\u00e3o n\u00ba 2019-31077<\/a><br \/>\nRESOLU\u00c7\u00c3O DO PREFEITO E DA COMISS\u00c3O MUNICIPAL DA CIDADE DE MIAMI BEACH, FL\u00d3RIDA, QUE ALTERA A RESOLU\u00c7\u00c3O DA CIDADE DE MIAMI BEACH N\u00ba 2019-30896 PARA O PROP\u00d3SITO LIMITADO DE AUTORIZAR SEXTA-FEIRA, 15 DE NOVEMBRO DE 2019, COMO UM DIA ADICIONAL DE VOTA\u00c7\u00c3O ANTECIPADA PARA O SEGUNDO TURNO DA ELEI\u00c7\u00c3O NA CIDADE DE MIAMI BEACH, EM 19 DE NOVEMBRO DE 2019.<\/li>\n<\/ul>\n\t\t\t<a href=\"https:\/\/www.miamibeachfl.gov\/pt\/city-hall\/city-clerk\/election-information\/cmb_election\/election-related-resolutions\/\" target=\"_self\" rel=\"noopener\">\n\t\t\t\t\t\t\tResolu\u00e7\u00f5es relacionadas \u00e0s elei\u00e7\u00f5es\n\t\t\t\t\t<\/a>\n\t<div class=\"page-navigation\"><a class=\"prev-page\" href=\"https:\/\/www.miamibeachfl.gov\/pt\/race2trace\/\">\u2190 corrida2trace<\/a> <a class=\"next-page\" href=\"https:\/\/www.miamibeachfl.gov\/pt\/city-hall\/customer-service-center\/wait-times\/\">Tempos de espera \u2192<\/a><\/div>","protected":false},"excerpt":{"rendered":"<p>Election Related Resolutions Home &gt; City Hall &gt; City Clerk &gt; Election Information &gt; 2019 Information &gt; Election Related Resolutions [&hellip;]<\/p>\n","protected":false},"author":222,"featured_media":0,"parent":88833,"menu_order":111,"comment_status":"closed","ping_status":"closed","template":"page-blank.php","meta":{"_searchwp_excluded":"","site-sidebar-layout":"default","site-content-layout":"","ast-site-content-layout":"default","site-content-style":"default","site-sidebar-style":"default","ast-global-header-display":"","ast-banner-title-visibility":"","ast-main-header-display":"","ast-hfb-above-header-display":"","ast-hfb-below-header-display":"","ast-hfb-mobile-header-display":"","site-post-title":"","ast-breadcrumbs-content":"","ast-featured-img":"","footer-sml-layout":"","theme-transparent-header-meta":"","adv-header-id-meta":"","stick-header-meta":"","header-above-stick-meta":"","header-main-stick-meta":"","header-below-stick-meta":"","astra-migrate-meta-layouts":"default","ast-page-background-enabled":"default","ast-page-background-meta":{"desktop":{"background-color":"var(--ast-global-color-5)","background-image":"","background-repeat":"repeat","background-position":"center center","background-size":"auto","background-attachment":"scroll","background-type":"","background-media":"","overlay-type":"","overlay-color":"","overlay-opacity":"","overlay-gradient":""},"tablet":{"background-color":"","background-image":"","background-repeat":"repeat","background-position":"center center","background-size":"auto","background-attachment":"scroll","background-type":"","background-media":"","overlay-type":"","overlay-color":"","overlay-opacity":"","overlay-gradient":""},"mobile":{"background-color":"","background-image":"","background-repeat":"repeat","background-position":"center center","background-size":"auto","background-attachment":"scroll","background-type":"","background-media":"","overlay-type":"","overlay-color":"","overlay-opacity":"","overlay-gradient":""}},"ast-content-background-meta":{"desktop":{"background-color":"var(--ast-global-color-4)","background-image":"","background-repeat":"repeat","background-position":"center center","background-size":"auto","background-attachment":"scroll","background-type":"","background-media":"","overlay-type":"","overlay-color":"","overlay-opacity":"","overlay-gradient":""},"tablet":{"background-color":"var(--ast-global-color-4)","background-image":"","background-repeat":"repeat","background-position":"center center","background-size":"auto","background-attachment":"scroll","background-type":"","background-media":"","overlay-type":"","overlay-color":"","overlay-opacity":"","overlay-gradient":""},"mobile":{"background-color":"var(--ast-global-color-4)","background-image":"","background-repeat":"repeat","background-position":"center center","background-size":"auto","background-attachment":"scroll","background-type":"","background-media":"","overlay-type":"","overlay-color":"","overlay-opacity":"","overlay-gradient":""}},"footnotes":""},"categories":[],"tags":[],"class_list":["post-111227","page","type-page","status-publish","hentry"],"yoast_head":"<!-- This site is optimized with the Yoast SEO Premium plugin v26.6 (Yoast SEO v26.6) - https:\/\/yoast.com\/wordpress\/plugins\/seo\/ -->\n<title>Election Related Resolutions - City of Miami Beach<\/title>\n<meta name=\"description\" content=\"%\" \/>\n<meta name=\"robots\" content=\"index, follow, max-snippet:-1, max-image-preview:large, max-video-preview:-1\" \/>\n<link rel=\"canonical\" href=\"https:\/\/www.miamibeachfl.gov\/pt\/city-hall\/city-clerk\/election-information\/cmb_election\/election-related-resolutions\/\" \/>\n<meta property=\"og:locale\" content=\"pt_BR\" \/>\n<meta property=\"og:type\" content=\"article\" \/>\n<meta property=\"og:title\" content=\"Election Related Resolutions\" \/>\n<meta property=\"og:description\" content=\"%\" \/>\n<meta property=\"og:url\" content=\"https:\/\/www.miamibeachfl.gov\/pt\/city-hall\/city-clerk\/election-information\/cmb_election\/election-related-resolutions\/\" \/>\n<meta property=\"og:site_name\" content=\"City of Miami Beach\" \/>\n<meta property=\"article:publisher\" content=\"https:\/\/www.facebook.com\/cityofmiamibeach\" \/>\n<meta property=\"article:modified_time\" content=\"2025-02-23T19:29:03+00:00\" \/>\n<meta property=\"og:image\" content=\"https:\/\/www.miamibeachfl.gov\/wp-content\/uploads\/2022\/07\/hero-small.jpg\" \/>\n<meta name=\"twitter:card\" content=\"summary_large_image\" \/>\n<meta name=\"twitter:site\" content=\"@Miamibeachnews\" \/>\n<script type=\"application\/ld+json\" class=\"yoast-schema-graph\">{\"@context\":\"https:\/\/schema.org\",\"@graph\":[{\"@type\":\"WebPage\",\"@id\":\"https:\/\/www.miamibeachfl.gov\/city-hall\/city-clerk\/election-information\/cmb_election\/election-related-resolutions\/\",\"url\":\"https:\/\/www.miamibeachfl.gov\/city-hall\/city-clerk\/election-information\/cmb_election\/election-related-resolutions\/\",\"name\":\"Election Related Resolutions - City of Miami Beach\",\"isPartOf\":{\"@id\":\"https:\/\/www.miamibeachfl.gov\/#website\"},\"primaryImageOfPage\":{\"@id\":\"https:\/\/www.miamibeachfl.gov\/city-hall\/city-clerk\/election-information\/cmb_election\/election-related-resolutions\/#primaryimage\"},\"image\":{\"@id\":\"https:\/\/www.miamibeachfl.gov\/city-hall\/city-clerk\/election-information\/cmb_election\/election-related-resolutions\/#primaryimage\"},\"thumbnailUrl\":\"https:\/\/www.miamibeachfl.gov\/wp-content\/uploads\/2022\/07\/hero-small.jpg\",\"datePublished\":\"2019-07-30T20:37:56+00:00\",\"dateModified\":\"2025-02-23T19:29:03+00:00\",\"description\":\"%\",\"breadcrumb\":{\"@id\":\"https:\/\/www.miamibeachfl.gov\/city-hall\/city-clerk\/election-information\/cmb_election\/election-related-resolutions\/#breadcrumb\"},\"inLanguage\":\"pt-BR\",\"potentialAction\":[{\"@type\":\"ReadAction\",\"target\":[\"https:\/\/www.miamibeachfl.gov\/city-hall\/city-clerk\/election-information\/cmb_election\/election-related-resolutions\/\"]}]},{\"@type\":\"ImageObject\",\"inLanguage\":\"pt-BR\",\"@id\":\"https:\/\/www.miamibeachfl.gov\/city-hall\/city-clerk\/election-information\/cmb_election\/election-related-resolutions\/#primaryimage\",\"url\":\"https:\/\/www.miamibeachfl.gov\/wp-content\/uploads\/2022\/07\/hero-small.jpg\",\"contentUrl\":\"https:\/\/www.miamibeachfl.gov\/wp-content\/uploads\/2022\/07\/hero-small.jpg\"},{\"@type\":\"BreadcrumbList\",\"@id\":\"https:\/\/www.miamibeachfl.gov\/city-hall\/city-clerk\/election-information\/cmb_election\/election-related-resolutions\/#breadcrumb\",\"itemListElement\":[{\"@type\":\"ListItem\",\"position\":1,\"name\":\"Home\",\"item\":\"https:\/\/www.miamibeachfl.gov\/\"},{\"@type\":\"ListItem\",\"position\":2,\"name\":\"City Hall\",\"item\":\"https:\/\/www.miamibeachfl.gov\/city-hall\/\"},{\"@type\":\"ListItem\",\"position\":3,\"name\":\"City Clerk\",\"item\":\"https:\/\/www.miamibeachfl.gov\/city-hall\/city-clerk\/\"},{\"@type\":\"ListItem\",\"position\":4,\"name\":\"Election Information\",\"item\":\"https:\/\/www.miamibeachfl.gov\/city-hall\/city-clerk\/election-information\/\"},{\"@type\":\"ListItem\",\"position\":5,\"name\":\"2019 Information\",\"item\":\"https:\/\/www.miamibeachfl.gov\/city-hall\/city-clerk\/election-information\/cmb_election\/\"},{\"@type\":\"ListItem\",\"position\":6,\"name\":\"Election Related Resolutions\"}]},{\"@type\":\"WebSite\",\"@id\":\"https:\/\/www.miamibeachfl.gov\/#website\",\"url\":\"https:\/\/www.miamibeachfl.gov\/\",\"name\":\"City of Miami Beach\",\"description\":\"The official website of the City of Miami Beach. Stay informed, find important information on city services, news, alerts, events, trolley routes, government employment and more.\",\"publisher\":{\"@id\":\"https:\/\/www.miamibeachfl.gov\/#organization\"},\"potentialAction\":[{\"@type\":\"SearchAction\",\"target\":{\"@type\":\"EntryPoint\",\"urlTemplate\":\"https:\/\/www.miamibeachfl.gov\/?s={search_term_string}\"},\"query-input\":{\"@type\":\"PropertyValueSpecification\",\"valueRequired\":true,\"valueName\":\"search_term_string\"}}],\"inLanguage\":\"pt-BR\"},{\"@type\":\"Organization\",\"@id\":\"https:\/\/www.miamibeachfl.gov\/#organization\",\"name\":\"City of Miami Beach\",\"url\":\"https:\/\/www.miamibeachfl.gov\/\",\"logo\":{\"@type\":\"ImageObject\",\"inLanguage\":\"pt-BR\",\"@id\":\"https:\/\/www.miamibeachfl.gov\/#\/schema\/logo\/image\/\",\"url\":\"https:\/\/www.miamibeachfl.gov\/wp-content\/uploads\/2022\/06\/miamibeach-logoblue.png\",\"contentUrl\":\"https:\/\/www.miamibeachfl.gov\/wp-content\/uploads\/2022\/06\/miamibeach-logoblue.png\",\"width\":1962,\"height\":381,\"caption\":\"City of Miami Beach\"},\"image\":{\"@id\":\"https:\/\/www.miamibeachfl.gov\/#\/schema\/logo\/image\/\"},\"sameAs\":[\"https:\/\/www.facebook.com\/cityofmiamibeach\",\"https:\/\/x.com\/Miamibeachnews\",\"https:\/\/www.instagram.com\/miamibeachnews\/\"],\"description\":\"The official website of the City of Miami Beach. Stay informed, find important information on city services, news, alerts, events, trolley routes, government employment and more.\",\"telephone\":\"305.604.CITY(2489)\",\"legalName\":\"City of Miami Beach\"}]}<\/script>\n<!-- \/ Yoast SEO Premium plugin. -->","yoast_head_json":{"title":"Resolu\u00e7\u00f5es Eleitorais - Cidade de Miami Beach","description":"%","robots":{"index":"index","follow":"follow","max-snippet":"max-snippet:-1","max-image-preview":"max-image-preview:large","max-video-preview":"max-video-preview:-1"},"canonical":"https:\/\/www.miamibeachfl.gov\/pt\/city-hall\/city-clerk\/election-information\/cmb_election\/election-related-resolutions\/","og_locale":"pt_BR","og_type":"article","og_title":"Election Related Resolutions","og_description":"%","og_url":"https:\/\/www.miamibeachfl.gov\/pt\/city-hall\/city-clerk\/election-information\/cmb_election\/election-related-resolutions\/","og_site_name":"City of Miami Beach","article_publisher":"https:\/\/www.facebook.com\/cityofmiamibeach","article_modified_time":"2025-02-23T19:29:03+00:00","og_image":[{"url":"https:\/\/www.miamibeachfl.gov\/wp-content\/uploads\/2022\/07\/hero-small.jpg","type":"","width":"","height":""}],"twitter_card":"summary_large_image","twitter_site":"@Miamibeachnews","schema":{"@context":"https:\/\/schema.org","@graph":[{"@type":"WebPage","@id":"https:\/\/www.miamibeachfl.gov\/city-hall\/city-clerk\/election-information\/cmb_election\/election-related-resolutions\/","url":"https:\/\/www.miamibeachfl.gov\/city-hall\/city-clerk\/election-information\/cmb_election\/election-related-resolutions\/","name":"Resolu\u00e7\u00f5es Eleitorais - Cidade de Miami Beach","isPartOf":{"@id":"https:\/\/www.miamibeachfl.gov\/#website"},"primaryImageOfPage":{"@id":"https:\/\/www.miamibeachfl.gov\/city-hall\/city-clerk\/election-information\/cmb_election\/election-related-resolutions\/#primaryimage"},"image":{"@id":"https:\/\/www.miamibeachfl.gov\/city-hall\/city-clerk\/election-information\/cmb_election\/election-related-resolutions\/#primaryimage"},"thumbnailUrl":"https:\/\/www.miamibeachfl.gov\/wp-content\/uploads\/2022\/07\/hero-small.jpg","datePublished":"2019-07-30T20:37:56+00:00","dateModified":"2025-02-23T19:29:03+00:00","description":"%","breadcrumb":{"@id":"https:\/\/www.miamibeachfl.gov\/city-hall\/city-clerk\/election-information\/cmb_election\/election-related-resolutions\/#breadcrumb"},"inLanguage":"pt-BR","potentialAction":[{"@type":"ReadAction","target":["https:\/\/www.miamibeachfl.gov\/city-hall\/city-clerk\/election-information\/cmb_election\/election-related-resolutions\/"]}]},{"@type":"ImageObject","inLanguage":"pt-BR","@id":"https:\/\/www.miamibeachfl.gov\/city-hall\/city-clerk\/election-information\/cmb_election\/election-related-resolutions\/#primaryimage","url":"https:\/\/www.miamibeachfl.gov\/wp-content\/uploads\/2022\/07\/hero-small.jpg","contentUrl":"https:\/\/www.miamibeachfl.gov\/wp-content\/uploads\/2022\/07\/hero-small.jpg"},{"@type":"BreadcrumbList","@id":"https:\/\/www.miamibeachfl.gov\/city-hall\/city-clerk\/election-information\/cmb_election\/election-related-resolutions\/#breadcrumb","itemListElement":[{"@type":"ListItem","position":1,"name":"Home","item":"https:\/\/www.miamibeachfl.gov\/"},{"@type":"ListItem","position":2,"name":"City Hall","item":"https:\/\/www.miamibeachfl.gov\/city-hall\/"},{"@type":"ListItem","position":3,"name":"City Clerk","item":"https:\/\/www.miamibeachfl.gov\/city-hall\/city-clerk\/"},{"@type":"ListItem","position":4,"name":"Election Information","item":"https:\/\/www.miamibeachfl.gov\/city-hall\/city-clerk\/election-information\/"},{"@type":"ListItem","position":5,"name":"2019 Information","item":"https:\/\/www.miamibeachfl.gov\/city-hall\/city-clerk\/election-information\/cmb_election\/"},{"@type":"ListItem","position":6,"name":"Election Related Resolutions"}]},{"@type":"WebSite","@id":"https:\/\/www.miamibeachfl.gov\/#website","url":"https:\/\/www.miamibeachfl.gov\/","name":"Cidade de Miami Beach","description":"Site oficial da cidade de Miami Beach. Mantenha-se informado e encontre informa\u00e7\u00f5es importantes sobre servi\u00e7os municipais, not\u00edcias, alertas, eventos, rotas de bonde, empregos p\u00fablicos e muito mais.","publisher":{"@id":"https:\/\/www.miamibeachfl.gov\/#organization"},"potentialAction":[{"@type":"SearchAction","target":{"@type":"EntryPoint","urlTemplate":"https:\/\/www.miamibeachfl.gov\/?s={search_term_string}"},"query-input":{"@type":"PropertyValueSpecification","valueRequired":true,"valueName":"search_term_string"}}],"inLanguage":"pt-BR"},{"@type":"Organization","@id":"https:\/\/www.miamibeachfl.gov\/#organization","name":"Cidade de Miami Beach","url":"https:\/\/www.miamibeachfl.gov\/","logo":{"@type":"ImageObject","inLanguage":"pt-BR","@id":"https:\/\/www.miamibeachfl.gov\/#\/schema\/logo\/image\/","url":"https:\/\/www.miamibeachfl.gov\/wp-content\/uploads\/2022\/06\/miamibeach-logoblue.png","contentUrl":"https:\/\/www.miamibeachfl.gov\/wp-content\/uploads\/2022\/06\/miamibeach-logoblue.png","width":1962,"height":381,"caption":"City of Miami Beach"},"image":{"@id":"https:\/\/www.miamibeachfl.gov\/#\/schema\/logo\/image\/"},"sameAs":["https:\/\/www.facebook.com\/cityofmiamibeach","https:\/\/x.com\/Miamibeachnews","https:\/\/www.instagram.com\/miamibeachnews\/"],"description":"Site oficial da cidade de Miami Beach. Mantenha-se informado e encontre informa\u00e7\u00f5es importantes sobre servi\u00e7os municipais, not\u00edcias, alertas, eventos, rotas de bonde, empregos p\u00fablicos e muito mais.","telephone":"305.604.CITY(2489)","legalName":"City of Miami Beach"}]}},"_links":{"self":[{"href":"https:\/\/www.miamibeachfl.gov\/pt\/wp-json\/wp\/v2\/pages\/111227","targetHints":{"allow":["GET"]}}],"collection":[{"href":"https:\/\/www.miamibeachfl.gov\/pt\/wp-json\/wp\/v2\/pages"}],"about":[{"href":"https:\/\/www.miamibeachfl.gov\/pt\/wp-json\/wp\/v2\/types\/page"}],"author":[{"embeddable":true,"href":"https:\/\/www.miamibeachfl.gov\/pt\/wp-json\/wp\/v2\/users\/222"}],"replies":[{"embeddable":true,"href":"https:\/\/www.miamibeachfl.gov\/pt\/wp-json\/wp\/v2\/comments?post=111227"}],"version-history":[{"count":0,"href":"https:\/\/www.miamibeachfl.gov\/pt\/wp-json\/wp\/v2\/pages\/111227\/revisions"}],"up":[{"embeddable":true,"href":"https:\/\/www.miamibeachfl.gov\/pt\/wp-json\/wp\/v2\/pages\/88833"}],"wp:attachment":[{"href":"https:\/\/www.miamibeachfl.gov\/pt\/wp-json\/wp\/v2\/media?parent=111227"}],"wp:term":[{"taxonomy":"category","embeddable":true,"href":"https:\/\/www.miamibeachfl.gov\/pt\/wp-json\/wp\/v2\/categories?post=111227"},{"taxonomy":"post_tag","embeddable":true,"href":"https:\/\/www.miamibeachfl.gov\/pt\/wp-json\/wp\/v2\/tags?post=111227"}],"curies":[{"name":"wp","href":"https:\/\/api.w.org\/{rel}","templated":true}]}}