{"id":114248,"date":"2019-09-05T12:14:02","date_gmt":"2019-09-05T16:14:02","guid":{"rendered":"http:\/\/www.miamibeachfl.gov\/?page_id=114248"},"modified":"2025-12-12T08:42:52","modified_gmt":"2025-12-12T13:42:52","slug":"city-managers-budget-message","status":"publish","type":"page","link":"https:\/\/www.miamibeachfl.gov\/pt\/city-hall\/office-of-budget-peformance\/budget\/city-managers-budget-message\/","title":{"rendered":"Mensagem do Gerente Municipal sobre o Or\u00e7amento"},"content":{"rendered":"<img decoding=\"async\" src=\"https:\/\/www.miamibeachfl.gov\/wp-content\/uploads\/2022\/07\/hero-small.jpg\" alt=\"ocean drive art deco buildings\" itemprop=\"image\" height=\"211\" width=\"2395\" title=\"her\u00f3i-pequeno\" onerror=\"this.style.display='none'\" loading=\"lazy\" \/>\n<h1>\n\t\t\tMensagem do Gerente Municipal sobre o Or\u00e7amento\t<\/h1>\n\t<nav id=\"breadcrumbs\" aria-label=\"Migalhas de p\u00e3o\"><a href=\"https:\/\/www.miamibeachfl.gov\/pt\/\">Lar<\/a> &gt; <a href=\"https:\/\/www.miamibeachfl.gov\/pt\/city-hall\/\">Prefeitura<\/a> &gt; <a href=\"https:\/\/www.miamibeachfl.gov\/pt\/city-hall\/office-of-budget-peformance\/\">Gest\u00e3o e Or\u00e7amento<\/a> &gt; <a href=\"https:\/\/www.miamibeachfl.gov\/pt\/city-hall\/office-of-budget-peformance\/budget\/\">Or\u00e7amento<\/a> &gt; <strong>Mensagem do Gerente Municipal sobre o Or\u00e7amento<\/strong><\/nav>\n\t<p>FY 2026 City Manager&#8217;s Adopted Budget Message<\/p>\n<p>26-<a href=\"https:\/\/www.miamibeachfl.gov\/wp-content\/uploads\/2025\/12\/City-Managers-Message.pdf\">City Manager&#8217;s Message<\/a><\/p>\n\t\tNavegar para\u2026\t\t\t\n\t\t\t\t\t<ul id=\"menu-budget-and-management-budget\"><li id=\"menu-item-363439\"><a href=\"\/pt\/city-hall\/office-of-budget-peformance\/budget\/budget-amendments-resolutions-fy-2020\/\">Emendas e Resolu\u00e7\u00f5es Or\u00e7ament\u00e1rias para o Ano Fiscal de 2020<\/a><\/li>\n<li id=\"menu-item-363440\"><a href=\"\/pt\/city-hall\/office-of-budget-peformance\/budget\/budget-amendments-resolutions-fy-2021\/\">Emendas e Resolu\u00e7\u00f5es Or\u00e7ament\u00e1rias para o Ano Fiscal de 2021<\/a><\/li>\n<li id=\"menu-item-363441\"><a href=\"\/pt\/city-hall\/office-of-budget-peformance\/budget\/budget-amendments-resolutions-fy-2022\/\">Emendas e Resolu\u00e7\u00f5es Or\u00e7ament\u00e1rias para o Ano Fiscal de 2022<\/a><\/li>\n<li id=\"menu-item-363442\"><a href=\"\/pt\/city-hall\/office-of-budget-peformance\/budget\/budget-amendments-resolutions-fy-2023\/\">Emendas e Resolu\u00e7\u00f5es Or\u00e7ament\u00e1rias para o Ano Fiscal de 2023<\/a><\/li>\n<li id=\"menu-item-363443\"><a href=\"\/pt\/city-hall\/office-of-budget-peformance\/budget\/budget-amendments-resolutions-fy-2024\/\">Emendas e Resolu\u00e7\u00f5es Or\u00e7ament\u00e1rias para o Ano Fiscal de 2024<\/a><\/li>\n<li id=\"menu-item-363444\"><a href=\"\/pt\/city-hall\/office-of-budget-peformance\/budget\/budget-amendments-resolutions-fy-2025\/\">Emendas e Resolu\u00e7\u00f5es Or\u00e7ament\u00e1rias para o Ano Fiscal de 2025<\/a><\/li>\n<li id=\"menu-item-387360\"><a href=\"\/pt\/city-hall\/office-of-budget-peformance\/budget\/budget-amendments-resolutions-fy-2026\/\">Emendas e Resolu\u00e7\u00f5es Or\u00e7ament\u00e1rias para o Ano Fiscal de 2026<\/a><\/li>\n<li id=\"menu-item-363445\"><a href=\"\/pt\/city-hall\/office-of-budget-peformance\/budget\/budget-archive\/\">Arquivo de Or\u00e7amento<\/a><\/li>\n<li id=\"menu-item-363446\"><a href=\"\/pt\/city-hall\/office-of-budget-peformance\/budget\/city-managers-budget-message\/\">Mensagem do Gerente Municipal sobre o Or\u00e7amento<\/a><\/li>\n<li id=\"menu-item-363447\"><a href=\"\/pt\/city-hall\/office-of-budget-peformance\/budget\/financial-policies\/\">Pol\u00edticas Financeiras<\/a><\/li>\n<\/ul>\t\n\t<div class=\"page-navigation\"><a class=\"prev-page\" href=\"https:\/\/www.miamibeachfl.gov\/pt\/city-hall\/city-clerk\/city-commission-vacancy-group-iv\/\">\u2190 Grupo IV de Vagas da Comiss\u00e3o Municipal<\/a> <a class=\"next-page\" href=\"https:\/\/www.miamibeachfl.gov\/pt\/city-hall\/city-clerk\/election-information\/ecos-registered-with-the-department-of-state\/\">ECOs registrados no Departamento de Estado \u2192<\/a><\/div>","protected":false},"excerpt":{"rendered":"<p>Mensagem do Gerente Municipal sobre o Or\u00e7amento Home &gt; Prefeitura &gt; Gest\u00e3o e Or\u00e7amento &gt; Or\u00e7amento &gt; Mensagem do Gerente Municipal sobre o Or\u00e7amento FY [\u2026]<\/p>","protected":false},"author":222,"featured_media":0,"parent":28281,"menu_order":85,"comment_status":"closed","ping_status":"closed","template":"","meta":{"_searchwp_excluded":"","site-sidebar-layout":"default","site-content-layout":"","ast-site-content-layout":"default","site-content-style":"default","site-sidebar-style":"default","ast-global-header-display":"","ast-banner-title-visibility":"","ast-main-header-display":"","ast-hfb-above-header-display":"","ast-hfb-below-header-display":"","ast-hfb-mobile-header-display":"","site-post-title":"","ast-breadcrumbs-content":"","ast-featured-img":"","footer-sml-layout":"","theme-transparent-header-meta":"","adv-header-id-meta":"","stick-header-meta":"","header-above-stick-meta":"","header-main-stick-meta":"","header-below-stick-meta":"","astra-migrate-meta-layouts":"default","ast-page-background-enabled":"default","ast-page-background-meta":{"desktop":{"background-color":"var(--ast-global-color-5)","background-image":"","background-repeat":"repeat","background-position":"center center","background-size":"auto","background-attachment":"scroll","background-type":"","background-media":"","overlay-type":"","overlay-color":"","overlay-opacity":"","overlay-gradient":""},"tablet":{"background-color":"","background-image":"","background-repeat":"repeat","background-position":"center center","background-size":"auto","background-attachment":"scroll","background-type":"","background-media":"","overlay-type":"","overlay-color":"","overlay-opacity":"","overlay-gradient":""},"mobile":{"background-color":"","background-image":"","background-repeat":"repeat","background-position":"center center","background-size":"auto","background-attachment":"scroll","background-type":"","background-media":"","overlay-type":"","overlay-color":"","overlay-opacity":"","overlay-gradient":""}},"ast-content-background-meta":{"desktop":{"background-color":"var(--ast-global-color-4)","background-image":"","background-repeat":"repeat","background-position":"center center","background-size":"auto","background-attachment":"scroll","background-type":"","background-media":"","overlay-type":"","overlay-color":"","overlay-opacity":"","overlay-gradient":""},"tablet":{"background-color":"var(--ast-global-color-4)","background-image":"","background-repeat":"repeat","background-position":"center center","background-size":"auto","background-attachment":"scroll","background-type":"","background-media":"","overlay-type":"","overlay-color":"","overlay-opacity":"","overlay-gradient":""},"mobile":{"background-color":"var(--ast-global-color-4)","background-image":"","background-repeat":"repeat","background-position":"center center","background-size":"auto","background-attachment":"scroll","background-type":"","background-media":"","overlay-type":"","overlay-color":"","overlay-opacity":"","overlay-gradient":""}},"footnotes":""},"categories":[],"tags":[],"class_list":["post-114248","page","type-page","status-publish","hentry"],"yoast_head":"<!-- This site is optimized with the Yoast SEO Premium plugin v26.6 (Yoast SEO v26.6) - https:\/\/yoast.com\/wordpress\/plugins\/seo\/ -->\n<title>City Manager&#039;s Budget Message - City of Miami Beach<\/title>\n<meta name=\"description\" content=\"%\" \/>\n<meta name=\"robots\" content=\"index, follow, max-snippet:-1, max-image-preview:large, max-video-preview:-1\" \/>\n<link rel=\"canonical\" href=\"https:\/\/www.miamibeachfl.gov\/pt\/city-hall\/office-of-budget-peformance\/budget\/city-managers-budget-message\/\" \/>\n<meta property=\"og:locale\" content=\"pt_BR\" \/>\n<meta property=\"og:type\" content=\"article\" \/>\n<meta property=\"og:title\" content=\"City Manager&#039;s Budget Message\" \/>\n<meta property=\"og:description\" content=\"%\" \/>\n<meta property=\"og:url\" content=\"https:\/\/www.miamibeachfl.gov\/pt\/city-hall\/office-of-budget-peformance\/budget\/city-managers-budget-message\/\" \/>\n<meta property=\"og:site_name\" content=\"City of Miami Beach\" \/>\n<meta property=\"article:publisher\" content=\"https:\/\/www.facebook.com\/cityofmiamibeach\" \/>\n<meta property=\"article:modified_time\" content=\"2025-12-12T13:42:52+00:00\" \/>\n<meta property=\"og:image\" content=\"https:\/\/www.miamibeachfl.gov\/wp-content\/uploads\/2022\/07\/hero-small.jpg\" \/>\n<meta name=\"twitter:card\" content=\"summary_large_image\" \/>\n<meta name=\"twitter:site\" content=\"@Miamibeachnews\" \/>\n<script type=\"application\/ld+json\" class=\"yoast-schema-graph\">{\"@context\":\"https:\/\/schema.org\",\"@graph\":[{\"@type\":\"WebPage\",\"@id\":\"https:\/\/www.miamibeachfl.gov\/city-hall\/office-of-budget-peformance\/budget\/city-managers-budget-message\/\",\"url\":\"https:\/\/www.miamibeachfl.gov\/city-hall\/office-of-budget-peformance\/budget\/city-managers-budget-message\/\",\"name\":\"City Manager's Budget Message - City of Miami Beach\",\"isPartOf\":{\"@id\":\"https:\/\/www.miamibeachfl.gov\/#website\"},\"primaryImageOfPage\":{\"@id\":\"https:\/\/www.miamibeachfl.gov\/city-hall\/office-of-budget-peformance\/budget\/city-managers-budget-message\/#primaryimage\"},\"image\":{\"@id\":\"https:\/\/www.miamibeachfl.gov\/city-hall\/office-of-budget-peformance\/budget\/city-managers-budget-message\/#primaryimage\"},\"thumbnailUrl\":\"https:\/\/www.miamibeachfl.gov\/wp-content\/uploads\/2022\/07\/hero-small.jpg\",\"datePublished\":\"2019-09-05T16:14:02+00:00\",\"dateModified\":\"2025-12-12T13:42:52+00:00\",\"description\":\"%\",\"breadcrumb\":{\"@id\":\"https:\/\/www.miamibeachfl.gov\/city-hall\/office-of-budget-peformance\/budget\/city-managers-budget-message\/#breadcrumb\"},\"inLanguage\":\"pt-BR\",\"potentialAction\":[{\"@type\":\"ReadAction\",\"target\":[\"https:\/\/www.miamibeachfl.gov\/city-hall\/office-of-budget-peformance\/budget\/city-managers-budget-message\/\"]}]},{\"@type\":\"ImageObject\",\"inLanguage\":\"pt-BR\",\"@id\":\"https:\/\/www.miamibeachfl.gov\/city-hall\/office-of-budget-peformance\/budget\/city-managers-budget-message\/#primaryimage\",\"url\":\"https:\/\/www.miamibeachfl.gov\/wp-content\/uploads\/2022\/07\/hero-small.jpg\",\"contentUrl\":\"https:\/\/www.miamibeachfl.gov\/wp-content\/uploads\/2022\/07\/hero-small.jpg\"},{\"@type\":\"BreadcrumbList\",\"@id\":\"https:\/\/www.miamibeachfl.gov\/city-hall\/office-of-budget-peformance\/budget\/city-managers-budget-message\/#breadcrumb\",\"itemListElement\":[{\"@type\":\"ListItem\",\"position\":1,\"name\":\"Home\",\"item\":\"https:\/\/www.miamibeachfl.gov\/\"},{\"@type\":\"ListItem\",\"position\":2,\"name\":\"City Hall\",\"item\":\"https:\/\/www.miamibeachfl.gov\/city-hall\/\"},{\"@type\":\"ListItem\",\"position\":3,\"name\":\"Management &amp; Budget\",\"item\":\"https:\/\/www.miamibeachfl.gov\/city-hall\/office-of-budget-peformance\/\"},{\"@type\":\"ListItem\",\"position\":4,\"name\":\"Budget\",\"item\":\"https:\/\/www.miamibeachfl.gov\/city-hall\/office-of-budget-peformance\/budget\/\"},{\"@type\":\"ListItem\",\"position\":5,\"name\":\"City Manager&#8217;s Budget Message\"}]},{\"@type\":\"WebSite\",\"@id\":\"https:\/\/www.miamibeachfl.gov\/#website\",\"url\":\"https:\/\/www.miamibeachfl.gov\/\",\"name\":\"City of Miami Beach\",\"description\":\"The official website of the City of Miami Beach. Stay informed, find important information on city services, news, alerts, events, trolley routes, government employment and more.\",\"publisher\":{\"@id\":\"https:\/\/www.miamibeachfl.gov\/#organization\"},\"potentialAction\":[{\"@type\":\"SearchAction\",\"target\":{\"@type\":\"EntryPoint\",\"urlTemplate\":\"https:\/\/www.miamibeachfl.gov\/?s={search_term_string}\"},\"query-input\":{\"@type\":\"PropertyValueSpecification\",\"valueRequired\":true,\"valueName\":\"search_term_string\"}}],\"inLanguage\":\"pt-BR\"},{\"@type\":\"Organization\",\"@id\":\"https:\/\/www.miamibeachfl.gov\/#organization\",\"name\":\"City of Miami Beach\",\"url\":\"https:\/\/www.miamibeachfl.gov\/\",\"logo\":{\"@type\":\"ImageObject\",\"inLanguage\":\"pt-BR\",\"@id\":\"https:\/\/www.miamibeachfl.gov\/#\/schema\/logo\/image\/\",\"url\":\"https:\/\/www.miamibeachfl.gov\/wp-content\/uploads\/2022\/06\/miamibeach-logoblue.png\",\"contentUrl\":\"https:\/\/www.miamibeachfl.gov\/wp-content\/uploads\/2022\/06\/miamibeach-logoblue.png\",\"width\":1962,\"height\":381,\"caption\":\"City of Miami Beach\"},\"image\":{\"@id\":\"https:\/\/www.miamibeachfl.gov\/#\/schema\/logo\/image\/\"},\"sameAs\":[\"https:\/\/www.facebook.com\/cityofmiamibeach\",\"https:\/\/x.com\/Miamibeachnews\",\"https:\/\/www.instagram.com\/miamibeachnews\/\"],\"description\":\"The official website of the City of Miami Beach. Stay informed, find important information on city services, news, alerts, events, trolley routes, government employment and more.\",\"telephone\":\"305.604.CITY(2489)\",\"legalName\":\"City of Miami Beach\"}]}<\/script>\n<!-- \/ Yoast SEO Premium plugin. -->","yoast_head_json":{"title":"Mensagem do Administrador Municipal sobre o Or\u00e7amento - Cidade de Miami Beach","description":"%","robots":{"index":"index","follow":"follow","max-snippet":"max-snippet:-1","max-image-preview":"max-image-preview:large","max-video-preview":"max-video-preview:-1"},"canonical":"https:\/\/www.miamibeachfl.gov\/pt\/city-hall\/office-of-budget-peformance\/budget\/city-managers-budget-message\/","og_locale":"pt_BR","og_type":"article","og_title":"City Manager's Budget Message","og_description":"%","og_url":"https:\/\/www.miamibeachfl.gov\/pt\/city-hall\/office-of-budget-peformance\/budget\/city-managers-budget-message\/","og_site_name":"City of Miami Beach","article_publisher":"https:\/\/www.facebook.com\/cityofmiamibeach","article_modified_time":"2025-12-12T13:42:52+00:00","og_image":[{"url":"https:\/\/www.miamibeachfl.gov\/wp-content\/uploads\/2022\/07\/hero-small.jpg","type":"","width":"","height":""}],"twitter_card":"summary_large_image","twitter_site":"@Miamibeachnews","schema":{"@context":"https:\/\/schema.org","@graph":[{"@type":"WebPage","@id":"https:\/\/www.miamibeachfl.gov\/city-hall\/office-of-budget-peformance\/budget\/city-managers-budget-message\/","url":"https:\/\/www.miamibeachfl.gov\/city-hall\/office-of-budget-peformance\/budget\/city-managers-budget-message\/","name":"Mensagem do Administrador Municipal sobre o Or\u00e7amento - Cidade de Miami Beach","isPartOf":{"@id":"https:\/\/www.miamibeachfl.gov\/#website"},"primaryImageOfPage":{"@id":"https:\/\/www.miamibeachfl.gov\/city-hall\/office-of-budget-peformance\/budget\/city-managers-budget-message\/#primaryimage"},"image":{"@id":"https:\/\/www.miamibeachfl.gov\/city-hall\/office-of-budget-peformance\/budget\/city-managers-budget-message\/#primaryimage"},"thumbnailUrl":"https:\/\/www.miamibeachfl.gov\/wp-content\/uploads\/2022\/07\/hero-small.jpg","datePublished":"2019-09-05T16:14:02+00:00","dateModified":"2025-12-12T13:42:52+00:00","description":"%","breadcrumb":{"@id":"https:\/\/www.miamibeachfl.gov\/city-hall\/office-of-budget-peformance\/budget\/city-managers-budget-message\/#breadcrumb"},"inLanguage":"pt-BR","potentialAction":[{"@type":"ReadAction","target":["https:\/\/www.miamibeachfl.gov\/city-hall\/office-of-budget-peformance\/budget\/city-managers-budget-message\/"]}]},{"@type":"ImageObject","inLanguage":"pt-BR","@id":"https:\/\/www.miamibeachfl.gov\/city-hall\/office-of-budget-peformance\/budget\/city-managers-budget-message\/#primaryimage","url":"https:\/\/www.miamibeachfl.gov\/wp-content\/uploads\/2022\/07\/hero-small.jpg","contentUrl":"https:\/\/www.miamibeachfl.gov\/wp-content\/uploads\/2022\/07\/hero-small.jpg"},{"@type":"BreadcrumbList","@id":"https:\/\/www.miamibeachfl.gov\/city-hall\/office-of-budget-peformance\/budget\/city-managers-budget-message\/#breadcrumb","itemListElement":[{"@type":"ListItem","position":1,"name":"Home","item":"https:\/\/www.miamibeachfl.gov\/"},{"@type":"ListItem","position":2,"name":"City Hall","item":"https:\/\/www.miamibeachfl.gov\/city-hall\/"},{"@type":"ListItem","position":3,"name":"Management &amp; Budget","item":"https:\/\/www.miamibeachfl.gov\/city-hall\/office-of-budget-peformance\/"},{"@type":"ListItem","position":4,"name":"Budget","item":"https:\/\/www.miamibeachfl.gov\/city-hall\/office-of-budget-peformance\/budget\/"},{"@type":"ListItem","position":5,"name":"City Manager&#8217;s Budget Message"}]},{"@type":"WebSite","@id":"https:\/\/www.miamibeachfl.gov\/#website","url":"https:\/\/www.miamibeachfl.gov\/","name":"Cidade de Miami Beach","description":"Site oficial da cidade de Miami Beach. Mantenha-se informado e encontre informa\u00e7\u00f5es importantes sobre servi\u00e7os municipais, not\u00edcias, alertas, eventos, rotas de bonde, empregos p\u00fablicos e muito mais.","publisher":{"@id":"https:\/\/www.miamibeachfl.gov\/#organization"},"potentialAction":[{"@type":"SearchAction","target":{"@type":"EntryPoint","urlTemplate":"https:\/\/www.miamibeachfl.gov\/?s={search_term_string}"},"query-input":{"@type":"PropertyValueSpecification","valueRequired":true,"valueName":"search_term_string"}}],"inLanguage":"pt-BR"},{"@type":"Organization","@id":"https:\/\/www.miamibeachfl.gov\/#organization","name":"Cidade de Miami Beach","url":"https:\/\/www.miamibeachfl.gov\/","logo":{"@type":"ImageObject","inLanguage":"pt-BR","@id":"https:\/\/www.miamibeachfl.gov\/#\/schema\/logo\/image\/","url":"https:\/\/www.miamibeachfl.gov\/wp-content\/uploads\/2022\/06\/miamibeach-logoblue.png","contentUrl":"https:\/\/www.miamibeachfl.gov\/wp-content\/uploads\/2022\/06\/miamibeach-logoblue.png","width":1962,"height":381,"caption":"City of Miami Beach"},"image":{"@id":"https:\/\/www.miamibeachfl.gov\/#\/schema\/logo\/image\/"},"sameAs":["https:\/\/www.facebook.com\/cityofmiamibeach","https:\/\/x.com\/Miamibeachnews","https:\/\/www.instagram.com\/miamibeachnews\/"],"description":"Site oficial da cidade de Miami Beach. Mantenha-se informado e encontre informa\u00e7\u00f5es importantes sobre servi\u00e7os municipais, not\u00edcias, alertas, eventos, rotas de bonde, empregos p\u00fablicos e muito mais.","telephone":"305.604.CITY(2489)","legalName":"City of Miami Beach"}]}},"_links":{"self":[{"href":"https:\/\/www.miamibeachfl.gov\/pt\/wp-json\/wp\/v2\/pages\/114248","targetHints":{"allow":["GET"]}}],"collection":[{"href":"https:\/\/www.miamibeachfl.gov\/pt\/wp-json\/wp\/v2\/pages"}],"about":[{"href":"https:\/\/www.miamibeachfl.gov\/pt\/wp-json\/wp\/v2\/types\/page"}],"author":[{"embeddable":true,"href":"https:\/\/www.miamibeachfl.gov\/pt\/wp-json\/wp\/v2\/users\/222"}],"replies":[{"embeddable":true,"href":"https:\/\/www.miamibeachfl.gov\/pt\/wp-json\/wp\/v2\/comments?post=114248"}],"version-history":[{"count":0,"href":"https:\/\/www.miamibeachfl.gov\/pt\/wp-json\/wp\/v2\/pages\/114248\/revisions"}],"up":[{"embeddable":true,"href":"https:\/\/www.miamibeachfl.gov\/pt\/wp-json\/wp\/v2\/pages\/28281"}],"wp:attachment":[{"href":"https:\/\/www.miamibeachfl.gov\/pt\/wp-json\/wp\/v2\/media?parent=114248"}],"wp:term":[{"taxonomy":"category","embeddable":true,"href":"https:\/\/www.miamibeachfl.gov\/pt\/wp-json\/wp\/v2\/categories?post=114248"},{"taxonomy":"post_tag","embeddable":true,"href":"https:\/\/www.miamibeachfl.gov\/pt\/wp-json\/wp\/v2\/tags?post=114248"}],"curies":[{"name":"wp","href":"https:\/\/api.w.org\/{rel}","templated":true}]}}