{"id":124280,"date":"2020-01-28T14:52:30","date_gmt":"2020-01-28T19:52:30","guid":{"rendered":"http:\/\/www.miamibeachfl.gov\/city-hall\/city-clerk\/election-information\/mail-ballot-election-for-the-creation-of-a-special-assessment-district-to-be-known-as-the-south-beach-business-improvement-district\/resolutions\/"},"modified":"2025-02-23T13:41:01","modified_gmt":"2025-02-23T18:41:01","slug":"resolutions","status":"publish","type":"page","link":"https:\/\/www.miamibeachfl.gov\/pt\/city-hall\/city-clerk\/election-information\/mail-ballot-election-for-the-creation-of-a-special-assessment-district-to-be-known-as-the-south-beach-business-improvement-district\/resolutions\/","title":{"rendered":"Resolu\u00e7\u00f5es"},"content":{"rendered":"<img loading=\"lazy\" decoding=\"async\" src=\"https:\/\/www.miamibeachfl.gov\/wp-content\/uploads\/2022\/07\/hero-small.jpg\" alt=\"ocean drive art deco buildings\" itemprop=\"image\" height=\"211\" width=\"2395\" title=\"her\u00f3i-pequeno\" onerror=\"this.style.display='none'\"  \/>\n<h1>\n\t\tResolu\u00e7\u00f5es\n\t<\/h1>\n\t<nav id=\"breadcrumbs\" aria-label=\"Migalhas de p\u00e3o\"><a href=\"https:\/\/www.miamibeachfl.gov\/pt\/\">Lar<\/a> &gt; <a href=\"https:\/\/www.miamibeachfl.gov\/pt\/city-hall\/\">Prefeitura<\/a> &gt; <a href=\"https:\/\/www.miamibeachfl.gov\/pt\/city-hall\/city-clerk\/\">Escriv\u00e3o da cidade<\/a> &gt; <a href=\"https:\/\/www.miamibeachfl.gov\/pt\/city-hall\/city-clerk\/election-information\/\">Informa\u00e7\u00f5es sobre elei\u00e7\u00f5es<\/a> &gt; <a href=\"https:\/\/www.miamibeachfl.gov\/pt\/city-hall\/city-clerk\/election-information\/mail-ballot-election-for-the-creation-of-a-special-assessment-district-to-be-known-as-the-south-beach-business-improvement-district\/\">Elei\u00e7\u00e3o por c\u00e9dula de correio<\/a> &gt; <strong>Resolu\u00e7\u00f5es<\/strong><\/nav>\n\t<a href=\"http:\/\/www.miamibeachfl.gov\/wp-content\/uploads\/2020\/05\/Resolution-2020-31236.pdf\">Resolu\u00e7\u00e3o 2020-31236<\/a><strong><br \/>\nRESOLU\u00c7\u00c3O DO PREFEITO E DA COMISS\u00c3O MUNICIPAL DA CIDADE DE MIAMI BEACH, FL\u00d3RIDA, REVOGANDO A RESOLU\u00c7\u00c3O N\u00ba 2020-31168, QUE SOLICITAVA UMA ELEI\u00c7\u00c3O ESPECIAL POR C\u00c9DULA DE CORREIO A SER REALIZADA DE 1\u00ba DE JUNHO DE 2020 A 31 DE AGOSTO DE 2020, PARA DETERMINAR SE A MAIORIA DOS PROPRIET\u00c1RIOS DE IM\u00d3VEIS AFETADOS APROVA A CRIA\u00c7\u00c3O DE UM DISTRITO DE AVALIA\u00c7\u00c3O ESPECIAL A SER CONHECIDO COMO DISTRITO DE MELHORIAS COMERCIAIS DE SOUTH BEACH, E ADIANDO A ELEI\u00c7\u00c3O ESPECIAL AT\u00c9 QUE AS AMEA\u00c7AS ASSOCIADAS \u00c0 PANDEMIA DA COVID-19 DIMINUAM.<\/strong>\n<a href=\"http:\/\/www.miamibeachfl.gov\/wp-content\/uploads\/2020\/02\/Resolution-2020-31169.pdf\">Resolu\u00e7\u00e3o 2020-31169<\/a><br \/>\n<strong>RESOLU\u00c7\u00c3O DO PREFEITO E DA COMISS\u00c3O MUNICIPAL DA CIDADE DE MIAMI BEACH, FL\u00d3RIDA, APROVANDO E AUTORIZANDO O ADMINISTRADOR DA CIDADE A ASSINAR UM MEMORANDO DE ENTENDIMENTO ENTRE A CIDADE DE MIAMI BEACH E A SOUTH BEACH BID PARTNERS, INC. (A &quot;LICITA\u00c7\u00c3O&quot;), PARA CONDUZIR UMA ELEI\u00c7\u00c3O ESPECIAL POR CORREIO PARA DETERMINAR SE A MAIORIA DOS PROPRIET\u00c1RIOS DE IM\u00d3VEIS AFETADOS APROVA A CRIA\u00c7\u00c3O DE UM DISTRITO DE AVALIA\u00c7\u00c3O ESPECIAL A SER CONHECIDO COMO DISTRITO DE MELHORIAS COMERCIAIS DE SOUTH BEACH, ELEI\u00c7\u00c3O QUE SER\u00c1 CONDUZIDA PELO ESCRIT\u00d3RIO DO ESCRIT\u00d3RIO MUNICIPAL E PELO PROCURADOR MUNICIPAL, E PARA PRESTAR QUE A LICITA\u00c7\u00c3O COBRIR\u00c1 OS CUSTOS DE CONDU\u00c7\u00c3O DESSAS ELEI\u00c7\u00c3O.<br \/>\n<\/strong><br \/>\n<a href=\"http:\/\/www.miamibeachfl.gov\/wp-content\/uploads\/2020\/02\/Resolution-2020-31168.pdf\">Resolu\u00e7\u00e3o 2020-31168<\/a><br \/>\n<strong>RESOLU\u00c7\u00c3O DO PREFEITO E DA COMISS\u00c3O MUNICIPAL DA CIDADE DE MIAMI BEACH, FL\u00d3RIDA, CONVOCANDO UMA ELEI\u00c7\u00c3O ESPECIAL POR C\u00c9DULA POSTAL A SER REALIZADA DE 1\u00ba DE JUNHO DE 2020 A 31 DE AGOSTO DE 2020, PARA DETERMINAR SE A MAIORIA DOS PROPRIET\u00c1RIOS DE IM\u00d3VEIS AFETADOS APROVA A CRIA\u00c7\u00c3O DE UM DISTRITO DE AVALIA\u00c7\u00c3O ESPECIAL A SER CONHECIDO COMO DISTRITO DE MELHORIAS COMERCIAIS DE SOUTH BEACH (O &quot;DISTRITO&quot;); DETERMINANDO QUE O ESCRIT\u00d3RIO DO ESCRIT\u00d3RIO DA MUNIC\u00cdPIO E O ESCRIT\u00d3RIO DO PROCURADOR DA MUNIC\u00cdPIO CONDUZIR\u00c3O TAL ELEI\u00c7\u00c3O; DETERMINANDO O FORMATO DA C\u00c9DULA; E ORIENTA\u00c7\u00c3O AO ESCRIT\u00d3RIO DA MUNIC\u00cdPIO PARA AVISAR TAL ELEI\u00c7\u00c3O CONFORME EXIGIDO PELO C\u00d3DIGO MUNICIPAL E PELA LEI ESTADUAL.<br \/>\n<\/strong><br \/>\n<a href=\"http:\/\/www.miamibeachfl.gov\/wp-content\/uploads\/2020\/01\/Resolution-2020-31144.pdf\">Resolu\u00e7\u00e3o 2020-31144<\/a><br \/>\n<strong>RESOLU\u00c7\u00c3O DO PREFEITO E DA COMISS\u00c3O MUNICIPAL DA CIDADE DE MIAMI BEACH, FL\u00d3RIDA, CRIANDO, DE ACORDO COM O CAP\u00cdTULO 170 DOS ESTATUTOS DA FL\u00d3RIDA, E SUJEITO \u00c0 APROVA\u00c7\u00c3O DA MAIORIA DOS PROPRIET\u00c1RIOS DE IM\u00d3VEIS AFETADOS, UM DISTRITO DE AVALIA\u00c7\u00c3O ESPECIAL A SER CONHECIDO COMO &quot;O DISTRITO DE MELHORIAS COMERCIAIS DE SOUTH BEACH&quot;, POR UM PER\u00cdODO DE DEZ (10) ANOS, PARA ESTABILIZAR E MELHORAR AQUELA CERTA \u00c1REA DA CIDADE DE MIAMI BEACH AQUI REFERIDA COMO O DISTRITO DE NEG\u00d3CIOS DE VAREJO DA OCEAN DRIVE E COLLINS AVENUE, QUAL DISTRITO GERALMENTE LOCALIZADO DENTRO DE UM DISTRITO HIST\u00d3RICO RECONHECIDO NACIONALMENTE, POR MEIO DE PROMO\u00c7\u00c3O, GEST\u00c3O, MARKETING E OUTROS SERVI\u00c7OS SIMILARES (OS \u201cSERVI\u00c7OS\u201d); PREVENINDO A COBRAN\u00c7A E A COBRAN\u00c7A DE AVALIA\u00c7\u00d5ES ESPECIAIS, NO VALOR DE $2.093.335 POR ANO; INDICANDO A LOCALIZA\u00c7\u00c3O, A NATUREZA E O CUSTO ESTIMADO DOS SERVI\u00c7OS, CUJOS CUSTOS DEVEM SER COBRADOS PELAS AVALIA\u00c7\u00d5ES ESPECIAIS; PREVENINDO A MANEIRA COMO TAIS AVALIA\u00c7\u00d5ES ESPECIAIS SER\u00c3O FEITAS; PREVENINDO QUANDO TAIS AVALIA\u00c7\u00d5ES ESPECIAIS SER\u00c3O FEITAS; DESIGNANDO AS TERRAS SOBRE AS QUAIS AS AVALIA\u00c7\u00d5ES ESPECIAIS SER\u00c3O COBRADAS; PREVENINDO A PUBLICA\u00c7\u00c3O DESTA RESOLU\u00c7\u00c3O, DE ACORDO COM A SE\u00c7\u00c3O 170.05 DOS ESTATUTOS DA FL\u00d3RIDA; AUTORIZANDO A ADMINISTRA\u00c7\u00c3O MUNICIPAL A FAZER COM QUE SEJA FEITA UMA LISTA DE AVALIA\u00c7\u00c3O PRELIMINAR, DE ACORDO COM A SE\u00c7\u00c3O 170.02 DOS ESTATUTOS DA FL\u00d3RIDA; E AP\u00d3S A CONCLUS\u00c3O DESSA LISTA DE AVALIA\u00c7\u00c3O PRELIMINAR, DESDE QUE TAL LISTA DE AVALIA\u00c7\u00c3O SEJA ARQUIVADA NO ESCRIT\u00d3RIO DO ESCRIV\u00c3O MUNICIPAL E ABERTA \u00c0 INSPE\u00c7\u00c3O DO P\u00daBLICO.<\/strong>\n\t\t\t<a href=\"https:\/\/www.miamibeachfl.gov\/pt\/city-hall\/city-clerk\/election-information\/mail-ballot-election-for-the-creation-of-a-special-assessment-district-to-be-known-as-the-south-beach-business-improvement-district\/\" target=\"_self\" rel=\"noopener\">\n\t\t\t\t\t\t\tElei\u00e7\u00e3o por c\u00e9dula de correio\n\t\t\t\t\t<\/a>\n\t<div class=\"page-navigation\"><a class=\"prev-page\" href=\"https:\/\/www.miamibeachfl.gov\/pt\/yourmbpd\/neighborhoods\/\">\u2190 Bairros<\/a> <a class=\"next-page\" href=\"https:\/\/www.miamibeachfl.gov\/pt\/yourmbpd\/services\/crime-prevention\/\">Preven\u00e7\u00e3o do Crime \u2192<\/a><\/div>","protected":false},"excerpt":{"rendered":"<p>Resolutions Home &gt; City Hall &gt; City Clerk &gt; Election Information &gt; Mail-Ballot Election &gt; Resolutions Resolution 2020-31236 A RESOLUTION [&hellip;]<\/p>\n","protected":false},"author":222,"featured_media":0,"parent":124277,"menu_order":97,"comment_status":"closed","ping_status":"closed","template":"page-blank.php","meta":{"_searchwp_excluded":"","site-sidebar-layout":"default","site-content-layout":"","ast-site-content-layout":"default","site-content-style":"default","site-sidebar-style":"default","ast-global-header-display":"","ast-banner-title-visibility":"","ast-main-header-display":"","ast-hfb-above-header-display":"","ast-hfb-below-header-display":"","ast-hfb-mobile-header-display":"","site-post-title":"","ast-breadcrumbs-content":"","ast-featured-img":"","footer-sml-layout":"","theme-transparent-header-meta":"","adv-header-id-meta":"","stick-header-meta":"","header-above-stick-meta":"","header-main-stick-meta":"","header-below-stick-meta":"","astra-migrate-meta-layouts":"default","ast-page-background-enabled":"default","ast-page-background-meta":{"desktop":{"background-color":"var(--ast-global-color-5)","background-image":"","background-repeat":"repeat","background-position":"center center","background-size":"auto","background-attachment":"scroll","background-type":"","background-media":"","overlay-type":"","overlay-color":"","overlay-opacity":"","overlay-gradient":""},"tablet":{"background-color":"","background-image":"","background-repeat":"repeat","background-position":"center center","background-size":"auto","background-attachment":"scroll","background-type":"","background-media":"","overlay-type":"","overlay-color":"","overlay-opacity":"","overlay-gradient":""},"mobile":{"background-color":"","background-image":"","background-repeat":"repeat","background-position":"center center","background-size":"auto","background-attachment":"scroll","background-type":"","background-media":"","overlay-type":"","overlay-color":"","overlay-opacity":"","overlay-gradient":""}},"ast-content-background-meta":{"desktop":{"background-color":"var(--ast-global-color-4)","background-image":"","background-repeat":"repeat","background-position":"center center","background-size":"auto","background-attachment":"scroll","background-type":"","background-media":"","overlay-type":"","overlay-color":"","overlay-opacity":"","overlay-gradient":""},"tablet":{"background-color":"var(--ast-global-color-4)","background-image":"","background-repeat":"repeat","background-position":"center center","background-size":"auto","background-attachment":"scroll","background-type":"","background-media":"","overlay-type":"","overlay-color":"","overlay-opacity":"","overlay-gradient":""},"mobile":{"background-color":"var(--ast-global-color-4)","background-image":"","background-repeat":"repeat","background-position":"center center","background-size":"auto","background-attachment":"scroll","background-type":"","background-media":"","overlay-type":"","overlay-color":"","overlay-opacity":"","overlay-gradient":""}},"footnotes":""},"categories":[],"tags":[],"class_list":["post-124280","page","type-page","status-publish","hentry"],"yoast_head":"<!-- This site is optimized with the Yoast SEO Premium plugin v26.6 (Yoast SEO v26.6) - https:\/\/yoast.com\/wordpress\/plugins\/seo\/ -->\n<title>Resolutions - City of Miami Beach<\/title>\n<meta name=\"description\" content=\"%\" \/>\n<meta name=\"robots\" content=\"index, follow, max-snippet:-1, max-image-preview:large, max-video-preview:-1\" \/>\n<link rel=\"canonical\" href=\"https:\/\/www.miamibeachfl.gov\/pt\/city-hall\/city-clerk\/election-information\/mail-ballot-election-for-the-creation-of-a-special-assessment-district-to-be-known-as-the-south-beach-business-improvement-district\/resolutions\/\" \/>\n<meta property=\"og:locale\" content=\"pt_BR\" \/>\n<meta property=\"og:type\" content=\"article\" \/>\n<meta property=\"og:title\" content=\"Resolutions\" \/>\n<meta property=\"og:description\" content=\"%\" \/>\n<meta property=\"og:url\" content=\"https:\/\/www.miamibeachfl.gov\/pt\/city-hall\/city-clerk\/election-information\/mail-ballot-election-for-the-creation-of-a-special-assessment-district-to-be-known-as-the-south-beach-business-improvement-district\/resolutions\/\" \/>\n<meta property=\"og:site_name\" content=\"City of Miami Beach\" \/>\n<meta property=\"article:publisher\" content=\"https:\/\/www.facebook.com\/cityofmiamibeach\" \/>\n<meta property=\"article:modified_time\" content=\"2025-02-23T18:41:01+00:00\" \/>\n<meta property=\"og:image\" content=\"https:\/\/www.miamibeachfl.gov\/wp-content\/uploads\/2022\/07\/hero-small.jpg\" \/>\n<meta name=\"twitter:card\" content=\"summary_large_image\" \/>\n<meta name=\"twitter:site\" content=\"@Miamibeachnews\" \/>\n<script type=\"application\/ld+json\" class=\"yoast-schema-graph\">{\"@context\":\"https:\/\/schema.org\",\"@graph\":[{\"@type\":\"WebPage\",\"@id\":\"https:\/\/www.miamibeachfl.gov\/city-hall\/city-clerk\/election-information\/mail-ballot-election-for-the-creation-of-a-special-assessment-district-to-be-known-as-the-south-beach-business-improvement-district\/resolutions\/\",\"url\":\"https:\/\/www.miamibeachfl.gov\/city-hall\/city-clerk\/election-information\/mail-ballot-election-for-the-creation-of-a-special-assessment-district-to-be-known-as-the-south-beach-business-improvement-district\/resolutions\/\",\"name\":\"Resolutions - City of Miami Beach\",\"isPartOf\":{\"@id\":\"https:\/\/www.miamibeachfl.gov\/#website\"},\"primaryImageOfPage\":{\"@id\":\"https:\/\/www.miamibeachfl.gov\/city-hall\/city-clerk\/election-information\/mail-ballot-election-for-the-creation-of-a-special-assessment-district-to-be-known-as-the-south-beach-business-improvement-district\/resolutions\/#primaryimage\"},\"image\":{\"@id\":\"https:\/\/www.miamibeachfl.gov\/city-hall\/city-clerk\/election-information\/mail-ballot-election-for-the-creation-of-a-special-assessment-district-to-be-known-as-the-south-beach-business-improvement-district\/resolutions\/#primaryimage\"},\"thumbnailUrl\":\"https:\/\/www.miamibeachfl.gov\/wp-content\/uploads\/2022\/07\/hero-small.jpg\",\"datePublished\":\"2020-01-28T19:52:30+00:00\",\"dateModified\":\"2025-02-23T18:41:01+00:00\",\"description\":\"%\",\"breadcrumb\":{\"@id\":\"https:\/\/www.miamibeachfl.gov\/city-hall\/city-clerk\/election-information\/mail-ballot-election-for-the-creation-of-a-special-assessment-district-to-be-known-as-the-south-beach-business-improvement-district\/resolutions\/#breadcrumb\"},\"inLanguage\":\"pt-BR\",\"potentialAction\":[{\"@type\":\"ReadAction\",\"target\":[\"https:\/\/www.miamibeachfl.gov\/city-hall\/city-clerk\/election-information\/mail-ballot-election-for-the-creation-of-a-special-assessment-district-to-be-known-as-the-south-beach-business-improvement-district\/resolutions\/\"]}]},{\"@type\":\"ImageObject\",\"inLanguage\":\"pt-BR\",\"@id\":\"https:\/\/www.miamibeachfl.gov\/city-hall\/city-clerk\/election-information\/mail-ballot-election-for-the-creation-of-a-special-assessment-district-to-be-known-as-the-south-beach-business-improvement-district\/resolutions\/#primaryimage\",\"url\":\"https:\/\/www.miamibeachfl.gov\/wp-content\/uploads\/2022\/07\/hero-small.jpg\",\"contentUrl\":\"https:\/\/www.miamibeachfl.gov\/wp-content\/uploads\/2022\/07\/hero-small.jpg\"},{\"@type\":\"BreadcrumbList\",\"@id\":\"https:\/\/www.miamibeachfl.gov\/city-hall\/city-clerk\/election-information\/mail-ballot-election-for-the-creation-of-a-special-assessment-district-to-be-known-as-the-south-beach-business-improvement-district\/resolutions\/#breadcrumb\",\"itemListElement\":[{\"@type\":\"ListItem\",\"position\":1,\"name\":\"Home\",\"item\":\"https:\/\/www.miamibeachfl.gov\/\"},{\"@type\":\"ListItem\",\"position\":2,\"name\":\"City Hall\",\"item\":\"https:\/\/www.miamibeachfl.gov\/city-hall\/\"},{\"@type\":\"ListItem\",\"position\":3,\"name\":\"City Clerk\",\"item\":\"https:\/\/www.miamibeachfl.gov\/city-hall\/city-clerk\/\"},{\"@type\":\"ListItem\",\"position\":4,\"name\":\"Election Information\",\"item\":\"https:\/\/www.miamibeachfl.gov\/city-hall\/city-clerk\/election-information\/\"},{\"@type\":\"ListItem\",\"position\":5,\"name\":\"Mail-Ballot Election\",\"item\":\"https:\/\/www.miamibeachfl.gov\/city-hall\/city-clerk\/election-information\/mail-ballot-election-for-the-creation-of-a-special-assessment-district-to-be-known-as-the-south-beach-business-improvement-district\/\"},{\"@type\":\"ListItem\",\"position\":6,\"name\":\"Resolutions\"}]},{\"@type\":\"WebSite\",\"@id\":\"https:\/\/www.miamibeachfl.gov\/#website\",\"url\":\"https:\/\/www.miamibeachfl.gov\/\",\"name\":\"City of Miami Beach\",\"description\":\"The official website of the City of Miami Beach. Stay informed, find important information on city services, news, alerts, events, trolley routes, government employment and more.\",\"publisher\":{\"@id\":\"https:\/\/www.miamibeachfl.gov\/#organization\"},\"potentialAction\":[{\"@type\":\"SearchAction\",\"target\":{\"@type\":\"EntryPoint\",\"urlTemplate\":\"https:\/\/www.miamibeachfl.gov\/?s={search_term_string}\"},\"query-input\":{\"@type\":\"PropertyValueSpecification\",\"valueRequired\":true,\"valueName\":\"search_term_string\"}}],\"inLanguage\":\"pt-BR\"},{\"@type\":\"Organization\",\"@id\":\"https:\/\/www.miamibeachfl.gov\/#organization\",\"name\":\"City of Miami Beach\",\"url\":\"https:\/\/www.miamibeachfl.gov\/\",\"logo\":{\"@type\":\"ImageObject\",\"inLanguage\":\"pt-BR\",\"@id\":\"https:\/\/www.miamibeachfl.gov\/#\/schema\/logo\/image\/\",\"url\":\"https:\/\/www.miamibeachfl.gov\/wp-content\/uploads\/2022\/06\/miamibeach-logoblue.png\",\"contentUrl\":\"https:\/\/www.miamibeachfl.gov\/wp-content\/uploads\/2022\/06\/miamibeach-logoblue.png\",\"width\":1962,\"height\":381,\"caption\":\"City of Miami Beach\"},\"image\":{\"@id\":\"https:\/\/www.miamibeachfl.gov\/#\/schema\/logo\/image\/\"},\"sameAs\":[\"https:\/\/www.facebook.com\/cityofmiamibeach\",\"https:\/\/x.com\/Miamibeachnews\",\"https:\/\/www.instagram.com\/miamibeachnews\/\"],\"description\":\"The official website of the City of Miami Beach. Stay informed, find important information on city services, news, alerts, events, trolley routes, government employment and more.\",\"telephone\":\"305.604.CITY(2489)\",\"legalName\":\"City of Miami Beach\"}]}<\/script>\n<!-- \/ Yoast SEO Premium plugin. -->","yoast_head_json":{"title":"Resolu\u00e7\u00f5es - Cidade de Miami Beach","description":"%","robots":{"index":"index","follow":"follow","max-snippet":"max-snippet:-1","max-image-preview":"max-image-preview:large","max-video-preview":"max-video-preview:-1"},"canonical":"https:\/\/www.miamibeachfl.gov\/pt\/city-hall\/city-clerk\/election-information\/mail-ballot-election-for-the-creation-of-a-special-assessment-district-to-be-known-as-the-south-beach-business-improvement-district\/resolutions\/","og_locale":"pt_BR","og_type":"article","og_title":"Resolutions","og_description":"%","og_url":"https:\/\/www.miamibeachfl.gov\/pt\/city-hall\/city-clerk\/election-information\/mail-ballot-election-for-the-creation-of-a-special-assessment-district-to-be-known-as-the-south-beach-business-improvement-district\/resolutions\/","og_site_name":"City of Miami Beach","article_publisher":"https:\/\/www.facebook.com\/cityofmiamibeach","article_modified_time":"2025-02-23T18:41:01+00:00","og_image":[{"url":"https:\/\/www.miamibeachfl.gov\/wp-content\/uploads\/2022\/07\/hero-small.jpg","type":"","width":"","height":""}],"twitter_card":"summary_large_image","twitter_site":"@Miamibeachnews","schema":{"@context":"https:\/\/schema.org","@graph":[{"@type":"WebPage","@id":"https:\/\/www.miamibeachfl.gov\/city-hall\/city-clerk\/election-information\/mail-ballot-election-for-the-creation-of-a-special-assessment-district-to-be-known-as-the-south-beach-business-improvement-district\/resolutions\/","url":"https:\/\/www.miamibeachfl.gov\/city-hall\/city-clerk\/election-information\/mail-ballot-election-for-the-creation-of-a-special-assessment-district-to-be-known-as-the-south-beach-business-improvement-district\/resolutions\/","name":"Resolu\u00e7\u00f5es - Cidade de Miami Beach","isPartOf":{"@id":"https:\/\/www.miamibeachfl.gov\/#website"},"primaryImageOfPage":{"@id":"https:\/\/www.miamibeachfl.gov\/city-hall\/city-clerk\/election-information\/mail-ballot-election-for-the-creation-of-a-special-assessment-district-to-be-known-as-the-south-beach-business-improvement-district\/resolutions\/#primaryimage"},"image":{"@id":"https:\/\/www.miamibeachfl.gov\/city-hall\/city-clerk\/election-information\/mail-ballot-election-for-the-creation-of-a-special-assessment-district-to-be-known-as-the-south-beach-business-improvement-district\/resolutions\/#primaryimage"},"thumbnailUrl":"https:\/\/www.miamibeachfl.gov\/wp-content\/uploads\/2022\/07\/hero-small.jpg","datePublished":"2020-01-28T19:52:30+00:00","dateModified":"2025-02-23T18:41:01+00:00","description":"%","breadcrumb":{"@id":"https:\/\/www.miamibeachfl.gov\/city-hall\/city-clerk\/election-information\/mail-ballot-election-for-the-creation-of-a-special-assessment-district-to-be-known-as-the-south-beach-business-improvement-district\/resolutions\/#breadcrumb"},"inLanguage":"pt-BR","potentialAction":[{"@type":"ReadAction","target":["https:\/\/www.miamibeachfl.gov\/city-hall\/city-clerk\/election-information\/mail-ballot-election-for-the-creation-of-a-special-assessment-district-to-be-known-as-the-south-beach-business-improvement-district\/resolutions\/"]}]},{"@type":"ImageObject","inLanguage":"pt-BR","@id":"https:\/\/www.miamibeachfl.gov\/city-hall\/city-clerk\/election-information\/mail-ballot-election-for-the-creation-of-a-special-assessment-district-to-be-known-as-the-south-beach-business-improvement-district\/resolutions\/#primaryimage","url":"https:\/\/www.miamibeachfl.gov\/wp-content\/uploads\/2022\/07\/hero-small.jpg","contentUrl":"https:\/\/www.miamibeachfl.gov\/wp-content\/uploads\/2022\/07\/hero-small.jpg"},{"@type":"BreadcrumbList","@id":"https:\/\/www.miamibeachfl.gov\/city-hall\/city-clerk\/election-information\/mail-ballot-election-for-the-creation-of-a-special-assessment-district-to-be-known-as-the-south-beach-business-improvement-district\/resolutions\/#breadcrumb","itemListElement":[{"@type":"ListItem","position":1,"name":"Home","item":"https:\/\/www.miamibeachfl.gov\/"},{"@type":"ListItem","position":2,"name":"City Hall","item":"https:\/\/www.miamibeachfl.gov\/city-hall\/"},{"@type":"ListItem","position":3,"name":"City Clerk","item":"https:\/\/www.miamibeachfl.gov\/city-hall\/city-clerk\/"},{"@type":"ListItem","position":4,"name":"Election Information","item":"https:\/\/www.miamibeachfl.gov\/city-hall\/city-clerk\/election-information\/"},{"@type":"ListItem","position":5,"name":"Mail-Ballot Election","item":"https:\/\/www.miamibeachfl.gov\/city-hall\/city-clerk\/election-information\/mail-ballot-election-for-the-creation-of-a-special-assessment-district-to-be-known-as-the-south-beach-business-improvement-district\/"},{"@type":"ListItem","position":6,"name":"Resolutions"}]},{"@type":"WebSite","@id":"https:\/\/www.miamibeachfl.gov\/#website","url":"https:\/\/www.miamibeachfl.gov\/","name":"Cidade de Miami Beach","description":"Site oficial da cidade de Miami Beach. Mantenha-se informado e encontre informa\u00e7\u00f5es importantes sobre servi\u00e7os municipais, not\u00edcias, alertas, eventos, rotas de bonde, empregos p\u00fablicos e muito mais.","publisher":{"@id":"https:\/\/www.miamibeachfl.gov\/#organization"},"potentialAction":[{"@type":"SearchAction","target":{"@type":"EntryPoint","urlTemplate":"https:\/\/www.miamibeachfl.gov\/?s={search_term_string}"},"query-input":{"@type":"PropertyValueSpecification","valueRequired":true,"valueName":"search_term_string"}}],"inLanguage":"pt-BR"},{"@type":"Organization","@id":"https:\/\/www.miamibeachfl.gov\/#organization","name":"Cidade de Miami Beach","url":"https:\/\/www.miamibeachfl.gov\/","logo":{"@type":"ImageObject","inLanguage":"pt-BR","@id":"https:\/\/www.miamibeachfl.gov\/#\/schema\/logo\/image\/","url":"https:\/\/www.miamibeachfl.gov\/wp-content\/uploads\/2022\/06\/miamibeach-logoblue.png","contentUrl":"https:\/\/www.miamibeachfl.gov\/wp-content\/uploads\/2022\/06\/miamibeach-logoblue.png","width":1962,"height":381,"caption":"City of Miami Beach"},"image":{"@id":"https:\/\/www.miamibeachfl.gov\/#\/schema\/logo\/image\/"},"sameAs":["https:\/\/www.facebook.com\/cityofmiamibeach","https:\/\/x.com\/Miamibeachnews","https:\/\/www.instagram.com\/miamibeachnews\/"],"description":"Site oficial da cidade de Miami Beach. Mantenha-se informado e encontre informa\u00e7\u00f5es importantes sobre servi\u00e7os municipais, not\u00edcias, alertas, eventos, rotas de bonde, empregos p\u00fablicos e muito mais.","telephone":"305.604.CITY(2489)","legalName":"City of Miami Beach"}]}},"_links":{"self":[{"href":"https:\/\/www.miamibeachfl.gov\/pt\/wp-json\/wp\/v2\/pages\/124280","targetHints":{"allow":["GET"]}}],"collection":[{"href":"https:\/\/www.miamibeachfl.gov\/pt\/wp-json\/wp\/v2\/pages"}],"about":[{"href":"https:\/\/www.miamibeachfl.gov\/pt\/wp-json\/wp\/v2\/types\/page"}],"author":[{"embeddable":true,"href":"https:\/\/www.miamibeachfl.gov\/pt\/wp-json\/wp\/v2\/users\/222"}],"replies":[{"embeddable":true,"href":"https:\/\/www.miamibeachfl.gov\/pt\/wp-json\/wp\/v2\/comments?post=124280"}],"version-history":[{"count":0,"href":"https:\/\/www.miamibeachfl.gov\/pt\/wp-json\/wp\/v2\/pages\/124280\/revisions"}],"up":[{"embeddable":true,"href":"https:\/\/www.miamibeachfl.gov\/pt\/wp-json\/wp\/v2\/pages\/124277"}],"wp:attachment":[{"href":"https:\/\/www.miamibeachfl.gov\/pt\/wp-json\/wp\/v2\/media?parent=124280"}],"wp:term":[{"taxonomy":"category","embeddable":true,"href":"https:\/\/www.miamibeachfl.gov\/pt\/wp-json\/wp\/v2\/categories?post=124280"},{"taxonomy":"post_tag","embeddable":true,"href":"https:\/\/www.miamibeachfl.gov\/pt\/wp-json\/wp\/v2\/tags?post=124280"}],"curies":[{"name":"wp","href":"https:\/\/api.w.org\/{rel}","templated":true}]}}