{"id":125831,"date":"2020-02-27T11:04:45","date_gmt":"2020-02-27T16:04:45","guid":{"rendered":"http:\/\/www.miamibeachfl.gov\/yourmbpd\/resources\/crime-prevention\/"},"modified":"2025-06-07T10:48:52","modified_gmt":"2025-06-07T14:48:52","slug":"crime-prevention","status":"publish","type":"page","link":"https:\/\/www.miamibeachfl.gov\/pt\/yourmbpd\/services\/crime-prevention\/","title":{"rendered":"Preven\u00e7\u00e3o ao Crime"},"content":{"rendered":"<a href=\"\/pt\/yourmbpd\/\"  target=\"_self\" itemprop=\"url\">\n\t\t\t\t<img decoding=\"async\" src=\"https:\/\/www.miamibeachfl.gov\/wp-content\/uploads\/2019\/12\/badge-for-banner.png\" alt=\"badge for banner\" itemprop=\"image\" title=\"distintivo para banner\" onerror=\"this.style.display='none'\" loading='lazy' \/>\n\t\t\t\t<\/a>\n<h3>\n\t\t<a href=\"\/pt\/yourmbpd\/leadership\/\" title=\"LIDERAN\u00c7A\"  target=\"_self\">\n\t\t\tLIDERAN\u00c7A\t\t<\/a>\n\t<\/h3>\n<h3>\n\t\t<a href=\"\/pt\/yourmbpd\/neighborhoods\/\" title=\"BAIRROS\"  target=\"_self\">\n\t\t\tBAIRROS\t\t<\/a>\n\t<\/h3>\n<h3>\n\t\t<a href=\"\/pt\/yourmbpd\/services\/\" title=\"SERVI\u00c7OS\"  target=\"_self\">\n\t\t\tSERVI\u00c7OS\t\t<\/a>\n\t<\/h3>\n<h1>\n\t\t\tDicas de preven\u00e7\u00e3o e seguran\u00e7a contra crimes\t<\/h1>\n\t<p>O Departamento de Pol\u00edcia de Boston (MBPD) elaborou uma s\u00e9rie de dicas de preven\u00e7\u00e3o e seguran\u00e7a para ajudar moradores, empresas e visitantes a identificar e prevenir atos il\u00edcitos, como roubos de ve\u00edculos e resid\u00eancias, furtos na praia e furtos de bicicletas. Como sempre, a seguran\u00e7a \u00e9 nossa maior prioridade. Se vir algo, avise. Ligue para a pol\u00edcia!<\/p>\n<p><strong>Roubo de autom\u00f3vel<\/strong><\/p>\n<ul>\n<li>N\u00e3o deixe objetos de valor vis\u00edveis no seu ve\u00edculo<\/li>\n<li>Feche todas as janelas e tranque todas as portas antes de sair do ve\u00edculo<\/li>\n<li>Estacione em uma \u00e1rea bem iluminada e densamente povoada<\/li>\n<li>Esteja atento ao seu entorno ao entrar e sair do seu ve\u00edculo<\/li>\n<li>N\u00e3o deixe os abridores de portas de garagem em ve\u00edculos estacionados<\/li>\n<li>N\u00e3o pense que tons escuros esconder\u00e3o seus objetos de valor<\/li>\n<li>Se voc\u00ea precisar deixar objetos de valor no carro, coloque-os fora da vista antes de chegar ao seu destino.<\/li>\n<li>Denuncie qualquer pessoa suspeita que voc\u00ea observar em um estacionamento<\/li>\n<li>Evite estacionar pr\u00f3ximo a ve\u00edculos ocupados<\/li>\n<li>N\u00e3o deixe suas chaves\/controle remoto no seu ve\u00edculo<\/li>\n<\/ul>\n<p><strong>Roubo Residencial<\/strong><\/p>\n<ul>\n<li>Certifique-se de que sua resid\u00eancia pare\u00e7a ocupada enquanto voc\u00ea estiver fora (correspond\u00eancia e jornais recolhidos, grama aparada, cercas vivas aparadas, ve\u00edculos movidos periodicamente, etc.)<\/li>\n<li>Coloque luzes com temporizador dentro e fora<\/li>\n<li>Defina um alarme (e tenha sinaliza\u00e7\u00e3o de alarme afixada)<\/li>\n<li>N\u00e3o tenha escadas e ferramentas acess\u00edveis na parte externa da casa<\/li>\n<li>N\u00e3o deixe a chave reserva acess\u00edvel (se poss\u00edvel, guarde-a com um vizinho de confian\u00e7a)<\/li>\n<li>Estabele\u00e7a confian\u00e7a com os vizinhos e fique de olho nas casas uns dos outros<\/li>\n<li>Instalar um cofre em casa<\/li>\n<li>N\u00e3o anuncie nas redes sociais que voc\u00ea estar\u00e1 fora da cidade<\/li>\n<\/ul>\n<p><strong>Roubos de Praia<\/strong><\/p>\n<ul>\n<li>Use uma bolsa \u00e0 prova d&#039;\u00e1gua para o telefone e outros objetos de valor<\/li>\n<li>Leve apenas a quantia necess\u00e1ria (deixe o restante em casa ou no cofre do hotel)<\/li>\n<li>Designe uma pessoa para ficar com seus pertences enquanto voc\u00ea estiver na \u00e1gua<\/li>\n<li>Escolha um local pr\u00f3ximo \u00e0 torre do salva-vidas<\/li>\n<li>N\u00e3o deixe seus itens sem vigil\u00e2ncia<\/li>\n<li>N\u00e3o v\u00e1 \u00e0 praia depois que ela estiver fechada<\/li>\n<\/ul>\n<p><strong>Preven\u00e7\u00e3o de roubo de bicicletas<\/strong><\/p>\n<ul>\n<li><strong>Tranque-o!<\/strong> \u2013 Sempre tranque a bicicleta quando estiver desacompanhada e deixe-a apenas em \u00e1reas bem iluminadas e com tr\u00e1fego intenso de pedestres. Sempre prenda sua bicicleta no suporte. Nunca tranque apenas a roda dianteira; certifique-se de incluir a roda traseira e o quadro. Use um cadeado de bicicleta de alta seguran\u00e7a recomendado. Denuncie atividades suspeitas \u2013 Denuncie todos os roubos de bicicletas e atividades suspeitas perto de biciclet\u00e1rios. N\u00e3o se esque\u00e7a de registrar sua bicicleta aqui. <a href=\"https:\/\/secure.coplogic.com\/dors\/startreport\/300002343\">https:\/\/secure.miamibeachfl.gov\/BikeRegistration<\/a><\/li>\n<\/ul>\n\t<p>\u00a9 2025 Direitos autorais da cidade de Miami Beach.<\/p>\n\t\t\t<a href=\"\/pt\/\" target=\"_self\">\n\t\t\t\t\t\t\tSite da cidade de Miami Beach\n\t\t\t\t\t<\/a>\n\t\t\t<a href=\"\/pt\/policies-disclaimers\/\" target=\"_self\">\n\t\t\t\t\t\t\tPol\u00edticas e Isen\u00e7\u00f5es de Responsabilidade\n\t\t\t\t\t<\/a>\n\t\t\t<a href=\"\/pt\/accessibility\/\" target=\"_self\">\n\t\t\t\t\t\t\tAcessibilidade\n\t\t\t\t\t<\/a>\n\t\t\t<a href=\"\/pt\/policies-disclaimers\/#cookies\" target=\"_self\">\n\t\t\t\t\t\t\tConfigura\u00e7\u00f5es de cookies\n\t\t\t\t\t<\/a>","protected":false},"excerpt":{"rendered":"<p>LEADERSHIP NEIGHBORHOODS SERVICES Crime Prevention and Safety Tips The MBPD has produced a number of crime prevention and safety tips [&hellip;]<\/p>\n","protected":false},"author":222,"featured_media":0,"parent":122945,"menu_order":97,"comment_status":"closed","ping_status":"closed","template":"","meta":{"_searchwp_excluded":"","site-sidebar-layout":"default","site-content-layout":"","ast-site-content-layout":"","site-content-style":"default","site-sidebar-style":"default","ast-global-header-display":"disabled","ast-banner-title-visibility":"","ast-main-header-display":"","ast-hfb-above-header-display":"","ast-hfb-below-header-display":"","ast-hfb-mobile-header-display":"","site-post-title":"","ast-breadcrumbs-content":"","ast-featured-img":"","footer-sml-layout":"disabled","theme-transparent-header-meta":"","adv-header-id-meta":"","stick-header-meta":"","header-above-stick-meta":"","header-main-stick-meta":"","header-below-stick-meta":"","astra-migrate-meta-layouts":"default","ast-page-background-enabled":"default","ast-page-background-meta":{"desktop":{"background-color":"var(--ast-global-color-5)","background-image":"","background-repeat":"repeat","background-position":"center center","background-size":"auto","background-attachment":"scroll","background-type":"","background-media":"","overlay-type":"","overlay-color":"","overlay-opacity":"","overlay-gradient":""},"tablet":{"background-color":"","background-image":"","background-repeat":"repeat","background-position":"center center","background-size":"auto","background-attachment":"scroll","background-type":"","background-media":"","overlay-type":"","overlay-color":"","overlay-opacity":"","overlay-gradient":""},"mobile":{"background-color":"","background-image":"","background-repeat":"repeat","background-position":"center center","background-size":"auto","background-attachment":"scroll","background-type":"","background-media":"","overlay-type":"","overlay-color":"","overlay-opacity":"","overlay-gradient":""}},"ast-content-background-meta":{"desktop":{"background-color":"var(--ast-global-color-4)","background-image":"","background-repeat":"repeat","background-position":"center center","background-size":"auto","background-attachment":"scroll","background-type":"","background-media":"","overlay-type":"","overlay-color":"","overlay-opacity":"","overlay-gradient":""},"tablet":{"background-color":"var(--ast-global-color-4)","background-image":"","background-repeat":"repeat","background-position":"center center","background-size":"auto","background-attachment":"scroll","background-type":"","background-media":"","overlay-type":"","overlay-color":"","overlay-opacity":"","overlay-gradient":""},"mobile":{"background-color":"var(--ast-global-color-4)","background-image":"","background-repeat":"repeat","background-position":"center center","background-size":"auto","background-attachment":"scroll","background-type":"","background-media":"","overlay-type":"","overlay-color":"","overlay-opacity":"","overlay-gradient":""}},"footnotes":""},"categories":[],"tags":[],"class_list":["post-125831","page","type-page","status-publish","hentry"],"yoast_head":"<!-- This site is optimized with the Yoast SEO Premium plugin v27.4 (Yoast SEO v27.4) - https:\/\/yoast.com\/product\/yoast-seo-premium-wordpress\/ -->\n<title>Crime Prevention - City of Miami Beach<\/title>\n<meta name=\"description\" content=\"%\" \/>\n<meta name=\"robots\" content=\"index, follow, max-snippet:-1, max-image-preview:large, max-video-preview:-1\" \/>\n<link rel=\"canonical\" href=\"https:\/\/www.miamibeachfl.gov\/pt\/yourmbpd\/services\/crime-prevention\/\" \/>\n<meta property=\"og:locale\" content=\"pt_BR\" \/>\n<meta property=\"og:type\" content=\"article\" \/>\n<meta property=\"og:title\" content=\"Crime Prevention\" \/>\n<meta property=\"og:description\" content=\"%\" \/>\n<meta property=\"og:url\" content=\"https:\/\/www.miamibeachfl.gov\/pt\/yourmbpd\/services\/crime-prevention\/\" \/>\n<meta property=\"og:site_name\" content=\"City of Miami Beach\" \/>\n<meta property=\"article:publisher\" content=\"https:\/\/www.facebook.com\/cityofmiamibeach\" \/>\n<meta property=\"article:modified_time\" content=\"2025-06-07T14:48:52+00:00\" \/>\n<meta property=\"og:image\" content=\"https:\/\/www.miamibeachfl.gov\/wp-content\/uploads\/2019\/12\/badge-for-banner.png\" \/>\n<meta name=\"twitter:card\" content=\"summary_large_image\" \/>\n<meta name=\"twitter:site\" content=\"@Miamibeachnews\" \/>\n<script type=\"application\/ld+json\" class=\"yoast-schema-graph\">{\"@context\":\"https:\\\/\\\/schema.org\",\"@graph\":[{\"@type\":\"WebPage\",\"@id\":\"https:\\\/\\\/www.miamibeachfl.gov\\\/yourmbpd\\\/services\\\/crime-prevention\\\/\",\"url\":\"https:\\\/\\\/www.miamibeachfl.gov\\\/yourmbpd\\\/services\\\/crime-prevention\\\/\",\"name\":\"Crime Prevention - City of Miami Beach\",\"isPartOf\":{\"@id\":\"https:\\\/\\\/www.miamibeachfl.gov\\\/#website\"},\"primaryImageOfPage\":{\"@id\":\"https:\\\/\\\/www.miamibeachfl.gov\\\/yourmbpd\\\/services\\\/crime-prevention\\\/#primaryimage\"},\"image\":{\"@id\":\"https:\\\/\\\/www.miamibeachfl.gov\\\/yourmbpd\\\/services\\\/crime-prevention\\\/#primaryimage\"},\"thumbnailUrl\":\"https:\\\/\\\/www.miamibeachfl.gov\\\/wp-content\\\/uploads\\\/2019\\\/12\\\/badge-for-banner.png\",\"datePublished\":\"2020-02-27T16:04:45+00:00\",\"dateModified\":\"2025-06-07T14:48:52+00:00\",\"description\":\"%\",\"breadcrumb\":{\"@id\":\"https:\\\/\\\/www.miamibeachfl.gov\\\/yourmbpd\\\/services\\\/crime-prevention\\\/#breadcrumb\"},\"inLanguage\":\"pt-BR\",\"potentialAction\":[{\"@type\":\"ReadAction\",\"target\":[\"https:\\\/\\\/www.miamibeachfl.gov\\\/yourmbpd\\\/services\\\/crime-prevention\\\/\"]}]},{\"@type\":\"ImageObject\",\"inLanguage\":\"pt-BR\",\"@id\":\"https:\\\/\\\/www.miamibeachfl.gov\\\/yourmbpd\\\/services\\\/crime-prevention\\\/#primaryimage\",\"url\":\"https:\\\/\\\/www.miamibeachfl.gov\\\/wp-content\\\/uploads\\\/2019\\\/12\\\/badge-for-banner.png\",\"contentUrl\":\"https:\\\/\\\/www.miamibeachfl.gov\\\/wp-content\\\/uploads\\\/2019\\\/12\\\/badge-for-banner.png\"},{\"@type\":\"BreadcrumbList\",\"@id\":\"https:\\\/\\\/www.miamibeachfl.gov\\\/yourmbpd\\\/services\\\/crime-prevention\\\/#breadcrumb\",\"itemListElement\":[{\"@type\":\"ListItem\",\"position\":1,\"name\":\"Home\",\"item\":\"https:\\\/\\\/www.miamibeachfl.gov\\\/\"},{\"@type\":\"ListItem\",\"position\":2,\"name\":\"Police\",\"item\":\"https:\\\/\\\/www.miamibeachfl.gov\\\/yourmbpd\\\/\"},{\"@type\":\"ListItem\",\"position\":3,\"name\":\"Services\",\"item\":\"https:\\\/\\\/www.miamibeachfl.gov\\\/yourmbpd\\\/services\\\/\"},{\"@type\":\"ListItem\",\"position\":4,\"name\":\"Crime Prevention\"}]},{\"@type\":\"WebSite\",\"@id\":\"https:\\\/\\\/www.miamibeachfl.gov\\\/#website\",\"url\":\"https:\\\/\\\/www.miamibeachfl.gov\\\/\",\"name\":\"City of Miami Beach\",\"description\":\"The official website of the City of Miami Beach. Stay informed, find important information on city services, news, alerts, events, trolley routes, government employment and more.\",\"publisher\":{\"@id\":\"https:\\\/\\\/www.miamibeachfl.gov\\\/#organization\"},\"potentialAction\":[{\"@type\":\"SearchAction\",\"target\":{\"@type\":\"EntryPoint\",\"urlTemplate\":\"https:\\\/\\\/www.miamibeachfl.gov\\\/?s={search_term_string}\"},\"query-input\":{\"@type\":\"PropertyValueSpecification\",\"valueRequired\":true,\"valueName\":\"search_term_string\"}}],\"inLanguage\":\"pt-BR\"},{\"@type\":\"Organization\",\"@id\":\"https:\\\/\\\/www.miamibeachfl.gov\\\/#organization\",\"name\":\"City of Miami Beach\",\"url\":\"https:\\\/\\\/www.miamibeachfl.gov\\\/\",\"logo\":{\"@type\":\"ImageObject\",\"inLanguage\":\"pt-BR\",\"@id\":\"https:\\\/\\\/www.miamibeachfl.gov\\\/#\\\/schema\\\/logo\\\/image\\\/\",\"url\":\"https:\\\/\\\/www.miamibeachfl.gov\\\/wp-content\\\/uploads\\\/2022\\\/06\\\/miamibeach-logoblue.png\",\"contentUrl\":\"https:\\\/\\\/www.miamibeachfl.gov\\\/wp-content\\\/uploads\\\/2022\\\/06\\\/miamibeach-logoblue.png\",\"width\":1962,\"height\":381,\"caption\":\"City of Miami Beach\"},\"image\":{\"@id\":\"https:\\\/\\\/www.miamibeachfl.gov\\\/#\\\/schema\\\/logo\\\/image\\\/\"},\"sameAs\":[\"https:\\\/\\\/www.facebook.com\\\/cityofmiamibeach\",\"https:\\\/\\\/x.com\\\/Miamibeachnews\",\"https:\\\/\\\/www.instagram.com\\\/miamibeachnews\\\/\"],\"description\":\"The official website of the City of Miami Beach. Stay informed, find important information on city services, news, alerts, events, trolley routes, government employment and more.\",\"telephone\":\"305.604.CITY(2489)\",\"legalName\":\"City of Miami Beach\"}]}<\/script>\n<!-- \/ Yoast SEO Premium plugin. -->","yoast_head_json":{"title":"Preven\u00e7\u00e3o ao Crime - Cidade de Miami Beach","description":"%","robots":{"index":"index","follow":"follow","max-snippet":"max-snippet:-1","max-image-preview":"max-image-preview:large","max-video-preview":"max-video-preview:-1"},"canonical":"https:\/\/www.miamibeachfl.gov\/pt\/yourmbpd\/services\/crime-prevention\/","og_locale":"pt_BR","og_type":"article","og_title":"Crime Prevention","og_description":"%","og_url":"https:\/\/www.miamibeachfl.gov\/pt\/yourmbpd\/services\/crime-prevention\/","og_site_name":"City of Miami Beach","article_publisher":"https:\/\/www.facebook.com\/cityofmiamibeach","article_modified_time":"2025-06-07T14:48:52+00:00","og_image":[{"url":"https:\/\/www.miamibeachfl.gov\/wp-content\/uploads\/2019\/12\/badge-for-banner.png","type":"","width":"","height":""}],"twitter_card":"summary_large_image","twitter_site":"@Miamibeachnews","schema":{"@context":"https:\/\/schema.org","@graph":[{"@type":"WebPage","@id":"https:\/\/www.miamibeachfl.gov\/yourmbpd\/services\/crime-prevention\/","url":"https:\/\/www.miamibeachfl.gov\/yourmbpd\/services\/crime-prevention\/","name":"Preven\u00e7\u00e3o ao Crime - Cidade de Miami Beach","isPartOf":{"@id":"https:\/\/www.miamibeachfl.gov\/#website"},"primaryImageOfPage":{"@id":"https:\/\/www.miamibeachfl.gov\/yourmbpd\/services\/crime-prevention\/#primaryimage"},"image":{"@id":"https:\/\/www.miamibeachfl.gov\/yourmbpd\/services\/crime-prevention\/#primaryimage"},"thumbnailUrl":"https:\/\/www.miamibeachfl.gov\/wp-content\/uploads\/2019\/12\/badge-for-banner.png","datePublished":"2020-02-27T16:04:45+00:00","dateModified":"2025-06-07T14:48:52+00:00","description":"%","breadcrumb":{"@id":"https:\/\/www.miamibeachfl.gov\/yourmbpd\/services\/crime-prevention\/#breadcrumb"},"inLanguage":"pt-BR","potentialAction":[{"@type":"ReadAction","target":["https:\/\/www.miamibeachfl.gov\/yourmbpd\/services\/crime-prevention\/"]}]},{"@type":"ImageObject","inLanguage":"pt-BR","@id":"https:\/\/www.miamibeachfl.gov\/yourmbpd\/services\/crime-prevention\/#primaryimage","url":"https:\/\/www.miamibeachfl.gov\/wp-content\/uploads\/2019\/12\/badge-for-banner.png","contentUrl":"https:\/\/www.miamibeachfl.gov\/wp-content\/uploads\/2019\/12\/badge-for-banner.png"},{"@type":"BreadcrumbList","@id":"https:\/\/www.miamibeachfl.gov\/yourmbpd\/services\/crime-prevention\/#breadcrumb","itemListElement":[{"@type":"ListItem","position":1,"name":"Home","item":"https:\/\/www.miamibeachfl.gov\/"},{"@type":"ListItem","position":2,"name":"Police","item":"https:\/\/www.miamibeachfl.gov\/yourmbpd\/"},{"@type":"ListItem","position":3,"name":"Services","item":"https:\/\/www.miamibeachfl.gov\/yourmbpd\/services\/"},{"@type":"ListItem","position":4,"name":"Crime Prevention"}]},{"@type":"WebSite","@id":"https:\/\/www.miamibeachfl.gov\/#website","url":"https:\/\/www.miamibeachfl.gov\/","name":"Cidade de Miami Beach","description":"Site oficial da cidade de Miami Beach. Mantenha-se informado e encontre informa\u00e7\u00f5es importantes sobre servi\u00e7os municipais, not\u00edcias, alertas, eventos, rotas de bonde, empregos p\u00fablicos e muito mais.","publisher":{"@id":"https:\/\/www.miamibeachfl.gov\/#organization"},"potentialAction":[{"@type":"SearchAction","target":{"@type":"EntryPoint","urlTemplate":"https:\/\/www.miamibeachfl.gov\/?s={search_term_string}"},"query-input":{"@type":"PropertyValueSpecification","valueRequired":true,"valueName":"search_term_string"}}],"inLanguage":"pt-BR"},{"@type":"Organization","@id":"https:\/\/www.miamibeachfl.gov\/#organization","name":"Cidade de Miami Beach","url":"https:\/\/www.miamibeachfl.gov\/","logo":{"@type":"ImageObject","inLanguage":"pt-BR","@id":"https:\/\/www.miamibeachfl.gov\/#\/schema\/logo\/image\/","url":"https:\/\/www.miamibeachfl.gov\/wp-content\/uploads\/2022\/06\/miamibeach-logoblue.png","contentUrl":"https:\/\/www.miamibeachfl.gov\/wp-content\/uploads\/2022\/06\/miamibeach-logoblue.png","width":1962,"height":381,"caption":"City of Miami Beach"},"image":{"@id":"https:\/\/www.miamibeachfl.gov\/#\/schema\/logo\/image\/"},"sameAs":["https:\/\/www.facebook.com\/cityofmiamibeach","https:\/\/x.com\/Miamibeachnews","https:\/\/www.instagram.com\/miamibeachnews\/"],"description":"Site oficial da cidade de Miami Beach. Mantenha-se informado e encontre informa\u00e7\u00f5es importantes sobre servi\u00e7os municipais, not\u00edcias, alertas, eventos, rotas de bonde, empregos p\u00fablicos e muito mais.","telephone":"305.604.CITY(2489)","legalName":"City of Miami Beach"}]}},"_links":{"self":[{"href":"https:\/\/www.miamibeachfl.gov\/pt\/wp-json\/wp\/v2\/pages\/125831","targetHints":{"allow":["GET"]}}],"collection":[{"href":"https:\/\/www.miamibeachfl.gov\/pt\/wp-json\/wp\/v2\/pages"}],"about":[{"href":"https:\/\/www.miamibeachfl.gov\/pt\/wp-json\/wp\/v2\/types\/page"}],"author":[{"embeddable":true,"href":"https:\/\/www.miamibeachfl.gov\/pt\/wp-json\/wp\/v2\/users\/222"}],"replies":[{"embeddable":true,"href":"https:\/\/www.miamibeachfl.gov\/pt\/wp-json\/wp\/v2\/comments?post=125831"}],"version-history":[{"count":3,"href":"https:\/\/www.miamibeachfl.gov\/pt\/wp-json\/wp\/v2\/pages\/125831\/revisions"}],"predecessor-version":[{"id":375684,"href":"https:\/\/www.miamibeachfl.gov\/pt\/wp-json\/wp\/v2\/pages\/125831\/revisions\/375684"}],"up":[{"embeddable":true,"href":"https:\/\/www.miamibeachfl.gov\/pt\/wp-json\/wp\/v2\/pages\/122945"}],"wp:attachment":[{"href":"https:\/\/www.miamibeachfl.gov\/pt\/wp-json\/wp\/v2\/media?parent=125831"}],"wp:term":[{"taxonomy":"category","embeddable":true,"href":"https:\/\/www.miamibeachfl.gov\/pt\/wp-json\/wp\/v2\/categories?post=125831"},{"taxonomy":"post_tag","embeddable":true,"href":"https:\/\/www.miamibeachfl.gov\/pt\/wp-json\/wp\/v2\/tags?post=125831"}],"curies":[{"name":"wp","href":"https:\/\/api.w.org\/{rel}","templated":true}]}}