{"id":126089,"date":"2020-03-03T10:29:28","date_gmt":"2020-03-03T15:29:28","guid":{"rendered":"http:\/\/www.miamibeachfl.gov\/inspectorgeneral\/joseph-bio-page\/"},"modified":"2025-05-28T14:42:55","modified_gmt":"2025-05-28T18:42:55","slug":"joseph-bio-page","status":"publish","type":"page","link":"https:\/\/www.miamibeachfl.gov\/pt\/inspectorgeneral\/team\/joseph-bio-page\/","title":{"rendered":"P\u00e1gina de biografia de Joseph"},"content":{"rendered":"<a href=\"\/pt\/inspectorgeneral\/\"  target=\"_self\" itemprop=\"url\">\n\t\t\t\t<img decoding=\"async\" src=\"https:\/\/www.miamibeachfl.gov\/wp-content\/uploads\/2020\/02\/IGlogoDrafts5-01-1024x791.png\" alt=\"IGlogoDrafts5-01\" itemprop=\"image\" title=\"IGlogoDrafts5-01\" onerror=\"this.style.display='none'\" loading='lazy' \/>\n\t\t\t\t<\/a>\n<h2>\n\t\t\tBIOGRAFIA DE JOSEPH M. CENTORINO\t<\/h2>\n\t<p>Joseph M. Centorino assumiu o cargo de Inspetor Geral da Cidade de Miami Beach em 1\u00ba de novembro de 2019. O cargo foi criado ap\u00f3s um referendo municipal em 2018, no qual 81% dos eleitores da cidade apoiaram uma emenda ao estatuto que estabelecia a ag\u00eancia de fiscaliza\u00e7\u00e3o independente.<\/p>\n<p>O Sr. Centorino atuou anteriormente como Diretor Executivo\/Conselheiro Geral da Comiss\u00e3o de \u00c9tica e Confian\u00e7a P\u00fablica de Miami-Dade de 2011 a 2018. Nessa posi\u00e7\u00e3o, ele supervisionou o treinamento de \u00e9tica e o fornecimento de pareceres \u00e9ticos para autoridades eleitas, funcion\u00e1rios p\u00fablicos, lobistas e advogados do governo local, bem como a aplica\u00e7\u00e3o do C\u00f3digo de \u00c9tica de Miami-Dade, que abrange todos os servidores p\u00fablicos do governo do Condado de Miami-Dade, bem como todos os munic\u00edpios do Condado.<\/p>\n<p>Antes de servir no Condado, atuou por 25 anos como Promotor P\u00fablico Assistente no Gabinete do Procurador Estadual de Miami-Dade, sob a tutela das Promotoras Estaduais Janet Reno e Katherine Fernandez Rundle. Seu mandato nesse gabinete incluiu dezesseis anos como Chefe da Unidade de Corrup\u00e7\u00e3o P\u00fablica, onde supervisionou, investigou e processou importantes casos de corrup\u00e7\u00e3o envolvendo funcion\u00e1rios p\u00fablicos eleitos e nomeados, bem como servidores p\u00fablicos.<\/p>\n<p>O Sr. Centorino iniciou sua carreira em Massachusetts como assessor do deputado federal Michael J. Harrington e, posteriormente, atuou na advocacia privada e como promotor p\u00fablico assistente no Condado de Essex. Ele tamb\u00e9m atuou por oito anos como vereador eleito em sua cidade natal, Salem, Massachusetts.<\/p>\n<p>O Sr. Centorino possui bacharelado e mestrado em Ci\u00eancia Pol\u00edtica pela Universidade Tufts, \u00e9 Juris Doctor pela Faculdade de Direito do Boston College e \u00e9 membro da Ordem dos Advogados da Fl\u00f3rida, bem como das ordens dos advogados de Massachusetts, do Distrito de Columbia e da Suprema Corte dos EUA. Atuou como instrutor de Profissionalismo e \u00c9tica na Universidade Internacional da Fl\u00f3rida e \u00e9 palestrante, palestrante e painelista frequente sobre corrup\u00e7\u00e3o e temas relacionados \u00e0 \u00e9tica. Recebeu o Pr\u00eamio Advogados em Lideran\u00e7a do Centro de \u00c9tica e Servi\u00e7o P\u00fablico da Faculdade de Direito da Universidade de Miami em 2011 e atuou no Comit\u00ea de \u00c9tica Profissional da Ordem dos Advogados da Fl\u00f3rida.<\/p>\n<h2>\n\t\t\tLinks r\u00e1pidos da cidade:\t<\/h2>\n\t\t\t<a href=\"\/pt\/city-hall\/\" target=\"_blank\" rel=\"noopener\">\n\t\t\t\t\t\t\tDiret\u00f3rio da Cidade\n\t\t\t\t\t<\/a>\n\t\t\t<a href=\"\/pt\/city-hall\/city-clerk\/meeting-notices\/\" target=\"_blank\" rel=\"noopener\">\n\t\t\t\t\t\t\tAvisos de Reuni\u00f5es Municipais\n\t\t\t\t\t<\/a>\n\t\t\t<a href=\"\/pt\/city-hall\/city-clerk\/meetings-and-agendas\/\" target=\"_blank\" rel=\"noopener\">\n\t\t\t\t\t\t\tReuni\u00f5es da Comiss\u00e3o e do Conselho\n\t\t\t\t\t<\/a>\n\t\t\t<a href=\"\/pt\/residents\/neighborhood-associations\/\" target=\"_blank\" rel=\"noopener\">\n\t\t\t\t\t\t\tAssocia\u00e7\u00f5es de Bairros e Condom\u00ednios\n\t\t\t\t\t<\/a>\n\t\t\t<a href=\"\/pt\/city-employee-helpful-links\/\" target=\"_blank\" rel=\"noopener\">\n\t\t\t\t\t\t\tFuncion\u00e1rios\n\t\t\t\t\t<\/a>\n\t\t\t<a href=\"\/pt\/flood-awareness\/\" target=\"_blank\" rel=\"noopener\">\n\t\t\t\t\t\t\tConscientiza\u00e7\u00e3o sobre enchentes\n\t\t\t\t\t<\/a>\n\t\t\t<a href=\"\/pt\/city-hall\/transportation\/tracking-trolley-live\/\" target=\"_blank\" rel=\"noopener\">\n\t\t\t\t\t\t\tAtualiza\u00e7\u00f5es do bonde ao vivo\n\t\t\t\t\t<\/a>\n\t\t\t<a href=\"\/pt\/government\/master-plans\/\" target=\"_blank\" rel=\"noopener\">\n\t\t\t\t\t\t\tPlanos Diretores\n\t\t\t\t\t<\/a>\n\t\t\t<a href=\"\/pt\/city-hall\/parking\/\" target=\"_blank\" rel=\"noopener\">\n\t\t\t\t\t\t\tInforma\u00e7\u00f5es de estacionamento\n\t\t\t\t\t<\/a>\n\t\t\t<a href=\"\/pt\/city-hall\/parks-and-recreation\/\" target=\"_self\">\n\t\t\t\t\t\t\tParques e Recrea\u00e7\u00e3o\n\t\t\t\t\t<\/a>\n\t\t\t<a href=\"\/pt\/residents\/neighborhood-associations\/neighborhood-affairs-division\/active-projects\/other\/north-beach-cra\/\" target=\"_self\">\n\t\t\t\t\t\t\tAg\u00eancia de Redesenvolvimento Comunit\u00e1rio de North Beach\n\t\t\t\t\t<\/a>\n\t\t\t<a href=\"https:\/\/www2.miami-dadeclerk.com\/PayParking\/\" target=\"_blank\" rel=\"noopener\">\n\t\t\t\t\t\t\tPagar multas de estacionamento\n\t\t\t\t\t<\/a>\n\t\t\t<a href=\"\/pt\/pay-invoice\/\" target=\"_blank\" rel=\"noopener\">\n\t\t\t\t\t\t\tPagar contas\n\t\t\t\t\t<\/a>\n\t\t\t<a href=\"\/pt\/city-hall\/environmental-sustainability\/sustainability\/recycling\/\" target=\"_self\">\n\t\t\t\t\t\t\tReciclar\n\t\t\t\t\t<\/a>\n\t\t\t<a href=\"\/pt\/inspectorgeneral\/\" target=\"_self\">\n\t\t\t\t\t\t\tDenunciando Fraude\n\t\t\t\t\t<\/a>\n\t\t\t<a href=\"\/pt\/city-hall\/city-clerk\/special-magistrate\/\" target=\"_self\">\n\t\t\t\t\t\t\tMagistrado Especial\n\t\t\t\t\t<\/a>\n\t\t\t<a href=\"\/pt\/city-hall\/economic-development\/redevelopment-agency\/\" target=\"_self\">\n\t\t\t\t\t\t\tAg\u00eancia de Redesenvolvimento de Miami Beach\n\t\t\t\t\t<\/a>\n\t<p>\u00a9 2025 Direitos autorais da cidade de Miami Beach.<\/p>\n\t\t\t<a href=\"\/pt\/contact\/\" target=\"_self\">\n\t\t\t\t\t\t\tContate-nos\n\t\t\t\t\t<\/a>\n\t\t\t<a href=\"\/pt\/policies-disclaimers\/\" target=\"_self\">\n\t\t\t\t\t\t\tPol\u00edticas e Isen\u00e7\u00f5es de Responsabilidade\n\t\t\t\t\t<\/a>\n\t\t\t<a href=\"\/pt\/accessibility\/\" target=\"_self\">\n\t\t\t\t\t\t\tAcessibilidade\n\t\t\t\t\t<\/a>\n\t\t\t<a href=\"\/pt\/policies-disclaimers\/#cookies\" target=\"_self\">\n\t\t\t\t\t\t\tConfigura\u00e7\u00f5es de cookies\n\t\t\t\t\t<\/a>","protected":false},"excerpt":{"rendered":"<p>JOSEPH M. CENTORINO BIOGRAPHY Joseph M. Centorino assumed the position of Inspector General for the City of Miami Beach on [&hellip;]<\/p>\n","protected":false},"author":222,"featured_media":0,"parent":123312,"menu_order":0,"comment_status":"closed","ping_status":"closed","template":"","meta":{"_searchwp_excluded":"","site-sidebar-layout":"default","site-content-layout":"","ast-site-content-layout":"","site-content-style":"default","site-sidebar-style":"default","ast-global-header-display":"disabled","ast-banner-title-visibility":"","ast-main-header-display":"","ast-hfb-above-header-display":"","ast-hfb-below-header-display":"","ast-hfb-mobile-header-display":"","site-post-title":"","ast-breadcrumbs-content":"","ast-featured-img":"","footer-sml-layout":"disabled","theme-transparent-header-meta":"","adv-header-id-meta":"","stick-header-meta":"","header-above-stick-meta":"","header-main-stick-meta":"","header-below-stick-meta":"","astra-migrate-meta-layouts":"default","ast-page-background-enabled":"default","ast-page-background-meta":{"desktop":{"background-color":"var(--ast-global-color-5)","background-image":"","background-repeat":"repeat","background-position":"center center","background-size":"auto","background-attachment":"scroll","background-type":"","background-media":"","overlay-type":"","overlay-color":"","overlay-opacity":"","overlay-gradient":""},"tablet":{"background-color":"","background-image":"","background-repeat":"repeat","background-position":"center center","background-size":"auto","background-attachment":"scroll","background-type":"","background-media":"","overlay-type":"","overlay-color":"","overlay-opacity":"","overlay-gradient":""},"mobile":{"background-color":"","background-image":"","background-repeat":"repeat","background-position":"center center","background-size":"auto","background-attachment":"scroll","background-type":"","background-media":"","overlay-type":"","overlay-color":"","overlay-opacity":"","overlay-gradient":""}},"ast-content-background-meta":{"desktop":{"background-color":"var(--ast-global-color-4)","background-image":"","background-repeat":"repeat","background-position":"center center","background-size":"auto","background-attachment":"scroll","background-type":"","background-media":"","overlay-type":"","overlay-color":"","overlay-opacity":"","overlay-gradient":""},"tablet":{"background-color":"var(--ast-global-color-4)","background-image":"","background-repeat":"repeat","background-position":"center center","background-size":"auto","background-attachment":"scroll","background-type":"","background-media":"","overlay-type":"","overlay-color":"","overlay-opacity":"","overlay-gradient":""},"mobile":{"background-color":"var(--ast-global-color-4)","background-image":"","background-repeat":"repeat","background-position":"center center","background-size":"auto","background-attachment":"scroll","background-type":"","background-media":"","overlay-type":"","overlay-color":"","overlay-opacity":"","overlay-gradient":""}},"footnotes":""},"categories":[],"tags":[],"class_list":["post-126089","page","type-page","status-publish","hentry"],"yoast_head":"<!-- This site is optimized with the Yoast SEO Premium plugin v27.4 (Yoast SEO v27.4) - https:\/\/yoast.com\/product\/yoast-seo-premium-wordpress\/ -->\n<title>Joseph Bio Page - City of Miami Beach<\/title>\n<meta name=\"description\" content=\"%\" \/>\n<meta name=\"robots\" content=\"index, follow, max-snippet:-1, max-image-preview:large, max-video-preview:-1\" \/>\n<link rel=\"canonical\" href=\"https:\/\/www.miamibeachfl.gov\/pt\/inspectorgeneral\/team\/joseph-bio-page\/\" \/>\n<meta property=\"og:locale\" content=\"pt_BR\" \/>\n<meta property=\"og:type\" content=\"article\" \/>\n<meta property=\"og:title\" content=\"Joseph Bio Page\" \/>\n<meta property=\"og:description\" content=\"%\" \/>\n<meta property=\"og:url\" content=\"https:\/\/www.miamibeachfl.gov\/pt\/inspectorgeneral\/team\/joseph-bio-page\/\" \/>\n<meta property=\"og:site_name\" content=\"City of Miami Beach\" \/>\n<meta property=\"article:publisher\" content=\"https:\/\/www.facebook.com\/cityofmiamibeach\" \/>\n<meta property=\"article:modified_time\" content=\"2025-05-28T18:42:55+00:00\" \/>\n<meta property=\"og:image\" content=\"https:\/\/www.miamibeachfl.gov\/wp-content\/uploads\/2020\/02\/IGlogoDrafts5-01-1024x791.png\" \/>\n<meta name=\"twitter:card\" content=\"summary_large_image\" \/>\n<meta name=\"twitter:site\" content=\"@Miamibeachnews\" \/>\n<script type=\"application\/ld+json\" class=\"yoast-schema-graph\">{\"@context\":\"https:\\\/\\\/schema.org\",\"@graph\":[{\"@type\":\"WebPage\",\"@id\":\"https:\\\/\\\/www.miamibeachfl.gov\\\/inspectorgeneral\\\/team\\\/joseph-bio-page\\\/\",\"url\":\"https:\\\/\\\/www.miamibeachfl.gov\\\/inspectorgeneral\\\/team\\\/joseph-bio-page\\\/\",\"name\":\"Joseph Bio Page - City of Miami Beach\",\"isPartOf\":{\"@id\":\"https:\\\/\\\/www.miamibeachfl.gov\\\/#website\"},\"primaryImageOfPage\":{\"@id\":\"https:\\\/\\\/www.miamibeachfl.gov\\\/inspectorgeneral\\\/team\\\/joseph-bio-page\\\/#primaryimage\"},\"image\":{\"@id\":\"https:\\\/\\\/www.miamibeachfl.gov\\\/inspectorgeneral\\\/team\\\/joseph-bio-page\\\/#primaryimage\"},\"thumbnailUrl\":\"https:\\\/\\\/www.miamibeachfl.gov\\\/wp-content\\\/uploads\\\/2020\\\/02\\\/IGlogoDrafts5-01-1024x791.png\",\"datePublished\":\"2020-03-03T15:29:28+00:00\",\"dateModified\":\"2025-05-28T18:42:55+00:00\",\"description\":\"%\",\"breadcrumb\":{\"@id\":\"https:\\\/\\\/www.miamibeachfl.gov\\\/inspectorgeneral\\\/team\\\/joseph-bio-page\\\/#breadcrumb\"},\"inLanguage\":\"pt-BR\",\"potentialAction\":[{\"@type\":\"ReadAction\",\"target\":[\"https:\\\/\\\/www.miamibeachfl.gov\\\/inspectorgeneral\\\/team\\\/joseph-bio-page\\\/\"]}]},{\"@type\":\"ImageObject\",\"inLanguage\":\"pt-BR\",\"@id\":\"https:\\\/\\\/www.miamibeachfl.gov\\\/inspectorgeneral\\\/team\\\/joseph-bio-page\\\/#primaryimage\",\"url\":\"https:\\\/\\\/www.miamibeachfl.gov\\\/wp-content\\\/uploads\\\/2020\\\/02\\\/IGlogoDrafts5-01-1024x791.png\",\"contentUrl\":\"https:\\\/\\\/www.miamibeachfl.gov\\\/wp-content\\\/uploads\\\/2020\\\/02\\\/IGlogoDrafts5-01-1024x791.png\"},{\"@type\":\"BreadcrumbList\",\"@id\":\"https:\\\/\\\/www.miamibeachfl.gov\\\/inspectorgeneral\\\/team\\\/joseph-bio-page\\\/#breadcrumb\",\"itemListElement\":[{\"@type\":\"ListItem\",\"position\":1,\"name\":\"Home\",\"item\":\"https:\\\/\\\/www.miamibeachfl.gov\\\/\"},{\"@type\":\"ListItem\",\"position\":2,\"name\":\"Inspector General\",\"item\":\"https:\\\/\\\/www.miamibeachfl.gov\\\/inspectorgeneral\\\/\"},{\"@type\":\"ListItem\",\"position\":3,\"name\":\"TeamIG\",\"item\":\"https:\\\/\\\/www.miamibeachfl.gov\\\/inspectorgeneral\\\/team\\\/\"},{\"@type\":\"ListItem\",\"position\":4,\"name\":\"Joseph Bio Page\"}]},{\"@type\":\"WebSite\",\"@id\":\"https:\\\/\\\/www.miamibeachfl.gov\\\/#website\",\"url\":\"https:\\\/\\\/www.miamibeachfl.gov\\\/\",\"name\":\"City of Miami Beach\",\"description\":\"The official website of the City of Miami Beach. Stay informed, find important information on city services, news, alerts, events, trolley routes, government employment and more.\",\"publisher\":{\"@id\":\"https:\\\/\\\/www.miamibeachfl.gov\\\/#organization\"},\"potentialAction\":[{\"@type\":\"SearchAction\",\"target\":{\"@type\":\"EntryPoint\",\"urlTemplate\":\"https:\\\/\\\/www.miamibeachfl.gov\\\/?s={search_term_string}\"},\"query-input\":{\"@type\":\"PropertyValueSpecification\",\"valueRequired\":true,\"valueName\":\"search_term_string\"}}],\"inLanguage\":\"pt-BR\"},{\"@type\":\"Organization\",\"@id\":\"https:\\\/\\\/www.miamibeachfl.gov\\\/#organization\",\"name\":\"City of Miami Beach\",\"url\":\"https:\\\/\\\/www.miamibeachfl.gov\\\/\",\"logo\":{\"@type\":\"ImageObject\",\"inLanguage\":\"pt-BR\",\"@id\":\"https:\\\/\\\/www.miamibeachfl.gov\\\/#\\\/schema\\\/logo\\\/image\\\/\",\"url\":\"https:\\\/\\\/www.miamibeachfl.gov\\\/wp-content\\\/uploads\\\/2022\\\/06\\\/miamibeach-logoblue.png\",\"contentUrl\":\"https:\\\/\\\/www.miamibeachfl.gov\\\/wp-content\\\/uploads\\\/2022\\\/06\\\/miamibeach-logoblue.png\",\"width\":1962,\"height\":381,\"caption\":\"City of Miami Beach\"},\"image\":{\"@id\":\"https:\\\/\\\/www.miamibeachfl.gov\\\/#\\\/schema\\\/logo\\\/image\\\/\"},\"sameAs\":[\"https:\\\/\\\/www.facebook.com\\\/cityofmiamibeach\",\"https:\\\/\\\/x.com\\\/Miamibeachnews\",\"https:\\\/\\\/www.instagram.com\\\/miamibeachnews\\\/\"],\"description\":\"The official website of the City of Miami Beach. Stay informed, find important information on city services, news, alerts, events, trolley routes, government employment and more.\",\"telephone\":\"305.604.CITY(2489)\",\"legalName\":\"City of Miami Beach\"}]}<\/script>\n<!-- \/ Yoast SEO Premium plugin. -->","yoast_head_json":{"title":"P\u00e1gina biogr\u00e1fica de Joseph - Cidade de Miami Beach","description":"%","robots":{"index":"index","follow":"follow","max-snippet":"max-snippet:-1","max-image-preview":"max-image-preview:large","max-video-preview":"max-video-preview:-1"},"canonical":"https:\/\/www.miamibeachfl.gov\/pt\/inspectorgeneral\/team\/joseph-bio-page\/","og_locale":"pt_BR","og_type":"article","og_title":"Joseph Bio Page","og_description":"%","og_url":"https:\/\/www.miamibeachfl.gov\/pt\/inspectorgeneral\/team\/joseph-bio-page\/","og_site_name":"City of Miami Beach","article_publisher":"https:\/\/www.facebook.com\/cityofmiamibeach","article_modified_time":"2025-05-28T18:42:55+00:00","og_image":[{"url":"https:\/\/www.miamibeachfl.gov\/wp-content\/uploads\/2020\/02\/IGlogoDrafts5-01-1024x791.png","type":"","width":"","height":""}],"twitter_card":"summary_large_image","twitter_site":"@Miamibeachnews","schema":{"@context":"https:\/\/schema.org","@graph":[{"@type":"WebPage","@id":"https:\/\/www.miamibeachfl.gov\/inspectorgeneral\/team\/joseph-bio-page\/","url":"https:\/\/www.miamibeachfl.gov\/inspectorgeneral\/team\/joseph-bio-page\/","name":"P\u00e1gina biogr\u00e1fica de Joseph - Cidade de Miami Beach","isPartOf":{"@id":"https:\/\/www.miamibeachfl.gov\/#website"},"primaryImageOfPage":{"@id":"https:\/\/www.miamibeachfl.gov\/inspectorgeneral\/team\/joseph-bio-page\/#primaryimage"},"image":{"@id":"https:\/\/www.miamibeachfl.gov\/inspectorgeneral\/team\/joseph-bio-page\/#primaryimage"},"thumbnailUrl":"https:\/\/www.miamibeachfl.gov\/wp-content\/uploads\/2020\/02\/IGlogoDrafts5-01-1024x791.png","datePublished":"2020-03-03T15:29:28+00:00","dateModified":"2025-05-28T18:42:55+00:00","description":"%","breadcrumb":{"@id":"https:\/\/www.miamibeachfl.gov\/inspectorgeneral\/team\/joseph-bio-page\/#breadcrumb"},"inLanguage":"pt-BR","potentialAction":[{"@type":"ReadAction","target":["https:\/\/www.miamibeachfl.gov\/inspectorgeneral\/team\/joseph-bio-page\/"]}]},{"@type":"ImageObject","inLanguage":"pt-BR","@id":"https:\/\/www.miamibeachfl.gov\/inspectorgeneral\/team\/joseph-bio-page\/#primaryimage","url":"https:\/\/www.miamibeachfl.gov\/wp-content\/uploads\/2020\/02\/IGlogoDrafts5-01-1024x791.png","contentUrl":"https:\/\/www.miamibeachfl.gov\/wp-content\/uploads\/2020\/02\/IGlogoDrafts5-01-1024x791.png"},{"@type":"BreadcrumbList","@id":"https:\/\/www.miamibeachfl.gov\/inspectorgeneral\/team\/joseph-bio-page\/#breadcrumb","itemListElement":[{"@type":"ListItem","position":1,"name":"Home","item":"https:\/\/www.miamibeachfl.gov\/"},{"@type":"ListItem","position":2,"name":"Inspector General","item":"https:\/\/www.miamibeachfl.gov\/inspectorgeneral\/"},{"@type":"ListItem","position":3,"name":"TeamIG","item":"https:\/\/www.miamibeachfl.gov\/inspectorgeneral\/team\/"},{"@type":"ListItem","position":4,"name":"Joseph Bio Page"}]},{"@type":"WebSite","@id":"https:\/\/www.miamibeachfl.gov\/#website","url":"https:\/\/www.miamibeachfl.gov\/","name":"Cidade de Miami Beach","description":"Site oficial da cidade de Miami Beach. Mantenha-se informado e encontre informa\u00e7\u00f5es importantes sobre servi\u00e7os municipais, not\u00edcias, alertas, eventos, rotas de bonde, empregos p\u00fablicos e muito mais.","publisher":{"@id":"https:\/\/www.miamibeachfl.gov\/#organization"},"potentialAction":[{"@type":"SearchAction","target":{"@type":"EntryPoint","urlTemplate":"https:\/\/www.miamibeachfl.gov\/?s={search_term_string}"},"query-input":{"@type":"PropertyValueSpecification","valueRequired":true,"valueName":"search_term_string"}}],"inLanguage":"pt-BR"},{"@type":"Organization","@id":"https:\/\/www.miamibeachfl.gov\/#organization","name":"Cidade de Miami Beach","url":"https:\/\/www.miamibeachfl.gov\/","logo":{"@type":"ImageObject","inLanguage":"pt-BR","@id":"https:\/\/www.miamibeachfl.gov\/#\/schema\/logo\/image\/","url":"https:\/\/www.miamibeachfl.gov\/wp-content\/uploads\/2022\/06\/miamibeach-logoblue.png","contentUrl":"https:\/\/www.miamibeachfl.gov\/wp-content\/uploads\/2022\/06\/miamibeach-logoblue.png","width":1962,"height":381,"caption":"City of Miami Beach"},"image":{"@id":"https:\/\/www.miamibeachfl.gov\/#\/schema\/logo\/image\/"},"sameAs":["https:\/\/www.facebook.com\/cityofmiamibeach","https:\/\/x.com\/Miamibeachnews","https:\/\/www.instagram.com\/miamibeachnews\/"],"description":"Site oficial da cidade de Miami Beach. Mantenha-se informado e encontre informa\u00e7\u00f5es importantes sobre servi\u00e7os municipais, not\u00edcias, alertas, eventos, rotas de bonde, empregos p\u00fablicos e muito mais.","telephone":"305.604.CITY(2489)","legalName":"City of Miami Beach"}]}},"_links":{"self":[{"href":"https:\/\/www.miamibeachfl.gov\/pt\/wp-json\/wp\/v2\/pages\/126089","targetHints":{"allow":["GET"]}}],"collection":[{"href":"https:\/\/www.miamibeachfl.gov\/pt\/wp-json\/wp\/v2\/pages"}],"about":[{"href":"https:\/\/www.miamibeachfl.gov\/pt\/wp-json\/wp\/v2\/types\/page"}],"author":[{"embeddable":true,"href":"https:\/\/www.miamibeachfl.gov\/pt\/wp-json\/wp\/v2\/users\/222"}],"replies":[{"embeddable":true,"href":"https:\/\/www.miamibeachfl.gov\/pt\/wp-json\/wp\/v2\/comments?post=126089"}],"version-history":[{"count":2,"href":"https:\/\/www.miamibeachfl.gov\/pt\/wp-json\/wp\/v2\/pages\/126089\/revisions"}],"predecessor-version":[{"id":374372,"href":"https:\/\/www.miamibeachfl.gov\/pt\/wp-json\/wp\/v2\/pages\/126089\/revisions\/374372"}],"up":[{"embeddable":true,"href":"https:\/\/www.miamibeachfl.gov\/pt\/wp-json\/wp\/v2\/pages\/123312"}],"wp:attachment":[{"href":"https:\/\/www.miamibeachfl.gov\/pt\/wp-json\/wp\/v2\/media?parent=126089"}],"wp:term":[{"taxonomy":"category","embeddable":true,"href":"https:\/\/www.miamibeachfl.gov\/pt\/wp-json\/wp\/v2\/categories?post=126089"},{"taxonomy":"post_tag","embeddable":true,"href":"https:\/\/www.miamibeachfl.gov\/pt\/wp-json\/wp\/v2\/tags?post=126089"}],"curies":[{"name":"wp","href":"https:\/\/api.w.org\/{rel}","templated":true}]}}