{"id":134879,"date":"2020-05-19T10:44:36","date_gmt":"2020-05-19T14:44:36","guid":{"rendered":"http:\/\/www.miamibeachfl.gov\/?page_id=134879"},"modified":"2026-04-10T10:12:56","modified_gmt":"2026-04-10T14:12:56","slug":"72-street-community-complex","status":"publish","type":"page","link":"https:\/\/www.miamibeachfl.gov\/pt\/projects\/72-street-community-complex\/","title":{"rendered":"Complexo Comunit\u00e1rio da Rua 72"},"content":{"rendered":"\n<figure itemscope itemtype=\"https:\/\/schema.org\/ImageObject\">\n\t\t\t\t<img decoding=\"async\" src=\"https:\/\/www.miamibeachfl.gov\/wp-content\/uploads\/2026\/03\/GOBond2018-Project2.png\" alt=\"GO Bond 2018 Project\" height=\"100\" width=\"400\" title=\"GOBond2018-Project2\" onerror=\"this.style.display='none'\" loading=\"lazy\" \/>\n\t<\/figure>\n<h1>\n\t\t\t72 Street Community Complex\t<\/h1>\n<h2>\n\t\t\tProject Overview:\t<\/h2>\n\t<p>As part of the 2018 General Obligation Bond (GOB) program, the City of Miami Beach is developing the 72 Street Community Complex, located between Collins Avenue and Harding Avenue in the North Beach neighborhood. The existing surface parking lot will be transformed into a vibrant, multi\u2011use community complex that brings recreation, learning, wellness, and public amenities together within a single destination.<\/p>\n<p>The new facility will include an outdoor athletic field, a fitness center, a community pool with lap lanes, pickleball courts, a community center with multi-use rooms, a library and ground floor retail spaces. A multi-level parking garage to replace the existing surface lot.<\/p>\n<p>This project will serve as a signature public facility for North Beach combining education, recreation, green space, and community amenities while supporting neighborhood revitalization and long\u2011term sustainability.<\/p>\n\t\t\t\tNew Updates\n\t\t\t\tPast Updates\n\t\t\t\tPublic Meetings\n\t\t\t\t\t\t\tNew Updates\n\t\t\t\t<p><strong><a href=\"https:\/\/www.miamibeachfl.gov\/wp-content\/uploads\/2025\/10\/25.02.12-Miami-Beach-72nd-CC-Public-Community-Meeting.pdf\">72 Community Complex &#8211; Public Community Meeting (Feb. 12, 2025)<\/a><\/strong><\/p>\n\t\t\t\t\t\t\tPast Updates\n\t\t\t\t<p><strong><a href=\"https:\/\/www.miamibeachfl.gov\/wp-content\/uploads\/2025\/10\/72-Street-Complex.pdf\">72 Street Complex<\/a><\/strong><\/p>\n\t\t\t\t\t\t\tPublic Meetings\n\t\t\t\t<h3>\u00a0<\/h3>\n<h3  id=\"photogallery\">\n\t\t\tFrequently asked questions (FAQs)\t<\/h3>\n\t\t\t\t\t<a role=\"heading\" aria-level=\"2\" tabindex=\"-1\"  id=\"fl-accordion--label-0\">Where will this project take place?<\/a>\n\t\t\t\t\t\t\t\t\t\t\t<button type=\"button\" id=\"fl-accordion--icon-0\" aria-expanded=\"false\" aria-controls=\"fl-accordion--panel-0\"><i>Expand<\/i><\/button>\n\t\t\t\t\t<p>Answer<\/p>\n\t\t\t\t\t<a role=\"heading\" aria-level=\"2\" tabindex=\"-1\"  id=\"fl-accordion--label-1\">  What is the purpose of this project?<\/a>\n\t\t\t\t\t\t\t\t\t\t\t<button type=\"button\" id=\"fl-accordion--icon-1\" aria-expanded=\"false\" aria-controls=\"fl-accordion--panel-1\"><i>Expand<\/i><\/button>\n\t\t\t\t\t<ul>\n<li>Answer<\/li>\n<\/ul>\n\t\t\t\t\t<a role=\"heading\" aria-level=\"2\" tabindex=\"-1\"  id=\"fl-accordion--label-2\">Where will this project take place?<\/a>\n\t\t\t\t\t\t\t\t\t\t\t<button type=\"button\" id=\"fl-accordion--icon-2\" aria-expanded=\"false\" aria-controls=\"fl-accordion--panel-2\"><i>Expand<\/i><\/button>\n\t\t\t\t\t<p>Answer<\/p>\n\t\t\t\t\t<a role=\"heading\" aria-level=\"2\" tabindex=\"-1\"  id=\"fl-accordion--label-3\">Project Specific FAQs<\/a>\n\t\t\t\t\t\t\t\t\t\t\t<button type=\"button\" id=\"fl-accordion--icon-3\" aria-expanded=\"false\" aria-controls=\"fl-accordion--panel-3\"><i>Expand<\/i><\/button>\n<h3  id=\"photogallery\">\n\t\t\tPhoto Gallery\t<\/h3>\n\t\t\t\t<a\n\t\t\thref=\"https:\/\/www.miamibeachfl.gov\/wp-content\/uploads\/2024\/06\/Venetian-Causeway-Project-Phase-II-Map-1024x453.png\"\n\t\t\t\t\t\tdata-fancybox=\"images\" \n\t\t\ttitle=\"Venetian Causeway Project Phase II - Map\" \n\t\t\t\t\t\tdata-caption=\"Project Map - Overview\"\n\t\t\t\t\t\tdata-description=\"\" \n\t\t\titemprop=\"contentUrl\">\n\t\t\t<img loading=\"lazy\" decoding=\"async\" src=\"https:\/\/www.miamibeachfl.gov\/wp-content\/uploads\/2024\/06\/Venetian-Causeway-Project-Phase-II-Map.png\" alt=\"Venetian Causeway\" data-no-lazy=\"1\" itemprop=\"thumbnail\" width=\"1531\" height=\"678\" \/>\n\t\t\t<!-- Overlay Wrapper -->\n\t\t\t <!-- Overlay Wrapper Closed -->\n\t\t\t\t<\/a>\n\t\t\t\t\t\t\t<meta itemprop=\"width\" content=\"1531\" \/>\n\t\t\t<meta itemprop=\"height\" content=\"678\" \/>\n\t<h3  id=\"photogallery\">\n\t\t\tVideos\t<\/h3>\n\t<iframe allowfullscreen allow=\"autoplay\" data-src=\"https:\/\/www.youtube.com\/embed\/egB9ivzbqf4?feature=oembed&amp;start&amp;end&amp;wmode=opaque&amp;loop=0&amp;controls=1&amp;mute=0&amp;rel=0&amp;modestbranding=0\" title=\"West Avenue Phase II - Harmonization Process Overview Video\"><\/iframe>\t\t\n\t\t\t\t\tPlay Video\n\t\t\tWest Avenue Phase II &#8211; Harmonization Process Overview Video\n\t<iframe allowfullscreen allow=\"autoplay\" data-src=\"https:\/\/www.youtube.com\/embed\/ZDSz9XhY2fI?feature=oembed&amp;start&amp;end&amp;wmode=opaque&amp;loop=0&amp;controls=1&amp;mute=0&amp;rel=0&amp;modestbranding=0\" title=\"West Avenue Phase II - Neighborhood Improvement Project Update - July 2025\"><\/iframe>\t\t\n\t\t\t\t\tPlay Video\n\t\t\tWest Avenue Phase II &#8211; Neighborhood Improvement Project Update &#8211; July 2025\n<h3  id=\"photogallery\">\n\t\t\tLocation\t<\/h3>\n\t<iframe src=\"https:\/\/www.google.com\/maps\/embed\/v1\/place?q=299+72nd+Street%2C+Miami+Beach%2C+FL&#038;key=AIzaSyD09zQ9PNDNNy9TadMuzRV_UsPUoWKntt8\" aria-hidden=\"true\" title=\"West Avenue, Miami Beach Map\"><\/iframe>\n<h3>\n\t\t\tQuestions?\t<\/h3>\n\t<p>Reach out for more information.<\/p>\n\t<div class=\"wpforms-container wpforms-container-full\" id=\"wpforms-280042\"><form id=\"wpforms-form-280042\" class=\"wpforms-validate wpforms-form wpforms-ajax-form\" data-formid=\"280042\" method=\"post\" enctype=\"multipart\/form-data\" action=\"\/pt\/wp-json\/wp\/v2\/pages\/134879\" data-token=\"721566332a5e58729c31d87b7231b6e0\" data-token-time=\"1777626120\"><noscript class=\"wpforms-error-noscript\">Ative o JavaScript no seu navegador para preencher este formul\u00e1rio.<\/noscript><div class=\"wpforms-field-container\"><div id=\"wpforms-280042-field_0-container\" class=\"wpforms-field wpforms-field-name\" data-field-id=\"0\"><label class=\"wpforms-field-label\">Name <span class=\"wpforms-required-label\">*<\/span><\/label><div class=\"wpforms-field-row wpforms-field-large\"><div class=\"wpforms-field-row-block wpforms-first wpforms-one-half\"><input type=\"text\" id=\"wpforms-280042-field_0\" class=\"wpforms-field-name-first wpforms-field-required\" name=\"wpforms[fields][0][first]\" required><label for=\"wpforms-280042-field_0\" class=\"wpforms-field-sublabel after\">Nome<\/label><\/div><div class=\"wpforms-field-row-block wpforms-one-half\"><input type=\"text\" id=\"wpforms-280042-field_0-last\" class=\"wpforms-field-name-last wpforms-field-required\" name=\"wpforms[fields][0][last]\" required><label for=\"wpforms-280042-field_0-last\" class=\"wpforms-field-sublabel after\">Sobrenome<\/label><\/div><\/div><\/div><div id=\"wpforms-280042-field_1-container\" class=\"wpforms-field wpforms-field-email\" data-field-id=\"1\"><label class=\"wpforms-field-label\" for=\"wpforms-280042-field_1\">Email <span class=\"wpforms-required-label\">*<\/span><\/label><input type=\"email\" id=\"wpforms-280042-field_1\" class=\"wpforms-field-large wpforms-field-required\" name=\"wpforms[fields][1]\" spellcheck=\"false\" required><\/div><div id=\"wpforms-280042-field_2-container\" class=\"wpforms-field wpforms-field-textarea\" data-field-id=\"2\"><label class=\"wpforms-field-label\" for=\"wpforms-280042-field_2\">Comment or Message<\/label><textarea id=\"wpforms-280042-field_2\" class=\"wpforms-field-medium\" name=\"wpforms[fields][2]\" ><\/textarea><\/div><div id=\"wpforms-280042-field_4-container\" class=\"wpforms-field wpforms-field-hidden\" data-field-id=\"4\"><input type=\"hidden\" id=\"wpforms-280042-field_4\" name=\"wpforms[fields][4]\" value=\": https:\/\/www.miamibeachfl.gov\/pt\/wp-json\/wp\/v2\/pages\/134879\"><\/div><\/div><!-- .wpforms-field-container --><div class=\"wpforms-recaptcha-container wpforms-is-recaptcha wpforms-is-recaptcha-type-v2\" ><div class=\"g-recaptcha\" data-sitekey=\"6Lcwxc4pAAAAAKPjNaeWluTmul42T6sdKruYO3BQ\"><\/div><input type=\"text\" name=\"g-recaptcha-hidden\" class=\"wpforms-recaptcha-hidden\" style=\"position:absolute!important;clip:rect(0,0,0,0)!important;height:1px!important;width:1px!important;border:0!important;overflow:hidden!important;padding:0!important;margin:0!important;\" data-rule-recaptcha=\"1\"><\/div><div class=\"wpforms-submit-container\" ><input type=\"hidden\" name=\"wpforms[id]\" value=\"280042\"><input type=\"hidden\" name=\"page_title\" value=\"\"><input type=\"hidden\" name=\"page_url\" value=\"https:\/\/www.miamibeachfl.gov\/pt\/wp-json\/wp\/v2\/pages\/134879\"><input type=\"hidden\" name=\"url_referer\" value=\"\"><button type=\"submit\" name=\"wpforms[submit]\" id=\"wpforms-submit-280042\" class=\"wpforms-submit\" data-alt-text=\"Sending...\" data-submit-text=\"Submit\" aria-live=\"assertive\" value=\"wpforms-submit\">Submit<\/button><img loading=\"lazy\" decoding=\"async\" src=\"https:\/\/www.miamibeachfl.gov\/wp-content\/plugins\/wpforms\/assets\/images\/submit-spin.svg\" class=\"wpforms-submit-spinner\" style=\"display: none;\" width=\"26\" height=\"26\" alt=\"Carregando\"><\/div><\/form><\/div>  <!-- .wpforms-container -->\n<h3  id=\"photogallery\">\n\t\t\tProject Staff\t<\/h3>\n\t<strong>Department Lead<\/strong><br \/>\nCapital Improvement Projects (CIP)\n<strong>Department Director<\/strong><br \/>\nDavid A. Gomez, LEED-AP\n<strong>Senior project Manager<\/strong><br \/>\nHerman Fung\n<strong>Project Manager<\/strong><br \/>\nLazaro Martinez\n<strong>Architect\/Engineering Firm<\/strong><br \/>\nWannemacher Jensen Architects\n<strong>Contractor<\/strong><br \/>\nKaufman Lynn Construction\n<strong>Neighborhood Affairs Coordinator\u00a0<\/strong><br \/>\nNicholas Levy<br \/>\n<a href=\"mailto:NicholasLevy@MiamiBeachFl.gov\">NicholasLevy@MiamiBeachFl.gov<\/a>\n<h3  id=\"photogallery\">\n\t\t\tFunding\t<\/h3>\n<figure itemscope itemtype=\"https:\/\/schema.org\/ImageObject\">\n\t\t\t\t<img decoding=\"async\" src=\"https:\/\/www.miamibeachfl.gov\/wp-content\/uploads\/2026\/03\/funding.png\" alt=\"Funding\" height=\"200\" width=\"200\" title=\"funding\" onerror=\"this.style.display='none'\" loading=\"lazy\" \/>\n\t<\/figure>\n\t<p><strong>Total Budget:<\/strong> $18,132,386.40<\/p>\n<h3  id=\"photogallery\">\n\t\t\tProject Status\t<\/h3>\n<h3  id=\"photogallery\">\n\t\t\tDesign\t<\/h3>\n<h3  id=\"photogallery\">\n\t\t\tLast updated:\t<\/h3>\n\t<p>March 2026<\/p>\n\n","protected":false},"excerpt":{"rendered":"<p>72 Street Community Complex Project Overview: As part of the 2018 General Obligation Bond (GOB) program, the City of Miami [&hellip;]<\/p>\n","protected":false},"author":222,"featured_media":398658,"parent":397831,"menu_order":194,"comment_status":"closed","ping_status":"closed","template":"","meta":{"_searchwp_excluded":"","site-sidebar-layout":"default","site-content-layout":"","ast-site-content-layout":"default","site-content-style":"default","site-sidebar-style":"default","ast-global-header-display":"","ast-banner-title-visibility":"","ast-main-header-display":"","ast-hfb-above-header-display":"","ast-hfb-below-header-display":"","ast-hfb-mobile-header-display":"","site-post-title":"","ast-breadcrumbs-content":"","ast-featured-img":"","footer-sml-layout":"","theme-transparent-header-meta":"","adv-header-id-meta":"","stick-header-meta":"","header-above-stick-meta":"","header-main-stick-meta":"","header-below-stick-meta":"","astra-migrate-meta-layouts":"default","ast-page-background-enabled":"default","ast-page-background-meta":{"desktop":{"background-color":"var(--ast-global-color-5)","background-image":"","background-repeat":"repeat","background-position":"center center","background-size":"auto","background-attachment":"scroll","background-type":"","background-media":"","overlay-type":"","overlay-color":"","overlay-opacity":"","overlay-gradient":""},"tablet":{"background-color":"","background-image":"","background-repeat":"repeat","background-position":"center center","background-size":"auto","background-attachment":"scroll","background-type":"","background-media":"","overlay-type":"","overlay-color":"","overlay-opacity":"","overlay-gradient":""},"mobile":{"background-color":"","background-image":"","background-repeat":"repeat","background-position":"center center","background-size":"auto","background-attachment":"scroll","background-type":"","background-media":"","overlay-type":"","overlay-color":"","overlay-opacity":"","overlay-gradient":""}},"ast-content-background-meta":{"desktop":{"background-color":"var(--ast-global-color-4)","background-image":"","background-repeat":"repeat","background-position":"center center","background-size":"auto","background-attachment":"scroll","background-type":"","background-media":"","overlay-type":"","overlay-color":"","overlay-opacity":"","overlay-gradient":""},"tablet":{"background-color":"var(--ast-global-color-4)","background-image":"","background-repeat":"repeat","background-position":"center center","background-size":"auto","background-attachment":"scroll","background-type":"","background-media":"","overlay-type":"","overlay-color":"","overlay-opacity":"","overlay-gradient":""},"mobile":{"background-color":"var(--ast-global-color-4)","background-image":"","background-repeat":"repeat","background-position":"center center","background-size":"auto","background-attachment":"scroll","background-type":"","background-media":"","overlay-type":"","overlay-color":"","overlay-opacity":"","overlay-gradient":""}},"footnotes":""},"categories":[1878,1883,1886],"tags":[],"class_list":["post-134879","page","type-page","status-publish","has-post-thumbnail","hentry","category-city-projects","category-go-bond-funding","category-north-beach-projects"],"yoast_head":"<!-- This site is optimized with the Yoast SEO Premium plugin v27.4 (Yoast SEO v27.4) - https:\/\/yoast.com\/product\/yoast-seo-premium-wordpress\/ -->\n<title>72 Street Community Complex - City of Miami Beach<\/title>\n<meta name=\"description\" content=\"Learn about the 72 Street Community Complex offering multi-use spaces for recreation and community engagement in North Beach.\" \/>\n<meta name=\"robots\" content=\"index, follow, max-snippet:-1, max-image-preview:large, max-video-preview:-1\" \/>\n<link rel=\"canonical\" href=\"https:\/\/www.miamibeachfl.gov\/pt\/projects\/72-street-community-complex\/\" \/>\n<meta property=\"og:locale\" content=\"pt_BR\" \/>\n<meta property=\"og:type\" content=\"article\" \/>\n<meta property=\"og:title\" content=\"72 Street Community Complex\" \/>\n<meta property=\"og:description\" content=\"Learn about the 72 Street Community Complex offering multi-use spaces for recreation and community engagement in North Beach.\" \/>\n<meta property=\"og:url\" content=\"https:\/\/www.miamibeachfl.gov\/pt\/projects\/72-street-community-complex\/\" \/>\n<meta property=\"og:site_name\" content=\"City of Miami Beach\" \/>\n<meta property=\"article:publisher\" content=\"https:\/\/www.facebook.com\/cityofmiamibeach\" \/>\n<meta property=\"article:modified_time\" content=\"2026-04-10T14:12:56+00:00\" \/>\n<meta property=\"og:image\" content=\"https:\/\/www.miamibeachfl.gov\/wp-content\/uploads\/2026\/04\/Rendering_72-Street-Complex_square.jpg\" \/>\n\t<meta property=\"og:image:width\" content=\"400\" \/>\n\t<meta property=\"og:image:height\" content=\"400\" \/>\n\t<meta property=\"og:image:type\" content=\"image\/jpeg\" \/>\n<meta name=\"twitter:card\" content=\"summary_large_image\" \/>\n<meta name=\"twitter:site\" content=\"@Miamibeachnews\" \/>\n<script type=\"application\/ld+json\" class=\"yoast-schema-graph\">{\"@context\":\"https:\\\/\\\/schema.org\",\"@graph\":[{\"@type\":\"WebPage\",\"@id\":\"https:\\\/\\\/www.miamibeachfl.gov\\\/projects\\\/72-street-community-complex\\\/\",\"url\":\"https:\\\/\\\/www.miamibeachfl.gov\\\/projects\\\/72-street-community-complex\\\/\",\"name\":\"72 Street Community Complex - City of Miami Beach\",\"isPartOf\":{\"@id\":\"https:\\\/\\\/www.miamibeachfl.gov\\\/#website\"},\"primaryImageOfPage\":{\"@id\":\"https:\\\/\\\/www.miamibeachfl.gov\\\/projects\\\/72-street-community-complex\\\/#primaryimage\"},\"image\":{\"@id\":\"https:\\\/\\\/www.miamibeachfl.gov\\\/projects\\\/72-street-community-complex\\\/#primaryimage\"},\"thumbnailUrl\":\"https:\\\/\\\/www.miamibeachfl.gov\\\/wp-content\\\/uploads\\\/2026\\\/04\\\/Rendering_72-Street-Complex_square.jpg\",\"datePublished\":\"2020-05-19T14:44:36+00:00\",\"dateModified\":\"2026-04-10T14:12:56+00:00\",\"description\":\"Learn about the 72 Street Community Complex offering multi-use spaces for recreation and community engagement in North Beach.\",\"breadcrumb\":{\"@id\":\"https:\\\/\\\/www.miamibeachfl.gov\\\/projects\\\/72-street-community-complex\\\/#breadcrumb\"},\"inLanguage\":\"pt-BR\",\"potentialAction\":[{\"@type\":\"ReadAction\",\"target\":[\"https:\\\/\\\/www.miamibeachfl.gov\\\/projects\\\/72-street-community-complex\\\/\"]}]},{\"@type\":\"ImageObject\",\"inLanguage\":\"pt-BR\",\"@id\":\"https:\\\/\\\/www.miamibeachfl.gov\\\/projects\\\/72-street-community-complex\\\/#primaryimage\",\"url\":\"https:\\\/\\\/www.miamibeachfl.gov\\\/wp-content\\\/uploads\\\/2026\\\/04\\\/Rendering_72-Street-Complex_square.jpg\",\"contentUrl\":\"https:\\\/\\\/www.miamibeachfl.gov\\\/wp-content\\\/uploads\\\/2026\\\/04\\\/Rendering_72-Street-Complex_square.jpg\",\"width\":400,\"height\":400,\"caption\":\"72 street complex rendering\"},{\"@type\":\"BreadcrumbList\",\"@id\":\"https:\\\/\\\/www.miamibeachfl.gov\\\/projects\\\/72-street-community-complex\\\/#breadcrumb\",\"itemListElement\":[{\"@type\":\"ListItem\",\"position\":1,\"name\":\"Home\",\"item\":\"https:\\\/\\\/www.miamibeachfl.gov\\\/\"},{\"@type\":\"ListItem\",\"position\":2,\"name\":\"Projects\",\"item\":\"https:\\\/\\\/www.miamibeachfl.gov\\\/projects\\\/\"},{\"@type\":\"ListItem\",\"position\":3,\"name\":\"72 Street Community Complex\"}]},{\"@type\":\"WebSite\",\"@id\":\"https:\\\/\\\/www.miamibeachfl.gov\\\/#website\",\"url\":\"https:\\\/\\\/www.miamibeachfl.gov\\\/\",\"name\":\"City of Miami Beach\",\"description\":\"The official website of the City of Miami Beach. Stay informed, find important information on city services, news, alerts, events, trolley routes, government employment and more.\",\"publisher\":{\"@id\":\"https:\\\/\\\/www.miamibeachfl.gov\\\/#organization\"},\"potentialAction\":[{\"@type\":\"SearchAction\",\"target\":{\"@type\":\"EntryPoint\",\"urlTemplate\":\"https:\\\/\\\/www.miamibeachfl.gov\\\/?s={search_term_string}\"},\"query-input\":{\"@type\":\"PropertyValueSpecification\",\"valueRequired\":true,\"valueName\":\"search_term_string\"}}],\"inLanguage\":\"pt-BR\"},{\"@type\":\"Organization\",\"@id\":\"https:\\\/\\\/www.miamibeachfl.gov\\\/#organization\",\"name\":\"City of Miami Beach\",\"url\":\"https:\\\/\\\/www.miamibeachfl.gov\\\/\",\"logo\":{\"@type\":\"ImageObject\",\"inLanguage\":\"pt-BR\",\"@id\":\"https:\\\/\\\/www.miamibeachfl.gov\\\/#\\\/schema\\\/logo\\\/image\\\/\",\"url\":\"https:\\\/\\\/www.miamibeachfl.gov\\\/wp-content\\\/uploads\\\/2022\\\/06\\\/miamibeach-logoblue.png\",\"contentUrl\":\"https:\\\/\\\/www.miamibeachfl.gov\\\/wp-content\\\/uploads\\\/2022\\\/06\\\/miamibeach-logoblue.png\",\"width\":1962,\"height\":381,\"caption\":\"City of Miami Beach\"},\"image\":{\"@id\":\"https:\\\/\\\/www.miamibeachfl.gov\\\/#\\\/schema\\\/logo\\\/image\\\/\"},\"sameAs\":[\"https:\\\/\\\/www.facebook.com\\\/cityofmiamibeach\",\"https:\\\/\\\/x.com\\\/Miamibeachnews\",\"https:\\\/\\\/www.instagram.com\\\/miamibeachnews\\\/\"],\"description\":\"The official website of the City of Miami Beach. Stay informed, find important information on city services, news, alerts, events, trolley routes, government employment and more.\",\"telephone\":\"305.604.CITY(2489)\",\"legalName\":\"City of Miami Beach\"}]}<\/script>\n<!-- \/ Yoast SEO Premium plugin. -->","yoast_head_json":{"title":"Complexo Comunit\u00e1rio da Rua 72 - Cidade de Miami Beach","description":"Learn about the 72 Street Community Complex offering multi-use spaces for recreation and community engagement in North Beach.","robots":{"index":"index","follow":"follow","max-snippet":"max-snippet:-1","max-image-preview":"max-image-preview:large","max-video-preview":"max-video-preview:-1"},"canonical":"https:\/\/www.miamibeachfl.gov\/pt\/projects\/72-street-community-complex\/","og_locale":"pt_BR","og_type":"article","og_title":"72 Street Community Complex","og_description":"Learn about the 72 Street Community Complex offering multi-use spaces for recreation and community engagement in North Beach.","og_url":"https:\/\/www.miamibeachfl.gov\/pt\/projects\/72-street-community-complex\/","og_site_name":"City of Miami Beach","article_publisher":"https:\/\/www.facebook.com\/cityofmiamibeach","article_modified_time":"2026-04-10T14:12:56+00:00","og_image":[{"width":400,"height":400,"url":"https:\/\/www.miamibeachfl.gov\/wp-content\/uploads\/2026\/04\/Rendering_72-Street-Complex_square.jpg","type":"image\/jpeg"}],"twitter_card":"summary_large_image","twitter_site":"@Miamibeachnews","schema":{"@context":"https:\/\/schema.org","@graph":[{"@type":"WebPage","@id":"https:\/\/www.miamibeachfl.gov\/projects\/72-street-community-complex\/","url":"https:\/\/www.miamibeachfl.gov\/projects\/72-street-community-complex\/","name":"Complexo Comunit\u00e1rio da Rua 72 - Cidade de Miami Beach","isPartOf":{"@id":"https:\/\/www.miamibeachfl.gov\/#website"},"primaryImageOfPage":{"@id":"https:\/\/www.miamibeachfl.gov\/projects\/72-street-community-complex\/#primaryimage"},"image":{"@id":"https:\/\/www.miamibeachfl.gov\/projects\/72-street-community-complex\/#primaryimage"},"thumbnailUrl":"https:\/\/www.miamibeachfl.gov\/wp-content\/uploads\/2026\/04\/Rendering_72-Street-Complex_square.jpg","datePublished":"2020-05-19T14:44:36+00:00","dateModified":"2026-04-10T14:12:56+00:00","description":"Learn about the 72 Street Community Complex offering multi-use spaces for recreation and community engagement in North Beach.","breadcrumb":{"@id":"https:\/\/www.miamibeachfl.gov\/projects\/72-street-community-complex\/#breadcrumb"},"inLanguage":"pt-BR","potentialAction":[{"@type":"ReadAction","target":["https:\/\/www.miamibeachfl.gov\/projects\/72-street-community-complex\/"]}]},{"@type":"ImageObject","inLanguage":"pt-BR","@id":"https:\/\/www.miamibeachfl.gov\/projects\/72-street-community-complex\/#primaryimage","url":"https:\/\/www.miamibeachfl.gov\/wp-content\/uploads\/2026\/04\/Rendering_72-Street-Complex_square.jpg","contentUrl":"https:\/\/www.miamibeachfl.gov\/wp-content\/uploads\/2026\/04\/Rendering_72-Street-Complex_square.jpg","width":400,"height":400,"caption":"72 street complex rendering"},{"@type":"BreadcrumbList","@id":"https:\/\/www.miamibeachfl.gov\/projects\/72-street-community-complex\/#breadcrumb","itemListElement":[{"@type":"ListItem","position":1,"name":"Home","item":"https:\/\/www.miamibeachfl.gov\/"},{"@type":"ListItem","position":2,"name":"Projects","item":"https:\/\/www.miamibeachfl.gov\/projects\/"},{"@type":"ListItem","position":3,"name":"72 Street Community Complex"}]},{"@type":"WebSite","@id":"https:\/\/www.miamibeachfl.gov\/#website","url":"https:\/\/www.miamibeachfl.gov\/","name":"Cidade de Miami Beach","description":"Site oficial da cidade de Miami Beach. Mantenha-se informado e encontre informa\u00e7\u00f5es importantes sobre servi\u00e7os municipais, not\u00edcias, alertas, eventos, rotas de bonde, empregos p\u00fablicos e muito mais.","publisher":{"@id":"https:\/\/www.miamibeachfl.gov\/#organization"},"potentialAction":[{"@type":"SearchAction","target":{"@type":"EntryPoint","urlTemplate":"https:\/\/www.miamibeachfl.gov\/?s={search_term_string}"},"query-input":{"@type":"PropertyValueSpecification","valueRequired":true,"valueName":"search_term_string"}}],"inLanguage":"pt-BR"},{"@type":"Organization","@id":"https:\/\/www.miamibeachfl.gov\/#organization","name":"Cidade de Miami Beach","url":"https:\/\/www.miamibeachfl.gov\/","logo":{"@type":"ImageObject","inLanguage":"pt-BR","@id":"https:\/\/www.miamibeachfl.gov\/#\/schema\/logo\/image\/","url":"https:\/\/www.miamibeachfl.gov\/wp-content\/uploads\/2022\/06\/miamibeach-logoblue.png","contentUrl":"https:\/\/www.miamibeachfl.gov\/wp-content\/uploads\/2022\/06\/miamibeach-logoblue.png","width":1962,"height":381,"caption":"City of Miami Beach"},"image":{"@id":"https:\/\/www.miamibeachfl.gov\/#\/schema\/logo\/image\/"},"sameAs":["https:\/\/www.facebook.com\/cityofmiamibeach","https:\/\/x.com\/Miamibeachnews","https:\/\/www.instagram.com\/miamibeachnews\/"],"description":"Site oficial da cidade de Miami Beach. Mantenha-se informado e encontre informa\u00e7\u00f5es importantes sobre servi\u00e7os municipais, not\u00edcias, alertas, eventos, rotas de bonde, empregos p\u00fablicos e muito mais.","telephone":"305.604.CITY(2489)","legalName":"City of Miami Beach"}]}},"_links":{"self":[{"href":"https:\/\/www.miamibeachfl.gov\/pt\/wp-json\/wp\/v2\/pages\/134879","targetHints":{"allow":["GET"]}}],"collection":[{"href":"https:\/\/www.miamibeachfl.gov\/pt\/wp-json\/wp\/v2\/pages"}],"about":[{"href":"https:\/\/www.miamibeachfl.gov\/pt\/wp-json\/wp\/v2\/types\/page"}],"author":[{"embeddable":true,"href":"https:\/\/www.miamibeachfl.gov\/pt\/wp-json\/wp\/v2\/users\/222"}],"replies":[{"embeddable":true,"href":"https:\/\/www.miamibeachfl.gov\/pt\/wp-json\/wp\/v2\/comments?post=134879"}],"version-history":[{"count":12,"href":"https:\/\/www.miamibeachfl.gov\/pt\/wp-json\/wp\/v2\/pages\/134879\/revisions"}],"predecessor-version":[{"id":398657,"href":"https:\/\/www.miamibeachfl.gov\/pt\/wp-json\/wp\/v2\/pages\/134879\/revisions\/398657"}],"up":[{"embeddable":true,"href":"https:\/\/www.miamibeachfl.gov\/pt\/wp-json\/wp\/v2\/pages\/397831"}],"wp:featuredmedia":[{"embeddable":true,"href":"https:\/\/www.miamibeachfl.gov\/pt\/wp-json\/wp\/v2\/media\/398658"}],"wp:attachment":[{"href":"https:\/\/www.miamibeachfl.gov\/pt\/wp-json\/wp\/v2\/media?parent=134879"}],"wp:term":[{"taxonomy":"category","embeddable":true,"href":"https:\/\/www.miamibeachfl.gov\/pt\/wp-json\/wp\/v2\/categories?post=134879"},{"taxonomy":"post_tag","embeddable":true,"href":"https:\/\/www.miamibeachfl.gov\/pt\/wp-json\/wp\/v2\/tags?post=134879"}],"curies":[{"name":"wp","href":"https:\/\/api.w.org\/{rel}","templated":true}]}}