{"id":140310,"date":"2020-07-30T10:48:24","date_gmt":"2020-07-30T14:48:24","guid":{"rendered":"http:\/\/www.miamibeachfl.gov\/city-hall\/city-clerk\/election-information\/november-3-2020-general-election\/"},"modified":"2025-02-23T14:04:32","modified_gmt":"2025-02-23T19:04:32","slug":"november-3-2020-general-election","status":"publish","type":"page","link":"https:\/\/www.miamibeachfl.gov\/pt\/city-hall\/city-clerk\/election-information\/november-3-2020-general-election\/","title":{"rendered":"3 de novembro de 2020: Elei\u00e7\u00e3o Geral"},"content":{"rendered":"<img loading=\"lazy\" decoding=\"async\" src=\"https:\/\/www.miamibeachfl.gov\/wp-content\/uploads\/2022\/07\/hero-small.jpg\" alt=\"ocean drive art deco buildings\" itemprop=\"image\" height=\"211\" width=\"2395\" title=\"her\u00f3i-pequeno\" onerror=\"this.style.display='none'\"  \/>\n<h1>\n\t\t3 de novembro de 2020: Elei\u00e7\u00e3o Geral\n\t<\/h1>\n\t<nav id=\"breadcrumbs\" aria-label=\"Migalhas de p\u00e3o\"><a href=\"https:\/\/www.miamibeachfl.gov\/pt\/\">Lar<\/a> &gt; <a href=\"https:\/\/www.miamibeachfl.gov\/pt\/city-hall\/\">Prefeitura<\/a> &gt; <a href=\"https:\/\/www.miamibeachfl.gov\/pt\/city-hall\/city-clerk\/\">Escriv\u00e3o da cidade<\/a> &gt; <a href=\"https:\/\/www.miamibeachfl.gov\/pt\/city-hall\/city-clerk\/election-information\/\">Informa\u00e7\u00f5es sobre elei\u00e7\u00f5es<\/a> &gt; <strong>3 de novembro de 2020: Elei\u00e7\u00e3o Geral<\/strong><\/nav>\n\t<ul>\n<li><a href=\"https:\/\/www.miamidade.gov\/elections\/earlyvoting\/wait-times.asp\" target=\"_blank\" rel=\"noopener\">Tempos de espera para vota\u00e7\u00e3o antecipada<\/a><\/li>\n<li><a href=\"http:\/\/www.miamibeachfl.gov\/wp-content\/uploads\/2020\/09\/110320-01-NOTICE-OF-SPECIAL-ELECTION-REG-RB-LH.pdf\">Aviso de Elei\u00e7\u00e3o Especial<\/a><br \/>\n<a href=\"http:\/\/www.miamibeachfl.gov\/wp-content\/uploads\/2020\/09\/110320-01-ES-AVISO-DE-ELECCION-ESPECIAL-REG-RB-LH.pdf\">Aviso de Elei\u00e7\u00e3o Especial<\/a><\/li>\n<li><a href=\"http:\/\/www.miamibeachfl.gov\/wp-content\/uploads\/2020\/09\/VotersGuide2020_DC_FinalWeb.pdf\">Guia do Eleitor de Miami Beach<\/a><br \/>\n<a href=\"http:\/\/www.miamibeachfl.gov\/wp-content\/uploads\/2020\/09\/VotersGuide2020_DC_FinalWeb.pdf\">Guia do Votante de Miami Beach<\/a><\/li>\n<li><a href=\"https:\/\/youtu.be\/7wl1sQ2E7lI\">V\u00eddeo do Guia do Eleitor de Miami Beach<\/a><\/li>\n<li><a href=\"https:\/\/youtu.be\/E8qcdSSUl9E\">V\u00eddeo de Aviso de Elei\u00e7\u00e3o Especial<\/a><\/li>\n<li><a href=\"http:\/\/www.miamibeachfl.gov\/wp-content\/uploads\/2020\/10\/Voter-Education-Ad.pdf\">Cronograma de Programa\u00e7\u00e3o de Educa\u00e7\u00e3o Eleitoral<\/a><\/li>\n<li><a href=\"http:\/\/www.miamibeachfl.gov\/wp-content\/uploads\/2020\/10\/110320-08-ES-Voter-Education-Ad.pdf\">Horario do Programa Educativo para Eleitores<\/a><\/li>\n<li><a href=\"http:\/\/www.miamibeachfl.gov\/wp-content\/uploads\/2020\/09\/2020-in-person-voting-health-safety-fact-sheet.pdf\">Ficha informativa sobre sa\u00fade e seguran\u00e7a da COVID-19 para vota\u00e7\u00e3o presencial<\/a><br \/>\n<a href=\"http:\/\/www.miamibeachfl.gov\/wp-content\/uploads\/2020\/09\/2020-in-person-voting-health-safety-fact-sheet-sp.pdf\">Folha de dados informativos sobre seguran\u00e7a e sa\u00fade antes do COVID-19 para vota\u00e7\u00e3o pessoal<\/a><\/li>\n<li><a href=\"http:\/\/www.miamibeachfl.gov\/wp-content\/uploads\/2020\/10\/IMPORTANT-DATES-AND-DEADLINES.pdf\">Datas e prazos importantes<\/a><\/li>\n<li><a href=\"https:\/\/www.miamidade.gov\/elections\/library\/legal-notices\/2020-11-03-canvassing-board-schedule.pdf\">Elei\u00e7\u00f5es Gerais e Elei\u00e7\u00f5es Especiais de Miami Beach \u2013 Cronograma do Conselho de Elei\u00e7\u00f5es Eleitorais<\/a><br \/>\n<a href=\"https:\/\/www.miamidade.gov\/elections\/library\/legal-notices\/2020-11-03-canvassing-board-schedule.pdf\">Cronograma da Junta de Escrut\u00ednio \u2013 Elei\u00e7\u00e3o Geral e Elei\u00e7\u00e3o Especial de Miami Beach<\/a><\/li>\n<li><a href=\"http:\/\/www.miamibeachfl.gov\/wp-content\/uploads\/2020\/09\/110320-06-SAMPLE-BALLOT-TO-POST.pdf\">Exemplo de c\u00e9dula de vota\u00e7\u00e3o oficial para elei\u00e7\u00f5es especiais em Miami Beach<\/a><br \/>\n<a href=\"http:\/\/www.miamibeachfl.gov\/wp-content\/uploads\/2020\/09\/110320-06-SAMPLE-BALLOT-TO-POST.pdf\">Boletim Oficial da Mostra da Elei\u00e7\u00e3o Especial de Miami Beach<\/a><\/li>\n<li><a href=\"https:\/\/www.miamidade.gov\/global\/service.page?Mduid_service=ser151187731708822\">Ver c\u00e9dula de vota\u00e7\u00e3o de amostra personalizada<\/a><\/li>\n<li><a href=\"http:\/\/www.miamibeachfl.gov\/wp-content\/uploads\/2020\/09\/110320-03-EARLY-VOTING-NOTICE-VERSION-1.pdf\">Cronograma de vota\u00e7\u00e3o antecipada e informa\u00e7\u00f5es sobre urnas em Miami Beach<\/a><br \/>\n<a href=\"http:\/\/www.miamibeachfl.gov\/wp-content\/uploads\/2020\/09\/110320-03-ES-AVISO-DE-VOTACION-ANTICIPADA-VERSION-1.pdf\">Cronograma de Vota\u00e7\u00e3o Antecipada e Informa\u00e7\u00f5es de Buz\u00f3n Seguro de Miami Beach<\/a><\/li>\n<li><a href=\"http:\/\/www.miamibeachfl.gov\/wp-content\/uploads\/2020\/09\/2020-general-early-voting-schedule.pdf\">Informa\u00e7\u00f5es sobre vota\u00e7\u00e3o antecipada e urna do Condado de Miami-Dade<\/a><\/li>\n<li><a href=\"http:\/\/www.miamidade.gov\/global\/service.page?Mduid_service=ser1512065909614490\" data-toggle=\"modal\" data-target=\"#speedbump\">Voto por correspond\u00eancia<\/a> \u2013 O prazo para solicita\u00e7\u00e3o do Voto por Correspond\u00eancia \u00e9 \u00e0s 17h do dia 24 de outubro de 2020<\/li>\n<li><a href=\"http:\/\/www.miamidade.gov\/global\/service.page?Mduid_service=ser1533227558214251\">Vote no dia da elei\u00e7\u00e3o<\/a><\/li>\n<li><a href=\"http:\/\/www.miamibeachfl.gov\/wp-content\/uploads\/2020\/09\/110320-02-POLLING-PLACES-REG.pdf\">Locais de vota\u00e7\u00e3o em Miami Beach<\/a><br \/>\n<a href=\"http:\/\/www.miamibeachfl.gov\/wp-content\/uploads\/2020\/09\/110320-02-ES-LISTA-DE-LUGARES-DE-VOTACI\u00d3N-REG.pdf\">Lista de lugares de vota\u00e7\u00e3o em Miami Beach<\/a><\/li>\n<li><a href=\"https:\/\/www.miamidade.gov\/elections\/library\/instructions\/poll-watcher-designation.pdf\">Diretrizes para observadores eleitorais<\/a><\/li>\n<li><a href=\"http:\/\/www.miamidade.gov\/global\/service.page?Mduid_service=ser1482258761076685\" data-toggle=\"modal\" data-target=\"#speedbump\">Registre-se para votar<\/a> \u2013 O prazo final \u00e9 6 de outubro de 2020 \u00e0s 19h<\/li>\n<li><a href=\"https:\/\/www.miamidade.gov\/global\/service.page?Mduid_service=ser151187731708822\">Informa\u00e7\u00f5es para eleitores<\/a> \u2013 Verifique seu status de eleitor<\/li>\n<li><a href=\"https:\/\/www8.miamidade.gov\/global\/news-item.page?Mduid_news=news1587760694394885\" data-toggle=\"modal\" data-target=\"#speedbump\">Atualize sua assinatura<\/a>\u00a0\u2013 \u00c9 comum que as assinaturas mudem ao longo dos anos, certifique-se de que sua assinatura mais recente esteja em nossos registros<\/li>\n<li><a href=\"https:\/\/www.miamidade.gov\/global\/news-item.page?Mduid_news=news1564521852501706\" data-toggle=\"modal\" data-target=\"#speedbump\">Informa\u00e7\u00f5es gerais sobre as elei\u00e7\u00f5es de 2020<\/a><\/li>\n<li><a href=\"https:\/\/www.miamidade.gov\/global\/service.page?Mduid_service=ser1513878201782808\" data-toggle=\"modal\" data-target=\"#speedbump\">Informa\u00e7\u00f5es para eleitores com necessidades especiais<\/a><\/li>\n<li><a href=\"https:\/\/www.miamidade.gov\/global\/service.page?Mduid_service=ser1496340543264351\">Seja um mes\u00e1rio orgulhoso<\/a><\/li>\n<li><a href=\"https:\/\/www.miamibeachfl.gov\/pt\/city-hall\/city-clerk\/election-information\/november-3-2020-general-election\/related-resolutions\/\">Resolu\u00e7\u00f5es relacionadas<\/a><\/li>\n<\/ul>\n<p>D\u00favidas relacionadas \u00e0s elei\u00e7\u00f5es devem ser encaminhadas ao Departamento Eleitoral do Condado de Miami-Dade.<\/p>\n<strong>Informa\u00e7\u00f5es de contato:<\/strong><br \/>\nDepartamento Eleitoral Tel: 305.499.8683 \/ 305.499.8480 TTY<br \/>\n2700 NW 87th Avenue e-mail: soedade@miamidade.gov<br \/>\nMiami, FL 33172\n\t\t\t<a href=\"https:\/\/www.miamibeachfl.gov\/pt\/city-hall\/city-clerk\/election-information\/november-3-2020-general-election\/related-resolutions\/\" target=\"_self\" rel=\"noopener\">\n\t\t\t\t\t\t\tResolu\u00e7\u00f5es relacionadas\n\t\t\t\t\t<\/a>\n\t<div class=\"page-navigation\"><a class=\"prev-page\" href=\"https:\/\/www.miamibeachfl.gov\/pt\/city-hall\/city-clerk\/election-information\/general-election\/\">\u2190 Elei\u00e7\u00f5es Gerais e Especiais\/ Segundo Turno<\/a> <a class=\"next-page\" href=\"https:\/\/www.miamibeachfl.gov\/pt\/city-hall\/city-clerk\/election-information\/november-3-2020-general-election\/related-resolutions\/marina-park-project\/\">Projeto Marina Park \u2192<\/a><\/div>","protected":false},"excerpt":{"rendered":"<p>3 de novembro de 2020: Elei\u00e7\u00f5es Gerais Home &gt; Prefeitura &gt; Secret\u00e1rio Municipal &gt; Informa\u00e7\u00f5es sobre Elei\u00e7\u00f5es &gt; 3 de novembro de 2020: Elei\u00e7\u00f5es Gerais [\u2026]<\/p>","protected":false},"author":222,"featured_media":0,"parent":28358,"menu_order":85,"comment_status":"closed","ping_status":"closed","template":"page-blank.php","meta":{"_searchwp_excluded":"","site-sidebar-layout":"default","site-content-layout":"","ast-site-content-layout":"default","site-content-style":"default","site-sidebar-style":"default","ast-global-header-display":"","ast-banner-title-visibility":"","ast-main-header-display":"","ast-hfb-above-header-display":"","ast-hfb-below-header-display":"","ast-hfb-mobile-header-display":"","site-post-title":"","ast-breadcrumbs-content":"","ast-featured-img":"","footer-sml-layout":"","theme-transparent-header-meta":"","adv-header-id-meta":"","stick-header-meta":"","header-above-stick-meta":"","header-main-stick-meta":"","header-below-stick-meta":"","astra-migrate-meta-layouts":"default","ast-page-background-enabled":"default","ast-page-background-meta":{"desktop":{"background-color":"var(--ast-global-color-5)","background-image":"","background-repeat":"repeat","background-position":"center center","background-size":"auto","background-attachment":"scroll","background-type":"","background-media":"","overlay-type":"","overlay-color":"","overlay-opacity":"","overlay-gradient":""},"tablet":{"background-color":"","background-image":"","background-repeat":"repeat","background-position":"center center","background-size":"auto","background-attachment":"scroll","background-type":"","background-media":"","overlay-type":"","overlay-color":"","overlay-opacity":"","overlay-gradient":""},"mobile":{"background-color":"","background-image":"","background-repeat":"repeat","background-position":"center center","background-size":"auto","background-attachment":"scroll","background-type":"","background-media":"","overlay-type":"","overlay-color":"","overlay-opacity":"","overlay-gradient":""}},"ast-content-background-meta":{"desktop":{"background-color":"var(--ast-global-color-4)","background-image":"","background-repeat":"repeat","background-position":"center center","background-size":"auto","background-attachment":"scroll","background-type":"","background-media":"","overlay-type":"","overlay-color":"","overlay-opacity":"","overlay-gradient":""},"tablet":{"background-color":"var(--ast-global-color-4)","background-image":"","background-repeat":"repeat","background-position":"center center","background-size":"auto","background-attachment":"scroll","background-type":"","background-media":"","overlay-type":"","overlay-color":"","overlay-opacity":"","overlay-gradient":""},"mobile":{"background-color":"var(--ast-global-color-4)","background-image":"","background-repeat":"repeat","background-position":"center center","background-size":"auto","background-attachment":"scroll","background-type":"","background-media":"","overlay-type":"","overlay-color":"","overlay-opacity":"","overlay-gradient":""}},"footnotes":""},"categories":[],"tags":[],"class_list":["post-140310","page","type-page","status-publish","hentry"],"yoast_head":"<!-- This site is optimized with the Yoast SEO Premium plugin v26.6 (Yoast SEO v26.6) - https:\/\/yoast.com\/wordpress\/plugins\/seo\/ -->\n<title>November 3, 2020: General Election - City of Miami Beach<\/title>\n<meta name=\"description\" content=\"%\" \/>\n<meta name=\"robots\" content=\"index, follow, max-snippet:-1, max-image-preview:large, max-video-preview:-1\" \/>\n<link rel=\"canonical\" href=\"https:\/\/www.miamibeachfl.gov\/pt\/city-hall\/city-clerk\/election-information\/november-3-2020-general-election\/\" \/>\n<meta property=\"og:locale\" content=\"pt_BR\" \/>\n<meta property=\"og:type\" content=\"article\" \/>\n<meta property=\"og:title\" content=\"November 3, 2020: General Election\" \/>\n<meta property=\"og:description\" content=\"%\" \/>\n<meta property=\"og:url\" content=\"https:\/\/www.miamibeachfl.gov\/pt\/city-hall\/city-clerk\/election-information\/november-3-2020-general-election\/\" \/>\n<meta property=\"og:site_name\" content=\"City of Miami Beach\" \/>\n<meta property=\"article:publisher\" content=\"https:\/\/www.facebook.com\/cityofmiamibeach\" \/>\n<meta property=\"article:modified_time\" content=\"2025-02-23T19:04:32+00:00\" \/>\n<meta property=\"og:image\" content=\"https:\/\/www.miamibeachfl.gov\/wp-content\/uploads\/2022\/07\/hero-small.jpg\" \/>\n<meta name=\"twitter:card\" content=\"summary_large_image\" \/>\n<meta name=\"twitter:site\" content=\"@Miamibeachnews\" \/>\n<script type=\"application\/ld+json\" class=\"yoast-schema-graph\">{\"@context\":\"https:\/\/schema.org\",\"@graph\":[{\"@type\":\"WebPage\",\"@id\":\"https:\/\/www.miamibeachfl.gov\/city-hall\/city-clerk\/election-information\/november-3-2020-general-election\/\",\"url\":\"https:\/\/www.miamibeachfl.gov\/city-hall\/city-clerk\/election-information\/november-3-2020-general-election\/\",\"name\":\"November 3, 2020: General Election - City of Miami Beach\",\"isPartOf\":{\"@id\":\"https:\/\/www.miamibeachfl.gov\/#website\"},\"primaryImageOfPage\":{\"@id\":\"https:\/\/www.miamibeachfl.gov\/city-hall\/city-clerk\/election-information\/november-3-2020-general-election\/#primaryimage\"},\"image\":{\"@id\":\"https:\/\/www.miamibeachfl.gov\/city-hall\/city-clerk\/election-information\/november-3-2020-general-election\/#primaryimage\"},\"thumbnailUrl\":\"https:\/\/www.miamibeachfl.gov\/wp-content\/uploads\/2022\/07\/hero-small.jpg\",\"datePublished\":\"2020-07-30T14:48:24+00:00\",\"dateModified\":\"2025-02-23T19:04:32+00:00\",\"description\":\"%\",\"breadcrumb\":{\"@id\":\"https:\/\/www.miamibeachfl.gov\/city-hall\/city-clerk\/election-information\/november-3-2020-general-election\/#breadcrumb\"},\"inLanguage\":\"pt-BR\",\"potentialAction\":[{\"@type\":\"ReadAction\",\"target\":[\"https:\/\/www.miamibeachfl.gov\/city-hall\/city-clerk\/election-information\/november-3-2020-general-election\/\"]}]},{\"@type\":\"ImageObject\",\"inLanguage\":\"pt-BR\",\"@id\":\"https:\/\/www.miamibeachfl.gov\/city-hall\/city-clerk\/election-information\/november-3-2020-general-election\/#primaryimage\",\"url\":\"https:\/\/www.miamibeachfl.gov\/wp-content\/uploads\/2022\/07\/hero-small.jpg\",\"contentUrl\":\"https:\/\/www.miamibeachfl.gov\/wp-content\/uploads\/2022\/07\/hero-small.jpg\"},{\"@type\":\"BreadcrumbList\",\"@id\":\"https:\/\/www.miamibeachfl.gov\/city-hall\/city-clerk\/election-information\/november-3-2020-general-election\/#breadcrumb\",\"itemListElement\":[{\"@type\":\"ListItem\",\"position\":1,\"name\":\"Home\",\"item\":\"https:\/\/www.miamibeachfl.gov\/\"},{\"@type\":\"ListItem\",\"position\":2,\"name\":\"City Hall\",\"item\":\"https:\/\/www.miamibeachfl.gov\/city-hall\/\"},{\"@type\":\"ListItem\",\"position\":3,\"name\":\"City Clerk\",\"item\":\"https:\/\/www.miamibeachfl.gov\/city-hall\/city-clerk\/\"},{\"@type\":\"ListItem\",\"position\":4,\"name\":\"Election Information\",\"item\":\"https:\/\/www.miamibeachfl.gov\/city-hall\/city-clerk\/election-information\/\"},{\"@type\":\"ListItem\",\"position\":5,\"name\":\"November 3, 2020: General Election\"}]},{\"@type\":\"WebSite\",\"@id\":\"https:\/\/www.miamibeachfl.gov\/#website\",\"url\":\"https:\/\/www.miamibeachfl.gov\/\",\"name\":\"City of Miami Beach\",\"description\":\"The official website of the City of Miami Beach. Stay informed, find important information on city services, news, alerts, events, trolley routes, government employment and more.\",\"publisher\":{\"@id\":\"https:\/\/www.miamibeachfl.gov\/#organization\"},\"potentialAction\":[{\"@type\":\"SearchAction\",\"target\":{\"@type\":\"EntryPoint\",\"urlTemplate\":\"https:\/\/www.miamibeachfl.gov\/?s={search_term_string}\"},\"query-input\":{\"@type\":\"PropertyValueSpecification\",\"valueRequired\":true,\"valueName\":\"search_term_string\"}}],\"inLanguage\":\"pt-BR\"},{\"@type\":\"Organization\",\"@id\":\"https:\/\/www.miamibeachfl.gov\/#organization\",\"name\":\"City of Miami Beach\",\"url\":\"https:\/\/www.miamibeachfl.gov\/\",\"logo\":{\"@type\":\"ImageObject\",\"inLanguage\":\"pt-BR\",\"@id\":\"https:\/\/www.miamibeachfl.gov\/#\/schema\/logo\/image\/\",\"url\":\"https:\/\/www.miamibeachfl.gov\/wp-content\/uploads\/2022\/06\/miamibeach-logoblue.png\",\"contentUrl\":\"https:\/\/www.miamibeachfl.gov\/wp-content\/uploads\/2022\/06\/miamibeach-logoblue.png\",\"width\":1962,\"height\":381,\"caption\":\"City of Miami Beach\"},\"image\":{\"@id\":\"https:\/\/www.miamibeachfl.gov\/#\/schema\/logo\/image\/\"},\"sameAs\":[\"https:\/\/www.facebook.com\/cityofmiamibeach\",\"https:\/\/x.com\/Miamibeachnews\",\"https:\/\/www.instagram.com\/miamibeachnews\/\"],\"description\":\"The official website of the City of Miami Beach. Stay informed, find important information on city services, news, alerts, events, trolley routes, government employment and more.\",\"telephone\":\"305.604.CITY(2489)\",\"legalName\":\"City of Miami Beach\"}]}<\/script>\n<!-- \/ Yoast SEO Premium plugin. -->","yoast_head_json":{"title":"3 de novembro de 2020: Elei\u00e7\u00e3o Geral - Cidade de Miami Beach","description":"%","robots":{"index":"index","follow":"follow","max-snippet":"max-snippet:-1","max-image-preview":"max-image-preview:large","max-video-preview":"max-video-preview:-1"},"canonical":"https:\/\/www.miamibeachfl.gov\/pt\/city-hall\/city-clerk\/election-information\/november-3-2020-general-election\/","og_locale":"pt_BR","og_type":"article","og_title":"November 3, 2020: General Election","og_description":"%","og_url":"https:\/\/www.miamibeachfl.gov\/pt\/city-hall\/city-clerk\/election-information\/november-3-2020-general-election\/","og_site_name":"City of Miami Beach","article_publisher":"https:\/\/www.facebook.com\/cityofmiamibeach","article_modified_time":"2025-02-23T19:04:32+00:00","og_image":[{"url":"https:\/\/www.miamibeachfl.gov\/wp-content\/uploads\/2022\/07\/hero-small.jpg","type":"","width":"","height":""}],"twitter_card":"summary_large_image","twitter_site":"@Miamibeachnews","schema":{"@context":"https:\/\/schema.org","@graph":[{"@type":"WebPage","@id":"https:\/\/www.miamibeachfl.gov\/city-hall\/city-clerk\/election-information\/november-3-2020-general-election\/","url":"https:\/\/www.miamibeachfl.gov\/city-hall\/city-clerk\/election-information\/november-3-2020-general-election\/","name":"3 de novembro de 2020: Elei\u00e7\u00e3o Geral - Cidade de Miami Beach","isPartOf":{"@id":"https:\/\/www.miamibeachfl.gov\/#website"},"primaryImageOfPage":{"@id":"https:\/\/www.miamibeachfl.gov\/city-hall\/city-clerk\/election-information\/november-3-2020-general-election\/#primaryimage"},"image":{"@id":"https:\/\/www.miamibeachfl.gov\/city-hall\/city-clerk\/election-information\/november-3-2020-general-election\/#primaryimage"},"thumbnailUrl":"https:\/\/www.miamibeachfl.gov\/wp-content\/uploads\/2022\/07\/hero-small.jpg","datePublished":"2020-07-30T14:48:24+00:00","dateModified":"2025-02-23T19:04:32+00:00","description":"%","breadcrumb":{"@id":"https:\/\/www.miamibeachfl.gov\/city-hall\/city-clerk\/election-information\/november-3-2020-general-election\/#breadcrumb"},"inLanguage":"pt-BR","potentialAction":[{"@type":"ReadAction","target":["https:\/\/www.miamibeachfl.gov\/city-hall\/city-clerk\/election-information\/november-3-2020-general-election\/"]}]},{"@type":"ImageObject","inLanguage":"pt-BR","@id":"https:\/\/www.miamibeachfl.gov\/city-hall\/city-clerk\/election-information\/november-3-2020-general-election\/#primaryimage","url":"https:\/\/www.miamibeachfl.gov\/wp-content\/uploads\/2022\/07\/hero-small.jpg","contentUrl":"https:\/\/www.miamibeachfl.gov\/wp-content\/uploads\/2022\/07\/hero-small.jpg"},{"@type":"BreadcrumbList","@id":"https:\/\/www.miamibeachfl.gov\/city-hall\/city-clerk\/election-information\/november-3-2020-general-election\/#breadcrumb","itemListElement":[{"@type":"ListItem","position":1,"name":"Home","item":"https:\/\/www.miamibeachfl.gov\/"},{"@type":"ListItem","position":2,"name":"City Hall","item":"https:\/\/www.miamibeachfl.gov\/city-hall\/"},{"@type":"ListItem","position":3,"name":"City Clerk","item":"https:\/\/www.miamibeachfl.gov\/city-hall\/city-clerk\/"},{"@type":"ListItem","position":4,"name":"Election Information","item":"https:\/\/www.miamibeachfl.gov\/city-hall\/city-clerk\/election-information\/"},{"@type":"ListItem","position":5,"name":"November 3, 2020: General Election"}]},{"@type":"WebSite","@id":"https:\/\/www.miamibeachfl.gov\/#website","url":"https:\/\/www.miamibeachfl.gov\/","name":"Cidade de Miami Beach","description":"Site oficial da cidade de Miami Beach. Mantenha-se informado e encontre informa\u00e7\u00f5es importantes sobre servi\u00e7os municipais, not\u00edcias, alertas, eventos, rotas de bonde, empregos p\u00fablicos e muito mais.","publisher":{"@id":"https:\/\/www.miamibeachfl.gov\/#organization"},"potentialAction":[{"@type":"SearchAction","target":{"@type":"EntryPoint","urlTemplate":"https:\/\/www.miamibeachfl.gov\/?s={search_term_string}"},"query-input":{"@type":"PropertyValueSpecification","valueRequired":true,"valueName":"search_term_string"}}],"inLanguage":"pt-BR"},{"@type":"Organization","@id":"https:\/\/www.miamibeachfl.gov\/#organization","name":"Cidade de Miami Beach","url":"https:\/\/www.miamibeachfl.gov\/","logo":{"@type":"ImageObject","inLanguage":"pt-BR","@id":"https:\/\/www.miamibeachfl.gov\/#\/schema\/logo\/image\/","url":"https:\/\/www.miamibeachfl.gov\/wp-content\/uploads\/2022\/06\/miamibeach-logoblue.png","contentUrl":"https:\/\/www.miamibeachfl.gov\/wp-content\/uploads\/2022\/06\/miamibeach-logoblue.png","width":1962,"height":381,"caption":"City of Miami Beach"},"image":{"@id":"https:\/\/www.miamibeachfl.gov\/#\/schema\/logo\/image\/"},"sameAs":["https:\/\/www.facebook.com\/cityofmiamibeach","https:\/\/x.com\/Miamibeachnews","https:\/\/www.instagram.com\/miamibeachnews\/"],"description":"Site oficial da cidade de Miami Beach. Mantenha-se informado e encontre informa\u00e7\u00f5es importantes sobre servi\u00e7os municipais, not\u00edcias, alertas, eventos, rotas de bonde, empregos p\u00fablicos e muito mais.","telephone":"305.604.CITY(2489)","legalName":"City of Miami Beach"}]}},"_links":{"self":[{"href":"https:\/\/www.miamibeachfl.gov\/pt\/wp-json\/wp\/v2\/pages\/140310","targetHints":{"allow":["GET"]}}],"collection":[{"href":"https:\/\/www.miamibeachfl.gov\/pt\/wp-json\/wp\/v2\/pages"}],"about":[{"href":"https:\/\/www.miamibeachfl.gov\/pt\/wp-json\/wp\/v2\/types\/page"}],"author":[{"embeddable":true,"href":"https:\/\/www.miamibeachfl.gov\/pt\/wp-json\/wp\/v2\/users\/222"}],"replies":[{"embeddable":true,"href":"https:\/\/www.miamibeachfl.gov\/pt\/wp-json\/wp\/v2\/comments?post=140310"}],"version-history":[{"count":0,"href":"https:\/\/www.miamibeachfl.gov\/pt\/wp-json\/wp\/v2\/pages\/140310\/revisions"}],"up":[{"embeddable":true,"href":"https:\/\/www.miamibeachfl.gov\/pt\/wp-json\/wp\/v2\/pages\/28358"}],"wp:attachment":[{"href":"https:\/\/www.miamibeachfl.gov\/pt\/wp-json\/wp\/v2\/media?parent=140310"}],"wp:term":[{"taxonomy":"category","embeddable":true,"href":"https:\/\/www.miamibeachfl.gov\/pt\/wp-json\/wp\/v2\/categories?post=140310"},{"taxonomy":"post_tag","embeddable":true,"href":"https:\/\/www.miamibeachfl.gov\/pt\/wp-json\/wp\/v2\/tags?post=140310"}],"curies":[{"name":"wp","href":"https:\/\/api.w.org\/{rel}","templated":true}]}}