{"id":140314,"date":"2020-07-30T10:49:55","date_gmt":"2020-07-30T14:49:55","guid":{"rendered":"http:\/\/www.miamibeachfl.gov\/city-hall\/city-clerk\/election-information\/november-3-2020-general-election\/related-resolutions\/"},"modified":"2025-02-23T14:06:02","modified_gmt":"2025-02-23T19:06:02","slug":"related-resolutions","status":"publish","type":"page","link":"https:\/\/www.miamibeachfl.gov\/pt\/city-hall\/city-clerk\/election-information\/november-3-2020-general-election\/related-resolutions\/","title":{"rendered":"Resolu\u00e7\u00f5es relacionadas"},"content":{"rendered":"<img loading=\"lazy\" decoding=\"async\" src=\"https:\/\/www.miamibeachfl.gov\/wp-content\/uploads\/2022\/07\/hero-small.jpg\" alt=\"ocean drive art deco buildings\" itemprop=\"image\" height=\"211\" width=\"2395\" title=\"her\u00f3i-pequeno\" onerror=\"this.style.display='none'\"  \/>\n<h1>\n\t\tResolu\u00e7\u00f5es relacionadas\n\t<\/h1>\n\t<nav id=\"breadcrumbs\" aria-label=\"Migalhas de p\u00e3o\"><a href=\"https:\/\/www.miamibeachfl.gov\/pt\/\">Lar<\/a> &gt; <a href=\"https:\/\/www.miamibeachfl.gov\/pt\/city-hall\/\">Prefeitura<\/a> &gt; <a href=\"https:\/\/www.miamibeachfl.gov\/pt\/city-hall\/city-clerk\/\">Escriv\u00e3o da cidade<\/a> &gt; <a href=\"https:\/\/www.miamibeachfl.gov\/pt\/city-hall\/city-clerk\/election-information\/\">Informa\u00e7\u00f5es sobre elei\u00e7\u00f5es<\/a> &gt; <a href=\"https:\/\/www.miamibeachfl.gov\/pt\/city-hall\/city-clerk\/election-information\/november-3-2020-general-election\/\">3 de novembro de 2020: Elei\u00e7\u00e3o Geral<\/a> &gt; <strong>Resolu\u00e7\u00f5es relacionadas<\/strong><\/nav>\n\t<ul>\n<li><a href=\"http:\/\/www.miamibeachfl.gov\/wp-content\/uploads\/2020\/07\/Resolution-2020-31347.pdf\">Resolu\u00e7\u00e3o 2020-31347<\/a><br \/>\nRESOLU\u00c7\u00c3O DO PREFEITO E DA COMISS\u00c3O MUNICIPAL DA CIDADE DE MIAMI BEACH, FL\u00d3RIDA, CONVOCANDO UMA ELEI\u00c7\u00c3O ESPECIAL EM 3 DE NOVEMBRO DE 2020, COM O OBJETIVO DE SUBMETER AO ELEITORADO DA CIDADE DE MIAMI BEACH, FL\u00d3RIDA, UMA QUEST\u00c3O DE VOTA\u00c7\u00c3O PERGUNTANDO SE A CIDADE DEVERIA VENDER 0,3 ACRES DE PROPRIEDADE E DIREITOS A\u00c9REOS SOBRE, 300-390 ALTON ROAD, PARA MARINA PARK RESIDENTIAL, LLC, PARA DESENVOLVER O COMPONENTE RESIDENCIAL DE 275.000 P\u00c9S QUADRADOS DO PROJETO MARINA PARK, EXIGINDO, CONFORME A RESOLU\u00c7\u00c3O 2020-31344, O PAGAMENTO DE $55.000.000 \u00c0 CIDADE, $22.500.000 EM NOVAS MELHORIAS NAS INSTALA\u00c7\u00d5ES DA MARINA E BENEF\u00cdCIOS P\u00daBLICOS ADICIONAIS, INCLUINDO 1,0 ACRE DE PARQUE P\u00daBLICO E MELHORIAS DE RESILI\u00caNCIA, E RESTRI\u00c7\u00d5ES DE PROJETO DE 385 P\u00c9S DE ALTURA E M\u00c1XIMO DE 60 UNIDADES RESIDENCIAIS.<\/li>\n<li><a href=\"http:\/\/www.miamibeachfl.gov\/wp-content\/uploads\/2020\/07\/Resolution-2020-31348.pdf\">Resolu\u00e7\u00e3o 2020-31348<\/a><br \/>\nRESOLU\u00c7\u00c3O DO PREFEITO E DA COMISS\u00c3O MUNICIPAL DA CIDADE DE MIAMI BEACH, FL\u00d3RIDA, CONVOCANDO UMA ELEI\u00c7\u00c3O ESPECIAL EM 3 DE NOVEMBRO DE 2020, COM O OBJETIVO DE SUBMETER AO ELEITORADO DA CIDADE DE MIAMI BEACH, FL\u00d3RIDA, UMA QUEST\u00c3O DE VOTA\u00c7\u00c3O PERGUNTANDO SE A CIDADE DEVERIA ARRENDAR UMA PROPRIEDADE DE 3,51 ACRES EM 300-390 ALTON ROAD E TERRAS SUBMERSAS DE 38 ACRES NA BA\u00cdA DE BISCAYNE AO SUL DA 5TH STREET PARA A MB MARINA PARK, LLC, POR 99 ANOS, EXIGINDO, CONFORME A RESOLU\u00c7\u00c3O 2020-31345: $40.000.000 EM NOVAS MELHORIAS PARA OPERA\u00c7\u00d5ES DA MARINA, ENTREGA DE 1,0 ACRE PARQUE P\u00daBLICO PARA CIDADE E ALUGUEL PARA CIDADE, O QUE FOR MAIOR DE: ALUGUEL GARANTIDO ($16.400.000 NOS PRIMEIROS DEZ ANOS, AJUSTADO DEPOIS) OU PORCENTAGEM DAS RECEITAS DA MARINA ANUALMENTE.<\/li>\n<li><a href=\"http:\/\/www.miamibeachfl.gov\/wp-content\/uploads\/2020\/07\/Resolution-2020-31349.pdf\">Resolu\u00e7\u00e3o 2020-31349<\/a><br \/>\nRESOLU\u00c7\u00c3O DO PREFEITO E DA COMISS\u00c3O MUNICIPAL DA CIDADE DE MIAMI BEACH, FL\u00d3RIDA, CONVOCANDO UMA ELEI\u00c7\u00c3O ESPECIAL EM 3 DE NOVEMBRO DE 2020, COM O OBJETIVO DE SUBMETER AO ELEITORADO DA CIDADE DE MIAMI BEACH, FL\u00d3RIDA, UMA QUEST\u00c3O DE VOTA\u00c7\u00c3O PERGUNTANDO SE, CASO OS ELEITORES APROVEM A VENDA PELA CIDADE PARA A MARINA PARK RESIDENTIAL, LLC DE 0,3 ACRES DE PROPRIEDADE E DIREITOS A\u00c9REOS SOBRE 300-390 ALTON ROAD PARA COMPONENTE RESIDENCIAL DO PROJETO MARINA PARK, A COMISS\u00c3O MUNICIPAL DEVER\u00c1 USAR OS $55.000.000 EM RECEITAS DA VENDA, EXCLUSIVAMENTE PARA OS SEGUINTES FINS P\u00daBLICOS: INICIATIVAS DE RESILI\u00caNCIA E SUSTENTABILIDADE, MORADIA ACESS\u00cdVEL\/PARA FOR\u00c7A DE TRABALHO\/PARA PROFESSORES, PROGRAMAS PARA BENEFICIAR IDOSOS OU AUMENTO DAS RESERVAS OR\u00c7AMENT\u00c1RIAS DA CIDADE, IMPACTADOS DEVIDO \u00c0 PANDEMIA DA COVID-19.<\/li>\n<li><a href=\"http:\/\/www.miamibeachfl.gov\/wp-content\/uploads\/2020\/07\/Resolution-2020-31351.pdf\">Resolu\u00e7\u00e3o 2020-31351<\/a><br \/>\nRESOLU\u00c7\u00c3O DO PREFEITO E DA COMISS\u00c3O MUNICIPAL DA CIDADE DE MIAMI BEACH, FL\u00d3RIDA, CONVOCANDO UMA ELEI\u00c7\u00c3O ESPECIAL EM 3 DE NOVEMBRO DE 2020, COM O OBJETIVO DE SUBMETER AO ELEITORADO DA CIDADE DE MIAMI BEACH, FL\u00d3RIDA, UMA QUEST\u00c3O DE VOTA\u00c7\u00c3O PERGUNTANDO SE A COMISS\u00c3O MUNICIPAL DEVER\u00c1 ADOTAR UMA PORTARIA AUTORIZANDO A RECONSTRU\u00c7\u00c3O DAS PLACAS DE PISO ORIGINAIS NO INTERIOR DE UM PR\u00c9DIO HIST\u00d3RICO, COMO PARTE DA RESTAURA\u00c7\u00c3O DO PR\u00c9DIO.<\/li>\n<li><a href=\"http:\/\/www.miamibeachfl.gov\/wp-content\/uploads\/2020\/07\/Resolution-2020-31352.pdf\">Resolu\u00e7\u00e3o 2020-31352<\/a><br \/>\nRESOLU\u00c7\u00c3O DO PREFEITO E DA COMISS\u00c3O MUNICIPAL DA CIDADE DE MIAMI BEACH, FL\u00d3RIDA, CONVOCANDO UMA ELEI\u00c7\u00c3O ESPECIAL EM 3 DE NOVEMBRO DE 2020, COM O OBJETIVO DE SUBMETER AO ELEITORADO DA CIDADE DE MIAMI BEACH, FL\u00d3RIDA, UMA QUEST\u00c3O DE VOTA\u00c7\u00c3O PERGUNTANDO SE A COMISS\u00c3O MUNICIPAL DEVER\u00c1 ADOTAR UMA PORTARIA AUMENTANDO A PROPOR\u00c7\u00c3O DA \u00c1REA DO PISO (FAR) DE 1,5 PARA UM M\u00c1XIMO DE 3,25 PARA IM\u00d3VEIS DENTRO DO DISTRITO DE ARTES WOLFSONIANO PROPOSTO, GERALMENTE LOCALIZADO NA ESQUINA NORDESTE DA WASHINGTON AVENUE E 10TH STREET, E LOCALIZADO DENTRO DO DISTRITO DE ZONAMENTO CO-2.<\/li>\n<li><a href=\"http:\/\/www.miamibeachfl.gov\/wp-content\/uploads\/2020\/07\/Resolution-2020-31353.pdf\">Resolu\u00e7\u00e3o 2020-31353<\/a><br \/>\nRESOLU\u00c7\u00c3O DO PREFEITO E DA COMISS\u00c3O MUNICIPAL DA CIDADE DE MIAMI BEACH, FL\u00d3RIDA, CONVOCANDO UMA ELEI\u00c7\u00c3O ESPECIAL EM 3 DE NOVEMBRO DE 2020, COM O OBJETIVO DE SUBMETER AO ELEITORADO DA CIDADE DE MIAMI BEACH, FL\u00d3RIDA, UMA QUEST\u00c3O DE VOTA\u00c7\u00c3O PERGUNTANDO SE A COMISS\u00c3O MUNICIPAL DEVER\u00c1 ADOTAR UMA PORTARIA EXCLUINDO CERTAS \u00c1REAS ESPECIFICADAS DE UM EDIF\u00cdCIO DO C\u00c1LCULO DE &quot;\u00c1REA DO PISO&quot;.<\/li>\n<li><a href=\"http:\/\/www.miamibeachfl.gov\/wp-content\/uploads\/2020\/09\/Resolution-2020-31382.pdf\">Resolu\u00e7\u00e3o 2020-31382<\/a><br \/>\nRESOLU\u00c7\u00c3O DO PREFEITO E DA COMISS\u00c3O MUNICIPAL DA CIDADE DE MIAMI BEACH, FL\u00d3RIDA, RECONHECENDO E APROVANDO A VOTA\u00c7\u00c3O ANTECIPADA PARA A ELEI\u00c7\u00c3O ESPECIAL DA CIDADE DE MIAMI BEACH DE 3 DE NOVEMBRO DE 2020<\/li>\n<li><a href=\"http:\/\/www.miamibeachfl.gov\/wp-content\/uploads\/2020\/09\/Resolution-2020-31383.pdf\">Resolu\u00e7\u00e3o 2020-31383<\/a><br \/>\nRESOLU\u00c7\u00c3O DO PREFEITO E DA COMISS\u00c3O MUNICIPAL DA CIDADE DE MIAMI BEACH, FL\u00d3RIDA, AUTORIZANDO O CONSELHO DE APELA\u00c7\u00c3O DO CONDADO DE MIAMI-DADE PARA A ELEI\u00c7\u00c3O GERAL DE 3 DE NOVEMBRO DE 2020 A SERVIR COMO CONSELHO DE APELA\u00c7\u00c3O PARA A ELEI\u00c7\u00c3O ESPECIAL DA CIDADE DE MIAMI BEACH A SER REALIZADA EM 3 DE NOVEMBRO DE 2020<\/li>\n<li><a href=\"http:\/\/www.miamibeachfl.gov\/wp-content\/uploads\/2020\/10\/Resolution-2020-31384.pdf\">Resolu\u00e7\u00e3o 2020-31384<\/a><br \/>\nRESOLU\u00c7\u00c3O DO PREFEITO E DA COMISS\u00c3O MUNICIPAL DA CIDADE DE MIAMI BEACH, FL\u00d3RIDA, APROVANDO FINANCIAMENTO E DESPESA EM VALOR N\u00c3O SUPERIOR A $33.000 PARA O FIM P\u00daBLICO DE INFORMAR E EDUCAR OS ELEITORES DA CIDADE DE MIAMI BEACH SOBRE AS QUEST\u00d5ES DA C\u00c9DULA NA ELEI\u00c7\u00c3O ESPECIAL DA CIDADE EM 3 DE NOVEMBRO DE 2020, QUE SER\u00c1 REALIZADA EM CONJUNTO COM A ELEI\u00c7\u00c3O GERAL, A FIM DE ALCAN\u00c7AR UM VOTO MAIS INFORMADO DO ELEITORADO<\/li>\n<li><a href=\"http:\/\/www.miamibeachfl.gov\/wp-content\/uploads\/2020\/12\/Resolution-2020-31476.pdf\">Resolu\u00e7\u00e3o 2020-31476<\/a><br \/>\nRESOLU\u00c7\u00c3O DO PREFEITO E DA COMISS\u00c3O MUNICIPAL DA CIDADE DE MIAMI BEACH, FL\u00d3RIDA, ADOTANDO O CERTIFICADO DOS RESULTADOS DA ELEI\u00c7\u00c3O ESPECIAL DE 3 DE NOVEMBRO DE 2020 PARA A CIDADE DE MIAMI BEACH, E DECLARA\u00c7\u00c3O DOS RESULTADOS<\/li>\n<li><a href=\"https:\/\/www.miamibeachfl.gov\/pt\/city-hall\/city-clerk\/election-information\/november-3-2020-general-election\/related-resolutions\/marina-park-project\/\">Projeto Marina Park<\/a><\/li>\n<\/ul>\n\t<div class=\"page-navigation\"><a class=\"prev-page\" href=\"https:\/\/www.miamibeachfl.gov\/pt\/city-hall\/city-clerk\/election-information\/campaign-finance\/\">\u2190 Leis de Financiamento de Campanha<\/a> <a class=\"next-page\" href=\"https:\/\/www.miamibeachfl.gov\/pt\/city-hall\/city-clerk\/meetings-and-agendas\/\">Reuni\u00f5es e agendas da cidade de Miami Beach \u2192<\/a><\/div>","protected":false},"excerpt":{"rendered":"<p>Resolu\u00e7\u00f5es relacionadas In\u00edcio &gt; Prefeitura &gt; Secret\u00e1rio da Cidade &gt; Informa\u00e7\u00f5es Eleitorais &gt; 3 de novembro de 2020: Elei\u00e7\u00e3o Geral &gt; Relacionado [\u2026]<\/p>","protected":false},"author":222,"featured_media":0,"parent":140310,"menu_order":92,"comment_status":"closed","ping_status":"closed","template":"page-blank.php","meta":{"_searchwp_excluded":"","site-sidebar-layout":"default","site-content-layout":"","ast-site-content-layout":"default","site-content-style":"default","site-sidebar-style":"default","ast-global-header-display":"","ast-banner-title-visibility":"","ast-main-header-display":"","ast-hfb-above-header-display":"","ast-hfb-below-header-display":"","ast-hfb-mobile-header-display":"","site-post-title":"","ast-breadcrumbs-content":"","ast-featured-img":"","footer-sml-layout":"","theme-transparent-header-meta":"","adv-header-id-meta":"","stick-header-meta":"","header-above-stick-meta":"","header-main-stick-meta":"","header-below-stick-meta":"","astra-migrate-meta-layouts":"default","ast-page-background-enabled":"default","ast-page-background-meta":{"desktop":{"background-color":"var(--ast-global-color-5)","background-image":"","background-repeat":"repeat","background-position":"center center","background-size":"auto","background-attachment":"scroll","background-type":"","background-media":"","overlay-type":"","overlay-color":"","overlay-opacity":"","overlay-gradient":""},"tablet":{"background-color":"","background-image":"","background-repeat":"repeat","background-position":"center center","background-size":"auto","background-attachment":"scroll","background-type":"","background-media":"","overlay-type":"","overlay-color":"","overlay-opacity":"","overlay-gradient":""},"mobile":{"background-color":"","background-image":"","background-repeat":"repeat","background-position":"center center","background-size":"auto","background-attachment":"scroll","background-type":"","background-media":"","overlay-type":"","overlay-color":"","overlay-opacity":"","overlay-gradient":""}},"ast-content-background-meta":{"desktop":{"background-color":"var(--ast-global-color-4)","background-image":"","background-repeat":"repeat","background-position":"center center","background-size":"auto","background-attachment":"scroll","background-type":"","background-media":"","overlay-type":"","overlay-color":"","overlay-opacity":"","overlay-gradient":""},"tablet":{"background-color":"var(--ast-global-color-4)","background-image":"","background-repeat":"repeat","background-position":"center center","background-size":"auto","background-attachment":"scroll","background-type":"","background-media":"","overlay-type":"","overlay-color":"","overlay-opacity":"","overlay-gradient":""},"mobile":{"background-color":"var(--ast-global-color-4)","background-image":"","background-repeat":"repeat","background-position":"center center","background-size":"auto","background-attachment":"scroll","background-type":"","background-media":"","overlay-type":"","overlay-color":"","overlay-opacity":"","overlay-gradient":""}},"footnotes":""},"categories":[],"tags":[],"class_list":["post-140314","page","type-page","status-publish","hentry"],"yoast_head":"<!-- This site is optimized with the Yoast SEO Premium plugin v26.6 (Yoast SEO v26.6) - https:\/\/yoast.com\/wordpress\/plugins\/seo\/ -->\n<title>Related Resolutions - City of Miami Beach<\/title>\n<meta name=\"description\" content=\"%\" \/>\n<meta name=\"robots\" content=\"index, follow, max-snippet:-1, max-image-preview:large, max-video-preview:-1\" \/>\n<link rel=\"canonical\" href=\"https:\/\/www.miamibeachfl.gov\/pt\/city-hall\/city-clerk\/election-information\/november-3-2020-general-election\/related-resolutions\/\" \/>\n<meta property=\"og:locale\" content=\"pt_BR\" \/>\n<meta property=\"og:type\" content=\"article\" \/>\n<meta property=\"og:title\" content=\"Related Resolutions\" \/>\n<meta property=\"og:description\" content=\"%\" \/>\n<meta property=\"og:url\" content=\"https:\/\/www.miamibeachfl.gov\/pt\/city-hall\/city-clerk\/election-information\/november-3-2020-general-election\/related-resolutions\/\" \/>\n<meta property=\"og:site_name\" content=\"City of Miami Beach\" \/>\n<meta property=\"article:publisher\" content=\"https:\/\/www.facebook.com\/cityofmiamibeach\" \/>\n<meta property=\"article:modified_time\" content=\"2025-02-23T19:06:02+00:00\" \/>\n<meta property=\"og:image\" content=\"https:\/\/www.miamibeachfl.gov\/wp-content\/uploads\/2022\/07\/hero-small.jpg\" \/>\n<meta name=\"twitter:card\" content=\"summary_large_image\" \/>\n<meta name=\"twitter:site\" content=\"@Miamibeachnews\" \/>\n<script type=\"application\/ld+json\" class=\"yoast-schema-graph\">{\"@context\":\"https:\/\/schema.org\",\"@graph\":[{\"@type\":\"WebPage\",\"@id\":\"https:\/\/www.miamibeachfl.gov\/city-hall\/city-clerk\/election-information\/november-3-2020-general-election\/related-resolutions\/\",\"url\":\"https:\/\/www.miamibeachfl.gov\/city-hall\/city-clerk\/election-information\/november-3-2020-general-election\/related-resolutions\/\",\"name\":\"Related Resolutions - City of Miami Beach\",\"isPartOf\":{\"@id\":\"https:\/\/www.miamibeachfl.gov\/#website\"},\"primaryImageOfPage\":{\"@id\":\"https:\/\/www.miamibeachfl.gov\/city-hall\/city-clerk\/election-information\/november-3-2020-general-election\/related-resolutions\/#primaryimage\"},\"image\":{\"@id\":\"https:\/\/www.miamibeachfl.gov\/city-hall\/city-clerk\/election-information\/november-3-2020-general-election\/related-resolutions\/#primaryimage\"},\"thumbnailUrl\":\"https:\/\/www.miamibeachfl.gov\/wp-content\/uploads\/2022\/07\/hero-small.jpg\",\"datePublished\":\"2020-07-30T14:49:55+00:00\",\"dateModified\":\"2025-02-23T19:06:02+00:00\",\"description\":\"%\",\"breadcrumb\":{\"@id\":\"https:\/\/www.miamibeachfl.gov\/city-hall\/city-clerk\/election-information\/november-3-2020-general-election\/related-resolutions\/#breadcrumb\"},\"inLanguage\":\"pt-BR\",\"potentialAction\":[{\"@type\":\"ReadAction\",\"target\":[\"https:\/\/www.miamibeachfl.gov\/city-hall\/city-clerk\/election-information\/november-3-2020-general-election\/related-resolutions\/\"]}]},{\"@type\":\"ImageObject\",\"inLanguage\":\"pt-BR\",\"@id\":\"https:\/\/www.miamibeachfl.gov\/city-hall\/city-clerk\/election-information\/november-3-2020-general-election\/related-resolutions\/#primaryimage\",\"url\":\"https:\/\/www.miamibeachfl.gov\/wp-content\/uploads\/2022\/07\/hero-small.jpg\",\"contentUrl\":\"https:\/\/www.miamibeachfl.gov\/wp-content\/uploads\/2022\/07\/hero-small.jpg\"},{\"@type\":\"BreadcrumbList\",\"@id\":\"https:\/\/www.miamibeachfl.gov\/city-hall\/city-clerk\/election-information\/november-3-2020-general-election\/related-resolutions\/#breadcrumb\",\"itemListElement\":[{\"@type\":\"ListItem\",\"position\":1,\"name\":\"Home\",\"item\":\"https:\/\/www.miamibeachfl.gov\/\"},{\"@type\":\"ListItem\",\"position\":2,\"name\":\"City Hall\",\"item\":\"https:\/\/www.miamibeachfl.gov\/city-hall\/\"},{\"@type\":\"ListItem\",\"position\":3,\"name\":\"City Clerk\",\"item\":\"https:\/\/www.miamibeachfl.gov\/city-hall\/city-clerk\/\"},{\"@type\":\"ListItem\",\"position\":4,\"name\":\"Election Information\",\"item\":\"https:\/\/www.miamibeachfl.gov\/city-hall\/city-clerk\/election-information\/\"},{\"@type\":\"ListItem\",\"position\":5,\"name\":\"November 3, 2020: General Election\",\"item\":\"https:\/\/www.miamibeachfl.gov\/city-hall\/city-clerk\/election-information\/november-3-2020-general-election\/\"},{\"@type\":\"ListItem\",\"position\":6,\"name\":\"Related Resolutions\"}]},{\"@type\":\"WebSite\",\"@id\":\"https:\/\/www.miamibeachfl.gov\/#website\",\"url\":\"https:\/\/www.miamibeachfl.gov\/\",\"name\":\"City of Miami Beach\",\"description\":\"The official website of the City of Miami Beach. Stay informed, find important information on city services, news, alerts, events, trolley routes, government employment and more.\",\"publisher\":{\"@id\":\"https:\/\/www.miamibeachfl.gov\/#organization\"},\"potentialAction\":[{\"@type\":\"SearchAction\",\"target\":{\"@type\":\"EntryPoint\",\"urlTemplate\":\"https:\/\/www.miamibeachfl.gov\/?s={search_term_string}\"},\"query-input\":{\"@type\":\"PropertyValueSpecification\",\"valueRequired\":true,\"valueName\":\"search_term_string\"}}],\"inLanguage\":\"pt-BR\"},{\"@type\":\"Organization\",\"@id\":\"https:\/\/www.miamibeachfl.gov\/#organization\",\"name\":\"City of Miami Beach\",\"url\":\"https:\/\/www.miamibeachfl.gov\/\",\"logo\":{\"@type\":\"ImageObject\",\"inLanguage\":\"pt-BR\",\"@id\":\"https:\/\/www.miamibeachfl.gov\/#\/schema\/logo\/image\/\",\"url\":\"https:\/\/www.miamibeachfl.gov\/wp-content\/uploads\/2022\/06\/miamibeach-logoblue.png\",\"contentUrl\":\"https:\/\/www.miamibeachfl.gov\/wp-content\/uploads\/2022\/06\/miamibeach-logoblue.png\",\"width\":1962,\"height\":381,\"caption\":\"City of Miami Beach\"},\"image\":{\"@id\":\"https:\/\/www.miamibeachfl.gov\/#\/schema\/logo\/image\/\"},\"sameAs\":[\"https:\/\/www.facebook.com\/cityofmiamibeach\",\"https:\/\/x.com\/Miamibeachnews\",\"https:\/\/www.instagram.com\/miamibeachnews\/\"],\"description\":\"The official website of the City of Miami Beach. Stay informed, find important information on city services, news, alerts, events, trolley routes, government employment and more.\",\"telephone\":\"305.604.CITY(2489)\",\"legalName\":\"City of Miami Beach\"}]}<\/script>\n<!-- \/ Yoast SEO Premium plugin. -->","yoast_head_json":{"title":"Resolu\u00e7\u00f5es relacionadas - Cidade de Miami Beach","description":"%","robots":{"index":"index","follow":"follow","max-snippet":"max-snippet:-1","max-image-preview":"max-image-preview:large","max-video-preview":"max-video-preview:-1"},"canonical":"https:\/\/www.miamibeachfl.gov\/pt\/city-hall\/city-clerk\/election-information\/november-3-2020-general-election\/related-resolutions\/","og_locale":"pt_BR","og_type":"article","og_title":"Related Resolutions","og_description":"%","og_url":"https:\/\/www.miamibeachfl.gov\/pt\/city-hall\/city-clerk\/election-information\/november-3-2020-general-election\/related-resolutions\/","og_site_name":"City of Miami Beach","article_publisher":"https:\/\/www.facebook.com\/cityofmiamibeach","article_modified_time":"2025-02-23T19:06:02+00:00","og_image":[{"url":"https:\/\/www.miamibeachfl.gov\/wp-content\/uploads\/2022\/07\/hero-small.jpg","type":"","width":"","height":""}],"twitter_card":"summary_large_image","twitter_site":"@Miamibeachnews","schema":{"@context":"https:\/\/schema.org","@graph":[{"@type":"WebPage","@id":"https:\/\/www.miamibeachfl.gov\/city-hall\/city-clerk\/election-information\/november-3-2020-general-election\/related-resolutions\/","url":"https:\/\/www.miamibeachfl.gov\/city-hall\/city-clerk\/election-information\/november-3-2020-general-election\/related-resolutions\/","name":"Resolu\u00e7\u00f5es relacionadas - Cidade de Miami Beach","isPartOf":{"@id":"https:\/\/www.miamibeachfl.gov\/#website"},"primaryImageOfPage":{"@id":"https:\/\/www.miamibeachfl.gov\/city-hall\/city-clerk\/election-information\/november-3-2020-general-election\/related-resolutions\/#primaryimage"},"image":{"@id":"https:\/\/www.miamibeachfl.gov\/city-hall\/city-clerk\/election-information\/november-3-2020-general-election\/related-resolutions\/#primaryimage"},"thumbnailUrl":"https:\/\/www.miamibeachfl.gov\/wp-content\/uploads\/2022\/07\/hero-small.jpg","datePublished":"2020-07-30T14:49:55+00:00","dateModified":"2025-02-23T19:06:02+00:00","description":"%","breadcrumb":{"@id":"https:\/\/www.miamibeachfl.gov\/city-hall\/city-clerk\/election-information\/november-3-2020-general-election\/related-resolutions\/#breadcrumb"},"inLanguage":"pt-BR","potentialAction":[{"@type":"ReadAction","target":["https:\/\/www.miamibeachfl.gov\/city-hall\/city-clerk\/election-information\/november-3-2020-general-election\/related-resolutions\/"]}]},{"@type":"ImageObject","inLanguage":"pt-BR","@id":"https:\/\/www.miamibeachfl.gov\/city-hall\/city-clerk\/election-information\/november-3-2020-general-election\/related-resolutions\/#primaryimage","url":"https:\/\/www.miamibeachfl.gov\/wp-content\/uploads\/2022\/07\/hero-small.jpg","contentUrl":"https:\/\/www.miamibeachfl.gov\/wp-content\/uploads\/2022\/07\/hero-small.jpg"},{"@type":"BreadcrumbList","@id":"https:\/\/www.miamibeachfl.gov\/city-hall\/city-clerk\/election-information\/november-3-2020-general-election\/related-resolutions\/#breadcrumb","itemListElement":[{"@type":"ListItem","position":1,"name":"Home","item":"https:\/\/www.miamibeachfl.gov\/"},{"@type":"ListItem","position":2,"name":"City Hall","item":"https:\/\/www.miamibeachfl.gov\/city-hall\/"},{"@type":"ListItem","position":3,"name":"City Clerk","item":"https:\/\/www.miamibeachfl.gov\/city-hall\/city-clerk\/"},{"@type":"ListItem","position":4,"name":"Election Information","item":"https:\/\/www.miamibeachfl.gov\/city-hall\/city-clerk\/election-information\/"},{"@type":"ListItem","position":5,"name":"November 3, 2020: General Election","item":"https:\/\/www.miamibeachfl.gov\/city-hall\/city-clerk\/election-information\/november-3-2020-general-election\/"},{"@type":"ListItem","position":6,"name":"Related Resolutions"}]},{"@type":"WebSite","@id":"https:\/\/www.miamibeachfl.gov\/#website","url":"https:\/\/www.miamibeachfl.gov\/","name":"Cidade de Miami Beach","description":"Site oficial da cidade de Miami Beach. Mantenha-se informado e encontre informa\u00e7\u00f5es importantes sobre servi\u00e7os municipais, not\u00edcias, alertas, eventos, rotas de bonde, empregos p\u00fablicos e muito mais.","publisher":{"@id":"https:\/\/www.miamibeachfl.gov\/#organization"},"potentialAction":[{"@type":"SearchAction","target":{"@type":"EntryPoint","urlTemplate":"https:\/\/www.miamibeachfl.gov\/?s={search_term_string}"},"query-input":{"@type":"PropertyValueSpecification","valueRequired":true,"valueName":"search_term_string"}}],"inLanguage":"pt-BR"},{"@type":"Organization","@id":"https:\/\/www.miamibeachfl.gov\/#organization","name":"Cidade de Miami Beach","url":"https:\/\/www.miamibeachfl.gov\/","logo":{"@type":"ImageObject","inLanguage":"pt-BR","@id":"https:\/\/www.miamibeachfl.gov\/#\/schema\/logo\/image\/","url":"https:\/\/www.miamibeachfl.gov\/wp-content\/uploads\/2022\/06\/miamibeach-logoblue.png","contentUrl":"https:\/\/www.miamibeachfl.gov\/wp-content\/uploads\/2022\/06\/miamibeach-logoblue.png","width":1962,"height":381,"caption":"City of Miami Beach"},"image":{"@id":"https:\/\/www.miamibeachfl.gov\/#\/schema\/logo\/image\/"},"sameAs":["https:\/\/www.facebook.com\/cityofmiamibeach","https:\/\/x.com\/Miamibeachnews","https:\/\/www.instagram.com\/miamibeachnews\/"],"description":"Site oficial da cidade de Miami Beach. Mantenha-se informado e encontre informa\u00e7\u00f5es importantes sobre servi\u00e7os municipais, not\u00edcias, alertas, eventos, rotas de bonde, empregos p\u00fablicos e muito mais.","telephone":"305.604.CITY(2489)","legalName":"City of Miami Beach"}]}},"_links":{"self":[{"href":"https:\/\/www.miamibeachfl.gov\/pt\/wp-json\/wp\/v2\/pages\/140314","targetHints":{"allow":["GET"]}}],"collection":[{"href":"https:\/\/www.miamibeachfl.gov\/pt\/wp-json\/wp\/v2\/pages"}],"about":[{"href":"https:\/\/www.miamibeachfl.gov\/pt\/wp-json\/wp\/v2\/types\/page"}],"author":[{"embeddable":true,"href":"https:\/\/www.miamibeachfl.gov\/pt\/wp-json\/wp\/v2\/users\/222"}],"replies":[{"embeddable":true,"href":"https:\/\/www.miamibeachfl.gov\/pt\/wp-json\/wp\/v2\/comments?post=140314"}],"version-history":[{"count":0,"href":"https:\/\/www.miamibeachfl.gov\/pt\/wp-json\/wp\/v2\/pages\/140314\/revisions"}],"up":[{"embeddable":true,"href":"https:\/\/www.miamibeachfl.gov\/pt\/wp-json\/wp\/v2\/pages\/140310"}],"wp:attachment":[{"href":"https:\/\/www.miamibeachfl.gov\/pt\/wp-json\/wp\/v2\/media?parent=140314"}],"wp:term":[{"taxonomy":"category","embeddable":true,"href":"https:\/\/www.miamibeachfl.gov\/pt\/wp-json\/wp\/v2\/categories?post=140314"},{"taxonomy":"post_tag","embeddable":true,"href":"https:\/\/www.miamibeachfl.gov\/pt\/wp-json\/wp\/v2\/tags?post=140314"}],"curies":[{"name":"wp","href":"https:\/\/api.w.org\/{rel}","templated":true}]}}