{"id":144514,"date":"2020-10-22T16:23:41","date_gmt":"2020-10-22T20:23:41","guid":{"rendered":"http:\/\/www.miamibeachfl.gov\/?page_id=144514"},"modified":"2026-04-01T08:10:46","modified_gmt":"2026-04-01T12:10:46","slug":"remove-or-relocate-my-tree","status":"publish","type":"page","link":"https:\/\/www.miamibeachfl.gov\/pt\/city-hall\/environmental-sustainability\/urban-forestry\/remove-or-relocate-my-tree\/","title":{"rendered":"Quero remover ou realocar minha \u00e1rvore"},"content":{"rendered":"<img decoding=\"async\" src=\"https:\/\/www.miamibeachfl.gov\/wp-content\/uploads\/2022\/07\/hero-small.jpg\" alt=\"ocean drive art deco buildings\" itemprop=\"image\" height=\"211\" width=\"2395\" title=\"her\u00f3i-pequeno\" onerror=\"this.style.display='none'\" loading=\"lazy\" \/>\n<h1>\n\t\t\tQuero remover ou realocar minha \u00e1rvore\t<\/h1>\n\t<nav id=\"breadcrumbs\" aria-label=\"Migalhas de p\u00e3o\"><a href=\"https:\/\/www.miamibeachfl.gov\/pt\/\">Lar<\/a> &gt; <a href=\"https:\/\/www.miamibeachfl.gov\/pt\/city-hall\/\">Prefeitura<\/a> &gt; <a href=\"https:\/\/www.miamibeachfl.gov\/pt\/city-hall\/environmental-sustainability\/\">Meio Ambiente e Sustentabilidade<\/a> &gt; <a href=\"https:\/\/www.miamibeachfl.gov\/pt\/city-hall\/environmental-sustainability\/urban-forestry\/\">Silvicultura Urbana<\/a> &gt; <strong>Quero remover ou realocar minha \u00e1rvore<\/strong><\/nav>\n\t<p>\u00c9 necess\u00e1ria uma Permiss\u00e3o para Trabalho com \u00c1rvores para a remo\u00e7\u00e3o ou realoca\u00e7\u00e3o de \u00e1rvores, exceto aquelas consideradas isentas pelo c\u00f3digo municipal. Para remover ou realocar \u00e1rvores, a remo\u00e7\u00e3o deve ser justificada e a realoca\u00e7\u00e3o ou substitui\u00e7\u00e3o das \u00e1rvores deve ocorrer. Um arborista certificado dever\u00e1 preencher e preencher o Formul\u00e1rio de Realoca\u00e7\u00e3o de \u00c1rvores. Crie um requerimento de permiss\u00e3o online, carregue os documentos necess\u00e1rios e gerencie sua permiss\u00e3o usando o sistema de permiss\u00e3o online dispon\u00edvel no site. <a href=\"https:\/\/gcc02.safelinks.protection.outlook.com\/?url=http%3A%2F%2Fr20.rs6.net%2Ftn.jsp%3Ff%3D001-3PXaxkYzpFo76URZiCCpE2UImpHmJPpdwSTSTEDl8tP9T47WkHa4KDbUsj40nULq_45IJxnXXD5bFh4GNBqN8xJfqE-JA7oCPoCGwFk2mbxmBf0ZdO4rGOCbMcgeFgwFhWCcbh_lOk7kM2-KTSoyN1Yrnhv3mkjC8G4udKksQlRsbF22u0GUQXzT4Fg_7cY-3i8jg2y1w3zxCYRTs702g%3D%3D%26c%3D5X5XUGbTjL0BjTYFv4DpL1B3D4XejI0Jwmn-qqNZxdqF1VHJpt97fA%3D%3D%26ch%3DC7LO-ZWgu2huMUAzBAW8GxZKeievSLtqMAoEwl1bk7YApl_7aOQw4w%3D%3D&amp;data=05%7C02%7CManuelSanchez%40miamibeachfl.gov%7Cfb917ec94bd24ebf349d08dda921de92%7C551608f948f34871808aa969ec5cf48a%7C0%7C0%7C638852685579787842%7CUnknown%7CTWFpbGZsb3d8eyJFbXB0eU1hcGkiOnRydWUsIlYiOiIwLjAuMDAwMCIsIlAiOiJXaW4zMiIsIkFOIjoiTWFpbCIsIldUIjoyfQ%3D%3D%7C0%7C%7C%7C&amp;sdata=vCnR8NAZj1YeNtXD%2F%2FQ1JvIInwmz%2BH8fxE8nNmK%2BApQ%3D&amp;reserved=0\" target=\"_blank\" rel=\"noopener\"><strong>Portal de Acesso C\u00edvico<\/strong><\/a>.<\/p>\n<ul>\n<li><strong><a href=\"https:\/\/www.miamibeachfl.gov\/wp-content\/uploads\/2025\/06\/TREE-PERMIT-APPLICATION.pdf\" target=\"_blank\" rel=\"noopener\">Solicita\u00e7\u00e3o de Permiss\u00e3o para Trabalho em \u00c1rvores<\/a><\/strong><\/li>\n<li><strong><a href=\"https:\/\/www.miamibeachfl.gov\/wp-content\/uploads\/2025\/06\/Urban-Forestry-Tree-Relocation-Form.pdf\" target=\"_blank\" rel=\"noopener\">Formul\u00e1rio de realoca\u00e7\u00e3o de \u00e1rvores<\/a><\/strong><\/li>\n<li><a href=\"https:\/\/www.miamibeachfl.gov\/wp-content\/uploads\/2026\/01\/TREE-PERMIT-FEES-Updated-1.30.26-1.pdf\" target=\"_blank\" rel=\"noopener\"><strong>Tabela de taxas de autoriza\u00e7\u00e3o para trabalhos em \u00e1rvores - Ano Fiscal de 2026<\/strong><\/a><\/li>\n<li><strong><a href=\"https:\/\/www.miamibeachfl.gov\/wp-content\/uploads\/2025\/06\/Tree-Protection-Letter.pdf\" target=\"_blank\" rel=\"noopener\">Carta de Prote\u00e7\u00e3o de \u00c1rvores<\/a><\/strong><\/li>\n<li><strong><a href=\"https:\/\/www.miamibeachfl.gov\/wp-content\/uploads\/2025\/06\/Tree-Protection-Fence-Detail-5.16.24.pdf\" target=\"_blank\" rel=\"noopener\">Diagrama de prote\u00e7\u00e3o de cerca de \u00e1rvore<\/a><\/strong><\/li>\n<li><strong><a href=\"https:\/\/www.miamibeachfl.gov\/wp-content\/uploads\/2025\/07\/4-MOST-COMMON-INSTALLATION-FAILURES-FOR-URBAN-FORESTRY-INSPECTIONS.odt\">4 falhas de instala\u00e7\u00e3o mais comuns em inspe\u00e7\u00f5es florestais urbanas<\/a><\/strong><\/li>\n<\/ul>\n<p>While bright mesh fencing may be used to augment visibility, sturdy barriers as per the following details are required:\u00a0<strong><a href=\"https:\/\/www.miamibeachfl.gov\/wp-content\/uploads\/2023\/09\/AvoidingTreeDamage.pdf\">Evitando danos \u00e0s \u00e1rvores durante a constru\u00e7\u00e3o<\/a>.<\/strong><\/p>\n<p><strong>Informa\u00e7\u00f5es gerais<\/strong><\/p>\n<ul>\n<li><strong><a href=\"https:\/\/www.miamibeachfl.gov\/wp-content\/uploads\/2025\/06\/Arborist-Report-Example.pdf\" target=\"_blank\" rel=\"noopener\">Exemplo de relat\u00f3rio de arborista<\/a><\/strong><\/li>\n<li><strong><a href=\"https:\/\/www.miamibeachfl.gov\/wp-content\/uploads\/2025\/06\/Tree-Disposition-Example.pdf\" target=\"_blank\" rel=\"noopener\">Exemplo de disposi\u00e7\u00e3o de \u00e1rvores<\/a><\/strong><\/li>\n<li><strong><a href=\"https:\/\/www.treesaregood.org\/findanarborist\" target=\"_blank\" rel=\"noopener\">Site ISA Encontre um Arborista<\/a><\/strong><\/li>\n<li><strong><a href=\"https:\/\/www.asca-consultants.org\/search\/custom.asp?id=3818\" target=\"_blank\" rel=\"noopener\">Site ASCA Encontre um Arborista<\/a><\/strong><\/li>\n<li><strong><a href=\"http:\/\/library.municode.com\/fl\/miami_beach\/codes\/code_of_ordinances?nodeId=SPAGEOR_CH46EN\" target=\"_blank\" rel=\"noopener\">Cap\u00edtulo 46 do C\u00f3digo de Ordenan\u00e7as da Cidade de Miami Beach<\/a><\/strong><\/li>\n<li><strong><a href=\"https:\/\/codehub.gridics.com\/us\/fl\/miami-beach#\/3cdae951-9439-43bf-915e-a7f42b5082fd\" target=\"_blank\" rel=\"noopener\">Cap\u00edtulo 4 do C\u00f3digo de Resili\u00eancia da Cidade de Miami Beach<\/a><\/strong><\/li>\n<li><strong><a href=\"https:\/\/www.miamibeachfl.gov\/wp-content\/uploads\/2025\/06\/Tree-Relocation-Detail.png\" target=\"_blank\" rel=\"noopener\">Realoca\u00e7\u00e3o de Silvicultura Urbana Padr\u00e3o da Cidade<\/a><\/strong><\/li>\n<li><strong><a href=\"https:\/\/www.miamibeachfl.gov\/wp-content\/uploads\/2025\/06\/State-Law-163-Florida-Statute-Tree-Removals.odt\" target=\"_blank\" rel=\"noopener\">Estatuto Estadual da Fl\u00f3rida sobre Remo\u00e7\u00e3o de \u00c1rvores de Propriet\u00e1rios de Im\u00f3veis Unifamiliares 163-045<\/a><\/strong><\/li>\n<li><strong><a href=\"https:\/\/www.fltreelaw.org\/\" target=\"_blank\" rel=\"noopener\">Mecanismo de decis\u00e3o do ISA da Fl\u00f3rida sobre o Estatuto da Fl\u00f3rida 163-045<\/a><\/strong><\/li>\n<\/ul>\n\t\tNavegar para\u2026\t\t\t\n\t\t\t\t\t<ul id=\"menu-environmental-urban-forestry\"><li id=\"menu-item-382235\"><a href=\"\/pt\/city-hall\/environmental-sustainability\/urban-forestry\/general-tree-information\/\">Informa\u00e7\u00f5es gerais sobre \u00e1rvores<\/a><\/li>\n<li id=\"menu-item-381953\"><a href=\"\/pt\/city-hall\/environmental-sustainability\/urban-forestry\/tree-trimming\/\">Quero fazer poda de \u00e1rvores<\/a><\/li>\n<li id=\"menu-item-382233\"><a href=\"\/pt\/city-hall\/environmental-sustainability\/urban-forestry\/plant-a-tree\/\">Eu quero plantar uma \u00e1rvore<\/a><\/li>\n<li id=\"menu-item-382234\"><a href=\"\/pt\/city-hall\/environmental-sustainability\/urban-forestry\/remove-or-relocate-my-tree\/\">Quero remover ou realocar minha \u00e1rvore<\/a><\/li>\n<li id=\"menu-item-362625\"><a href=\"\/pt\/city-hall\/environmental-sustainability\/urban-forestry\/tree-programs\/\">Iniciativas de Arboriza\u00e7\u00e3o Urbana<\/a><\/li>\n<\/ul>\t\n\t<div class=\"page-navigation\"><a class=\"prev-page\" href=\"https:\/\/www.miamibeachfl.gov\/pt\/budget-advisory-committee\/date-agenda-minutes\/\">\u2190 Datas\/Ordens\/Atas das Reuni\u00f5es<\/a> <a class=\"next-page\" href=\"https:\/\/www.miamibeachfl.gov\/pt\/city-hall\/office-of-organizational-development\/prek\/confirmacion\/\">confirma\u00e7\u00e3o do pedido de fam\u00edlia espanhol \u2192<\/a><\/div>","protected":false},"excerpt":{"rendered":"<p>I Want to Remove or Relocate My Tree Home &gt; City Hall &gt; Environment &#038; Sustainability &gt; Urban Forestry &gt; [&hellip;]<\/p>\n","protected":false},"author":105,"featured_media":0,"parent":28632,"menu_order":0,"comment_status":"closed","ping_status":"closed","template":"","meta":{"_searchwp_excluded":"","site-sidebar-layout":"default","site-content-layout":"","ast-site-content-layout":"default","site-content-style":"default","site-sidebar-style":"default","ast-global-header-display":"","ast-banner-title-visibility":"","ast-main-header-display":"","ast-hfb-above-header-display":"","ast-hfb-below-header-display":"","ast-hfb-mobile-header-display":"","site-post-title":"","ast-breadcrumbs-content":"","ast-featured-img":"","footer-sml-layout":"","theme-transparent-header-meta":"","adv-header-id-meta":"","stick-header-meta":"","header-above-stick-meta":"","header-main-stick-meta":"","header-below-stick-meta":"","astra-migrate-meta-layouts":"default","ast-page-background-enabled":"default","ast-page-background-meta":{"desktop":{"background-color":"var(--ast-global-color-5)","background-image":"","background-repeat":"repeat","background-position":"center center","background-size":"auto","background-attachment":"scroll","background-type":"","background-media":"","overlay-type":"","overlay-color":"","overlay-opacity":"","overlay-gradient":""},"tablet":{"background-color":"","background-image":"","background-repeat":"repeat","background-position":"center center","background-size":"auto","background-attachment":"scroll","background-type":"","background-media":"","overlay-type":"","overlay-color":"","overlay-opacity":"","overlay-gradient":""},"mobile":{"background-color":"","background-image":"","background-repeat":"repeat","background-position":"center center","background-size":"auto","background-attachment":"scroll","background-type":"","background-media":"","overlay-type":"","overlay-color":"","overlay-opacity":"","overlay-gradient":""}},"ast-content-background-meta":{"desktop":{"background-color":"var(--ast-global-color-4)","background-image":"","background-repeat":"repeat","background-position":"center center","background-size":"auto","background-attachment":"scroll","background-type":"","background-media":"","overlay-type":"","overlay-color":"","overlay-opacity":"","overlay-gradient":""},"tablet":{"background-color":"var(--ast-global-color-4)","background-image":"","background-repeat":"repeat","background-position":"center center","background-size":"auto","background-attachment":"scroll","background-type":"","background-media":"","overlay-type":"","overlay-color":"","overlay-opacity":"","overlay-gradient":""},"mobile":{"background-color":"var(--ast-global-color-4)","background-image":"","background-repeat":"repeat","background-position":"center center","background-size":"auto","background-attachment":"scroll","background-type":"","background-media":"","overlay-type":"","overlay-color":"","overlay-opacity":"","overlay-gradient":""}},"footnotes":""},"categories":[],"tags":[],"class_list":["post-144514","page","type-page","status-publish","hentry"],"yoast_head":"<!-- This site is optimized with the Yoast SEO Premium plugin v27.4 (Yoast SEO v27.4) - https:\/\/yoast.com\/product\/yoast-seo-premium-wordpress\/ -->\n<title>I Want to Remove or Relocate My Tree - City of Miami Beach<\/title>\n<meta name=\"description\" content=\"A Tree Work Permit is required for the removal or relocation of trees, except for trees determined to be exempt per City code. In order to remove or relocate trees, the removal must be justified, and either relocation or replacement of trees must take place. A certified arborist shall fill out and complete the Tree Relocation Form.\" \/>\n<meta name=\"robots\" content=\"index, follow, max-snippet:-1, max-image-preview:large, max-video-preview:-1\" \/>\n<link rel=\"canonical\" href=\"https:\/\/www.miamibeachfl.gov\/pt\/city-hall\/environmental-sustainability\/urban-forestry\/remove-or-relocate-my-tree\/\" \/>\n<meta property=\"og:locale\" content=\"pt_BR\" \/>\n<meta property=\"og:type\" content=\"article\" \/>\n<meta property=\"og:title\" content=\"I Want to Remove or Relocate My Tree\" \/>\n<meta property=\"og:description\" content=\"A Tree Work Permit is required for the removal or relocation of trees, except for trees determined to be exempt per City code. In order to remove or relocate trees, the removal must be justified, and either relocation or replacement of trees must take place. A certified arborist shall fill out and complete the Tree Relocation Form.\" \/>\n<meta property=\"og:url\" content=\"https:\/\/www.miamibeachfl.gov\/pt\/city-hall\/environmental-sustainability\/urban-forestry\/remove-or-relocate-my-tree\/\" \/>\n<meta property=\"og:site_name\" content=\"City of Miami Beach\" \/>\n<meta property=\"article:publisher\" content=\"https:\/\/www.facebook.com\/cityofmiamibeach\" \/>\n<meta property=\"article:modified_time\" content=\"2026-04-01T12:10:46+00:00\" \/>\n<meta property=\"og:image\" content=\"https:\/\/www.miamibeachfl.gov\/wp-content\/uploads\/2022\/07\/hero-small.jpg\" \/>\n<meta name=\"twitter:card\" content=\"summary_large_image\" \/>\n<meta name=\"twitter:site\" content=\"@Miamibeachnews\" \/>\n<script type=\"application\/ld+json\" class=\"yoast-schema-graph\">{\"@context\":\"https:\\\/\\\/schema.org\",\"@graph\":[{\"@type\":\"WebPage\",\"@id\":\"https:\\\/\\\/www.miamibeachfl.gov\\\/city-hall\\\/environmental-sustainability\\\/urban-forestry\\\/remove-or-relocate-my-tree\\\/\",\"url\":\"https:\\\/\\\/www.miamibeachfl.gov\\\/city-hall\\\/environmental-sustainability\\\/urban-forestry\\\/remove-or-relocate-my-tree\\\/\",\"name\":\"I Want to Remove or Relocate My Tree - City of Miami Beach\",\"isPartOf\":{\"@id\":\"https:\\\/\\\/www.miamibeachfl.gov\\\/#website\"},\"primaryImageOfPage\":{\"@id\":\"https:\\\/\\\/www.miamibeachfl.gov\\\/city-hall\\\/environmental-sustainability\\\/urban-forestry\\\/remove-or-relocate-my-tree\\\/#primaryimage\"},\"image\":{\"@id\":\"https:\\\/\\\/www.miamibeachfl.gov\\\/city-hall\\\/environmental-sustainability\\\/urban-forestry\\\/remove-or-relocate-my-tree\\\/#primaryimage\"},\"thumbnailUrl\":\"https:\\\/\\\/www.miamibeachfl.gov\\\/wp-content\\\/uploads\\\/2022\\\/07\\\/hero-small.jpg\",\"datePublished\":\"2020-10-22T20:23:41+00:00\",\"dateModified\":\"2026-04-01T12:10:46+00:00\",\"description\":\"A Tree Work Permit is required for the removal or relocation of trees, except for trees determined to be exempt per City code. In order to remove or relocate trees, the removal must be justified, and either relocation or replacement of trees must take place. A certified arborist shall fill out and complete the Tree Relocation Form.\",\"breadcrumb\":{\"@id\":\"https:\\\/\\\/www.miamibeachfl.gov\\\/city-hall\\\/environmental-sustainability\\\/urban-forestry\\\/remove-or-relocate-my-tree\\\/#breadcrumb\"},\"inLanguage\":\"pt-BR\",\"potentialAction\":[{\"@type\":\"ReadAction\",\"target\":[\"https:\\\/\\\/www.miamibeachfl.gov\\\/city-hall\\\/environmental-sustainability\\\/urban-forestry\\\/remove-or-relocate-my-tree\\\/\"]}]},{\"@type\":\"ImageObject\",\"inLanguage\":\"pt-BR\",\"@id\":\"https:\\\/\\\/www.miamibeachfl.gov\\\/city-hall\\\/environmental-sustainability\\\/urban-forestry\\\/remove-or-relocate-my-tree\\\/#primaryimage\",\"url\":\"https:\\\/\\\/www.miamibeachfl.gov\\\/wp-content\\\/uploads\\\/2022\\\/07\\\/hero-small.jpg\",\"contentUrl\":\"https:\\\/\\\/www.miamibeachfl.gov\\\/wp-content\\\/uploads\\\/2022\\\/07\\\/hero-small.jpg\"},{\"@type\":\"BreadcrumbList\",\"@id\":\"https:\\\/\\\/www.miamibeachfl.gov\\\/city-hall\\\/environmental-sustainability\\\/urban-forestry\\\/remove-or-relocate-my-tree\\\/#breadcrumb\",\"itemListElement\":[{\"@type\":\"ListItem\",\"position\":1,\"name\":\"Home\",\"item\":\"https:\\\/\\\/www.miamibeachfl.gov\\\/\"},{\"@type\":\"ListItem\",\"position\":2,\"name\":\"City Hall\",\"item\":\"https:\\\/\\\/www.miamibeachfl.gov\\\/city-hall\\\/\"},{\"@type\":\"ListItem\",\"position\":3,\"name\":\"Environment &#038; Sustainability\",\"item\":\"https:\\\/\\\/www.miamibeachfl.gov\\\/city-hall\\\/environmental-sustainability\\\/\"},{\"@type\":\"ListItem\",\"position\":4,\"name\":\"Urban Forestry\",\"item\":\"https:\\\/\\\/www.miamibeachfl.gov\\\/city-hall\\\/environmental-sustainability\\\/urban-forestry\\\/\"},{\"@type\":\"ListItem\",\"position\":5,\"name\":\"I Want to Remove or Relocate My Tree\"}]},{\"@type\":\"WebSite\",\"@id\":\"https:\\\/\\\/www.miamibeachfl.gov\\\/#website\",\"url\":\"https:\\\/\\\/www.miamibeachfl.gov\\\/\",\"name\":\"City of Miami Beach\",\"description\":\"The official website of the City of Miami Beach. Stay informed, find important information on city services, news, alerts, events, trolley routes, government employment and more.\",\"publisher\":{\"@id\":\"https:\\\/\\\/www.miamibeachfl.gov\\\/#organization\"},\"potentialAction\":[{\"@type\":\"SearchAction\",\"target\":{\"@type\":\"EntryPoint\",\"urlTemplate\":\"https:\\\/\\\/www.miamibeachfl.gov\\\/?s={search_term_string}\"},\"query-input\":{\"@type\":\"PropertyValueSpecification\",\"valueRequired\":true,\"valueName\":\"search_term_string\"}}],\"inLanguage\":\"pt-BR\"},{\"@type\":\"Organization\",\"@id\":\"https:\\\/\\\/www.miamibeachfl.gov\\\/#organization\",\"name\":\"City of Miami Beach\",\"url\":\"https:\\\/\\\/www.miamibeachfl.gov\\\/\",\"logo\":{\"@type\":\"ImageObject\",\"inLanguage\":\"pt-BR\",\"@id\":\"https:\\\/\\\/www.miamibeachfl.gov\\\/#\\\/schema\\\/logo\\\/image\\\/\",\"url\":\"https:\\\/\\\/www.miamibeachfl.gov\\\/wp-content\\\/uploads\\\/2022\\\/06\\\/miamibeach-logoblue.png\",\"contentUrl\":\"https:\\\/\\\/www.miamibeachfl.gov\\\/wp-content\\\/uploads\\\/2022\\\/06\\\/miamibeach-logoblue.png\",\"width\":1962,\"height\":381,\"caption\":\"City of Miami Beach\"},\"image\":{\"@id\":\"https:\\\/\\\/www.miamibeachfl.gov\\\/#\\\/schema\\\/logo\\\/image\\\/\"},\"sameAs\":[\"https:\\\/\\\/www.facebook.com\\\/cityofmiamibeach\",\"https:\\\/\\\/x.com\\\/Miamibeachnews\",\"https:\\\/\\\/www.instagram.com\\\/miamibeachnews\\\/\"],\"description\":\"The official website of the City of Miami Beach. Stay informed, find important information on city services, news, alerts, events, trolley routes, government employment and more.\",\"telephone\":\"305.604.CITY(2489)\",\"legalName\":\"City of Miami Beach\"}]}<\/script>\n<!-- \/ Yoast SEO Premium plugin. -->","yoast_head_json":{"title":"Quero remover ou realocar minha \u00e1rvore - Cidade de Miami Beach","description":"\u00c9 necess\u00e1ria uma Permiss\u00e3o para Trabalho com \u00c1rvores para a remo\u00e7\u00e3o ou realoca\u00e7\u00e3o de \u00e1rvores, exceto aquelas consideradas isentas pelo c\u00f3digo municipal. Para remover ou realocar \u00e1rvores, a remo\u00e7\u00e3o deve ser justificada e a realoca\u00e7\u00e3o ou substitui\u00e7\u00e3o das \u00e1rvores deve ocorrer. Um arborista certificado dever\u00e1 preencher e preencher o Formul\u00e1rio de Realoca\u00e7\u00e3o de \u00c1rvores.","robots":{"index":"index","follow":"follow","max-snippet":"max-snippet:-1","max-image-preview":"max-image-preview:large","max-video-preview":"max-video-preview:-1"},"canonical":"https:\/\/www.miamibeachfl.gov\/pt\/city-hall\/environmental-sustainability\/urban-forestry\/remove-or-relocate-my-tree\/","og_locale":"pt_BR","og_type":"article","og_title":"I Want to Remove or Relocate My Tree","og_description":"A Tree Work Permit is required for the removal or relocation of trees, except for trees determined to be exempt per City code. In order to remove or relocate trees, the removal must be justified, and either relocation or replacement of trees must take place. A certified arborist shall fill out and complete the Tree Relocation Form.","og_url":"https:\/\/www.miamibeachfl.gov\/pt\/city-hall\/environmental-sustainability\/urban-forestry\/remove-or-relocate-my-tree\/","og_site_name":"City of Miami Beach","article_publisher":"https:\/\/www.facebook.com\/cityofmiamibeach","article_modified_time":"2026-04-01T12:10:46+00:00","og_image":[{"url":"https:\/\/www.miamibeachfl.gov\/wp-content\/uploads\/2022\/07\/hero-small.jpg","type":"","width":"","height":""}],"twitter_card":"summary_large_image","twitter_site":"@Miamibeachnews","schema":{"@context":"https:\/\/schema.org","@graph":[{"@type":"WebPage","@id":"https:\/\/www.miamibeachfl.gov\/city-hall\/environmental-sustainability\/urban-forestry\/remove-or-relocate-my-tree\/","url":"https:\/\/www.miamibeachfl.gov\/city-hall\/environmental-sustainability\/urban-forestry\/remove-or-relocate-my-tree\/","name":"Quero remover ou realocar minha \u00e1rvore - Cidade de Miami Beach","isPartOf":{"@id":"https:\/\/www.miamibeachfl.gov\/#website"},"primaryImageOfPage":{"@id":"https:\/\/www.miamibeachfl.gov\/city-hall\/environmental-sustainability\/urban-forestry\/remove-or-relocate-my-tree\/#primaryimage"},"image":{"@id":"https:\/\/www.miamibeachfl.gov\/city-hall\/environmental-sustainability\/urban-forestry\/remove-or-relocate-my-tree\/#primaryimage"},"thumbnailUrl":"https:\/\/www.miamibeachfl.gov\/wp-content\/uploads\/2022\/07\/hero-small.jpg","datePublished":"2020-10-22T20:23:41+00:00","dateModified":"2026-04-01T12:10:46+00:00","description":"\u00c9 necess\u00e1ria uma Permiss\u00e3o para Trabalho com \u00c1rvores para a remo\u00e7\u00e3o ou realoca\u00e7\u00e3o de \u00e1rvores, exceto aquelas consideradas isentas pelo c\u00f3digo municipal. Para remover ou realocar \u00e1rvores, a remo\u00e7\u00e3o deve ser justificada e a realoca\u00e7\u00e3o ou substitui\u00e7\u00e3o das \u00e1rvores deve ocorrer. Um arborista certificado dever\u00e1 preencher e preencher o Formul\u00e1rio de Realoca\u00e7\u00e3o de \u00c1rvores.","breadcrumb":{"@id":"https:\/\/www.miamibeachfl.gov\/city-hall\/environmental-sustainability\/urban-forestry\/remove-or-relocate-my-tree\/#breadcrumb"},"inLanguage":"pt-BR","potentialAction":[{"@type":"ReadAction","target":["https:\/\/www.miamibeachfl.gov\/city-hall\/environmental-sustainability\/urban-forestry\/remove-or-relocate-my-tree\/"]}]},{"@type":"ImageObject","inLanguage":"pt-BR","@id":"https:\/\/www.miamibeachfl.gov\/city-hall\/environmental-sustainability\/urban-forestry\/remove-or-relocate-my-tree\/#primaryimage","url":"https:\/\/www.miamibeachfl.gov\/wp-content\/uploads\/2022\/07\/hero-small.jpg","contentUrl":"https:\/\/www.miamibeachfl.gov\/wp-content\/uploads\/2022\/07\/hero-small.jpg"},{"@type":"BreadcrumbList","@id":"https:\/\/www.miamibeachfl.gov\/city-hall\/environmental-sustainability\/urban-forestry\/remove-or-relocate-my-tree\/#breadcrumb","itemListElement":[{"@type":"ListItem","position":1,"name":"Home","item":"https:\/\/www.miamibeachfl.gov\/"},{"@type":"ListItem","position":2,"name":"City Hall","item":"https:\/\/www.miamibeachfl.gov\/city-hall\/"},{"@type":"ListItem","position":3,"name":"Environment &#038; Sustainability","item":"https:\/\/www.miamibeachfl.gov\/city-hall\/environmental-sustainability\/"},{"@type":"ListItem","position":4,"name":"Urban Forestry","item":"https:\/\/www.miamibeachfl.gov\/city-hall\/environmental-sustainability\/urban-forestry\/"},{"@type":"ListItem","position":5,"name":"I Want to Remove or Relocate My Tree"}]},{"@type":"WebSite","@id":"https:\/\/www.miamibeachfl.gov\/#website","url":"https:\/\/www.miamibeachfl.gov\/","name":"Cidade de Miami Beach","description":"Site oficial da cidade de Miami Beach. Mantenha-se informado e encontre informa\u00e7\u00f5es importantes sobre servi\u00e7os municipais, not\u00edcias, alertas, eventos, rotas de bonde, empregos p\u00fablicos e muito mais.","publisher":{"@id":"https:\/\/www.miamibeachfl.gov\/#organization"},"potentialAction":[{"@type":"SearchAction","target":{"@type":"EntryPoint","urlTemplate":"https:\/\/www.miamibeachfl.gov\/?s={search_term_string}"},"query-input":{"@type":"PropertyValueSpecification","valueRequired":true,"valueName":"search_term_string"}}],"inLanguage":"pt-BR"},{"@type":"Organization","@id":"https:\/\/www.miamibeachfl.gov\/#organization","name":"Cidade de Miami Beach","url":"https:\/\/www.miamibeachfl.gov\/","logo":{"@type":"ImageObject","inLanguage":"pt-BR","@id":"https:\/\/www.miamibeachfl.gov\/#\/schema\/logo\/image\/","url":"https:\/\/www.miamibeachfl.gov\/wp-content\/uploads\/2022\/06\/miamibeach-logoblue.png","contentUrl":"https:\/\/www.miamibeachfl.gov\/wp-content\/uploads\/2022\/06\/miamibeach-logoblue.png","width":1962,"height":381,"caption":"City of Miami Beach"},"image":{"@id":"https:\/\/www.miamibeachfl.gov\/#\/schema\/logo\/image\/"},"sameAs":["https:\/\/www.facebook.com\/cityofmiamibeach","https:\/\/x.com\/Miamibeachnews","https:\/\/www.instagram.com\/miamibeachnews\/"],"description":"Site oficial da cidade de Miami Beach. Mantenha-se informado e encontre informa\u00e7\u00f5es importantes sobre servi\u00e7os municipais, not\u00edcias, alertas, eventos, rotas de bonde, empregos p\u00fablicos e muito mais.","telephone":"305.604.CITY(2489)","legalName":"City of Miami Beach"}]}},"_links":{"self":[{"href":"https:\/\/www.miamibeachfl.gov\/pt\/wp-json\/wp\/v2\/pages\/144514","targetHints":{"allow":["GET"]}}],"collection":[{"href":"https:\/\/www.miamibeachfl.gov\/pt\/wp-json\/wp\/v2\/pages"}],"about":[{"href":"https:\/\/www.miamibeachfl.gov\/pt\/wp-json\/wp\/v2\/types\/page"}],"author":[{"embeddable":true,"href":"https:\/\/www.miamibeachfl.gov\/pt\/wp-json\/wp\/v2\/users\/105"}],"replies":[{"embeddable":true,"href":"https:\/\/www.miamibeachfl.gov\/pt\/wp-json\/wp\/v2\/comments?post=144514"}],"version-history":[{"count":9,"href":"https:\/\/www.miamibeachfl.gov\/pt\/wp-json\/wp\/v2\/pages\/144514\/revisions"}],"predecessor-version":[{"id":398169,"href":"https:\/\/www.miamibeachfl.gov\/pt\/wp-json\/wp\/v2\/pages\/144514\/revisions\/398169"}],"up":[{"embeddable":true,"href":"https:\/\/www.miamibeachfl.gov\/pt\/wp-json\/wp\/v2\/pages\/28632"}],"wp:attachment":[{"href":"https:\/\/www.miamibeachfl.gov\/pt\/wp-json\/wp\/v2\/media?parent=144514"}],"wp:term":[{"taxonomy":"category","embeddable":true,"href":"https:\/\/www.miamibeachfl.gov\/pt\/wp-json\/wp\/v2\/categories?post=144514"},{"taxonomy":"post_tag","embeddable":true,"href":"https:\/\/www.miamibeachfl.gov\/pt\/wp-json\/wp\/v2\/tags?post=144514"}],"curies":[{"name":"wp","href":"https:\/\/api.w.org\/{rel}","templated":true}]}}