{"id":152047,"date":"2021-02-18T17:36:15","date_gmt":"2021-02-18T22:36:15","guid":{"rendered":"http:\/\/www.miamibeachfl.gov\/?page_id=152047"},"modified":"2026-03-31T13:55:46","modified_gmt":"2026-03-31T17:55:46","slug":"womens-self-defense","status":"publish","type":"page","link":"https:\/\/www.miamibeachfl.gov\/pt\/yourmbpd\/womens-self-defense\/","title":{"rendered":"Curso de Autodefesa Feminina"},"content":{"rendered":"<a href=\"\/pt\/yourmbpd\/\"  target=\"_self\" itemprop=\"url\">\n\t\t\t\t<img decoding=\"async\" src=\"https:\/\/www.miamibeachfl.gov\/wp-content\/uploads\/2019\/12\/badge-for-banner.png\" alt=\"badge for banner\" itemprop=\"image\" height=\"556\" width=\"1000\" title=\"distintivo para banner\" onerror=\"this.style.display='none'\" loading=\"lazy\" \/>\n\t\t\t\t<\/a>\n<h1>\n\t\t<a href=\"\/pt\/yourmbpd\/leadership\/\" title=\"LIDERAN\u00c7A\"  target=\"_self\">\n\t\t\tLIDERAN\u00c7A\t\t<\/a>\n\t<\/h1>\n<h1>\n\t\t<a href=\"\/pt\/yourmbpd\/neighborhoods\/\" title=\"BAIRROS\"  target=\"_self\">\n\t\t\tBAIRROS\t\t<\/a>\n\t<\/h1>\n<h1>\n\t\t<a href=\"\/pt\/yourmbpd\/services\/\" title=\"SERVI\u00c7OS\"  target=\"_self\">\n\t\t\tSERVI\u00c7OS\t\t<\/a>\n\t<\/h1>\n<h1>\n\t\t<a href=\"\/pt\/yourmbpd\/monthlycrimesdatareport\/\" title=\"DADOS DE CRIMES\"  target=\"_self\">\n\t\t\tDADOS DE CRIMES\t\t<\/a>\n\t<\/h1>\n<h1>\n\t\t<a href=\"\/pt\/yourmbpd\/contact\/\" title=\"CONTATO\"  target=\"_self\">\n\t\t\tCONTATO\t\t<\/a>\n\t<\/h1>\n<h1>\n\t\t\tCurso de autodefesa feminina\t<\/h1>\n\t<p><strong>Onde as aulas ser\u00e3o realizadas?<\/strong> No Departamento de Pol\u00edcia de Miami Beach, 1100 Washington Avenue. A parte presencial (uma hora) \u00e9 realizada em nossa sala de treinamento de \u00faltima gera\u00e7\u00e3o. A parte pr\u00e1tica de autodefesa (duas horas) tamb\u00e9m \u00e9 realizada no local, na sala de t\u00e1ticas defensivas aprovada pelo Departamento de Pol\u00edcia da Fl\u00f3rida (FDLE).<\/p>\n<p><strong>Esta \u00e9 uma aula em grupo ou um treinamento individual?<\/strong> \u00c9 uma aula em grupo composta em m\u00e9dia por dez a quinze alunos.<\/p>\n<p><strong>Quem s\u00e3o os instrutores das aulas?<\/strong> A aula \u00e9 ministrada por tr\u00eas instrutores de t\u00e1ticas defensivas policiais certificados pelo FDLE (oficiais Noel Castillo, Wil Collado e Vivian Thayer).<\/p>\n<strong>Outras informa\u00e7\u00f5es:<\/strong><br \/>\nA aula de Autodefesa Feminina, com dura\u00e7\u00e3o de tr\u00eas horas, ensina as alunas a interromper proativamente os planos de um agressor, aplicando t\u00e9cnicas espec\u00edficas e a mentalidade adequada. O curso inclui uma hora de aula expositiva e duas horas de aplica\u00e7\u00e3o pr\u00e1tica.\n<strong>1) Objetivo de aprendizagem<\/strong><br \/>\nO objetivo deste bloco de instru\u00e7\u00f5es \u00e9 fornecer aos alunos informa\u00e7\u00f5es e t\u00e9cnicas que podem ser usadas para autodefesa contra um poss\u00edvel agressor.\n<strong>2) Objetivos de Desempenho do Aluno<\/strong><br \/>\nAo concluir este bloco de instru\u00e7\u00f5es, os alunos ser\u00e3o apresentados \u00e0s seguintes informa\u00e7\u00f5es:\n<ol>\n<li>Consci\u00eancia Situacional<\/li>\n<li>Conscientiza\u00e7\u00e3o Veicular<\/li>\n<li>Conscientiza\u00e7\u00e3o de casa\/neg\u00f3cios<\/li>\n<li>Conscientiza\u00e7\u00e3o sobre agress\u00e3o sexual<\/li>\n<li>T\u00e9cnicas de defesa em p\u00e9<\/li>\n<li>T\u00e9cnicas de Defesa Terrestre<\/li>\n<\/ol>\n\t<p><strong>Se voc\u00ea estiver interessado e quiser se inscrever, preencha o formul\u00e1rio abaixo.<\/strong><\/p>\n\t<p><iframe title=\"Formul\u00e1rio de Inscri\u00e7\u00e3o para Aulas de Defesa Pessoal Feminina\" src=\"https:\/\/forms.office.com\/Pages\/ResponsePage.aspx?id=-QgWVfNIcUiAiqlp7Fz0iiA6Qqb27z1DiudlIhtpbEdUNjlUQUtQRFJYNzk3NVRNNlFRUjRLUlg4Vy4u&amp;embed=true\" frameborder=\"0\" allowfullscreen=\"allowfullscreen\"><\/iframe><\/p>\n\t<p>\u00a9 2025 Direitos autorais da cidade de Miami Beach.<\/p>\n\t\t\t<a href=\"\/pt\/\" target=\"_self\">\n\t\t\t\t\t\t\tSite da cidade de Miami Beach\n\t\t\t\t\t<\/a>\n\t\t\t<a href=\"\/pt\/policies-disclaimers\/\" target=\"_self\">\n\t\t\t\t\t\t\tPol\u00edticas e Isen\u00e7\u00f5es de Responsabilidade\n\t\t\t\t\t<\/a>\n\t\t\t<a href=\"\/pt\/accessibility\/\" target=\"_self\">\n\t\t\t\t\t\t\tAcessibilidade\n\t\t\t\t\t<\/a>\n\t\t\t<a href=\"\/pt\/policies-disclaimers\/#cookies\" target=\"_self\">\n\t\t\t\t\t\t\tConfigura\u00e7\u00f5es de cookies\n\t\t\t\t\t<\/a>","protected":false},"excerpt":{"rendered":"<p>LEADERSHIP NEIGHBORHOODS SERVICES CRIME DATA CONTACT Womens self defense course Where are classes be held? At the Miami Beach Police [&hellip;]<\/p>\n","protected":false},"author":222,"featured_media":0,"parent":120936,"menu_order":0,"comment_status":"closed","ping_status":"closed","template":"","meta":{"_searchwp_excluded":"","site-sidebar-layout":"default","site-content-layout":"","ast-site-content-layout":"","site-content-style":"default","site-sidebar-style":"default","ast-global-header-display":"disabled","ast-banner-title-visibility":"","ast-main-header-display":"","ast-hfb-above-header-display":"","ast-hfb-below-header-display":"","ast-hfb-mobile-header-display":"","site-post-title":"","ast-breadcrumbs-content":"","ast-featured-img":"","footer-sml-layout":"disabled","theme-transparent-header-meta":"","adv-header-id-meta":"","stick-header-meta":"","header-above-stick-meta":"","header-main-stick-meta":"","header-below-stick-meta":"","astra-migrate-meta-layouts":"default","ast-page-background-enabled":"default","ast-page-background-meta":{"desktop":{"background-color":"var(--ast-global-color-5)","background-image":"","background-repeat":"repeat","background-position":"center center","background-size":"auto","background-attachment":"scroll","background-type":"","background-media":"","overlay-type":"","overlay-color":"","overlay-opacity":"","overlay-gradient":""},"tablet":{"background-color":"","background-image":"","background-repeat":"repeat","background-position":"center center","background-size":"auto","background-attachment":"scroll","background-type":"","background-media":"","overlay-type":"","overlay-color":"","overlay-opacity":"","overlay-gradient":""},"mobile":{"background-color":"","background-image":"","background-repeat":"repeat","background-position":"center center","background-size":"auto","background-attachment":"scroll","background-type":"","background-media":"","overlay-type":"","overlay-color":"","overlay-opacity":"","overlay-gradient":""}},"ast-content-background-meta":{"desktop":{"background-color":"var(--ast-global-color-4)","background-image":"","background-repeat":"repeat","background-position":"center center","background-size":"auto","background-attachment":"scroll","background-type":"","background-media":"","overlay-type":"","overlay-color":"","overlay-opacity":"","overlay-gradient":""},"tablet":{"background-color":"var(--ast-global-color-4)","background-image":"","background-repeat":"repeat","background-position":"center center","background-size":"auto","background-attachment":"scroll","background-type":"","background-media":"","overlay-type":"","overlay-color":"","overlay-opacity":"","overlay-gradient":""},"mobile":{"background-color":"var(--ast-global-color-4)","background-image":"","background-repeat":"repeat","background-position":"center center","background-size":"auto","background-attachment":"scroll","background-type":"","background-media":"","overlay-type":"","overlay-color":"","overlay-opacity":"","overlay-gradient":""}},"footnotes":""},"categories":[],"tags":[],"class_list":["post-152047","page","type-page","status-publish","hentry"],"yoast_head":"<!-- This site is optimized with the Yoast SEO Premium plugin v27.4 (Yoast SEO v27.4) - https:\/\/yoast.com\/product\/yoast-seo-premium-wordpress\/ -->\n<title>Women Self Defense Course - City of Miami Beach<\/title>\n<meta name=\"description\" content=\"%\" \/>\n<meta name=\"robots\" content=\"index, follow, max-snippet:-1, max-image-preview:large, max-video-preview:-1\" \/>\n<link rel=\"canonical\" href=\"https:\/\/www.miamibeachfl.gov\/pt\/yourmbpd\/womens-self-defense\/\" \/>\n<meta property=\"og:locale\" content=\"pt_BR\" \/>\n<meta property=\"og:type\" content=\"article\" \/>\n<meta property=\"og:title\" content=\"Women Self Defense Course\" \/>\n<meta property=\"og:description\" content=\"%\" \/>\n<meta property=\"og:url\" content=\"https:\/\/www.miamibeachfl.gov\/pt\/yourmbpd\/womens-self-defense\/\" \/>\n<meta property=\"og:site_name\" content=\"City of Miami Beach\" \/>\n<meta property=\"article:publisher\" content=\"https:\/\/www.facebook.com\/cityofmiamibeach\" \/>\n<meta property=\"article:modified_time\" content=\"2026-03-31T17:55:46+00:00\" \/>\n<meta property=\"og:image\" content=\"https:\/\/www.miamibeachfl.gov\/wp-content\/uploads\/2019\/12\/badge-for-banner.png\" \/>\n<meta name=\"twitter:card\" content=\"summary_large_image\" \/>\n<meta name=\"twitter:site\" content=\"@Miamibeachnews\" \/>\n<script type=\"application\/ld+json\" class=\"yoast-schema-graph\">{\"@context\":\"https:\\\/\\\/schema.org\",\"@graph\":[{\"@type\":\"WebPage\",\"@id\":\"https:\\\/\\\/www.miamibeachfl.gov\\\/yourmbpd\\\/womens-self-defense\\\/\",\"url\":\"https:\\\/\\\/www.miamibeachfl.gov\\\/yourmbpd\\\/womens-self-defense\\\/\",\"name\":\"Women Self Defense Course - City of Miami Beach\",\"isPartOf\":{\"@id\":\"https:\\\/\\\/www.miamibeachfl.gov\\\/#website\"},\"primaryImageOfPage\":{\"@id\":\"https:\\\/\\\/www.miamibeachfl.gov\\\/yourmbpd\\\/womens-self-defense\\\/#primaryimage\"},\"image\":{\"@id\":\"https:\\\/\\\/www.miamibeachfl.gov\\\/yourmbpd\\\/womens-self-defense\\\/#primaryimage\"},\"thumbnailUrl\":\"https:\\\/\\\/www.miamibeachfl.gov\\\/wp-content\\\/uploads\\\/2019\\\/12\\\/badge-for-banner.png\",\"datePublished\":\"2021-02-18T22:36:15+00:00\",\"dateModified\":\"2026-03-31T17:55:46+00:00\",\"description\":\"%\",\"breadcrumb\":{\"@id\":\"https:\\\/\\\/www.miamibeachfl.gov\\\/yourmbpd\\\/womens-self-defense\\\/#breadcrumb\"},\"inLanguage\":\"pt-BR\",\"potentialAction\":[{\"@type\":\"ReadAction\",\"target\":[\"https:\\\/\\\/www.miamibeachfl.gov\\\/yourmbpd\\\/womens-self-defense\\\/\"]}]},{\"@type\":\"ImageObject\",\"inLanguage\":\"pt-BR\",\"@id\":\"https:\\\/\\\/www.miamibeachfl.gov\\\/yourmbpd\\\/womens-self-defense\\\/#primaryimage\",\"url\":\"https:\\\/\\\/www.miamibeachfl.gov\\\/wp-content\\\/uploads\\\/2019\\\/12\\\/badge-for-banner.png\",\"contentUrl\":\"https:\\\/\\\/www.miamibeachfl.gov\\\/wp-content\\\/uploads\\\/2019\\\/12\\\/badge-for-banner.png\"},{\"@type\":\"BreadcrumbList\",\"@id\":\"https:\\\/\\\/www.miamibeachfl.gov\\\/yourmbpd\\\/womens-self-defense\\\/#breadcrumb\",\"itemListElement\":[{\"@type\":\"ListItem\",\"position\":1,\"name\":\"Home\",\"item\":\"https:\\\/\\\/www.miamibeachfl.gov\\\/\"},{\"@type\":\"ListItem\",\"position\":2,\"name\":\"Police\",\"item\":\"https:\\\/\\\/www.miamibeachfl.gov\\\/yourmbpd\\\/\"},{\"@type\":\"ListItem\",\"position\":3,\"name\":\"Women Self Defense Course\"}]},{\"@type\":\"WebSite\",\"@id\":\"https:\\\/\\\/www.miamibeachfl.gov\\\/#website\",\"url\":\"https:\\\/\\\/www.miamibeachfl.gov\\\/\",\"name\":\"City of Miami Beach\",\"description\":\"The official website of the City of Miami Beach. Stay informed, find important information on city services, news, alerts, events, trolley routes, government employment and more.\",\"publisher\":{\"@id\":\"https:\\\/\\\/www.miamibeachfl.gov\\\/#organization\"},\"potentialAction\":[{\"@type\":\"SearchAction\",\"target\":{\"@type\":\"EntryPoint\",\"urlTemplate\":\"https:\\\/\\\/www.miamibeachfl.gov\\\/?s={search_term_string}\"},\"query-input\":{\"@type\":\"PropertyValueSpecification\",\"valueRequired\":true,\"valueName\":\"search_term_string\"}}],\"inLanguage\":\"pt-BR\"},{\"@type\":\"Organization\",\"@id\":\"https:\\\/\\\/www.miamibeachfl.gov\\\/#organization\",\"name\":\"City of Miami Beach\",\"url\":\"https:\\\/\\\/www.miamibeachfl.gov\\\/\",\"logo\":{\"@type\":\"ImageObject\",\"inLanguage\":\"pt-BR\",\"@id\":\"https:\\\/\\\/www.miamibeachfl.gov\\\/#\\\/schema\\\/logo\\\/image\\\/\",\"url\":\"https:\\\/\\\/www.miamibeachfl.gov\\\/wp-content\\\/uploads\\\/2022\\\/06\\\/miamibeach-logoblue.png\",\"contentUrl\":\"https:\\\/\\\/www.miamibeachfl.gov\\\/wp-content\\\/uploads\\\/2022\\\/06\\\/miamibeach-logoblue.png\",\"width\":1962,\"height\":381,\"caption\":\"City of Miami Beach\"},\"image\":{\"@id\":\"https:\\\/\\\/www.miamibeachfl.gov\\\/#\\\/schema\\\/logo\\\/image\\\/\"},\"sameAs\":[\"https:\\\/\\\/www.facebook.com\\\/cityofmiamibeach\",\"https:\\\/\\\/x.com\\\/Miamibeachnews\",\"https:\\\/\\\/www.instagram.com\\\/miamibeachnews\\\/\"],\"description\":\"The official website of the City of Miami Beach. Stay informed, find important information on city services, news, alerts, events, trolley routes, government employment and more.\",\"telephone\":\"305.604.CITY(2489)\",\"legalName\":\"City of Miami Beach\"}]}<\/script>\n<!-- \/ Yoast SEO Premium plugin. -->","yoast_head_json":{"title":"Curso de Autodefesa para Mulheres - Cidade de Miami Beach","description":"%","robots":{"index":"index","follow":"follow","max-snippet":"max-snippet:-1","max-image-preview":"max-image-preview:large","max-video-preview":"max-video-preview:-1"},"canonical":"https:\/\/www.miamibeachfl.gov\/pt\/yourmbpd\/womens-self-defense\/","og_locale":"pt_BR","og_type":"article","og_title":"Women Self Defense Course","og_description":"%","og_url":"https:\/\/www.miamibeachfl.gov\/pt\/yourmbpd\/womens-self-defense\/","og_site_name":"City of Miami Beach","article_publisher":"https:\/\/www.facebook.com\/cityofmiamibeach","article_modified_time":"2026-03-31T17:55:46+00:00","og_image":[{"url":"https:\/\/www.miamibeachfl.gov\/wp-content\/uploads\/2019\/12\/badge-for-banner.png","type":"","width":"","height":""}],"twitter_card":"summary_large_image","twitter_site":"@Miamibeachnews","schema":{"@context":"https:\/\/schema.org","@graph":[{"@type":"WebPage","@id":"https:\/\/www.miamibeachfl.gov\/yourmbpd\/womens-self-defense\/","url":"https:\/\/www.miamibeachfl.gov\/yourmbpd\/womens-self-defense\/","name":"Curso de Autodefesa para Mulheres - Cidade de Miami Beach","isPartOf":{"@id":"https:\/\/www.miamibeachfl.gov\/#website"},"primaryImageOfPage":{"@id":"https:\/\/www.miamibeachfl.gov\/yourmbpd\/womens-self-defense\/#primaryimage"},"image":{"@id":"https:\/\/www.miamibeachfl.gov\/yourmbpd\/womens-self-defense\/#primaryimage"},"thumbnailUrl":"https:\/\/www.miamibeachfl.gov\/wp-content\/uploads\/2019\/12\/badge-for-banner.png","datePublished":"2021-02-18T22:36:15+00:00","dateModified":"2026-03-31T17:55:46+00:00","description":"%","breadcrumb":{"@id":"https:\/\/www.miamibeachfl.gov\/yourmbpd\/womens-self-defense\/#breadcrumb"},"inLanguage":"pt-BR","potentialAction":[{"@type":"ReadAction","target":["https:\/\/www.miamibeachfl.gov\/yourmbpd\/womens-self-defense\/"]}]},{"@type":"ImageObject","inLanguage":"pt-BR","@id":"https:\/\/www.miamibeachfl.gov\/yourmbpd\/womens-self-defense\/#primaryimage","url":"https:\/\/www.miamibeachfl.gov\/wp-content\/uploads\/2019\/12\/badge-for-banner.png","contentUrl":"https:\/\/www.miamibeachfl.gov\/wp-content\/uploads\/2019\/12\/badge-for-banner.png"},{"@type":"BreadcrumbList","@id":"https:\/\/www.miamibeachfl.gov\/yourmbpd\/womens-self-defense\/#breadcrumb","itemListElement":[{"@type":"ListItem","position":1,"name":"Home","item":"https:\/\/www.miamibeachfl.gov\/"},{"@type":"ListItem","position":2,"name":"Police","item":"https:\/\/www.miamibeachfl.gov\/yourmbpd\/"},{"@type":"ListItem","position":3,"name":"Women Self Defense Course"}]},{"@type":"WebSite","@id":"https:\/\/www.miamibeachfl.gov\/#website","url":"https:\/\/www.miamibeachfl.gov\/","name":"Cidade de Miami Beach","description":"Site oficial da cidade de Miami Beach. Mantenha-se informado e encontre informa\u00e7\u00f5es importantes sobre servi\u00e7os municipais, not\u00edcias, alertas, eventos, rotas de bonde, empregos p\u00fablicos e muito mais.","publisher":{"@id":"https:\/\/www.miamibeachfl.gov\/#organization"},"potentialAction":[{"@type":"SearchAction","target":{"@type":"EntryPoint","urlTemplate":"https:\/\/www.miamibeachfl.gov\/?s={search_term_string}"},"query-input":{"@type":"PropertyValueSpecification","valueRequired":true,"valueName":"search_term_string"}}],"inLanguage":"pt-BR"},{"@type":"Organization","@id":"https:\/\/www.miamibeachfl.gov\/#organization","name":"Cidade de Miami Beach","url":"https:\/\/www.miamibeachfl.gov\/","logo":{"@type":"ImageObject","inLanguage":"pt-BR","@id":"https:\/\/www.miamibeachfl.gov\/#\/schema\/logo\/image\/","url":"https:\/\/www.miamibeachfl.gov\/wp-content\/uploads\/2022\/06\/miamibeach-logoblue.png","contentUrl":"https:\/\/www.miamibeachfl.gov\/wp-content\/uploads\/2022\/06\/miamibeach-logoblue.png","width":1962,"height":381,"caption":"City of Miami Beach"},"image":{"@id":"https:\/\/www.miamibeachfl.gov\/#\/schema\/logo\/image\/"},"sameAs":["https:\/\/www.facebook.com\/cityofmiamibeach","https:\/\/x.com\/Miamibeachnews","https:\/\/www.instagram.com\/miamibeachnews\/"],"description":"Site oficial da cidade de Miami Beach. Mantenha-se informado e encontre informa\u00e7\u00f5es importantes sobre servi\u00e7os municipais, not\u00edcias, alertas, eventos, rotas de bonde, empregos p\u00fablicos e muito mais.","telephone":"305.604.CITY(2489)","legalName":"City of Miami Beach"}]}},"_links":{"self":[{"href":"https:\/\/www.miamibeachfl.gov\/pt\/wp-json\/wp\/v2\/pages\/152047","targetHints":{"allow":["GET"]}}],"collection":[{"href":"https:\/\/www.miamibeachfl.gov\/pt\/wp-json\/wp\/v2\/pages"}],"about":[{"href":"https:\/\/www.miamibeachfl.gov\/pt\/wp-json\/wp\/v2\/types\/page"}],"author":[{"embeddable":true,"href":"https:\/\/www.miamibeachfl.gov\/pt\/wp-json\/wp\/v2\/users\/222"}],"replies":[{"embeddable":true,"href":"https:\/\/www.miamibeachfl.gov\/pt\/wp-json\/wp\/v2\/comments?post=152047"}],"version-history":[{"count":10,"href":"https:\/\/www.miamibeachfl.gov\/pt\/wp-json\/wp\/v2\/pages\/152047\/revisions"}],"predecessor-version":[{"id":398123,"href":"https:\/\/www.miamibeachfl.gov\/pt\/wp-json\/wp\/v2\/pages\/152047\/revisions\/398123"}],"up":[{"embeddable":true,"href":"https:\/\/www.miamibeachfl.gov\/pt\/wp-json\/wp\/v2\/pages\/120936"}],"wp:attachment":[{"href":"https:\/\/www.miamibeachfl.gov\/pt\/wp-json\/wp\/v2\/media?parent=152047"}],"wp:term":[{"taxonomy":"category","embeddable":true,"href":"https:\/\/www.miamibeachfl.gov\/pt\/wp-json\/wp\/v2\/categories?post=152047"},{"taxonomy":"post_tag","embeddable":true,"href":"https:\/\/www.miamibeachfl.gov\/pt\/wp-json\/wp\/v2\/tags?post=152047"}],"curies":[{"name":"wp","href":"https:\/\/api.w.org\/{rel}","templated":true}]}}