{"id":159904,"date":"2021-05-19T10:39:03","date_gmt":"2021-05-19T14:39:03","guid":{"rendered":"http:\/\/www.miamibeachfl.gov\/?page_id=159904"},"modified":"2025-06-02T22:04:01","modified_gmt":"2025-06-03T02:04:01","slug":"june-2021","status":"publish","type":"page","link":"https:\/\/www.miamibeachfl.gov\/pt\/spotlight\/june-2021\/","title":{"rendered":"Destaque de neg\u00f3cios de junho de 2021"},"content":{"rendered":"<h5>\n\t\t<a href=\"https:\/\/www.miamibeachfl.gov\/pt\/mbbiznews\/\" title=\"Assine aqui para receber o boletim de neg\u00f3cios da cidade mensalmente em sua caixa de entrada.\"  target=\"_blank\"  rel=\"noopener\">\n\t\t\tAssine aqui para receber o boletim de neg\u00f3cios da cidade mensalmente em sua caixa de entrada.\t\t<\/a>\n\t<\/h5>\n<h5>\n\t\t<a href=\"https:\/\/myemail.constantcontact.com\/Stay-connected-with-MB-Biz-.html?soid=1011085968389&#038;aid=8VhKWetPOkw\" title=\"Boletim de Neg\u00f3cios\"  target=\"_blank\"  rel=\"noopener\">\n\t\t\tBoletim de Neg\u00f3cios\t\t<\/a>\n\t<\/h5>\n<h3>\n\t\t\tPequenas empresas recebem d\u00f3lares em tempos dif\u00edceis\t<\/h3>\n\t<figure id=\"attachment_162806\" aria-describedby=\"caption-attachment-162806\" style=\"width: 200px\" class=\"wp-caption alignright\"><img loading=\"lazy\" decoding=\"async\" src=\"http:\/\/www.miamibeachfl.gov\/wp-content\/uploads\/2021\/06\/Picture1.png\" alt=\"\" width=\"200\" height=\"266\" \/><figcaption id=\"caption-attachment-162806\" class=\"wp-caption-text\">Uma euf\u00f3rica Aspasia Pappa do Nailed in SoBe revela seu cheque de financiamento.<\/figcaption><\/figure>\n<p>Em 28 de outubro de 2020, a cidade aprovou $600.000 em fundos de subs\u00eddio para o Programa de Subs\u00eddios de Emerg\u00eancia para Pequenas Empresas de Miami Beach para ajudar pequenas empresas afetadas negativamente pela pandemia da COVID-19.<\/p>\n<p>O programa foi lan\u00e7ado em 6 de janeiro de 2021, com a cidade realizando a\u00e7\u00f5es de divulga\u00e7\u00e3o para incentivar pequenas empresas e microempresas qualificadas a solicitar subs\u00eddios de at\u00e9 $20.000 para aluguel, hipoteca, servi\u00e7os p\u00fablicos, folha de pagamento, materiais operacionais e despesas relacionadas \u00e0 COVID-19.<\/p>\n<p>O programa visa auxiliar na reten\u00e7\u00e3o de empresas e na cria\u00e7\u00e3o de empregos para os moradores locais. At\u00e9 o momento, o programa j\u00e1 prestou aux\u00edlio a 15 pequenas empresas e apoiou a contrata\u00e7\u00e3o de 10 moradores de Miami Beach.<\/p>\n<p>Pelo menos 30 empresas receber\u00e3o assist\u00eancia do programa, e ainda h\u00e1 tempo para se inscrever.<\/p>\n<h3>\n\t\t\tNailed Salon mant\u00e9m portas abertas com fundos de subs\u00eddios \t<\/h3>\n\t\t\t\t<img decoding=\"async\" src=\"http:\/\/www.miamibeachfl.gov\/wp-content\/uploads\/2021\/06\/Picture2-1.png\" alt=\"Nailed Salon Keeps Doors Open with Grant Funds  \" itemprop=\"image\" title=\"Imagem 2\" onerror=\"this.style.display='none'\" loading='lazy' \/>\n\t\tNailed Salon mant\u00e9m portas abertas com fundos de subs\u00eddios  \n\t\t\t\t<img decoding=\"async\" src=\"http:\/\/www.miamibeachfl.gov\/wp-content\/uploads\/2021\/06\/Picture3-1.png\" alt=\"A lovely young customer enjoys her first nail salon experience at Nailed.\" itemprop=\"image\" title=\"Imagem 3\" onerror=\"this.style.display='none'\" loading='lazy' \/>\n\t\tUma ador\u00e1vel jovem cliente aproveita sua primeira experi\u00eancia no sal\u00e3o de beleza Nailed.\n\t<p>\u201cSinceramente, sem este programa, acho que n\u00e3o ter\u00edamos conseguido manter nosso neg\u00f3cio vivo\u201d, disse Aspasia Pappa, propriet\u00e1ria do Nailed, um sal\u00e3o de beleza no distrito MXE de Miami Beach. Dada a natureza do seu neg\u00f3cio, um setor de alto n\u00edvel de contato, o maior desafio de Aspasia \u00e9 garantir que as clientes se sintam confort\u00e1veis ao entrar em suas portas.<\/p>\n<p>Com a ajuda do programa de subs\u00eddios, Aspasia conseguiu garantir al\u00edvio financeiro imediato para seu neg\u00f3cio, al\u00e9m de garantir que tinha todo o equipamento de prote\u00e7\u00e3o individual necess\u00e1rio para proporcionar aos seus clientes uma experi\u00eancia segura e agrad\u00e1vel.<\/p>\n<h3>\n\t\t\tO esp\u00edrito comunit\u00e1rio est\u00e1 presente na Abbott Florist\t<\/h3>\n\t\t\t\t<img decoding=\"async\" src=\"http:\/\/www.miamibeachfl.gov\/wp-content\/uploads\/2021\/06\/Picture4.png\" alt=\"Abbott Florist, family owned and operated in North Beach since 1990\" itemprop=\"image\" title=\"Imagem 4\" onerror=\"this.style.display='none'\" loading='lazy' \/>\n\t\tAbbott Florist, empresa familiar em North Beach desde 1990\n\t<p>A Abbott Florist, floricultura familiar e pilar da comunidade de North Beach, conhece muito bem as dificuldades de administrar um neg\u00f3cio baseado na intera\u00e7\u00e3o presencial. Fundada em 1990, Raul Encio e sua filha Romina Orozco-Encio afirmaram que a parte mais dif\u00edcil de administrar um neg\u00f3cio durante uma pandemia era o fato de n\u00e3o haver tr\u00e1fego tur\u00edstico em Miami Beach, um dos fatores que levaram Miami Beach a se tornar seu lar.<\/p>\n<p>\u201cDecidimos abrir um neg\u00f3cio em Miami Beach por causa de sua comunidade familiar, diversidade cultural e popularidade como destino tur\u00edstico. Um bairro repleto de hot\u00e9is, resorts e espa\u00e7os para eventos \u00e9 perfeito para o nosso tipo de setor\u201d, afirmou Romina.<\/p>\n<p>Devido \u00e0s restri\u00e7\u00f5es da COVID-19, a Abbott Florist viu uma redu\u00e7\u00e3o de 80% na receita.<\/p>\n<p>\u201cO maior desafio foi manter nossa loja aberta e funcionando. T\u00ednhamos onze eventos agendados de mar\u00e7o a outubro de 2020, para os quais precis\u00e1vamos reembolsar integralmente nossos clientes. Dependemos muito de casamentos e eventos corporativos, ent\u00e3o n\u00e3o ter essa receita foi devastador para nossa opera\u00e7\u00e3o\u201d, disse Romina.<\/p>\n<p>Com a ajuda do Programa de Reembolso de Despesas Emergenciais para Pequenas Empresas da Cidade, Raul e sua fam\u00edlia conseguiram receber $20.000 para reembolsar despesas comerciais como uma ponte para manter a loja funcionando at\u00e9 o retorno da alta temporada.<\/p>\n\t\t\t\t<img decoding=\"async\" src=\"http:\/\/www.miamibeachfl.gov\/wp-content\/uploads\/2021\/06\/Picture6.png\" alt=\"Romina Orozco-Encio with flower arrangements and gifts customers can buy or send to loved ones.\" itemprop=\"image\" title=\"Imagem 6\" onerror=\"this.style.display='none'\" loading='lazy' \/>\n\t\tRomina Orozco-Encio com arranjos de flores e presentes que os clientes podem comprar ou enviar para seus entes queridos.\n\t<p>Agora que a cidade fez a transi\u00e7\u00e3o para a reabertura, formaturas, casamentos e outros eventos sociais retornaram, os neg\u00f3cios voltaram a crescer rapidamente. Este programa foi a melhor coisa que nos aconteceu durante a pandemia, pois nos deu tempo, e por isso somos extremamente gratos \u00e0 cidade de Miami Beach e ao Departamento de Desenvolvimento Econ\u00f4mico&quot;, disse Romina.<\/p>\n\t\t\t\t<img decoding=\"async\" src=\"http:\/\/www.miamibeachfl.gov\/wp-content\/uploads\/2021\/06\/Picture1wer.png\" alt=\"Picture1wer\" itemprop=\"image\" title=\"Picture1wer\" onerror=\"this.style.display='none'\" loading='lazy' \/>\n\t\t\t\t<img decoding=\"async\" src=\"http:\/\/www.miamibeachfl.gov\/wp-content\/uploads\/2021\/06\/Picture1wwer.png\" alt=\"Picture1wwer\" itemprop=\"image\" title=\"Picture1wwer\" onerror=\"this.style.display='none'\" loading='lazy' \/>\n\t<p>Quando perguntados sobre que conselho dariam \u00e0s empresas locais de Miami Beach interessadas em se candidatar, Aspasia respondeu: &quot;N\u00e3o se deixem intimidar pelo processo de candidatura! Este \u00e9, sem d\u00favida, o melhor programa dispon\u00edvel para a nossa comunidade de pequenas empresas locais, mas o mais importante \u00e9 que as pessoas por tr\u00e1s dele s\u00e3o as mais gentis, diligentes e prestativas que existem&quot;, agradeceu Aspasia.<\/p>\n<p>O subs\u00eddio est\u00e1 sendo administrado e concedido por ordem de chegada, por meio de inscri\u00e7\u00e3o online. Para se qualificar, os empres\u00e1rios devem ter renda baixa a moderada ou contratar e manter um residente de Miami Beach com renda baixa a moderada.<\/p>\n<p>Os propriet\u00e1rios de empresas que desejam se candidatar devem visitar <a href=\"https:\/\/miamibeachfl.gosmart.org\"><strong>miamibeachfl.gosmart.org<\/strong><\/a> para revisar as diretrizes do programa e fazer login ou criar um novo perfil para visualizar a inscri\u00e7\u00e3o. As inscri\u00e7\u00f5es permanecer\u00e3o abertas at\u00e9 31 de julho de 2021.<\/p>\n<p>Pequenas empresas qualificadas s\u00e3o incentivadas a se inscrever agora \u2013 n\u00e3o perca a chance de receber esse grande benef\u00edcio para empresas de Miami Beach!<\/p>\n<p>Se os propriet\u00e1rios de pequenas empresas locais precisarem de ajuda com o processo de inscri\u00e7\u00e3o ou tiverem d\u00favidas sobre o programa, entre em contato com Michael Rivera do Departamento de Desenvolvimento Econ\u00f4mico em <strong><a href=\"mailto:michaelrivera@miamibeachfl.gov\">michaelrivera@miamibeachfl.gov<\/a><\/strong> para maiores informa\u00e7\u00f5es.<\/p>","protected":false},"excerpt":{"rendered":"<p>Subscribe here to receive the City&#8217;s business newsletter to your inbox monthly. Business Newsletter Small Businesses Granted Dollars During Trying [&hellip;]<\/p>\n","protected":false},"author":222,"featured_media":0,"parent":253255,"menu_order":0,"comment_status":"closed","ping_status":"closed","template":"","meta":{"_searchwp_excluded":"","site-sidebar-layout":"default","site-content-layout":"","ast-site-content-layout":"default","site-content-style":"default","site-sidebar-style":"default","ast-global-header-display":"","ast-banner-title-visibility":"","ast-main-header-display":"","ast-hfb-above-header-display":"","ast-hfb-below-header-display":"","ast-hfb-mobile-header-display":"","site-post-title":"","ast-breadcrumbs-content":"","ast-featured-img":"","footer-sml-layout":"","theme-transparent-header-meta":"","adv-header-id-meta":"","stick-header-meta":"","header-above-stick-meta":"","header-main-stick-meta":"","header-below-stick-meta":"","astra-migrate-meta-layouts":"default","ast-page-background-enabled":"default","ast-page-background-meta":{"desktop":{"background-color":"var(--ast-global-color-5)","background-image":"","background-repeat":"repeat","background-position":"center center","background-size":"auto","background-attachment":"scroll","background-type":"","background-media":"","overlay-type":"","overlay-color":"","overlay-opacity":"","overlay-gradient":""},"tablet":{"background-color":"","background-image":"","background-repeat":"repeat","background-position":"center center","background-size":"auto","background-attachment":"scroll","background-type":"","background-media":"","overlay-type":"","overlay-color":"","overlay-opacity":"","overlay-gradient":""},"mobile":{"background-color":"","background-image":"","background-repeat":"repeat","background-position":"center center","background-size":"auto","background-attachment":"scroll","background-type":"","background-media":"","overlay-type":"","overlay-color":"","overlay-opacity":"","overlay-gradient":""}},"ast-content-background-meta":{"desktop":{"background-color":"var(--ast-global-color-4)","background-image":"","background-repeat":"repeat","background-position":"center center","background-size":"auto","background-attachment":"scroll","background-type":"","background-media":"","overlay-type":"","overlay-color":"","overlay-opacity":"","overlay-gradient":""},"tablet":{"background-color":"var(--ast-global-color-4)","background-image":"","background-repeat":"repeat","background-position":"center center","background-size":"auto","background-attachment":"scroll","background-type":"","background-media":"","overlay-type":"","overlay-color":"","overlay-opacity":"","overlay-gradient":""},"mobile":{"background-color":"var(--ast-global-color-4)","background-image":"","background-repeat":"repeat","background-position":"center center","background-size":"auto","background-attachment":"scroll","background-type":"","background-media":"","overlay-type":"","overlay-color":"","overlay-opacity":"","overlay-gradient":""}},"footnotes":""},"categories":[],"tags":[],"class_list":["post-159904","page","type-page","status-publish","hentry"],"yoast_head":"<!-- This site is optimized with the Yoast SEO Premium plugin v27.4 (Yoast SEO v27.4) - https:\/\/yoast.com\/product\/yoast-seo-premium-wordpress\/ -->\n<title>June 2021 Business Spotlight - City of Miami Beach<\/title>\n<meta name=\"description\" content=\"%\" \/>\n<meta name=\"robots\" content=\"index, follow, max-snippet:-1, max-image-preview:large, max-video-preview:-1\" \/>\n<link rel=\"canonical\" href=\"https:\/\/www.miamibeachfl.gov\/pt\/spotlight\/june-2021\/\" \/>\n<meta property=\"og:locale\" content=\"pt_BR\" \/>\n<meta property=\"og:type\" content=\"article\" \/>\n<meta property=\"og:title\" content=\"June 2021 Business Spotlight\" \/>\n<meta property=\"og:description\" content=\"%\" \/>\n<meta property=\"og:url\" content=\"https:\/\/www.miamibeachfl.gov\/pt\/spotlight\/june-2021\/\" \/>\n<meta property=\"og:site_name\" content=\"City of Miami Beach\" \/>\n<meta property=\"article:publisher\" content=\"https:\/\/www.facebook.com\/cityofmiamibeach\" \/>\n<meta property=\"article:modified_time\" content=\"2025-06-03T02:04:01+00:00\" \/>\n<meta property=\"og:image\" content=\"http:\/\/www.miamibeachfl.gov\/wp-content\/uploads\/2021\/06\/Picture1.png\" \/>\n<meta name=\"twitter:card\" content=\"summary_large_image\" \/>\n<meta name=\"twitter:site\" content=\"@Miamibeachnews\" \/>\n<script type=\"application\/ld+json\" class=\"yoast-schema-graph\">{\"@context\":\"https:\\\/\\\/schema.org\",\"@graph\":[{\"@type\":\"WebPage\",\"@id\":\"https:\\\/\\\/www.miamibeachfl.gov\\\/spotlight\\\/june-2021\\\/\",\"url\":\"https:\\\/\\\/www.miamibeachfl.gov\\\/spotlight\\\/june-2021\\\/\",\"name\":\"June 2021 Business Spotlight - City of Miami Beach\",\"isPartOf\":{\"@id\":\"https:\\\/\\\/www.miamibeachfl.gov\\\/#website\"},\"primaryImageOfPage\":{\"@id\":\"https:\\\/\\\/www.miamibeachfl.gov\\\/spotlight\\\/june-2021\\\/#primaryimage\"},\"image\":{\"@id\":\"https:\\\/\\\/www.miamibeachfl.gov\\\/spotlight\\\/june-2021\\\/#primaryimage\"},\"thumbnailUrl\":\"http:\\\/\\\/www.miamibeachfl.gov\\\/wp-content\\\/uploads\\\/2021\\\/06\\\/Picture1.png\",\"datePublished\":\"2021-05-19T14:39:03+00:00\",\"dateModified\":\"2025-06-03T02:04:01+00:00\",\"description\":\"%\",\"breadcrumb\":{\"@id\":\"https:\\\/\\\/www.miamibeachfl.gov\\\/spotlight\\\/june-2021\\\/#breadcrumb\"},\"inLanguage\":\"pt-BR\",\"potentialAction\":[{\"@type\":\"ReadAction\",\"target\":[\"https:\\\/\\\/www.miamibeachfl.gov\\\/spotlight\\\/june-2021\\\/\"]}]},{\"@type\":\"ImageObject\",\"inLanguage\":\"pt-BR\",\"@id\":\"https:\\\/\\\/www.miamibeachfl.gov\\\/spotlight\\\/june-2021\\\/#primaryimage\",\"url\":\"http:\\\/\\\/www.miamibeachfl.gov\\\/wp-content\\\/uploads\\\/2021\\\/06\\\/Picture1.png\",\"contentUrl\":\"http:\\\/\\\/www.miamibeachfl.gov\\\/wp-content\\\/uploads\\\/2021\\\/06\\\/Picture1.png\"},{\"@type\":\"BreadcrumbList\",\"@id\":\"https:\\\/\\\/www.miamibeachfl.gov\\\/spotlight\\\/june-2021\\\/#breadcrumb\",\"itemListElement\":[{\"@type\":\"ListItem\",\"position\":1,\"name\":\"Home\",\"item\":\"https:\\\/\\\/www.miamibeachfl.gov\\\/\"},{\"@type\":\"ListItem\",\"position\":2,\"name\":\"Business Newsletters and Spotlights\",\"item\":\"https:\\\/\\\/www.miamibeachfl.gov\\\/spotlight\\\/\"},{\"@type\":\"ListItem\",\"position\":3,\"name\":\"June 2021 Business Spotlight\"}]},{\"@type\":\"WebSite\",\"@id\":\"https:\\\/\\\/www.miamibeachfl.gov\\\/#website\",\"url\":\"https:\\\/\\\/www.miamibeachfl.gov\\\/\",\"name\":\"City of Miami Beach\",\"description\":\"The official website of the City of Miami Beach. Stay informed, find important information on city services, news, alerts, events, trolley routes, government employment and more.\",\"publisher\":{\"@id\":\"https:\\\/\\\/www.miamibeachfl.gov\\\/#organization\"},\"potentialAction\":[{\"@type\":\"SearchAction\",\"target\":{\"@type\":\"EntryPoint\",\"urlTemplate\":\"https:\\\/\\\/www.miamibeachfl.gov\\\/?s={search_term_string}\"},\"query-input\":{\"@type\":\"PropertyValueSpecification\",\"valueRequired\":true,\"valueName\":\"search_term_string\"}}],\"inLanguage\":\"pt-BR\"},{\"@type\":\"Organization\",\"@id\":\"https:\\\/\\\/www.miamibeachfl.gov\\\/#organization\",\"name\":\"City of Miami Beach\",\"url\":\"https:\\\/\\\/www.miamibeachfl.gov\\\/\",\"logo\":{\"@type\":\"ImageObject\",\"inLanguage\":\"pt-BR\",\"@id\":\"https:\\\/\\\/www.miamibeachfl.gov\\\/#\\\/schema\\\/logo\\\/image\\\/\",\"url\":\"https:\\\/\\\/www.miamibeachfl.gov\\\/wp-content\\\/uploads\\\/2022\\\/06\\\/miamibeach-logoblue.png\",\"contentUrl\":\"https:\\\/\\\/www.miamibeachfl.gov\\\/wp-content\\\/uploads\\\/2022\\\/06\\\/miamibeach-logoblue.png\",\"width\":1962,\"height\":381,\"caption\":\"City of Miami Beach\"},\"image\":{\"@id\":\"https:\\\/\\\/www.miamibeachfl.gov\\\/#\\\/schema\\\/logo\\\/image\\\/\"},\"sameAs\":[\"https:\\\/\\\/www.facebook.com\\\/cityofmiamibeach\",\"https:\\\/\\\/x.com\\\/Miamibeachnews\",\"https:\\\/\\\/www.instagram.com\\\/miamibeachnews\\\/\"],\"description\":\"The official website of the City of Miami Beach. Stay informed, find important information on city services, news, alerts, events, trolley routes, government employment and more.\",\"telephone\":\"305.604.CITY(2489)\",\"legalName\":\"City of Miami Beach\"}]}<\/script>\n<!-- \/ Yoast SEO Premium plugin. -->","yoast_head_json":{"title":"Destaque de neg\u00f3cios de junho de 2021 - Cidade de Miami Beach","description":"%","robots":{"index":"index","follow":"follow","max-snippet":"max-snippet:-1","max-image-preview":"max-image-preview:large","max-video-preview":"max-video-preview:-1"},"canonical":"https:\/\/www.miamibeachfl.gov\/pt\/spotlight\/june-2021\/","og_locale":"pt_BR","og_type":"article","og_title":"June 2021 Business Spotlight","og_description":"%","og_url":"https:\/\/www.miamibeachfl.gov\/pt\/spotlight\/june-2021\/","og_site_name":"City of Miami Beach","article_publisher":"https:\/\/www.facebook.com\/cityofmiamibeach","article_modified_time":"2025-06-03T02:04:01+00:00","og_image":[{"url":"http:\/\/www.miamibeachfl.gov\/wp-content\/uploads\/2021\/06\/Picture1.png","type":"","width":"","height":""}],"twitter_card":"summary_large_image","twitter_site":"@Miamibeachnews","schema":{"@context":"https:\/\/schema.org","@graph":[{"@type":"WebPage","@id":"https:\/\/www.miamibeachfl.gov\/spotlight\/june-2021\/","url":"https:\/\/www.miamibeachfl.gov\/spotlight\/june-2021\/","name":"Destaque de neg\u00f3cios de junho de 2021 - Cidade de Miami Beach","isPartOf":{"@id":"https:\/\/www.miamibeachfl.gov\/#website"},"primaryImageOfPage":{"@id":"https:\/\/www.miamibeachfl.gov\/spotlight\/june-2021\/#primaryimage"},"image":{"@id":"https:\/\/www.miamibeachfl.gov\/spotlight\/june-2021\/#primaryimage"},"thumbnailUrl":"http:\/\/www.miamibeachfl.gov\/wp-content\/uploads\/2021\/06\/Picture1.png","datePublished":"2021-05-19T14:39:03+00:00","dateModified":"2025-06-03T02:04:01+00:00","description":"%","breadcrumb":{"@id":"https:\/\/www.miamibeachfl.gov\/spotlight\/june-2021\/#breadcrumb"},"inLanguage":"pt-BR","potentialAction":[{"@type":"ReadAction","target":["https:\/\/www.miamibeachfl.gov\/spotlight\/june-2021\/"]}]},{"@type":"ImageObject","inLanguage":"pt-BR","@id":"https:\/\/www.miamibeachfl.gov\/spotlight\/june-2021\/#primaryimage","url":"http:\/\/www.miamibeachfl.gov\/wp-content\/uploads\/2021\/06\/Picture1.png","contentUrl":"http:\/\/www.miamibeachfl.gov\/wp-content\/uploads\/2021\/06\/Picture1.png"},{"@type":"BreadcrumbList","@id":"https:\/\/www.miamibeachfl.gov\/spotlight\/june-2021\/#breadcrumb","itemListElement":[{"@type":"ListItem","position":1,"name":"Home","item":"https:\/\/www.miamibeachfl.gov\/"},{"@type":"ListItem","position":2,"name":"Business Newsletters and Spotlights","item":"https:\/\/www.miamibeachfl.gov\/spotlight\/"},{"@type":"ListItem","position":3,"name":"June 2021 Business Spotlight"}]},{"@type":"WebSite","@id":"https:\/\/www.miamibeachfl.gov\/#website","url":"https:\/\/www.miamibeachfl.gov\/","name":"Cidade de Miami Beach","description":"Site oficial da cidade de Miami Beach. Mantenha-se informado e encontre informa\u00e7\u00f5es importantes sobre servi\u00e7os municipais, not\u00edcias, alertas, eventos, rotas de bonde, empregos p\u00fablicos e muito mais.","publisher":{"@id":"https:\/\/www.miamibeachfl.gov\/#organization"},"potentialAction":[{"@type":"SearchAction","target":{"@type":"EntryPoint","urlTemplate":"https:\/\/www.miamibeachfl.gov\/?s={search_term_string}"},"query-input":{"@type":"PropertyValueSpecification","valueRequired":true,"valueName":"search_term_string"}}],"inLanguage":"pt-BR"},{"@type":"Organization","@id":"https:\/\/www.miamibeachfl.gov\/#organization","name":"Cidade de Miami Beach","url":"https:\/\/www.miamibeachfl.gov\/","logo":{"@type":"ImageObject","inLanguage":"pt-BR","@id":"https:\/\/www.miamibeachfl.gov\/#\/schema\/logo\/image\/","url":"https:\/\/www.miamibeachfl.gov\/wp-content\/uploads\/2022\/06\/miamibeach-logoblue.png","contentUrl":"https:\/\/www.miamibeachfl.gov\/wp-content\/uploads\/2022\/06\/miamibeach-logoblue.png","width":1962,"height":381,"caption":"City of Miami Beach"},"image":{"@id":"https:\/\/www.miamibeachfl.gov\/#\/schema\/logo\/image\/"},"sameAs":["https:\/\/www.facebook.com\/cityofmiamibeach","https:\/\/x.com\/Miamibeachnews","https:\/\/www.instagram.com\/miamibeachnews\/"],"description":"Site oficial da cidade de Miami Beach. Mantenha-se informado e encontre informa\u00e7\u00f5es importantes sobre servi\u00e7os municipais, not\u00edcias, alertas, eventos, rotas de bonde, empregos p\u00fablicos e muito mais.","telephone":"305.604.CITY(2489)","legalName":"City of Miami Beach"}]}},"_links":{"self":[{"href":"https:\/\/www.miamibeachfl.gov\/pt\/wp-json\/wp\/v2\/pages\/159904","targetHints":{"allow":["GET"]}}],"collection":[{"href":"https:\/\/www.miamibeachfl.gov\/pt\/wp-json\/wp\/v2\/pages"}],"about":[{"href":"https:\/\/www.miamibeachfl.gov\/pt\/wp-json\/wp\/v2\/types\/page"}],"author":[{"embeddable":true,"href":"https:\/\/www.miamibeachfl.gov\/pt\/wp-json\/wp\/v2\/users\/222"}],"replies":[{"embeddable":true,"href":"https:\/\/www.miamibeachfl.gov\/pt\/wp-json\/wp\/v2\/comments?post=159904"}],"version-history":[{"count":1,"href":"https:\/\/www.miamibeachfl.gov\/pt\/wp-json\/wp\/v2\/pages\/159904\/revisions"}],"predecessor-version":[{"id":375062,"href":"https:\/\/www.miamibeachfl.gov\/pt\/wp-json\/wp\/v2\/pages\/159904\/revisions\/375062"}],"up":[{"embeddable":true,"href":"https:\/\/www.miamibeachfl.gov\/pt\/wp-json\/wp\/v2\/pages\/253255"}],"wp:attachment":[{"href":"https:\/\/www.miamibeachfl.gov\/pt\/wp-json\/wp\/v2\/media?parent=159904"}],"wp:term":[{"taxonomy":"category","embeddable":true,"href":"https:\/\/www.miamibeachfl.gov\/pt\/wp-json\/wp\/v2\/categories?post=159904"},{"taxonomy":"post_tag","embeddable":true,"href":"https:\/\/www.miamibeachfl.gov\/pt\/wp-json\/wp\/v2\/tags?post=159904"}],"curies":[{"name":"wp","href":"https:\/\/api.w.org\/{rel}","templated":true}]}}