{"id":168376,"date":"2021-09-14T09:43:04","date_gmt":"2021-09-14T13:43:04","guid":{"rendered":"http:\/\/www.miamibeachfl.gov\/?page_id=168376"},"modified":"2025-06-02T22:20:45","modified_gmt":"2025-06-03T02:20:45","slug":"september-2021","status":"publish","type":"page","link":"https:\/\/www.miamibeachfl.gov\/pt\/spotlight\/september-2021\/","title":{"rendered":"Destaque de neg\u00f3cios de setembro de 2021"},"content":{"rendered":"<h5>\n\t\t<a href=\"https:\/\/www.miamibeachfl.gov\/pt\/mbbiznews\/\" title=\"Assine aqui para receber o boletim de neg\u00f3cios da cidade mensalmente em sua caixa de entrada.\"  target=\"_blank\"  rel=\"noopener\">\n\t\t\tAssine aqui para receber o boletim de neg\u00f3cios da cidade mensalmente em sua caixa de entrada.\t\t<\/a>\n\t<\/h5>\n<h5>\n\t\t<a href=\"https:\/\/myemail.constantcontact.com\/Stay-connected-with-MB-Biz-.html?soid=1011085968389&#038;aid=cVxYmUkU7IM\" title=\"Boletim de Neg\u00f3cios\"  target=\"_blank\"  rel=\"noopener\">\n\t\t\tBoletim de Neg\u00f3cios\t\t<\/a>\n\t<\/h5>\n<h3>\n\t\t\tFornecendo al\u00edvio em um restaurante de cada vez\t<\/h3>\n\t<p>Embora os restaurantes de Miami Beach tenham sido autorizados a permanecer abertos com capacidade limitada durante a pandemia, as \u00e1reas de refei\u00e7\u00f5es internas foram fechadas temporariamente, limitando assim as refei\u00e7\u00f5es presenciais em meio ao distanciamento social e \u00e0s restri\u00e7\u00f5es sanit\u00e1rias. Essas precau\u00e7\u00f5es contra o coronav\u00edrus (COVID-19) impactaram severamente os modelos de neg\u00f3cios do setor de restaurantes locais da cidade.<\/p>\n<p>Com muitos restaurantes adotando modelos de retirada e entrega para manter clientes e funcion\u00e1rios seguros, as taxas de servi\u00e7os terceirizados dispararam. Os empres\u00e1rios rapidamente perceberam que as taxas de entrega terceirizadas podem chegar a 30% do valor da venda. Com os restaurantes locais j\u00e1 operando com margens apertadas, a pandemia cobrou seu pre\u00e7o.<\/p>\n\t\t\t\t<img decoding=\"async\" src=\"http:\/\/www.miamibeachfl.gov\/wp-content\/uploads\/2021\/09\/Cheeseburger-Baby.jpg\" alt=\"Cheeseburger Baby\" itemprop=\"image\" title=\"Cheeseburger Baby\" onerror=\"this.style.display='none'\" loading='lazy' \/>\n\t<p><em>O Cheeseburger Baby, localizado na 1505 Washington Ave., recebeu $1.000 por meio do Programa de Subs\u00eddios para Restaurantes de Miami Beach<\/em><\/p>\n\t<p>A Prefeitura de Miami Beach agiu rapidamente para ajudar. Em 28 de outubro de 2020, o prefeito e a Comiss\u00e3o Municipal de Miami Beach votaram por unanimidade pela aloca\u00e7\u00e3o de $60.000 em subs\u00eddios para restaurantes familiares em dificuldades. De acordo com o programa municipal, cada restaurante eleg\u00edvel pode receber at\u00e9 $1.000 como reembolso de taxas de servi\u00e7o de entrega de aplicativos de terceiros, como Uber Eats, Grubhub, DoorDash e Postmates, entre outros. Somente taxas incorridas entre 12 de mar\u00e7o de 2020 e 31 de outubro de 2020 s\u00e3o eleg\u00edveis para reembolso.<\/p>\n<p>At\u00e9 o momento, o Departamento de Desenvolvimento Econ\u00f4mico reembolsou $25.706,64 em taxas de entrega para 26 restaurantes locais. Os donos de restaurantes s\u00e3o incentivados a <strong>inscreva-se agora enquanto ainda h\u00e1 fundos dispon\u00edveis.<\/strong><\/p>\n\t\t\t\t<img decoding=\"async\" src=\"http:\/\/www.miamibeachfl.gov\/wp-content\/uploads\/2021\/09\/Miami-N-Ice.jpg\" alt=\"Miami N Ice\" itemprop=\"image\" title=\"Miami N Ice\" onerror=\"this.style.display='none'\" loading='lazy' \/>\n\t\t\t\t<img decoding=\"async\" src=\"http:\/\/www.miamibeachfl.gov\/wp-content\/uploads\/2021\/09\/Dulce-Vida-1.jpg\" alt=\"Dulce Vida\" itemprop=\"image\" title=\"Dulce Vida\" onerror=\"this.style.display='none'\" loading='lazy' \/>\n\t<p><em>Quem disse que sorvete e tacos n\u00e3o combinam? O Miami &#039;N&#039; Ice e o restaurante mexicano Dulce Vida receberam subs\u00eddios em South Beach.<\/em><\/p>\n\t<p>O Programa de Subs\u00eddios para Restaurantes de Miami Beach est\u00e1 aberto a restaurantes da cidade que n\u00e3o fa\u00e7am parte de uma rede ou franquia. Food trucks, restaurantes pop-up, carrinhos, restaurantes dentro de hot\u00e9is, casas noturnas, bares sem restaurante e empresas que trabalham em domic\u00edlio n\u00e3o s\u00e3o eleg\u00edveis para se candidatar. Os restaurantes participantes n\u00e3o podem ter nenhuma viola\u00e7\u00e3o de c\u00f3digo pendente, penhoras ou lit\u00edgios pendentes com a cidade.<\/p>\n\t\t\t\t<img decoding=\"async\" src=\"http:\/\/www.miamibeachfl.gov\/wp-content\/uploads\/2021\/09\/Stephanie-Vitori.png\" alt=\"Stephanie Vitori\" itemprop=\"image\" title=\"Stephanie Vitori\" onerror=\"this.style.display='none'\" loading='lazy' \/>\n\t<p><em>Stephanie Vitori, dona do Cheeseburger Baby, trabalha duro para servir a comunidade local. <\/em><\/p>\n\t<p>As inscri\u00e7\u00f5es s\u00e3o aceitas online. O valor da bolsa \u00e9 administrado e concedido por ordem de chegada. Os candidatos interessados devem visitar <strong><a href=\"https:\/\/miamibeachfl.gosmart.org\/\">miamibeachfl.gosmart.org<\/a><\/strong> para revisar as diretrizes do programa e enviar sua inscri\u00e7\u00e3o. <strong>O programa permanecer\u00e1 aberto at\u00e9 que todos os fundos se esgotem ou at\u00e9 30 de setembro de 2021, o que ocorrer primeiro.<\/strong><\/p>\n<p>Ajude a divulgar a iniciativa na nossa comunidade de restaurantes locais. Para mais informa\u00e7\u00f5es, entre em contato com o Departamento de Desenvolvimento Econ\u00f4mico da Cidade de Miami Beach pelo telefone <strong><a href=\"mailto:mbbiz@miamibeachfl.gov\">mbbiz@miamibeachfl.gov<\/a>.<\/strong><\/p>","protected":false},"excerpt":{"rendered":"<p>Subscribe here to receive the City&#8217;s business newsletter to your inbox monthly. Business Newsletter Delivering Relief One Restaurant at a [&hellip;]<\/p>\n","protected":false},"author":222,"featured_media":0,"parent":253255,"menu_order":0,"comment_status":"closed","ping_status":"closed","template":"","meta":{"_searchwp_excluded":"","site-sidebar-layout":"default","site-content-layout":"","ast-site-content-layout":"default","site-content-style":"default","site-sidebar-style":"default","ast-global-header-display":"","ast-banner-title-visibility":"","ast-main-header-display":"","ast-hfb-above-header-display":"","ast-hfb-below-header-display":"","ast-hfb-mobile-header-display":"","site-post-title":"","ast-breadcrumbs-content":"","ast-featured-img":"","footer-sml-layout":"","theme-transparent-header-meta":"","adv-header-id-meta":"","stick-header-meta":"","header-above-stick-meta":"","header-main-stick-meta":"","header-below-stick-meta":"","astra-migrate-meta-layouts":"default","ast-page-background-enabled":"default","ast-page-background-meta":{"desktop":{"background-color":"var(--ast-global-color-5)","background-image":"","background-repeat":"repeat","background-position":"center center","background-size":"auto","background-attachment":"scroll","background-type":"","background-media":"","overlay-type":"","overlay-color":"","overlay-opacity":"","overlay-gradient":""},"tablet":{"background-color":"","background-image":"","background-repeat":"repeat","background-position":"center center","background-size":"auto","background-attachment":"scroll","background-type":"","background-media":"","overlay-type":"","overlay-color":"","overlay-opacity":"","overlay-gradient":""},"mobile":{"background-color":"","background-image":"","background-repeat":"repeat","background-position":"center center","background-size":"auto","background-attachment":"scroll","background-type":"","background-media":"","overlay-type":"","overlay-color":"","overlay-opacity":"","overlay-gradient":""}},"ast-content-background-meta":{"desktop":{"background-color":"var(--ast-global-color-4)","background-image":"","background-repeat":"repeat","background-position":"center center","background-size":"auto","background-attachment":"scroll","background-type":"","background-media":"","overlay-type":"","overlay-color":"","overlay-opacity":"","overlay-gradient":""},"tablet":{"background-color":"var(--ast-global-color-4)","background-image":"","background-repeat":"repeat","background-position":"center center","background-size":"auto","background-attachment":"scroll","background-type":"","background-media":"","overlay-type":"","overlay-color":"","overlay-opacity":"","overlay-gradient":""},"mobile":{"background-color":"var(--ast-global-color-4)","background-image":"","background-repeat":"repeat","background-position":"center center","background-size":"auto","background-attachment":"scroll","background-type":"","background-media":"","overlay-type":"","overlay-color":"","overlay-opacity":"","overlay-gradient":""}},"footnotes":""},"categories":[],"tags":[],"class_list":["post-168376","page","type-page","status-publish","hentry"],"yoast_head":"<!-- This site is optimized with the Yoast SEO Premium plugin v27.4 (Yoast SEO v27.4) - https:\/\/yoast.com\/product\/yoast-seo-premium-wordpress\/ -->\n<title>September 2021 Business Spotlight - City of Miami Beach<\/title>\n<meta name=\"description\" content=\"%\" \/>\n<meta name=\"robots\" content=\"index, follow, max-snippet:-1, max-image-preview:large, max-video-preview:-1\" \/>\n<link rel=\"canonical\" href=\"https:\/\/www.miamibeachfl.gov\/pt\/spotlight\/september-2021\/\" \/>\n<meta property=\"og:locale\" content=\"pt_BR\" \/>\n<meta property=\"og:type\" content=\"article\" \/>\n<meta property=\"og:title\" content=\"September 2021 Business Spotlight\" \/>\n<meta property=\"og:description\" content=\"%\" \/>\n<meta property=\"og:url\" content=\"https:\/\/www.miamibeachfl.gov\/pt\/spotlight\/september-2021\/\" \/>\n<meta property=\"og:site_name\" content=\"City of Miami Beach\" \/>\n<meta property=\"article:publisher\" content=\"https:\/\/www.facebook.com\/cityofmiamibeach\" \/>\n<meta property=\"article:modified_time\" content=\"2025-06-03T02:20:45+00:00\" \/>\n<meta property=\"og:image\" content=\"http:\/\/www.miamibeachfl.gov\/wp-content\/uploads\/2021\/09\/Cheeseburger-Baby.jpg\" \/>\n<meta name=\"twitter:card\" content=\"summary_large_image\" \/>\n<meta name=\"twitter:site\" content=\"@Miamibeachnews\" \/>\n<script type=\"application\/ld+json\" class=\"yoast-schema-graph\">{\"@context\":\"https:\\\/\\\/schema.org\",\"@graph\":[{\"@type\":\"WebPage\",\"@id\":\"https:\\\/\\\/www.miamibeachfl.gov\\\/spotlight\\\/september-2021\\\/\",\"url\":\"https:\\\/\\\/www.miamibeachfl.gov\\\/spotlight\\\/september-2021\\\/\",\"name\":\"September 2021 Business Spotlight - City of Miami Beach\",\"isPartOf\":{\"@id\":\"https:\\\/\\\/www.miamibeachfl.gov\\\/#website\"},\"primaryImageOfPage\":{\"@id\":\"https:\\\/\\\/www.miamibeachfl.gov\\\/spotlight\\\/september-2021\\\/#primaryimage\"},\"image\":{\"@id\":\"https:\\\/\\\/www.miamibeachfl.gov\\\/spotlight\\\/september-2021\\\/#primaryimage\"},\"thumbnailUrl\":\"http:\\\/\\\/www.miamibeachfl.gov\\\/wp-content\\\/uploads\\\/2021\\\/09\\\/Cheeseburger-Baby.jpg\",\"datePublished\":\"2021-09-14T13:43:04+00:00\",\"dateModified\":\"2025-06-03T02:20:45+00:00\",\"description\":\"%\",\"breadcrumb\":{\"@id\":\"https:\\\/\\\/www.miamibeachfl.gov\\\/spotlight\\\/september-2021\\\/#breadcrumb\"},\"inLanguage\":\"pt-BR\",\"potentialAction\":[{\"@type\":\"ReadAction\",\"target\":[\"https:\\\/\\\/www.miamibeachfl.gov\\\/spotlight\\\/september-2021\\\/\"]}]},{\"@type\":\"ImageObject\",\"inLanguage\":\"pt-BR\",\"@id\":\"https:\\\/\\\/www.miamibeachfl.gov\\\/spotlight\\\/september-2021\\\/#primaryimage\",\"url\":\"http:\\\/\\\/www.miamibeachfl.gov\\\/wp-content\\\/uploads\\\/2021\\\/09\\\/Cheeseburger-Baby.jpg\",\"contentUrl\":\"http:\\\/\\\/www.miamibeachfl.gov\\\/wp-content\\\/uploads\\\/2021\\\/09\\\/Cheeseburger-Baby.jpg\"},{\"@type\":\"BreadcrumbList\",\"@id\":\"https:\\\/\\\/www.miamibeachfl.gov\\\/spotlight\\\/september-2021\\\/#breadcrumb\",\"itemListElement\":[{\"@type\":\"ListItem\",\"position\":1,\"name\":\"Home\",\"item\":\"https:\\\/\\\/www.miamibeachfl.gov\\\/\"},{\"@type\":\"ListItem\",\"position\":2,\"name\":\"Business Newsletters and Spotlights\",\"item\":\"https:\\\/\\\/www.miamibeachfl.gov\\\/spotlight\\\/\"},{\"@type\":\"ListItem\",\"position\":3,\"name\":\"September 2021 Business Spotlight\"}]},{\"@type\":\"WebSite\",\"@id\":\"https:\\\/\\\/www.miamibeachfl.gov\\\/#website\",\"url\":\"https:\\\/\\\/www.miamibeachfl.gov\\\/\",\"name\":\"City of Miami Beach\",\"description\":\"The official website of the City of Miami Beach. Stay informed, find important information on city services, news, alerts, events, trolley routes, government employment and more.\",\"publisher\":{\"@id\":\"https:\\\/\\\/www.miamibeachfl.gov\\\/#organization\"},\"potentialAction\":[{\"@type\":\"SearchAction\",\"target\":{\"@type\":\"EntryPoint\",\"urlTemplate\":\"https:\\\/\\\/www.miamibeachfl.gov\\\/?s={search_term_string}\"},\"query-input\":{\"@type\":\"PropertyValueSpecification\",\"valueRequired\":true,\"valueName\":\"search_term_string\"}}],\"inLanguage\":\"pt-BR\"},{\"@type\":\"Organization\",\"@id\":\"https:\\\/\\\/www.miamibeachfl.gov\\\/#organization\",\"name\":\"City of Miami Beach\",\"url\":\"https:\\\/\\\/www.miamibeachfl.gov\\\/\",\"logo\":{\"@type\":\"ImageObject\",\"inLanguage\":\"pt-BR\",\"@id\":\"https:\\\/\\\/www.miamibeachfl.gov\\\/#\\\/schema\\\/logo\\\/image\\\/\",\"url\":\"https:\\\/\\\/www.miamibeachfl.gov\\\/wp-content\\\/uploads\\\/2022\\\/06\\\/miamibeach-logoblue.png\",\"contentUrl\":\"https:\\\/\\\/www.miamibeachfl.gov\\\/wp-content\\\/uploads\\\/2022\\\/06\\\/miamibeach-logoblue.png\",\"width\":1962,\"height\":381,\"caption\":\"City of Miami Beach\"},\"image\":{\"@id\":\"https:\\\/\\\/www.miamibeachfl.gov\\\/#\\\/schema\\\/logo\\\/image\\\/\"},\"sameAs\":[\"https:\\\/\\\/www.facebook.com\\\/cityofmiamibeach\",\"https:\\\/\\\/x.com\\\/Miamibeachnews\",\"https:\\\/\\\/www.instagram.com\\\/miamibeachnews\\\/\"],\"description\":\"The official website of the City of Miami Beach. Stay informed, find important information on city services, news, alerts, events, trolley routes, government employment and more.\",\"telephone\":\"305.604.CITY(2489)\",\"legalName\":\"City of Miami Beach\"}]}<\/script>\n<!-- \/ Yoast SEO Premium plugin. -->","yoast_head_json":{"title":"Destaque de neg\u00f3cios de setembro de 2021 - Cidade de Miami Beach","description":"%","robots":{"index":"index","follow":"follow","max-snippet":"max-snippet:-1","max-image-preview":"max-image-preview:large","max-video-preview":"max-video-preview:-1"},"canonical":"https:\/\/www.miamibeachfl.gov\/pt\/spotlight\/september-2021\/","og_locale":"pt_BR","og_type":"article","og_title":"September 2021 Business Spotlight","og_description":"%","og_url":"https:\/\/www.miamibeachfl.gov\/pt\/spotlight\/september-2021\/","og_site_name":"City of Miami Beach","article_publisher":"https:\/\/www.facebook.com\/cityofmiamibeach","article_modified_time":"2025-06-03T02:20:45+00:00","og_image":[{"url":"http:\/\/www.miamibeachfl.gov\/wp-content\/uploads\/2021\/09\/Cheeseburger-Baby.jpg","type":"","width":"","height":""}],"twitter_card":"summary_large_image","twitter_site":"@Miamibeachnews","schema":{"@context":"https:\/\/schema.org","@graph":[{"@type":"WebPage","@id":"https:\/\/www.miamibeachfl.gov\/spotlight\/september-2021\/","url":"https:\/\/www.miamibeachfl.gov\/spotlight\/september-2021\/","name":"Destaque de neg\u00f3cios de setembro de 2021 - Cidade de Miami Beach","isPartOf":{"@id":"https:\/\/www.miamibeachfl.gov\/#website"},"primaryImageOfPage":{"@id":"https:\/\/www.miamibeachfl.gov\/spotlight\/september-2021\/#primaryimage"},"image":{"@id":"https:\/\/www.miamibeachfl.gov\/spotlight\/september-2021\/#primaryimage"},"thumbnailUrl":"http:\/\/www.miamibeachfl.gov\/wp-content\/uploads\/2021\/09\/Cheeseburger-Baby.jpg","datePublished":"2021-09-14T13:43:04+00:00","dateModified":"2025-06-03T02:20:45+00:00","description":"%","breadcrumb":{"@id":"https:\/\/www.miamibeachfl.gov\/spotlight\/september-2021\/#breadcrumb"},"inLanguage":"pt-BR","potentialAction":[{"@type":"ReadAction","target":["https:\/\/www.miamibeachfl.gov\/spotlight\/september-2021\/"]}]},{"@type":"ImageObject","inLanguage":"pt-BR","@id":"https:\/\/www.miamibeachfl.gov\/spotlight\/september-2021\/#primaryimage","url":"http:\/\/www.miamibeachfl.gov\/wp-content\/uploads\/2021\/09\/Cheeseburger-Baby.jpg","contentUrl":"http:\/\/www.miamibeachfl.gov\/wp-content\/uploads\/2021\/09\/Cheeseburger-Baby.jpg"},{"@type":"BreadcrumbList","@id":"https:\/\/www.miamibeachfl.gov\/spotlight\/september-2021\/#breadcrumb","itemListElement":[{"@type":"ListItem","position":1,"name":"Home","item":"https:\/\/www.miamibeachfl.gov\/"},{"@type":"ListItem","position":2,"name":"Business Newsletters and Spotlights","item":"https:\/\/www.miamibeachfl.gov\/spotlight\/"},{"@type":"ListItem","position":3,"name":"September 2021 Business Spotlight"}]},{"@type":"WebSite","@id":"https:\/\/www.miamibeachfl.gov\/#website","url":"https:\/\/www.miamibeachfl.gov\/","name":"Cidade de Miami Beach","description":"Site oficial da cidade de Miami Beach. Mantenha-se informado e encontre informa\u00e7\u00f5es importantes sobre servi\u00e7os municipais, not\u00edcias, alertas, eventos, rotas de bonde, empregos p\u00fablicos e muito mais.","publisher":{"@id":"https:\/\/www.miamibeachfl.gov\/#organization"},"potentialAction":[{"@type":"SearchAction","target":{"@type":"EntryPoint","urlTemplate":"https:\/\/www.miamibeachfl.gov\/?s={search_term_string}"},"query-input":{"@type":"PropertyValueSpecification","valueRequired":true,"valueName":"search_term_string"}}],"inLanguage":"pt-BR"},{"@type":"Organization","@id":"https:\/\/www.miamibeachfl.gov\/#organization","name":"Cidade de Miami Beach","url":"https:\/\/www.miamibeachfl.gov\/","logo":{"@type":"ImageObject","inLanguage":"pt-BR","@id":"https:\/\/www.miamibeachfl.gov\/#\/schema\/logo\/image\/","url":"https:\/\/www.miamibeachfl.gov\/wp-content\/uploads\/2022\/06\/miamibeach-logoblue.png","contentUrl":"https:\/\/www.miamibeachfl.gov\/wp-content\/uploads\/2022\/06\/miamibeach-logoblue.png","width":1962,"height":381,"caption":"City of Miami Beach"},"image":{"@id":"https:\/\/www.miamibeachfl.gov\/#\/schema\/logo\/image\/"},"sameAs":["https:\/\/www.facebook.com\/cityofmiamibeach","https:\/\/x.com\/Miamibeachnews","https:\/\/www.instagram.com\/miamibeachnews\/"],"description":"Site oficial da cidade de Miami Beach. Mantenha-se informado e encontre informa\u00e7\u00f5es importantes sobre servi\u00e7os municipais, not\u00edcias, alertas, eventos, rotas de bonde, empregos p\u00fablicos e muito mais.","telephone":"305.604.CITY(2489)","legalName":"City of Miami Beach"}]}},"_links":{"self":[{"href":"https:\/\/www.miamibeachfl.gov\/pt\/wp-json\/wp\/v2\/pages\/168376","targetHints":{"allow":["GET"]}}],"collection":[{"href":"https:\/\/www.miamibeachfl.gov\/pt\/wp-json\/wp\/v2\/pages"}],"about":[{"href":"https:\/\/www.miamibeachfl.gov\/pt\/wp-json\/wp\/v2\/types\/page"}],"author":[{"embeddable":true,"href":"https:\/\/www.miamibeachfl.gov\/pt\/wp-json\/wp\/v2\/users\/222"}],"replies":[{"embeddable":true,"href":"https:\/\/www.miamibeachfl.gov\/pt\/wp-json\/wp\/v2\/comments?post=168376"}],"version-history":[{"count":1,"href":"https:\/\/www.miamibeachfl.gov\/pt\/wp-json\/wp\/v2\/pages\/168376\/revisions"}],"predecessor-version":[{"id":375087,"href":"https:\/\/www.miamibeachfl.gov\/pt\/wp-json\/wp\/v2\/pages\/168376\/revisions\/375087"}],"up":[{"embeddable":true,"href":"https:\/\/www.miamibeachfl.gov\/pt\/wp-json\/wp\/v2\/pages\/253255"}],"wp:attachment":[{"href":"https:\/\/www.miamibeachfl.gov\/pt\/wp-json\/wp\/v2\/media?parent=168376"}],"wp:term":[{"taxonomy":"category","embeddable":true,"href":"https:\/\/www.miamibeachfl.gov\/pt\/wp-json\/wp\/v2\/categories?post=168376"},{"taxonomy":"post_tag","embeddable":true,"href":"https:\/\/www.miamibeachfl.gov\/pt\/wp-json\/wp\/v2\/tags?post=168376"}],"curies":[{"name":"wp","href":"https:\/\/api.w.org\/{rel}","templated":true}]}}