{"id":168575,"date":"2021-09-16T11:31:31","date_gmt":"2021-09-16T15:31:31","guid":{"rendered":"http:\/\/www.miamibeachfl.gov\/?page_id=168575"},"modified":"2025-06-25T19:07:54","modified_gmt":"2025-06-25T23:07:54","slug":"mid-beach-on-demand-transit-service","status":"publish","type":"page","link":"https:\/\/www.miamibeachfl.gov\/pt\/city-hall\/transportation\/mid-beach-on-demand-transit-service\/","title":{"rendered":"Servi\u00e7o de transporte sob demanda Mid-Beach"},"content":{"rendered":"<img decoding=\"async\" src=\"https:\/\/www.miamibeachfl.gov\/wp-content\/uploads\/2022\/07\/hero-small.jpg\" alt=\"ocean drive art deco buildings\" itemprop=\"image\" height=\"211\" width=\"2395\" title=\"her\u00f3i-pequeno\" onerror=\"this.style.display='none'\" loading='lazy' \/>\n\t\t\t\t<img decoding=\"async\" src=\"https:\/\/www.miamibeachfl.gov\/wp-content\/uploads\/2025\/03\/freebeelogo.jpg\" alt=\"freebee logo\" itemprop=\"image\" height=\"207\" width=\"500\" title=\"logotipo do freebee\" onerror=\"this.style.display='none'\" loading='lazy' \/>\n\t<nav id=\"breadcrumbs\" aria-label=\"Migalhas de p\u00e3o\"><a href=\"https:\/\/www.miamibeachfl.gov\/pt\/\">Lar<\/a> &gt; <a href=\"https:\/\/www.miamibeachfl.gov\/pt\/city-hall\/\">Prefeitura<\/a> &gt; <a href=\"https:\/\/www.miamibeachfl.gov\/pt\/city-hall\/transportation\/\">Transporte e Mobilidade<\/a> &gt; <strong>Servi\u00e7o de transporte sob demanda Mid-Beach<\/strong><\/nav><h2>\n\t\t\tO servi\u00e7o Freebee On-Demand est\u00e1 dispon\u00edvel na cidade de Miami Beach para atender moradores e visitantes.\t<\/h2>\n\t<p>A cidade de Miami Beach firmou parceria com a Freebee para oferecer um servi\u00e7o GRATUITO de Transporte P\u00fablico sob Demanda (ODT) para passageiros em Mid Beach e partes de North Beach! O servi\u00e7o ODT oferece servi\u00e7o de primeira milha\/\u00faltima milha, conectando-se ao servi\u00e7o Miami Beach Trolley e ao servi\u00e7o Miami-Dade County Bus existentes dentro da \u00e1rea de servi\u00e7o com cerca geogr\u00e1fica, al\u00e9m de servi\u00e7o porta a porta para viagens com origem e destino dentro da \u00e1rea de servi\u00e7o com cerca geogr\u00e1fica. O servi\u00e7o opera como um sistema de vanpool cont\u00ednuo, ajustando dinamicamente o roteamento dos ve\u00edculos para atender adequadamente \u00e0 demanda de passageiros e \u00e0s necessidades de servi\u00e7o dentro da \u00e1rea de servi\u00e7o.<\/p>\n<strong>Hor\u00e1rio de atendimento:<\/strong><br \/>\nSegunda a sexta: 6h30 \u2013 22h<br \/>\nS\u00e1bado: 8h \u2013 22h<br \/>\nDomingo: 8h \u2013 20h<br \/>\nTarifa: Gr\u00e1tis\n\t<p>Para solicitar uma viagem gratuita Freebee,\u00a0<a title=\"tel:8559183733\" href=\"tel:8559183733\" data-outlook-id=\"9e9c9248-3de6-469d-9d3e-f279b08bec9a\"><b>ligue para 855.918.3733<\/b><\/a>, baixe o aplicativo m\u00f3vel Ride Freebee no seu smartphone (instru\u00e7\u00f5es abaixo) ou chame um Freebee na rua.<\/p>\n<hr \/>\n<p><a href=\"https:\/\/www.miamibeachfl.gov\/wp-content\/uploads\/2025\/06\/Miami-Beach-Pamphlet-Update-March-202562.pdf\"><img loading=\"lazy\" decoding=\"async\" src=\"https:\/\/www.miamibeachfl.gov\/wp-content\/uploads\/2025\/06\/freebeeflyer.jpg\" alt=\"freebee flyer\" width=\"696\" height=\"348\" \/><\/a><\/p>\n<hr \/>\n<ul>\n<li>Sugerimos solicitar o servi\u00e7o aproximadamente 20 minutos antes do hor\u00e1rio de partida desejado.<\/li>\n<li>Os ve\u00edculos MB Freebee s\u00e3o el\u00e9tricos 100% e livres de emiss\u00f5es.<\/li>\n<li>Crian\u00e7as menores e beb\u00eas devem estar presos em uma cadeirinha de carro aprovada pelo governo federal, fornecida pelos pais ou respons\u00e1veis.<\/li>\n<li>Cadeiras de eleva\u00e7\u00e3o est\u00e3o dispon\u00edveis, se necess\u00e1rio, para crian\u00e7as. Se necess\u00e1rio, solicite uma cadeira de eleva\u00e7\u00e3o ao seu motorista.<\/li>\n<li>Conex\u00f5es de tr\u00e2nsito dispon\u00edveis est\u00e3o dispon\u00edveis nos seguintes locais:<\/li>\n<\/ul>\n\t\t\t\t<a href=\"https:\/\/www.miamibeachfl.gov\/wp-content\/uploads\/2025\/06\/freebeemap.jpg\"  target=\"_self\" itemprop=\"url\">\n\t\t\t\t<img decoding=\"async\" src=\"https:\/\/www.miamibeachfl.gov\/wp-content\/uploads\/2025\/06\/freebeemap.jpg\" alt=\"freebee map\" itemprop=\"image\" height=\"734\" width=\"500\" title=\"freebeemap\" onerror=\"this.style.display='none'\" loading='lazy' \/>\n\t\t\t\t<\/a>\n\t<ul>\n<li>\n<p>Centro de tr\u00e2nsito na Alton Road\/Lincoln Road<\/p>\n<\/li>\n<li>\n<p>Publix na West Avenue\/Rua 19 Publix<\/p>\n<\/li>\n<li>\n<p>Centro de tr\u00e2nsito na Avenida Washington\/Rua 17<\/p>\n<\/li>\n<li>\n<p>Centro de tr\u00e2nsito na Indian Creek Dr\/41 Street<\/p>\n<\/li>\n<li>\n<p>Centro de tr\u00e2nsito na Indian Creek Drive\/63 Street<\/p>\n<\/li>\n<li>\n<p>Shane Center na Indian Creek Drive\/Rua 65<\/p>\n<\/li>\n<li>\n<p>Publix na Avenida Collins\/Rua 69<\/p>\n<\/li>\n<\/ul>\n\t<p>Se voc\u00ea n\u00e3o tiver acesso a um smartphone ou quiser solicitar acomoda\u00e7\u00f5es adicionais de acessibilidade, ligue para 855.918.3733.<\/p>\n<p><strong>Links \u00fateis<\/strong><\/p>\n<a href=\"https:\/\/www.miamibeachfl.gov\/pt\/city-hall\/transportation\/trolley\/customer-rights\/\" data-outlook-id=\"1b8617f0-f6d8-4978-8b66-e15ffb5abeec\"><strong>Veja os direitos do cliente<\/strong><\/a><br \/>\n<a href=\"https:\/\/www.miamibeachfl.gov\/pt\/city-hall\/transportation\/trolley\/trolley-feedback-form\/\" data-outlook-id=\"45239134-9a4b-4108-a311-9f96db35c14f\"><strong>Quer registrar uma reclama\u00e7\u00e3o ou fornecer feedback?<\/strong><\/a>\n<p>Baixe o aplicativo m\u00f3vel em\u00a0<a href=\"https:\/\/play.google.com\/store\/apps\/details?id=com.ravn.freebee&amp;hl=en_US&amp;pli=1\" data-outlook-id=\"686bdff4-2f50-42b9-996b-9363a60ff591\"><strong>Google Play<\/strong><\/a>\u00a0ou\u00a0<a href=\"https:\/\/apps.apple.com\/us\/app\/ride-freebee\/id1014088236\" data-outlook-id=\"d2e46982-43fa-4e02-9951-6c5536b79a04\"><strong>Loja da Apple<\/strong><\/a><\/p>\n<p>Para quest\u00f5es de atendimento ao cliente (perguntas, coment\u00e1rios ou reclama\u00e7\u00f5es), entre em contato com o Departamento de Transporte e Mobilidade da Cidade em <a href=\"tel:3056737514\"><strong>305.673.7514<\/strong><\/a>.<\/p>\n<p>Gostar\u00edamos muito de ouvir de voc\u00ea!<\/p>\n\t<div class=\"page-navigation\"><a class=\"prev-page\" href=\"https:\/\/www.miamibeachfl.gov\/pt\/city-hall\/transportation\/on-demand-seniors\/\">\u2190 Servi\u00e7o de transporte sob demanda para idosos<\/a> <a class=\"next-page\" href=\"https:\/\/www.miamibeachfl.gov\/pt\/city-hall\/procurement\/bid-opportunities\/future-bid-opportunities\/\">Oportunidades de licita\u00e7\u00e3o futuras \u2192<\/a><\/div>","protected":false},"excerpt":{"rendered":"<p>Home &gt; City Hall &gt; Transportation &#038; Mobility &gt; Mid-Beach On-Demand Transit Service Freebee On-Demand Service is available in the [&hellip;]<\/p>\n","protected":false},"author":222,"featured_media":0,"parent":28743,"menu_order":63,"comment_status":"closed","ping_status":"closed","template":"","meta":{"_searchwp_excluded":"","site-sidebar-layout":"default","site-content-layout":"","ast-site-content-layout":"default","site-content-style":"default","site-sidebar-style":"default","ast-global-header-display":"","ast-banner-title-visibility":"","ast-main-header-display":"","ast-hfb-above-header-display":"","ast-hfb-below-header-display":"","ast-hfb-mobile-header-display":"","site-post-title":"","ast-breadcrumbs-content":"","ast-featured-img":"","footer-sml-layout":"","theme-transparent-header-meta":"","adv-header-id-meta":"","stick-header-meta":"","header-above-stick-meta":"","header-main-stick-meta":"","header-below-stick-meta":"","astra-migrate-meta-layouts":"default","ast-page-background-enabled":"default","ast-page-background-meta":{"desktop":{"background-color":"var(--ast-global-color-5)","background-image":"","background-repeat":"repeat","background-position":"center center","background-size":"auto","background-attachment":"scroll","background-type":"","background-media":"","overlay-type":"","overlay-color":"","overlay-opacity":"","overlay-gradient":""},"tablet":{"background-color":"","background-image":"","background-repeat":"repeat","background-position":"center center","background-size":"auto","background-attachment":"scroll","background-type":"","background-media":"","overlay-type":"","overlay-color":"","overlay-opacity":"","overlay-gradient":""},"mobile":{"background-color":"","background-image":"","background-repeat":"repeat","background-position":"center center","background-size":"auto","background-attachment":"scroll","background-type":"","background-media":"","overlay-type":"","overlay-color":"","overlay-opacity":"","overlay-gradient":""}},"ast-content-background-meta":{"desktop":{"background-color":"var(--ast-global-color-4)","background-image":"","background-repeat":"repeat","background-position":"center center","background-size":"auto","background-attachment":"scroll","background-type":"","background-media":"","overlay-type":"","overlay-color":"","overlay-opacity":"","overlay-gradient":""},"tablet":{"background-color":"var(--ast-global-color-4)","background-image":"","background-repeat":"repeat","background-position":"center center","background-size":"auto","background-attachment":"scroll","background-type":"","background-media":"","overlay-type":"","overlay-color":"","overlay-opacity":"","overlay-gradient":""},"mobile":{"background-color":"var(--ast-global-color-4)","background-image":"","background-repeat":"repeat","background-position":"center center","background-size":"auto","background-attachment":"scroll","background-type":"","background-media":"","overlay-type":"","overlay-color":"","overlay-opacity":"","overlay-gradient":""}},"footnotes":""},"categories":[],"tags":[],"class_list":["post-168575","page","type-page","status-publish","hentry"],"yoast_head":"<!-- This site is optimized with the Yoast SEO Premium plugin v27.4 (Yoast SEO v27.4) - https:\/\/yoast.com\/product\/yoast-seo-premium-wordpress\/ -->\n<title>Mid-Beach On-Demand Transit Service - City of Miami Beach<\/title>\n<meta name=\"description\" content=\"%\" \/>\n<meta name=\"robots\" content=\"index, follow, max-snippet:-1, max-image-preview:large, max-video-preview:-1\" \/>\n<link rel=\"canonical\" href=\"https:\/\/www.miamibeachfl.gov\/pt\/city-hall\/transportation\/mid-beach-on-demand-transit-service\/\" \/>\n<meta property=\"og:locale\" content=\"pt_BR\" \/>\n<meta property=\"og:type\" content=\"article\" \/>\n<meta property=\"og:title\" content=\"Mid-Beach On-Demand Transit Service\" \/>\n<meta property=\"og:description\" content=\"%\" \/>\n<meta property=\"og:url\" content=\"https:\/\/www.miamibeachfl.gov\/pt\/city-hall\/transportation\/mid-beach-on-demand-transit-service\/\" \/>\n<meta property=\"og:site_name\" content=\"City of Miami Beach\" \/>\n<meta property=\"article:publisher\" content=\"https:\/\/www.facebook.com\/cityofmiamibeach\" \/>\n<meta property=\"article:modified_time\" content=\"2025-06-25T23:07:54+00:00\" \/>\n<meta property=\"og:image\" content=\"https:\/\/www.miamibeachfl.gov\/wp-content\/uploads\/2022\/07\/hero-small.jpg\" \/>\n<meta name=\"twitter:card\" content=\"summary_large_image\" \/>\n<meta name=\"twitter:site\" content=\"@Miamibeachnews\" \/>\n<script type=\"application\/ld+json\" class=\"yoast-schema-graph\">{\"@context\":\"https:\\\/\\\/schema.org\",\"@graph\":[{\"@type\":\"WebPage\",\"@id\":\"https:\\\/\\\/www.miamibeachfl.gov\\\/city-hall\\\/transportation\\\/mid-beach-on-demand-transit-service\\\/\",\"url\":\"https:\\\/\\\/www.miamibeachfl.gov\\\/city-hall\\\/transportation\\\/mid-beach-on-demand-transit-service\\\/\",\"name\":\"Mid-Beach On-Demand Transit Service - City of Miami Beach\",\"isPartOf\":{\"@id\":\"https:\\\/\\\/www.miamibeachfl.gov\\\/#website\"},\"primaryImageOfPage\":{\"@id\":\"https:\\\/\\\/www.miamibeachfl.gov\\\/city-hall\\\/transportation\\\/mid-beach-on-demand-transit-service\\\/#primaryimage\"},\"image\":{\"@id\":\"https:\\\/\\\/www.miamibeachfl.gov\\\/city-hall\\\/transportation\\\/mid-beach-on-demand-transit-service\\\/#primaryimage\"},\"thumbnailUrl\":\"https:\\\/\\\/www.miamibeachfl.gov\\\/wp-content\\\/uploads\\\/2022\\\/07\\\/hero-small.jpg\",\"datePublished\":\"2021-09-16T15:31:31+00:00\",\"dateModified\":\"2025-06-25T23:07:54+00:00\",\"description\":\"%\",\"breadcrumb\":{\"@id\":\"https:\\\/\\\/www.miamibeachfl.gov\\\/city-hall\\\/transportation\\\/mid-beach-on-demand-transit-service\\\/#breadcrumb\"},\"inLanguage\":\"pt-BR\",\"potentialAction\":[{\"@type\":\"ReadAction\",\"target\":[\"https:\\\/\\\/www.miamibeachfl.gov\\\/city-hall\\\/transportation\\\/mid-beach-on-demand-transit-service\\\/\"]}]},{\"@type\":\"ImageObject\",\"inLanguage\":\"pt-BR\",\"@id\":\"https:\\\/\\\/www.miamibeachfl.gov\\\/city-hall\\\/transportation\\\/mid-beach-on-demand-transit-service\\\/#primaryimage\",\"url\":\"https:\\\/\\\/www.miamibeachfl.gov\\\/wp-content\\\/uploads\\\/2022\\\/07\\\/hero-small.jpg\",\"contentUrl\":\"https:\\\/\\\/www.miamibeachfl.gov\\\/wp-content\\\/uploads\\\/2022\\\/07\\\/hero-small.jpg\"},{\"@type\":\"BreadcrumbList\",\"@id\":\"https:\\\/\\\/www.miamibeachfl.gov\\\/city-hall\\\/transportation\\\/mid-beach-on-demand-transit-service\\\/#breadcrumb\",\"itemListElement\":[{\"@type\":\"ListItem\",\"position\":1,\"name\":\"Home\",\"item\":\"https:\\\/\\\/www.miamibeachfl.gov\\\/\"},{\"@type\":\"ListItem\",\"position\":2,\"name\":\"City Hall\",\"item\":\"https:\\\/\\\/www.miamibeachfl.gov\\\/city-hall\\\/\"},{\"@type\":\"ListItem\",\"position\":3,\"name\":\"Transportation &#038; Mobility\",\"item\":\"https:\\\/\\\/www.miamibeachfl.gov\\\/city-hall\\\/transportation\\\/\"},{\"@type\":\"ListItem\",\"position\":4,\"name\":\"Mid-Beach On-Demand Transit Service\"}]},{\"@type\":\"WebSite\",\"@id\":\"https:\\\/\\\/www.miamibeachfl.gov\\\/#website\",\"url\":\"https:\\\/\\\/www.miamibeachfl.gov\\\/\",\"name\":\"City of Miami Beach\",\"description\":\"The official website of the City of Miami Beach. Stay informed, find important information on city services, news, alerts, events, trolley routes, government employment and more.\",\"publisher\":{\"@id\":\"https:\\\/\\\/www.miamibeachfl.gov\\\/#organization\"},\"potentialAction\":[{\"@type\":\"SearchAction\",\"target\":{\"@type\":\"EntryPoint\",\"urlTemplate\":\"https:\\\/\\\/www.miamibeachfl.gov\\\/?s={search_term_string}\"},\"query-input\":{\"@type\":\"PropertyValueSpecification\",\"valueRequired\":true,\"valueName\":\"search_term_string\"}}],\"inLanguage\":\"pt-BR\"},{\"@type\":\"Organization\",\"@id\":\"https:\\\/\\\/www.miamibeachfl.gov\\\/#organization\",\"name\":\"City of Miami Beach\",\"url\":\"https:\\\/\\\/www.miamibeachfl.gov\\\/\",\"logo\":{\"@type\":\"ImageObject\",\"inLanguage\":\"pt-BR\",\"@id\":\"https:\\\/\\\/www.miamibeachfl.gov\\\/#\\\/schema\\\/logo\\\/image\\\/\",\"url\":\"https:\\\/\\\/www.miamibeachfl.gov\\\/wp-content\\\/uploads\\\/2022\\\/06\\\/miamibeach-logoblue.png\",\"contentUrl\":\"https:\\\/\\\/www.miamibeachfl.gov\\\/wp-content\\\/uploads\\\/2022\\\/06\\\/miamibeach-logoblue.png\",\"width\":1962,\"height\":381,\"caption\":\"City of Miami Beach\"},\"image\":{\"@id\":\"https:\\\/\\\/www.miamibeachfl.gov\\\/#\\\/schema\\\/logo\\\/image\\\/\"},\"sameAs\":[\"https:\\\/\\\/www.facebook.com\\\/cityofmiamibeach\",\"https:\\\/\\\/x.com\\\/Miamibeachnews\",\"https:\\\/\\\/www.instagram.com\\\/miamibeachnews\\\/\"],\"description\":\"The official website of the City of Miami Beach. Stay informed, find important information on city services, news, alerts, events, trolley routes, government employment and more.\",\"telephone\":\"305.604.CITY(2489)\",\"legalName\":\"City of Miami Beach\"}]}<\/script>\n<!-- \/ Yoast SEO Premium plugin. -->","yoast_head_json":{"title":"Servi\u00e7o de transporte sob demanda Mid-Beach - Cidade de Miami Beach","description":"%","robots":{"index":"index","follow":"follow","max-snippet":"max-snippet:-1","max-image-preview":"max-image-preview:large","max-video-preview":"max-video-preview:-1"},"canonical":"https:\/\/www.miamibeachfl.gov\/pt\/city-hall\/transportation\/mid-beach-on-demand-transit-service\/","og_locale":"pt_BR","og_type":"article","og_title":"Mid-Beach On-Demand Transit Service","og_description":"%","og_url":"https:\/\/www.miamibeachfl.gov\/pt\/city-hall\/transportation\/mid-beach-on-demand-transit-service\/","og_site_name":"City of Miami Beach","article_publisher":"https:\/\/www.facebook.com\/cityofmiamibeach","article_modified_time":"2025-06-25T23:07:54+00:00","og_image":[{"url":"https:\/\/www.miamibeachfl.gov\/wp-content\/uploads\/2022\/07\/hero-small.jpg","type":"","width":"","height":""}],"twitter_card":"summary_large_image","twitter_site":"@Miamibeachnews","schema":{"@context":"https:\/\/schema.org","@graph":[{"@type":"WebPage","@id":"https:\/\/www.miamibeachfl.gov\/city-hall\/transportation\/mid-beach-on-demand-transit-service\/","url":"https:\/\/www.miamibeachfl.gov\/city-hall\/transportation\/mid-beach-on-demand-transit-service\/","name":"Servi\u00e7o de transporte sob demanda Mid-Beach - Cidade de Miami Beach","isPartOf":{"@id":"https:\/\/www.miamibeachfl.gov\/#website"},"primaryImageOfPage":{"@id":"https:\/\/www.miamibeachfl.gov\/city-hall\/transportation\/mid-beach-on-demand-transit-service\/#primaryimage"},"image":{"@id":"https:\/\/www.miamibeachfl.gov\/city-hall\/transportation\/mid-beach-on-demand-transit-service\/#primaryimage"},"thumbnailUrl":"https:\/\/www.miamibeachfl.gov\/wp-content\/uploads\/2022\/07\/hero-small.jpg","datePublished":"2021-09-16T15:31:31+00:00","dateModified":"2025-06-25T23:07:54+00:00","description":"%","breadcrumb":{"@id":"https:\/\/www.miamibeachfl.gov\/city-hall\/transportation\/mid-beach-on-demand-transit-service\/#breadcrumb"},"inLanguage":"pt-BR","potentialAction":[{"@type":"ReadAction","target":["https:\/\/www.miamibeachfl.gov\/city-hall\/transportation\/mid-beach-on-demand-transit-service\/"]}]},{"@type":"ImageObject","inLanguage":"pt-BR","@id":"https:\/\/www.miamibeachfl.gov\/city-hall\/transportation\/mid-beach-on-demand-transit-service\/#primaryimage","url":"https:\/\/www.miamibeachfl.gov\/wp-content\/uploads\/2022\/07\/hero-small.jpg","contentUrl":"https:\/\/www.miamibeachfl.gov\/wp-content\/uploads\/2022\/07\/hero-small.jpg"},{"@type":"BreadcrumbList","@id":"https:\/\/www.miamibeachfl.gov\/city-hall\/transportation\/mid-beach-on-demand-transit-service\/#breadcrumb","itemListElement":[{"@type":"ListItem","position":1,"name":"Home","item":"https:\/\/www.miamibeachfl.gov\/"},{"@type":"ListItem","position":2,"name":"City Hall","item":"https:\/\/www.miamibeachfl.gov\/city-hall\/"},{"@type":"ListItem","position":3,"name":"Transportation &#038; Mobility","item":"https:\/\/www.miamibeachfl.gov\/city-hall\/transportation\/"},{"@type":"ListItem","position":4,"name":"Mid-Beach On-Demand Transit Service"}]},{"@type":"WebSite","@id":"https:\/\/www.miamibeachfl.gov\/#website","url":"https:\/\/www.miamibeachfl.gov\/","name":"Cidade de Miami Beach","description":"Site oficial da cidade de Miami Beach. Mantenha-se informado e encontre informa\u00e7\u00f5es importantes sobre servi\u00e7os municipais, not\u00edcias, alertas, eventos, rotas de bonde, empregos p\u00fablicos e muito mais.","publisher":{"@id":"https:\/\/www.miamibeachfl.gov\/#organization"},"potentialAction":[{"@type":"SearchAction","target":{"@type":"EntryPoint","urlTemplate":"https:\/\/www.miamibeachfl.gov\/?s={search_term_string}"},"query-input":{"@type":"PropertyValueSpecification","valueRequired":true,"valueName":"search_term_string"}}],"inLanguage":"pt-BR"},{"@type":"Organization","@id":"https:\/\/www.miamibeachfl.gov\/#organization","name":"Cidade de Miami Beach","url":"https:\/\/www.miamibeachfl.gov\/","logo":{"@type":"ImageObject","inLanguage":"pt-BR","@id":"https:\/\/www.miamibeachfl.gov\/#\/schema\/logo\/image\/","url":"https:\/\/www.miamibeachfl.gov\/wp-content\/uploads\/2022\/06\/miamibeach-logoblue.png","contentUrl":"https:\/\/www.miamibeachfl.gov\/wp-content\/uploads\/2022\/06\/miamibeach-logoblue.png","width":1962,"height":381,"caption":"City of Miami Beach"},"image":{"@id":"https:\/\/www.miamibeachfl.gov\/#\/schema\/logo\/image\/"},"sameAs":["https:\/\/www.facebook.com\/cityofmiamibeach","https:\/\/x.com\/Miamibeachnews","https:\/\/www.instagram.com\/miamibeachnews\/"],"description":"Site oficial da cidade de Miami Beach. Mantenha-se informado e encontre informa\u00e7\u00f5es importantes sobre servi\u00e7os municipais, not\u00edcias, alertas, eventos, rotas de bonde, empregos p\u00fablicos e muito mais.","telephone":"305.604.CITY(2489)","legalName":"City of Miami Beach"}]}},"_links":{"self":[{"href":"https:\/\/www.miamibeachfl.gov\/pt\/wp-json\/wp\/v2\/pages\/168575","targetHints":{"allow":["GET"]}}],"collection":[{"href":"https:\/\/www.miamibeachfl.gov\/pt\/wp-json\/wp\/v2\/pages"}],"about":[{"href":"https:\/\/www.miamibeachfl.gov\/pt\/wp-json\/wp\/v2\/types\/page"}],"author":[{"embeddable":true,"href":"https:\/\/www.miamibeachfl.gov\/pt\/wp-json\/wp\/v2\/users\/222"}],"replies":[{"embeddable":true,"href":"https:\/\/www.miamibeachfl.gov\/pt\/wp-json\/wp\/v2\/comments?post=168575"}],"version-history":[{"count":5,"href":"https:\/\/www.miamibeachfl.gov\/pt\/wp-json\/wp\/v2\/pages\/168575\/revisions"}],"predecessor-version":[{"id":385178,"href":"https:\/\/www.miamibeachfl.gov\/pt\/wp-json\/wp\/v2\/pages\/168575\/revisions\/385178"}],"up":[{"embeddable":true,"href":"https:\/\/www.miamibeachfl.gov\/pt\/wp-json\/wp\/v2\/pages\/28743"}],"wp:attachment":[{"href":"https:\/\/www.miamibeachfl.gov\/pt\/wp-json\/wp\/v2\/media?parent=168575"}],"wp:term":[{"taxonomy":"category","embeddable":true,"href":"https:\/\/www.miamibeachfl.gov\/pt\/wp-json\/wp\/v2\/categories?post=168575"},{"taxonomy":"post_tag","embeddable":true,"href":"https:\/\/www.miamibeachfl.gov\/pt\/wp-json\/wp\/v2\/tags?post=168575"}],"curies":[{"name":"wp","href":"https:\/\/api.w.org\/{rel}","templated":true}]}}