{"id":176199,"date":"2021-12-16T14:14:19","date_gmt":"2021-12-16T19:14:19","guid":{"rendered":"http:\/\/www.miamibeachfl.gov\/?page_id=176199"},"modified":"2026-04-16T16:40:30","modified_gmt":"2026-04-16T20:40:30","slug":"engagementtoolbox","status":"publish","type":"page","link":"https:\/\/www.miamibeachfl.gov\/pt\/engagementtoolbox\/","title":{"rendered":"Mantenha-se informado e conectado com a cidade de Miami Beach"},"content":{"rendered":"<h1>\n\t\t\tEnvolva-se conosco\t<\/h1>\n<h2>\n\t\t\tAbaixo est\u00e1 uma lista de todas as vias que voc\u00ea pode usar para se manter conectado com a cidade\t<\/h2>\n\t<iframe title=\"Revista MB, Primavera de 2026, Volume 21, N\u00famero 2\" allow=\"clipboard-write\" sandbox=\"allow-top-navigation allow-top-navigation-by-user-activation allow-downloads allow-scripts allow-same-origin allow-popups allow-modals allow-popups-to-escape-sandbox allow-forms\" allowfullscreen=\"true\" src=\"https:\/\/e.issuu.com\/embed.html?d=mb_magazine_spring_2026_volume_21_issue_number_2&#038;u=cityofmiamibeach\"><\/iframe>\n\t<ul>\n\t\t<li>\t\t\n\t\t\t\t<img decoding=\"async\" src=\"https:\/\/www.miamibeachfl.gov\/wp-content\/uploads\/bb-plugin\/cache\/biz-manoncomputer-1000sq-square.jpg\" alt=\"Man looking at a computer\" title=\"biz-manoncomputer-1000sq\" itemprop=\"image\"\/>\n\t\t<h3>MBTV<\/h3><p><a href=\"https:\/\/www.miamibeachfl.gov\/pt\/government\/mbtv\/\"><strong>Clique aqui para assistir \u00e0s reuni\u00f5es ao vivo.<\/strong>. Sintonize a transmiss\u00e3o ao vivo da MBTV em nosso site ou localmente no canal 660 da Atlantic Broadband\/canal 99 da AT&amp;T U-verse.<\/a><\/p><\/li>\t<\/ul>\n\t<ul>\n\t\t<li>\t\t\n\t\t\t\t<img decoding=\"async\" src=\"https:\/\/www.miamibeachfl.gov\/wp-content\/uploads\/bb-plugin\/cache\/MiamiBeach-Trolley-square.jpg\" alt=\"Miami Beach Getting Around the Free Trolley\" title=\"MiamiBeach-Trolley\" itemprop=\"image\"\/>\n\t\t<h3>Como se locomover<\/h3><p><strong><a href=\"https:\/\/www.miamibeachfl.gov\/pt\/visitors\/getting-around\/\">Informa\u00e7\u00f5es \u00fateis para facilitar seus deslocamentos em Miami Beach. Clique aqui para saber mais.<\/a><\/strong><\/p><\/li><li>\t\t\n\t\t\t\t<img decoding=\"async\" src=\"https:\/\/www.miamibeachfl.gov\/wp-content\/uploads\/bb-plugin\/cache\/familyatthebeach-square.jpg\" alt=\"Family at the Beach\" title=\"fam\u00edlia na praia\" itemprop=\"image\"\/>\n\t\t<h3>Condi\u00e7\u00f5es atuais da praia<\/h3><p><strong><a href=\"https:\/\/www.miamibeachfl.gov\/pt\/city-hall\/fire\/ocean-rescue\/currentbeachconditions\/\">Relat\u00f3rio de Seguran\u00e7a e Condi\u00e7\u00f5es Meteorol\u00f3gicas do Servi\u00e7o de Resgate Mar\u00edtimo de Miami Beach. Clique aqui para saber mais.<\/a><\/strong><\/p><\/li>\t<\/ul>\n\t<ul>\n\t\t<li>\t\t\n\t\t\t\t<img decoding=\"async\" src=\"https:\/\/www.miamibeachfl.gov\/wp-content\/uploads\/bb-plugin\/cache\/traffic-square.jpg\" alt=\"Miami Beach Traffic\" title=\"tr\u00e1fego\" itemprop=\"image\"\/>\n\t\t<h3>Projetos de constru\u00e7\u00e3o do FDOT<\/h3><p><strong><a href=\"http:\/\/www.i395-miami.com\/miamibeachtrafficreport\/\">Informa\u00e7\u00f5es sobre fechamentos de faixas programados em projetos de constru\u00e7\u00e3o do FDOT que afetam o tr\u00e1fego de\/para e em Miami Beach. Clique aqui para saber mais.<\/a><\/strong><\/p><\/li><li>\t\t\n\t\t\t\t<img decoding=\"async\" src=\"https:\/\/www.miamibeachfl.gov\/wp-content\/uploads\/bb-plugin\/cache\/CityOwnedFacility-ArtDecoWelcomeCenter-square.jpg\" alt=\"Miami Beach Art Deco Welcome Center\" title=\"Instala\u00e7\u00e3o pr\u00f3pria da cidade - ArtDecoWelcomeCenter\" itemprop=\"image\"\/>\n\t\t<h3>GO Bond<\/h3><p><strong><a href=\"https:\/\/www.gombinfo.com\/\">Os eleitores de Miami Beach deram um claro mandato nas elei\u00e7\u00f5es municipais de que desejam investir no futuro da nossa cidade. Para obter mais informa\u00e7\u00f5es sobre os projetos do GO Bond e acompanhar o seu progresso, clique aqui.<\/a><\/strong><\/p><\/li>\t<\/ul>\n\t\t\t\t\t\t\t\t<h3>Prefeitura<\/h3>\t\t\t\n\t<h3>\n\t\t\t\tFique por dentro do que est\u00e1 acontecendo.\n\t\t\t<\/h3>\n\t\t\t<a href=\"\/pt\/city-hall\/city-clerk\/meeting-notices\/\" target=\"_self\"  aria-label=\"Avisos de Reuni\u00e3o\">\n\t\t\t\t\t\t\t\tAvisos de Reuni\u00e3o \n\t\t\t\t\t\t\t<\/a>\n\t\t\t\t\t&amp;\t\t\t\t\n\t\t\t<a href=\"\/pt\/city-hall\/city-clerk\/agenda-archive-main-page-2\/\" target=\"_self\"  aria-label=\"Pautas das Reuni\u00f5es\">\n\t\t\t\t\t\t\t\tPautas das Reuni\u00f5es\n\t\t\t\t\t\t\t<\/a>\n\t\t\t<a href=\"https:\/\/events.miamibeachfl.gov\/city-meetings\/\"  target=\"_self\">\n\t\t\t\t\t\t\tCalend\u00e1rio da Cidade\n\t\t\t\t\t<\/a>\n\t\t\t<a href=\"\/pt\/city-hall\/communications\/press-releases\/\"  target=\"_self\">\n\t\t\t\t\t\t\tComunicados de imprensa\n\t\t\t\t\t<\/a>\n\t\t\t\t\t\t\t\t<h3>Fique conectado<\/h3>\t\t\t\n\t<h3>\n\t\t\t\tM\u00eddias sociais, not\u00edcias, alertas e muito mais\n\t\t\t<\/h3>\n\t<ul>\n\t\t<li>\t\t\t\t\n\t\t<h3>Boletins eletr\u00f4nicos<\/h3><p><strong><a href=\"\/pt\/city-hall\/communications\/subscriptions\/\">Clique aqui para se inscrever e receber notifica\u00e7\u00f5es por e-mail sobre \u00e1reas espec\u00edficas, t\u00f3picos, reuni\u00f5es ou para receber todas as notifica\u00e7\u00f5es da cidade.<\/a><\/strong><\/p><\/li><li>\t\t\t\t\n\t\t<h3>Alertas de texto<\/h3><p><strong><a href=\"https:\/\/www.miamibeachfl.gov\/pt\/miami-beach-text-message-services\/\">Clique aqui para saber como se inscrever para receber notifica\u00e7\u00f5es no seu dispositivo m\u00f3vel.<\/a><br \/>Envie um SMS com a palavra MBAlert para 888777 para se cadastrar e receber alertas de emerg\u00eancia e de tr\u00e2nsito. <\/strong><\/p><\/li><li>\t\t\t\t\n\t\t<h3>Direito dos moradores de saber<\/h3><p><a href=\"https:\/\/apps.miamibeachfl.gov\/residentsrighttoknow\">Clique aqui para receber notifica\u00e7\u00f5es eletr\u00f4nicas direcionadas sobre assuntos que afetam a qualidade de vida dos moradores. Receba notifica\u00e7\u00f5es para Mid-Beach, North Beach, South Beach ou para as tr\u00eas \u00e1reas.<\/a><\/p><\/li><li>\t\t\t\t\n\t\t<h3>Aplicativos m\u00f3veis<\/h3><p><strong><a href=\"\/pt\/mobile-apps\/\">Baixe todos os nossos aplicativos m\u00f3veis! Acompanhe o bonde, relate problemas no seu bairro, encontre a vaga de estacionamento mais pr\u00f3xima, confira o calend\u00e1rio da cidade e muito mais.<\/a><\/strong><\/p><\/li><li>\t\t\t\t\n\t\t<h3>Relatar uma preocupa\u00e7\u00e3o<\/h3><p>Os moradores podem relatar preocupa\u00e7\u00f5es 24 horas por dia, 7 dias por semana.<br \/>Utilize um dos m\u00e9todos abaixo:<ul><li>Para assist\u00eancia imediata, ligue para 305.604.CITY(2489) ou para nossa linha de emerg\u00eancia policial no n\u00famero <a href=\"tel:3056737900\">305.673.7900<\/a><\/li><li><a href=\"https:\/\/apps.miamibeachfl.gov\/egovweb\">Use o aplicativo Miami Beach Gov online<\/a> (<a href=\"https:\/\/apps.apple.com\/us\/app\/city-of-miami-beach-e-gov\/id883739690\">Loja da Apple<\/a> ou <a href=\"https:\/\/play.google.com\/store\/apps\/details?id=gov.miamibeachfl.mbegov\">Google Play<\/a>)<\/li><\/ul><strong>Em caso de emerg\u00eancia, ligue sempre para o 911<\/strong><\/p><\/li><li>\t\t\t\t\n\t\t<h3>Divis\u00e3o de Assuntos de Bairro (NAD)<\/h3><p>Pense na Divis\u00e3o de Assuntos de Bairro de Miami Beach como seu concierge da Prefeitura quando voc\u00ea tiver um problema ou quiser saber mais sobre os servi\u00e7os da cidade e projetos de constru\u00e7\u00e3o que mais importam para voc\u00ea.\u00a0<strong><a href=\"https:\/\/www.miamibeachfl.gov\/pt\/residents\/neighborhood-affairs-division\/\">Acesse o portal da nossa Divis\u00e3o de Assuntos de Bairro para saber mais e entrar em contato com o representante da sua \u00e1rea.<\/a> <\/strong><\/p><\/li>\t<\/ul>\n\t\t<h2>Divis\u00e3o de Assuntos de Bairro<\/h2>\n\t\t<p>A Divis\u00e3o de Assuntos de Bairro trabalha em estreita colabora\u00e7\u00e3o com os departamentos de servi\u00e7os operacionais da cidade para coordenar a presta\u00e7\u00e3o aprimorada de servi\u00e7os municipais de uma maneira que atenda \u00e0s necessidades e solicita\u00e7\u00f5es espec\u00edficas dos bairros em toda a cidade.<\/p>\n\t\t\t<a href=\"\/pt\/residents\/neighborhood-affairs-division\/\"  target=\"_self\">\n\t\t\t\t\t\t\tSaber mais\n\t\t\t<\/a>","protected":false},"excerpt":{"rendered":"<p>Engage With Us Below is a list of all avenues you can use to stay connected with the city MBTV [&hellip;]<\/p>\n","protected":false},"author":222,"featured_media":0,"parent":0,"menu_order":80,"comment_status":"closed","ping_status":"closed","template":"","meta":{"_searchwp_excluded":"","site-sidebar-layout":"default","site-content-layout":"","ast-site-content-layout":"default","site-content-style":"default","site-sidebar-style":"default","ast-global-header-display":"","ast-banner-title-visibility":"","ast-main-header-display":"","ast-hfb-above-header-display":"","ast-hfb-below-header-display":"","ast-hfb-mobile-header-display":"","site-post-title":"","ast-breadcrumbs-content":"","ast-featured-img":"","footer-sml-layout":"","theme-transparent-header-meta":"","adv-header-id-meta":"","stick-header-meta":"","header-above-stick-meta":"","header-main-stick-meta":"","header-below-stick-meta":"","astra-migrate-meta-layouts":"default","ast-page-background-enabled":"default","ast-page-background-meta":{"desktop":{"background-color":"var(--ast-global-color-5)","background-image":"","background-repeat":"repeat","background-position":"center center","background-size":"auto","background-attachment":"scroll","background-type":"","background-media":"","overlay-type":"","overlay-color":"","overlay-opacity":"","overlay-gradient":""},"tablet":{"background-color":"","background-image":"","background-repeat":"repeat","background-position":"center center","background-size":"auto","background-attachment":"scroll","background-type":"","background-media":"","overlay-type":"","overlay-color":"","overlay-opacity":"","overlay-gradient":""},"mobile":{"background-color":"","background-image":"","background-repeat":"repeat","background-position":"center center","background-size":"auto","background-attachment":"scroll","background-type":"","background-media":"","overlay-type":"","overlay-color":"","overlay-opacity":"","overlay-gradient":""}},"ast-content-background-meta":{"desktop":{"background-color":"var(--ast-global-color-4)","background-image":"","background-repeat":"repeat","background-position":"center center","background-size":"auto","background-attachment":"scroll","background-type":"","background-media":"","overlay-type":"","overlay-color":"","overlay-opacity":"","overlay-gradient":""},"tablet":{"background-color":"var(--ast-global-color-4)","background-image":"","background-repeat":"repeat","background-position":"center center","background-size":"auto","background-attachment":"scroll","background-type":"","background-media":"","overlay-type":"","overlay-color":"","overlay-opacity":"","overlay-gradient":""},"mobile":{"background-color":"var(--ast-global-color-4)","background-image":"","background-repeat":"repeat","background-position":"center center","background-size":"auto","background-attachment":"scroll","background-type":"","background-media":"","overlay-type":"","overlay-color":"","overlay-opacity":"","overlay-gradient":""}},"footnotes":""},"categories":[],"tags":[],"class_list":["post-176199","page","type-page","status-publish","hentry"],"yoast_head":"<!-- This site is optimized with the Yoast SEO Premium plugin v27.4 (Yoast SEO v27.4) - https:\/\/yoast.com\/product\/yoast-seo-premium-wordpress\/ -->\n<title>Stay Informed and Connected to the City of miami Beach - City of Miami Beach<\/title>\n<meta name=\"description\" content=\"A list of all communication tools you can use to stay informed and connected with the City of Miami Beach\" \/>\n<meta name=\"robots\" content=\"index, follow, max-snippet:-1, max-image-preview:large, max-video-preview:-1\" \/>\n<link rel=\"canonical\" href=\"https:\/\/www.miamibeachfl.gov\/pt\/engagementtoolbox\/\" \/>\n<meta property=\"og:locale\" content=\"pt_BR\" \/>\n<meta property=\"og:type\" content=\"article\" \/>\n<meta property=\"og:title\" content=\"Stay Informed and Connected to the City of miami Beach\" \/>\n<meta property=\"og:description\" content=\"A list of all communication tools you can use to stay informed and connected with the City of Miami Beach\" \/>\n<meta property=\"og:url\" content=\"https:\/\/www.miamibeachfl.gov\/pt\/engagementtoolbox\/\" \/>\n<meta property=\"og:site_name\" content=\"City of Miami Beach\" \/>\n<meta property=\"article:publisher\" content=\"https:\/\/www.facebook.com\/cityofmiamibeach\" \/>\n<meta property=\"article:modified_time\" content=\"2026-04-16T20:40:30+00:00\" \/>\n<meta property=\"og:image\" content=\"https:\/\/www.miamibeachfl.gov\/wp-content\/uploads\/bb-plugin\/cache\/biz-manoncomputer-1000sq-square.jpg\" \/>\n<meta name=\"twitter:card\" content=\"summary_large_image\" \/>\n<meta name=\"twitter:site\" content=\"@Miamibeachnews\" \/>\n<script type=\"application\/ld+json\" class=\"yoast-schema-graph\">{\"@context\":\"https:\\\/\\\/schema.org\",\"@graph\":[{\"@type\":\"WebPage\",\"@id\":\"https:\\\/\\\/www.miamibeachfl.gov\\\/engagementtoolbox\\\/\",\"url\":\"https:\\\/\\\/www.miamibeachfl.gov\\\/engagementtoolbox\\\/\",\"name\":\"Stay Informed and Connected to the City of miami Beach - City of Miami Beach\",\"isPartOf\":{\"@id\":\"https:\\\/\\\/www.miamibeachfl.gov\\\/#website\"},\"primaryImageOfPage\":{\"@id\":\"https:\\\/\\\/www.miamibeachfl.gov\\\/engagementtoolbox\\\/#primaryimage\"},\"image\":{\"@id\":\"https:\\\/\\\/www.miamibeachfl.gov\\\/engagementtoolbox\\\/#primaryimage\"},\"thumbnailUrl\":\"https:\\\/\\\/www.miamibeachfl.gov\\\/wp-content\\\/uploads\\\/bb-plugin\\\/cache\\\/biz-manoncomputer-1000sq-square.jpg\",\"datePublished\":\"2021-12-16T19:14:19+00:00\",\"dateModified\":\"2026-04-16T20:40:30+00:00\",\"description\":\"A list of all communication tools you can use to stay informed and connected with the City of Miami Beach\",\"breadcrumb\":{\"@id\":\"https:\\\/\\\/www.miamibeachfl.gov\\\/engagementtoolbox\\\/#breadcrumb\"},\"inLanguage\":\"pt-BR\",\"potentialAction\":[{\"@type\":\"ReadAction\",\"target\":[\"https:\\\/\\\/www.miamibeachfl.gov\\\/engagementtoolbox\\\/\"]}]},{\"@type\":\"ImageObject\",\"inLanguage\":\"pt-BR\",\"@id\":\"https:\\\/\\\/www.miamibeachfl.gov\\\/engagementtoolbox\\\/#primaryimage\",\"url\":\"https:\\\/\\\/www.miamibeachfl.gov\\\/wp-content\\\/uploads\\\/bb-plugin\\\/cache\\\/biz-manoncomputer-1000sq-square.jpg\",\"contentUrl\":\"https:\\\/\\\/www.miamibeachfl.gov\\\/wp-content\\\/uploads\\\/bb-plugin\\\/cache\\\/biz-manoncomputer-1000sq-square.jpg\"},{\"@type\":\"BreadcrumbList\",\"@id\":\"https:\\\/\\\/www.miamibeachfl.gov\\\/engagementtoolbox\\\/#breadcrumb\",\"itemListElement\":[{\"@type\":\"ListItem\",\"position\":1,\"name\":\"Home\",\"item\":\"https:\\\/\\\/www.miamibeachfl.gov\\\/\"},{\"@type\":\"ListItem\",\"position\":2,\"name\":\"Stay Informed and Connected to the City of miami Beach\"}]},{\"@type\":\"WebSite\",\"@id\":\"https:\\\/\\\/www.miamibeachfl.gov\\\/#website\",\"url\":\"https:\\\/\\\/www.miamibeachfl.gov\\\/\",\"name\":\"City of Miami Beach\",\"description\":\"The official website of the City of Miami Beach. Stay informed, find important information on city services, news, alerts, events, trolley routes, government employment and more.\",\"publisher\":{\"@id\":\"https:\\\/\\\/www.miamibeachfl.gov\\\/#organization\"},\"potentialAction\":[{\"@type\":\"SearchAction\",\"target\":{\"@type\":\"EntryPoint\",\"urlTemplate\":\"https:\\\/\\\/www.miamibeachfl.gov\\\/?s={search_term_string}\"},\"query-input\":{\"@type\":\"PropertyValueSpecification\",\"valueRequired\":true,\"valueName\":\"search_term_string\"}}],\"inLanguage\":\"pt-BR\"},{\"@type\":\"Organization\",\"@id\":\"https:\\\/\\\/www.miamibeachfl.gov\\\/#organization\",\"name\":\"City of Miami Beach\",\"url\":\"https:\\\/\\\/www.miamibeachfl.gov\\\/\",\"logo\":{\"@type\":\"ImageObject\",\"inLanguage\":\"pt-BR\",\"@id\":\"https:\\\/\\\/www.miamibeachfl.gov\\\/#\\\/schema\\\/logo\\\/image\\\/\",\"url\":\"https:\\\/\\\/www.miamibeachfl.gov\\\/wp-content\\\/uploads\\\/2022\\\/06\\\/miamibeach-logoblue.png\",\"contentUrl\":\"https:\\\/\\\/www.miamibeachfl.gov\\\/wp-content\\\/uploads\\\/2022\\\/06\\\/miamibeach-logoblue.png\",\"width\":1962,\"height\":381,\"caption\":\"City of Miami Beach\"},\"image\":{\"@id\":\"https:\\\/\\\/www.miamibeachfl.gov\\\/#\\\/schema\\\/logo\\\/image\\\/\"},\"sameAs\":[\"https:\\\/\\\/www.facebook.com\\\/cityofmiamibeach\",\"https:\\\/\\\/x.com\\\/Miamibeachnews\",\"https:\\\/\\\/www.instagram.com\\\/miamibeachnews\\\/\"],\"description\":\"The official website of the City of Miami Beach. Stay informed, find important information on city services, news, alerts, events, trolley routes, government employment and more.\",\"telephone\":\"305.604.CITY(2489)\",\"legalName\":\"City of Miami Beach\"}]}<\/script>\n<!-- \/ Yoast SEO Premium plugin. -->","yoast_head_json":{"title":"Mantenha-se informado e conectado com a cidade de Miami Beach - Cidade de Miami Beach","description":"Uma lista de todas as ferramentas de comunica\u00e7\u00e3o que voc\u00ea pode usar para se manter informado e conectado com a cidade de Miami Beach","robots":{"index":"index","follow":"follow","max-snippet":"max-snippet:-1","max-image-preview":"max-image-preview:large","max-video-preview":"max-video-preview:-1"},"canonical":"https:\/\/www.miamibeachfl.gov\/pt\/engagementtoolbox\/","og_locale":"pt_BR","og_type":"article","og_title":"Stay Informed and Connected to the City of miami Beach","og_description":"A list of all communication tools you can use to stay informed and connected with the City of Miami Beach","og_url":"https:\/\/www.miamibeachfl.gov\/pt\/engagementtoolbox\/","og_site_name":"City of Miami Beach","article_publisher":"https:\/\/www.facebook.com\/cityofmiamibeach","article_modified_time":"2026-04-16T20:40:30+00:00","og_image":[{"url":"https:\/\/www.miamibeachfl.gov\/wp-content\/uploads\/bb-plugin\/cache\/biz-manoncomputer-1000sq-square.jpg","type":"","width":"","height":""}],"twitter_card":"summary_large_image","twitter_site":"@Miamibeachnews","schema":{"@context":"https:\/\/schema.org","@graph":[{"@type":"WebPage","@id":"https:\/\/www.miamibeachfl.gov\/engagementtoolbox\/","url":"https:\/\/www.miamibeachfl.gov\/engagementtoolbox\/","name":"Mantenha-se informado e conectado com a cidade de Miami Beach - Cidade de Miami Beach","isPartOf":{"@id":"https:\/\/www.miamibeachfl.gov\/#website"},"primaryImageOfPage":{"@id":"https:\/\/www.miamibeachfl.gov\/engagementtoolbox\/#primaryimage"},"image":{"@id":"https:\/\/www.miamibeachfl.gov\/engagementtoolbox\/#primaryimage"},"thumbnailUrl":"https:\/\/www.miamibeachfl.gov\/wp-content\/uploads\/bb-plugin\/cache\/biz-manoncomputer-1000sq-square.jpg","datePublished":"2021-12-16T19:14:19+00:00","dateModified":"2026-04-16T20:40:30+00:00","description":"Uma lista de todas as ferramentas de comunica\u00e7\u00e3o que voc\u00ea pode usar para se manter informado e conectado com a cidade de Miami Beach","breadcrumb":{"@id":"https:\/\/www.miamibeachfl.gov\/engagementtoolbox\/#breadcrumb"},"inLanguage":"pt-BR","potentialAction":[{"@type":"ReadAction","target":["https:\/\/www.miamibeachfl.gov\/engagementtoolbox\/"]}]},{"@type":"ImageObject","inLanguage":"pt-BR","@id":"https:\/\/www.miamibeachfl.gov\/engagementtoolbox\/#primaryimage","url":"https:\/\/www.miamibeachfl.gov\/wp-content\/uploads\/bb-plugin\/cache\/biz-manoncomputer-1000sq-square.jpg","contentUrl":"https:\/\/www.miamibeachfl.gov\/wp-content\/uploads\/bb-plugin\/cache\/biz-manoncomputer-1000sq-square.jpg"},{"@type":"BreadcrumbList","@id":"https:\/\/www.miamibeachfl.gov\/engagementtoolbox\/#breadcrumb","itemListElement":[{"@type":"ListItem","position":1,"name":"Home","item":"https:\/\/www.miamibeachfl.gov\/"},{"@type":"ListItem","position":2,"name":"Stay Informed and Connected to the City of miami Beach"}]},{"@type":"WebSite","@id":"https:\/\/www.miamibeachfl.gov\/#website","url":"https:\/\/www.miamibeachfl.gov\/","name":"Cidade de Miami Beach","description":"Site oficial da cidade de Miami Beach. Mantenha-se informado e encontre informa\u00e7\u00f5es importantes sobre servi\u00e7os municipais, not\u00edcias, alertas, eventos, rotas de bonde, empregos p\u00fablicos e muito mais.","publisher":{"@id":"https:\/\/www.miamibeachfl.gov\/#organization"},"potentialAction":[{"@type":"SearchAction","target":{"@type":"EntryPoint","urlTemplate":"https:\/\/www.miamibeachfl.gov\/?s={search_term_string}"},"query-input":{"@type":"PropertyValueSpecification","valueRequired":true,"valueName":"search_term_string"}}],"inLanguage":"pt-BR"},{"@type":"Organization","@id":"https:\/\/www.miamibeachfl.gov\/#organization","name":"Cidade de Miami Beach","url":"https:\/\/www.miamibeachfl.gov\/","logo":{"@type":"ImageObject","inLanguage":"pt-BR","@id":"https:\/\/www.miamibeachfl.gov\/#\/schema\/logo\/image\/","url":"https:\/\/www.miamibeachfl.gov\/wp-content\/uploads\/2022\/06\/miamibeach-logoblue.png","contentUrl":"https:\/\/www.miamibeachfl.gov\/wp-content\/uploads\/2022\/06\/miamibeach-logoblue.png","width":1962,"height":381,"caption":"City of Miami Beach"},"image":{"@id":"https:\/\/www.miamibeachfl.gov\/#\/schema\/logo\/image\/"},"sameAs":["https:\/\/www.facebook.com\/cityofmiamibeach","https:\/\/x.com\/Miamibeachnews","https:\/\/www.instagram.com\/miamibeachnews\/"],"description":"Site oficial da cidade de Miami Beach. Mantenha-se informado e encontre informa\u00e7\u00f5es importantes sobre servi\u00e7os municipais, not\u00edcias, alertas, eventos, rotas de bonde, empregos p\u00fablicos e muito mais.","telephone":"305.604.CITY(2489)","legalName":"City of Miami Beach"}]}},"_links":{"self":[{"href":"https:\/\/www.miamibeachfl.gov\/pt\/wp-json\/wp\/v2\/pages\/176199","targetHints":{"allow":["GET"]}}],"collection":[{"href":"https:\/\/www.miamibeachfl.gov\/pt\/wp-json\/wp\/v2\/pages"}],"about":[{"href":"https:\/\/www.miamibeachfl.gov\/pt\/wp-json\/wp\/v2\/types\/page"}],"author":[{"embeddable":true,"href":"https:\/\/www.miamibeachfl.gov\/pt\/wp-json\/wp\/v2\/users\/222"}],"replies":[{"embeddable":true,"href":"https:\/\/www.miamibeachfl.gov\/pt\/wp-json\/wp\/v2\/comments?post=176199"}],"version-history":[{"count":12,"href":"https:\/\/www.miamibeachfl.gov\/pt\/wp-json\/wp\/v2\/pages\/176199\/revisions"}],"predecessor-version":[{"id":399041,"href":"https:\/\/www.miamibeachfl.gov\/pt\/wp-json\/wp\/v2\/pages\/176199\/revisions\/399041"}],"wp:attachment":[{"href":"https:\/\/www.miamibeachfl.gov\/pt\/wp-json\/wp\/v2\/media?parent=176199"}],"wp:term":[{"taxonomy":"category","embeddable":true,"href":"https:\/\/www.miamibeachfl.gov\/pt\/wp-json\/wp\/v2\/categories?post=176199"},{"taxonomy":"post_tag","embeddable":true,"href":"https:\/\/www.miamibeachfl.gov\/pt\/wp-json\/wp\/v2\/tags?post=176199"}],"curies":[{"name":"wp","href":"https:\/\/api.w.org\/{rel}","templated":true}]}}