{"id":179847,"date":"2022-01-31T13:20:51","date_gmt":"2022-01-31T18:20:51","guid":{"rendered":"http:\/\/www.miamibeachfl.gov\/?page_id=179847"},"modified":"2026-03-03T10:54:53","modified_gmt":"2026-03-03T15:54:53","slug":"2021-covid-19-invitations-to-quote-itq-archived","status":"publish","type":"page","link":"https:\/\/www.miamibeachfl.gov\/pt\/city-hall\/procurement\/bid-opportunities\/current-bid-opportunities\/2021-covid-19-invitations-to-quote-itq-archived\/","title":{"rendered":"CONVITES PARA CITA\u00c7\u00c3O (ITQ) DA COVID-19 DE 2021 ARQUIVADOS"},"content":{"rendered":"<img decoding=\"async\" src=\"https:\/\/www.miamibeachfl.gov\/wp-content\/uploads\/2022\/07\/hero-small.jpg\" alt=\"ocean drive art deco buildings\" itemprop=\"image\" height=\"211\" width=\"2395\" title=\"her\u00f3i-pequeno\" onerror=\"this.style.display='none'\" loading=\"lazy\" \/>\n<h1>\n\t\t\tCONVITES PARA CITA\u00c7\u00c3O (ITQ) DA COVID-19 DE 2021 ARQUIVADOS\t<\/h1>\n\t<nav id=\"breadcrumbs\" aria-label=\"Migalhas de p\u00e3o\"><a href=\"https:\/\/www.miamibeachfl.gov\/pt\/\">Lar<\/a> &gt; <a href=\"https:\/\/www.miamibeachfl.gov\/pt\/city-hall\/\">Prefeitura<\/a> &gt; <a href=\"https:\/\/www.miamibeachfl.gov\/pt\/city-hall\/procurement\/\">Aquisi\u00e7\u00e3o<\/a> &gt; <a href=\"https:\/\/www.miamibeachfl.gov\/pt\/city-hall\/procurement\/bid-opportunities\/\">Oportunidades de Licita\u00e7\u00e3o<\/a> &gt; <a href=\"https:\/\/www.miamibeachfl.gov\/pt\/city-hall\/procurement\/bid-opportunities\/current-bid-opportunities\/\">Oportunidades de licita\u00e7\u00e3o atuais<\/a> &gt; <strong>CONVITES PARA CITA\u00c7\u00c3O (ITQ) DA COVID-19 DE 2021 ARQUIVADOS<\/strong><\/nav>\n\t<h3>CONVITES PARA CITA\u00c7\u00c3O (ITQ) DA COVID-19 DE 2021 ARQUIVADOS<\/h3>\n<p>Abaixo est\u00e3o os links para os pre\u00e7os recebidos em resposta aos convites para cota\u00e7\u00e3o (ITQ) emitidos pela Prefeitura para suprimentos relacionados \u00e0 COVID-19. Os pre\u00e7os listados n\u00e3o representam as compras finais. As compras finais dependem de muitos fatores, incluindo (mas n\u00e3o se limitando a): disponibilidade do produto e prazos de entrega, especifica\u00e7\u00f5es do produto, condi\u00e7\u00f5es de pagamento e custos. A Prefeitura reserva-se o direito de comprar quaisquer suprimentos relacionados \u00e0 COVID-19 de acordo com os ITQs listados, contratos da Prefeitura, contratos concedidos por outras ag\u00eancias ou compras no mercado aberto. Em caso de d\u00favidas, entre em contato com\u00a0<a href=\"mailto:VendorSupport@MiamiBeachFL.gov\">VendorSupport@miamibeachfl.gov<\/a>.<\/p>\n<ul>\n<li><a href=\"http:\/\/www.miamibeachfl.gov\/wp-content\/uploads\/2020\/12\/ITQ-2021-043-DF-for-Nitrile-Gloves.pdf\" target=\"_blank\" rel=\"noopener noreferrer\">ITQ 2021-043-DF \u2013 Para desinfetante para as m\u00e3os em gel<\/a><\/li>\n<li><a href=\"http:\/\/www.miamibeachfl.gov\/wp-content\/uploads\/2021\/01\/ITQ-2021-061-DF-For-Purchase-of-Disposable-Gloves.pdf\" target=\"_blank\" rel=\"noopener noreferrer\">ITQ 2021-061-DF \u2013 Para aquisi\u00e7\u00e3o de luvas descart\u00e1veis (sortidas)<\/a><\/li>\n<li><a href=\"http:\/\/www.miamibeachfl.gov\/wp-content\/uploads\/2021\/02\/ITQ-2021-116-DF-For-Gel-Hand-Sanitizer-1.pdf\" target=\"_blank\" rel=\"noopener noreferrer\">ITQ 2021-116-DF \u2013 Para desinfetante para as m\u00e3os em gel<\/a><\/li>\n<li><a href=\"http:\/\/www.miamibeachfl.gov\/wp-content\/uploads\/2021\/02\/2021-117-DF-Tab.pdf\" target=\"_blank\" rel=\"noopener noreferrer\">ITQ 2021-117-DF \u2013 Para aeross\u00f3is desinfetantes, l\u00edquidos desinfetantes a granel e nebulizadores<\/a><\/li>\n<li><a href=\"http:\/\/www.miamibeachfl.gov\/wp-content\/uploads\/2021\/02\/ITQ-2021-135-NA-For-Purchase-and-Delivery-of-Disposable-Gloves-1.pdf\" target=\"_blank\" rel=\"noopener noreferrer\">ITQ 2021-135-NA \u2013 Para Aquisi\u00e7\u00e3o de Luvas Descart\u00e1veis<\/a><\/li>\n<li><a href=\"http:\/\/www.miamibeachfl.gov\/wp-content\/uploads\/2021\/03\/ITQ-2021-132-JA-For-the-Purchase-Delivery-of-HVAC-MERV-13-Pleated-Air-Filters.pdf\" target=\"_blank\" rel=\"noopener noreferrer\">ITQ 2021-132-JA \u2013 Para a compra e entrega de filtros de ar plissados HVAC MERV 13<\/a><\/li>\n<li><a href=\"http:\/\/www.miamibeachfl.gov\/wp-content\/uploads\/2021\/03\/ITQ-2021-139-JA-For-the-Purchase-Delivery-of-For-3\u2010Ply-Masks.pdf\" target=\"_blank\" rel=\"noopener noreferrer\">ITQ 2021-139-JA \u2013 Para a compra e entrega de m\u00e1scaras de 3 camadas<\/a><\/li>\n<li><a href=\"http:\/\/www.miamibeachfl.gov\/wp-content\/uploads\/2021\/04\/ITQ-2021-194-NA-For-the-Purchase-Delivery-of-Disinfecting-Wipes.pdf\" target=\"_blank\" rel=\"noopener noreferrer\">ITQ 2021-194-NA \u2013 Para a compra e entrega de len\u00e7os desinfetantes<\/a><\/li>\n<li><a href=\"http:\/\/www.miamibeachfl.gov\/wp-content\/uploads\/2021\/05\/ITQ-2021-230-NA-For-the-Purchase-and-Delivery-of-Disposable-Gloves.pdf\" target=\"_blank\" rel=\"noopener noreferrer\">ITQ 2021-230-NA \u2013 Para a Compra e Entrega de Luvas Descart\u00e1veis<\/a><\/li>\n<\/ul>\n<p>Esteja ciente de que nossos esfor\u00e7os s\u00e3o cont\u00ednuos para continuar aprimorando e atender \u00e0s Diretrizes de Acessibilidade de Conte\u00fado da Web. Se voc\u00ea tiver d\u00favidas ou preocupa\u00e7\u00f5es espec\u00edficas sobre a acessibilidade deste site ou precisar de ajuda para usar os processos encontrados neste site, entre em contato conosco pelo telefone 305.204.2489, op\u00e7\u00e3o 6, ou online pelo <a href=\"https:\/\/www.miamibeachfl.gov\/pt\/city-hall\/public-works\/ada\/ada-request\/\">Formul\u00e1rio de solicita\u00e7\u00e3o ADA<\/a>Se voc\u00ea encontrar um problema de acessibilidade, certifique-se de especificar a p\u00e1gina da web e faremos todos os esfor\u00e7os razo\u00e1veis para torn\u00e1-la acess\u00edvel. Para mais informa\u00e7\u00f5es sobre a ADA, <a href=\"https:\/\/www.miamibeachfl.gov\/pt\/city-hall\/public-works\/ada\/\" target=\"_blank\" rel=\"noopener noreferrer\">Clique aqui<\/a>.<\/p>\n\t\tNavegar para\u2026\t\t\t\n\t\t\t\t\t<ul id=\"menu-procurement-bid-archives\"><li id=\"menu-item-363373\"><a href=\"\/pt\/city-hall\/procurement\/bid-opportunities\/current-bid-opportunities\/2020-covid-19-invitations-to-quote-itq-archived\/\">CONVITES PARA CITA\u00c7\u00c3O (ITQ) DA COVID-19 DE 2020 ARQUIVADOS<\/a><\/li>\n<li id=\"menu-item-363374\"><a href=\"\/pt\/city-hall\/procurement\/bid-opportunities\/current-bid-opportunities\/2021-covid-19-invitations-to-quote-itq-archived\/\">CONVITES PARA CITA\u00c7\u00c3O (ITQ) DA COVID-19 DE 2021 ARQUIVADOS<\/a><\/li>\n<\/ul>\t\n\t<div class=\"page-navigation\"><a class=\"prev-page\" href=\"https:\/\/www.miamibeachfl.gov\/pt\/community-development\/home-and-cdbg-2022-rfp\/\">\u2190 P\u00e1gina inicial e CDBG 2023 RFA<\/a> <a class=\"next-page\" href=\"https:\/\/www.miamibeachfl.gov\/pt\/city-hall\/procurement\/bid-opportunities\/\">Oportunidades de Licita\u00e7\u00e3o \u2192<\/a><\/div>","protected":false},"excerpt":{"rendered":"<p>CONVITES PARA COTA\u00c7\u00c3O (ITQ) DA COVID-19 DE 2021 ARQUIVADOS In\u00edcio &gt; Prefeitura &gt; Aquisi\u00e7\u00f5es &gt; Oportunidades de Licita\u00e7\u00e3o &gt; Oportunidades de Licita\u00e7\u00e3o Atuais [\u2026]<\/p>","protected":false},"author":26,"featured_media":0,"parent":28915,"menu_order":0,"comment_status":"closed","ping_status":"closed","template":"","meta":{"_searchwp_excluded":"","site-sidebar-layout":"default","site-content-layout":"","ast-site-content-layout":"default","site-content-style":"default","site-sidebar-style":"default","ast-global-header-display":"","ast-banner-title-visibility":"","ast-main-header-display":"","ast-hfb-above-header-display":"","ast-hfb-below-header-display":"","ast-hfb-mobile-header-display":"","site-post-title":"","ast-breadcrumbs-content":"","ast-featured-img":"","footer-sml-layout":"","theme-transparent-header-meta":"","adv-header-id-meta":"","stick-header-meta":"","header-above-stick-meta":"","header-main-stick-meta":"","header-below-stick-meta":"","astra-migrate-meta-layouts":"default","ast-page-background-enabled":"default","ast-page-background-meta":{"desktop":{"background-color":"var(--ast-global-color-5)","background-image":"","background-repeat":"repeat","background-position":"center center","background-size":"auto","background-attachment":"scroll","background-type":"","background-media":"","overlay-type":"","overlay-color":"","overlay-opacity":"","overlay-gradient":""},"tablet":{"background-color":"","background-image":"","background-repeat":"repeat","background-position":"center center","background-size":"auto","background-attachment":"scroll","background-type":"","background-media":"","overlay-type":"","overlay-color":"","overlay-opacity":"","overlay-gradient":""},"mobile":{"background-color":"","background-image":"","background-repeat":"repeat","background-position":"center center","background-size":"auto","background-attachment":"scroll","background-type":"","background-media":"","overlay-type":"","overlay-color":"","overlay-opacity":"","overlay-gradient":""}},"ast-content-background-meta":{"desktop":{"background-color":"var(--ast-global-color-4)","background-image":"","background-repeat":"repeat","background-position":"center center","background-size":"auto","background-attachment":"scroll","background-type":"","background-media":"","overlay-type":"","overlay-color":"","overlay-opacity":"","overlay-gradient":""},"tablet":{"background-color":"var(--ast-global-color-4)","background-image":"","background-repeat":"repeat","background-position":"center center","background-size":"auto","background-attachment":"scroll","background-type":"","background-media":"","overlay-type":"","overlay-color":"","overlay-opacity":"","overlay-gradient":""},"mobile":{"background-color":"var(--ast-global-color-4)","background-image":"","background-repeat":"repeat","background-position":"center center","background-size":"auto","background-attachment":"scroll","background-type":"","background-media":"","overlay-type":"","overlay-color":"","overlay-opacity":"","overlay-gradient":""}},"footnotes":""},"categories":[],"tags":[],"class_list":["post-179847","page","type-page","status-publish","hentry"],"yoast_head":"<!-- This site is optimized with the Yoast SEO Premium plugin v26.6 (Yoast SEO v26.6) - https:\/\/yoast.com\/wordpress\/plugins\/seo\/ -->\n<title>2021 COVID-19 INVITATIONS TO QUOTE (ITQ) ARCHIVED - City of Miami Beach<\/title>\n<meta name=\"description\" content=\"%\" \/>\n<meta name=\"robots\" content=\"index, follow, max-snippet:-1, max-image-preview:large, max-video-preview:-1\" \/>\n<link rel=\"canonical\" href=\"https:\/\/www.miamibeachfl.gov\/pt\/city-hall\/procurement\/bid-opportunities\/current-bid-opportunities\/2021-covid-19-invitations-to-quote-itq-archived\/\" \/>\n<meta property=\"og:locale\" content=\"pt_BR\" \/>\n<meta property=\"og:type\" content=\"article\" \/>\n<meta property=\"og:title\" content=\"2021 COVID-19 INVITATIONS TO QUOTE (ITQ) ARCHIVED\" \/>\n<meta property=\"og:description\" content=\"%\" \/>\n<meta property=\"og:url\" content=\"https:\/\/www.miamibeachfl.gov\/pt\/city-hall\/procurement\/bid-opportunities\/current-bid-opportunities\/2021-covid-19-invitations-to-quote-itq-archived\/\" \/>\n<meta property=\"og:site_name\" content=\"City of Miami Beach\" \/>\n<meta property=\"article:publisher\" content=\"https:\/\/www.facebook.com\/cityofmiamibeach\" \/>\n<meta property=\"article:modified_time\" content=\"2026-03-03T15:54:53+00:00\" \/>\n<meta property=\"og:image\" content=\"https:\/\/www.miamibeachfl.gov\/wp-content\/uploads\/2022\/07\/hero-small.jpg\" \/>\n<meta name=\"twitter:card\" content=\"summary_large_image\" \/>\n<meta name=\"twitter:site\" content=\"@Miamibeachnews\" \/>\n<script type=\"application\/ld+json\" class=\"yoast-schema-graph\">{\"@context\":\"https:\/\/schema.org\",\"@graph\":[{\"@type\":\"WebPage\",\"@id\":\"https:\/\/www.miamibeachfl.gov\/city-hall\/procurement\/bid-opportunities\/current-bid-opportunities\/2021-covid-19-invitations-to-quote-itq-archived\/\",\"url\":\"https:\/\/www.miamibeachfl.gov\/city-hall\/procurement\/bid-opportunities\/current-bid-opportunities\/2021-covid-19-invitations-to-quote-itq-archived\/\",\"name\":\"2021 COVID-19 INVITATIONS TO QUOTE (ITQ) ARCHIVED - City of Miami Beach\",\"isPartOf\":{\"@id\":\"https:\/\/www.miamibeachfl.gov\/#website\"},\"primaryImageOfPage\":{\"@id\":\"https:\/\/www.miamibeachfl.gov\/city-hall\/procurement\/bid-opportunities\/current-bid-opportunities\/2021-covid-19-invitations-to-quote-itq-archived\/#primaryimage\"},\"image\":{\"@id\":\"https:\/\/www.miamibeachfl.gov\/city-hall\/procurement\/bid-opportunities\/current-bid-opportunities\/2021-covid-19-invitations-to-quote-itq-archived\/#primaryimage\"},\"thumbnailUrl\":\"https:\/\/www.miamibeachfl.gov\/wp-content\/uploads\/2022\/07\/hero-small.jpg\",\"datePublished\":\"2022-01-31T18:20:51+00:00\",\"dateModified\":\"2026-03-03T15:54:53+00:00\",\"description\":\"%\",\"breadcrumb\":{\"@id\":\"https:\/\/www.miamibeachfl.gov\/city-hall\/procurement\/bid-opportunities\/current-bid-opportunities\/2021-covid-19-invitations-to-quote-itq-archived\/#breadcrumb\"},\"inLanguage\":\"pt-BR\",\"potentialAction\":[{\"@type\":\"ReadAction\",\"target\":[\"https:\/\/www.miamibeachfl.gov\/city-hall\/procurement\/bid-opportunities\/current-bid-opportunities\/2021-covid-19-invitations-to-quote-itq-archived\/\"]}]},{\"@type\":\"ImageObject\",\"inLanguage\":\"pt-BR\",\"@id\":\"https:\/\/www.miamibeachfl.gov\/city-hall\/procurement\/bid-opportunities\/current-bid-opportunities\/2021-covid-19-invitations-to-quote-itq-archived\/#primaryimage\",\"url\":\"https:\/\/www.miamibeachfl.gov\/wp-content\/uploads\/2022\/07\/hero-small.jpg\",\"contentUrl\":\"https:\/\/www.miamibeachfl.gov\/wp-content\/uploads\/2022\/07\/hero-small.jpg\"},{\"@type\":\"BreadcrumbList\",\"@id\":\"https:\/\/www.miamibeachfl.gov\/city-hall\/procurement\/bid-opportunities\/current-bid-opportunities\/2021-covid-19-invitations-to-quote-itq-archived\/#breadcrumb\",\"itemListElement\":[{\"@type\":\"ListItem\",\"position\":1,\"name\":\"Home\",\"item\":\"https:\/\/www.miamibeachfl.gov\/\"},{\"@type\":\"ListItem\",\"position\":2,\"name\":\"City Hall\",\"item\":\"https:\/\/www.miamibeachfl.gov\/city-hall\/\"},{\"@type\":\"ListItem\",\"position\":3,\"name\":\"Procurement\",\"item\":\"https:\/\/www.miamibeachfl.gov\/city-hall\/procurement\/\"},{\"@type\":\"ListItem\",\"position\":4,\"name\":\"Bid Opportunities\",\"item\":\"https:\/\/www.miamibeachfl.gov\/city-hall\/procurement\/bid-opportunities\/\"},{\"@type\":\"ListItem\",\"position\":5,\"name\":\"Current Bid Opportunities\",\"item\":\"https:\/\/www.miamibeachfl.gov\/city-hall\/procurement\/bid-opportunities\/current-bid-opportunities\/\"},{\"@type\":\"ListItem\",\"position\":6,\"name\":\"2021 COVID-19 INVITATIONS TO QUOTE (ITQ) ARCHIVED\"}]},{\"@type\":\"WebSite\",\"@id\":\"https:\/\/www.miamibeachfl.gov\/#website\",\"url\":\"https:\/\/www.miamibeachfl.gov\/\",\"name\":\"City of Miami Beach\",\"description\":\"The official website of the City of Miami Beach. Stay informed, find important information on city services, news, alerts, events, trolley routes, government employment and more.\",\"publisher\":{\"@id\":\"https:\/\/www.miamibeachfl.gov\/#organization\"},\"potentialAction\":[{\"@type\":\"SearchAction\",\"target\":{\"@type\":\"EntryPoint\",\"urlTemplate\":\"https:\/\/www.miamibeachfl.gov\/?s={search_term_string}\"},\"query-input\":{\"@type\":\"PropertyValueSpecification\",\"valueRequired\":true,\"valueName\":\"search_term_string\"}}],\"inLanguage\":\"pt-BR\"},{\"@type\":\"Organization\",\"@id\":\"https:\/\/www.miamibeachfl.gov\/#organization\",\"name\":\"City of Miami Beach\",\"url\":\"https:\/\/www.miamibeachfl.gov\/\",\"logo\":{\"@type\":\"ImageObject\",\"inLanguage\":\"pt-BR\",\"@id\":\"https:\/\/www.miamibeachfl.gov\/#\/schema\/logo\/image\/\",\"url\":\"https:\/\/www.miamibeachfl.gov\/wp-content\/uploads\/2022\/06\/miamibeach-logoblue.png\",\"contentUrl\":\"https:\/\/www.miamibeachfl.gov\/wp-content\/uploads\/2022\/06\/miamibeach-logoblue.png\",\"width\":1962,\"height\":381,\"caption\":\"City of Miami Beach\"},\"image\":{\"@id\":\"https:\/\/www.miamibeachfl.gov\/#\/schema\/logo\/image\/\"},\"sameAs\":[\"https:\/\/www.facebook.com\/cityofmiamibeach\",\"https:\/\/x.com\/Miamibeachnews\",\"https:\/\/www.instagram.com\/miamibeachnews\/\"],\"description\":\"The official website of the City of Miami Beach. Stay informed, find important information on city services, news, alerts, events, trolley routes, government employment and more.\",\"telephone\":\"305.604.CITY(2489)\",\"legalName\":\"City of Miami Beach\"}]}<\/script>\n<!-- \/ Yoast SEO Premium plugin. -->","yoast_head_json":{"title":"CONVITES PARA COTA\u00c7\u00c3O (ITQ) DA COVID-19 DE 2021 ARQUIVADOS - Cidade de Miami Beach","description":"%","robots":{"index":"index","follow":"follow","max-snippet":"max-snippet:-1","max-image-preview":"max-image-preview:large","max-video-preview":"max-video-preview:-1"},"canonical":"https:\/\/www.miamibeachfl.gov\/pt\/city-hall\/procurement\/bid-opportunities\/current-bid-opportunities\/2021-covid-19-invitations-to-quote-itq-archived\/","og_locale":"pt_BR","og_type":"article","og_title":"2021 COVID-19 INVITATIONS TO QUOTE (ITQ) ARCHIVED","og_description":"%","og_url":"https:\/\/www.miamibeachfl.gov\/pt\/city-hall\/procurement\/bid-opportunities\/current-bid-opportunities\/2021-covid-19-invitations-to-quote-itq-archived\/","og_site_name":"City of Miami Beach","article_publisher":"https:\/\/www.facebook.com\/cityofmiamibeach","article_modified_time":"2026-03-03T15:54:53+00:00","og_image":[{"url":"https:\/\/www.miamibeachfl.gov\/wp-content\/uploads\/2022\/07\/hero-small.jpg","type":"","width":"","height":""}],"twitter_card":"summary_large_image","twitter_site":"@Miamibeachnews","schema":{"@context":"https:\/\/schema.org","@graph":[{"@type":"WebPage","@id":"https:\/\/www.miamibeachfl.gov\/city-hall\/procurement\/bid-opportunities\/current-bid-opportunities\/2021-covid-19-invitations-to-quote-itq-archived\/","url":"https:\/\/www.miamibeachfl.gov\/city-hall\/procurement\/bid-opportunities\/current-bid-opportunities\/2021-covid-19-invitations-to-quote-itq-archived\/","name":"CONVITES PARA COTA\u00c7\u00c3O (ITQ) DA COVID-19 DE 2021 ARQUIVADOS - Cidade de Miami Beach","isPartOf":{"@id":"https:\/\/www.miamibeachfl.gov\/#website"},"primaryImageOfPage":{"@id":"https:\/\/www.miamibeachfl.gov\/city-hall\/procurement\/bid-opportunities\/current-bid-opportunities\/2021-covid-19-invitations-to-quote-itq-archived\/#primaryimage"},"image":{"@id":"https:\/\/www.miamibeachfl.gov\/city-hall\/procurement\/bid-opportunities\/current-bid-opportunities\/2021-covid-19-invitations-to-quote-itq-archived\/#primaryimage"},"thumbnailUrl":"https:\/\/www.miamibeachfl.gov\/wp-content\/uploads\/2022\/07\/hero-small.jpg","datePublished":"2022-01-31T18:20:51+00:00","dateModified":"2026-03-03T15:54:53+00:00","description":"%","breadcrumb":{"@id":"https:\/\/www.miamibeachfl.gov\/city-hall\/procurement\/bid-opportunities\/current-bid-opportunities\/2021-covid-19-invitations-to-quote-itq-archived\/#breadcrumb"},"inLanguage":"pt-BR","potentialAction":[{"@type":"ReadAction","target":["https:\/\/www.miamibeachfl.gov\/city-hall\/procurement\/bid-opportunities\/current-bid-opportunities\/2021-covid-19-invitations-to-quote-itq-archived\/"]}]},{"@type":"ImageObject","inLanguage":"pt-BR","@id":"https:\/\/www.miamibeachfl.gov\/city-hall\/procurement\/bid-opportunities\/current-bid-opportunities\/2021-covid-19-invitations-to-quote-itq-archived\/#primaryimage","url":"https:\/\/www.miamibeachfl.gov\/wp-content\/uploads\/2022\/07\/hero-small.jpg","contentUrl":"https:\/\/www.miamibeachfl.gov\/wp-content\/uploads\/2022\/07\/hero-small.jpg"},{"@type":"BreadcrumbList","@id":"https:\/\/www.miamibeachfl.gov\/city-hall\/procurement\/bid-opportunities\/current-bid-opportunities\/2021-covid-19-invitations-to-quote-itq-archived\/#breadcrumb","itemListElement":[{"@type":"ListItem","position":1,"name":"Home","item":"https:\/\/www.miamibeachfl.gov\/"},{"@type":"ListItem","position":2,"name":"City Hall","item":"https:\/\/www.miamibeachfl.gov\/city-hall\/"},{"@type":"ListItem","position":3,"name":"Procurement","item":"https:\/\/www.miamibeachfl.gov\/city-hall\/procurement\/"},{"@type":"ListItem","position":4,"name":"Bid Opportunities","item":"https:\/\/www.miamibeachfl.gov\/city-hall\/procurement\/bid-opportunities\/"},{"@type":"ListItem","position":5,"name":"Current Bid Opportunities","item":"https:\/\/www.miamibeachfl.gov\/city-hall\/procurement\/bid-opportunities\/current-bid-opportunities\/"},{"@type":"ListItem","position":6,"name":"2021 COVID-19 INVITATIONS TO QUOTE (ITQ) ARCHIVED"}]},{"@type":"WebSite","@id":"https:\/\/www.miamibeachfl.gov\/#website","url":"https:\/\/www.miamibeachfl.gov\/","name":"Cidade de Miami Beach","description":"Site oficial da cidade de Miami Beach. Mantenha-se informado e encontre informa\u00e7\u00f5es importantes sobre servi\u00e7os municipais, not\u00edcias, alertas, eventos, rotas de bonde, empregos p\u00fablicos e muito mais.","publisher":{"@id":"https:\/\/www.miamibeachfl.gov\/#organization"},"potentialAction":[{"@type":"SearchAction","target":{"@type":"EntryPoint","urlTemplate":"https:\/\/www.miamibeachfl.gov\/?s={search_term_string}"},"query-input":{"@type":"PropertyValueSpecification","valueRequired":true,"valueName":"search_term_string"}}],"inLanguage":"pt-BR"},{"@type":"Organization","@id":"https:\/\/www.miamibeachfl.gov\/#organization","name":"Cidade de Miami Beach","url":"https:\/\/www.miamibeachfl.gov\/","logo":{"@type":"ImageObject","inLanguage":"pt-BR","@id":"https:\/\/www.miamibeachfl.gov\/#\/schema\/logo\/image\/","url":"https:\/\/www.miamibeachfl.gov\/wp-content\/uploads\/2022\/06\/miamibeach-logoblue.png","contentUrl":"https:\/\/www.miamibeachfl.gov\/wp-content\/uploads\/2022\/06\/miamibeach-logoblue.png","width":1962,"height":381,"caption":"City of Miami Beach"},"image":{"@id":"https:\/\/www.miamibeachfl.gov\/#\/schema\/logo\/image\/"},"sameAs":["https:\/\/www.facebook.com\/cityofmiamibeach","https:\/\/x.com\/Miamibeachnews","https:\/\/www.instagram.com\/miamibeachnews\/"],"description":"Site oficial da cidade de Miami Beach. Mantenha-se informado e encontre informa\u00e7\u00f5es importantes sobre servi\u00e7os municipais, not\u00edcias, alertas, eventos, rotas de bonde, empregos p\u00fablicos e muito mais.","telephone":"305.604.CITY(2489)","legalName":"City of Miami Beach"}]}},"_links":{"self":[{"href":"https:\/\/www.miamibeachfl.gov\/pt\/wp-json\/wp\/v2\/pages\/179847","targetHints":{"allow":["GET"]}}],"collection":[{"href":"https:\/\/www.miamibeachfl.gov\/pt\/wp-json\/wp\/v2\/pages"}],"about":[{"href":"https:\/\/www.miamibeachfl.gov\/pt\/wp-json\/wp\/v2\/types\/page"}],"author":[{"embeddable":true,"href":"https:\/\/www.miamibeachfl.gov\/pt\/wp-json\/wp\/v2\/users\/26"}],"replies":[{"embeddable":true,"href":"https:\/\/www.miamibeachfl.gov\/pt\/wp-json\/wp\/v2\/comments?post=179847"}],"version-history":[{"count":0,"href":"https:\/\/www.miamibeachfl.gov\/pt\/wp-json\/wp\/v2\/pages\/179847\/revisions"}],"up":[{"embeddable":true,"href":"https:\/\/www.miamibeachfl.gov\/pt\/wp-json\/wp\/v2\/pages\/28915"}],"wp:attachment":[{"href":"https:\/\/www.miamibeachfl.gov\/pt\/wp-json\/wp\/v2\/media?parent=179847"}],"wp:term":[{"taxonomy":"category","embeddable":true,"href":"https:\/\/www.miamibeachfl.gov\/pt\/wp-json\/wp\/v2\/categories?post=179847"},{"taxonomy":"post_tag","embeddable":true,"href":"https:\/\/www.miamibeachfl.gov\/pt\/wp-json\/wp\/v2\/tags?post=179847"}],"curies":[{"name":"wp","href":"https:\/\/api.w.org\/{rel}","templated":true}]}}