{"id":181077,"date":"2022-02-16T14:05:13","date_gmt":"2022-02-16T19:05:13","guid":{"rendered":"http:\/\/www.miamibeachfl.gov\/?page_id=181077"},"modified":"2025-06-02T21:58:40","modified_gmt":"2025-06-03T01:58:40","slug":"february-2022-business-spotlight","status":"publish","type":"page","link":"https:\/\/www.miamibeachfl.gov\/pt\/spotlight\/february-2022-business-spotlight\/","title":{"rendered":"Destaque de neg\u00f3cios de fevereiro de 2022"},"content":{"rendered":"<h5>\n\t\t<a href=\"https:\/\/www.miamibeachfl.gov\/pt\/mbbiznews\/\" title=\"Assine aqui para receber o boletim de neg\u00f3cios da cidade mensalmente em sua caixa de entrada.\"  target=\"_blank\"  rel=\"noopener\">\n\t\t\tAssine aqui para receber o boletim de neg\u00f3cios da cidade mensalmente em sua caixa de entrada.\t\t<\/a>\n\t<\/h5>\n<h5>\n\t\t<a href=\"https:\/\/myemail.constantcontact.com\/Stay-connected-with-MB-Biz-.html?soid=1011085968389&#038;aid=U1YprmvyyMI\" title=\"Boletim de Neg\u00f3cios\"  target=\"_blank\"  rel=\"noopener\">\n\t\t\tBoletim de Neg\u00f3cios\t\t<\/a>\n\t<\/h5>\n<h3>\n\t\t\tO Fat Ronnie&#039;s Burger Bar traz a anima\u00e7\u00e3o para Miami Beach\t<\/h3>\n\t<p>O Fat Ronnie&#039;s Burger Bar representa cinco gera\u00e7\u00f5es de hamb\u00fargueres gastron\u00f4micos \u2013 do Harlem a Martha&#039;s Vineyard e agora Miami Beach. A joia culin\u00e1ria localizada na Lincoln Rd., 1233, \u00e9 um pequeno neg\u00f3cio familiar, administrado pelo morador Reynaldo &quot;Ronnie&quot; Faust, que serve a comunidade de Miami Beach com cria\u00e7\u00f5es deliciosas desde mar\u00e7o de 2020.<\/p>\n<p>O neg\u00f3cio de hamb\u00fargueres da fam\u00edlia foi criado pela av\u00f3 de Ronnie, Maxine. Al\u00e9m de ser a primeira a\u00e7ougueira negra sindicalizada do pa\u00eds, ela fundou a Maxine&#039;s em 1972, uma hamburgueria no bairro do Harlem, em Nova York. Embora pequena, Maxine estava determinada a ter sucesso no setor de a\u00e7ougues, dominado por homens. Da d\u00e9cada de 1950 ao in\u00edcio dos anos 2000, os principais restaurantes, bares e a\u00e7ougues administrados pela fam\u00edlia Ronnie no Harlem incluem Maxine&#039;s, Meat Masters, Twenty-Two West, Dolls Bar e Jewel&#039;s Bar.<\/p>\n<p>\u201cDesde cedo, trabalhei com a minha fam\u00edlia, no restaurante e a\u00e7ougue da minha av\u00f3, aprendendo receitas autorais e aperfei\u00e7oando a arte de fazer hamb\u00fargueres\u201d, compartilhou Ronnie. \u201cEm 2013, expandi o neg\u00f3cio de hamb\u00fargueres da fam\u00edlia abrindo meu primeiro conceito de hamb\u00farguer<em>, <\/em>\u201cFat Ronnie\u2019s Burger Bar em Martha\u2019s Vineyard.\u201d<\/p>\n<p>O Fat Ronnie&#039;s Burger Bar combinou as receitas exclusivas de Maxine com um conceito moderno de hamb\u00farguer &quot;monte seu pr\u00f3prio&quot; e se tornou \u2013 e continua sendo \u2013 um favorito local e um ponto tur\u00edstico popular em Martha&#039;s Vineyard. O sucesso do Fat Ronnie&#039;s Burger Bar levou Ronnie a explorar um segundo local. Depois de considerar outro local em Nova York, Ronnie decidiu pela popular Lincoln Road, em Miami Beach, que tamb\u00e9m \u00e9 sua casa de inverno desde 1989.<\/p>\n<p>\u201cInfelizmente, minha grande inaugura\u00e7\u00e3o estava marcada para mar\u00e7o de 2020 \u2013 literalmente quando os restaurantes de Miami Beach e o mundo todo \u2013 estavam fechando devido \u00e0 pandemia\u201d, disse Ronnie. \u201cFoi uma jornada realmente dif\u00edcil, porque \u00e9ramos novos na comunidade e ningu\u00e9m conhecia o Fat Ronnie&#039;s Burger Bar. Mas perseveramos e respeitamos o compromisso dos nossos ancestrais com a nossa heran\u00e7a e cultura, incluindo meu bisav\u00f4, James, que tamb\u00e9m era a\u00e7ougueiro, e minha querida av\u00f3, Maxine, a matriarca da fam\u00edlia. A capacidade deles de superar preconceitos e prosperar me fortalece. Meu pai, Ronald, o Fat Ronnie original, e minha filha, Reyna, uma hamburgueria de quinta gera\u00e7\u00e3o, me motivam a buscar a excel\u00eancia\u201d, acrescentou Ronnie.<\/p>\n\t\t\t\t<img decoding=\"async\" src=\"http:\/\/www.miamibeachfl.gov\/wp-content\/uploads\/2022\/02\/Fat-Ronnie.jpg\" alt=\"Fat Ronnie\" itemprop=\"image\" title=\"Ronnie Gordo\" onerror=\"this.style.display='none'\" loading='lazy' \/>\n\t<em>Os sandu\u00edches gourmet do Fat Ronnie s\u00e3o totalmente personaliz\u00e1veis com mais de 32 coberturas diferentes<br \/>\ne pode ser combinado com batatas fritas de mandioca ou tostones apenas no local de Miami Beach<\/em>\n\t<p>Apesar dos muitos obst\u00e1culos enfrentados durante a pandemia, o Fat Ronnie&#039;s Burger Bar continua aberto, em parte gra\u00e7as ao legado \u00fanico de neg\u00f3cios familiares de Ronnie e ao apoio de sua fam\u00edlia e de Miami Beach. Ronnie se orgulha de ter conseguido manter seus funcion\u00e1rios em Miami Beach durante a pandemia. Quando perguntado sobre que conselho daria a outros pequenos neg\u00f3cios que est\u00e3o abrindo em Miami Beach, Ronnie incentiva os empreendedores a encontrar um nicho \u00fanico e come\u00e7ar pequeno.<\/p>\n<p>Hoje, o Fat Ronnie&#039;s Burger Bar est\u00e1 lotado e ativo novamente! Os dois itens mais populares do card\u00e1pio s\u00e3o o hamb\u00farguer Black Angus de 270g do Fat Ronnie e o rolinho de lagosta de 225g, feito com carne de lagosta do Maine, e um toque de maionese em um rolinho de batata torrada com manteiga. Os sandu\u00edches gourmet s\u00e3o totalmente personalizados, com mais de 32 ingredientes diferentes. Os favoritos de Miami Beach incluem batatas fritas de mandioca e tostones, feitos com sabores locais e influ\u00eancia caribenha. Membro comprometido da comunidade de pequenas empresas, o Fat Ronnie&#039;s Burger Bar oferece descontos para socorristas e funcion\u00e1rios locais da Nike, Lululemon, Trader Joe&#039;s e muito mais.<\/p>\n<p>Para mais informa\u00e7\u00f5es, visite o site deles em <strong><a href=\"http:\/\/www.fatronniesburgerbar.com\">www.fatronniesburgerbar.com<\/a><\/strong><\/p>","protected":false},"excerpt":{"rendered":"<p>Subscribe here to receive the City&#8217;s business newsletter to your inbox monthly. Business Newsletter Fat Ronnie&#8217;s Burger Bar Brings the [&hellip;]<\/p>\n","protected":false},"author":222,"featured_media":0,"parent":253255,"menu_order":0,"comment_status":"closed","ping_status":"closed","template":"","meta":{"_searchwp_excluded":"","site-sidebar-layout":"default","site-content-layout":"","ast-site-content-layout":"default","site-content-style":"default","site-sidebar-style":"default","ast-global-header-display":"","ast-banner-title-visibility":"","ast-main-header-display":"","ast-hfb-above-header-display":"","ast-hfb-below-header-display":"","ast-hfb-mobile-header-display":"","site-post-title":"","ast-breadcrumbs-content":"","ast-featured-img":"","footer-sml-layout":"","theme-transparent-header-meta":"","adv-header-id-meta":"","stick-header-meta":"","header-above-stick-meta":"","header-main-stick-meta":"","header-below-stick-meta":"","astra-migrate-meta-layouts":"default","ast-page-background-enabled":"default","ast-page-background-meta":{"desktop":{"background-color":"var(--ast-global-color-5)","background-image":"","background-repeat":"repeat","background-position":"center center","background-size":"auto","background-attachment":"scroll","background-type":"","background-media":"","overlay-type":"","overlay-color":"","overlay-opacity":"","overlay-gradient":""},"tablet":{"background-color":"","background-image":"","background-repeat":"repeat","background-position":"center center","background-size":"auto","background-attachment":"scroll","background-type":"","background-media":"","overlay-type":"","overlay-color":"","overlay-opacity":"","overlay-gradient":""},"mobile":{"background-color":"","background-image":"","background-repeat":"repeat","background-position":"center center","background-size":"auto","background-attachment":"scroll","background-type":"","background-media":"","overlay-type":"","overlay-color":"","overlay-opacity":"","overlay-gradient":""}},"ast-content-background-meta":{"desktop":{"background-color":"var(--ast-global-color-4)","background-image":"","background-repeat":"repeat","background-position":"center center","background-size":"auto","background-attachment":"scroll","background-type":"","background-media":"","overlay-type":"","overlay-color":"","overlay-opacity":"","overlay-gradient":""},"tablet":{"background-color":"var(--ast-global-color-4)","background-image":"","background-repeat":"repeat","background-position":"center center","background-size":"auto","background-attachment":"scroll","background-type":"","background-media":"","overlay-type":"","overlay-color":"","overlay-opacity":"","overlay-gradient":""},"mobile":{"background-color":"var(--ast-global-color-4)","background-image":"","background-repeat":"repeat","background-position":"center center","background-size":"auto","background-attachment":"scroll","background-type":"","background-media":"","overlay-type":"","overlay-color":"","overlay-opacity":"","overlay-gradient":""}},"footnotes":""},"categories":[],"tags":[],"class_list":["post-181077","page","type-page","status-publish","hentry"],"yoast_head":"<!-- This site is optimized with the Yoast SEO Premium plugin v27.4 (Yoast SEO v27.4) - https:\/\/yoast.com\/product\/yoast-seo-premium-wordpress\/ -->\n<title>February 2022 Business Spotlight - City of Miami Beach<\/title>\n<meta name=\"description\" content=\"%\" \/>\n<meta name=\"robots\" content=\"index, follow, max-snippet:-1, max-image-preview:large, max-video-preview:-1\" \/>\n<link rel=\"canonical\" href=\"https:\/\/www.miamibeachfl.gov\/pt\/spotlight\/february-2022-business-spotlight\/\" \/>\n<meta property=\"og:locale\" content=\"pt_BR\" \/>\n<meta property=\"og:type\" content=\"article\" \/>\n<meta property=\"og:title\" content=\"February 2022 Business Spotlight\" \/>\n<meta property=\"og:description\" content=\"%\" \/>\n<meta property=\"og:url\" content=\"https:\/\/www.miamibeachfl.gov\/pt\/spotlight\/february-2022-business-spotlight\/\" \/>\n<meta property=\"og:site_name\" content=\"City of Miami Beach\" \/>\n<meta property=\"article:publisher\" content=\"https:\/\/www.facebook.com\/cityofmiamibeach\" \/>\n<meta property=\"article:modified_time\" content=\"2025-06-03T01:58:40+00:00\" \/>\n<meta property=\"og:image\" content=\"http:\/\/www.miamibeachfl.gov\/wp-content\/uploads\/2022\/02\/Fat-Ronnie.jpg\" \/>\n<meta name=\"twitter:card\" content=\"summary_large_image\" \/>\n<meta name=\"twitter:site\" content=\"@Miamibeachnews\" \/>\n<script type=\"application\/ld+json\" class=\"yoast-schema-graph\">{\"@context\":\"https:\\\/\\\/schema.org\",\"@graph\":[{\"@type\":\"WebPage\",\"@id\":\"https:\\\/\\\/www.miamibeachfl.gov\\\/spotlight\\\/february-2022-business-spotlight\\\/\",\"url\":\"https:\\\/\\\/www.miamibeachfl.gov\\\/spotlight\\\/february-2022-business-spotlight\\\/\",\"name\":\"February 2022 Business Spotlight - City of Miami Beach\",\"isPartOf\":{\"@id\":\"https:\\\/\\\/www.miamibeachfl.gov\\\/#website\"},\"primaryImageOfPage\":{\"@id\":\"https:\\\/\\\/www.miamibeachfl.gov\\\/spotlight\\\/february-2022-business-spotlight\\\/#primaryimage\"},\"image\":{\"@id\":\"https:\\\/\\\/www.miamibeachfl.gov\\\/spotlight\\\/february-2022-business-spotlight\\\/#primaryimage\"},\"thumbnailUrl\":\"http:\\\/\\\/www.miamibeachfl.gov\\\/wp-content\\\/uploads\\\/2022\\\/02\\\/Fat-Ronnie.jpg\",\"datePublished\":\"2022-02-16T19:05:13+00:00\",\"dateModified\":\"2025-06-03T01:58:40+00:00\",\"description\":\"%\",\"breadcrumb\":{\"@id\":\"https:\\\/\\\/www.miamibeachfl.gov\\\/spotlight\\\/february-2022-business-spotlight\\\/#breadcrumb\"},\"inLanguage\":\"pt-BR\",\"potentialAction\":[{\"@type\":\"ReadAction\",\"target\":[\"https:\\\/\\\/www.miamibeachfl.gov\\\/spotlight\\\/february-2022-business-spotlight\\\/\"]}]},{\"@type\":\"ImageObject\",\"inLanguage\":\"pt-BR\",\"@id\":\"https:\\\/\\\/www.miamibeachfl.gov\\\/spotlight\\\/february-2022-business-spotlight\\\/#primaryimage\",\"url\":\"http:\\\/\\\/www.miamibeachfl.gov\\\/wp-content\\\/uploads\\\/2022\\\/02\\\/Fat-Ronnie.jpg\",\"contentUrl\":\"http:\\\/\\\/www.miamibeachfl.gov\\\/wp-content\\\/uploads\\\/2022\\\/02\\\/Fat-Ronnie.jpg\"},{\"@type\":\"BreadcrumbList\",\"@id\":\"https:\\\/\\\/www.miamibeachfl.gov\\\/spotlight\\\/february-2022-business-spotlight\\\/#breadcrumb\",\"itemListElement\":[{\"@type\":\"ListItem\",\"position\":1,\"name\":\"Home\",\"item\":\"https:\\\/\\\/www.miamibeachfl.gov\\\/\"},{\"@type\":\"ListItem\",\"position\":2,\"name\":\"Business Newsletters and Spotlights\",\"item\":\"https:\\\/\\\/www.miamibeachfl.gov\\\/spotlight\\\/\"},{\"@type\":\"ListItem\",\"position\":3,\"name\":\"February 2022 Business Spotlight\"}]},{\"@type\":\"WebSite\",\"@id\":\"https:\\\/\\\/www.miamibeachfl.gov\\\/#website\",\"url\":\"https:\\\/\\\/www.miamibeachfl.gov\\\/\",\"name\":\"City of Miami Beach\",\"description\":\"The official website of the City of Miami Beach. Stay informed, find important information on city services, news, alerts, events, trolley routes, government employment and more.\",\"publisher\":{\"@id\":\"https:\\\/\\\/www.miamibeachfl.gov\\\/#organization\"},\"potentialAction\":[{\"@type\":\"SearchAction\",\"target\":{\"@type\":\"EntryPoint\",\"urlTemplate\":\"https:\\\/\\\/www.miamibeachfl.gov\\\/?s={search_term_string}\"},\"query-input\":{\"@type\":\"PropertyValueSpecification\",\"valueRequired\":true,\"valueName\":\"search_term_string\"}}],\"inLanguage\":\"pt-BR\"},{\"@type\":\"Organization\",\"@id\":\"https:\\\/\\\/www.miamibeachfl.gov\\\/#organization\",\"name\":\"City of Miami Beach\",\"url\":\"https:\\\/\\\/www.miamibeachfl.gov\\\/\",\"logo\":{\"@type\":\"ImageObject\",\"inLanguage\":\"pt-BR\",\"@id\":\"https:\\\/\\\/www.miamibeachfl.gov\\\/#\\\/schema\\\/logo\\\/image\\\/\",\"url\":\"https:\\\/\\\/www.miamibeachfl.gov\\\/wp-content\\\/uploads\\\/2022\\\/06\\\/miamibeach-logoblue.png\",\"contentUrl\":\"https:\\\/\\\/www.miamibeachfl.gov\\\/wp-content\\\/uploads\\\/2022\\\/06\\\/miamibeach-logoblue.png\",\"width\":1962,\"height\":381,\"caption\":\"City of Miami Beach\"},\"image\":{\"@id\":\"https:\\\/\\\/www.miamibeachfl.gov\\\/#\\\/schema\\\/logo\\\/image\\\/\"},\"sameAs\":[\"https:\\\/\\\/www.facebook.com\\\/cityofmiamibeach\",\"https:\\\/\\\/x.com\\\/Miamibeachnews\",\"https:\\\/\\\/www.instagram.com\\\/miamibeachnews\\\/\"],\"description\":\"The official website of the City of Miami Beach. Stay informed, find important information on city services, news, alerts, events, trolley routes, government employment and more.\",\"telephone\":\"305.604.CITY(2489)\",\"legalName\":\"City of Miami Beach\"}]}<\/script>\n<!-- \/ Yoast SEO Premium plugin. -->","yoast_head_json":{"title":"Destaque de neg\u00f3cios de fevereiro de 2022 - Cidade de Miami Beach","description":"%","robots":{"index":"index","follow":"follow","max-snippet":"max-snippet:-1","max-image-preview":"max-image-preview:large","max-video-preview":"max-video-preview:-1"},"canonical":"https:\/\/www.miamibeachfl.gov\/pt\/spotlight\/february-2022-business-spotlight\/","og_locale":"pt_BR","og_type":"article","og_title":"February 2022 Business Spotlight","og_description":"%","og_url":"https:\/\/www.miamibeachfl.gov\/pt\/spotlight\/february-2022-business-spotlight\/","og_site_name":"City of Miami Beach","article_publisher":"https:\/\/www.facebook.com\/cityofmiamibeach","article_modified_time":"2025-06-03T01:58:40+00:00","og_image":[{"url":"http:\/\/www.miamibeachfl.gov\/wp-content\/uploads\/2022\/02\/Fat-Ronnie.jpg","type":"","width":"","height":""}],"twitter_card":"summary_large_image","twitter_site":"@Miamibeachnews","schema":{"@context":"https:\/\/schema.org","@graph":[{"@type":"WebPage","@id":"https:\/\/www.miamibeachfl.gov\/spotlight\/february-2022-business-spotlight\/","url":"https:\/\/www.miamibeachfl.gov\/spotlight\/february-2022-business-spotlight\/","name":"Destaque de neg\u00f3cios de fevereiro de 2022 - Cidade de Miami Beach","isPartOf":{"@id":"https:\/\/www.miamibeachfl.gov\/#website"},"primaryImageOfPage":{"@id":"https:\/\/www.miamibeachfl.gov\/spotlight\/february-2022-business-spotlight\/#primaryimage"},"image":{"@id":"https:\/\/www.miamibeachfl.gov\/spotlight\/february-2022-business-spotlight\/#primaryimage"},"thumbnailUrl":"http:\/\/www.miamibeachfl.gov\/wp-content\/uploads\/2022\/02\/Fat-Ronnie.jpg","datePublished":"2022-02-16T19:05:13+00:00","dateModified":"2025-06-03T01:58:40+00:00","description":"%","breadcrumb":{"@id":"https:\/\/www.miamibeachfl.gov\/spotlight\/february-2022-business-spotlight\/#breadcrumb"},"inLanguage":"pt-BR","potentialAction":[{"@type":"ReadAction","target":["https:\/\/www.miamibeachfl.gov\/spotlight\/february-2022-business-spotlight\/"]}]},{"@type":"ImageObject","inLanguage":"pt-BR","@id":"https:\/\/www.miamibeachfl.gov\/spotlight\/february-2022-business-spotlight\/#primaryimage","url":"http:\/\/www.miamibeachfl.gov\/wp-content\/uploads\/2022\/02\/Fat-Ronnie.jpg","contentUrl":"http:\/\/www.miamibeachfl.gov\/wp-content\/uploads\/2022\/02\/Fat-Ronnie.jpg"},{"@type":"BreadcrumbList","@id":"https:\/\/www.miamibeachfl.gov\/spotlight\/february-2022-business-spotlight\/#breadcrumb","itemListElement":[{"@type":"ListItem","position":1,"name":"Home","item":"https:\/\/www.miamibeachfl.gov\/"},{"@type":"ListItem","position":2,"name":"Business Newsletters and Spotlights","item":"https:\/\/www.miamibeachfl.gov\/spotlight\/"},{"@type":"ListItem","position":3,"name":"February 2022 Business Spotlight"}]},{"@type":"WebSite","@id":"https:\/\/www.miamibeachfl.gov\/#website","url":"https:\/\/www.miamibeachfl.gov\/","name":"Cidade de Miami Beach","description":"Site oficial da cidade de Miami Beach. Mantenha-se informado e encontre informa\u00e7\u00f5es importantes sobre servi\u00e7os municipais, not\u00edcias, alertas, eventos, rotas de bonde, empregos p\u00fablicos e muito mais.","publisher":{"@id":"https:\/\/www.miamibeachfl.gov\/#organization"},"potentialAction":[{"@type":"SearchAction","target":{"@type":"EntryPoint","urlTemplate":"https:\/\/www.miamibeachfl.gov\/?s={search_term_string}"},"query-input":{"@type":"PropertyValueSpecification","valueRequired":true,"valueName":"search_term_string"}}],"inLanguage":"pt-BR"},{"@type":"Organization","@id":"https:\/\/www.miamibeachfl.gov\/#organization","name":"Cidade de Miami Beach","url":"https:\/\/www.miamibeachfl.gov\/","logo":{"@type":"ImageObject","inLanguage":"pt-BR","@id":"https:\/\/www.miamibeachfl.gov\/#\/schema\/logo\/image\/","url":"https:\/\/www.miamibeachfl.gov\/wp-content\/uploads\/2022\/06\/miamibeach-logoblue.png","contentUrl":"https:\/\/www.miamibeachfl.gov\/wp-content\/uploads\/2022\/06\/miamibeach-logoblue.png","width":1962,"height":381,"caption":"City of Miami Beach"},"image":{"@id":"https:\/\/www.miamibeachfl.gov\/#\/schema\/logo\/image\/"},"sameAs":["https:\/\/www.facebook.com\/cityofmiamibeach","https:\/\/x.com\/Miamibeachnews","https:\/\/www.instagram.com\/miamibeachnews\/"],"description":"Site oficial da cidade de Miami Beach. Mantenha-se informado e encontre informa\u00e7\u00f5es importantes sobre servi\u00e7os municipais, not\u00edcias, alertas, eventos, rotas de bonde, empregos p\u00fablicos e muito mais.","telephone":"305.604.CITY(2489)","legalName":"City of Miami Beach"}]}},"_links":{"self":[{"href":"https:\/\/www.miamibeachfl.gov\/pt\/wp-json\/wp\/v2\/pages\/181077","targetHints":{"allow":["GET"]}}],"collection":[{"href":"https:\/\/www.miamibeachfl.gov\/pt\/wp-json\/wp\/v2\/pages"}],"about":[{"href":"https:\/\/www.miamibeachfl.gov\/pt\/wp-json\/wp\/v2\/types\/page"}],"author":[{"embeddable":true,"href":"https:\/\/www.miamibeachfl.gov\/pt\/wp-json\/wp\/v2\/users\/222"}],"replies":[{"embeddable":true,"href":"https:\/\/www.miamibeachfl.gov\/pt\/wp-json\/wp\/v2\/comments?post=181077"}],"version-history":[{"count":1,"href":"https:\/\/www.miamibeachfl.gov\/pt\/wp-json\/wp\/v2\/pages\/181077\/revisions"}],"predecessor-version":[{"id":375053,"href":"https:\/\/www.miamibeachfl.gov\/pt\/wp-json\/wp\/v2\/pages\/181077\/revisions\/375053"}],"up":[{"embeddable":true,"href":"https:\/\/www.miamibeachfl.gov\/pt\/wp-json\/wp\/v2\/pages\/253255"}],"wp:attachment":[{"href":"https:\/\/www.miamibeachfl.gov\/pt\/wp-json\/wp\/v2\/media?parent=181077"}],"wp:term":[{"taxonomy":"category","embeddable":true,"href":"https:\/\/www.miamibeachfl.gov\/pt\/wp-json\/wp\/v2\/categories?post=181077"},{"taxonomy":"post_tag","embeddable":true,"href":"https:\/\/www.miamibeachfl.gov\/pt\/wp-json\/wp\/v2\/tags?post=181077"}],"curies":[{"name":"wp","href":"https:\/\/api.w.org\/{rel}","templated":true}]}}