{"id":181668,"date":"2022-02-25T09:29:27","date_gmt":"2022-02-25T14:29:27","guid":{"rendered":"http:\/\/www.miamibeachfl.gov\/?page_id=181668"},"modified":"2025-10-22T11:23:43","modified_gmt":"2025-10-22T15:23:43","slug":"pay-invoice","status":"publish","type":"page","link":"https:\/\/www.miamibeachfl.gov\/pt\/pay-invoice\/","title":{"rendered":"Pagar faturas da cidade de Miami Beach"},"content":{"rendered":"<h1>\n\t\t\tPagar contas da cidade\t<\/h1>\n\t\t\t<a href=\"https:\/\/www.municipalonlinepayments.com\/miamibeachfl\/utilities\" target=\"_blank\">\n\t\t\t\t\t\t\t<img loading=\"lazy\" decoding=\"async\" src=\"https:\/\/www.miamibeachfl.gov\/wp-content\/uploads\/2025\/10\/Icon-waterbill.png\" alt=\"pay your water bill\" width=\"1000\" height=\"1000\" \/>\n\t\t\t\t\t\t<h2>Faturamento de servi\u00e7os p\u00fablicos<\/h2>\t\t\t\t\t\n\t\t\t<p>Pague pelos servi\u00e7os de uso de \u00e1gua da sua cidade.<\/p>\t\t\n\t\t<\/a>\n\t<iframe loading=\"lazy\" src=\"https:\/\/apps.miamibeachfl.gov\/ubsearch\" width=\"300\" height=\"500\" title=\"descri\u00e7\u00e3o_para_acessibilidade\"><\/iframe>\n\t\t\t<a href=\"https:\/\/energovcss.miamibeachfl.gov\/energovprod\/selfservice#\/home\" target=\"_blank\">\n\t\t\t\t\t\t\t<img loading=\"lazy\" decoding=\"async\" src=\"https:\/\/www.miamibeachfl.gov\/wp-content\/uploads\/2025\/10\/icon-permits.png\" alt=\"Permits\" width=\"225\" height=\"225\" \/>\n\t\t\t\t\t\t<h2>Permiss\u00f5es, Planos, Licen\u00e7as ou Casos de Conformidade com o C\u00f3digo<\/h2>\t\t\t\t\t\n\t\t\t<p>Pague usando o Portal de Acesso C\u00edvico.<\/p>\t\t\n\t\t<\/a>\n\t\t\t<a href=\"https:\/\/cityofmiamibeachfl.tylerportico.com\/css\/citizen-selfservice\/general-billing\/home\" target=\"_blank\">\n\t\t\t\t\t\t\t<img loading=\"lazy\" decoding=\"async\" src=\"https:\/\/www.miamibeachfl.gov\/wp-content\/uploads\/2025\/10\/icon-generalbilling.png\" alt=\"General Billing\" width=\"150\" height=\"150\" \/>\n\t\t\t\t\t\t<h2>Faturamento Geral<\/h2>\t\t\t\t\t\n\t\t\t<p>Pague as faturas da cidade. Efetue pagamentos de faturas que N\u00c3O sejam autoriza\u00e7\u00f5es, licen\u00e7as e viola\u00e7\u00f5es.<\/p>\t\t\n\t\t<\/a>\n\t\t\t<a href=\"https:\/\/parking.miamibeachfl.gov\/portal\/\" target=\"_blank\">\n\t\t\t\t\t\t\t<img loading=\"lazy\" decoding=\"async\" src=\"https:\/\/www.miamibeachfl.gov\/wp-content\/uploads\/2025\/10\/icon-parking.png\" alt=\"parking payment icon\" width=\"225\" height=\"225\" \/>\n\t\t\t\t\t\t<h2>Pagamentos de estacionamento<\/h2>\t\t\t\t\t\n\t\t\t<p>Selecione entre pagamentos residenciais, municipais mensais e municipais em massa.<\/p>\t\t\n\t\t<\/a>\n\t\t\t<a href=\"http:\/\/resorttax.miamibeachfl.gov\/app\" target=\"_blank\">\n\t\t\t\t\t\t\t<img loading=\"lazy\" decoding=\"async\" src=\"https:\/\/www.miamibeachfl.gov\/wp-content\/uploads\/2025\/10\/icon-resorttax.png\" alt=\"resort tax\" width=\"225\" height=\"225\" \/>\n\t\t\t\t\t\t<h2>Imposto de resort<\/h2>\t\t\t\t\t\n\t\t\t<p>Pague ou registre-se para pagar as taxas do resort.<\/p>\t\t\n\t\t<\/a>\n\t\t\t\t<img decoding=\"async\" src=\"https:\/\/www.miamibeachfl.gov\/wp-content\/uploads\/2023\/11\/residentguidecover.jpg\" alt=\"Residents guide cover\" itemprop=\"image\" height=\"612\" width=\"396\" title=\"capa do guia do residente\" onerror=\"this.style.display='none'\" loading=\"lazy\" \/>\n<h2>\n\t\t\tGuia do Residente de Miami Beach\t<\/h2>\n\t<p>Informa\u00e7\u00f5es importantes sobre servi\u00e7os, recursos e programas da cidade<\/p>\n\t\t\t<a href=\"https:\/\/issuu.com\/cityofmiamibeach\/docs\/miami_beach_resident_guide\" target=\"_blank\" rel=\"noopener\">\n\t\t\t\t\t\t\tVer Guia do Residente em Ingl\u00eas\n\t\t\t<\/a>\n\t\t\t<a href=\"https:\/\/www.miamibeachfl.gov\/wp-content\/uploads\/2025\/09\/Digital-Resident-Guide-2025-EN.pdf\" target=\"_blank\" rel=\"noopener\">\n\t\t\t\t\t\t\tBaixe o Guia do Residente em Ingl\u00eas\n\t\t\t<\/a>\n\t\t\t<a href=\"https:\/\/issuu.com\/cityofmiamibeach\/docs\/gu_a_para_residentes_de_miami_beach\" target=\"_blank\" rel=\"noopener\">\n\t\t\t\t\t\t\tVer Guia do Residente Espanhol\n\t\t\t<\/a>\n\t\t\t<a href=\"https:\/\/www.miamibeachfl.gov\/wp-content\/uploads\/2025\/09\/Digital-Resident-Guide-2025-SP.pdf\" target=\"_blank\" rel=\"noopener\">\n\t\t\t\t\t\t\tBaixe o Guia do Residente Espanhol\n\t\t\t<\/a>","protected":false},"excerpt":{"rendered":"<p>Pay City Bills Utility Billing Pay for your city water usage services. Permits, Plans, Licenses, or Code Compliance Cases Pay [&hellip;]<\/p>\n","protected":false},"author":222,"featured_media":0,"parent":0,"menu_order":83,"comment_status":"closed","ping_status":"closed","template":"","meta":{"_searchwp_excluded":"","site-sidebar-layout":"default","site-content-layout":"","ast-site-content-layout":"default","site-content-style":"default","site-sidebar-style":"default","ast-global-header-display":"","ast-banner-title-visibility":"","ast-main-header-display":"","ast-hfb-above-header-display":"","ast-hfb-below-header-display":"","ast-hfb-mobile-header-display":"","site-post-title":"","ast-breadcrumbs-content":"","ast-featured-img":"","footer-sml-layout":"","ast-disable-related-posts":"","theme-transparent-header-meta":"","adv-header-id-meta":"","stick-header-meta":"","header-above-stick-meta":"","header-main-stick-meta":"","header-below-stick-meta":"","astra-migrate-meta-layouts":"default","ast-page-background-enabled":"default","ast-page-background-meta":{"desktop":{"background-color":"var(--ast-global-color-5)","background-image":"","background-repeat":"repeat","background-position":"center center","background-size":"auto","background-attachment":"scroll","background-type":"","background-media":"","overlay-type":"","overlay-color":"","overlay-opacity":"","overlay-gradient":""},"tablet":{"background-color":"","background-image":"","background-repeat":"repeat","background-position":"center center","background-size":"auto","background-attachment":"scroll","background-type":"","background-media":"","overlay-type":"","overlay-color":"","overlay-opacity":"","overlay-gradient":""},"mobile":{"background-color":"","background-image":"","background-repeat":"repeat","background-position":"center center","background-size":"auto","background-attachment":"scroll","background-type":"","background-media":"","overlay-type":"","overlay-color":"","overlay-opacity":"","overlay-gradient":""}},"ast-content-background-meta":{"desktop":{"background-color":"var(--ast-global-color-4)","background-image":"","background-repeat":"repeat","background-position":"center center","background-size":"auto","background-attachment":"scroll","background-type":"","background-media":"","overlay-type":"","overlay-color":"","overlay-opacity":"","overlay-gradient":""},"tablet":{"background-color":"var(--ast-global-color-4)","background-image":"","background-repeat":"repeat","background-position":"center center","background-size":"auto","background-attachment":"scroll","background-type":"","background-media":"","overlay-type":"","overlay-color":"","overlay-opacity":"","overlay-gradient":""},"mobile":{"background-color":"var(--ast-global-color-4)","background-image":"","background-repeat":"repeat","background-position":"center center","background-size":"auto","background-attachment":"scroll","background-type":"","background-media":"","overlay-type":"","overlay-color":"","overlay-opacity":"","overlay-gradient":""}},"footnotes":""},"categories":[],"tags":[],"class_list":["post-181668","page","type-page","status-publish","hentry"],"yoast_head":"<!-- This site is optimized with the Yoast SEO Premium plugin v27.4 (Yoast SEO v27.4) - https:\/\/yoast.com\/product\/yoast-seo-premium-wordpress\/ -->\n<title>Pay City of Miami Beach Invoices - City of Miami Beach<\/title>\n<meta name=\"description\" content=\"Easily pay City of Miami Beach invoices online, including permits, utilities, vendor payments, and resort taxes.\" \/>\n<meta name=\"robots\" content=\"index, follow, max-snippet:-1, max-image-preview:large, max-video-preview:-1\" \/>\n<link rel=\"canonical\" href=\"https:\/\/www.miamibeachfl.gov\/pt\/pay-invoice\/\" \/>\n<meta property=\"og:locale\" content=\"pt_BR\" \/>\n<meta property=\"og:type\" content=\"article\" \/>\n<meta property=\"og:title\" content=\"Pay City of Miami Beach Invoices\" \/>\n<meta property=\"og:description\" content=\"Easily pay City of Miami Beach invoices online, including permits, utilities, vendor payments, and resort taxes.\" \/>\n<meta property=\"og:url\" content=\"https:\/\/www.miamibeachfl.gov\/pt\/pay-invoice\/\" \/>\n<meta property=\"og:site_name\" content=\"City of Miami Beach\" \/>\n<meta property=\"article:publisher\" content=\"https:\/\/www.facebook.com\/cityofmiamibeach\" \/>\n<meta property=\"article:modified_time\" content=\"2025-10-22T15:23:43+00:00\" \/>\n<meta property=\"og:image\" content=\"https:\/\/www.miamibeachfl.gov\/wp-content\/uploads\/2025\/10\/Icon-waterbill.png\" \/>\n<meta name=\"twitter:card\" content=\"summary_large_image\" \/>\n<meta name=\"twitter:site\" content=\"@Miamibeachnews\" \/>\n<script type=\"application\/ld+json\" class=\"yoast-schema-graph\">{\"@context\":\"https:\\\/\\\/schema.org\",\"@graph\":[{\"@type\":\"WebPage\",\"@id\":\"https:\\\/\\\/www.miamibeachfl.gov\\\/pay-invoice\\\/\",\"url\":\"https:\\\/\\\/www.miamibeachfl.gov\\\/pay-invoice\\\/\",\"name\":\"Pay City of Miami Beach Invoices - City of Miami Beach\",\"isPartOf\":{\"@id\":\"https:\\\/\\\/www.miamibeachfl.gov\\\/#website\"},\"primaryImageOfPage\":{\"@id\":\"https:\\\/\\\/www.miamibeachfl.gov\\\/pay-invoice\\\/#primaryimage\"},\"image\":{\"@id\":\"https:\\\/\\\/www.miamibeachfl.gov\\\/pay-invoice\\\/#primaryimage\"},\"thumbnailUrl\":\"https:\\\/\\\/www.miamibeachfl.gov\\\/wp-content\\\/uploads\\\/2025\\\/10\\\/Icon-waterbill.png\",\"datePublished\":\"2022-02-25T14:29:27+00:00\",\"dateModified\":\"2025-10-22T15:23:43+00:00\",\"description\":\"Easily pay City of Miami Beach invoices online, including permits, utilities, vendor payments, and resort taxes.\",\"breadcrumb\":{\"@id\":\"https:\\\/\\\/www.miamibeachfl.gov\\\/pay-invoice\\\/#breadcrumb\"},\"inLanguage\":\"pt-BR\",\"potentialAction\":[{\"@type\":\"ReadAction\",\"target\":[\"https:\\\/\\\/www.miamibeachfl.gov\\\/pay-invoice\\\/\"]}]},{\"@type\":\"ImageObject\",\"inLanguage\":\"pt-BR\",\"@id\":\"https:\\\/\\\/www.miamibeachfl.gov\\\/pay-invoice\\\/#primaryimage\",\"url\":\"https:\\\/\\\/www.miamibeachfl.gov\\\/wp-content\\\/uploads\\\/2025\\\/10\\\/Icon-waterbill.png\",\"contentUrl\":\"https:\\\/\\\/www.miamibeachfl.gov\\\/wp-content\\\/uploads\\\/2025\\\/10\\\/Icon-waterbill.png\"},{\"@type\":\"BreadcrumbList\",\"@id\":\"https:\\\/\\\/www.miamibeachfl.gov\\\/pay-invoice\\\/#breadcrumb\",\"itemListElement\":[{\"@type\":\"ListItem\",\"position\":1,\"name\":\"Home\",\"item\":\"https:\\\/\\\/www.miamibeachfl.gov\\\/\"},{\"@type\":\"ListItem\",\"position\":2,\"name\":\"Pay City of Miami Beach Invoices\"}]},{\"@type\":\"WebSite\",\"@id\":\"https:\\\/\\\/www.miamibeachfl.gov\\\/#website\",\"url\":\"https:\\\/\\\/www.miamibeachfl.gov\\\/\",\"name\":\"City of Miami Beach\",\"description\":\"The official website of the City of Miami Beach. Stay informed, find important information on city services, news, alerts, events, trolley routes, government employment and more.\",\"publisher\":{\"@id\":\"https:\\\/\\\/www.miamibeachfl.gov\\\/#organization\"},\"potentialAction\":[{\"@type\":\"SearchAction\",\"target\":{\"@type\":\"EntryPoint\",\"urlTemplate\":\"https:\\\/\\\/www.miamibeachfl.gov\\\/?s={search_term_string}\"},\"query-input\":{\"@type\":\"PropertyValueSpecification\",\"valueRequired\":true,\"valueName\":\"search_term_string\"}}],\"inLanguage\":\"pt-BR\"},{\"@type\":\"Organization\",\"@id\":\"https:\\\/\\\/www.miamibeachfl.gov\\\/#organization\",\"name\":\"City of Miami Beach\",\"url\":\"https:\\\/\\\/www.miamibeachfl.gov\\\/\",\"logo\":{\"@type\":\"ImageObject\",\"inLanguage\":\"pt-BR\",\"@id\":\"https:\\\/\\\/www.miamibeachfl.gov\\\/#\\\/schema\\\/logo\\\/image\\\/\",\"url\":\"https:\\\/\\\/www.miamibeachfl.gov\\\/wp-content\\\/uploads\\\/2022\\\/06\\\/miamibeach-logoblue.png\",\"contentUrl\":\"https:\\\/\\\/www.miamibeachfl.gov\\\/wp-content\\\/uploads\\\/2022\\\/06\\\/miamibeach-logoblue.png\",\"width\":1962,\"height\":381,\"caption\":\"City of Miami Beach\"},\"image\":{\"@id\":\"https:\\\/\\\/www.miamibeachfl.gov\\\/#\\\/schema\\\/logo\\\/image\\\/\"},\"sameAs\":[\"https:\\\/\\\/www.facebook.com\\\/cityofmiamibeach\",\"https:\\\/\\\/x.com\\\/Miamibeachnews\",\"https:\\\/\\\/www.instagram.com\\\/miamibeachnews\\\/\"],\"description\":\"The official website of the City of Miami Beach. Stay informed, find important information on city services, news, alerts, events, trolley routes, government employment and more.\",\"telephone\":\"305.604.CITY(2489)\",\"legalName\":\"City of Miami Beach\"}]}<\/script>\n<!-- \/ Yoast SEO Premium plugin. -->","yoast_head_json":{"title":"Pagar faturas da cidade de Miami Beach - Cidade de Miami Beach","description":"Pague facilmente as faturas da cidade de Miami Beach on-line, incluindo licen\u00e7as, servi\u00e7os p\u00fablicos, pagamentos de fornecedores e impostos de resort.","robots":{"index":"index","follow":"follow","max-snippet":"max-snippet:-1","max-image-preview":"max-image-preview:large","max-video-preview":"max-video-preview:-1"},"canonical":"https:\/\/www.miamibeachfl.gov\/pt\/pay-invoice\/","og_locale":"pt_BR","og_type":"article","og_title":"Pay City of Miami Beach Invoices","og_description":"Easily pay City of Miami Beach invoices online, including permits, utilities, vendor payments, and resort taxes.","og_url":"https:\/\/www.miamibeachfl.gov\/pt\/pay-invoice\/","og_site_name":"City of Miami Beach","article_publisher":"https:\/\/www.facebook.com\/cityofmiamibeach","article_modified_time":"2025-10-22T15:23:43+00:00","og_image":[{"url":"https:\/\/www.miamibeachfl.gov\/wp-content\/uploads\/2025\/10\/Icon-waterbill.png","type":"","width":"","height":""}],"twitter_card":"summary_large_image","twitter_site":"@Miamibeachnews","schema":{"@context":"https:\/\/schema.org","@graph":[{"@type":"WebPage","@id":"https:\/\/www.miamibeachfl.gov\/pay-invoice\/","url":"https:\/\/www.miamibeachfl.gov\/pay-invoice\/","name":"Pagar faturas da cidade de Miami Beach - Cidade de Miami Beach","isPartOf":{"@id":"https:\/\/www.miamibeachfl.gov\/#website"},"primaryImageOfPage":{"@id":"https:\/\/www.miamibeachfl.gov\/pay-invoice\/#primaryimage"},"image":{"@id":"https:\/\/www.miamibeachfl.gov\/pay-invoice\/#primaryimage"},"thumbnailUrl":"https:\/\/www.miamibeachfl.gov\/wp-content\/uploads\/2025\/10\/Icon-waterbill.png","datePublished":"2022-02-25T14:29:27+00:00","dateModified":"2025-10-22T15:23:43+00:00","description":"Pague facilmente as faturas da cidade de Miami Beach on-line, incluindo licen\u00e7as, servi\u00e7os p\u00fablicos, pagamentos de fornecedores e impostos de resort.","breadcrumb":{"@id":"https:\/\/www.miamibeachfl.gov\/pay-invoice\/#breadcrumb"},"inLanguage":"pt-BR","potentialAction":[{"@type":"ReadAction","target":["https:\/\/www.miamibeachfl.gov\/pay-invoice\/"]}]},{"@type":"ImageObject","inLanguage":"pt-BR","@id":"https:\/\/www.miamibeachfl.gov\/pay-invoice\/#primaryimage","url":"https:\/\/www.miamibeachfl.gov\/wp-content\/uploads\/2025\/10\/Icon-waterbill.png","contentUrl":"https:\/\/www.miamibeachfl.gov\/wp-content\/uploads\/2025\/10\/Icon-waterbill.png"},{"@type":"BreadcrumbList","@id":"https:\/\/www.miamibeachfl.gov\/pay-invoice\/#breadcrumb","itemListElement":[{"@type":"ListItem","position":1,"name":"Home","item":"https:\/\/www.miamibeachfl.gov\/"},{"@type":"ListItem","position":2,"name":"Pay City of Miami Beach Invoices"}]},{"@type":"WebSite","@id":"https:\/\/www.miamibeachfl.gov\/#website","url":"https:\/\/www.miamibeachfl.gov\/","name":"Cidade de Miami Beach","description":"Site oficial da cidade de Miami Beach. Mantenha-se informado e encontre informa\u00e7\u00f5es importantes sobre servi\u00e7os municipais, not\u00edcias, alertas, eventos, rotas de bonde, empregos p\u00fablicos e muito mais.","publisher":{"@id":"https:\/\/www.miamibeachfl.gov\/#organization"},"potentialAction":[{"@type":"SearchAction","target":{"@type":"EntryPoint","urlTemplate":"https:\/\/www.miamibeachfl.gov\/?s={search_term_string}"},"query-input":{"@type":"PropertyValueSpecification","valueRequired":true,"valueName":"search_term_string"}}],"inLanguage":"pt-BR"},{"@type":"Organization","@id":"https:\/\/www.miamibeachfl.gov\/#organization","name":"Cidade de Miami Beach","url":"https:\/\/www.miamibeachfl.gov\/","logo":{"@type":"ImageObject","inLanguage":"pt-BR","@id":"https:\/\/www.miamibeachfl.gov\/#\/schema\/logo\/image\/","url":"https:\/\/www.miamibeachfl.gov\/wp-content\/uploads\/2022\/06\/miamibeach-logoblue.png","contentUrl":"https:\/\/www.miamibeachfl.gov\/wp-content\/uploads\/2022\/06\/miamibeach-logoblue.png","width":1962,"height":381,"caption":"City of Miami Beach"},"image":{"@id":"https:\/\/www.miamibeachfl.gov\/#\/schema\/logo\/image\/"},"sameAs":["https:\/\/www.facebook.com\/cityofmiamibeach","https:\/\/x.com\/Miamibeachnews","https:\/\/www.instagram.com\/miamibeachnews\/"],"description":"Site oficial da cidade de Miami Beach. Mantenha-se informado e encontre informa\u00e7\u00f5es importantes sobre servi\u00e7os municipais, not\u00edcias, alertas, eventos, rotas de bonde, empregos p\u00fablicos e muito mais.","telephone":"305.604.CITY(2489)","legalName":"City of Miami Beach"}]}},"_links":{"self":[{"href":"https:\/\/www.miamibeachfl.gov\/pt\/wp-json\/wp\/v2\/pages\/181668","targetHints":{"allow":["GET"]}}],"collection":[{"href":"https:\/\/www.miamibeachfl.gov\/pt\/wp-json\/wp\/v2\/pages"}],"about":[{"href":"https:\/\/www.miamibeachfl.gov\/pt\/wp-json\/wp\/v2\/types\/page"}],"author":[{"embeddable":true,"href":"https:\/\/www.miamibeachfl.gov\/pt\/wp-json\/wp\/v2\/users\/222"}],"replies":[{"embeddable":true,"href":"https:\/\/www.miamibeachfl.gov\/pt\/wp-json\/wp\/v2\/comments?post=181668"}],"version-history":[{"count":16,"href":"https:\/\/www.miamibeachfl.gov\/pt\/wp-json\/wp\/v2\/pages\/181668\/revisions"}],"predecessor-version":[{"id":390686,"href":"https:\/\/www.miamibeachfl.gov\/pt\/wp-json\/wp\/v2\/pages\/181668\/revisions\/390686"}],"wp:attachment":[{"href":"https:\/\/www.miamibeachfl.gov\/pt\/wp-json\/wp\/v2\/media?parent=181668"}],"wp:term":[{"taxonomy":"category","embeddable":true,"href":"https:\/\/www.miamibeachfl.gov\/pt\/wp-json\/wp\/v2\/categories?post=181668"},{"taxonomy":"post_tag","embeddable":true,"href":"https:\/\/www.miamibeachfl.gov\/pt\/wp-json\/wp\/v2\/tags?post=181668"}],"curies":[{"name":"wp","href":"https:\/\/api.w.org\/{rel}","templated":true}]}}