{"id":184642,"date":"2022-04-07T15:26:03","date_gmt":"2022-04-07T19:26:03","guid":{"rendered":"http:\/\/www.miamibeachfl.gov\/?page_id=184642"},"modified":"2026-04-06T11:26:37","modified_gmt":"2026-04-06T15:26:37","slug":"archived-articles-2","status":"publish","type":"page","link":"https:\/\/www.miamibeachfl.gov\/pt\/city-hall\/office-of-organizational-development\/next-generation\/archived-articles-2\/","title":{"rendered":"Artigos arquivados"},"content":{"rendered":"<img decoding=\"async\" src=\"https:\/\/www.miamibeachfl.gov\/wp-content\/uploads\/2022\/05\/icon-orgdev.png\" alt=\"Organizational Development Icon\" itemprop=\"image\" height=\"168\" width=\"240\" title=\"\u00edcone-orgdev\" onerror=\"this.style.display='none'\" loading=\"lazy\" \/>\n<h3>\n\t\t\tArtigos arquivados\t<\/h3>\n\t<ul>\n<li><strong><a href=\"https:\/\/www.miamibeachfl.gov\/wp-content\/uploads\/2026\/04\/Fleet-Internships-Drive-Job-Market-Experience-Spring-2026.pdf\">Fleet Internships Drive Job Market Experience &#8211; (Spring 2026)<\/a><\/strong><\/li>\n<li><a href=\"https:\/\/www.miamibeachfl.gov\/wp-content\/uploads\/2025\/12\/Winter-2025-MIAMI-BEACH-SCHOLARSHIP.pdf\">Bolsa de Estudos Miami Beach (Inverno de 2025)<\/a><\/li>\n<li><a href=\"https:\/\/www.miamibeachfl.gov\/wp-content\/uploads\/2025\/12\/Summer-2025-Another-Reason-to-Choose-MB.pdf\">Mais um motivo para escolher a MB (ver\u00e3o de 2025)<\/a><\/li>\n<li><a href=\"https:\/\/www.miamibeachfl.gov\/wp-content\/uploads\/2025\/12\/Spring-2025MIDDLE-SCHOOLERS-FIND-THEIR-JAM.pdf\">Alunos do Ensino Fundamental II Encontram Sua Paix\u00e3o (Primavera de 2025)<\/a><\/li>\n<li><a href=\"https:\/\/www.miamibeachfl.gov\/wp-content\/uploads\/2025\/12\/Spring-2024-Coming-Out-With-Community.pdf\">Apresentando o apoio da comunidade (primavera de 2024)<\/a><\/li>\n<li><a href=\"https:\/\/www.miamibeachfl.gov\/wp-content\/uploads\/2025\/12\/Winter-2024-Flying-High.pdf\">Voando Alto (Inverno de 2024)<\/a><\/li>\n<li><a href=\"https:\/\/www.miamibeachfl.gov\/wp-content\/uploads\/2025\/12\/Fall-2024-Virtual-Peace-of-Mind.pdf\">Tranquilidade Virtual (Outono de 2024)<\/a><\/li>\n<li><a href=\"https:\/\/www.miamibeachfl.gov\/wp-content\/uploads\/2025\/12\/Fall-2023-Educational-Enhancements-Expanded.pdf\">Aprimoramentos educacionais expandidos (outono de 2023)<\/a><\/li>\n<li><a href=\"https:\/\/www.miamibeachfl.gov\/wp-content\/uploads\/2023\/12\/LGBTIQIAfrom-MBmagazineSummer2023-FINAL-1.pdf\">Miami Beach Cares apoia jovens LGBTQIA+ (ver\u00e3o de 2023)\u00a0<\/a><\/li>\n<li><a href=\"https:\/\/www.miamibeachfl.gov\/wp-content\/uploads\/2023\/06\/Ensemble-Still-Rocking-Half-Century-Later.pdf\">O conjunto continua arrasando meio s\u00e9culo depois (primavera de 2023) <\/a><\/li>\n<li><a href=\"https:\/\/www.miamibeachfl.gov\/wp-content\/uploads\/2023\/01\/MBmagazineWinter2023Issuu.pdf\">Bolsa de estudos da Miami Beach College (inverno de 2023)<\/a><\/li>\n<li><a href=\"https:\/\/www.miamibeachfl.gov\/wp-content\/uploads\/2023\/12\/Educational-Enhancements-Fall-2023-Magazine.pdf\">Aprimoramentos educacionais expandidos para todas as crian\u00e7as de Miami Beach (outono de 2023)\u00a0<\/a><\/li>\n<li><a href=\"https:\/\/www.miamibeachfl.gov\/wp-content\/uploads\/2022\/09\/Youth-Fair-1.pdf\">Primeiros empregos (outono de 2022)<\/a><\/li>\n<li><a href=\"https:\/\/www.miamibeachfl.gov\/wp-content\/uploads\/2022\/07\/Miami-Beach-Schools-Step-Into-Prime-Time-MBmagazineSummer2022.pdf\">Entre no hor\u00e1rio nobre (ver\u00e3o de 2022)<\/a><\/li>\n<li><a href=\"https:\/\/www.miamibeachfl.gov\/wp-content\/uploads\/2022\/03\/Stop-the-Bleed-MBmagazine-Spring-2022-3.15.22.pdf\">Pare o Sangramento (Primavera de 2022)<\/a><\/li>\n<li><a href=\"http:\/\/www.miamibeachfl.gov\/wp-content\/uploads\/2022\/02\/College-Transcript-Winter-2022.pdf\">Hist\u00f3rico Escolar da Faculdade (Inverno de 2022)<\/a><\/li>\n<li><a href=\"http:\/\/www.miamibeachfl.gov\/wp-content\/uploads\/2022\/02\/Substitute-Teach-at-the-Beach-Fall-2021.pdf\">Professor substituto na praia (outono de 2021)<\/a><\/li>\n<li><a href=\"http:\/\/www.miamibeachfl.gov\/wp-content\/uploads\/2022\/02\/Math-xy-Summer-2021.pdf\">Matem\u00e1tica x+y (Ver\u00e3o de 2021)<\/a><\/li>\n<li><a href=\"http:\/\/www.miamibeachfl.gov\/wp-content\/uploads\/2022\/02\/Youth-Commission-Spring-2021.pdf\">Comiss\u00e3o da Juventude (Primavera de 2021)<\/a><\/li>\n<li><a href=\"http:\/\/www.miamibeachfl.gov\/wp-content\/uploads\/2021\/05\/Brighter-Future-Ahead.pdf\">Um futuro mais brilhante pela frente (inverno de 2021)<\/a><\/li>\n<li><a href=\"http:\/\/www.miamibeachfl.gov\/wp-content\/uploads\/2021\/05\/Beach-Kids-Rock.pdf\">Crian\u00e7as de praia arrasam no outono de 2020<\/a><\/li>\n<li><a href=\"http:\/\/www.miamibeachfl.gov\/wp-content\/uploads\/2020\/01\/MBmagazineWinter2020p18-19.pdf\">Geada prevista para o inverno de 2020<\/a><\/li>\n<li><a href=\"http:\/\/www.miamibeachfl.gov\/wp-content\/uploads\/2019\/09\/Next-Generation_Updated.pdf\">Construindo Futuros Ratos de Biblioteca Outono de 2019<\/a><\/li>\n<li><a href=\"http:\/\/www.miamibeachfl.gov\/wp-content\/uploads\/2021\/05\/Cracking-the-Code.pdf\">Decifrando o C\u00f3digo Inverno 2019<\/a><\/li>\n<li><a href=\"http:\/\/www.miamibeachfl.gov\/wp-content\/uploads\/2021\/06\/Prep-Works.pdf\">Trabalhos preparat\u00f3rios para testes - Ver\u00e3o de 2018<\/a><\/li>\n<li><a href=\"http:\/\/www.miamibeachfl.gov\/wp-content\/uploads\/2018\/07\/No-Place-for-Hate-Winter-2018.pdf\">Enfrentando o Bullying e o Preconceito - Inverno de 2018<\/a><\/li>\n<li><a href=\"http:\/\/www.miamibeachfl.gov\/wp-content\/uploads\/2018\/02\/Next-Generation_MBMagSpring2017final.pdf\">Chegando em uma cozinha perto de voc\u00ea na primavera de 2017<\/a><\/li>\n<li><a href=\"http:\/\/www.miamibeachfl.gov\/wp-content\/uploads\/2018\/02\/Next-Generation_MBWinter2017_FINAL-2.pdf\">Pr\u00f3xima parada\u2026 Diploma IB Inverno 2017<\/a><\/li>\n<li><a href=\"http:\/\/www.miamibeachfl.gov\/wp-content\/uploads\/2018\/02\/Next-Generation_MBMagFall2016Final-2.pdf\">Al\u00e9m do Call of Duty Outono de 2016<\/a><\/li>\n<li><a href=\"http:\/\/www.miamibeachfl.gov\/wp-content\/uploads\/2018\/02\/Excellence-In-Action-Summer-2016.pdf\">Excel\u00eancia em A\u00e7\u00e3o Ver\u00e3o 2016<\/a><\/li>\n<li><a href=\"http:\/\/www.miamibeachfl.gov\/wp-content\/uploads\/2018\/02\/MBWinter2016Scribed32-33.pdf\">Experi\u00eancia no Trabalho Inverno 2016<\/a><\/li>\n<li><a href=\"http:\/\/www.miamibeachfl.gov\/wp-content\/uploads\/2018\/02\/Next-Generation-2.pdf\">Paz de esp\u00edrito Primavera 2016<\/a><\/li>\n<li>Fala Espanhol Outono 2015<\/li>\n<li>Colabora\u00e7\u00e3o Colossal Ver\u00e3o 2015<\/li>\n<li><a href=\"http:\/\/www.miamibeachfl.gov\/wp-content\/uploads\/2021\/06\/Dual-Options-published.pdf\">Op\u00e7\u00f5es Duplas: Ganhe Cr\u00e9ditos do Ensino M\u00e9dio e da Faculdade na Primavera de 2015<\/a><\/li>\n<li><a href=\"http:\/\/www.miamibeachfl.gov\/wp-content\/uploads\/2021\/06\/Journey-to-Excellence-Final-Version-PUBLISHED-3.17.14.pdf\">Jornada para a Excel\u00eancia Primavera de 2014<\/a><\/li>\n<li>Um anjo enviado do c\u00e9u, inverno de 2014<\/li>\n<li>Volunt\u00e1rio de volta \u00e0s aulas no outono de 2014<\/li>\n<li>Leia para aprender, ver\u00e3o de 2014<\/li>\n<li>Valent\u00f5es n\u00e3o s\u00e3o bem-vindos no inverno de 2013<\/li>\n<li>Aprenda a planejar o ver\u00e3o de 2013<\/li>\n<li>Programa de Seguran\u00e7a da Vida Capacita Jovens na Primavera de 2013<\/li>\n<li>Cuidados de sa\u00fade na esquina, inverno de 2013<\/li>\n<li><a href=\"http:\/\/www.miamibeachfl.gov\/wp-content\/uploads\/2021\/06\/Safety-Article-Oct-2012-Both.pdf\">Pare\u2026 Crian\u00e7as \u00e0 Frente Outono de 2012<\/a><\/li>\n<li>Fazendo a diferen\u00e7a no mundo, ver\u00e3o de 2012<\/li>\n<li><a href=\"http:\/\/www.miamibeachfl.gov\/wp-content\/uploads\/2021\/06\/November-2010-No-Parent-Left-Behind-_2_.pdf\">Nenhum pai deixado para tr\u00e1s, inverno de 2011<\/a><\/li>\n<li>Diploma do IB, outono de 2010<\/li>\n<li>Surfando na onda do WiFi, ver\u00e3o de 2010<\/li>\n<li>Pacto Educacional de Miami Beach: Como uma Comunidade Est\u00e1 Buscando um Caminho para Escolas de Classe Mundial<\/li>\n<li>Em sintonia com as artes e a academia na primavera de 2010<\/li>\n<li>Vamos conversar - Profissionais da comunidade aprimoram o aprendizado em sala de aula - Inverno de 2009<\/li>\n<li><a href=\"http:\/\/www.miamibeachfl.gov\/wp-content\/uploads\/2021\/06\/Reading-Adventures-Fall-2009.pdf\">Aventuras de Leitura Outono de 2009<\/a><\/li>\n<li><a href=\"http:\/\/www.miamibeachfl.gov\/wp-content\/uploads\/2021\/06\/MB-Literacy-Article-August-2009-_3_.pdf\">Construindo um Continuum de Excel\u00eancia nas Escolas MB Ver\u00e3o de 2009<\/a><\/li>\n<li>Experi\u00eancia no Trabalho Primavera de 2009<\/li>\n<li>Bacharelado Internacional - Um Mundo de Conhecimento Inverno 2009<\/li>\n<li>Quando o dia escolar acaba... o que vem a seguir? Outono de 2008<\/li>\n<li>7 H\u00e1bitos de Sucesso para Fam\u00edlias MB Ver\u00e3o\/Outono de 2008<\/li>\n<li>Promovendo a excel\u00eancia na educa\u00e7\u00e3o - Qualidade e escolha Inverno-Primavera de 2008<\/li>\n<li>Enriquecendo Nossos Futuros L\u00edderes Parte II Ver\u00e3o de 2008<\/li>\n<li>Enriquecendo Nossos Futuros L\u00edderes Parte I Primavera de 2008<\/li>\n<\/ul>","protected":false},"excerpt":{"rendered":"<p>Archived articles Fleet Internships Drive Job Market Experience &#8211; (Spring 2026) Miami Beach Scholarship (Winter 2025) Another Reason to Choose [&hellip;]<\/p>\n","protected":false},"author":222,"featured_media":0,"parent":184605,"menu_order":0,"comment_status":"closed","ping_status":"closed","template":"","meta":{"_searchwp_excluded":"","site-sidebar-layout":"default","site-content-layout":"","ast-site-content-layout":"default","site-content-style":"default","site-sidebar-style":"default","ast-global-header-display":"","ast-banner-title-visibility":"","ast-main-header-display":"","ast-hfb-above-header-display":"","ast-hfb-below-header-display":"","ast-hfb-mobile-header-display":"","site-post-title":"","ast-breadcrumbs-content":"","ast-featured-img":"","footer-sml-layout":"","theme-transparent-header-meta":"","adv-header-id-meta":"","stick-header-meta":"","header-above-stick-meta":"","header-main-stick-meta":"","header-below-stick-meta":"","astra-migrate-meta-layouts":"default","ast-page-background-enabled":"default","ast-page-background-meta":{"desktop":{"background-color":"var(--ast-global-color-5)","background-image":"","background-repeat":"repeat","background-position":"center center","background-size":"auto","background-attachment":"scroll","background-type":"","background-media":"","overlay-type":"","overlay-color":"","overlay-opacity":"","overlay-gradient":""},"tablet":{"background-color":"","background-image":"","background-repeat":"repeat","background-position":"center center","background-size":"auto","background-attachment":"scroll","background-type":"","background-media":"","overlay-type":"","overlay-color":"","overlay-opacity":"","overlay-gradient":""},"mobile":{"background-color":"","background-image":"","background-repeat":"repeat","background-position":"center center","background-size":"auto","background-attachment":"scroll","background-type":"","background-media":"","overlay-type":"","overlay-color":"","overlay-opacity":"","overlay-gradient":""}},"ast-content-background-meta":{"desktop":{"background-color":"var(--ast-global-color-4)","background-image":"","background-repeat":"repeat","background-position":"center center","background-size":"auto","background-attachment":"scroll","background-type":"","background-media":"","overlay-type":"","overlay-color":"","overlay-opacity":"","overlay-gradient":""},"tablet":{"background-color":"var(--ast-global-color-4)","background-image":"","background-repeat":"repeat","background-position":"center center","background-size":"auto","background-attachment":"scroll","background-type":"","background-media":"","overlay-type":"","overlay-color":"","overlay-opacity":"","overlay-gradient":""},"mobile":{"background-color":"var(--ast-global-color-4)","background-image":"","background-repeat":"repeat","background-position":"center center","background-size":"auto","background-attachment":"scroll","background-type":"","background-media":"","overlay-type":"","overlay-color":"","overlay-opacity":"","overlay-gradient":""}},"footnotes":""},"categories":[],"tags":[],"class_list":["post-184642","page","type-page","status-publish","hentry"],"yoast_head":"<!-- This site is optimized with the Yoast SEO Premium plugin v27.4 (Yoast SEO v27.4) - https:\/\/yoast.com\/product\/yoast-seo-premium-wordpress\/ -->\n<title>Archived Articles - City of Miami Beach<\/title>\n<meta name=\"description\" content=\"Educational documents for downloads\" \/>\n<meta name=\"robots\" content=\"index, follow, max-snippet:-1, max-image-preview:large, max-video-preview:-1\" \/>\n<link rel=\"canonical\" href=\"https:\/\/www.miamibeachfl.gov\/pt\/city-hall\/office-of-organizational-development\/next-generation\/archived-articles-2\/\" \/>\n<meta property=\"og:locale\" content=\"pt_BR\" \/>\n<meta property=\"og:type\" content=\"article\" \/>\n<meta property=\"og:title\" content=\"Archived Articles\" \/>\n<meta property=\"og:description\" content=\"Educational documents for downloads\" \/>\n<meta property=\"og:url\" content=\"https:\/\/www.miamibeachfl.gov\/pt\/city-hall\/office-of-organizational-development\/next-generation\/archived-articles-2\/\" \/>\n<meta property=\"og:site_name\" content=\"City of Miami Beach\" \/>\n<meta property=\"article:publisher\" content=\"https:\/\/www.facebook.com\/cityofmiamibeach\" \/>\n<meta property=\"article:modified_time\" content=\"2026-04-06T15:26:37+00:00\" \/>\n<meta property=\"og:image\" content=\"https:\/\/www.miamibeachfl.gov\/wp-content\/uploads\/2022\/05\/icon-orgdev.png\" \/>\n<meta name=\"twitter:card\" content=\"summary_large_image\" \/>\n<meta name=\"twitter:site\" content=\"@Miamibeachnews\" \/>\n<script type=\"application\/ld+json\" class=\"yoast-schema-graph\">{\"@context\":\"https:\\\/\\\/schema.org\",\"@graph\":[{\"@type\":\"WebPage\",\"@id\":\"https:\\\/\\\/www.miamibeachfl.gov\\\/city-hall\\\/office-of-organizational-development\\\/next-generation\\\/archived-articles-2\\\/\",\"url\":\"https:\\\/\\\/www.miamibeachfl.gov\\\/city-hall\\\/office-of-organizational-development\\\/next-generation\\\/archived-articles-2\\\/\",\"name\":\"Archived Articles - City of Miami Beach\",\"isPartOf\":{\"@id\":\"https:\\\/\\\/www.miamibeachfl.gov\\\/#website\"},\"primaryImageOfPage\":{\"@id\":\"https:\\\/\\\/www.miamibeachfl.gov\\\/city-hall\\\/office-of-organizational-development\\\/next-generation\\\/archived-articles-2\\\/#primaryimage\"},\"image\":{\"@id\":\"https:\\\/\\\/www.miamibeachfl.gov\\\/city-hall\\\/office-of-organizational-development\\\/next-generation\\\/archived-articles-2\\\/#primaryimage\"},\"thumbnailUrl\":\"https:\\\/\\\/www.miamibeachfl.gov\\\/wp-content\\\/uploads\\\/2022\\\/05\\\/icon-orgdev.png\",\"datePublished\":\"2022-04-07T19:26:03+00:00\",\"dateModified\":\"2026-04-06T15:26:37+00:00\",\"description\":\"Educational documents for downloads\",\"breadcrumb\":{\"@id\":\"https:\\\/\\\/www.miamibeachfl.gov\\\/city-hall\\\/office-of-organizational-development\\\/next-generation\\\/archived-articles-2\\\/#breadcrumb\"},\"inLanguage\":\"pt-BR\",\"potentialAction\":[{\"@type\":\"ReadAction\",\"target\":[\"https:\\\/\\\/www.miamibeachfl.gov\\\/city-hall\\\/office-of-organizational-development\\\/next-generation\\\/archived-articles-2\\\/\"]}]},{\"@type\":\"ImageObject\",\"inLanguage\":\"pt-BR\",\"@id\":\"https:\\\/\\\/www.miamibeachfl.gov\\\/city-hall\\\/office-of-organizational-development\\\/next-generation\\\/archived-articles-2\\\/#primaryimage\",\"url\":\"https:\\\/\\\/www.miamibeachfl.gov\\\/wp-content\\\/uploads\\\/2022\\\/05\\\/icon-orgdev.png\",\"contentUrl\":\"https:\\\/\\\/www.miamibeachfl.gov\\\/wp-content\\\/uploads\\\/2022\\\/05\\\/icon-orgdev.png\"},{\"@type\":\"BreadcrumbList\",\"@id\":\"https:\\\/\\\/www.miamibeachfl.gov\\\/city-hall\\\/office-of-organizational-development\\\/next-generation\\\/archived-articles-2\\\/#breadcrumb\",\"itemListElement\":[{\"@type\":\"ListItem\",\"position\":1,\"name\":\"Home\",\"item\":\"https:\\\/\\\/www.miamibeachfl.gov\\\/\"},{\"@type\":\"ListItem\",\"position\":2,\"name\":\"City Hall\",\"item\":\"https:\\\/\\\/www.miamibeachfl.gov\\\/city-hall\\\/\"},{\"@type\":\"ListItem\",\"position\":3,\"name\":\"Education &#038; Performance Initiatives\",\"item\":\"https:\\\/\\\/www.miamibeachfl.gov\\\/city-hall\\\/office-of-organizational-development\\\/\"},{\"@type\":\"ListItem\",\"position\":4,\"name\":\"Next Generation\",\"item\":\"https:\\\/\\\/www.miamibeachfl.gov\\\/city-hall\\\/office-of-organizational-development\\\/next-generation\\\/\"},{\"@type\":\"ListItem\",\"position\":5,\"name\":\"Archived Articles\"}]},{\"@type\":\"WebSite\",\"@id\":\"https:\\\/\\\/www.miamibeachfl.gov\\\/#website\",\"url\":\"https:\\\/\\\/www.miamibeachfl.gov\\\/\",\"name\":\"City of Miami Beach\",\"description\":\"The official website of the City of Miami Beach. Stay informed, find important information on city services, news, alerts, events, trolley routes, government employment and more.\",\"publisher\":{\"@id\":\"https:\\\/\\\/www.miamibeachfl.gov\\\/#organization\"},\"potentialAction\":[{\"@type\":\"SearchAction\",\"target\":{\"@type\":\"EntryPoint\",\"urlTemplate\":\"https:\\\/\\\/www.miamibeachfl.gov\\\/?s={search_term_string}\"},\"query-input\":{\"@type\":\"PropertyValueSpecification\",\"valueRequired\":true,\"valueName\":\"search_term_string\"}}],\"inLanguage\":\"pt-BR\"},{\"@type\":\"Organization\",\"@id\":\"https:\\\/\\\/www.miamibeachfl.gov\\\/#organization\",\"name\":\"City of Miami Beach\",\"url\":\"https:\\\/\\\/www.miamibeachfl.gov\\\/\",\"logo\":{\"@type\":\"ImageObject\",\"inLanguage\":\"pt-BR\",\"@id\":\"https:\\\/\\\/www.miamibeachfl.gov\\\/#\\\/schema\\\/logo\\\/image\\\/\",\"url\":\"https:\\\/\\\/www.miamibeachfl.gov\\\/wp-content\\\/uploads\\\/2022\\\/06\\\/miamibeach-logoblue.png\",\"contentUrl\":\"https:\\\/\\\/www.miamibeachfl.gov\\\/wp-content\\\/uploads\\\/2022\\\/06\\\/miamibeach-logoblue.png\",\"width\":1962,\"height\":381,\"caption\":\"City of Miami Beach\"},\"image\":{\"@id\":\"https:\\\/\\\/www.miamibeachfl.gov\\\/#\\\/schema\\\/logo\\\/image\\\/\"},\"sameAs\":[\"https:\\\/\\\/www.facebook.com\\\/cityofmiamibeach\",\"https:\\\/\\\/x.com\\\/Miamibeachnews\",\"https:\\\/\\\/www.instagram.com\\\/miamibeachnews\\\/\"],\"description\":\"The official website of the City of Miami Beach. Stay informed, find important information on city services, news, alerts, events, trolley routes, government employment and more.\",\"telephone\":\"305.604.CITY(2489)\",\"legalName\":\"City of Miami Beach\"}]}<\/script>\n<!-- \/ Yoast SEO Premium plugin. -->","yoast_head_json":{"title":"Artigos arquivados - Cidade de Miami Beach","description":"Educational documents for downloads","robots":{"index":"index","follow":"follow","max-snippet":"max-snippet:-1","max-image-preview":"max-image-preview:large","max-video-preview":"max-video-preview:-1"},"canonical":"https:\/\/www.miamibeachfl.gov\/pt\/city-hall\/office-of-organizational-development\/next-generation\/archived-articles-2\/","og_locale":"pt_BR","og_type":"article","og_title":"Archived Articles","og_description":"Educational documents for downloads","og_url":"https:\/\/www.miamibeachfl.gov\/pt\/city-hall\/office-of-organizational-development\/next-generation\/archived-articles-2\/","og_site_name":"City of Miami Beach","article_publisher":"https:\/\/www.facebook.com\/cityofmiamibeach","article_modified_time":"2026-04-06T15:26:37+00:00","og_image":[{"url":"https:\/\/www.miamibeachfl.gov\/wp-content\/uploads\/2022\/05\/icon-orgdev.png","type":"","width":"","height":""}],"twitter_card":"summary_large_image","twitter_site":"@Miamibeachnews","schema":{"@context":"https:\/\/schema.org","@graph":[{"@type":"WebPage","@id":"https:\/\/www.miamibeachfl.gov\/city-hall\/office-of-organizational-development\/next-generation\/archived-articles-2\/","url":"https:\/\/www.miamibeachfl.gov\/city-hall\/office-of-organizational-development\/next-generation\/archived-articles-2\/","name":"Artigos arquivados - Cidade de Miami Beach","isPartOf":{"@id":"https:\/\/www.miamibeachfl.gov\/#website"},"primaryImageOfPage":{"@id":"https:\/\/www.miamibeachfl.gov\/city-hall\/office-of-organizational-development\/next-generation\/archived-articles-2\/#primaryimage"},"image":{"@id":"https:\/\/www.miamibeachfl.gov\/city-hall\/office-of-organizational-development\/next-generation\/archived-articles-2\/#primaryimage"},"thumbnailUrl":"https:\/\/www.miamibeachfl.gov\/wp-content\/uploads\/2022\/05\/icon-orgdev.png","datePublished":"2022-04-07T19:26:03+00:00","dateModified":"2026-04-06T15:26:37+00:00","description":"Educational documents for downloads","breadcrumb":{"@id":"https:\/\/www.miamibeachfl.gov\/city-hall\/office-of-organizational-development\/next-generation\/archived-articles-2\/#breadcrumb"},"inLanguage":"pt-BR","potentialAction":[{"@type":"ReadAction","target":["https:\/\/www.miamibeachfl.gov\/city-hall\/office-of-organizational-development\/next-generation\/archived-articles-2\/"]}]},{"@type":"ImageObject","inLanguage":"pt-BR","@id":"https:\/\/www.miamibeachfl.gov\/city-hall\/office-of-organizational-development\/next-generation\/archived-articles-2\/#primaryimage","url":"https:\/\/www.miamibeachfl.gov\/wp-content\/uploads\/2022\/05\/icon-orgdev.png","contentUrl":"https:\/\/www.miamibeachfl.gov\/wp-content\/uploads\/2022\/05\/icon-orgdev.png"},{"@type":"BreadcrumbList","@id":"https:\/\/www.miamibeachfl.gov\/city-hall\/office-of-organizational-development\/next-generation\/archived-articles-2\/#breadcrumb","itemListElement":[{"@type":"ListItem","position":1,"name":"Home","item":"https:\/\/www.miamibeachfl.gov\/"},{"@type":"ListItem","position":2,"name":"City Hall","item":"https:\/\/www.miamibeachfl.gov\/city-hall\/"},{"@type":"ListItem","position":3,"name":"Education &#038; Performance Initiatives","item":"https:\/\/www.miamibeachfl.gov\/city-hall\/office-of-organizational-development\/"},{"@type":"ListItem","position":4,"name":"Next Generation","item":"https:\/\/www.miamibeachfl.gov\/city-hall\/office-of-organizational-development\/next-generation\/"},{"@type":"ListItem","position":5,"name":"Archived Articles"}]},{"@type":"WebSite","@id":"https:\/\/www.miamibeachfl.gov\/#website","url":"https:\/\/www.miamibeachfl.gov\/","name":"Cidade de Miami Beach","description":"Site oficial da cidade de Miami Beach. Mantenha-se informado e encontre informa\u00e7\u00f5es importantes sobre servi\u00e7os municipais, not\u00edcias, alertas, eventos, rotas de bonde, empregos p\u00fablicos e muito mais.","publisher":{"@id":"https:\/\/www.miamibeachfl.gov\/#organization"},"potentialAction":[{"@type":"SearchAction","target":{"@type":"EntryPoint","urlTemplate":"https:\/\/www.miamibeachfl.gov\/?s={search_term_string}"},"query-input":{"@type":"PropertyValueSpecification","valueRequired":true,"valueName":"search_term_string"}}],"inLanguage":"pt-BR"},{"@type":"Organization","@id":"https:\/\/www.miamibeachfl.gov\/#organization","name":"Cidade de Miami Beach","url":"https:\/\/www.miamibeachfl.gov\/","logo":{"@type":"ImageObject","inLanguage":"pt-BR","@id":"https:\/\/www.miamibeachfl.gov\/#\/schema\/logo\/image\/","url":"https:\/\/www.miamibeachfl.gov\/wp-content\/uploads\/2022\/06\/miamibeach-logoblue.png","contentUrl":"https:\/\/www.miamibeachfl.gov\/wp-content\/uploads\/2022\/06\/miamibeach-logoblue.png","width":1962,"height":381,"caption":"City of Miami Beach"},"image":{"@id":"https:\/\/www.miamibeachfl.gov\/#\/schema\/logo\/image\/"},"sameAs":["https:\/\/www.facebook.com\/cityofmiamibeach","https:\/\/x.com\/Miamibeachnews","https:\/\/www.instagram.com\/miamibeachnews\/"],"description":"Site oficial da cidade de Miami Beach. Mantenha-se informado e encontre informa\u00e7\u00f5es importantes sobre servi\u00e7os municipais, not\u00edcias, alertas, eventos, rotas de bonde, empregos p\u00fablicos e muito mais.","telephone":"305.604.CITY(2489)","legalName":"City of Miami Beach"}]}},"_links":{"self":[{"href":"https:\/\/www.miamibeachfl.gov\/pt\/wp-json\/wp\/v2\/pages\/184642","targetHints":{"allow":["GET"]}}],"collection":[{"href":"https:\/\/www.miamibeachfl.gov\/pt\/wp-json\/wp\/v2\/pages"}],"about":[{"href":"https:\/\/www.miamibeachfl.gov\/pt\/wp-json\/wp\/v2\/types\/page"}],"author":[{"embeddable":true,"href":"https:\/\/www.miamibeachfl.gov\/pt\/wp-json\/wp\/v2\/users\/222"}],"replies":[{"embeddable":true,"href":"https:\/\/www.miamibeachfl.gov\/pt\/wp-json\/wp\/v2\/comments?post=184642"}],"version-history":[{"count":3,"href":"https:\/\/www.miamibeachfl.gov\/pt\/wp-json\/wp\/v2\/pages\/184642\/revisions"}],"predecessor-version":[{"id":398439,"href":"https:\/\/www.miamibeachfl.gov\/pt\/wp-json\/wp\/v2\/pages\/184642\/revisions\/398439"}],"up":[{"embeddable":true,"href":"https:\/\/www.miamibeachfl.gov\/pt\/wp-json\/wp\/v2\/pages\/184605"}],"wp:attachment":[{"href":"https:\/\/www.miamibeachfl.gov\/pt\/wp-json\/wp\/v2\/media?parent=184642"}],"wp:term":[{"taxonomy":"category","embeddable":true,"href":"https:\/\/www.miamibeachfl.gov\/pt\/wp-json\/wp\/v2\/categories?post=184642"},{"taxonomy":"post_tag","embeddable":true,"href":"https:\/\/www.miamibeachfl.gov\/pt\/wp-json\/wp\/v2\/tags?post=184642"}],"curies":[{"name":"wp","href":"https:\/\/api.w.org\/{rel}","templated":true}]}}