{"id":195688,"date":"2022-06-23T09:14:32","date_gmt":"2022-06-23T13:14:32","guid":{"rendered":"https:\/\/www.miamibeachfl.gov\/?page_id=195688"},"modified":"2025-06-02T22:04:56","modified_gmt":"2025-06-03T02:04:56","slug":"june-2022-business-spotlight","status":"publish","type":"page","link":"https:\/\/www.miamibeachfl.gov\/pt\/spotlight\/june-2022-business-spotlight\/","title":{"rendered":"Destaque de neg\u00f3cios de junho de 2022"},"content":{"rendered":"<h5>\n\t\t<a href=\"https:\/\/www.miamibeachfl.gov\/pt\/mbbiznews\/\" title=\"Assine aqui para receber o boletim de neg\u00f3cios da cidade mensalmente em sua caixa de entrada.\"  target=\"_blank\"  rel=\"noopener\">\n\t\t\tAssine aqui para receber o boletim de neg\u00f3cios da cidade mensalmente em sua caixa de entrada.\t\t<\/a>\n\t<\/h5>\n<h5>\n\t\t<a href=\"https:\/\/myemail.constantcontact.com\/Stay-connected-with-MB-Biz-.html?soid=1011085968389&#038;aid=q90qfhI4kxA\" title=\"Boletim de Neg\u00f3cios\"  target=\"_blank\"  rel=\"noopener\">\n\t\t\tBoletim de Neg\u00f3cios\t\t<\/a>\n\t<\/h5>\n\t<p><strong>PARAB\u00c9NS A TIM SCHMAND PELO TRABALHO MAGN\u00cdFICO NA LINCOLN ROAD<\/strong><\/p>\n\t\t\t\t<img decoding=\"async\" src=\"https:\/\/www.miamibeachfl.gov\/wp-content\/uploads\/2022\/06\/1.jpg\" alt=\"1\" itemprop=\"image\" title=\"1\" onerror=\"this.style.display='none'\" loading='lazy' \/>\n\t<p>Todo empres\u00e1rio da Lincoln Road conhece Timothy Schmand como o homem de chap\u00e9u estiloso que est\u00e1 sempre disposto a ajudar. Muitos, no entanto, desconhecem as muitas outras fun\u00e7\u00f5es que Tim desempenhou ao longo de sua carreira. Natural de Buffalo, Nova York, ele adora contar a hist\u00f3ria de sua chegada a Miami Beach. Em 1979, ele pegou carona de Buffalo at\u00e9 Key West e depois para Miami Beach, uma cidadezinha tranquila. Seu primeiro emprego no sul da Fl\u00f3rida foi treinar adultos com defici\u00eancia mental em habilidades de limpeza perto dos p\u00e1tios ferrovi\u00e1rios de Miami (onde hoje \u00e9 Wynwood). Na \u00e9poca, o circo tinha seu acampamento base perto dos p\u00e1tios ferrovi\u00e1rios, mas as apresenta\u00e7\u00f5es eram no Centro de Conven\u00e7\u00f5es de Miami Beach. Ele se lembra com carinho de assistir \u00e0 ic\u00f4nica caminhada dos elefantes pela Venetian Causeway, uma vis\u00e3o inesquec\u00edvel.<\/p>\n\t\t\t\t<img decoding=\"async\" src=\"https:\/\/www.miamibeachfl.gov\/wp-content\/plugins\/bb-plugin\/img\/pixel.png\" alt=\"\" itemprop=\"image\" onerror=\"this.style.display='none'\" loading='lazy' \/>\n\t\t\t\t<img decoding=\"async\" src=\"https:\/\/www.miamibeachfl.gov\/wp-content\/uploads\/2022\/06\/2.jpg\" alt=\"2\" itemprop=\"image\" title=\"2\" onerror=\"this.style.display='none'\" loading='lazy' \/>\n\t\t\t\t<img decoding=\"async\" src=\"https:\/\/www.miamibeachfl.gov\/wp-content\/plugins\/bb-plugin\/img\/pixel.png\" alt=\"\" itemprop=\"image\" onerror=\"this.style.display='none'\" loading='lazy' \/>\n\t<p>Depois de algum tempo, Tim assumiu outra fun\u00e7\u00e3o como seguran\u00e7a de meio per\u00edodo no Museu Hist\u00f3rico do Sul da Fl\u00f3rida, onde, ap\u00f3s dois anos, foi promovido a Diretor Associado de Marketing, Publica\u00e7\u00f5es e Comunica\u00e7\u00f5es e passou a atuar como Gerente da loja do museu. Tamb\u00e9m aspirante a escritor, Tim cursou e obteve um Mestrado em Belas Artes. Essa conquista acad\u00eamica o levou ao seu pr\u00f3ximo cap\u00edtulo como redator de propostas para o Museu de Ci\u00eancias (hoje Museu de Ci\u00eancias Phillip e Patricia Frost), o Jardim Bot\u00e2nico Tropical Fairchild e o Bayfront Park Management Trust.<\/p>\n<p>Enquanto trabalhava para uma bolsa do Festival de Shakespeare para o Bayfront Park Management Trust, Tim foi convidado a auxiliar na opera\u00e7\u00e3o do festival. Essa nova fun\u00e7\u00e3o o levou a uma carreira de 25 anos como diretor executivo do Bayfront Park Management Trust, onde Tim administrou todos os aspectos dos Parques Bayfront e Museum. Sob a lideran\u00e7a de Tim, os parques alcan\u00e7aram $7,5 milh\u00f5es em receita l\u00edquida entre 2003 e 2016 e atra\u00edram 8,5 milh\u00f5es de visitantes para concertos, eventos especiais e atividades comunit\u00e1rias. Uma de suas principais realiza\u00e7\u00f5es \u00e9 o Ultra Music Festival de 2008 no Bayfront Park, que recebeu in\u00fameros pr\u00eamios, incluindo a inclus\u00e3o no <em>Pedra rolando<\/em> revista Top 10 Concertos dos 20<sup>\u00ba<\/sup> Century nos Estados Unidos - uma honra compartilhada com Woodstock Music and Art Fair (1969) e Coachella Valley Music and Arts Festival.<\/p>\n<p>Nunca sendo algu\u00e9m que se esquiva de desafios, embora estivesse pensando em se aposentar, Tim assumiu o cargo em 2017 e se juntou ao Coconut Grove Business Improvement District como Diretor Executivo Interino, onde emprestou sua experi\u00eancia e conhecimento para a transforma\u00e7\u00e3o do corredor comercial.<\/p>\n<p>Tim atribui seu interesse em cria\u00e7\u00e3o de lugares urbanos e seu vasto conhecimento sobre energiza\u00e7\u00e3o de espa\u00e7os ao ar livre a &quot;A Vida Social dos Pequenos Espa\u00e7os Urbanos&quot;, livro de William H. Whyte. Tim credita o livro de Whyte, que lan\u00e7ou uma minirrevolu\u00e7\u00e3o no planejamento urbano e no design de espa\u00e7os p\u00fablicos, por guiar e transformar suas vis\u00f5es e sua perspic\u00e1cia gerencial sobre como os espa\u00e7os p\u00fablicos contribuem para o bem-estar de uma comunidade.<\/p>\n\t\t\t\t<img decoding=\"async\" src=\"https:\/\/www.miamibeachfl.gov\/wp-content\/uploads\/2022\/06\/3.jpg\" alt=\"3\" itemprop=\"image\" title=\"3\" onerror=\"this.style.display='none'\" loading='lazy' \/>\n\t<p>Em 2017, Tim atualizou seu cargo para atuar como diretor executivo do Distrito de Melhoria Comercial da Lincoln Road.<\/p>\n<p>\u201cComprei meu primeiro presente para o amor da minha vida na Lincoln Road\u201d, compartilhou Tim. \u201cCompramos nossas alian\u00e7as na Lincoln Road, antes de nos casarmos na antiga Prefeitura. A Lincoln Road sempre ter\u00e1 um lugar especial no meu cora\u00e7\u00e3o.\u201d<\/p>\n\t\t\t\t<img decoding=\"async\" src=\"https:\/\/www.miamibeachfl.gov\/wp-content\/uploads\/2022\/06\/4.png\" alt=\"4\" itemprop=\"image\" title=\"4\" onerror=\"this.style.display='none'\" loading='lazy' \/>\n\t<p>Com o chap\u00e9u e o cora\u00e7\u00e3o na m\u00e3o, Tim liderou a mini revolu\u00e7\u00e3o econ\u00f4mica da Lincoln Road em seus 5 anos de mandato. Ele cultivou e construiu um destino internacionalmente conhecido, repleto de arte e cultura, gastronomia e com\u00e9rcio de classe mundial e programa\u00e7\u00e3o voltada para a fam\u00edlia. Durante a pandemia, a Lincoln Road foi severamente impactada, como todos os distritos comerciais globais. Mesmo assim, Tim abra\u00e7ou o desafio e sua experi\u00eancia cultural para expor 13 esculturas monumentais de Botero no cal\u00e7ad\u00e3o de pedestres do outono de 2019 at\u00e9 a primavera de 2020 \u2013 incentivando moradores e visitantes a aproveitar o espa\u00e7o aberto da Lincoln Road e interagir com comerciantes que oferecem comida para viagem e entretenimento art\u00edstico com distanciamento social.<\/p>\n<p>Questionado sobre seu legado, Tim, um homem de fala mansa, charmoso, elegante e af\u00e1vel, compartilhou que deseja ser lembrado por ser um defensor do urbanismo e dos espa\u00e7os abertos, que dedicou sua vida profissional a auxiliar comerciantes e a transformar espa\u00e7os de simples cria\u00e7\u00e3o de lugares urbanos em espa\u00e7os comerciais e ao ar livre memor\u00e1veis e quase perfeitos. Da mesma forma, ele espera que sua influ\u00eancia tenha inspirado moradores, empresas e turistas.<\/p>\n<p>\u201cEstou satisfeito e orgulhoso que a Lincoln Road tenha surgido como um convidativo espa\u00e7o p\u00fablico urbano com sol, sombra, comida, \u00e1rvores, fontes, entretenimento e pessoas\u201d, disse Tim. \u201cComo Whyte escreveu h\u00e1 30 anos, os espa\u00e7os p\u00fablicos unem as pessoas e a Lincoln Road serve como um excelente exemplo sustent\u00e1vel que continua a prosperar. Tenho orgulho de que, durante a recente pandemia, os l\u00edderes, membros, equipe e comunidade da Lincoln Road tenham inaugurado e organizado espa\u00e7os que mudaram vidas, unindo, engajando e curando esta comunidade. A Lincoln Road \u00e9 especial \u2013 \u00e9 onde dois estranhos podem se encontrar e conversar, um casal pode passear tranquilamente, adolescentes podem saborear uma pizza, colegas podem tomar um caf\u00e9 e todos podem participar da terapia de compras.\u201d<\/p>\n<p>Formado pela State University College de Nova York, Tim tamb\u00e9m possui mestrado em Belas Artes pelo Vermont College. Tim planeja ampliar sua cole\u00e7\u00e3o de livros que escreveu e publicou: &quot;Just Johnson; The London Delivery&quot; e &quot;The True Tales of Bad Benny Taggart&quot;.<\/p>\n<p>Parab\u00e9ns ao Tim por tudo o que ele fez pela cidade de Miami Beach e pela Lincoln Road. Suas contribui\u00e7\u00f5es e conquistas s\u00e3o celebradas e desejamos a ele tudo de bom em seu pr\u00f3ximo cap\u00edtulo!<\/p>\n\t\t\t\t<img decoding=\"async\" src=\"https:\/\/www.miamibeachfl.gov\/wp-content\/uploads\/2022\/06\/5.png\" alt=\"5\" itemprop=\"image\" title=\"5\" onerror=\"this.style.display='none'\" loading='lazy' \/>","protected":false},"excerpt":{"rendered":"<p>Assine aqui para receber o boletim informativo de neg\u00f3cios da cidade mensalmente em sua caixa de entrada. Boletim de Neg\u00f3cios PARAB\u00c9NS A TIM SCHMAND POR [\u2026]<\/p>","protected":false},"author":222,"featured_media":0,"parent":253255,"menu_order":0,"comment_status":"closed","ping_status":"closed","template":"","meta":{"_searchwp_excluded":"","site-sidebar-layout":"default","site-content-layout":"","ast-site-content-layout":"default","site-content-style":"default","site-sidebar-style":"default","ast-global-header-display":"","ast-banner-title-visibility":"","ast-main-header-display":"","ast-hfb-above-header-display":"","ast-hfb-below-header-display":"","ast-hfb-mobile-header-display":"","site-post-title":"","ast-breadcrumbs-content":"","ast-featured-img":"","footer-sml-layout":"","theme-transparent-header-meta":"","adv-header-id-meta":"","stick-header-meta":"","header-above-stick-meta":"","header-main-stick-meta":"","header-below-stick-meta":"","astra-migrate-meta-layouts":"default","ast-page-background-enabled":"default","ast-page-background-meta":{"desktop":{"background-color":"var(--ast-global-color-5)","background-image":"","background-repeat":"repeat","background-position":"center center","background-size":"auto","background-attachment":"scroll","background-type":"","background-media":"","overlay-type":"","overlay-color":"","overlay-opacity":"","overlay-gradient":""},"tablet":{"background-color":"","background-image":"","background-repeat":"repeat","background-position":"center center","background-size":"auto","background-attachment":"scroll","background-type":"","background-media":"","overlay-type":"","overlay-color":"","overlay-opacity":"","overlay-gradient":""},"mobile":{"background-color":"","background-image":"","background-repeat":"repeat","background-position":"center center","background-size":"auto","background-attachment":"scroll","background-type":"","background-media":"","overlay-type":"","overlay-color":"","overlay-opacity":"","overlay-gradient":""}},"ast-content-background-meta":{"desktop":{"background-color":"var(--ast-global-color-4)","background-image":"","background-repeat":"repeat","background-position":"center center","background-size":"auto","background-attachment":"scroll","background-type":"","background-media":"","overlay-type":"","overlay-color":"","overlay-opacity":"","overlay-gradient":""},"tablet":{"background-color":"var(--ast-global-color-4)","background-image":"","background-repeat":"repeat","background-position":"center center","background-size":"auto","background-attachment":"scroll","background-type":"","background-media":"","overlay-type":"","overlay-color":"","overlay-opacity":"","overlay-gradient":""},"mobile":{"background-color":"var(--ast-global-color-4)","background-image":"","background-repeat":"repeat","background-position":"center center","background-size":"auto","background-attachment":"scroll","background-type":"","background-media":"","overlay-type":"","overlay-color":"","overlay-opacity":"","overlay-gradient":""}},"footnotes":""},"categories":[],"tags":[],"class_list":["post-195688","page","type-page","status-publish","hentry"],"yoast_head":"<!-- This site is optimized with the Yoast SEO Premium plugin v26.6 (Yoast SEO v26.6) - https:\/\/yoast.com\/wordpress\/plugins\/seo\/ -->\n<title>June 2022 Business Spotlight - City of Miami Beach<\/title>\n<meta name=\"description\" content=\"%\" \/>\n<meta name=\"robots\" content=\"index, follow, max-snippet:-1, max-image-preview:large, max-video-preview:-1\" \/>\n<link rel=\"canonical\" href=\"https:\/\/www.miamibeachfl.gov\/pt\/spotlight\/june-2022-business-spotlight\/\" \/>\n<meta property=\"og:locale\" content=\"pt_BR\" \/>\n<meta property=\"og:type\" content=\"article\" \/>\n<meta property=\"og:title\" content=\"June 2022 Business Spotlight\" \/>\n<meta property=\"og:description\" content=\"%\" \/>\n<meta property=\"og:url\" content=\"https:\/\/www.miamibeachfl.gov\/pt\/spotlight\/june-2022-business-spotlight\/\" \/>\n<meta property=\"og:site_name\" content=\"City of Miami Beach\" \/>\n<meta property=\"article:publisher\" content=\"https:\/\/www.facebook.com\/cityofmiamibeach\" \/>\n<meta property=\"article:modified_time\" content=\"2025-06-03T02:04:56+00:00\" \/>\n<meta property=\"og:image\" content=\"https:\/\/www.miamibeachfl.gov\/wp-content\/uploads\/2022\/06\/1.jpg\" \/>\n<meta name=\"twitter:card\" content=\"summary_large_image\" \/>\n<meta name=\"twitter:site\" content=\"@Miamibeachnews\" \/>\n<script type=\"application\/ld+json\" class=\"yoast-schema-graph\">{\"@context\":\"https:\/\/schema.org\",\"@graph\":[{\"@type\":\"WebPage\",\"@id\":\"https:\/\/www.miamibeachfl.gov\/spotlight\/june-2022-business-spotlight\/\",\"url\":\"https:\/\/www.miamibeachfl.gov\/spotlight\/june-2022-business-spotlight\/\",\"name\":\"June 2022 Business Spotlight - City of Miami Beach\",\"isPartOf\":{\"@id\":\"https:\/\/www.miamibeachfl.gov\/#website\"},\"primaryImageOfPage\":{\"@id\":\"https:\/\/www.miamibeachfl.gov\/spotlight\/june-2022-business-spotlight\/#primaryimage\"},\"image\":{\"@id\":\"https:\/\/www.miamibeachfl.gov\/spotlight\/june-2022-business-spotlight\/#primaryimage\"},\"thumbnailUrl\":\"https:\/\/www.miamibeachfl.gov\/wp-content\/uploads\/2022\/06\/1.jpg\",\"datePublished\":\"2022-06-23T13:14:32+00:00\",\"dateModified\":\"2025-06-03T02:04:56+00:00\",\"description\":\"%\",\"breadcrumb\":{\"@id\":\"https:\/\/www.miamibeachfl.gov\/spotlight\/june-2022-business-spotlight\/#breadcrumb\"},\"inLanguage\":\"pt-BR\",\"potentialAction\":[{\"@type\":\"ReadAction\",\"target\":[\"https:\/\/www.miamibeachfl.gov\/spotlight\/june-2022-business-spotlight\/\"]}]},{\"@type\":\"ImageObject\",\"inLanguage\":\"pt-BR\",\"@id\":\"https:\/\/www.miamibeachfl.gov\/spotlight\/june-2022-business-spotlight\/#primaryimage\",\"url\":\"https:\/\/www.miamibeachfl.gov\/wp-content\/uploads\/2022\/06\/1.jpg\",\"contentUrl\":\"https:\/\/www.miamibeachfl.gov\/wp-content\/uploads\/2022\/06\/1.jpg\"},{\"@type\":\"BreadcrumbList\",\"@id\":\"https:\/\/www.miamibeachfl.gov\/spotlight\/june-2022-business-spotlight\/#breadcrumb\",\"itemListElement\":[{\"@type\":\"ListItem\",\"position\":1,\"name\":\"Home\",\"item\":\"https:\/\/www.miamibeachfl.gov\/\"},{\"@type\":\"ListItem\",\"position\":2,\"name\":\"Business Newsletters and Spotlights\",\"item\":\"https:\/\/www.miamibeachfl.gov\/spotlight\/\"},{\"@type\":\"ListItem\",\"position\":3,\"name\":\"June 2022 Business Spotlight\"}]},{\"@type\":\"WebSite\",\"@id\":\"https:\/\/www.miamibeachfl.gov\/#website\",\"url\":\"https:\/\/www.miamibeachfl.gov\/\",\"name\":\"City of Miami Beach\",\"description\":\"The official website of the City of Miami Beach. Stay informed, find important information on city services, news, alerts, events, trolley routes, government employment and more.\",\"publisher\":{\"@id\":\"https:\/\/www.miamibeachfl.gov\/#organization\"},\"potentialAction\":[{\"@type\":\"SearchAction\",\"target\":{\"@type\":\"EntryPoint\",\"urlTemplate\":\"https:\/\/www.miamibeachfl.gov\/?s={search_term_string}\"},\"query-input\":{\"@type\":\"PropertyValueSpecification\",\"valueRequired\":true,\"valueName\":\"search_term_string\"}}],\"inLanguage\":\"pt-BR\"},{\"@type\":\"Organization\",\"@id\":\"https:\/\/www.miamibeachfl.gov\/#organization\",\"name\":\"City of Miami Beach\",\"url\":\"https:\/\/www.miamibeachfl.gov\/\",\"logo\":{\"@type\":\"ImageObject\",\"inLanguage\":\"pt-BR\",\"@id\":\"https:\/\/www.miamibeachfl.gov\/#\/schema\/logo\/image\/\",\"url\":\"https:\/\/www.miamibeachfl.gov\/wp-content\/uploads\/2022\/06\/miamibeach-logoblue.png\",\"contentUrl\":\"https:\/\/www.miamibeachfl.gov\/wp-content\/uploads\/2022\/06\/miamibeach-logoblue.png\",\"width\":1962,\"height\":381,\"caption\":\"City of Miami Beach\"},\"image\":{\"@id\":\"https:\/\/www.miamibeachfl.gov\/#\/schema\/logo\/image\/\"},\"sameAs\":[\"https:\/\/www.facebook.com\/cityofmiamibeach\",\"https:\/\/x.com\/Miamibeachnews\",\"https:\/\/www.instagram.com\/miamibeachnews\/\"],\"description\":\"The official website of the City of Miami Beach. Stay informed, find important information on city services, news, alerts, events, trolley routes, government employment and more.\",\"telephone\":\"305.604.CITY(2489)\",\"legalName\":\"City of Miami Beach\"}]}<\/script>\n<!-- \/ Yoast SEO Premium plugin. -->","yoast_head_json":{"title":"Destaque de neg\u00f3cios de junho de 2022 - Cidade de Miami Beach","description":"%","robots":{"index":"index","follow":"follow","max-snippet":"max-snippet:-1","max-image-preview":"max-image-preview:large","max-video-preview":"max-video-preview:-1"},"canonical":"https:\/\/www.miamibeachfl.gov\/pt\/spotlight\/june-2022-business-spotlight\/","og_locale":"pt_BR","og_type":"article","og_title":"June 2022 Business Spotlight","og_description":"%","og_url":"https:\/\/www.miamibeachfl.gov\/pt\/spotlight\/june-2022-business-spotlight\/","og_site_name":"City of Miami Beach","article_publisher":"https:\/\/www.facebook.com\/cityofmiamibeach","article_modified_time":"2025-06-03T02:04:56+00:00","og_image":[{"url":"https:\/\/www.miamibeachfl.gov\/wp-content\/uploads\/2022\/06\/1.jpg","type":"","width":"","height":""}],"twitter_card":"summary_large_image","twitter_site":"@Miamibeachnews","schema":{"@context":"https:\/\/schema.org","@graph":[{"@type":"WebPage","@id":"https:\/\/www.miamibeachfl.gov\/spotlight\/june-2022-business-spotlight\/","url":"https:\/\/www.miamibeachfl.gov\/spotlight\/june-2022-business-spotlight\/","name":"Destaque de neg\u00f3cios de junho de 2022 - Cidade de Miami Beach","isPartOf":{"@id":"https:\/\/www.miamibeachfl.gov\/#website"},"primaryImageOfPage":{"@id":"https:\/\/www.miamibeachfl.gov\/spotlight\/june-2022-business-spotlight\/#primaryimage"},"image":{"@id":"https:\/\/www.miamibeachfl.gov\/spotlight\/june-2022-business-spotlight\/#primaryimage"},"thumbnailUrl":"https:\/\/www.miamibeachfl.gov\/wp-content\/uploads\/2022\/06\/1.jpg","datePublished":"2022-06-23T13:14:32+00:00","dateModified":"2025-06-03T02:04:56+00:00","description":"%","breadcrumb":{"@id":"https:\/\/www.miamibeachfl.gov\/spotlight\/june-2022-business-spotlight\/#breadcrumb"},"inLanguage":"pt-BR","potentialAction":[{"@type":"ReadAction","target":["https:\/\/www.miamibeachfl.gov\/spotlight\/june-2022-business-spotlight\/"]}]},{"@type":"ImageObject","inLanguage":"pt-BR","@id":"https:\/\/www.miamibeachfl.gov\/spotlight\/june-2022-business-spotlight\/#primaryimage","url":"https:\/\/www.miamibeachfl.gov\/wp-content\/uploads\/2022\/06\/1.jpg","contentUrl":"https:\/\/www.miamibeachfl.gov\/wp-content\/uploads\/2022\/06\/1.jpg"},{"@type":"BreadcrumbList","@id":"https:\/\/www.miamibeachfl.gov\/spotlight\/june-2022-business-spotlight\/#breadcrumb","itemListElement":[{"@type":"ListItem","position":1,"name":"Home","item":"https:\/\/www.miamibeachfl.gov\/"},{"@type":"ListItem","position":2,"name":"Business Newsletters and Spotlights","item":"https:\/\/www.miamibeachfl.gov\/spotlight\/"},{"@type":"ListItem","position":3,"name":"June 2022 Business Spotlight"}]},{"@type":"WebSite","@id":"https:\/\/www.miamibeachfl.gov\/#website","url":"https:\/\/www.miamibeachfl.gov\/","name":"Cidade de Miami Beach","description":"Site oficial da cidade de Miami Beach. Mantenha-se informado e encontre informa\u00e7\u00f5es importantes sobre servi\u00e7os municipais, not\u00edcias, alertas, eventos, rotas de bonde, empregos p\u00fablicos e muito mais.","publisher":{"@id":"https:\/\/www.miamibeachfl.gov\/#organization"},"potentialAction":[{"@type":"SearchAction","target":{"@type":"EntryPoint","urlTemplate":"https:\/\/www.miamibeachfl.gov\/?s={search_term_string}"},"query-input":{"@type":"PropertyValueSpecification","valueRequired":true,"valueName":"search_term_string"}}],"inLanguage":"pt-BR"},{"@type":"Organization","@id":"https:\/\/www.miamibeachfl.gov\/#organization","name":"Cidade de Miami Beach","url":"https:\/\/www.miamibeachfl.gov\/","logo":{"@type":"ImageObject","inLanguage":"pt-BR","@id":"https:\/\/www.miamibeachfl.gov\/#\/schema\/logo\/image\/","url":"https:\/\/www.miamibeachfl.gov\/wp-content\/uploads\/2022\/06\/miamibeach-logoblue.png","contentUrl":"https:\/\/www.miamibeachfl.gov\/wp-content\/uploads\/2022\/06\/miamibeach-logoblue.png","width":1962,"height":381,"caption":"City of Miami Beach"},"image":{"@id":"https:\/\/www.miamibeachfl.gov\/#\/schema\/logo\/image\/"},"sameAs":["https:\/\/www.facebook.com\/cityofmiamibeach","https:\/\/x.com\/Miamibeachnews","https:\/\/www.instagram.com\/miamibeachnews\/"],"description":"Site oficial da cidade de Miami Beach. Mantenha-se informado e encontre informa\u00e7\u00f5es importantes sobre servi\u00e7os municipais, not\u00edcias, alertas, eventos, rotas de bonde, empregos p\u00fablicos e muito mais.","telephone":"305.604.CITY(2489)","legalName":"City of Miami Beach"}]}},"_links":{"self":[{"href":"https:\/\/www.miamibeachfl.gov\/pt\/wp-json\/wp\/v2\/pages\/195688","targetHints":{"allow":["GET"]}}],"collection":[{"href":"https:\/\/www.miamibeachfl.gov\/pt\/wp-json\/wp\/v2\/pages"}],"about":[{"href":"https:\/\/www.miamibeachfl.gov\/pt\/wp-json\/wp\/v2\/types\/page"}],"author":[{"embeddable":true,"href":"https:\/\/www.miamibeachfl.gov\/pt\/wp-json\/wp\/v2\/users\/222"}],"replies":[{"embeddable":true,"href":"https:\/\/www.miamibeachfl.gov\/pt\/wp-json\/wp\/v2\/comments?post=195688"}],"version-history":[{"count":0,"href":"https:\/\/www.miamibeachfl.gov\/pt\/wp-json\/wp\/v2\/pages\/195688\/revisions"}],"up":[{"embeddable":true,"href":"https:\/\/www.miamibeachfl.gov\/pt\/wp-json\/wp\/v2\/pages\/253255"}],"wp:attachment":[{"href":"https:\/\/www.miamibeachfl.gov\/pt\/wp-json\/wp\/v2\/media?parent=195688"}],"wp:term":[{"taxonomy":"category","embeddable":true,"href":"https:\/\/www.miamibeachfl.gov\/pt\/wp-json\/wp\/v2\/categories?post=195688"},{"taxonomy":"post_tag","embeddable":true,"href":"https:\/\/www.miamibeachfl.gov\/pt\/wp-json\/wp\/v2\/tags?post=195688"}],"curies":[{"name":"wp","href":"https:\/\/api.w.org\/{rel}","templated":true}]}}