{"id":198156,"date":"2022-07-19T11:56:34","date_gmt":"2022-07-19T15:56:34","guid":{"rendered":"https:\/\/www.miamibeachfl.gov\/?page_id=198156"},"modified":"2025-06-02T22:02:47","modified_gmt":"2025-06-03T02:02:47","slug":"july-2022-business-spotlight-2-make-a-bold-move","status":"publish","type":"page","link":"https:\/\/www.miamibeachfl.gov\/pt\/spotlight\/july-2022-business-spotlight-2-make-a-bold-move\/","title":{"rendered":"Destaque de neg\u00f3cios de julho de 2022 - Fa\u00e7a uma mudan\u00e7a ousada"},"content":{"rendered":"<h5>\n\t\t<a href=\"https:\/\/www.miamibeachfl.gov\/pt\/mbbiznews\/\" title=\"Assine aqui para receber o boletim de neg\u00f3cios da cidade mensalmente em sua caixa de entrada.\"  target=\"_blank\"  rel=\"noopener\">\n\t\t\tAssine aqui para receber o boletim de neg\u00f3cios da cidade mensalmente em sua caixa de entrada.\t\t<\/a>\n\t<\/h5>\n<h5>\n\t\t<a href=\"https:\/\/myemail.constantcontact.com\/Stay-connected-with-MB-Biz--.html?soid=1011085968389&#038;aid=S0mHBwwl4Fs\" title=\"Boletim de Neg\u00f3cios\"  target=\"_blank\"  rel=\"noopener\">\n\t\t\tBoletim de Neg\u00f3cios\t\t<\/a>\n\t<\/h5>\n\t<p><strong>Fa\u00e7a um movimento ousado<\/strong><\/p>\n\t<p>O Boletim Informativo de Neg\u00f3cios da Cidade de Miami Beach est\u00e1 de cara nova! Ap\u00f3s uma an\u00e1lise abrangente de marketing e m\u00eddia para atrair empresas locais, regionais e nacionais, temos o orgulho de apresentar <strong>Fa\u00e7a um movimento ousado<\/strong>. A campanha se concentra em promover Miami Beach para empresas de todos os tamanhos como um destino de primeira linha que atende \u00e0s expectativas de estilo de vida em constante evolu\u00e7\u00e3o de funcion\u00e1rios e empregadores que buscam um melhor equil\u00edbrio entre vida pessoal e profissional.<\/p>\n\t\t\t\t<img decoding=\"async\" src=\"https:\/\/www.miamibeachfl.gov\/wp-content\/uploads\/2022\/07\/Picture1.jpg\" alt=\"Picture1\" itemprop=\"image\" title=\"Imagem 1\" onerror=\"this.style.display='none'\" loading='lazy' \/>\n\t<p>Nosso novo cabe\u00e7alho \u00e9 o primeiro passo de uma ambiciosa <strong>Fa\u00e7a um movimento ousado<\/strong> campanha. A p\u00e1gina do Departamento de Desenvolvimento Econ\u00f4mico da cidade, MBBiz.com, refletir\u00e1 e adotar\u00e1 essa nova mensagem e compartilhar\u00e1 regularmente insights sobre o que Miami Beach est\u00e1 fazendo para atrair empresas e empregos com sal\u00e1rios mais altos por meio do estilo de vida mais flex\u00edvel e equilibrado da cidade.<\/p>\n<p>As imagens e mensagens por tr\u00e1s <strong>Fa\u00e7a um movimento ousado<\/strong> se esfor\u00e7ar\u00e1 para influenciar empresas com conte\u00fado inspirador e memor\u00e1vel que consolida Miami Beach como um destino de neg\u00f3cios de primeira linha. A campanha visa atrair mais expans\u00f5es de neg\u00f3cios para nossas praias e fortalecer o portf\u00f3lio geral de programas de incentivo de Miami Beach, que continuam a criar, promover e nutrir oportunidades de neg\u00f3cios.<\/p>\n\t\t\t\t<img decoding=\"async\" src=\"https:\/\/www.miamibeachfl.gov\/wp-content\/uploads\/2022\/07\/Picture2.jpg\" alt=\"Picture2\" itemprop=\"image\" title=\"Imagem 2\" onerror=\"this.style.display='none'\" loading='lazy' \/>\n\t<p><strong>Fa\u00e7a um movimento ousado<\/strong> amplifica a tend\u00eancia nacional de empresas se mudando e expandindo para cidades mais habit\u00e1veis, \u00e0 medida que o apelo por op\u00e7\u00f5es alternativas de trabalho e o teletrabalho continuam a redefinir o ambiente de trabalho. Op\u00e7\u00f5es flex\u00edveis t\u00eam se mostrado eficazes na atra\u00e7\u00e3o de talentos e l\u00edderes empresariais, \u00e0 medida que o mundo se recupera do impacto da pandemia global. <strong>Fa\u00e7a um movimento ousado<\/strong> alavanca essa mentalidade e promove o novo cen\u00e1rio profissional para construir uma economia mais diversificada e destacar as in\u00fameras comodidades, potenciais investimentos e oportunidades de Miami Beach. Nosso p\u00fablico-alvo principal \u00e9 composto por fundadores, propriet\u00e1rios e tomadores de decis\u00e3o de alto escal\u00e3o nos setores de tecnologia e servi\u00e7os financeiros. Essas empresas geralmente estavam localizadas no Vale do Sil\u00edcio, Los Angeles, S\u00e3o Francisco, Nova York, Chicago e Connecticut. O p\u00fablico-alvo secund\u00e1rio \u00e9 composto por empresas de servi\u00e7os profissionais e pelos setores de hospitalidade, turismo, cinema e entretenimento. <strong>Fa\u00e7a um movimento ousado<\/strong> enfatiza que abrir ou se mudar para Miami Beach pode parecer uma jogada ousada, mas tamb\u00e9m faz sentido comercial e financeiro com base em nossos incentivos e estrutura tribut\u00e1ria.<\/p>\n\t\t\t\t<img decoding=\"async\" src=\"https:\/\/www.miamibeachfl.gov\/wp-content\/uploads\/2022\/07\/Picture3.jpg\" alt=\"Picture3\" itemprop=\"image\" title=\"Imagem 3\" onerror=\"this.style.display='none'\" loading='lazy' \/>\n\t<p><strong><em>Fa\u00e7a um movimento ousado<\/em><\/strong> baseia-se no fato de que a cultura de trabalho mudou. A capacidade de viver uma vida plena fora do trabalho est\u00e1 se tornando a norma, e as empresas que n\u00e3o se adaptarem ficar\u00e3o para tr\u00e1s. A campanha incentiva o afastamento do computador para inspirar produtividade e inova\u00e7\u00e3o. Um lugar onde o equil\u00edbrio entre vida pessoal e profissional \u00e9 inegoci\u00e1vel. Uma cidade onde voc\u00ea pode ver o nascer do sol sobre praias de areia branca durante o dia e, em seguida, ser eletrizante \u00e0 noite. N\u00e3o \u00e9 apenas uma mudan\u00e7a \u2013 \u00e9 uma solu\u00e7\u00e3o. Miami Beach oferece o equil\u00edbrio perfeito entre vida pessoal e profissional, com emo\u00e7\u00e3o e experi\u00eancias em cada esquina... \u00e9 hora de... <strong><em>Fa\u00e7a um movimento ousado<\/em><\/strong>\u2026para melhores oportunidades\u2026 melhor estilo de vida\u2026 melhor inspira\u00e7\u00e3o\u2026 melhor tudo\u2026 em Miami Beach.<\/p>","protected":false},"excerpt":{"rendered":"<p>Subscribe here to receive the City&#8217;s business newsletter to your inbox monthly. Business Newsletter Make A Bold Move The City [&hellip;]<\/p>\n","protected":false},"author":222,"featured_media":0,"parent":253255,"menu_order":0,"comment_status":"closed","ping_status":"closed","template":"","meta":{"_searchwp_excluded":"","site-sidebar-layout":"default","site-content-layout":"","ast-site-content-layout":"default","site-content-style":"default","site-sidebar-style":"default","ast-global-header-display":"","ast-banner-title-visibility":"","ast-main-header-display":"","ast-hfb-above-header-display":"","ast-hfb-below-header-display":"","ast-hfb-mobile-header-display":"","site-post-title":"","ast-breadcrumbs-content":"","ast-featured-img":"","footer-sml-layout":"","theme-transparent-header-meta":"","adv-header-id-meta":"","stick-header-meta":"","header-above-stick-meta":"","header-main-stick-meta":"","header-below-stick-meta":"","astra-migrate-meta-layouts":"default","ast-page-background-enabled":"default","ast-page-background-meta":{"desktop":{"background-color":"var(--ast-global-color-5)","background-image":"","background-repeat":"repeat","background-position":"center center","background-size":"auto","background-attachment":"scroll","background-type":"","background-media":"","overlay-type":"","overlay-color":"","overlay-opacity":"","overlay-gradient":""},"tablet":{"background-color":"","background-image":"","background-repeat":"repeat","background-position":"center center","background-size":"auto","background-attachment":"scroll","background-type":"","background-media":"","overlay-type":"","overlay-color":"","overlay-opacity":"","overlay-gradient":""},"mobile":{"background-color":"","background-image":"","background-repeat":"repeat","background-position":"center center","background-size":"auto","background-attachment":"scroll","background-type":"","background-media":"","overlay-type":"","overlay-color":"","overlay-opacity":"","overlay-gradient":""}},"ast-content-background-meta":{"desktop":{"background-color":"var(--ast-global-color-4)","background-image":"","background-repeat":"repeat","background-position":"center center","background-size":"auto","background-attachment":"scroll","background-type":"","background-media":"","overlay-type":"","overlay-color":"","overlay-opacity":"","overlay-gradient":""},"tablet":{"background-color":"var(--ast-global-color-4)","background-image":"","background-repeat":"repeat","background-position":"center center","background-size":"auto","background-attachment":"scroll","background-type":"","background-media":"","overlay-type":"","overlay-color":"","overlay-opacity":"","overlay-gradient":""},"mobile":{"background-color":"var(--ast-global-color-4)","background-image":"","background-repeat":"repeat","background-position":"center center","background-size":"auto","background-attachment":"scroll","background-type":"","background-media":"","overlay-type":"","overlay-color":"","overlay-opacity":"","overlay-gradient":""}},"footnotes":""},"categories":[],"tags":[],"class_list":["post-198156","page","type-page","status-publish","hentry"],"yoast_head":"<!-- This site is optimized with the Yoast SEO Premium plugin v27.4 (Yoast SEO v27.4) - https:\/\/yoast.com\/product\/yoast-seo-premium-wordpress\/ -->\n<title>July 2022 Business Spotlight- Make a Bold Move - City of Miami Beach<\/title>\n<meta name=\"description\" content=\"%\" \/>\n<meta name=\"robots\" content=\"index, follow, max-snippet:-1, max-image-preview:large, max-video-preview:-1\" \/>\n<link rel=\"canonical\" href=\"https:\/\/www.miamibeachfl.gov\/pt\/spotlight\/july-2022-business-spotlight-2-make-a-bold-move\/\" \/>\n<meta property=\"og:locale\" content=\"pt_BR\" \/>\n<meta property=\"og:type\" content=\"article\" \/>\n<meta property=\"og:title\" content=\"July 2022 Business Spotlight- Make a Bold Move\" \/>\n<meta property=\"og:description\" content=\"%\" \/>\n<meta property=\"og:url\" content=\"https:\/\/www.miamibeachfl.gov\/pt\/spotlight\/july-2022-business-spotlight-2-make-a-bold-move\/\" \/>\n<meta property=\"og:site_name\" content=\"City of Miami Beach\" \/>\n<meta property=\"article:publisher\" content=\"https:\/\/www.facebook.com\/cityofmiamibeach\" \/>\n<meta property=\"article:modified_time\" content=\"2025-06-03T02:02:47+00:00\" \/>\n<meta property=\"og:image\" content=\"https:\/\/www.miamibeachfl.gov\/wp-content\/uploads\/2022\/07\/Picture1.jpg\" \/>\n<meta name=\"twitter:card\" content=\"summary_large_image\" \/>\n<meta name=\"twitter:site\" content=\"@Miamibeachnews\" \/>\n<script type=\"application\/ld+json\" class=\"yoast-schema-graph\">{\"@context\":\"https:\\\/\\\/schema.org\",\"@graph\":[{\"@type\":\"WebPage\",\"@id\":\"https:\\\/\\\/www.miamibeachfl.gov\\\/spotlight\\\/july-2022-business-spotlight-2-make-a-bold-move\\\/\",\"url\":\"https:\\\/\\\/www.miamibeachfl.gov\\\/spotlight\\\/july-2022-business-spotlight-2-make-a-bold-move\\\/\",\"name\":\"July 2022 Business Spotlight- Make a Bold Move - City of Miami Beach\",\"isPartOf\":{\"@id\":\"https:\\\/\\\/www.miamibeachfl.gov\\\/#website\"},\"primaryImageOfPage\":{\"@id\":\"https:\\\/\\\/www.miamibeachfl.gov\\\/spotlight\\\/july-2022-business-spotlight-2-make-a-bold-move\\\/#primaryimage\"},\"image\":{\"@id\":\"https:\\\/\\\/www.miamibeachfl.gov\\\/spotlight\\\/july-2022-business-spotlight-2-make-a-bold-move\\\/#primaryimage\"},\"thumbnailUrl\":\"https:\\\/\\\/www.miamibeachfl.gov\\\/wp-content\\\/uploads\\\/2022\\\/07\\\/Picture1.jpg\",\"datePublished\":\"2022-07-19T15:56:34+00:00\",\"dateModified\":\"2025-06-03T02:02:47+00:00\",\"description\":\"%\",\"breadcrumb\":{\"@id\":\"https:\\\/\\\/www.miamibeachfl.gov\\\/spotlight\\\/july-2022-business-spotlight-2-make-a-bold-move\\\/#breadcrumb\"},\"inLanguage\":\"pt-BR\",\"potentialAction\":[{\"@type\":\"ReadAction\",\"target\":[\"https:\\\/\\\/www.miamibeachfl.gov\\\/spotlight\\\/july-2022-business-spotlight-2-make-a-bold-move\\\/\"]}]},{\"@type\":\"ImageObject\",\"inLanguage\":\"pt-BR\",\"@id\":\"https:\\\/\\\/www.miamibeachfl.gov\\\/spotlight\\\/july-2022-business-spotlight-2-make-a-bold-move\\\/#primaryimage\",\"url\":\"https:\\\/\\\/www.miamibeachfl.gov\\\/wp-content\\\/uploads\\\/2022\\\/07\\\/Picture1.jpg\",\"contentUrl\":\"https:\\\/\\\/www.miamibeachfl.gov\\\/wp-content\\\/uploads\\\/2022\\\/07\\\/Picture1.jpg\"},{\"@type\":\"BreadcrumbList\",\"@id\":\"https:\\\/\\\/www.miamibeachfl.gov\\\/spotlight\\\/july-2022-business-spotlight-2-make-a-bold-move\\\/#breadcrumb\",\"itemListElement\":[{\"@type\":\"ListItem\",\"position\":1,\"name\":\"Home\",\"item\":\"https:\\\/\\\/www.miamibeachfl.gov\\\/\"},{\"@type\":\"ListItem\",\"position\":2,\"name\":\"Business Newsletters and Spotlights\",\"item\":\"https:\\\/\\\/www.miamibeachfl.gov\\\/spotlight\\\/\"},{\"@type\":\"ListItem\",\"position\":3,\"name\":\"July 2022 Business Spotlight- Make a Bold Move\"}]},{\"@type\":\"WebSite\",\"@id\":\"https:\\\/\\\/www.miamibeachfl.gov\\\/#website\",\"url\":\"https:\\\/\\\/www.miamibeachfl.gov\\\/\",\"name\":\"City of Miami Beach\",\"description\":\"The official website of the City of Miami Beach. Stay informed, find important information on city services, news, alerts, events, trolley routes, government employment and more.\",\"publisher\":{\"@id\":\"https:\\\/\\\/www.miamibeachfl.gov\\\/#organization\"},\"potentialAction\":[{\"@type\":\"SearchAction\",\"target\":{\"@type\":\"EntryPoint\",\"urlTemplate\":\"https:\\\/\\\/www.miamibeachfl.gov\\\/?s={search_term_string}\"},\"query-input\":{\"@type\":\"PropertyValueSpecification\",\"valueRequired\":true,\"valueName\":\"search_term_string\"}}],\"inLanguage\":\"pt-BR\"},{\"@type\":\"Organization\",\"@id\":\"https:\\\/\\\/www.miamibeachfl.gov\\\/#organization\",\"name\":\"City of Miami Beach\",\"url\":\"https:\\\/\\\/www.miamibeachfl.gov\\\/\",\"logo\":{\"@type\":\"ImageObject\",\"inLanguage\":\"pt-BR\",\"@id\":\"https:\\\/\\\/www.miamibeachfl.gov\\\/#\\\/schema\\\/logo\\\/image\\\/\",\"url\":\"https:\\\/\\\/www.miamibeachfl.gov\\\/wp-content\\\/uploads\\\/2022\\\/06\\\/miamibeach-logoblue.png\",\"contentUrl\":\"https:\\\/\\\/www.miamibeachfl.gov\\\/wp-content\\\/uploads\\\/2022\\\/06\\\/miamibeach-logoblue.png\",\"width\":1962,\"height\":381,\"caption\":\"City of Miami Beach\"},\"image\":{\"@id\":\"https:\\\/\\\/www.miamibeachfl.gov\\\/#\\\/schema\\\/logo\\\/image\\\/\"},\"sameAs\":[\"https:\\\/\\\/www.facebook.com\\\/cityofmiamibeach\",\"https:\\\/\\\/x.com\\\/Miamibeachnews\",\"https:\\\/\\\/www.instagram.com\\\/miamibeachnews\\\/\"],\"description\":\"The official website of the City of Miami Beach. Stay informed, find important information on city services, news, alerts, events, trolley routes, government employment and more.\",\"telephone\":\"305.604.CITY(2489)\",\"legalName\":\"City of Miami Beach\"}]}<\/script>\n<!-- \/ Yoast SEO Premium plugin. -->","yoast_head_json":{"title":"Destaque de Neg\u00f3cios de Julho de 2022 - Fa\u00e7a uma Mudan\u00e7a Ousada - Cidade de Miami Beach","description":"%","robots":{"index":"index","follow":"follow","max-snippet":"max-snippet:-1","max-image-preview":"max-image-preview:large","max-video-preview":"max-video-preview:-1"},"canonical":"https:\/\/www.miamibeachfl.gov\/pt\/spotlight\/july-2022-business-spotlight-2-make-a-bold-move\/","og_locale":"pt_BR","og_type":"article","og_title":"July 2022 Business Spotlight- Make a Bold Move","og_description":"%","og_url":"https:\/\/www.miamibeachfl.gov\/pt\/spotlight\/july-2022-business-spotlight-2-make-a-bold-move\/","og_site_name":"City of Miami Beach","article_publisher":"https:\/\/www.facebook.com\/cityofmiamibeach","article_modified_time":"2025-06-03T02:02:47+00:00","og_image":[{"url":"https:\/\/www.miamibeachfl.gov\/wp-content\/uploads\/2022\/07\/Picture1.jpg","type":"","width":"","height":""}],"twitter_card":"summary_large_image","twitter_site":"@Miamibeachnews","schema":{"@context":"https:\/\/schema.org","@graph":[{"@type":"WebPage","@id":"https:\/\/www.miamibeachfl.gov\/spotlight\/july-2022-business-spotlight-2-make-a-bold-move\/","url":"https:\/\/www.miamibeachfl.gov\/spotlight\/july-2022-business-spotlight-2-make-a-bold-move\/","name":"Destaque de Neg\u00f3cios de Julho de 2022 - Fa\u00e7a uma Mudan\u00e7a Ousada - Cidade de Miami Beach","isPartOf":{"@id":"https:\/\/www.miamibeachfl.gov\/#website"},"primaryImageOfPage":{"@id":"https:\/\/www.miamibeachfl.gov\/spotlight\/july-2022-business-spotlight-2-make-a-bold-move\/#primaryimage"},"image":{"@id":"https:\/\/www.miamibeachfl.gov\/spotlight\/july-2022-business-spotlight-2-make-a-bold-move\/#primaryimage"},"thumbnailUrl":"https:\/\/www.miamibeachfl.gov\/wp-content\/uploads\/2022\/07\/Picture1.jpg","datePublished":"2022-07-19T15:56:34+00:00","dateModified":"2025-06-03T02:02:47+00:00","description":"%","breadcrumb":{"@id":"https:\/\/www.miamibeachfl.gov\/spotlight\/july-2022-business-spotlight-2-make-a-bold-move\/#breadcrumb"},"inLanguage":"pt-BR","potentialAction":[{"@type":"ReadAction","target":["https:\/\/www.miamibeachfl.gov\/spotlight\/july-2022-business-spotlight-2-make-a-bold-move\/"]}]},{"@type":"ImageObject","inLanguage":"pt-BR","@id":"https:\/\/www.miamibeachfl.gov\/spotlight\/july-2022-business-spotlight-2-make-a-bold-move\/#primaryimage","url":"https:\/\/www.miamibeachfl.gov\/wp-content\/uploads\/2022\/07\/Picture1.jpg","contentUrl":"https:\/\/www.miamibeachfl.gov\/wp-content\/uploads\/2022\/07\/Picture1.jpg"},{"@type":"BreadcrumbList","@id":"https:\/\/www.miamibeachfl.gov\/spotlight\/july-2022-business-spotlight-2-make-a-bold-move\/#breadcrumb","itemListElement":[{"@type":"ListItem","position":1,"name":"Home","item":"https:\/\/www.miamibeachfl.gov\/"},{"@type":"ListItem","position":2,"name":"Business Newsletters and Spotlights","item":"https:\/\/www.miamibeachfl.gov\/spotlight\/"},{"@type":"ListItem","position":3,"name":"July 2022 Business Spotlight- Make a Bold Move"}]},{"@type":"WebSite","@id":"https:\/\/www.miamibeachfl.gov\/#website","url":"https:\/\/www.miamibeachfl.gov\/","name":"Cidade de Miami Beach","description":"Site oficial da cidade de Miami Beach. Mantenha-se informado e encontre informa\u00e7\u00f5es importantes sobre servi\u00e7os municipais, not\u00edcias, alertas, eventos, rotas de bonde, empregos p\u00fablicos e muito mais.","publisher":{"@id":"https:\/\/www.miamibeachfl.gov\/#organization"},"potentialAction":[{"@type":"SearchAction","target":{"@type":"EntryPoint","urlTemplate":"https:\/\/www.miamibeachfl.gov\/?s={search_term_string}"},"query-input":{"@type":"PropertyValueSpecification","valueRequired":true,"valueName":"search_term_string"}}],"inLanguage":"pt-BR"},{"@type":"Organization","@id":"https:\/\/www.miamibeachfl.gov\/#organization","name":"Cidade de Miami Beach","url":"https:\/\/www.miamibeachfl.gov\/","logo":{"@type":"ImageObject","inLanguage":"pt-BR","@id":"https:\/\/www.miamibeachfl.gov\/#\/schema\/logo\/image\/","url":"https:\/\/www.miamibeachfl.gov\/wp-content\/uploads\/2022\/06\/miamibeach-logoblue.png","contentUrl":"https:\/\/www.miamibeachfl.gov\/wp-content\/uploads\/2022\/06\/miamibeach-logoblue.png","width":1962,"height":381,"caption":"City of Miami Beach"},"image":{"@id":"https:\/\/www.miamibeachfl.gov\/#\/schema\/logo\/image\/"},"sameAs":["https:\/\/www.facebook.com\/cityofmiamibeach","https:\/\/x.com\/Miamibeachnews","https:\/\/www.instagram.com\/miamibeachnews\/"],"description":"Site oficial da cidade de Miami Beach. Mantenha-se informado e encontre informa\u00e7\u00f5es importantes sobre servi\u00e7os municipais, not\u00edcias, alertas, eventos, rotas de bonde, empregos p\u00fablicos e muito mais.","telephone":"305.604.CITY(2489)","legalName":"City of Miami Beach"}]}},"_links":{"self":[{"href":"https:\/\/www.miamibeachfl.gov\/pt\/wp-json\/wp\/v2\/pages\/198156","targetHints":{"allow":["GET"]}}],"collection":[{"href":"https:\/\/www.miamibeachfl.gov\/pt\/wp-json\/wp\/v2\/pages"}],"about":[{"href":"https:\/\/www.miamibeachfl.gov\/pt\/wp-json\/wp\/v2\/types\/page"}],"author":[{"embeddable":true,"href":"https:\/\/www.miamibeachfl.gov\/pt\/wp-json\/wp\/v2\/users\/222"}],"replies":[{"embeddable":true,"href":"https:\/\/www.miamibeachfl.gov\/pt\/wp-json\/wp\/v2\/comments?post=198156"}],"version-history":[{"count":1,"href":"https:\/\/www.miamibeachfl.gov\/pt\/wp-json\/wp\/v2\/pages\/198156\/revisions"}],"predecessor-version":[{"id":375060,"href":"https:\/\/www.miamibeachfl.gov\/pt\/wp-json\/wp\/v2\/pages\/198156\/revisions\/375060"}],"up":[{"embeddable":true,"href":"https:\/\/www.miamibeachfl.gov\/pt\/wp-json\/wp\/v2\/pages\/253255"}],"wp:attachment":[{"href":"https:\/\/www.miamibeachfl.gov\/pt\/wp-json\/wp\/v2\/media?parent=198156"}],"wp:term":[{"taxonomy":"category","embeddable":true,"href":"https:\/\/www.miamibeachfl.gov\/pt\/wp-json\/wp\/v2\/categories?post=198156"},{"taxonomy":"post_tag","embeddable":true,"href":"https:\/\/www.miamibeachfl.gov\/pt\/wp-json\/wp\/v2\/tags?post=198156"}],"curies":[{"name":"wp","href":"https:\/\/api.w.org\/{rel}","templated":true}]}}