{"id":201815,"date":"2022-08-25T16:09:20","date_gmt":"2022-08-25T20:09:20","guid":{"rendered":"https:\/\/www.miamibeachfl.gov\/?page_id=201815"},"modified":"2025-12-31T16:22:26","modified_gmt":"2025-12-31T21:22:26","slug":"the-jewish-museum-of-florida-fiu","status":"publish","type":"page","link":"https:\/\/www.miamibeachfl.gov\/pt\/2022election-info\/the-jewish-museum-of-florida-fiu\/","title":{"rendered":"Museu Judaico da Fl\u00f3rida-FIU"},"content":{"rendered":"<h3>\n\t\t\tOutras instala\u00e7\u00f5es culturais (de propriedade do Estado)\t<\/h3>\n<h3>\n\t\t\tMuseu Judaico da Fl\u00f3rida-FIU\t<\/h3>\n\t\t\t<a href=\"https:\/\/www.miamibeachfl.gov\/pt\/2022election\/\" target=\"_self\">\n\t\t\t\t\t\tVoltar para Perguntas da C\u00e9dula Eleitoral de 2022\n\t\t\t\t\t<\/a>\n\t\t\t<a href=\"https:\/\/www.miamibeachfl.gov\/wp-content\/uploads\/2022\/09\/Jewish-Museum-of-Florida-FIU.pdf\" target=\"_blank\" rel=\"noopener\">\n\t\t\t\t\t\tBaixar PDF\n\t\t\t\t\t<\/a>\n<h3>\n\t\t\tHist\u00f3rico organizacional\t<\/h3>\n\t<p>O Museu Judaico da Fl\u00f3rida-FILI (JMOF-FIU) compartilha a hist\u00f3ria de mais de 250 anos de hist\u00f3ria, arte e cultura judaica da Fl\u00f3rida com todos os membros da vibrante comunidade de Miami Beach. O objetivo da organiza\u00e7\u00e3o \u00e9 explorar e ilustrar a riqueza e a diversidade da vida judaica, bem como as maneiras \u00fanicas pelas quais os judeus da Fl\u00f3rida influenciam e s\u00e3o influenciados pela din\u00e2mica hist\u00f3rica e cultural da Fl\u00f3rida, do pa\u00eds e do mundo. O JMOF-FIU tamb\u00e9m se dedica \u00e0 educa\u00e7\u00e3o multicultural e, atrav\u00e9s da perspectiva da hist\u00f3ria judaica da Fl\u00f3rida, busca destacar quest\u00f5es de discrimina\u00e7\u00e3o contra todas as pessoas marginalizadas. Por meio de exposi\u00e7\u00f5es, programas p\u00fablicos e um extenso acervo arquiv\u00edstico, o JMOF-FIU visa demonstrar como os desafios da experi\u00eancia imigrante s\u00e3o compartilhados por todos os grupos \u00e9tnicos da Fl\u00f3rida. <\/p>\n\t<iframe src=\"https:\/\/www.google.com\/maps\/embed\/v1\/place?q=301+Washington+Avenue+Miami+Beach%2C+FL&#038;key=AIzaSyD09zQ9PNDNNy9TadMuzRV_UsPUoWKntt8\" aria-hidden=\"true\" title=\"Museu Judaico da Fl\u00f3rida-FIU\"><\/iframe>\n\t<h3>Cronograma estimado do projeto<\/h3>\t\n\t<p>Aproximadamente 24 meses<\/p>\n\t<h3>Valor do Projeto<\/h3>\t\n\t<p>$750,000<\/p>\n\t<h3>Museu Judaico da Fl\u00f3rida-FIU<\/h3><p><strong><a href=\"http:\/\/www.jmof.fiu.edu\/\">Para obter mais informa\u00e7\u00f5es, visite www.jmof.fiu.edu.<\/a><\/strong><\/p>\n<h3>\n\t\t\tLista de Melhorias de Capital\t<\/h3>\n\t<ul>\n<li><strong>ILUMINA\u00c7\u00c3O LED<\/strong><br \/>\nO projeto e a instala\u00e7\u00e3o de um novo sistema de ilumina\u00e7\u00e3o LED em cada uma das nossas tr\u00eas galerias.  <\/li>\n<li><strong>REPARO E PINTURA  <\/strong><br \/>\nReparo e atualiza\u00e7\u00e3o de paredes externas, incluindo pintura, reparo de nossas grades hist\u00f3ricas e instala\u00e7\u00e3o de uma rampa acess\u00edvel para cadeirantes na frente do museu. <\/li>\n<li><strong>ILUMINA\u00c7\u00c3O EXTERNA  <\/strong><br \/>\nInstala\u00e7\u00e3o de um novo sistema de ilumina\u00e7\u00e3o externa e paisagismo adicional para destacar a beleza e a import\u00e2ncia do edif\u00edcio hist\u00f3rico no bairro South of Fifth e para maior seguran\u00e7a. <\/li>\n<li><strong>PORT\u00d5ES DE SEGURAN\u00c7A   <\/strong><br \/>\nInstala\u00e7\u00e3o de port\u00f5es de seguran\u00e7a em estacionamentos. <\/li>\n<li><strong>DEPARTAMENTO DE COLE\u00c7\u00d5ES DE RECONSTRU\u00c7\u00c3O   <\/strong><br \/>\nProjeto e remodela\u00e7\u00e3o do nosso departamento de cole\u00e7\u00f5es e armazenamento. <\/li>\n<\/ul>","protected":false},"excerpt":{"rendered":"<p>Outras instala\u00e7\u00f5es culturais (de propriedade do estado) Museu Judaico da Fl\u00f3rida-FIU Perguntas sobre o retorno \u00e0s elei\u00e7\u00f5es de 2022 Baixar PDF Hist\u00f3rico organizacional O [\u2026]<\/p>","protected":false},"author":222,"featured_media":0,"parent":200517,"menu_order":178,"comment_status":"closed","ping_status":"closed","template":"","meta":{"_searchwp_excluded":"","site-sidebar-layout":"default","site-content-layout":"","ast-site-content-layout":"default","site-content-style":"default","site-sidebar-style":"default","ast-global-header-display":"","ast-banner-title-visibility":"","ast-main-header-display":"","ast-hfb-above-header-display":"","ast-hfb-below-header-display":"","ast-hfb-mobile-header-display":"","site-post-title":"","ast-breadcrumbs-content":"","ast-featured-img":"","footer-sml-layout":"","theme-transparent-header-meta":"","adv-header-id-meta":"","stick-header-meta":"","header-above-stick-meta":"","header-main-stick-meta":"","header-below-stick-meta":"","astra-migrate-meta-layouts":"default","ast-page-background-enabled":"default","ast-page-background-meta":{"desktop":{"background-color":"var(--ast-global-color-5)","background-image":"","background-repeat":"repeat","background-position":"center center","background-size":"auto","background-attachment":"scroll","background-type":"","background-media":"","overlay-type":"","overlay-color":"","overlay-opacity":"","overlay-gradient":""},"tablet":{"background-color":"","background-image":"","background-repeat":"repeat","background-position":"center center","background-size":"auto","background-attachment":"scroll","background-type":"","background-media":"","overlay-type":"","overlay-color":"","overlay-opacity":"","overlay-gradient":""},"mobile":{"background-color":"","background-image":"","background-repeat":"repeat","background-position":"center center","background-size":"auto","background-attachment":"scroll","background-type":"","background-media":"","overlay-type":"","overlay-color":"","overlay-opacity":"","overlay-gradient":""}},"ast-content-background-meta":{"desktop":{"background-color":"var(--ast-global-color-4)","background-image":"","background-repeat":"repeat","background-position":"center center","background-size":"auto","background-attachment":"scroll","background-type":"","background-media":"","overlay-type":"","overlay-color":"","overlay-opacity":"","overlay-gradient":""},"tablet":{"background-color":"var(--ast-global-color-4)","background-image":"","background-repeat":"repeat","background-position":"center center","background-size":"auto","background-attachment":"scroll","background-type":"","background-media":"","overlay-type":"","overlay-color":"","overlay-opacity":"","overlay-gradient":""},"mobile":{"background-color":"var(--ast-global-color-4)","background-image":"","background-repeat":"repeat","background-position":"center center","background-size":"auto","background-attachment":"scroll","background-type":"","background-media":"","overlay-type":"","overlay-color":"","overlay-opacity":"","overlay-gradient":""}},"footnotes":""},"categories":[],"tags":[],"class_list":["post-201815","page","type-page","status-publish","hentry"],"yoast_head":"<!-- This site is optimized with the Yoast SEO Premium plugin v26.6 (Yoast SEO v26.6) - https:\/\/yoast.com\/wordpress\/plugins\/seo\/ -->\n<title>The Jewish Museum of Florida-FIU - City of Miami Beach<\/title>\n<meta name=\"description\" content=\"%\" \/>\n<meta name=\"robots\" content=\"index, follow, max-snippet:-1, max-image-preview:large, max-video-preview:-1\" \/>\n<link rel=\"canonical\" href=\"https:\/\/www.miamibeachfl.gov\/pt\/2022election-info\/the-jewish-museum-of-florida-fiu\/\" \/>\n<meta property=\"og:locale\" content=\"pt_BR\" \/>\n<meta property=\"og:type\" content=\"article\" \/>\n<meta property=\"og:title\" content=\"The Jewish Museum of Florida-FIU\" \/>\n<meta property=\"og:description\" content=\"%\" \/>\n<meta property=\"og:url\" content=\"https:\/\/www.miamibeachfl.gov\/pt\/2022election-info\/the-jewish-museum-of-florida-fiu\/\" \/>\n<meta property=\"og:site_name\" content=\"City of Miami Beach\" \/>\n<meta property=\"article:publisher\" content=\"https:\/\/www.facebook.com\/cityofmiamibeach\" \/>\n<meta property=\"article:modified_time\" content=\"2025-12-31T21:22:26+00:00\" \/>\n<meta property=\"og:image\" content=\"https:\/\/www.miamibeachfl.gov\/wp-content\/uploads\/2024\/01\/1000pxSquare-miamibeach-aerial-southpointview.jpeg\" \/>\n\t<meta property=\"og:image:width\" content=\"1000\" \/>\n\t<meta property=\"og:image:height\" content=\"1000\" \/>\n\t<meta property=\"og:image:type\" content=\"image\/jpeg\" \/>\n<meta name=\"twitter:card\" content=\"summary_large_image\" \/>\n<meta name=\"twitter:site\" content=\"@Miamibeachnews\" \/>\n<script type=\"application\/ld+json\" class=\"yoast-schema-graph\">{\"@context\":\"https:\/\/schema.org\",\"@graph\":[{\"@type\":\"WebPage\",\"@id\":\"https:\/\/www.miamibeachfl.gov\/2022election-info\/the-jewish-museum-of-florida-fiu\/\",\"url\":\"https:\/\/www.miamibeachfl.gov\/2022election-info\/the-jewish-museum-of-florida-fiu\/\",\"name\":\"The Jewish Museum of Florida-FIU - City of Miami Beach\",\"isPartOf\":{\"@id\":\"https:\/\/www.miamibeachfl.gov\/#website\"},\"datePublished\":\"2022-08-25T20:09:20+00:00\",\"dateModified\":\"2025-12-31T21:22:26+00:00\",\"description\":\"%\",\"breadcrumb\":{\"@id\":\"https:\/\/www.miamibeachfl.gov\/2022election-info\/the-jewish-museum-of-florida-fiu\/#breadcrumb\"},\"inLanguage\":\"pt-BR\",\"potentialAction\":[{\"@type\":\"ReadAction\",\"target\":[\"https:\/\/www.miamibeachfl.gov\/2022election-info\/the-jewish-museum-of-florida-fiu\/\"]}]},{\"@type\":\"BreadcrumbList\",\"@id\":\"https:\/\/www.miamibeachfl.gov\/2022election-info\/the-jewish-museum-of-florida-fiu\/#breadcrumb\",\"itemListElement\":[{\"@type\":\"ListItem\",\"position\":1,\"name\":\"Home\",\"item\":\"https:\/\/www.miamibeachfl.gov\/\"},{\"@type\":\"ListItem\",\"position\":2,\"name\":\"2022 Election\",\"item\":\"https:\/\/www.miamibeachfl.gov\/2022election-info\/\"},{\"@type\":\"ListItem\",\"position\":3,\"name\":\"The Jewish Museum of Florida-FIU\"}]},{\"@type\":\"WebSite\",\"@id\":\"https:\/\/www.miamibeachfl.gov\/#website\",\"url\":\"https:\/\/www.miamibeachfl.gov\/\",\"name\":\"City of Miami Beach\",\"description\":\"The official website of the City of Miami Beach. Stay informed, find important information on city services, news, alerts, events, trolley routes, government employment and more.\",\"publisher\":{\"@id\":\"https:\/\/www.miamibeachfl.gov\/#organization\"},\"potentialAction\":[{\"@type\":\"SearchAction\",\"target\":{\"@type\":\"EntryPoint\",\"urlTemplate\":\"https:\/\/www.miamibeachfl.gov\/?s={search_term_string}\"},\"query-input\":{\"@type\":\"PropertyValueSpecification\",\"valueRequired\":true,\"valueName\":\"search_term_string\"}}],\"inLanguage\":\"pt-BR\"},{\"@type\":\"Organization\",\"@id\":\"https:\/\/www.miamibeachfl.gov\/#organization\",\"name\":\"City of Miami Beach\",\"url\":\"https:\/\/www.miamibeachfl.gov\/\",\"logo\":{\"@type\":\"ImageObject\",\"inLanguage\":\"pt-BR\",\"@id\":\"https:\/\/www.miamibeachfl.gov\/#\/schema\/logo\/image\/\",\"url\":\"https:\/\/www.miamibeachfl.gov\/wp-content\/uploads\/2022\/06\/miamibeach-logoblue.png\",\"contentUrl\":\"https:\/\/www.miamibeachfl.gov\/wp-content\/uploads\/2022\/06\/miamibeach-logoblue.png\",\"width\":1962,\"height\":381,\"caption\":\"City of Miami Beach\"},\"image\":{\"@id\":\"https:\/\/www.miamibeachfl.gov\/#\/schema\/logo\/image\/\"},\"sameAs\":[\"https:\/\/www.facebook.com\/cityofmiamibeach\",\"https:\/\/x.com\/Miamibeachnews\",\"https:\/\/www.instagram.com\/miamibeachnews\/\"],\"description\":\"The official website of the City of Miami Beach. Stay informed, find important information on city services, news, alerts, events, trolley routes, government employment and more.\",\"telephone\":\"305.604.CITY(2489)\",\"legalName\":\"City of Miami Beach\"}]}<\/script>\n<!-- \/ Yoast SEO Premium plugin. -->","yoast_head_json":{"title":"Museu Judaico da Fl\u00f3rida-FIU - Cidade de Miami Beach","description":"%","robots":{"index":"index","follow":"follow","max-snippet":"max-snippet:-1","max-image-preview":"max-image-preview:large","max-video-preview":"max-video-preview:-1"},"canonical":"https:\/\/www.miamibeachfl.gov\/pt\/2022election-info\/the-jewish-museum-of-florida-fiu\/","og_locale":"pt_BR","og_type":"article","og_title":"The Jewish Museum of Florida-FIU","og_description":"%","og_url":"https:\/\/www.miamibeachfl.gov\/pt\/2022election-info\/the-jewish-museum-of-florida-fiu\/","og_site_name":"City of Miami Beach","article_publisher":"https:\/\/www.facebook.com\/cityofmiamibeach","article_modified_time":"2025-12-31T21:22:26+00:00","og_image":[{"width":1000,"height":1000,"url":"https:\/\/www.miamibeachfl.gov\/wp-content\/uploads\/2024\/01\/1000pxSquare-miamibeach-aerial-southpointview.jpeg","type":"image\/jpeg"}],"twitter_card":"summary_large_image","twitter_site":"@Miamibeachnews","schema":{"@context":"https:\/\/schema.org","@graph":[{"@type":"WebPage","@id":"https:\/\/www.miamibeachfl.gov\/2022election-info\/the-jewish-museum-of-florida-fiu\/","url":"https:\/\/www.miamibeachfl.gov\/2022election-info\/the-jewish-museum-of-florida-fiu\/","name":"Museu Judaico da Fl\u00f3rida-FIU - Cidade de Miami Beach","isPartOf":{"@id":"https:\/\/www.miamibeachfl.gov\/#website"},"datePublished":"2022-08-25T20:09:20+00:00","dateModified":"2025-12-31T21:22:26+00:00","description":"%","breadcrumb":{"@id":"https:\/\/www.miamibeachfl.gov\/2022election-info\/the-jewish-museum-of-florida-fiu\/#breadcrumb"},"inLanguage":"pt-BR","potentialAction":[{"@type":"ReadAction","target":["https:\/\/www.miamibeachfl.gov\/2022election-info\/the-jewish-museum-of-florida-fiu\/"]}]},{"@type":"BreadcrumbList","@id":"https:\/\/www.miamibeachfl.gov\/2022election-info\/the-jewish-museum-of-florida-fiu\/#breadcrumb","itemListElement":[{"@type":"ListItem","position":1,"name":"Home","item":"https:\/\/www.miamibeachfl.gov\/"},{"@type":"ListItem","position":2,"name":"2022 Election","item":"https:\/\/www.miamibeachfl.gov\/2022election-info\/"},{"@type":"ListItem","position":3,"name":"The Jewish Museum of Florida-FIU"}]},{"@type":"WebSite","@id":"https:\/\/www.miamibeachfl.gov\/#website","url":"https:\/\/www.miamibeachfl.gov\/","name":"Cidade de Miami Beach","description":"Site oficial da cidade de Miami Beach. Mantenha-se informado e encontre informa\u00e7\u00f5es importantes sobre servi\u00e7os municipais, not\u00edcias, alertas, eventos, rotas de bonde, empregos p\u00fablicos e muito mais.","publisher":{"@id":"https:\/\/www.miamibeachfl.gov\/#organization"},"potentialAction":[{"@type":"SearchAction","target":{"@type":"EntryPoint","urlTemplate":"https:\/\/www.miamibeachfl.gov\/?s={search_term_string}"},"query-input":{"@type":"PropertyValueSpecification","valueRequired":true,"valueName":"search_term_string"}}],"inLanguage":"pt-BR"},{"@type":"Organization","@id":"https:\/\/www.miamibeachfl.gov\/#organization","name":"Cidade de Miami Beach","url":"https:\/\/www.miamibeachfl.gov\/","logo":{"@type":"ImageObject","inLanguage":"pt-BR","@id":"https:\/\/www.miamibeachfl.gov\/#\/schema\/logo\/image\/","url":"https:\/\/www.miamibeachfl.gov\/wp-content\/uploads\/2022\/06\/miamibeach-logoblue.png","contentUrl":"https:\/\/www.miamibeachfl.gov\/wp-content\/uploads\/2022\/06\/miamibeach-logoblue.png","width":1962,"height":381,"caption":"City of Miami Beach"},"image":{"@id":"https:\/\/www.miamibeachfl.gov\/#\/schema\/logo\/image\/"},"sameAs":["https:\/\/www.facebook.com\/cityofmiamibeach","https:\/\/x.com\/Miamibeachnews","https:\/\/www.instagram.com\/miamibeachnews\/"],"description":"Site oficial da cidade de Miami Beach. Mantenha-se informado e encontre informa\u00e7\u00f5es importantes sobre servi\u00e7os municipais, not\u00edcias, alertas, eventos, rotas de bonde, empregos p\u00fablicos e muito mais.","telephone":"305.604.CITY(2489)","legalName":"City of Miami Beach"}]}},"_links":{"self":[{"href":"https:\/\/www.miamibeachfl.gov\/pt\/wp-json\/wp\/v2\/pages\/201815","targetHints":{"allow":["GET"]}}],"collection":[{"href":"https:\/\/www.miamibeachfl.gov\/pt\/wp-json\/wp\/v2\/pages"}],"about":[{"href":"https:\/\/www.miamibeachfl.gov\/pt\/wp-json\/wp\/v2\/types\/page"}],"author":[{"embeddable":true,"href":"https:\/\/www.miamibeachfl.gov\/pt\/wp-json\/wp\/v2\/users\/222"}],"replies":[{"embeddable":true,"href":"https:\/\/www.miamibeachfl.gov\/pt\/wp-json\/wp\/v2\/comments?post=201815"}],"version-history":[{"count":0,"href":"https:\/\/www.miamibeachfl.gov\/pt\/wp-json\/wp\/v2\/pages\/201815\/revisions"}],"up":[{"embeddable":true,"href":"https:\/\/www.miamibeachfl.gov\/pt\/wp-json\/wp\/v2\/pages\/200517"}],"wp:attachment":[{"href":"https:\/\/www.miamibeachfl.gov\/pt\/wp-json\/wp\/v2\/media?parent=201815"}],"wp:term":[{"taxonomy":"category","embeddable":true,"href":"https:\/\/www.miamibeachfl.gov\/pt\/wp-json\/wp\/v2\/categories?post=201815"},{"taxonomy":"post_tag","embeddable":true,"href":"https:\/\/www.miamibeachfl.gov\/pt\/wp-json\/wp\/v2\/tags?post=201815"}],"curies":[{"name":"wp","href":"https:\/\/api.w.org\/{rel}","templated":true}]}}