{"id":221727,"date":"2022-09-08T12:20:50","date_gmt":"2022-09-08T16:20:50","guid":{"rendered":"https:\/\/www.miamibeachfl.gov\/?page_id=221727"},"modified":"2025-06-02T22:21:59","modified_gmt":"2025-06-03T02:21:59","slug":"september-2022-business-spotlight","status":"publish","type":"page","link":"https:\/\/www.miamibeachfl.gov\/pt\/spotlight\/september-2022-business-spotlight\/","title":{"rendered":"Destaque de neg\u00f3cios de setembro - Silverlake Bistro"},"content":{"rendered":"<h5>\n\t\t<a href=\"https:\/\/www.miamibeachfl.gov\/pt\/mbbiznews\/\" title=\"Assine aqui para receber o boletim de neg\u00f3cios da cidade mensalmente em sua caixa de entrada.\"  target=\"_blank\"  rel=\"noopener\">\n\t\t\tAssine aqui para receber o boletim de neg\u00f3cios da cidade mensalmente em sua caixa de entrada.\t\t<\/a>\n\t<\/h5>\n<h5>\n\t\t<a href=\"https:\/\/myemail.constantcontact.com\/Stay-connected-with-MB-Biz--.html?soid=1011085968389&#038;aid=S0mHBwwl4Fs\" title=\"Boletim de Neg\u00f3cios\"  target=\"_blank\"  rel=\"noopener\">\n\t\t\tBoletim de Neg\u00f3cios\t\t<\/a>\n\t<\/h5>\n\t<p><strong>Silverlake Bistro: Uma joia escondida inspirada nas ra\u00edzes hisp\u00e2nicas<\/strong><\/p>\n\t\t\t\t<img decoding=\"async\" src=\"https:\/\/www.miamibeachfl.gov\/wp-content\/uploads\/2023\/03\/Bistro-1.jpg\" alt=\"Bistro 1\" itemprop=\"image\" title=\"Bistr\u00f4 1\" onerror=\"this.style.display='none'\" loading='lazy' \/>\n\t<p>Miami Beach \u00e9 um polo gastron\u00f4mico e de hospitalidade, e Sandy Sanchez \u00e9 um ingrediente importante em nosso paladar culin\u00e1rio. Nascida em Hialeah, filha dos cubanos Maribella e Rafael Sanchez, o paladar de Sandy sempre foi influenciado por especiarias, t\u00e9cnicas e sabores espanh\u00f3is, africanos e caribenhos. A jornada de Sandy come\u00e7ou na d\u00e9cada de 1950, quando seu tio, Frades Sanchez, migrou para os Estados Unidos para jogar pelo New York Yankees. Ap\u00f3s uma les\u00e3o que encerrou sua carreira, Frades mudou-se para Miami, e os pais de Sandy, que fugiram de Cuba em 1960, juntaram-se a ele e se estabeleceram em Hialeah. Maribella e Rafael, como muitos imigrantes cubanos, conseguiram empregos em f\u00e1bricas. Sandy se lembra de morar em Hialeah, do outro lado da rua da f\u00e1brica onde seu pai trabalhava, e dos doces aromas de sua m\u00e3e cozinhando na cozinha. A Sra. Sanchez, uma empreendedora pioneira, come\u00e7ou a preparar almo\u00e7os para os trabalhadores da f\u00e1brica e Sandy lembra com carinho que sua casa se tornou um lugar especial para trabalhadores, vizinhos e necessitados desfrutarem da aut\u00eantica comida cubana caseira.<\/p>\n<p>\u201cA minha m\u00e3e me inspirou. Ela tinha um esp\u00edrito empreendedor e compartilhava seu amor pela culin\u00e1ria com a nossa comunidade\u201d, afirma Sandy. \u201cA cozinha da minha m\u00e3e se tornou um lugar acolhedor para reunir, compartilhar, amar, rir e saborear a melhor comida do bairro.\u201d<\/p>\n<p>Embora Sandy tenha se mudado para Los Angeles para seguir a carreira de atriz, foi conhecer o amor de sua vida, o marido, o chef Benoit &quot;Ben&quot; Rablat, que ela guarda como lembran\u00e7a mais calorosa de sua breve estadia na Calif\u00f3rnia. Eles se conheceram no bairro de Silverlake, e foi l\u00e1 que aprenderam as del\u00edcias da comida e do vinho e se apaixonaram por jantares para nossos amigos. Foi tamb\u00e9m l\u00e1 que a semente para um dia abrir um restaurante foi plantada.<\/p>\n<p>O primeiro restaurante de Sandy e Ben, <em>La Fresa Francesa<\/em>, um restaurante franc\u00eas muito popular em Hialeah, \u00e9 um bistr\u00f4 franc\u00eas intimista com um toque bo\u00eamio. Ap\u00f3s sete anos de sucesso como donos de restaurantes, os aventureiros gastron\u00f4micos buscaram expandir seus neg\u00f3cios para Miami Beach... e o Silverlake, uma celebra\u00e7\u00e3o amorosa do carinho que sentem um pelo outro e pela comida, nasceu em North Beach.<\/p>\n<p>\u201cA inaugura\u00e7\u00e3o do Silverlake foi um divisor de \u00e1guas para n\u00f3s e para North Beach. Inauguramos um novo restaurante badalado com uma est\u00e9tica de bairro acolhedora e refrescante, e North Beach ganhou um bistr\u00f4 familiar e acess\u00edvel a p\u00e9. A combina\u00e7\u00e3o da comida deliciosa do Ben com o estilo e a personalidade da Sandy fez do Silverlake um destino gastron\u00f4mico!\u201d, afirma David Sexton, presidente da Associa\u00e7\u00e3o Comercial da Normandy Fountain.<\/p>\n<p>Sandy dedicou seu cora\u00e7\u00e3o e alma a cada detalhe do Silverlake, desde a m\u00fasica, o papel de parede art\u00edstico, as lembrancinhas divertidas e os cumprimentos calorosos para cada cliente. &quot;Queremos manter o lugar o mais humilde poss\u00edvel. Quero que pare\u00e7a que voc\u00ea est\u00e1 comendo na casa da minha m\u00e3e ou da sua av\u00f3&quot;, disse Sandy. &quot;N\u00e3o existem receitas m\u00e1gicas, apenas a combina\u00e7\u00e3o certa de temperos, amor, aconchego, cultura e trabalho duro.&quot;<\/p>\n<p>Os favoritos incluem a receita francesa original da m\u00e3e de Ben com queijo azul, vinho branco, chalotas e mexilh\u00f5es com cebolinha, e o hamb\u00farguer Silverlake, um hamb\u00farguer duplo coberto com queijo cheddar, bacon, molho de carne e aioli. O Silverlake Bistro abre para jantar de quarta a domingo e brunch aos domingos. Para mais informa\u00e7\u00f5es, voc\u00ea pode encontr\u00e1-los no Facebook em <a href=\"https:\/\/www.facebook.com\/silverlakemiamibeach\/\"><strong>https:\/\/www.facebook.com\/silverlakemiamibeach\/<\/strong><\/a>. Feliz M\u00eas Nacional da Heran\u00e7a Hisp\u00e2nica!<\/p>\n<p>&nbsp;<\/p>\n<p>&nbsp;<\/p>\n<p>&nbsp;<\/p>\n<p>&nbsp;<\/p>\n<p>&nbsp;<\/p>\n<p>&nbsp;<\/p>","protected":false},"excerpt":{"rendered":"<p>Subscribe here to receive the City&#8217;s business newsletter to your inbox monthly. Business Newsletter Silverlake Bistro: A Hidden Gem Inspired [&hellip;]<\/p>\n","protected":false},"author":222,"featured_media":0,"parent":253255,"menu_order":0,"comment_status":"closed","ping_status":"closed","template":"","meta":{"_searchwp_excluded":"","site-sidebar-layout":"default","site-content-layout":"","ast-site-content-layout":"default","site-content-style":"default","site-sidebar-style":"default","ast-global-header-display":"","ast-banner-title-visibility":"","ast-main-header-display":"","ast-hfb-above-header-display":"","ast-hfb-below-header-display":"","ast-hfb-mobile-header-display":"","site-post-title":"","ast-breadcrumbs-content":"","ast-featured-img":"","footer-sml-layout":"","theme-transparent-header-meta":"","adv-header-id-meta":"","stick-header-meta":"","header-above-stick-meta":"","header-main-stick-meta":"","header-below-stick-meta":"","astra-migrate-meta-layouts":"default","ast-page-background-enabled":"default","ast-page-background-meta":{"desktop":{"background-color":"var(--ast-global-color-5)","background-image":"","background-repeat":"repeat","background-position":"center center","background-size":"auto","background-attachment":"scroll","background-type":"","background-media":"","overlay-type":"","overlay-color":"","overlay-opacity":"","overlay-gradient":""},"tablet":{"background-color":"","background-image":"","background-repeat":"repeat","background-position":"center center","background-size":"auto","background-attachment":"scroll","background-type":"","background-media":"","overlay-type":"","overlay-color":"","overlay-opacity":"","overlay-gradient":""},"mobile":{"background-color":"","background-image":"","background-repeat":"repeat","background-position":"center center","background-size":"auto","background-attachment":"scroll","background-type":"","background-media":"","overlay-type":"","overlay-color":"","overlay-opacity":"","overlay-gradient":""}},"ast-content-background-meta":{"desktop":{"background-color":"var(--ast-global-color-4)","background-image":"","background-repeat":"repeat","background-position":"center center","background-size":"auto","background-attachment":"scroll","background-type":"","background-media":"","overlay-type":"","overlay-color":"","overlay-opacity":"","overlay-gradient":""},"tablet":{"background-color":"var(--ast-global-color-4)","background-image":"","background-repeat":"repeat","background-position":"center center","background-size":"auto","background-attachment":"scroll","background-type":"","background-media":"","overlay-type":"","overlay-color":"","overlay-opacity":"","overlay-gradient":""},"mobile":{"background-color":"var(--ast-global-color-4)","background-image":"","background-repeat":"repeat","background-position":"center center","background-size":"auto","background-attachment":"scroll","background-type":"","background-media":"","overlay-type":"","overlay-color":"","overlay-opacity":"","overlay-gradient":""}},"footnotes":""},"categories":[],"tags":[],"class_list":["post-221727","page","type-page","status-publish","hentry"],"yoast_head":"<!-- This site is optimized with the Yoast SEO Premium plugin v27.4 (Yoast SEO v27.4) - https:\/\/yoast.com\/product\/yoast-seo-premium-wordpress\/ -->\n<title>September Business Spotlight- Silverlake Bistro - City of Miami Beach<\/title>\n<meta name=\"description\" content=\"%\" \/>\n<meta name=\"robots\" content=\"index, follow, max-snippet:-1, max-image-preview:large, max-video-preview:-1\" \/>\n<link rel=\"canonical\" href=\"https:\/\/www.miamibeachfl.gov\/pt\/spotlight\/september-2022-business-spotlight\/\" \/>\n<meta property=\"og:locale\" content=\"pt_BR\" \/>\n<meta property=\"og:type\" content=\"article\" \/>\n<meta property=\"og:title\" content=\"September Business Spotlight- Silverlake Bistro\" \/>\n<meta property=\"og:description\" content=\"%\" \/>\n<meta property=\"og:url\" content=\"https:\/\/www.miamibeachfl.gov\/pt\/spotlight\/september-2022-business-spotlight\/\" \/>\n<meta property=\"og:site_name\" content=\"City of Miami Beach\" \/>\n<meta property=\"article:publisher\" content=\"https:\/\/www.facebook.com\/cityofmiamibeach\" \/>\n<meta property=\"article:modified_time\" content=\"2025-06-03T02:21:59+00:00\" \/>\n<meta property=\"og:image\" content=\"https:\/\/www.miamibeachfl.gov\/wp-content\/uploads\/2023\/03\/Bistro-1.jpg\" \/>\n<meta name=\"twitter:card\" content=\"summary_large_image\" \/>\n<meta name=\"twitter:site\" content=\"@Miamibeachnews\" \/>\n<script type=\"application\/ld+json\" class=\"yoast-schema-graph\">{\"@context\":\"https:\\\/\\\/schema.org\",\"@graph\":[{\"@type\":\"WebPage\",\"@id\":\"https:\\\/\\\/www.miamibeachfl.gov\\\/spotlight\\\/september-2022-business-spotlight\\\/\",\"url\":\"https:\\\/\\\/www.miamibeachfl.gov\\\/spotlight\\\/september-2022-business-spotlight\\\/\",\"name\":\"September Business Spotlight- Silverlake Bistro - City of Miami Beach\",\"isPartOf\":{\"@id\":\"https:\\\/\\\/www.miamibeachfl.gov\\\/#website\"},\"primaryImageOfPage\":{\"@id\":\"https:\\\/\\\/www.miamibeachfl.gov\\\/spotlight\\\/september-2022-business-spotlight\\\/#primaryimage\"},\"image\":{\"@id\":\"https:\\\/\\\/www.miamibeachfl.gov\\\/spotlight\\\/september-2022-business-spotlight\\\/#primaryimage\"},\"thumbnailUrl\":\"https:\\\/\\\/www.miamibeachfl.gov\\\/wp-content\\\/uploads\\\/2023\\\/03\\\/Bistro-1.jpg\",\"datePublished\":\"2022-09-08T16:20:50+00:00\",\"dateModified\":\"2025-06-03T02:21:59+00:00\",\"description\":\"%\",\"breadcrumb\":{\"@id\":\"https:\\\/\\\/www.miamibeachfl.gov\\\/spotlight\\\/september-2022-business-spotlight\\\/#breadcrumb\"},\"inLanguage\":\"pt-BR\",\"potentialAction\":[{\"@type\":\"ReadAction\",\"target\":[\"https:\\\/\\\/www.miamibeachfl.gov\\\/spotlight\\\/september-2022-business-spotlight\\\/\"]}]},{\"@type\":\"ImageObject\",\"inLanguage\":\"pt-BR\",\"@id\":\"https:\\\/\\\/www.miamibeachfl.gov\\\/spotlight\\\/september-2022-business-spotlight\\\/#primaryimage\",\"url\":\"https:\\\/\\\/www.miamibeachfl.gov\\\/wp-content\\\/uploads\\\/2023\\\/03\\\/Bistro-1.jpg\",\"contentUrl\":\"https:\\\/\\\/www.miamibeachfl.gov\\\/wp-content\\\/uploads\\\/2023\\\/03\\\/Bistro-1.jpg\"},{\"@type\":\"BreadcrumbList\",\"@id\":\"https:\\\/\\\/www.miamibeachfl.gov\\\/spotlight\\\/september-2022-business-spotlight\\\/#breadcrumb\",\"itemListElement\":[{\"@type\":\"ListItem\",\"position\":1,\"name\":\"Home\",\"item\":\"https:\\\/\\\/www.miamibeachfl.gov\\\/\"},{\"@type\":\"ListItem\",\"position\":2,\"name\":\"Business Newsletters and Spotlights\",\"item\":\"https:\\\/\\\/www.miamibeachfl.gov\\\/spotlight\\\/\"},{\"@type\":\"ListItem\",\"position\":3,\"name\":\"September Business Spotlight- Silverlake Bistro\"}]},{\"@type\":\"WebSite\",\"@id\":\"https:\\\/\\\/www.miamibeachfl.gov\\\/#website\",\"url\":\"https:\\\/\\\/www.miamibeachfl.gov\\\/\",\"name\":\"City of Miami Beach\",\"description\":\"The official website of the City of Miami Beach. Stay informed, find important information on city services, news, alerts, events, trolley routes, government employment and more.\",\"publisher\":{\"@id\":\"https:\\\/\\\/www.miamibeachfl.gov\\\/#organization\"},\"potentialAction\":[{\"@type\":\"SearchAction\",\"target\":{\"@type\":\"EntryPoint\",\"urlTemplate\":\"https:\\\/\\\/www.miamibeachfl.gov\\\/?s={search_term_string}\"},\"query-input\":{\"@type\":\"PropertyValueSpecification\",\"valueRequired\":true,\"valueName\":\"search_term_string\"}}],\"inLanguage\":\"pt-BR\"},{\"@type\":\"Organization\",\"@id\":\"https:\\\/\\\/www.miamibeachfl.gov\\\/#organization\",\"name\":\"City of Miami Beach\",\"url\":\"https:\\\/\\\/www.miamibeachfl.gov\\\/\",\"logo\":{\"@type\":\"ImageObject\",\"inLanguage\":\"pt-BR\",\"@id\":\"https:\\\/\\\/www.miamibeachfl.gov\\\/#\\\/schema\\\/logo\\\/image\\\/\",\"url\":\"https:\\\/\\\/www.miamibeachfl.gov\\\/wp-content\\\/uploads\\\/2022\\\/06\\\/miamibeach-logoblue.png\",\"contentUrl\":\"https:\\\/\\\/www.miamibeachfl.gov\\\/wp-content\\\/uploads\\\/2022\\\/06\\\/miamibeach-logoblue.png\",\"width\":1962,\"height\":381,\"caption\":\"City of Miami Beach\"},\"image\":{\"@id\":\"https:\\\/\\\/www.miamibeachfl.gov\\\/#\\\/schema\\\/logo\\\/image\\\/\"},\"sameAs\":[\"https:\\\/\\\/www.facebook.com\\\/cityofmiamibeach\",\"https:\\\/\\\/x.com\\\/Miamibeachnews\",\"https:\\\/\\\/www.instagram.com\\\/miamibeachnews\\\/\"],\"description\":\"The official website of the City of Miami Beach. Stay informed, find important information on city services, news, alerts, events, trolley routes, government employment and more.\",\"telephone\":\"305.604.CITY(2489)\",\"legalName\":\"City of Miami Beach\"}]}<\/script>\n<!-- \/ Yoast SEO Premium plugin. -->","yoast_head_json":{"title":"Destaque de neg\u00f3cios de setembro - Silverlake Bistro - Cidade de Miami Beach","description":"%","robots":{"index":"index","follow":"follow","max-snippet":"max-snippet:-1","max-image-preview":"max-image-preview:large","max-video-preview":"max-video-preview:-1"},"canonical":"https:\/\/www.miamibeachfl.gov\/pt\/spotlight\/september-2022-business-spotlight\/","og_locale":"pt_BR","og_type":"article","og_title":"September Business Spotlight- Silverlake Bistro","og_description":"%","og_url":"https:\/\/www.miamibeachfl.gov\/pt\/spotlight\/september-2022-business-spotlight\/","og_site_name":"City of Miami Beach","article_publisher":"https:\/\/www.facebook.com\/cityofmiamibeach","article_modified_time":"2025-06-03T02:21:59+00:00","og_image":[{"url":"https:\/\/www.miamibeachfl.gov\/wp-content\/uploads\/2023\/03\/Bistro-1.jpg","type":"","width":"","height":""}],"twitter_card":"summary_large_image","twitter_site":"@Miamibeachnews","schema":{"@context":"https:\/\/schema.org","@graph":[{"@type":"WebPage","@id":"https:\/\/www.miamibeachfl.gov\/spotlight\/september-2022-business-spotlight\/","url":"https:\/\/www.miamibeachfl.gov\/spotlight\/september-2022-business-spotlight\/","name":"Destaque de neg\u00f3cios de setembro - Silverlake Bistro - Cidade de Miami Beach","isPartOf":{"@id":"https:\/\/www.miamibeachfl.gov\/#website"},"primaryImageOfPage":{"@id":"https:\/\/www.miamibeachfl.gov\/spotlight\/september-2022-business-spotlight\/#primaryimage"},"image":{"@id":"https:\/\/www.miamibeachfl.gov\/spotlight\/september-2022-business-spotlight\/#primaryimage"},"thumbnailUrl":"https:\/\/www.miamibeachfl.gov\/wp-content\/uploads\/2023\/03\/Bistro-1.jpg","datePublished":"2022-09-08T16:20:50+00:00","dateModified":"2025-06-03T02:21:59+00:00","description":"%","breadcrumb":{"@id":"https:\/\/www.miamibeachfl.gov\/spotlight\/september-2022-business-spotlight\/#breadcrumb"},"inLanguage":"pt-BR","potentialAction":[{"@type":"ReadAction","target":["https:\/\/www.miamibeachfl.gov\/spotlight\/september-2022-business-spotlight\/"]}]},{"@type":"ImageObject","inLanguage":"pt-BR","@id":"https:\/\/www.miamibeachfl.gov\/spotlight\/september-2022-business-spotlight\/#primaryimage","url":"https:\/\/www.miamibeachfl.gov\/wp-content\/uploads\/2023\/03\/Bistro-1.jpg","contentUrl":"https:\/\/www.miamibeachfl.gov\/wp-content\/uploads\/2023\/03\/Bistro-1.jpg"},{"@type":"BreadcrumbList","@id":"https:\/\/www.miamibeachfl.gov\/spotlight\/september-2022-business-spotlight\/#breadcrumb","itemListElement":[{"@type":"ListItem","position":1,"name":"Home","item":"https:\/\/www.miamibeachfl.gov\/"},{"@type":"ListItem","position":2,"name":"Business Newsletters and Spotlights","item":"https:\/\/www.miamibeachfl.gov\/spotlight\/"},{"@type":"ListItem","position":3,"name":"September Business Spotlight- Silverlake Bistro"}]},{"@type":"WebSite","@id":"https:\/\/www.miamibeachfl.gov\/#website","url":"https:\/\/www.miamibeachfl.gov\/","name":"Cidade de Miami Beach","description":"Site oficial da cidade de Miami Beach. Mantenha-se informado e encontre informa\u00e7\u00f5es importantes sobre servi\u00e7os municipais, not\u00edcias, alertas, eventos, rotas de bonde, empregos p\u00fablicos e muito mais.","publisher":{"@id":"https:\/\/www.miamibeachfl.gov\/#organization"},"potentialAction":[{"@type":"SearchAction","target":{"@type":"EntryPoint","urlTemplate":"https:\/\/www.miamibeachfl.gov\/?s={search_term_string}"},"query-input":{"@type":"PropertyValueSpecification","valueRequired":true,"valueName":"search_term_string"}}],"inLanguage":"pt-BR"},{"@type":"Organization","@id":"https:\/\/www.miamibeachfl.gov\/#organization","name":"Cidade de Miami Beach","url":"https:\/\/www.miamibeachfl.gov\/","logo":{"@type":"ImageObject","inLanguage":"pt-BR","@id":"https:\/\/www.miamibeachfl.gov\/#\/schema\/logo\/image\/","url":"https:\/\/www.miamibeachfl.gov\/wp-content\/uploads\/2022\/06\/miamibeach-logoblue.png","contentUrl":"https:\/\/www.miamibeachfl.gov\/wp-content\/uploads\/2022\/06\/miamibeach-logoblue.png","width":1962,"height":381,"caption":"City of Miami Beach"},"image":{"@id":"https:\/\/www.miamibeachfl.gov\/#\/schema\/logo\/image\/"},"sameAs":["https:\/\/www.facebook.com\/cityofmiamibeach","https:\/\/x.com\/Miamibeachnews","https:\/\/www.instagram.com\/miamibeachnews\/"],"description":"Site oficial da cidade de Miami Beach. Mantenha-se informado e encontre informa\u00e7\u00f5es importantes sobre servi\u00e7os municipais, not\u00edcias, alertas, eventos, rotas de bonde, empregos p\u00fablicos e muito mais.","telephone":"305.604.CITY(2489)","legalName":"City of Miami Beach"}]}},"_links":{"self":[{"href":"https:\/\/www.miamibeachfl.gov\/pt\/wp-json\/wp\/v2\/pages\/221727","targetHints":{"allow":["GET"]}}],"collection":[{"href":"https:\/\/www.miamibeachfl.gov\/pt\/wp-json\/wp\/v2\/pages"}],"about":[{"href":"https:\/\/www.miamibeachfl.gov\/pt\/wp-json\/wp\/v2\/types\/page"}],"author":[{"embeddable":true,"href":"https:\/\/www.miamibeachfl.gov\/pt\/wp-json\/wp\/v2\/users\/222"}],"replies":[{"embeddable":true,"href":"https:\/\/www.miamibeachfl.gov\/pt\/wp-json\/wp\/v2\/comments?post=221727"}],"version-history":[{"count":1,"href":"https:\/\/www.miamibeachfl.gov\/pt\/wp-json\/wp\/v2\/pages\/221727\/revisions"}],"predecessor-version":[{"id":375089,"href":"https:\/\/www.miamibeachfl.gov\/pt\/wp-json\/wp\/v2\/pages\/221727\/revisions\/375089"}],"up":[{"embeddable":true,"href":"https:\/\/www.miamibeachfl.gov\/pt\/wp-json\/wp\/v2\/pages\/253255"}],"wp:attachment":[{"href":"https:\/\/www.miamibeachfl.gov\/pt\/wp-json\/wp\/v2\/media?parent=221727"}],"wp:term":[{"taxonomy":"category","embeddable":true,"href":"https:\/\/www.miamibeachfl.gov\/pt\/wp-json\/wp\/v2\/categories?post=221727"},{"taxonomy":"post_tag","embeddable":true,"href":"https:\/\/www.miamibeachfl.gov\/pt\/wp-json\/wp\/v2\/tags?post=221727"}],"curies":[{"name":"wp","href":"https:\/\/api.w.org\/{rel}","templated":true}]}}