{"id":223122,"date":"2022-09-19T11:14:47","date_gmt":"2022-09-19T15:14:47","guid":{"rendered":"https:\/\/www.miamibeachfl.gov\/business-new\/doing-business-with-mb\/business-incentives\/"},"modified":"2025-10-30T14:17:18","modified_gmt":"2025-10-30T18:17:18","slug":"business-incentives","status":"publish","type":"page","link":"https:\/\/www.miamibeachfl.gov\/pt\/business\/doing-business-with-mb\/business-incentives\/","title":{"rendered":"Incentivos Empresariais"},"content":{"rendered":"<h1>\n\t\t\tIncentivos empresariais estaduais e locais ousados\t<\/h1>\n\t<p>Descubra as ferramentas dispon\u00edveis para empresas, empreendedores, investidores e profissionais empreendedores constru\u00edrem um futuro ambicioso, pr\u00f3spero e produtivo.<\/p>\n\t<a href=\"\/pt\/business\/doing-business-with-mb\/business-incentives\/job-creation-incentive-program\/\" target=\"_self\"  aria-label=\"Acesse \/neg\u00f3cios\/fazendo-neg\u00f3cios-com-mb\/incentivos-empresariais\/programa-de-incentivo-para-criacao-de-empregos\/\"><\/a>\n\t\t\t\t<img decoding=\"async\" src=\"https:\/\/www.miamibeachfl.gov\/wp-content\/uploads\/bb-plugin\/cache\/office-meeting-square.jpg\" alt=\"Office Meeting\" title=\"reuni\u00e3o de escrit\u00f3rio\" itemprop=\"image\"\/>\n\t\t<h3>Programa de Incentivo \u00e0 Cria\u00e7\u00e3o de Empregos (JCIP)<\/h3>\t\t\t\n\t\t\t\t<p>Recompensas financeiras para realoca\u00e7\u00f5es de sedes corporativas que trazem empregos para a cidade de Miami Beach.<\/p>\n\t<a href=\"\/pt\/business\/doing-business-with-mb\/business-incentives\/expedited-permit-program\/\" target=\"_self\"  aria-label=\"Acesse \/neg\u00f3cios\/fazendo-neg\u00f3cios-com-mb\/incentivos-empresariais\/programa-de-permiss\u00e3o-expedida\/\"><\/a>\n\t\t\t\t<img decoding=\"async\" src=\"https:\/\/www.miamibeachfl.gov\/wp-content\/uploads\/bb-plugin\/cache\/building-contractor-permits-square.jpg\" alt=\"Building Contractor\" title=\"licen\u00e7as para empreiteiros de constru\u00e7\u00e3o\" itemprop=\"image\"\/>\n\t\t<h3>Programa de Revis\u00e3o de Plano Acelerado (EPRP)<\/h3>\t\t\t\n\t\t\t\t<p>Acelera\u00e7\u00e3o de alvar\u00e1s de constru\u00e7\u00e3o para empresas de tecnologia e servi\u00e7os financeiros, e sede em Miami Beach.<\/p>\n\t<a href=\"\/pt\/business\/doing-business-with-mb\/business-incentives\/commerical-lease-subsidy-program\/\" target=\"_self\"  aria-label=\"Acesse \/neg\u00f3cios\/fazendo-neg\u00f3cios-com-mb\/incentivos-empresariais\/programa-de-subs\u00eddio-de-arrendamento-comercial\/\"><\/a>\n\t\t\t\t<img decoding=\"async\" src=\"https:\/\/www.miamibeachfl.gov\/wp-content\/uploads\/bb-plugin\/cache\/1000pxSquare-miamibeach-aerial-southpointview-square.jpeg\" alt=\"Miami Beach View\" title=\"1000pxSquare-miamibeach-a\u00e9rea-vista-do-ponto-sul\" itemprop=\"image\"\/>\n\t\t<h3>Programa de Subs\u00eddio de Loca\u00e7\u00e3o Comercial<\/h3>\t\t\t\n\t\t\t\t<p>Incentivos financeiros para ativar propriedades comerciais com usos art\u00edsticos e culturais em Miami Beach.<\/p>\n\t<a href=\"https:\/\/www.miamibeachfl.gov\/pt\/business\/doing-business-with-mb\/business-incentives\/parking-incentive-program\/\" target=\"_blank\" rel=\"noopener\" aria-label=\"Acesse https:\/\/www.miamibeachfl.gov\/business\/doing-business-with-mb\/business-incentives\/parking-incentive-program\/\"><\/a>\n\t\t\t\t<img decoding=\"async\" src=\"https:\/\/www.miamibeachfl.gov\/wp-content\/uploads\/bb-plugin\/cache\/Parks-Gallery-21-CollinsGaragePark-square.jpeg\" alt=\"parking garage collins\" title=\"Parques-Galeria-21-CollinsGaragePark\" itemprop=\"image\"\/>\n\t\t<h3>Aplica\u00e7\u00e3o do Programa de Incentivo ao Estacionamento<\/h3>\t\t\t\n\t\t\t\t<p>A cidade de Miami Beach oferece um Programa de Incentivo Financeiro de Estacionamento para dar suporte \u00e0 resili\u00eancia econ\u00f4mica de empresas novas ou em expans\u00e3o nos setores de tecnologia, servi\u00e7os financeiros, hospitalidade ou sa\u00fade\/bem-estar com localiza\u00e7\u00e3o f\u00edsica na cidade.<\/p>\n\t<a href=\"https:\/\/www.miamibeachfl.gov\/pt\/business\/doing-business-with-mb\/business-incentives\/art-deco-painting-incentive-program\/\" target=\"_blank\" rel=\"noopener\" aria-label=\"Acesse https:\/\/www.miamibeachfl.gov\/business\/doing-business-with-mb\/business-incentives\/art-deco-painting-incentive-program\/\"><\/a>\n\t\t\t\t<img decoding=\"async\" src=\"https:\/\/www.miamibeachfl.gov\/wp-content\/uploads\/bb-plugin\/cache\/ArtDeco-Square-1-square.jpg\" alt=\"Art Deco Architecture\" title=\"\" itemprop=\"image\"\/>\n\t\t<h3>Programa de Incentivo \u00e0 Pintura Art D\u00e9co<\/h3>\t\t\t\n\t\t\t\t<p>O Programa de Incentivo \u00e0 Pintura Art D\u00e9co \u00e9 um programa de incentivo de subs\u00eddios correspondente criado para ajudar propriet\u00e1rios de im\u00f3veis comerciais a cobrir os custos associados \u00e0 pintura e \u00e0 melhoria da fachada externa de seus edif\u00edcios.<\/p>\n\t\t<h3>O Miami-Dade Beacon Council ajuda as empresas a entender o cen\u00e1rio de incentivos empresariais e analisa sua elegibilidade para incentivos empresariais locais e estaduais relacionados \u00e0 cria\u00e7\u00e3o de empregos e treinamento da for\u00e7a de trabalho.<\/h3>\n\t\t\t<a href=\"https:\/\/www.beaconcouncil.com\/solutions\/locating-expanding-companies\/incentives\/#toggle-id-3\" title=\"Clique aqui\" target=\"_blank\" rel=\"noopener\"  role=\"button\" aria-label=\"Incentivos do Condado\">\n\t\t\t\t\t\t\t\t\t\t\tIncentivos do Condado\n\t\t<\/a>\n\t\t<h3>A Fl\u00f3rida oferece vantagens financeiras para lucratividade a longo prazo e incentivos para todos os tipos de neg\u00f3cios, desde sedes corporativas at\u00e9 f\u00e1bricas e empresas de servi\u00e7os.<\/h3>\n\t\t\t<a href=\"https:\/\/selectflorida.org\/why-florida\/business-climate\/\" title=\"Clique aqui\" target=\"_blank\" rel=\"noopener\"  role=\"button\" aria-label=\"Incentivos Estaduais\">\n\t\t\t\t\t\t\t\t\t\t\tIncentivos Estaduais\n\t\t<\/a>\n\t\t<h3>Explore os recursos e servi\u00e7os que os departamentos do Departamento de Com\u00e9rcio dos EUA fornecem a empreendedores, empres\u00e1rios, exportadores, inventores e muito mais.<\/h3>\n\t\t\t<a href=\"https:\/\/www.commerce.gov\/work-with-us\/services-for-businesses\" title=\"Clique aqui\" target=\"_blank\" rel=\"noopener\"  role=\"button\" aria-label=\"Servi\u00e7os Federais\">\n\t\t\t\t\t\t\t\t\t\t\tServi\u00e7os Federais\n\t\t<\/a>\n\t\t\t\t\t\t\t\t\t\t\t\t<h3>Isen\u00e7\u00e3o de Imposto Ad-Valorem<\/h3>\n\t\t\t\t\t\t<p>Um incentivo que visa incentivar a reabilita\u00e7\u00e3o e a manuten\u00e7\u00e3o de estruturas hist\u00f3ricas. Para se qualificar para a isen\u00e7\u00e3o fiscal, os im\u00f3veis devem estar listados no Registro Nacional de Lugares Hist\u00f3ricos ou em uma estrutura hist\u00f3rica designada localmente.<\/p>\t\t\t\t\t\n\t\t\t<!-- END .front -->\n\t\t\t<a href=\"https:\/\/www.miamidade.gov\/global\/economy\/historic-preservation\/tax-exemption.page\" title=\"Clique aqui\" target=\"_blank\" rel=\"noopener\"  role=\"button\" aria-label=\"Saber mais\">\n\t\t\t\t\t\t\tSaber mais\n\t\t<\/a>\n\t\t\t<!-- END .back -->\n\t\t <!-- ifb-flip-box -->\n\t <!-- flip-box -->\n\t\t\t\t\t\t\t\t\t\t\t\t<h3>No\u00e7\u00f5es b\u00e1sicas sobre cr\u00e9dito tribut\u00e1rio 20%<\/h3>\n\t\t\t\t\t\t<p>Dispon\u00edvel para a reabilita\u00e7\u00e3o de edif\u00edcios hist\u00f3ricos geradores de renda que sejam determinados pelo Secret\u00e1rio do Interior, por meio do Servi\u00e7o Nacional de Parques, como \u201cestruturas hist\u00f3ricas certificadas\u201d.<\/p>\t\t\t\t\t\n\t\t\t<!-- END .front -->\n\t\t\t<a href=\"http:\/\/www.nps.gov\/subjects\/taxincentives\/tax-credit-basics.htm\" title=\"Clique aqui\" target=\"_blank\" rel=\"noopener\"  role=\"button\" aria-label=\"Saber mais\">\n\t\t\t\t\t\t\tSaber mais\n\t\t<\/a>\n\t\t\t<!-- END .back -->\n\t\t <!-- ifb-flip-box -->\n\t <!-- flip-box -->\n\t\t<h2>O escrit\u00f3rio do Cons\u00f3rcio de Com\u00e9rcio Internacional (ITC) do Condado de Miami-Dade atua como principal elo de liga\u00e7\u00e3o do Condado com governos estrangeiros e trabalha em estreita colabora\u00e7\u00e3o com outros escrit\u00f3rios para garantir o cumprimento dos procedimentos e servi\u00e7os protocolares. O objetivo do Cons\u00f3rcio de Com\u00e9rcio Internacional \u00e9 consolidar a posi\u00e7\u00e3o do Condado como um &quot;Portal Global&quot; para o com\u00e9rcio internacional, aprimorando as rela\u00e7\u00f5es internacionais, a compreens\u00e3o cultural e o com\u00e9rcio.<\/h2>\n\t\t\t<a href=\"https:\/\/www.miamidade.gov\/global\/government\/international-trade\/home.page\" title=\"Clique aqui\" target=\"_blank\" rel=\"noopener\"  role=\"button\" aria-label=\"Incentivos Comerciais Internacionais\">\n\t\t\t\t\t\t\t\t\t\t\tIncentivos Comerciais Internacionais\n\t\t<\/a>\n\t<a href=\"\/pt\/spotlight\/\" target=\"_self\"  aria-label=\"V\u00e1 para \/spotlight\/\"><\/a>\n\t\t\t\t<img decoding=\"async\" src=\"https:\/\/www.miamibeachfl.gov\/wp-content\/uploads\/2022\/07\/icon-mbbiznews.png\" alt=\"icon-mbbiznews\" title=\"\u00edcone-mbbiznews\" itemprop=\"image\"\/>\n\t\t<h3>\u00daltimas not\u00edcias<\/h3>\t\t\t\n\t\t\t\t<p>Navegue pelos nossos boletins informativos e destaques empresariais para obter as informa\u00e7\u00f5es e os recursos mais recentes dispon\u00edveis para nossa comunidade empresarial.\u00a0<\/p>\n\t<a href=\"\/pt\/business\/whymb\/dashboard\/\" target=\"_self\"  aria-label=\"V\u00e1 para \/business\/whymb\/dashboard\/\"><\/a>\n\t\t\t\t<img decoding=\"async\" src=\"https:\/\/www.miamibeachfl.gov\/wp-content\/uploads\/2022\/07\/icon-bizincentives.png\" alt=\"icon-bizincentives\" title=\"incentivos de neg\u00f3cios de \u00edcones\" itemprop=\"image\"\/>\n\t\t<h3>Recursos de neg\u00f3cios<\/h3>\t\t\t\n\t\t\t\t<p>Ferramentas para ajudar voc\u00ea a entender os \u00faltimos indicadores de neg\u00f3cios, dados demogr\u00e1ficos e tend\u00eancias do setor na cidade de Miami Beach.<\/p>\n\t<a href=\"\/pt\/business\/doing-business-with-mb\/mbbiz-events\/\" target=\"_self\"  aria-label=\"Acesse \/neg\u00f3cios\/fazendo-neg\u00f3cios-com-mb\/mbbiz-evento\/\"><\/a>\n\t\t\t\t<img decoding=\"async\" src=\"https:\/\/www.miamibeachfl.gov\/wp-content\/uploads\/2022\/07\/icon-mbbicalendarincircle-2.png\" alt=\"icon-mbbicalendarincircle\" title=\"\u00edcone-mbbicalendar\u00edncircle\" itemprop=\"image\"\/>\n\t\t<h3>Pr\u00f3ximos eventos<\/h3>\t\t\t\n\t\t\t\t<p>Confira nossos pr\u00f3ximos eventos.<\/p>\n\t\t<h3><a href=\"tel:3056737572\"  target=\"_self\">\t\n\t305.673.7572<\/a><\/h3>\t\n\t\t<h3><a href=\"mailto:mbbiz@miamibeachfl.gov\"  target=\"_self\">\t\n\tmbbiz@miamibeachfl.gov<\/a><\/h3>\t\n\t\t<h3><a href=\"\/pt\/business\/\"  target=\"_blank\"  rel=\"noopener\">\t\n\twww.MBBiz.com<\/a><\/h3>\t\n\t\t<h2>Assine a Newsletter MBBiz<\/h2>\n\t\t\t\t<p>Receba recursos e atualiza\u00e7\u00f5es do Departamento de Desenvolvimento Econ\u00f4mico enviados diretamente para seu telefone.<\/p>\n\t\t\t<a href=\"\/pt\/mbbiznews\/\" title=\"Clique aqui\" target=\"_self\"   role=\"button\" aria-label=\"Assine agora\">\n\t\t\t\t\t\t\t\t\t\t\tAssine agora\n\t\t<\/a>","protected":false},"excerpt":{"rendered":"<p>Bold State &#038; Local Business Incentives Discover the tools available for businesses, entrepreneurs, investors, and enterprising professionals to build an [&hellip;]<\/p>\n","protected":false},"author":222,"featured_media":0,"parent":197440,"menu_order":37,"comment_status":"closed","ping_status":"closed","template":"","meta":{"_searchwp_excluded":"","site-sidebar-layout":"default","site-content-layout":"","ast-site-content-layout":"default","site-content-style":"default","site-sidebar-style":"default","ast-global-header-display":"","ast-banner-title-visibility":"","ast-main-header-display":"","ast-hfb-above-header-display":"","ast-hfb-below-header-display":"","ast-hfb-mobile-header-display":"","site-post-title":"","ast-breadcrumbs-content":"","ast-featured-img":"","footer-sml-layout":"","ast-disable-related-posts":"","theme-transparent-header-meta":"","adv-header-id-meta":"","stick-header-meta":"","header-above-stick-meta":"","header-main-stick-meta":"","header-below-stick-meta":"","astra-migrate-meta-layouts":"default","ast-page-background-enabled":"default","ast-page-background-meta":{"desktop":{"background-color":"var(--ast-global-color-5)","background-image":"","background-repeat":"repeat","background-position":"center center","background-size":"auto","background-attachment":"scroll","background-type":"","background-media":"","overlay-type":"","overlay-color":"","overlay-opacity":"","overlay-gradient":""},"tablet":{"background-color":"","background-image":"","background-repeat":"repeat","background-position":"center center","background-size":"auto","background-attachment":"scroll","background-type":"","background-media":"","overlay-type":"","overlay-color":"","overlay-opacity":"","overlay-gradient":""},"mobile":{"background-color":"","background-image":"","background-repeat":"repeat","background-position":"center center","background-size":"auto","background-attachment":"scroll","background-type":"","background-media":"","overlay-type":"","overlay-color":"","overlay-opacity":"","overlay-gradient":""}},"ast-content-background-meta":{"desktop":{"background-color":"var(--ast-global-color-4)","background-image":"","background-repeat":"repeat","background-position":"center center","background-size":"auto","background-attachment":"scroll","background-type":"","background-media":"","overlay-type":"","overlay-color":"","overlay-opacity":"","overlay-gradient":""},"tablet":{"background-color":"var(--ast-global-color-4)","background-image":"","background-repeat":"repeat","background-position":"center center","background-size":"auto","background-attachment":"scroll","background-type":"","background-media":"","overlay-type":"","overlay-color":"","overlay-opacity":"","overlay-gradient":""},"mobile":{"background-color":"var(--ast-global-color-4)","background-image":"","background-repeat":"repeat","background-position":"center center","background-size":"auto","background-attachment":"scroll","background-type":"","background-media":"","overlay-type":"","overlay-color":"","overlay-opacity":"","overlay-gradient":""}},"footnotes":""},"categories":[],"tags":[],"class_list":["post-223122","page","type-page","status-publish","hentry"],"yoast_head":"<!-- This site is optimized with the Yoast SEO Premium plugin v27.4 (Yoast SEO v27.4) - https:\/\/yoast.com\/product\/yoast-seo-premium-wordpress\/ -->\n<title>Business Incentives - City of Miami Beach<\/title>\n<meta name=\"description\" content=\"%\" \/>\n<meta name=\"robots\" content=\"index, follow, max-snippet:-1, max-image-preview:large, max-video-preview:-1\" \/>\n<link rel=\"canonical\" href=\"https:\/\/www.miamibeachfl.gov\/pt\/business\/doing-business-with-mb\/business-incentives\/\" \/>\n<meta property=\"og:locale\" content=\"pt_BR\" \/>\n<meta property=\"og:type\" content=\"article\" \/>\n<meta property=\"og:title\" content=\"Business Incentives\" \/>\n<meta property=\"og:description\" content=\"%\" \/>\n<meta property=\"og:url\" content=\"https:\/\/www.miamibeachfl.gov\/pt\/business\/doing-business-with-mb\/business-incentives\/\" \/>\n<meta property=\"og:site_name\" content=\"City of Miami Beach\" \/>\n<meta property=\"article:publisher\" content=\"https:\/\/www.facebook.com\/cityofmiamibeach\" \/>\n<meta property=\"article:modified_time\" content=\"2025-10-30T18:17:18+00:00\" \/>\n<meta property=\"og:image\" content=\"https:\/\/www.miamibeachfl.gov\/wp-content\/uploads\/bb-plugin\/cache\/office-meeting-square.jpg\" \/>\n<meta name=\"twitter:card\" content=\"summary_large_image\" \/>\n<meta name=\"twitter:site\" content=\"@Miamibeachnews\" \/>\n<script type=\"application\/ld+json\" class=\"yoast-schema-graph\">{\"@context\":\"https:\\\/\\\/schema.org\",\"@graph\":[{\"@type\":\"WebPage\",\"@id\":\"https:\\\/\\\/www.miamibeachfl.gov\\\/business\\\/doing-business-with-mb\\\/business-incentives\\\/\",\"url\":\"https:\\\/\\\/www.miamibeachfl.gov\\\/business\\\/doing-business-with-mb\\\/business-incentives\\\/\",\"name\":\"Business Incentives - City of Miami Beach\",\"isPartOf\":{\"@id\":\"https:\\\/\\\/www.miamibeachfl.gov\\\/#website\"},\"primaryImageOfPage\":{\"@id\":\"https:\\\/\\\/www.miamibeachfl.gov\\\/business\\\/doing-business-with-mb\\\/business-incentives\\\/#primaryimage\"},\"image\":{\"@id\":\"https:\\\/\\\/www.miamibeachfl.gov\\\/business\\\/doing-business-with-mb\\\/business-incentives\\\/#primaryimage\"},\"thumbnailUrl\":\"https:\\\/\\\/www.miamibeachfl.gov\\\/wp-content\\\/uploads\\\/bb-plugin\\\/cache\\\/office-meeting-square.jpg\",\"datePublished\":\"2022-09-19T15:14:47+00:00\",\"dateModified\":\"2025-10-30T18:17:18+00:00\",\"description\":\"%\",\"breadcrumb\":{\"@id\":\"https:\\\/\\\/www.miamibeachfl.gov\\\/business\\\/doing-business-with-mb\\\/business-incentives\\\/#breadcrumb\"},\"inLanguage\":\"pt-BR\",\"potentialAction\":[{\"@type\":\"ReadAction\",\"target\":[\"https:\\\/\\\/www.miamibeachfl.gov\\\/business\\\/doing-business-with-mb\\\/business-incentives\\\/\"]}]},{\"@type\":\"ImageObject\",\"inLanguage\":\"pt-BR\",\"@id\":\"https:\\\/\\\/www.miamibeachfl.gov\\\/business\\\/doing-business-with-mb\\\/business-incentives\\\/#primaryimage\",\"url\":\"https:\\\/\\\/www.miamibeachfl.gov\\\/wp-content\\\/uploads\\\/bb-plugin\\\/cache\\\/office-meeting-square.jpg\",\"contentUrl\":\"https:\\\/\\\/www.miamibeachfl.gov\\\/wp-content\\\/uploads\\\/bb-plugin\\\/cache\\\/office-meeting-square.jpg\"},{\"@type\":\"BreadcrumbList\",\"@id\":\"https:\\\/\\\/www.miamibeachfl.gov\\\/business\\\/doing-business-with-mb\\\/business-incentives\\\/#breadcrumb\",\"itemListElement\":[{\"@type\":\"ListItem\",\"position\":1,\"name\":\"Home\",\"item\":\"https:\\\/\\\/www.miamibeachfl.gov\\\/\"},{\"@type\":\"ListItem\",\"position\":2,\"name\":\"Business\",\"item\":\"https:\\\/\\\/www.miamibeachfl.gov\\\/business\\\/\"},{\"@type\":\"ListItem\",\"position\":3,\"name\":\"Doing Business with MB\",\"item\":\"https:\\\/\\\/www.miamibeachfl.gov\\\/business\\\/doing-business-with-mb\\\/\"},{\"@type\":\"ListItem\",\"position\":4,\"name\":\"Business Incentives\"}]},{\"@type\":\"WebSite\",\"@id\":\"https:\\\/\\\/www.miamibeachfl.gov\\\/#website\",\"url\":\"https:\\\/\\\/www.miamibeachfl.gov\\\/\",\"name\":\"City of Miami Beach\",\"description\":\"The official website of the City of Miami Beach. Stay informed, find important information on city services, news, alerts, events, trolley routes, government employment and more.\",\"publisher\":{\"@id\":\"https:\\\/\\\/www.miamibeachfl.gov\\\/#organization\"},\"potentialAction\":[{\"@type\":\"SearchAction\",\"target\":{\"@type\":\"EntryPoint\",\"urlTemplate\":\"https:\\\/\\\/www.miamibeachfl.gov\\\/?s={search_term_string}\"},\"query-input\":{\"@type\":\"PropertyValueSpecification\",\"valueRequired\":true,\"valueName\":\"search_term_string\"}}],\"inLanguage\":\"pt-BR\"},{\"@type\":\"Organization\",\"@id\":\"https:\\\/\\\/www.miamibeachfl.gov\\\/#organization\",\"name\":\"City of Miami Beach\",\"url\":\"https:\\\/\\\/www.miamibeachfl.gov\\\/\",\"logo\":{\"@type\":\"ImageObject\",\"inLanguage\":\"pt-BR\",\"@id\":\"https:\\\/\\\/www.miamibeachfl.gov\\\/#\\\/schema\\\/logo\\\/image\\\/\",\"url\":\"https:\\\/\\\/www.miamibeachfl.gov\\\/wp-content\\\/uploads\\\/2022\\\/06\\\/miamibeach-logoblue.png\",\"contentUrl\":\"https:\\\/\\\/www.miamibeachfl.gov\\\/wp-content\\\/uploads\\\/2022\\\/06\\\/miamibeach-logoblue.png\",\"width\":1962,\"height\":381,\"caption\":\"City of Miami Beach\"},\"image\":{\"@id\":\"https:\\\/\\\/www.miamibeachfl.gov\\\/#\\\/schema\\\/logo\\\/image\\\/\"},\"sameAs\":[\"https:\\\/\\\/www.facebook.com\\\/cityofmiamibeach\",\"https:\\\/\\\/x.com\\\/Miamibeachnews\",\"https:\\\/\\\/www.instagram.com\\\/miamibeachnews\\\/\"],\"description\":\"The official website of the City of Miami Beach. Stay informed, find important information on city services, news, alerts, events, trolley routes, government employment and more.\",\"telephone\":\"305.604.CITY(2489)\",\"legalName\":\"City of Miami Beach\"}]}<\/script>\n<!-- \/ Yoast SEO Premium plugin. -->","yoast_head_json":{"title":"Incentivos Empresariais - Cidade de Miami Beach","description":"%","robots":{"index":"index","follow":"follow","max-snippet":"max-snippet:-1","max-image-preview":"max-image-preview:large","max-video-preview":"max-video-preview:-1"},"canonical":"https:\/\/www.miamibeachfl.gov\/pt\/business\/doing-business-with-mb\/business-incentives\/","og_locale":"pt_BR","og_type":"article","og_title":"Business Incentives","og_description":"%","og_url":"https:\/\/www.miamibeachfl.gov\/pt\/business\/doing-business-with-mb\/business-incentives\/","og_site_name":"City of Miami Beach","article_publisher":"https:\/\/www.facebook.com\/cityofmiamibeach","article_modified_time":"2025-10-30T18:17:18+00:00","og_image":[{"url":"https:\/\/www.miamibeachfl.gov\/wp-content\/uploads\/bb-plugin\/cache\/office-meeting-square.jpg","type":"","width":"","height":""}],"twitter_card":"summary_large_image","twitter_site":"@Miamibeachnews","schema":{"@context":"https:\/\/schema.org","@graph":[{"@type":"WebPage","@id":"https:\/\/www.miamibeachfl.gov\/business\/doing-business-with-mb\/business-incentives\/","url":"https:\/\/www.miamibeachfl.gov\/business\/doing-business-with-mb\/business-incentives\/","name":"Incentivos Empresariais - Cidade de Miami Beach","isPartOf":{"@id":"https:\/\/www.miamibeachfl.gov\/#website"},"primaryImageOfPage":{"@id":"https:\/\/www.miamibeachfl.gov\/business\/doing-business-with-mb\/business-incentives\/#primaryimage"},"image":{"@id":"https:\/\/www.miamibeachfl.gov\/business\/doing-business-with-mb\/business-incentives\/#primaryimage"},"thumbnailUrl":"https:\/\/www.miamibeachfl.gov\/wp-content\/uploads\/bb-plugin\/cache\/office-meeting-square.jpg","datePublished":"2022-09-19T15:14:47+00:00","dateModified":"2025-10-30T18:17:18+00:00","description":"%","breadcrumb":{"@id":"https:\/\/www.miamibeachfl.gov\/business\/doing-business-with-mb\/business-incentives\/#breadcrumb"},"inLanguage":"pt-BR","potentialAction":[{"@type":"ReadAction","target":["https:\/\/www.miamibeachfl.gov\/business\/doing-business-with-mb\/business-incentives\/"]}]},{"@type":"ImageObject","inLanguage":"pt-BR","@id":"https:\/\/www.miamibeachfl.gov\/business\/doing-business-with-mb\/business-incentives\/#primaryimage","url":"https:\/\/www.miamibeachfl.gov\/wp-content\/uploads\/bb-plugin\/cache\/office-meeting-square.jpg","contentUrl":"https:\/\/www.miamibeachfl.gov\/wp-content\/uploads\/bb-plugin\/cache\/office-meeting-square.jpg"},{"@type":"BreadcrumbList","@id":"https:\/\/www.miamibeachfl.gov\/business\/doing-business-with-mb\/business-incentives\/#breadcrumb","itemListElement":[{"@type":"ListItem","position":1,"name":"Home","item":"https:\/\/www.miamibeachfl.gov\/"},{"@type":"ListItem","position":2,"name":"Business","item":"https:\/\/www.miamibeachfl.gov\/business\/"},{"@type":"ListItem","position":3,"name":"Doing Business with MB","item":"https:\/\/www.miamibeachfl.gov\/business\/doing-business-with-mb\/"},{"@type":"ListItem","position":4,"name":"Business Incentives"}]},{"@type":"WebSite","@id":"https:\/\/www.miamibeachfl.gov\/#website","url":"https:\/\/www.miamibeachfl.gov\/","name":"Cidade de Miami Beach","description":"Site oficial da cidade de Miami Beach. Mantenha-se informado e encontre informa\u00e7\u00f5es importantes sobre servi\u00e7os municipais, not\u00edcias, alertas, eventos, rotas de bonde, empregos p\u00fablicos e muito mais.","publisher":{"@id":"https:\/\/www.miamibeachfl.gov\/#organization"},"potentialAction":[{"@type":"SearchAction","target":{"@type":"EntryPoint","urlTemplate":"https:\/\/www.miamibeachfl.gov\/?s={search_term_string}"},"query-input":{"@type":"PropertyValueSpecification","valueRequired":true,"valueName":"search_term_string"}}],"inLanguage":"pt-BR"},{"@type":"Organization","@id":"https:\/\/www.miamibeachfl.gov\/#organization","name":"Cidade de Miami Beach","url":"https:\/\/www.miamibeachfl.gov\/","logo":{"@type":"ImageObject","inLanguage":"pt-BR","@id":"https:\/\/www.miamibeachfl.gov\/#\/schema\/logo\/image\/","url":"https:\/\/www.miamibeachfl.gov\/wp-content\/uploads\/2022\/06\/miamibeach-logoblue.png","contentUrl":"https:\/\/www.miamibeachfl.gov\/wp-content\/uploads\/2022\/06\/miamibeach-logoblue.png","width":1962,"height":381,"caption":"City of Miami Beach"},"image":{"@id":"https:\/\/www.miamibeachfl.gov\/#\/schema\/logo\/image\/"},"sameAs":["https:\/\/www.facebook.com\/cityofmiamibeach","https:\/\/x.com\/Miamibeachnews","https:\/\/www.instagram.com\/miamibeachnews\/"],"description":"Site oficial da cidade de Miami Beach. Mantenha-se informado e encontre informa\u00e7\u00f5es importantes sobre servi\u00e7os municipais, not\u00edcias, alertas, eventos, rotas de bonde, empregos p\u00fablicos e muito mais.","telephone":"305.604.CITY(2489)","legalName":"City of Miami Beach"}]}},"_links":{"self":[{"href":"https:\/\/www.miamibeachfl.gov\/pt\/wp-json\/wp\/v2\/pages\/223122","targetHints":{"allow":["GET"]}}],"collection":[{"href":"https:\/\/www.miamibeachfl.gov\/pt\/wp-json\/wp\/v2\/pages"}],"about":[{"href":"https:\/\/www.miamibeachfl.gov\/pt\/wp-json\/wp\/v2\/types\/page"}],"author":[{"embeddable":true,"href":"https:\/\/www.miamibeachfl.gov\/pt\/wp-json\/wp\/v2\/users\/222"}],"replies":[{"embeddable":true,"href":"https:\/\/www.miamibeachfl.gov\/pt\/wp-json\/wp\/v2\/comments?post=223122"}],"version-history":[{"count":7,"href":"https:\/\/www.miamibeachfl.gov\/pt\/wp-json\/wp\/v2\/pages\/223122\/revisions"}],"predecessor-version":[{"id":390899,"href":"https:\/\/www.miamibeachfl.gov\/pt\/wp-json\/wp\/v2\/pages\/223122\/revisions\/390899"}],"up":[{"embeddable":true,"href":"https:\/\/www.miamibeachfl.gov\/pt\/wp-json\/wp\/v2\/pages\/197440"}],"wp:attachment":[{"href":"https:\/\/www.miamibeachfl.gov\/pt\/wp-json\/wp\/v2\/media?parent=223122"}],"wp:term":[{"taxonomy":"category","embeddable":true,"href":"https:\/\/www.miamibeachfl.gov\/pt\/wp-json\/wp\/v2\/categories?post=223122"},{"taxonomy":"post_tag","embeddable":true,"href":"https:\/\/www.miamibeachfl.gov\/pt\/wp-json\/wp\/v2\/tags?post=223122"}],"curies":[{"name":"wp","href":"https:\/\/api.w.org\/{rel}","templated":true}]}}