{"id":223856,"date":"2022-09-24T11:18:23","date_gmt":"2022-09-24T15:18:23","guid":{"rendered":"https:\/\/www.miamibeachfl.gov\/business-new\/doing-business-with-mb\/grants\/"},"modified":"2025-10-30T14:13:44","modified_gmt":"2025-10-30T18:13:44","slug":"grants","status":"publish","type":"page","link":"https:\/\/www.miamibeachfl.gov\/pt\/business\/doing-business-with-mb\/grants\/","title":{"rendered":"Subven\u00e7\u00f5es"},"content":{"rendered":"<h3>\n\t\t\tSubven\u00e7\u00f5es\t<\/h3>\n\t<p>A comunidade empresarial de Miami Beach \u00e9 apoiada pelo foco da cidade em fornecer oportunidades de subs\u00eddios para garantir seu sucesso e desenvolvimento cont\u00ednuos.<\/p>\n\t\t<a href=\"\/pt\/city-hall\/tourism-culture\/grants-and-sponsorships\/film-incentive-program\/\" target=\"_self\">\n\t\t\t\t\t\t\t\t\t\t\t<img decoding=\"async\" src=\"https:\/\/www.miamibeachfl.gov\/wp-content\/uploads\/2023\/01\/filminitiatives.jpg\" alt=\"filminitiatives\"\/>\n\t\t\t\t\t<p>Produzir filmes e outros projetos cinematogr\u00e1ficos em Miami Beach nunca foi t\u00e3o f\u00e1cil! Novas diretrizes, menos restri\u00e7\u00f5es \u2013 e um novo programa de incentivo para subsidiar produ\u00e7\u00f5es em Miami Beach.\u00a0<\/p>\t\t\t\t\t\n\t\t\t\t\t\t<h2>\n\t\t\t\t\t\tCinema e Produ\u00e7\u00e3o\t\t<\/h2>\n\t\t<\/a>\n\t\t<a href=\"\/pt\/city-hall\/tourism-culture\/grants-and-sponsorships\/miami-beach-cultural-arts-grant-program\/\" target=\"_blank\" rel=\"noopener\">\n\t\t\t\t\t\t\t\t\t\t\t<img decoding=\"async\" src=\"https:\/\/www.miamibeachfl.gov\/wp-content\/uploads\/2023\/03\/miamibeachlighhouse-600x300-1.jpg\" alt=\"Miami Beach Lighthouse\"\/>\n\t\t\t\t\t<p>Subs\u00eddio CAC AF 23\/24<\/p>\t\t\t\t\t\n\t\t\t\t\t\t<h2>\n\t\t\t\t\t\tConselho de Artes Culturais (CAC)\t\t<\/h2>\n\t\t<\/a>\n\t\t<a href=\"https:\/\/www.miamibeachvca.com\/grants\/\" target=\"_blank\" rel=\"noopener\">\n\t\t\t\t\t\t\t\t\t\t\t<img decoding=\"async\" src=\"https:\/\/www.miamibeachfl.gov\/wp-content\/uploads\/2023\/03\/concertevent.jpg\" alt=\"miami beach concert\"\/>\n\t\t\t\t\t<p>Diretrizes de subs\u00eddios para eventos especiais, promo\u00e7\u00f5es, atividades e festivais 2022\/2023<\/p>\t\t\t\t\t\n\t\t\t\t\t\t<h2>\n\t\t\t\t\t\tVCA\t\t<\/h2>\n\t\t<\/a>\n\t\t<a href=\"https:\/\/www.miamidade.gov\/global\/navigation\/grant-index.page\" target=\"_self\">\n\t\t\t\t\t\t\t\t\t\t\t<img decoding=\"async\" src=\"https:\/\/www.miamibeachfl.gov\/wp-content\/uploads\/2023\/01\/searching.jpg\" alt=\"Searching Opportunities\"\/>\n\t\t\t\t\t<p>Tenha acesso direto a uma infinidade de oportunidades de bolsas atuais em um banco de dados pesquis\u00e1vel on-line.<\/p>\t\t\t\t\t\n\t\t\t\t\t\t<h2>\n\t\t\t\t\t\tOportunidades de Pesquisa\t\t<\/h2>\n\t\t<\/a>\n\t\t<a href=\"https:\/\/www.miamidade.gov\/global\/management\/grants-training-workshops.page\" target=\"_self\">\n\t\t\t\t\t\t\t\t\t\t\t<img decoding=\"async\" src=\"https:\/\/www.miamibeachfl.gov\/wp-content\/uploads\/2023\/01\/mantalkingtowoman.jpg\" alt=\"Office Conversation\"\/>\n\t\t\t\t\t<p>O Condado de Miami-Dade realiza treinamentos e workshops para departamentos do Condado, Organiza\u00e7\u00f5es Comunit\u00e1rias (CBOs) e Organiza\u00e7\u00f5es Religiosas.<\/p>\t\t\t\t\t\n\t\t\t\t\t\t<h2>\n\t\t\t\t\t\tTreinamento e Workshops\t\t<\/h2>\n\t\t<\/a>\n\t\t<a href=\"https:\/\/miamidadearts.org\/organizations\/grants-organizations\" target=\"_self\">\n\t\t\t\t\t\t\t\t\t\t\t<img decoding=\"async\" src=\"https:\/\/www.miamibeachfl.gov\/wp-content\/uploads\/2023\/01\/artgaller.jpg\" alt=\"People at Art Gallery\"\/>\n\t\t\t\t\t<p>O Departamento de Assuntos Culturais do Condado de Miami-Dade desenvolveu uma s\u00e9rie de programas gerais de suporte operacional e subs\u00eddios baseados em projetos que servem como um portf\u00f3lio de investimentos do setor p\u00fablico para promover o crescimento da comunidade cultural do Condado de Miami-Dade.<\/p>\t\t\t\t\t\n\t\t\t\t\t\t<h2>\n\t\t\t\t\t\tBolsas de Artes e Cultura\t\t<\/h2>\n\t\t<\/a>\n\t\t<a href=\"https:\/\/www.epa.gov\/grants\" target=\"_self\">\n\t\t\t\t\t\t\t\t\t\t\t<img decoding=\"async\" src=\"https:\/\/www.miamibeachfl.gov\/wp-content\/uploads\/2023\/01\/epa.jpg\" alt=\"EPA on Keyboard\"\/>\n\t\t\t\t\t<p>Todos os anos, a EPA concede mais de $4 bilh\u00f5es em financiamento para subs\u00eddios e outros acordos de assist\u00eancia. De pequenas organiza\u00e7\u00f5es sem fins lucrativos a grandes governos estaduais, a EPA trabalha para ajudar muitas organiza\u00e7\u00f5es vision\u00e1rias a atingir seus objetivos ambientais.<\/p>\t\t\t\t\t\n\t\t\t\t\t\t<h2>\n\t\t\t\t\t\tSubs\u00eddios da EPA\t\t<\/h2>\n\t\t<\/a>\n\t\t<h2>Programa SCORE para Pequenas Empresas de Veteranos de Miami-Dade<\/h2>\n\t\t\t\t<p>Ajuda veteranos, militares da ativa e suas fam\u00edlias a iniciar, desenvolver e expandir neg\u00f3cios na \u00e1rea de Miami-Dade.<\/p>\n\t\t\t<a href=\"https:\/\/www.score.org\/miamidade\/score-miami-dade-veterans-small-business-program\" title=\"Clique aqui\" target=\"_blank\" rel=\"noopener\"  role=\"button\" aria-label=\"Saber mais\">\n\t\t\t\t\t\t\t\t\t\t\tSaber mais\n\t\t<\/a>\n\t\t<h2>Programa de Subs\u00eddios para Empresas de Veteranos<\/h2>\n\t\t\t\t<p>A Administra\u00e7\u00e3o de Desenvolvimento Econ\u00f4mico do Departamento de Com\u00e9rcio dos EUA fez uma parceria com o Conselho de Planejamento Regional do Sul da Fl\u00f3rida para supervisionar e administrar um novo programa de Fundo de Empr\u00e9stimos Rotativos para Empresas CARES ACT de $5,9 milh\u00f5es que ajudar\u00e1 a estabilizar as empresas do sul da Fl\u00f3rida afetadas negativamente pela COVID-19.<\/p>\n\t\t\t<a href=\"https:\/\/www.miamidade.gov\/global\/service.page?Mduid_service=ser1598288109021283\" title=\"Clique aqui\" target=\"_blank\" rel=\"noopener\"  role=\"button\" aria-label=\"Saber mais\">\n\t\t\t\t\t\t\t\t\t\t\tSaber mais\n\t\t<\/a>\n\t<a href=\"\/pt\/spotlight\/\" target=\"_self\"  aria-label=\"V\u00e1 para \/spotlight\/\"><\/a>\n\t\t\t\t<img decoding=\"async\" src=\"https:\/\/www.miamibeachfl.gov\/wp-content\/uploads\/2022\/07\/icon-mbbiznews.png\" alt=\"icon-mbbiznews\" title=\"\u00edcone-mbbiznews\" itemprop=\"image\"\/>\n\t\t<h3>\u00daltimas not\u00edcias<\/h3>\t\t\t\n\t\t\t\t<p>Navegue pelos nossos boletins informativos e destaques empresariais para obter as informa\u00e7\u00f5es e os recursos mais recentes dispon\u00edveis para nossa comunidade empresarial.\u00a0<\/p>\n\t<a href=\"\/pt\/business\/whymb\/dashboard\/\" target=\"_self\"  aria-label=\"V\u00e1 para \/business\/whymb\/dashboard\/\"><\/a>\n\t\t\t\t<img decoding=\"async\" src=\"https:\/\/www.miamibeachfl.gov\/wp-content\/uploads\/2022\/07\/icon-bizincentives.png\" alt=\"icon-bizincentives\" title=\"incentivos de neg\u00f3cios de \u00edcones\" itemprop=\"image\"\/>\n\t\t<h3>Recursos de neg\u00f3cios<\/h3>\t\t\t\n\t\t\t\t<p>Ferramentas para ajudar voc\u00ea a entender os \u00faltimos indicadores de neg\u00f3cios, dados demogr\u00e1ficos e tend\u00eancias do setor na cidade de Miami Beach.<\/p>\n\t<a href=\"\/pt\/business\/doing-business-with-mb\/mbbiz-events\/\" target=\"_self\"  aria-label=\"Acesse \/neg\u00f3cios\/fazendo-neg\u00f3cios-com-mb\/mbbiz-evento\/\"><\/a>\n\t\t\t\t<img decoding=\"async\" src=\"https:\/\/www.miamibeachfl.gov\/wp-content\/uploads\/2022\/07\/icon-mbbicalendarincircle-2.png\" alt=\"icon-mbbicalendarincircle\" title=\"\u00edcone-mbbicalendar\u00edncircle\" itemprop=\"image\"\/>\n\t\t<h3>Pr\u00f3ximos eventos<\/h3>\t\t\t\n\t\t\t\t<p>Confira nossos pr\u00f3ximos eventos.<\/p>\n\t\t<h3><a href=\"tel:3056737572\"  target=\"_self\">\t\n\t305.673.7572<\/a><\/h3>\t\n\t\t<h3><a href=\"mailto:mbbiz@miamibeachfl.gov\"  target=\"_self\">\t\n\tmbbiz@miamibeachfl.gov<\/a><\/h3>\t\n\t\t<h3><a href=\"\/pt\/business\/\"  target=\"_blank\"  rel=\"noopener\">\t\n\twww.MBBiz.com<\/a><\/h3>\t\n\t\t<h2>Assine a Newsletter MBBiz<\/h2>\n\t\t\t\t<p>Receba recursos e atualiza\u00e7\u00f5es do Departamento de Desenvolvimento Econ\u00f4mico enviados diretamente para seu telefone.<\/p>\n\t\t\t<a href=\"\/pt\/mbbiznews\/\" title=\"Clique aqui\" target=\"_self\"   role=\"button\" aria-label=\"Assine agora\">\n\t\t\t\t\t\t\t\t\t\t\tAssine agora\n\t\t<\/a>","protected":false},"excerpt":{"rendered":"<p>Grants Miami Beach&#8217;s business community is supported by the City&#8217;s focus on providing grant opportunities to ensure their ongoing success [&hellip;]<\/p>\n","protected":false},"author":222,"featured_media":0,"parent":197440,"menu_order":37,"comment_status":"closed","ping_status":"closed","template":"","meta":{"_searchwp_excluded":"","site-sidebar-layout":"default","site-content-layout":"","ast-site-content-layout":"default","site-content-style":"default","site-sidebar-style":"default","ast-global-header-display":"","ast-banner-title-visibility":"","ast-main-header-display":"","ast-hfb-above-header-display":"","ast-hfb-below-header-display":"","ast-hfb-mobile-header-display":"","site-post-title":"","ast-breadcrumbs-content":"","ast-featured-img":"","footer-sml-layout":"","theme-transparent-header-meta":"","adv-header-id-meta":"","stick-header-meta":"","header-above-stick-meta":"","header-main-stick-meta":"","header-below-stick-meta":"","astra-migrate-meta-layouts":"default","ast-page-background-enabled":"default","ast-page-background-meta":{"desktop":{"background-color":"var(--ast-global-color-5)","background-image":"","background-repeat":"repeat","background-position":"center center","background-size":"auto","background-attachment":"scroll","background-type":"","background-media":"","overlay-type":"","overlay-color":"","overlay-opacity":"","overlay-gradient":""},"tablet":{"background-color":"","background-image":"","background-repeat":"repeat","background-position":"center center","background-size":"auto","background-attachment":"scroll","background-type":"","background-media":"","overlay-type":"","overlay-color":"","overlay-opacity":"","overlay-gradient":""},"mobile":{"background-color":"","background-image":"","background-repeat":"repeat","background-position":"center center","background-size":"auto","background-attachment":"scroll","background-type":"","background-media":"","overlay-type":"","overlay-color":"","overlay-opacity":"","overlay-gradient":""}},"ast-content-background-meta":{"desktop":{"background-color":"var(--ast-global-color-4)","background-image":"","background-repeat":"repeat","background-position":"center center","background-size":"auto","background-attachment":"scroll","background-type":"","background-media":"","overlay-type":"","overlay-color":"","overlay-opacity":"","overlay-gradient":""},"tablet":{"background-color":"var(--ast-global-color-4)","background-image":"","background-repeat":"repeat","background-position":"center center","background-size":"auto","background-attachment":"scroll","background-type":"","background-media":"","overlay-type":"","overlay-color":"","overlay-opacity":"","overlay-gradient":""},"mobile":{"background-color":"var(--ast-global-color-4)","background-image":"","background-repeat":"repeat","background-position":"center center","background-size":"auto","background-attachment":"scroll","background-type":"","background-media":"","overlay-type":"","overlay-color":"","overlay-opacity":"","overlay-gradient":""}},"footnotes":""},"categories":[],"tags":[],"class_list":["post-223856","page","type-page","status-publish","hentry"],"yoast_head":"<!-- This site is optimized with the Yoast SEO Premium plugin v27.4 (Yoast SEO v27.4) - https:\/\/yoast.com\/product\/yoast-seo-premium-wordpress\/ -->\n<title>Grants - City of Miami Beach<\/title>\n<meta name=\"description\" content=\"%\" \/>\n<meta name=\"robots\" content=\"index, follow, max-snippet:-1, max-image-preview:large, max-video-preview:-1\" \/>\n<link rel=\"canonical\" href=\"https:\/\/www.miamibeachfl.gov\/pt\/business\/doing-business-with-mb\/grants\/\" \/>\n<meta property=\"og:locale\" content=\"pt_BR\" \/>\n<meta property=\"og:type\" content=\"article\" \/>\n<meta property=\"og:title\" content=\"Grants\" \/>\n<meta property=\"og:description\" content=\"%\" \/>\n<meta property=\"og:url\" content=\"https:\/\/www.miamibeachfl.gov\/pt\/business\/doing-business-with-mb\/grants\/\" \/>\n<meta property=\"og:site_name\" content=\"City of Miami Beach\" \/>\n<meta property=\"article:publisher\" content=\"https:\/\/www.facebook.com\/cityofmiamibeach\" \/>\n<meta property=\"article:modified_time\" content=\"2025-10-30T18:13:44+00:00\" \/>\n<meta property=\"og:image\" content=\"https:\/\/www.miamibeachfl.gov\/wp-content\/uploads\/2023\/01\/filminitiatives.jpg\" \/>\n<meta name=\"twitter:card\" content=\"summary_large_image\" \/>\n<meta name=\"twitter:site\" content=\"@Miamibeachnews\" \/>\n<script type=\"application\/ld+json\" class=\"yoast-schema-graph\">{\"@context\":\"https:\\\/\\\/schema.org\",\"@graph\":[{\"@type\":\"WebPage\",\"@id\":\"https:\\\/\\\/www.miamibeachfl.gov\\\/business\\\/doing-business-with-mb\\\/grants\\\/\",\"url\":\"https:\\\/\\\/www.miamibeachfl.gov\\\/business\\\/doing-business-with-mb\\\/grants\\\/\",\"name\":\"Grants - City of Miami Beach\",\"isPartOf\":{\"@id\":\"https:\\\/\\\/www.miamibeachfl.gov\\\/#website\"},\"primaryImageOfPage\":{\"@id\":\"https:\\\/\\\/www.miamibeachfl.gov\\\/business\\\/doing-business-with-mb\\\/grants\\\/#primaryimage\"},\"image\":{\"@id\":\"https:\\\/\\\/www.miamibeachfl.gov\\\/business\\\/doing-business-with-mb\\\/grants\\\/#primaryimage\"},\"thumbnailUrl\":\"https:\\\/\\\/www.miamibeachfl.gov\\\/wp-content\\\/uploads\\\/2023\\\/01\\\/filminitiatives.jpg\",\"datePublished\":\"2022-09-24T15:18:23+00:00\",\"dateModified\":\"2025-10-30T18:13:44+00:00\",\"description\":\"%\",\"breadcrumb\":{\"@id\":\"https:\\\/\\\/www.miamibeachfl.gov\\\/business\\\/doing-business-with-mb\\\/grants\\\/#breadcrumb\"},\"inLanguage\":\"pt-BR\",\"potentialAction\":[{\"@type\":\"ReadAction\",\"target\":[\"https:\\\/\\\/www.miamibeachfl.gov\\\/business\\\/doing-business-with-mb\\\/grants\\\/\"]}]},{\"@type\":\"ImageObject\",\"inLanguage\":\"pt-BR\",\"@id\":\"https:\\\/\\\/www.miamibeachfl.gov\\\/business\\\/doing-business-with-mb\\\/grants\\\/#primaryimage\",\"url\":\"https:\\\/\\\/www.miamibeachfl.gov\\\/wp-content\\\/uploads\\\/2023\\\/01\\\/filminitiatives.jpg\",\"contentUrl\":\"https:\\\/\\\/www.miamibeachfl.gov\\\/wp-content\\\/uploads\\\/2023\\\/01\\\/filminitiatives.jpg\"},{\"@type\":\"BreadcrumbList\",\"@id\":\"https:\\\/\\\/www.miamibeachfl.gov\\\/business\\\/doing-business-with-mb\\\/grants\\\/#breadcrumb\",\"itemListElement\":[{\"@type\":\"ListItem\",\"position\":1,\"name\":\"Home\",\"item\":\"https:\\\/\\\/www.miamibeachfl.gov\\\/\"},{\"@type\":\"ListItem\",\"position\":2,\"name\":\"Business\",\"item\":\"https:\\\/\\\/www.miamibeachfl.gov\\\/business\\\/\"},{\"@type\":\"ListItem\",\"position\":3,\"name\":\"Doing Business with MB\",\"item\":\"https:\\\/\\\/www.miamibeachfl.gov\\\/business\\\/doing-business-with-mb\\\/\"},{\"@type\":\"ListItem\",\"position\":4,\"name\":\"Grants\"}]},{\"@type\":\"WebSite\",\"@id\":\"https:\\\/\\\/www.miamibeachfl.gov\\\/#website\",\"url\":\"https:\\\/\\\/www.miamibeachfl.gov\\\/\",\"name\":\"City of Miami Beach\",\"description\":\"The official website of the City of Miami Beach. Stay informed, find important information on city services, news, alerts, events, trolley routes, government employment and more.\",\"publisher\":{\"@id\":\"https:\\\/\\\/www.miamibeachfl.gov\\\/#organization\"},\"potentialAction\":[{\"@type\":\"SearchAction\",\"target\":{\"@type\":\"EntryPoint\",\"urlTemplate\":\"https:\\\/\\\/www.miamibeachfl.gov\\\/?s={search_term_string}\"},\"query-input\":{\"@type\":\"PropertyValueSpecification\",\"valueRequired\":true,\"valueName\":\"search_term_string\"}}],\"inLanguage\":\"pt-BR\"},{\"@type\":\"Organization\",\"@id\":\"https:\\\/\\\/www.miamibeachfl.gov\\\/#organization\",\"name\":\"City of Miami Beach\",\"url\":\"https:\\\/\\\/www.miamibeachfl.gov\\\/\",\"logo\":{\"@type\":\"ImageObject\",\"inLanguage\":\"pt-BR\",\"@id\":\"https:\\\/\\\/www.miamibeachfl.gov\\\/#\\\/schema\\\/logo\\\/image\\\/\",\"url\":\"https:\\\/\\\/www.miamibeachfl.gov\\\/wp-content\\\/uploads\\\/2022\\\/06\\\/miamibeach-logoblue.png\",\"contentUrl\":\"https:\\\/\\\/www.miamibeachfl.gov\\\/wp-content\\\/uploads\\\/2022\\\/06\\\/miamibeach-logoblue.png\",\"width\":1962,\"height\":381,\"caption\":\"City of Miami Beach\"},\"image\":{\"@id\":\"https:\\\/\\\/www.miamibeachfl.gov\\\/#\\\/schema\\\/logo\\\/image\\\/\"},\"sameAs\":[\"https:\\\/\\\/www.facebook.com\\\/cityofmiamibeach\",\"https:\\\/\\\/x.com\\\/Miamibeachnews\",\"https:\\\/\\\/www.instagram.com\\\/miamibeachnews\\\/\"],\"description\":\"The official website of the City of Miami Beach. Stay informed, find important information on city services, news, alerts, events, trolley routes, government employment and more.\",\"telephone\":\"305.604.CITY(2489)\",\"legalName\":\"City of Miami Beach\"}]}<\/script>\n<!-- \/ Yoast SEO Premium plugin. -->","yoast_head_json":{"title":"Subs\u00eddios - Cidade de Miami Beach","description":"%","robots":{"index":"index","follow":"follow","max-snippet":"max-snippet:-1","max-image-preview":"max-image-preview:large","max-video-preview":"max-video-preview:-1"},"canonical":"https:\/\/www.miamibeachfl.gov\/pt\/business\/doing-business-with-mb\/grants\/","og_locale":"pt_BR","og_type":"article","og_title":"Grants","og_description":"%","og_url":"https:\/\/www.miamibeachfl.gov\/pt\/business\/doing-business-with-mb\/grants\/","og_site_name":"City of Miami Beach","article_publisher":"https:\/\/www.facebook.com\/cityofmiamibeach","article_modified_time":"2025-10-30T18:13:44+00:00","og_image":[{"url":"https:\/\/www.miamibeachfl.gov\/wp-content\/uploads\/2023\/01\/filminitiatives.jpg","type":"","width":"","height":""}],"twitter_card":"summary_large_image","twitter_site":"@Miamibeachnews","schema":{"@context":"https:\/\/schema.org","@graph":[{"@type":"WebPage","@id":"https:\/\/www.miamibeachfl.gov\/business\/doing-business-with-mb\/grants\/","url":"https:\/\/www.miamibeachfl.gov\/business\/doing-business-with-mb\/grants\/","name":"Subs\u00eddios - Cidade de Miami Beach","isPartOf":{"@id":"https:\/\/www.miamibeachfl.gov\/#website"},"primaryImageOfPage":{"@id":"https:\/\/www.miamibeachfl.gov\/business\/doing-business-with-mb\/grants\/#primaryimage"},"image":{"@id":"https:\/\/www.miamibeachfl.gov\/business\/doing-business-with-mb\/grants\/#primaryimage"},"thumbnailUrl":"https:\/\/www.miamibeachfl.gov\/wp-content\/uploads\/2023\/01\/filminitiatives.jpg","datePublished":"2022-09-24T15:18:23+00:00","dateModified":"2025-10-30T18:13:44+00:00","description":"%","breadcrumb":{"@id":"https:\/\/www.miamibeachfl.gov\/business\/doing-business-with-mb\/grants\/#breadcrumb"},"inLanguage":"pt-BR","potentialAction":[{"@type":"ReadAction","target":["https:\/\/www.miamibeachfl.gov\/business\/doing-business-with-mb\/grants\/"]}]},{"@type":"ImageObject","inLanguage":"pt-BR","@id":"https:\/\/www.miamibeachfl.gov\/business\/doing-business-with-mb\/grants\/#primaryimage","url":"https:\/\/www.miamibeachfl.gov\/wp-content\/uploads\/2023\/01\/filminitiatives.jpg","contentUrl":"https:\/\/www.miamibeachfl.gov\/wp-content\/uploads\/2023\/01\/filminitiatives.jpg"},{"@type":"BreadcrumbList","@id":"https:\/\/www.miamibeachfl.gov\/business\/doing-business-with-mb\/grants\/#breadcrumb","itemListElement":[{"@type":"ListItem","position":1,"name":"Home","item":"https:\/\/www.miamibeachfl.gov\/"},{"@type":"ListItem","position":2,"name":"Business","item":"https:\/\/www.miamibeachfl.gov\/business\/"},{"@type":"ListItem","position":3,"name":"Doing Business with MB","item":"https:\/\/www.miamibeachfl.gov\/business\/doing-business-with-mb\/"},{"@type":"ListItem","position":4,"name":"Grants"}]},{"@type":"WebSite","@id":"https:\/\/www.miamibeachfl.gov\/#website","url":"https:\/\/www.miamibeachfl.gov\/","name":"Cidade de Miami Beach","description":"Site oficial da cidade de Miami Beach. Mantenha-se informado e encontre informa\u00e7\u00f5es importantes sobre servi\u00e7os municipais, not\u00edcias, alertas, eventos, rotas de bonde, empregos p\u00fablicos e muito mais.","publisher":{"@id":"https:\/\/www.miamibeachfl.gov\/#organization"},"potentialAction":[{"@type":"SearchAction","target":{"@type":"EntryPoint","urlTemplate":"https:\/\/www.miamibeachfl.gov\/?s={search_term_string}"},"query-input":{"@type":"PropertyValueSpecification","valueRequired":true,"valueName":"search_term_string"}}],"inLanguage":"pt-BR"},{"@type":"Organization","@id":"https:\/\/www.miamibeachfl.gov\/#organization","name":"Cidade de Miami Beach","url":"https:\/\/www.miamibeachfl.gov\/","logo":{"@type":"ImageObject","inLanguage":"pt-BR","@id":"https:\/\/www.miamibeachfl.gov\/#\/schema\/logo\/image\/","url":"https:\/\/www.miamibeachfl.gov\/wp-content\/uploads\/2022\/06\/miamibeach-logoblue.png","contentUrl":"https:\/\/www.miamibeachfl.gov\/wp-content\/uploads\/2022\/06\/miamibeach-logoblue.png","width":1962,"height":381,"caption":"City of Miami Beach"},"image":{"@id":"https:\/\/www.miamibeachfl.gov\/#\/schema\/logo\/image\/"},"sameAs":["https:\/\/www.facebook.com\/cityofmiamibeach","https:\/\/x.com\/Miamibeachnews","https:\/\/www.instagram.com\/miamibeachnews\/"],"description":"Site oficial da cidade de Miami Beach. Mantenha-se informado e encontre informa\u00e7\u00f5es importantes sobre servi\u00e7os municipais, not\u00edcias, alertas, eventos, rotas de bonde, empregos p\u00fablicos e muito mais.","telephone":"305.604.CITY(2489)","legalName":"City of Miami Beach"}]}},"_links":{"self":[{"href":"https:\/\/www.miamibeachfl.gov\/pt\/wp-json\/wp\/v2\/pages\/223856","targetHints":{"allow":["GET"]}}],"collection":[{"href":"https:\/\/www.miamibeachfl.gov\/pt\/wp-json\/wp\/v2\/pages"}],"about":[{"href":"https:\/\/www.miamibeachfl.gov\/pt\/wp-json\/wp\/v2\/types\/page"}],"author":[{"embeddable":true,"href":"https:\/\/www.miamibeachfl.gov\/pt\/wp-json\/wp\/v2\/users\/222"}],"replies":[{"embeddable":true,"href":"https:\/\/www.miamibeachfl.gov\/pt\/wp-json\/wp\/v2\/comments?post=223856"}],"version-history":[{"count":4,"href":"https:\/\/www.miamibeachfl.gov\/pt\/wp-json\/wp\/v2\/pages\/223856\/revisions"}],"predecessor-version":[{"id":390898,"href":"https:\/\/www.miamibeachfl.gov\/pt\/wp-json\/wp\/v2\/pages\/223856\/revisions\/390898"}],"up":[{"embeddable":true,"href":"https:\/\/www.miamibeachfl.gov\/pt\/wp-json\/wp\/v2\/pages\/197440"}],"wp:attachment":[{"href":"https:\/\/www.miamibeachfl.gov\/pt\/wp-json\/wp\/v2\/media?parent=223856"}],"wp:term":[{"taxonomy":"category","embeddable":true,"href":"https:\/\/www.miamibeachfl.gov\/pt\/wp-json\/wp\/v2\/categories?post=223856"},{"taxonomy":"post_tag","embeddable":true,"href":"https:\/\/www.miamibeachfl.gov\/pt\/wp-json\/wp\/v2\/tags?post=223856"}],"curies":[{"name":"wp","href":"https:\/\/api.w.org\/{rel}","templated":true}]}}