{"id":225181,"date":"2022-10-05T14:07:35","date_gmt":"2022-10-05T18:07:35","guid":{"rendered":"https:\/\/www.miamibeachfl.gov\/?page_id=225181"},"modified":"2026-04-22T15:11:36","modified_gmt":"2026-04-22T19:11:36","slug":"ada","status":"publish","type":"page","link":"https:\/\/www.miamibeachfl.gov\/pt\/ada\/","title":{"rendered":"ADA"},"content":{"rendered":"<h1>\n\t\t\tServi\u00e7os e informa\u00e7\u00f5es da ADA em Miami Beach\t<\/h1>\n\t<p>O Escrit\u00f3rio da ADA e o Gerente da ADA s\u00e3o respons\u00e1veis por coordenar os esfor\u00e7os da cidade de Miami Beach para cumprir o T\u00edtulo II e por investigar quaisquer reclama\u00e7\u00f5es ou queixas apresentadas em rela\u00e7\u00e3o a qualquer pr\u00e1tica discriminat\u00f3ria por parte da cidade.<\/p>\n\t\t<figure itemscope itemtype=\"https:\/\/schema.org\/ImageObject\">\n\t\t\t\t<img decoding=\"async\" src=\"https:\/\/www.miamibeachfl.gov\/wp-content\/uploads\/2022\/10\/icon-ada-cityservices.png\" alt=\"ADA Miami Beach City Services\" height=\"641\" width=\"641\" title=\"\u00edcone-ada-cityservices\" onerror=\"this.style.display='none'\" loading=\"lazy\" \/>\n\t<\/figure>\n<h2>SERVI\u00c7OS DA CIDADE<\/h2>\t\n\t\t\t<a href=\"https:\/\/www.miamibeachfl.gov\/pt\/city-hall\/parking\/ada-parking\/\"  target=\"_self\">\n\t\t\t\t\t\t\tEstacionamento para deficientes\n\t\t\t\t\t<\/a>\n\t\t\t<a href=\"https:\/\/www.miamibeachfl.gov\/wp-content\/uploads\/2022\/03\/Disabled-Permit-Info-Website.pdf\"  target=\"_self\">\n\t\t\t\t\t\t\tPermiss\u00f5es de estacionamento para deficientes\n\t\t\t\t\t<\/a>\n\t\t\t<a href=\"\/pt\/ada\/beach-wheelchair-access\/\"  target=\"_self\">\n\t\t\t\t\t\t\tAcesso \u00e0 praia adaptado para pessoas com defici\u00eancia\n\t\t\t\t\t<\/a>\n\t\t\t<a href=\"https:\/\/www.miamibeachfl.gov\/pt\/ada\/difficulty-of-hearing\/\"  target=\"_self\">\n\t\t\t\t\t\t\tDeficientes auditivos\n\t\t\t\t\t<\/a>\n\t\t<figure itemscope itemtype=\"https:\/\/schema.org\/ImageObject\">\n\t\t\t\t<img decoding=\"async\" src=\"https:\/\/www.miamibeachfl.gov\/wp-content\/uploads\/2022\/10\/icon-handshake.png\" alt=\"handshake icon\" height=\"641\" width=\"641\" title=\"\u00edcone-aperto de m\u00e3o\" onerror=\"this.style.display='none'\" loading=\"lazy\" \/>\n\t<\/figure>\n<h2>INFORMA\u00c7\u00d5ES E CONFORMIDADE<\/h2>\t\n\t\t\t<a href=\"https:\/\/www.miamibeachfl.gov\/pt\/city-hall\/city-clerk\/boards-and-committees\/disability-access-committee\/\"  target=\"_self\">\n\t\t\t\t\t\t\tComit\u00ea de Acessibilidade para Deficientes\n\t\t\t\t\t<\/a>\n\t\t\t<a href=\"https:\/\/www.miamibeachfl.gov\/pt\/ada\/ada-handbook-title-ii\/\"  target=\"_self\">\n\t\t\t\t\t\t\tManual ADA\n\t\t\t\t\t<\/a>\n\t\t\t<a href=\"https:\/\/www.miamibeachfl.gov\/pt\/ada\/americans-with-disability-act\/\"  target=\"_self\">\n\t\t\t\t\t\t\tLei dos Americanos com Defici\u00eancias\n\t\t\t\t\t<\/a>\n\t\t\t<a href=\"https:\/\/www.miamibeachfl.gov\/wp-content\/uploads\/2018\/01\/ADA-NOTICE-2014.pdf\"  target=\"_self\">\n\t\t\t\t\t\t\tAviso ADA\n\t\t\t\t\t<\/a>\n\t\t\t<a href=\"https:\/\/www.miamibeachfl.gov\/pt\/ada\/disability-hiring-policy\/\"  target=\"_self\">\n\t\t\t\t\t\t\tPol\u00edtica de Contrata\u00e7\u00e3o para Pessoas com Defici\u00eancia\n\t\t\t\t\t<\/a>\n\t\t\t<a href=\"https:\/\/www.miamibeachfl.gov\/pt\/ada\/disability-etiquette\/\"  target=\"_self\">\n\t\t\t\t\t\t\tEtiqueta para deficientes\n\t\t\t\t\t<\/a>\n\t\t\t<a href=\"https:\/\/www.miamibeachfl.gov\/pt\/ada\/white-cane-law\/\"  target=\"_self\">\n\t\t\t\t\t\t\tLei da Bengala Branca\n\t\t\t\t\t<\/a>\n\t\t<figure itemscope itemtype=\"https:\/\/schema.org\/ImageObject\">\n\t\t\t\t<img decoding=\"async\" src=\"https:\/\/www.miamibeachfl.gov\/wp-content\/uploads\/2022\/10\/icon-fillout.png\" alt=\"fill out a form\" height=\"641\" width=\"641\" title=\"preenchimento de \u00edcone\" onerror=\"this.style.display='none'\" loading=\"lazy\" \/>\n\t<\/figure>\n<h2>FORMUL\u00c1RIOS E PROCEDIMENTOS<\/h2>\t\n\t\t\t<a href=\"https:\/\/www.miamibeachfl.gov\/pt\/ada\/complaints-for-discrimination\/\"  target=\"_self\">\n\t\t\t\t\t\t\tEnviar uma reclama\u00e7\u00e3o\n\t\t\t\t\t<\/a>\n\t\t\t<a href=\"https:\/\/www.miamibeachfl.gov\/pt\/ada\/ada-request\/\"  target=\"_self\">\n\t\t\t\t\t\t\tSolicita\u00e7\u00e3o ADA\n\t\t\t\t\t<\/a>\n<h3>\n\t\t\tEntre em contato com o gerente da ADA:\t<\/h3>\n\t<strong>Val\u00e9ria Mejia<\/strong><br \/>\n<strong>Gerente ADA<\/strong><br \/>\n<strong><a href=\"tel:3056737080\">305.673.7080 (VOZ)<\/a><\/strong><br \/>\n<strong><a href=\"tel:711\">7-1-1 (Revezamento da Fl\u00f3rida)<\/a><\/strong><br \/>\n<strong><a href=\"mailto:valeriamejia@miamibeachfl.gov\">valeriamejia@miamibeachfl.gov<\/a> <\/strong>\n\t\t<figure itemscope itemtype=\"https:\/\/schema.org\/ImageObject\">\n\t\t\t\t<img decoding=\"async\" src=\"https:\/\/www.miamibeachfl.gov\/wp-content\/uploads\/2022\/10\/icon-externallinks.png\" alt=\"external link\" height=\"641\" width=\"641\" title=\"\u00edcone-links externos\" onerror=\"this.style.display='none'\" loading=\"lazy\" \/>\n\t<\/figure>\n<h2>LINKS \u00daTEIS<\/h2>\t\n\t\t\t<a href=\"https:\/\/www.ada.gov\/taxcred.htm#:~:text=IRS%20Tax%20Credits%20and%20Deductions&#038;text=The%20tax%20credit%20is%20available,(maximum%20credit%20of%20%245000).\"  target=\"_blank\" rel=\"noopener\">\n\t\t\t\t\t\t\tCr\u00e9dito Tribut\u00e1rio ADA IRS\n\t\t\t\t\t<\/a>\n\t\t\t<a href=\"https:\/\/www.cilsf.org\/ourhistory\"  target=\"_blank\" rel=\"noopener\">\n\t\t\t\t\t\t\tCentro de Vida Independente no Sul da Fl\u00f3rida\n\t\t\t\t\t<\/a>\n\t\t\t<a href=\"https:\/\/www.rehabworks.org\/\"  target=\"_blank\" rel=\"noopener\">\n\t\t\t\t\t\t\tReabilita\u00e7\u00e3o Vocacional da Fl\u00f3rida\n\t\t\t\t\t<\/a>\n\t\t\t<a href=\"https:\/\/www.miamidade.gov\/global\/humanresources\/fair-employment\/human-rights-commission.page\"  target=\"_blank\" rel=\"noopener\">\n\t\t\t\t\t\t\tComiss\u00e3o de Direitos Humanos do Condado de Miami-Dade\n\t\t\t\t\t<\/a>\n\t\t\t<a href=\"https:\/\/www.miamilighthouse.org\/\"  target=\"_blank\" rel=\"noopener\">\n\t\t\t\t\t\t\tFarol de Miami para Cegos e Deficientes Visuais\n\t\t\t\t\t<\/a>\n<h3>\n\t\t\tA Cruz Vermelha Americana torna a prepara\u00e7\u00e3o acess\u00edvel\t<\/h3>\n\t\t\t<a href=\"https:\/\/adasoutheast.org\/new-american-red-cross-emergency-preparedness-app\/\" title=\"Baixe o novo aplicativo de prepara\u00e7\u00e3o da Cruz Vermelha Americana para manter sua casa segura. Clique aqui para obter instru\u00e7\u00f5es legendadas em L\u00edngua Americana de Sinais (ASL).\" target=\"_blank\" rel=\"noopener\"  role=\"button\" aria-label=\"Baixe o novo aplicativo de prepara\u00e7\u00e3o da Cruz Vermelha Americana para manter sua casa segura. Clique aqui para obter instru\u00e7\u00f5es legendadas em L\u00edngua Americana de Sinais (ASL).\">\n\t\t\t\t\t\t\tBaixe o novo aplicativo de prepara\u00e7\u00e3o da Cruz Vermelha Americana para manter sua casa segura. Clique aqui para obter instru\u00e7\u00f5es legendadas em L\u00edngua Americana de Sinais (ASL).\n\t\t<\/a>\n\t\t<img decoding=\"async\" src=\"https:\/\/www.miamibeachfl.gov\/wp-content\/uploads\/2023\/02\/ADAvideothumbARC.jpg\" alt=\"\"\/>\n<figure itemscope itemtype=\"https:\/\/schema.org\/ImageObject\">\n\t\t\t\t<img decoding=\"async\" src=\"https:\/\/www.miamibeachfl.gov\/wp-content\/uploads\/2022\/10\/MiamiBeach-ADA-womaninwheelcharionbeach.jpg\" alt=\"Miami Beach Woman in Wheelchair at the Beach\" height=\"922\" width=\"1382\" title=\"MiamiBeach-ADA-mulheremcarruagempraia\" onerror=\"this.style.display='none'\" loading=\"lazy\" \/>\n\t<\/figure>\n<h3>\n\t\t\tO que \u00e9 a ADA?\t<\/h3>\n\t<p><strong>A Lei dos Americanos com Defici\u00eancias de 1990 \u2013 ou ADA<\/strong> \u2013 n\u00e3o \u00e9 uma pessoa, organiza\u00e7\u00e3o ou ag\u00eancia. A ADA \u00e9 uma lei federal que concede prote\u00e7\u00e3o aos direitos civis de pessoas com defici\u00eancia, semelhante \u00e0quela concedida com base em ra\u00e7a, cor, sexo, nacionalidade, idade e religi\u00e3o. Ela garante igualdade de oportunidades para pessoas com defici\u00eancia em acomoda\u00e7\u00f5es p\u00fablicas, emprego, transporte, servi\u00e7os governamentais estaduais e locais, bem como telecomunica\u00e7\u00f5es.<\/p>\n<h3>\n\t\t\tPol\u00edtica da Cidade\t<\/h3>\n\t<p>A pol\u00edtica municipal de longa data \u00e9 oferecer servi\u00e7os e oportunidades iguais a todos os moradores, visitantes e funcion\u00e1rios, independentemente de ra\u00e7a, religi\u00e3o, nacionalidade, idade, sexo ou defici\u00eancia, em conformidade com as diretrizes federais, estaduais e municipais. A cidade de Miami Beach orgulha-se de ter aprovado a primeira lei de direitos humanos da Fl\u00f3rida, proibindo a discrimina\u00e7\u00e3o \u2013 incluindo a discrimina\u00e7\u00e3o com base na orienta\u00e7\u00e3o sexual \u2013 e prevendo penalidades em caso de condena\u00e7\u00e3o. <a href=\"http:\/\/www.miamibeachfl.gov\/wp-content\/uploads\/2018\/01\/ADA-NOTICE-2014.pdf\">Clique aqui para ler o Aviso da ADA.<\/a><\/p>\n<figure itemscope itemtype=\"https:\/\/schema.org\/ImageObject\">\n\t\t\t\t<img decoding=\"async\" src=\"https:\/\/www.miamibeachfl.gov\/wp-content\/uploads\/2022\/10\/MiamiBeach-ADA-visionimpairedman.jpg\" alt=\"Vision impaired man\" height=\"1075\" width=\"1613\" title=\"MiamiBeach-ADA-homem com defici\u00eancia visual\" onerror=\"this.style.display='none'\" loading=\"lazy\" \/>\n\t<\/figure>\n<h3>\n\t\t\tEntre em contato com o gerente da ADA:\t<\/h3>\n\tVal\u00e9ria Mejia<br \/>\nGerente ADA<br \/>\n<a href=\"tel:3056737080\">305.673.7080 (VOZ)<\/a><br \/>\n<a href=\"tel:711\">7-1-1 (Revezamento da Fl\u00f3rida)<\/a><br \/>\n<strong><a href=\"mailto:valeriamejia@miamibeachfl.gov\">valeriamejia@miamibeachfl.gov<\/a><\/strong>\n\t<iframe src=\"https:\/\/www.google.com\/maps\/embed\/v1\/place?q=Miami+Beach+City+Hall%0A1700+Convention+Center+Drive%2C%0APublic+Works%2C+Fourth+Floor%0AMiami+Beach%2C+FL+33139&#038;key=AIzaSyD09zQ9PNDNNy9TadMuzRV_UsPUoWKntt8\" aria-hidden=\"true\"><\/iframe>\n<h3>\n\t\t\tEscrit\u00f3rio da ADA:\t<\/h3>\n\t<strong>Prefeitura de Miami Beach<\/strong><br \/>\n1700 Convention Center Drive,<br \/>\nObras P\u00fablicas, Quarto Andar<br \/>\nMiami Beach, FL 33139","protected":false},"excerpt":{"rendered":"<p>Miami Beach ADA Services &#038; Information The ADA Office and the ADA Manager are responsible for coordinating the efforts of [&hellip;]<\/p>\n","protected":false},"author":222,"featured_media":0,"parent":0,"menu_order":62,"comment_status":"closed","ping_status":"closed","template":"","meta":{"_searchwp_excluded":"","site-sidebar-layout":"default","site-content-layout":"","ast-site-content-layout":"default","site-content-style":"default","site-sidebar-style":"default","ast-global-header-display":"","ast-banner-title-visibility":"","ast-main-header-display":"","ast-hfb-above-header-display":"","ast-hfb-below-header-display":"","ast-hfb-mobile-header-display":"","site-post-title":"","ast-breadcrumbs-content":"","ast-featured-img":"","footer-sml-layout":"","theme-transparent-header-meta":"","adv-header-id-meta":"","stick-header-meta":"","header-above-stick-meta":"","header-main-stick-meta":"","header-below-stick-meta":"","astra-migrate-meta-layouts":"default","ast-page-background-enabled":"default","ast-page-background-meta":{"desktop":{"background-color":"var(--ast-global-color-5)","background-image":"","background-repeat":"repeat","background-position":"center center","background-size":"auto","background-attachment":"scroll","background-type":"","background-media":"","overlay-type":"","overlay-color":"","overlay-opacity":"","overlay-gradient":""},"tablet":{"background-color":"","background-image":"","background-repeat":"repeat","background-position":"center center","background-size":"auto","background-attachment":"scroll","background-type":"","background-media":"","overlay-type":"","overlay-color":"","overlay-opacity":"","overlay-gradient":""},"mobile":{"background-color":"","background-image":"","background-repeat":"repeat","background-position":"center center","background-size":"auto","background-attachment":"scroll","background-type":"","background-media":"","overlay-type":"","overlay-color":"","overlay-opacity":"","overlay-gradient":""}},"ast-content-background-meta":{"desktop":{"background-color":"var(--ast-global-color-4)","background-image":"","background-repeat":"repeat","background-position":"center center","background-size":"auto","background-attachment":"scroll","background-type":"","background-media":"","overlay-type":"","overlay-color":"","overlay-opacity":"","overlay-gradient":""},"tablet":{"background-color":"var(--ast-global-color-4)","background-image":"","background-repeat":"repeat","background-position":"center center","background-size":"auto","background-attachment":"scroll","background-type":"","background-media":"","overlay-type":"","overlay-color":"","overlay-opacity":"","overlay-gradient":""},"mobile":{"background-color":"var(--ast-global-color-4)","background-image":"","background-repeat":"repeat","background-position":"center center","background-size":"auto","background-attachment":"scroll","background-type":"","background-media":"","overlay-type":"","overlay-color":"","overlay-opacity":"","overlay-gradient":""}},"footnotes":""},"categories":[],"tags":[],"class_list":["post-225181","page","type-page","status-publish","hentry"],"yoast_head":"<!-- This site is optimized with the Yoast SEO Premium plugin v27.4 (Yoast SEO v27.4) - https:\/\/yoast.com\/product\/yoast-seo-premium-wordpress\/ -->\n<title>ADA - City of Miami Beach<\/title>\n<meta name=\"description\" content=\"The City of Miami Beach ADA Office and the ADA Coordinator are responsible for coordinating the efforts of the City of Miami Beach to comply with Title II and investigating any complaints or grievances filed regarding any discriminatory practice by the City.\" \/>\n<meta name=\"robots\" content=\"index, follow, max-snippet:-1, max-image-preview:large, max-video-preview:-1\" \/>\n<link rel=\"canonical\" href=\"https:\/\/www.miamibeachfl.gov\/pt\/ada\/\" \/>\n<meta property=\"og:locale\" content=\"pt_BR\" \/>\n<meta property=\"og:type\" content=\"article\" \/>\n<meta property=\"og:title\" content=\"ADA\" \/>\n<meta property=\"og:description\" content=\"The City of Miami Beach ADA Office and the ADA Coordinator are responsible for coordinating the efforts of the City of Miami Beach to comply with Title II and investigating any complaints or grievances filed regarding any discriminatory practice by the City.\" \/>\n<meta property=\"og:url\" content=\"https:\/\/www.miamibeachfl.gov\/pt\/ada\/\" \/>\n<meta property=\"og:site_name\" content=\"City of Miami Beach\" \/>\n<meta property=\"article:publisher\" content=\"https:\/\/www.facebook.com\/cityofmiamibeach\" \/>\n<meta property=\"article:modified_time\" content=\"2026-04-22T19:11:36+00:00\" \/>\n<meta property=\"og:image\" content=\"https:\/\/www.miamibeachfl.gov\/wp-content\/uploads\/2022\/10\/icon-ada-cityservices.png\" \/>\n<meta name=\"twitter:card\" content=\"summary_large_image\" \/>\n<meta name=\"twitter:site\" content=\"@Miamibeachnews\" \/>\n<script type=\"application\/ld+json\" class=\"yoast-schema-graph\">{\"@context\":\"https:\\\/\\\/schema.org\",\"@graph\":[{\"@type\":\"WebPage\",\"@id\":\"https:\\\/\\\/www.miamibeachfl.gov\\\/ada\\\/\",\"url\":\"https:\\\/\\\/www.miamibeachfl.gov\\\/ada\\\/\",\"name\":\"ADA - City of Miami Beach\",\"isPartOf\":{\"@id\":\"https:\\\/\\\/www.miamibeachfl.gov\\\/#website\"},\"primaryImageOfPage\":{\"@id\":\"https:\\\/\\\/www.miamibeachfl.gov\\\/ada\\\/#primaryimage\"},\"image\":{\"@id\":\"https:\\\/\\\/www.miamibeachfl.gov\\\/ada\\\/#primaryimage\"},\"thumbnailUrl\":\"https:\\\/\\\/www.miamibeachfl.gov\\\/wp-content\\\/uploads\\\/2022\\\/10\\\/icon-ada-cityservices.png\",\"datePublished\":\"2022-10-05T18:07:35+00:00\",\"dateModified\":\"2026-04-22T19:11:36+00:00\",\"description\":\"The City of Miami Beach ADA Office and the ADA Coordinator are responsible for coordinating the efforts of the City of Miami Beach to comply with Title II and investigating any complaints or grievances filed regarding any discriminatory practice by the City.\",\"breadcrumb\":{\"@id\":\"https:\\\/\\\/www.miamibeachfl.gov\\\/ada\\\/#breadcrumb\"},\"inLanguage\":\"pt-BR\",\"potentialAction\":[{\"@type\":\"ReadAction\",\"target\":[\"https:\\\/\\\/www.miamibeachfl.gov\\\/ada\\\/\"]}]},{\"@type\":\"ImageObject\",\"inLanguage\":\"pt-BR\",\"@id\":\"https:\\\/\\\/www.miamibeachfl.gov\\\/ada\\\/#primaryimage\",\"url\":\"https:\\\/\\\/www.miamibeachfl.gov\\\/wp-content\\\/uploads\\\/2022\\\/10\\\/icon-ada-cityservices.png\",\"contentUrl\":\"https:\\\/\\\/www.miamibeachfl.gov\\\/wp-content\\\/uploads\\\/2022\\\/10\\\/icon-ada-cityservices.png\"},{\"@type\":\"BreadcrumbList\",\"@id\":\"https:\\\/\\\/www.miamibeachfl.gov\\\/ada\\\/#breadcrumb\",\"itemListElement\":[{\"@type\":\"ListItem\",\"position\":1,\"name\":\"Home\",\"item\":\"https:\\\/\\\/www.miamibeachfl.gov\\\/\"},{\"@type\":\"ListItem\",\"position\":2,\"name\":\"ADA\"}]},{\"@type\":\"WebSite\",\"@id\":\"https:\\\/\\\/www.miamibeachfl.gov\\\/#website\",\"url\":\"https:\\\/\\\/www.miamibeachfl.gov\\\/\",\"name\":\"City of Miami Beach\",\"description\":\"The official website of the City of Miami Beach. Stay informed, find important information on city services, news, alerts, events, trolley routes, government employment and more.\",\"publisher\":{\"@id\":\"https:\\\/\\\/www.miamibeachfl.gov\\\/#organization\"},\"potentialAction\":[{\"@type\":\"SearchAction\",\"target\":{\"@type\":\"EntryPoint\",\"urlTemplate\":\"https:\\\/\\\/www.miamibeachfl.gov\\\/?s={search_term_string}\"},\"query-input\":{\"@type\":\"PropertyValueSpecification\",\"valueRequired\":true,\"valueName\":\"search_term_string\"}}],\"inLanguage\":\"pt-BR\"},{\"@type\":\"Organization\",\"@id\":\"https:\\\/\\\/www.miamibeachfl.gov\\\/#organization\",\"name\":\"City of Miami Beach\",\"url\":\"https:\\\/\\\/www.miamibeachfl.gov\\\/\",\"logo\":{\"@type\":\"ImageObject\",\"inLanguage\":\"pt-BR\",\"@id\":\"https:\\\/\\\/www.miamibeachfl.gov\\\/#\\\/schema\\\/logo\\\/image\\\/\",\"url\":\"https:\\\/\\\/www.miamibeachfl.gov\\\/wp-content\\\/uploads\\\/2022\\\/06\\\/miamibeach-logoblue.png\",\"contentUrl\":\"https:\\\/\\\/www.miamibeachfl.gov\\\/wp-content\\\/uploads\\\/2022\\\/06\\\/miamibeach-logoblue.png\",\"width\":1962,\"height\":381,\"caption\":\"City of Miami Beach\"},\"image\":{\"@id\":\"https:\\\/\\\/www.miamibeachfl.gov\\\/#\\\/schema\\\/logo\\\/image\\\/\"},\"sameAs\":[\"https:\\\/\\\/www.facebook.com\\\/cityofmiamibeach\",\"https:\\\/\\\/x.com\\\/Miamibeachnews\",\"https:\\\/\\\/www.instagram.com\\\/miamibeachnews\\\/\"],\"description\":\"The official website of the City of Miami Beach. Stay informed, find important information on city services, news, alerts, events, trolley routes, government employment and more.\",\"telephone\":\"305.604.CITY(2489)\",\"legalName\":\"City of Miami Beach\"}]}<\/script>\n<!-- \/ Yoast SEO Premium plugin. -->","yoast_head_json":{"title":"ADA - Cidade de Miami Beach","description":"O Escrit\u00f3rio ADA da Cidade de Miami Beach e o Coordenador ADA s\u00e3o respons\u00e1veis por coordenar os esfor\u00e7os da Cidade de Miami Beach para cumprir o T\u00edtulo II e investigar quaisquer reclama\u00e7\u00f5es ou queixas registradas sobre qualquer pr\u00e1tica discriminat\u00f3ria da Cidade.","robots":{"index":"index","follow":"follow","max-snippet":"max-snippet:-1","max-image-preview":"max-image-preview:large","max-video-preview":"max-video-preview:-1"},"canonical":"https:\/\/www.miamibeachfl.gov\/pt\/ada\/","og_locale":"pt_BR","og_type":"article","og_title":"ADA","og_description":"The City of Miami Beach ADA Office and the ADA Coordinator are responsible for coordinating the efforts of the City of Miami Beach to comply with Title II and investigating any complaints or grievances filed regarding any discriminatory practice by the City.","og_url":"https:\/\/www.miamibeachfl.gov\/pt\/ada\/","og_site_name":"City of Miami Beach","article_publisher":"https:\/\/www.facebook.com\/cityofmiamibeach","article_modified_time":"2026-04-22T19:11:36+00:00","og_image":[{"url":"https:\/\/www.miamibeachfl.gov\/wp-content\/uploads\/2022\/10\/icon-ada-cityservices.png","type":"","width":"","height":""}],"twitter_card":"summary_large_image","twitter_site":"@Miamibeachnews","schema":{"@context":"https:\/\/schema.org","@graph":[{"@type":"WebPage","@id":"https:\/\/www.miamibeachfl.gov\/ada\/","url":"https:\/\/www.miamibeachfl.gov\/ada\/","name":"ADA - Cidade de Miami Beach","isPartOf":{"@id":"https:\/\/www.miamibeachfl.gov\/#website"},"primaryImageOfPage":{"@id":"https:\/\/www.miamibeachfl.gov\/ada\/#primaryimage"},"image":{"@id":"https:\/\/www.miamibeachfl.gov\/ada\/#primaryimage"},"thumbnailUrl":"https:\/\/www.miamibeachfl.gov\/wp-content\/uploads\/2022\/10\/icon-ada-cityservices.png","datePublished":"2022-10-05T18:07:35+00:00","dateModified":"2026-04-22T19:11:36+00:00","description":"O Escrit\u00f3rio ADA da Cidade de Miami Beach e o Coordenador ADA s\u00e3o respons\u00e1veis por coordenar os esfor\u00e7os da Cidade de Miami Beach para cumprir o T\u00edtulo II e investigar quaisquer reclama\u00e7\u00f5es ou queixas registradas sobre qualquer pr\u00e1tica discriminat\u00f3ria da Cidade.","breadcrumb":{"@id":"https:\/\/www.miamibeachfl.gov\/ada\/#breadcrumb"},"inLanguage":"pt-BR","potentialAction":[{"@type":"ReadAction","target":["https:\/\/www.miamibeachfl.gov\/ada\/"]}]},{"@type":"ImageObject","inLanguage":"pt-BR","@id":"https:\/\/www.miamibeachfl.gov\/ada\/#primaryimage","url":"https:\/\/www.miamibeachfl.gov\/wp-content\/uploads\/2022\/10\/icon-ada-cityservices.png","contentUrl":"https:\/\/www.miamibeachfl.gov\/wp-content\/uploads\/2022\/10\/icon-ada-cityservices.png"},{"@type":"BreadcrumbList","@id":"https:\/\/www.miamibeachfl.gov\/ada\/#breadcrumb","itemListElement":[{"@type":"ListItem","position":1,"name":"Home","item":"https:\/\/www.miamibeachfl.gov\/"},{"@type":"ListItem","position":2,"name":"ADA"}]},{"@type":"WebSite","@id":"https:\/\/www.miamibeachfl.gov\/#website","url":"https:\/\/www.miamibeachfl.gov\/","name":"Cidade de Miami Beach","description":"Site oficial da cidade de Miami Beach. Mantenha-se informado e encontre informa\u00e7\u00f5es importantes sobre servi\u00e7os municipais, not\u00edcias, alertas, eventos, rotas de bonde, empregos p\u00fablicos e muito mais.","publisher":{"@id":"https:\/\/www.miamibeachfl.gov\/#organization"},"potentialAction":[{"@type":"SearchAction","target":{"@type":"EntryPoint","urlTemplate":"https:\/\/www.miamibeachfl.gov\/?s={search_term_string}"},"query-input":{"@type":"PropertyValueSpecification","valueRequired":true,"valueName":"search_term_string"}}],"inLanguage":"pt-BR"},{"@type":"Organization","@id":"https:\/\/www.miamibeachfl.gov\/#organization","name":"Cidade de Miami Beach","url":"https:\/\/www.miamibeachfl.gov\/","logo":{"@type":"ImageObject","inLanguage":"pt-BR","@id":"https:\/\/www.miamibeachfl.gov\/#\/schema\/logo\/image\/","url":"https:\/\/www.miamibeachfl.gov\/wp-content\/uploads\/2022\/06\/miamibeach-logoblue.png","contentUrl":"https:\/\/www.miamibeachfl.gov\/wp-content\/uploads\/2022\/06\/miamibeach-logoblue.png","width":1962,"height":381,"caption":"City of Miami Beach"},"image":{"@id":"https:\/\/www.miamibeachfl.gov\/#\/schema\/logo\/image\/"},"sameAs":["https:\/\/www.facebook.com\/cityofmiamibeach","https:\/\/x.com\/Miamibeachnews","https:\/\/www.instagram.com\/miamibeachnews\/"],"description":"Site oficial da cidade de Miami Beach. Mantenha-se informado e encontre informa\u00e7\u00f5es importantes sobre servi\u00e7os municipais, not\u00edcias, alertas, eventos, rotas de bonde, empregos p\u00fablicos e muito mais.","telephone":"305.604.CITY(2489)","legalName":"City of Miami Beach"}]}},"_links":{"self":[{"href":"https:\/\/www.miamibeachfl.gov\/pt\/wp-json\/wp\/v2\/pages\/225181","targetHints":{"allow":["GET"]}}],"collection":[{"href":"https:\/\/www.miamibeachfl.gov\/pt\/wp-json\/wp\/v2\/pages"}],"about":[{"href":"https:\/\/www.miamibeachfl.gov\/pt\/wp-json\/wp\/v2\/types\/page"}],"author":[{"embeddable":true,"href":"https:\/\/www.miamibeachfl.gov\/pt\/wp-json\/wp\/v2\/users\/222"}],"replies":[{"embeddable":true,"href":"https:\/\/www.miamibeachfl.gov\/pt\/wp-json\/wp\/v2\/comments?post=225181"}],"version-history":[{"count":8,"href":"https:\/\/www.miamibeachfl.gov\/pt\/wp-json\/wp\/v2\/pages\/225181\/revisions"}],"predecessor-version":[{"id":399349,"href":"https:\/\/www.miamibeachfl.gov\/pt\/wp-json\/wp\/v2\/pages\/225181\/revisions\/399349"}],"wp:attachment":[{"href":"https:\/\/www.miamibeachfl.gov\/pt\/wp-json\/wp\/v2\/media?parent=225181"}],"wp:term":[{"taxonomy":"category","embeddable":true,"href":"https:\/\/www.miamibeachfl.gov\/pt\/wp-json\/wp\/v2\/categories?post=225181"},{"taxonomy":"post_tag","embeddable":true,"href":"https:\/\/www.miamibeachfl.gov\/pt\/wp-json\/wp\/v2\/tags?post=225181"}],"curies":[{"name":"wp","href":"https:\/\/api.w.org\/{rel}","templated":true}]}}