{"id":225532,"date":"2022-10-07T14:34:35","date_gmt":"2022-10-07T18:34:35","guid":{"rendered":"https:\/\/www.miamibeachfl.gov\/?page_id=225532"},"modified":"2026-04-22T15:03:18","modified_gmt":"2026-04-22T19:03:18","slug":"americans-with-disability-act","status":"publish","type":"page","link":"https:\/\/www.miamibeachfl.gov\/pt\/ada\/americans-with-disability-act\/","title":{"rendered":"Lei dos Americanos com Defici\u00eancias"},"content":{"rendered":"<h1>\n\t\t\tLei dos Americanos com Defici\u00eancia\t<\/h1>\nCard\u00e1pio ADA\t\t\t\n\t\t\t\t\t<ul id=\"menu-ada\"><li id=\"menu-item-225437\"><a href=\"https:\/\/www.miamibeachfl.gov\/pt\/ada\/\">ADA<\/a><\/li>\n<li id=\"menu-item-225550\"><a href=\"https:\/\/www.miamibeachfl.gov\/pt\/ada\/ada-handbook-title-ii\/\">Manual ADA \u2013 T\u00edtulo II<\/a><\/li>\n<li id=\"menu-item-225549\"><a href=\"https:\/\/www.miamibeachfl.gov\/pt\/ada\/ada-request\/\">Solicita\u00e7\u00e3o ADA<\/a><\/li>\n<li id=\"menu-item-225548\"><a href=\"https:\/\/www.miamibeachfl.gov\/pt\/ada\/americans-with-disability-act\/\">Lei dos Americanos com Defici\u00eancias<\/a><\/li>\n<li id=\"menu-item-225438\"><a href=\"https:\/\/www.miamibeachfl.gov\/pt\/ada\/beach-wheelchair-access\/\">Acesso \u00e0 praia<\/a><\/li>\n<li id=\"menu-item-225547\"><a href=\"https:\/\/www.miamibeachfl.gov\/pt\/ada\/complaints-for-discrimination\/\">Den\u00fancias de discrimina\u00e7\u00e3o<\/a><\/li>\n<li id=\"menu-item-225546\"><a href=\"https:\/\/www.miamibeachfl.gov\/pt\/ada\/difficulty-of-hearing\/\">Dificuldade de audi\u00e7\u00e3o<\/a><\/li>\n<li id=\"menu-item-225545\"><a href=\"https:\/\/www.miamibeachfl.gov\/pt\/ada\/disability-etiquette\/\">Etiqueta para deficientes<\/a><\/li>\n<li id=\"menu-item-225554\"><a href=\"https:\/\/www.miamibeachfl.gov\/pt\/ada\/disability-hiring-policy\/\">Pol\u00edtica de Contrata\u00e7\u00e3o<\/a><\/li>\n<li id=\"menu-item-225544\"><a href=\"https:\/\/www.miamibeachfl.gov\/pt\/ada\/white-cane-law\/\">Lei da Bengala Branca<\/a><\/li>\n<\/ul>\t\nCard\u00e1pio ADA \u00d7\t\t\t\t\t\t<ul id=\"menu-ada-1\"><li id=\"menu-item-225437\"><a href=\"https:\/\/www.miamibeachfl.gov\/pt\/ada\/\">ADA<\/a><\/li>\n<li id=\"menu-item-225550\"><a href=\"https:\/\/www.miamibeachfl.gov\/pt\/ada\/ada-handbook-title-ii\/\">Manual ADA \u2013 T\u00edtulo II<\/a><\/li>\n<li id=\"menu-item-225549\"><a href=\"https:\/\/www.miamibeachfl.gov\/pt\/ada\/ada-request\/\">Solicita\u00e7\u00e3o ADA<\/a><\/li>\n<li id=\"menu-item-225548\"><a href=\"https:\/\/www.miamibeachfl.gov\/pt\/ada\/americans-with-disability-act\/\">Lei dos Americanos com Defici\u00eancias<\/a><\/li>\n<li id=\"menu-item-225438\"><a href=\"https:\/\/www.miamibeachfl.gov\/pt\/ada\/beach-wheelchair-access\/\">Acesso \u00e0 praia<\/a><\/li>\n<li id=\"menu-item-225547\"><a href=\"https:\/\/www.miamibeachfl.gov\/pt\/ada\/complaints-for-discrimination\/\">Den\u00fancias de discrimina\u00e7\u00e3o<\/a><\/li>\n<li id=\"menu-item-225546\"><a href=\"https:\/\/www.miamibeachfl.gov\/pt\/ada\/difficulty-of-hearing\/\">Dificuldade de audi\u00e7\u00e3o<\/a><\/li>\n<li id=\"menu-item-225545\"><a href=\"https:\/\/www.miamibeachfl.gov\/pt\/ada\/disability-etiquette\/\">Etiqueta para deficientes<\/a><\/li>\n<li id=\"menu-item-225554\"><a href=\"https:\/\/www.miamibeachfl.gov\/pt\/ada\/disability-hiring-policy\/\">Pol\u00edtica de Contrata\u00e7\u00e3o<\/a><\/li>\n<li id=\"menu-item-225544\"><a href=\"https:\/\/www.miamibeachfl.gov\/pt\/ada\/white-cane-law\/\">Lei da Bengala Branca<\/a><\/li>\n<\/ul>\t\t\t\t\n\t\t\t<h2>\n\t\t\tConformidade com a ADA\t<\/h2>\n\t<p>A pol\u00edtica municipal de longa data \u00e9 oferecer servi\u00e7os e oportunidades iguais a todos os seus cidad\u00e3os e funcion\u00e1rios, em conformidade com as diretrizes federais, estaduais e municipais em rela\u00e7\u00e3o a ra\u00e7a, religi\u00e3o, nacionalidade, idade, sexo ou defici\u00eancia. A cidade de Miami Beach orgulha-se de ter aprovado a primeira lei de direitos humanos do estado da Fl\u00f3rida, proibindo a discrimina\u00e7\u00e3o \u2014 incluindo a discrimina\u00e7\u00e3o com base na orienta\u00e7\u00e3o sexual \u2014 e prevendo penalidades em caso de condena\u00e7\u00e3o por essa lei.<\/p>\n\t<ul>\n\t\t\t<li>\n\t\t\t<h3>\n\t\t\t<a href=\"#_a\" target=\"_self\"  data-hover=\"What is the ADA?\" aria-label=\"O que \u00e9 a ADA?\">O que \u00e9 a ADA?<\/a>\n\t\t\t<\/h3>\n\t\t<\/li>\n\t\t\t\t\t<li>\n\t\t\t<h3>\n\t\t\t<a href=\"#_b\" target=\"_self\"  data-hover=\"City Policy\" aria-label=\"Pol\u00edtica da Cidade\">Pol\u00edtica da Cidade<\/a>\n\t\t\t<\/h3>\n\t\t<\/li>\n\t\t\t\t\t<li>\n\t\t\t<h3>\n\t\t\t<a href=\"#_c\" target=\"_self\"  data-hover=\"ADA Transition Plan\" aria-label=\"Plano de Transi\u00e7\u00e3o ADA\">Plano de Transi\u00e7\u00e3o ADA<\/a>\n\t\t\t<\/h3>\n\t\t<\/li>\n\t\t\t\t\t<li>\n\t\t\t<h3>\n\t\t\t<a href=\"#_d\" target=\"_self\"  data-hover=\"Disability Access Committee\" aria-label=\"Comit\u00ea de Acessibilidade para Deficientes\">Comit\u00ea de Acessibilidade para Deficientes<\/a>\n\t\t\t<\/h3>\n\t\t<\/li>\n\t\t\t\t\t<li>\n\t\t\t<h3>\n\t\t\t<a href=\"#_e\" target=\"_self\"  data-hover=\"City Wide Curb Ramp Improvement Plan\" aria-label=\"Plano de Melhoria da Rampa de Meio-fio em Toda a Cidade\">Plano de Melhoria da Rampa de Meio-fio em Toda a Cidade<\/a>\n\t\t\t<\/h3>\n\t\t<\/li>\n\t\t\t\t\t<li>\n\t\t\t<h3>\n\t\t\t<a href=\"#_f\" target=\"_self\"  data-hover=\"What is the Emergency Evacuation Assistance?\" aria-label=\"O que \u00e9 a Assist\u00eancia de Evacua\u00e7\u00e3o de Emerg\u00eancia?\">O que \u00e9 a Assist\u00eancia de Evacua\u00e7\u00e3o de Emerg\u00eancia?<\/a>\n\t\t\t<\/h3>\n\t\t<\/li>\n\t\t\t\t\t<li>\n\t\t\t<h3>\n\t\t\t<a href=\"#_g\" target=\"_self\"  data-hover=\"Miami-Dade County Emergency Evacuation Program for Persons with Special Needs\" aria-label=\"Programa de Evacua\u00e7\u00e3o de Emerg\u00eancia do Condado de Miami-Dade para Pessoas com Necessidades Especiais\">Programa de Evacua\u00e7\u00e3o de Emerg\u00eancia do Condado de Miami-Dade para Pessoas com Necessidades Especiais<\/a>\n\t\t\t<\/h3>\n\t\t<\/li>\n\t\t\t\t\t<li>\n\t\t\t<h3>\n\t\t\t<a href=\"#_g\" target=\"_self\"  data-hover=\"How can I learn more about ADA?\" aria-label=\"Como posso aprender mais sobre a ADA?\">Como posso aprender mais sobre a ADA?<\/a>\n\t\t\t<\/h3>\n\t\t<\/li>\n\t\t\t\t\t<li>\n\t\t\t<h3>\n\t\t\t<a href=\"#_I\" target=\"_self\"  data-hover=\"Tax Incentives Packet on the Americans with Disabilities Act\" aria-label=\"Pacote de Incentivos Fiscais sobre a Lei dos Americanos com Defici\u00eancias\">Pacote de Incentivos Fiscais sobre a Lei dos Americanos com Defici\u00eancias<\/a>\n\t\t\t<\/h3>\n\t\t<\/li>\n\t\t\t\t<\/ul>\n\t<h3>O que \u00e9 a ADA?<\/h3>\nA Lei dos Americanos com Defici\u00eancias de 1990 \u2013 ou ADA \u2013 n\u00e3o \u00e9 uma pessoa, uma organiza\u00e7\u00e3o ou uma ag\u00eancia. A ADA \u00e9 uma lei federal que concede prote\u00e7\u00e3o de direitos civis a indiv\u00edduos com defici\u00eancia semelhante \u00e0 concedida a indiv\u00edduos com base em ra\u00e7a, cor, sexo, nacionalidade, idade e religi\u00e3o. Ela garante igualdade de oportunidades para indiv\u00edduos com defici\u00eancia em acomoda\u00e7\u00f5es p\u00fablicas, emprego, transporte e governo estadual e local.<br \/>\nservi\u00e7os e telecomunica\u00e7\u00f5es.\n\t<h3>Pol\u00edtica da Cidade<\/h3>\n<p>A pol\u00edtica municipal de longa data \u00e9 oferecer servi\u00e7os e oportunidades iguais a todos os seus cidad\u00e3os e funcion\u00e1rios, em conformidade com as diretrizes federais, estaduais e municipais em rela\u00e7\u00e3o a ra\u00e7a, religi\u00e3o, nacionalidade, idade, sexo ou defici\u00eancia. A cidade de Miami Beach orgulha-se de ter aprovado a primeira lei de direitos humanos do estado da Fl\u00f3rida, proibindo a discrimina\u00e7\u00e3o \u2014 incluindo a discrimina\u00e7\u00e3o com base na orienta\u00e7\u00e3o sexual \u2014 e prevendo penalidades em caso de condena\u00e7\u00e3o por essa lei.<\/p>\n\t<h3>Plano de Transi\u00e7\u00e3o ADA<\/h3>\n<p><strong><a href=\"https:\/\/www.miamibeachfl.gov\/wp-content\/uploads\/2023\/06\/ADA_Transition_Plan_2023.pdf\">Click here for a copy of the City&#8217;s ADA Transition Plan can be found here<\/a><\/strong>, you may also contact Valeria Mejia, the City&#8217;s ADA Manager at 305.673.7000 x2988 or by email at:<strong> <a title=\"mailto:valeriamejia@miamibeachfl.gov\" href=\"mailto:valeriamejia@miamibeachfl.gov\">valeriamejia@miamibeachfl.gov<\/a><\/strong><\/p>\n\t<h3>Comit\u00ea de Acessibilidade para Deficientes<\/h3>\n<p>O objetivo do Comit\u00ea de Acessibilidade para Pessoas com Defici\u00eancia (DAC) da Cidade \u00e9 revisar, formular e coordenar informa\u00e7\u00f5es, sugest\u00f5es, propostas e planos, e atender \u00e0s reclama\u00e7\u00f5es do p\u00fablico em geral para fornecer instala\u00e7\u00f5es, pr\u00e9dios p\u00fablicos, ruas, cal\u00e7adas e programas mais acess\u00edveis para pessoas com defici\u00eancia na Cidade. O Comit\u00ea \u00e9 consultado em termos de prioriza\u00e7\u00e3o de melhorias relacionadas \u00e0 acessibilidade nas instala\u00e7\u00f5es ou programas e servi\u00e7os da Cidade. As prioridades s\u00e3o em termos da ordem em que as instala\u00e7\u00f5es devem ser modificadas e tamb\u00e9m das melhorias espec\u00edficas para cada instala\u00e7\u00e3o respectiva. O Comit\u00ea pode fornecer informa\u00e7\u00f5es relacionadas \u00e0 acessibilidade aos seguintes departamentos da Cidade: servi\u00e7os de constru\u00e7\u00e3o, parques e recrea\u00e7\u00e3o, cultura, pol\u00edcia e conformidade com o c\u00f3digo em nome de pessoas com defici\u00eancia que residem ou visitam a Cidade de Miami Beach.<\/p>\n<p>O DAC \u00e9 composto por quatorze (14) membros votantes, nomeados diretamente pelo Prefeito e pelos Comiss\u00e1rios da Cidade. Ser\u00e3o consideradas, entre outras, as seguintes categorias: pessoas com defici\u00eancia motora; pessoas surdas e\/ou com defici\u00eancia auditiva na comunidade; pessoas cegas e\/ou com defici\u00eancia visual na comunidade; defici\u00eancias mentais, cognitivas ou de desenvolvimento; e os setores de turismo e conven\u00e7\u00f5es, varejo, hospitalidade (restaurante ou hotel) e sa\u00fade (ou reabilita\u00e7\u00e3o).<\/p>\n<p>O DAC se re\u00fane uma vez por m\u00eas (com exce\u00e7\u00f5es estipuladas pelos membros), na terceira ter\u00e7a-feira. As reuni\u00f5es s\u00e3o realizadas \u00e0s 15h na Grande Sala de Confer\u00eancias do Administrador Municipal, no quarto andar da Prefeitura, localizada na 1700 Convention Center Drive, em Miami Beach, e s\u00e3o abertas ao p\u00fablico. Datas e hor\u00e1rios sujeitos a altera\u00e7\u00f5es.<\/p>\n\t<h3>Plano de Melhoria da Rampa de Meio-fio em Toda a Cidade<\/h3>\n<p>O Plano de Melhoria de Rampas de Meio-fio em Toda a Cidade \u00e9 um plano sistem\u00e1tico para instalar rampas de meio-fio para cadeiras de rodas em conformidade com a ADA nos cruzamentos de ruas controladas pela cidade em toda a cidade de Miami Beach, na medida do poss\u00edvel. O objetivo da cidade \u00e9 proporcionar acesso aos programas e servi\u00e7os municipais para todos, independentemente da defici\u00eancia.<\/p>\n<p>Para relatar uma rampa de meio-fio faltante, danificada ou n\u00e3o conforme em uma rua da cidade, ligue para o Departamento de Obras P\u00fablicas no n\u00famero <strong><a href=\"tel:3056737080\">305.673.7080.<\/a><\/strong><\/p>\n\t<h3>O que \u00e9 a Assist\u00eancia de Evacua\u00e7\u00e3o de Emerg\u00eancia?<\/h3>\n<p>Em caso de desastres, as pessoas precisam evacuar suas casas rapidamente para se protegerem. Devido a problemas de sa\u00fade ou outros, alguns moradores do Condado de Miami-Dade precisar\u00e3o de assist\u00eancia para isso. O Departamento de Gest\u00e3o de Emerg\u00eancias (DEM) supervisiona todos os procedimentos de Prepara\u00e7\u00e3o para Emerg\u00eancias. <strong><a href=\"https:\/\/www.miamibeachfl.gov\/pt\/city-hall\/fire\/emergency-management\/plan-and-prepare-emergency-preparation\/\">Clique aqui<\/a><\/strong><\/p>\n\t<h3>Programa de Evacua\u00e7\u00e3o de Emerg\u00eancia do Condado de Miami-Dade para Pessoas com Necessidades Especiais<\/h3>\n<p>Se voc\u00ea ou algu\u00e9m que voc\u00ea conhece necessita de cuidados de enfermagem especializados, tem equipamento m\u00e9dico que depende de eletricidade, precisa de assist\u00eancia com a vida di\u00e1ria ou pode precisar de assist\u00eancia para evacuar de QUALQUER desastre, \u00e9 recomend\u00e1vel que voc\u00ea os registre no\u00a0<strong><a href=\"https:\/\/www.miamidade.gov\/global\/service.page?Mduid_service=ser1470238193996672\">Programa de Assist\u00eancia de Evacua\u00e7\u00e3o de Emerg\u00eancia do Condado de Miami-Dade<\/a>.<\/strong><\/p>\n\t<h3>Como posso saber mais sobre a ADA?<\/h3>\n<p>O Departamento de Justi\u00e7a dos EUA tem uma p\u00e1gina inicial da ADA com links para diversas publica\u00e7\u00f5es \u00fateis. Clique no link abaixo para visitar o site: <strong><a href=\"http:\/\/www.ada.gov\">www.ada.gov<\/a><\/strong><\/p>\n\t<strong>Pacote de Incentivos Fiscais sobre a Lei dos Americanos com Defici\u00eancias<\/strong><br \/>\nO Departamento de Justi\u00e7a dos EUA, em seu site, apresenta um pacote de informa\u00e7\u00f5es para ajudar as empresas a entender e aproveitar o cr\u00e9dito tribut\u00e1rio e a dedu\u00e7\u00e3o dispon\u00edveis para cumprir a ADA. Para acessar essas informa\u00e7\u00f5es, clique no seguinte link:\u00a0<strong><a href=\"https:\/\/www.ada.gov\/taxcred.htm\">www.ada.gov\/taxcred.htm<\/a><\/strong>\n<h3>\n\t\t\tEntre em contato com o gerente da ADA:\t<\/h3>\n\tVal\u00e9ria Mejia<br \/>\nGerente ADA<br \/>\n<a href=\"tel:3056737080\">305.673.7080 (VOZ)<\/a><br \/>\n<a href=\"tel:711\">7-1-1 (Revezamento da Fl\u00f3rida)<\/a><br \/>\n<strong><a href=\"mailto:valeriamejia@miamibeachfl.gov\">valeriamejia@miamibeachfl.gov<\/a><\/strong>\n\t<iframe src=\"https:\/\/www.google.com\/maps\/embed\/v1\/place?q=Miami+Beach+City+Hall%0A1700+Convention+Center+Drive%2C%0APublic+Works%2C+Fourth+Floor%0AMiami+Beach%2C+FL+33139&#038;key=AIzaSyD09zQ9PNDNNy9TadMuzRV_UsPUoWKntt8\" aria-hidden=\"true\"><\/iframe>\n<h3>\n\t\t\tEscrit\u00f3rio da ADA:\t<\/h3>\n\t<strong>Prefeitura de Miami Beach<\/strong><br \/>\n1700 Convention Center Drive,<br \/>\nObras P\u00fablicas, Quarto Andar<br \/>\nMiami Beach, FL 33139","protected":false},"excerpt":{"rendered":"<p>Americans With Disability Act ADA Menu ADA ADA Handbook &#8211; Title II ADA Request Americans With Disabilities Act Beach Access [&hellip;]<\/p>\n","protected":false},"author":222,"featured_media":0,"parent":225181,"menu_order":37,"comment_status":"closed","ping_status":"closed","template":"","meta":{"_searchwp_excluded":"","site-sidebar-layout":"default","site-content-layout":"","ast-site-content-layout":"default","site-content-style":"default","site-sidebar-style":"default","ast-global-header-display":"","ast-banner-title-visibility":"","ast-main-header-display":"","ast-hfb-above-header-display":"","ast-hfb-below-header-display":"","ast-hfb-mobile-header-display":"","site-post-title":"","ast-breadcrumbs-content":"","ast-featured-img":"","footer-sml-layout":"","theme-transparent-header-meta":"","adv-header-id-meta":"","stick-header-meta":"","header-above-stick-meta":"","header-main-stick-meta":"","header-below-stick-meta":"","astra-migrate-meta-layouts":"default","ast-page-background-enabled":"default","ast-page-background-meta":{"desktop":{"background-color":"var(--ast-global-color-5)","background-image":"","background-repeat":"repeat","background-position":"center center","background-size":"auto","background-attachment":"scroll","background-type":"","background-media":"","overlay-type":"","overlay-color":"","overlay-opacity":"","overlay-gradient":""},"tablet":{"background-color":"","background-image":"","background-repeat":"repeat","background-position":"center center","background-size":"auto","background-attachment":"scroll","background-type":"","background-media":"","overlay-type":"","overlay-color":"","overlay-opacity":"","overlay-gradient":""},"mobile":{"background-color":"","background-image":"","background-repeat":"repeat","background-position":"center center","background-size":"auto","background-attachment":"scroll","background-type":"","background-media":"","overlay-type":"","overlay-color":"","overlay-opacity":"","overlay-gradient":""}},"ast-content-background-meta":{"desktop":{"background-color":"var(--ast-global-color-4)","background-image":"","background-repeat":"repeat","background-position":"center center","background-size":"auto","background-attachment":"scroll","background-type":"","background-media":"","overlay-type":"","overlay-color":"","overlay-opacity":"","overlay-gradient":""},"tablet":{"background-color":"var(--ast-global-color-4)","background-image":"","background-repeat":"repeat","background-position":"center center","background-size":"auto","background-attachment":"scroll","background-type":"","background-media":"","overlay-type":"","overlay-color":"","overlay-opacity":"","overlay-gradient":""},"mobile":{"background-color":"var(--ast-global-color-4)","background-image":"","background-repeat":"repeat","background-position":"center center","background-size":"auto","background-attachment":"scroll","background-type":"","background-media":"","overlay-type":"","overlay-color":"","overlay-opacity":"","overlay-gradient":""}},"footnotes":""},"categories":[],"tags":[],"class_list":["post-225532","page","type-page","status-publish","hentry"],"yoast_head":"<!-- This site is optimized with the Yoast SEO Premium plugin v27.4 (Yoast SEO v27.4) - https:\/\/yoast.com\/product\/yoast-seo-premium-wordpress\/ -->\n<title>Americans With Disabilities Act - City of Miami Beach<\/title>\n<meta name=\"description\" content=\"%\" \/>\n<meta name=\"robots\" content=\"index, follow, max-snippet:-1, max-image-preview:large, max-video-preview:-1\" \/>\n<link rel=\"canonical\" href=\"https:\/\/www.miamibeachfl.gov\/pt\/ada\/americans-with-disability-act\/\" \/>\n<meta property=\"og:locale\" content=\"pt_BR\" \/>\n<meta property=\"og:type\" content=\"article\" \/>\n<meta property=\"og:title\" content=\"Americans With Disabilities Act\" \/>\n<meta property=\"og:description\" content=\"%\" \/>\n<meta property=\"og:url\" content=\"https:\/\/www.miamibeachfl.gov\/pt\/ada\/americans-with-disability-act\/\" \/>\n<meta property=\"og:site_name\" content=\"City of Miami Beach\" \/>\n<meta property=\"article:publisher\" content=\"https:\/\/www.facebook.com\/cityofmiamibeach\" \/>\n<meta property=\"article:modified_time\" content=\"2026-04-22T19:03:18+00:00\" \/>\n<meta property=\"og:image\" content=\"https:\/\/www.miamibeachfl.gov\/wp-content\/uploads\/2024\/01\/1000pxSquare-miamibeach-aerial-southpointview.jpeg\" \/>\n\t<meta property=\"og:image:width\" content=\"1000\" \/>\n\t<meta property=\"og:image:height\" content=\"1000\" \/>\n\t<meta property=\"og:image:type\" content=\"image\/jpeg\" \/>\n<meta name=\"twitter:card\" content=\"summary_large_image\" \/>\n<meta name=\"twitter:site\" content=\"@Miamibeachnews\" \/>\n<script type=\"application\/ld+json\" class=\"yoast-schema-graph\">{\"@context\":\"https:\\\/\\\/schema.org\",\"@graph\":[{\"@type\":\"WebPage\",\"@id\":\"https:\\\/\\\/www.miamibeachfl.gov\\\/ada\\\/americans-with-disability-act\\\/\",\"url\":\"https:\\\/\\\/www.miamibeachfl.gov\\\/ada\\\/americans-with-disability-act\\\/\",\"name\":\"Americans With Disabilities Act - City of Miami Beach\",\"isPartOf\":{\"@id\":\"https:\\\/\\\/www.miamibeachfl.gov\\\/#website\"},\"datePublished\":\"2022-10-07T18:34:35+00:00\",\"dateModified\":\"2026-04-22T19:03:18+00:00\",\"description\":\"%\",\"breadcrumb\":{\"@id\":\"https:\\\/\\\/www.miamibeachfl.gov\\\/ada\\\/americans-with-disability-act\\\/#breadcrumb\"},\"inLanguage\":\"pt-BR\",\"potentialAction\":[{\"@type\":\"ReadAction\",\"target\":[\"https:\\\/\\\/www.miamibeachfl.gov\\\/ada\\\/americans-with-disability-act\\\/\"]}]},{\"@type\":\"BreadcrumbList\",\"@id\":\"https:\\\/\\\/www.miamibeachfl.gov\\\/ada\\\/americans-with-disability-act\\\/#breadcrumb\",\"itemListElement\":[{\"@type\":\"ListItem\",\"position\":1,\"name\":\"Home\",\"item\":\"https:\\\/\\\/www.miamibeachfl.gov\\\/\"},{\"@type\":\"ListItem\",\"position\":2,\"name\":\"ADA\",\"item\":\"https:\\\/\\\/www.miamibeachfl.gov\\\/ada\\\/\"},{\"@type\":\"ListItem\",\"position\":3,\"name\":\"Americans With Disabilities Act\"}]},{\"@type\":\"WebSite\",\"@id\":\"https:\\\/\\\/www.miamibeachfl.gov\\\/#website\",\"url\":\"https:\\\/\\\/www.miamibeachfl.gov\\\/\",\"name\":\"City of Miami Beach\",\"description\":\"The official website of the City of Miami Beach. Stay informed, find important information on city services, news, alerts, events, trolley routes, government employment and more.\",\"publisher\":{\"@id\":\"https:\\\/\\\/www.miamibeachfl.gov\\\/#organization\"},\"potentialAction\":[{\"@type\":\"SearchAction\",\"target\":{\"@type\":\"EntryPoint\",\"urlTemplate\":\"https:\\\/\\\/www.miamibeachfl.gov\\\/?s={search_term_string}\"},\"query-input\":{\"@type\":\"PropertyValueSpecification\",\"valueRequired\":true,\"valueName\":\"search_term_string\"}}],\"inLanguage\":\"pt-BR\"},{\"@type\":\"Organization\",\"@id\":\"https:\\\/\\\/www.miamibeachfl.gov\\\/#organization\",\"name\":\"City of Miami Beach\",\"url\":\"https:\\\/\\\/www.miamibeachfl.gov\\\/\",\"logo\":{\"@type\":\"ImageObject\",\"inLanguage\":\"pt-BR\",\"@id\":\"https:\\\/\\\/www.miamibeachfl.gov\\\/#\\\/schema\\\/logo\\\/image\\\/\",\"url\":\"https:\\\/\\\/www.miamibeachfl.gov\\\/wp-content\\\/uploads\\\/2022\\\/06\\\/miamibeach-logoblue.png\",\"contentUrl\":\"https:\\\/\\\/www.miamibeachfl.gov\\\/wp-content\\\/uploads\\\/2022\\\/06\\\/miamibeach-logoblue.png\",\"width\":1962,\"height\":381,\"caption\":\"City of Miami Beach\"},\"image\":{\"@id\":\"https:\\\/\\\/www.miamibeachfl.gov\\\/#\\\/schema\\\/logo\\\/image\\\/\"},\"sameAs\":[\"https:\\\/\\\/www.facebook.com\\\/cityofmiamibeach\",\"https:\\\/\\\/x.com\\\/Miamibeachnews\",\"https:\\\/\\\/www.instagram.com\\\/miamibeachnews\\\/\"],\"description\":\"The official website of the City of Miami Beach. Stay informed, find important information on city services, news, alerts, events, trolley routes, government employment and more.\",\"telephone\":\"305.604.CITY(2489)\",\"legalName\":\"City of Miami Beach\"}]}<\/script>\n<!-- \/ Yoast SEO Premium plugin. -->","yoast_head_json":{"title":"Lei dos Americanos com Defici\u00eancias - Cidade de Miami Beach","description":"%","robots":{"index":"index","follow":"follow","max-snippet":"max-snippet:-1","max-image-preview":"max-image-preview:large","max-video-preview":"max-video-preview:-1"},"canonical":"https:\/\/www.miamibeachfl.gov\/pt\/ada\/americans-with-disability-act\/","og_locale":"pt_BR","og_type":"article","og_title":"Americans With Disabilities Act","og_description":"%","og_url":"https:\/\/www.miamibeachfl.gov\/pt\/ada\/americans-with-disability-act\/","og_site_name":"City of Miami Beach","article_publisher":"https:\/\/www.facebook.com\/cityofmiamibeach","article_modified_time":"2026-04-22T19:03:18+00:00","og_image":[{"width":1000,"height":1000,"url":"https:\/\/www.miamibeachfl.gov\/wp-content\/uploads\/2024\/01\/1000pxSquare-miamibeach-aerial-southpointview.jpeg","type":"image\/jpeg"}],"twitter_card":"summary_large_image","twitter_site":"@Miamibeachnews","schema":{"@context":"https:\/\/schema.org","@graph":[{"@type":"WebPage","@id":"https:\/\/www.miamibeachfl.gov\/ada\/americans-with-disability-act\/","url":"https:\/\/www.miamibeachfl.gov\/ada\/americans-with-disability-act\/","name":"Lei dos Americanos com Defici\u00eancias - Cidade de Miami Beach","isPartOf":{"@id":"https:\/\/www.miamibeachfl.gov\/#website"},"datePublished":"2022-10-07T18:34:35+00:00","dateModified":"2026-04-22T19:03:18+00:00","description":"%","breadcrumb":{"@id":"https:\/\/www.miamibeachfl.gov\/ada\/americans-with-disability-act\/#breadcrumb"},"inLanguage":"pt-BR","potentialAction":[{"@type":"ReadAction","target":["https:\/\/www.miamibeachfl.gov\/ada\/americans-with-disability-act\/"]}]},{"@type":"BreadcrumbList","@id":"https:\/\/www.miamibeachfl.gov\/ada\/americans-with-disability-act\/#breadcrumb","itemListElement":[{"@type":"ListItem","position":1,"name":"Home","item":"https:\/\/www.miamibeachfl.gov\/"},{"@type":"ListItem","position":2,"name":"ADA","item":"https:\/\/www.miamibeachfl.gov\/ada\/"},{"@type":"ListItem","position":3,"name":"Americans With Disabilities Act"}]},{"@type":"WebSite","@id":"https:\/\/www.miamibeachfl.gov\/#website","url":"https:\/\/www.miamibeachfl.gov\/","name":"Cidade de Miami Beach","description":"Site oficial da cidade de Miami Beach. Mantenha-se informado e encontre informa\u00e7\u00f5es importantes sobre servi\u00e7os municipais, not\u00edcias, alertas, eventos, rotas de bonde, empregos p\u00fablicos e muito mais.","publisher":{"@id":"https:\/\/www.miamibeachfl.gov\/#organization"},"potentialAction":[{"@type":"SearchAction","target":{"@type":"EntryPoint","urlTemplate":"https:\/\/www.miamibeachfl.gov\/?s={search_term_string}"},"query-input":{"@type":"PropertyValueSpecification","valueRequired":true,"valueName":"search_term_string"}}],"inLanguage":"pt-BR"},{"@type":"Organization","@id":"https:\/\/www.miamibeachfl.gov\/#organization","name":"Cidade de Miami Beach","url":"https:\/\/www.miamibeachfl.gov\/","logo":{"@type":"ImageObject","inLanguage":"pt-BR","@id":"https:\/\/www.miamibeachfl.gov\/#\/schema\/logo\/image\/","url":"https:\/\/www.miamibeachfl.gov\/wp-content\/uploads\/2022\/06\/miamibeach-logoblue.png","contentUrl":"https:\/\/www.miamibeachfl.gov\/wp-content\/uploads\/2022\/06\/miamibeach-logoblue.png","width":1962,"height":381,"caption":"City of Miami Beach"},"image":{"@id":"https:\/\/www.miamibeachfl.gov\/#\/schema\/logo\/image\/"},"sameAs":["https:\/\/www.facebook.com\/cityofmiamibeach","https:\/\/x.com\/Miamibeachnews","https:\/\/www.instagram.com\/miamibeachnews\/"],"description":"Site oficial da cidade de Miami Beach. Mantenha-se informado e encontre informa\u00e7\u00f5es importantes sobre servi\u00e7os municipais, not\u00edcias, alertas, eventos, rotas de bonde, empregos p\u00fablicos e muito mais.","telephone":"305.604.CITY(2489)","legalName":"City of Miami Beach"}]}},"_links":{"self":[{"href":"https:\/\/www.miamibeachfl.gov\/pt\/wp-json\/wp\/v2\/pages\/225532","targetHints":{"allow":["GET"]}}],"collection":[{"href":"https:\/\/www.miamibeachfl.gov\/pt\/wp-json\/wp\/v2\/pages"}],"about":[{"href":"https:\/\/www.miamibeachfl.gov\/pt\/wp-json\/wp\/v2\/types\/page"}],"author":[{"embeddable":true,"href":"https:\/\/www.miamibeachfl.gov\/pt\/wp-json\/wp\/v2\/users\/222"}],"replies":[{"embeddable":true,"href":"https:\/\/www.miamibeachfl.gov\/pt\/wp-json\/wp\/v2\/comments?post=225532"}],"version-history":[{"count":4,"href":"https:\/\/www.miamibeachfl.gov\/pt\/wp-json\/wp\/v2\/pages\/225532\/revisions"}],"predecessor-version":[{"id":399343,"href":"https:\/\/www.miamibeachfl.gov\/pt\/wp-json\/wp\/v2\/pages\/225532\/revisions\/399343"}],"up":[{"embeddable":true,"href":"https:\/\/www.miamibeachfl.gov\/pt\/wp-json\/wp\/v2\/pages\/225181"}],"wp:attachment":[{"href":"https:\/\/www.miamibeachfl.gov\/pt\/wp-json\/wp\/v2\/media?parent=225532"}],"wp:term":[{"taxonomy":"category","embeddable":true,"href":"https:\/\/www.miamibeachfl.gov\/pt\/wp-json\/wp\/v2\/categories?post=225532"},{"taxonomy":"post_tag","embeddable":true,"href":"https:\/\/www.miamibeachfl.gov\/pt\/wp-json\/wp\/v2\/tags?post=225532"}],"curies":[{"name":"wp","href":"https:\/\/api.w.org\/{rel}","templated":true}]}}