{"id":225535,"date":"2022-10-07T14:35:57","date_gmt":"2022-10-07T18:35:57","guid":{"rendered":"https:\/\/www.miamibeachfl.gov\/?page_id=225535"},"modified":"2026-04-22T15:04:38","modified_gmt":"2026-04-22T19:04:38","slug":"complaints-for-discrimination","status":"publish","type":"page","link":"https:\/\/www.miamibeachfl.gov\/pt\/ada\/complaints-for-discrimination\/","title":{"rendered":"Reclama\u00e7\u00f5es por Discrimina\u00e7\u00e3o"},"content":{"rendered":"<h1>\n\t\t\tReclama\u00e7\u00f5es por Discrimina\u00e7\u00e3o\t<\/h1>\nCard\u00e1pio ADA\t\t\t\n\t\t\t\t\t<ul id=\"menu-ada\"><li id=\"menu-item-225437\"><a href=\"https:\/\/www.miamibeachfl.gov\/pt\/ada\/\">ADA<\/a><\/li>\n<li id=\"menu-item-225550\"><a href=\"https:\/\/www.miamibeachfl.gov\/pt\/ada\/ada-handbook-title-ii\/\">Manual ADA \u2013 T\u00edtulo II<\/a><\/li>\n<li id=\"menu-item-225549\"><a href=\"https:\/\/www.miamibeachfl.gov\/pt\/ada\/ada-request\/\">Solicita\u00e7\u00e3o ADA<\/a><\/li>\n<li id=\"menu-item-225548\"><a href=\"https:\/\/www.miamibeachfl.gov\/pt\/ada\/americans-with-disability-act\/\">Lei dos Americanos com Defici\u00eancias<\/a><\/li>\n<li id=\"menu-item-225438\"><a href=\"https:\/\/www.miamibeachfl.gov\/pt\/ada\/beach-wheelchair-access\/\">Acesso \u00e0 praia<\/a><\/li>\n<li id=\"menu-item-225547\"><a href=\"https:\/\/www.miamibeachfl.gov\/pt\/ada\/complaints-for-discrimination\/\">Den\u00fancias de discrimina\u00e7\u00e3o<\/a><\/li>\n<li id=\"menu-item-225546\"><a href=\"https:\/\/www.miamibeachfl.gov\/pt\/ada\/difficulty-of-hearing\/\">Dificuldade de audi\u00e7\u00e3o<\/a><\/li>\n<li id=\"menu-item-225545\"><a href=\"https:\/\/www.miamibeachfl.gov\/pt\/ada\/disability-etiquette\/\">Etiqueta para deficientes<\/a><\/li>\n<li id=\"menu-item-225554\"><a href=\"https:\/\/www.miamibeachfl.gov\/pt\/ada\/disability-hiring-policy\/\">Pol\u00edtica de Contrata\u00e7\u00e3o<\/a><\/li>\n<li id=\"menu-item-225544\"><a href=\"https:\/\/www.miamibeachfl.gov\/pt\/ada\/white-cane-law\/\">Lei da Bengala Branca<\/a><\/li>\n<\/ul>\t\nCard\u00e1pio ADA \u00d7\t\t\t\t\t\t<ul id=\"menu-ada-1\"><li id=\"menu-item-225437\"><a href=\"https:\/\/www.miamibeachfl.gov\/pt\/ada\/\">ADA<\/a><\/li>\n<li id=\"menu-item-225550\"><a href=\"https:\/\/www.miamibeachfl.gov\/pt\/ada\/ada-handbook-title-ii\/\">Manual ADA \u2013 T\u00edtulo II<\/a><\/li>\n<li id=\"menu-item-225549\"><a href=\"https:\/\/www.miamibeachfl.gov\/pt\/ada\/ada-request\/\">Solicita\u00e7\u00e3o ADA<\/a><\/li>\n<li id=\"menu-item-225548\"><a href=\"https:\/\/www.miamibeachfl.gov\/pt\/ada\/americans-with-disability-act\/\">Lei dos Americanos com Defici\u00eancias<\/a><\/li>\n<li id=\"menu-item-225438\"><a href=\"https:\/\/www.miamibeachfl.gov\/pt\/ada\/beach-wheelchair-access\/\">Acesso \u00e0 praia<\/a><\/li>\n<li id=\"menu-item-225547\"><a href=\"https:\/\/www.miamibeachfl.gov\/pt\/ada\/complaints-for-discrimination\/\">Den\u00fancias de discrimina\u00e7\u00e3o<\/a><\/li>\n<li id=\"menu-item-225546\"><a href=\"https:\/\/www.miamibeachfl.gov\/pt\/ada\/difficulty-of-hearing\/\">Dificuldade de audi\u00e7\u00e3o<\/a><\/li>\n<li id=\"menu-item-225545\"><a href=\"https:\/\/www.miamibeachfl.gov\/pt\/ada\/disability-etiquette\/\">Etiqueta para deficientes<\/a><\/li>\n<li id=\"menu-item-225554\"><a href=\"https:\/\/www.miamibeachfl.gov\/pt\/ada\/disability-hiring-policy\/\">Pol\u00edtica de Contrata\u00e7\u00e3o<\/a><\/li>\n<li id=\"menu-item-225544\"><a href=\"https:\/\/www.miamibeachfl.gov\/pt\/ada\/white-cane-law\/\">Lei da Bengala Branca<\/a><\/li>\n<\/ul>\t\t\t\t\n\t\t\t<h2>\n\t\t\tProcedimento de Reclama\u00e7\u00e3o da ADA\t<\/h2>\n\t<h3><strong>POL\u00cdTICA<\/strong><\/h3>\n<p>Este Procedimento de Reclama\u00e7\u00e3o foi criado para atender aos requisitos da Lei dos Americanos com Defici\u00eancias. Ele pode ser utilizado por qualquer pessoa que deseje registrar uma reclama\u00e7\u00e3o alegando discrimina\u00e7\u00e3o com base em defici\u00eancia em pr\u00e1ticas e pol\u00edticas de emprego ou na presta\u00e7\u00e3o de servi\u00e7os, atividades, programas ou benef\u00edcios pela Cidade de Miami Beach.<\/p>\n<h3><strong>PROCEDIMENTO<\/strong><\/h3>\n<p>1. A reclama\u00e7\u00e3o deve ser feita por escrito e conter informa\u00e7\u00f5es sobre a suposta discrimina\u00e7\u00e3o, como nome, endere\u00e7o, n\u00famero de telefone do reclamante e local, data e descri\u00e7\u00e3o do problema. Mediante solicita\u00e7\u00e3o, ser\u00e3o disponibilizados meios alternativos para registrar reclama\u00e7\u00f5es, como entrevistas pessoais ou grava\u00e7\u00e3o da reclama\u00e7\u00e3o, para pessoas com defici\u00eancia.<\/p>\n<p>2. A reclama\u00e7\u00e3o deve ser apresentada pelo reclamante e\/ou seu representante o mais breve poss\u00edvel, mas no m\u00e1ximo 60 dias \u00fateis ap\u00f3s a suposta viola\u00e7\u00e3o.<\/p>\n<p><strong>Envie reclama\u00e7\u00f5es sobre pr\u00e1ticas de emprego para:<\/strong><\/p>\nDiretor de Servi\u00e7os ao Funcion\u00e1rio<br \/>\nPrefeitura de Miami Beach<br \/>\n1700 Convention Center Drive<br \/>\nRecursos Humanos, Terceiro Andar<br \/>\nMiami Beach, FL 33139<br \/>\n305.673.7524 (VOZ)<br \/>\n7-1-1 (Revezamento da Fl\u00f3rida)\n<p><strong>Envie outras reclama\u00e7\u00f5es para:<\/strong><\/p>\nVal\u00e9ria Mejia<br \/>\nGerente ADA<br \/>\nPrefeitura de Miami Beach<br \/>\n1700 Convention Center Drive, Obras P\u00fablicas, Quarto Andar<br \/>\nMiami Beach, FL 33139<br \/>\n305.673.7080 (VOZ)<br \/>\n7-1-1 (Revezamento da Fl\u00f3rida)\n<p>3. No prazo de 15 dias \u00fateis ap\u00f3s o recebimento da reclama\u00e7\u00e3o, o Gerente da ADA ou o Diretor de Servi\u00e7os ao Funcion\u00e1rio entrar\u00e1 em contato com o reclamante por escrito, acusando o recebimento da reclama\u00e7\u00e3o. Se poss\u00edveis solu\u00e7\u00f5es puderem ser sugeridas naquele momento, elas ser\u00e3o declaradas na carta do Gerente da ADA ou do Diretor de Servi\u00e7os ao Funcion\u00e1rio. Caso seja necess\u00e1ria uma investiga\u00e7\u00e3o mais aprofundada das quest\u00f5es, o Gerente da ADA ou o Diretor de Servi\u00e7os ao Funcion\u00e1rio ter\u00e1 um segundo per\u00edodo de 15 dias \u00fateis para responder por escrito e, quando apropriado, em um formato acess\u00edvel ao reclamante, como letras grandes, Braille ou formato de \u00e1udio. A resposta explicar\u00e1 a posi\u00e7\u00e3o da Prefeitura de Miami Beach e oferecer\u00e1 op\u00e7\u00f5es para uma resolu\u00e7\u00e3o substancial da reclama\u00e7\u00e3o.<\/p>\n<p>4. Se o reclamante acreditar que a resposta do Gerente da ADA ou do Diretor de Servi\u00e7os aos Funcion\u00e1rios n\u00e3o resolveu o problema satisfatoriamente, o reclamante e\/ou seu representante poder\u00e1 apelar da decis\u00e3o do Gerente da ADA ou do Diretor de Servi\u00e7os aos Funcion\u00e1rios dentro de 15 dias \u00fateis ap\u00f3s o recebimento da resposta ao Gerente da Cidade ou representante.<\/p>\n<p>5. No prazo de 15 dias \u00fateis ap\u00f3s o recebimento da apela\u00e7\u00e3o, o Administrador Municipal, ou pessoa designada, reunir-se-\u00e1 com o reclamante para discutir a reclama\u00e7\u00e3o e poss\u00edveis solu\u00e7\u00f5es. No prazo de 15 dias \u00fateis ap\u00f3s a reuni\u00e3o, o Administrador Municipal, ou pessoa designada, responder\u00e1 por escrito e, quando apropriado, em um formato acess\u00edvel ao reclamante, com uma resolu\u00e7\u00e3o final da reclama\u00e7\u00e3o.<\/p>\n<p>6. Todas as reclama\u00e7\u00f5es por escrito recebidas pelo Gerente da ADA ou Diretor de Servi\u00e7os aos Funcion\u00e1rios, e os recursos ao Gerente da Cidade, ou designado, e as respostas do Gerente da ADA ou Diretor de Servi\u00e7os aos Funcion\u00e1rios e do Gerente da Cidade, ou designado, ser\u00e3o mantidos pela Cidade de Miami Beach por pelo menos tr\u00eas anos.<\/p>\n<p>Para solicitar este material em formato acess\u00edvel, int\u00e9rpretes de l\u00edngua de sinais, informa\u00e7\u00f5es sobre acesso para pessoas com defici\u00eancia e\/ou qualquer acomoda\u00e7\u00e3o para revisar qualquer documento ou participar de qualquer processo patrocinado pela cidade, entre em contato pelo telefone 305.604.2489 (voz), Op\u00e7\u00e3o 6, com cinco dias de anteced\u00eancia para iniciar sua solicita\u00e7\u00e3o. Usu\u00e1rios de TTY tamb\u00e9m podem ligar para 711 (Florida Relay Service).<\/p>\n<h3>\n\t\t\tEntre em contato com o gerente da ADA:\t<\/h3>\n\tVal\u00e9ria Mejia<br \/>\nGerente ADA<br \/>\n<a href=\"tel:3056737080\">305.673.7080 (VOZ)<\/a><br \/>\n<a href=\"tel:711\">7-1-1 (Revezamento da Fl\u00f3rida)<\/a><br \/>\n<strong><a href=\"mailto:valeriamejia@miamibeachfl.gov\">valeriamejia@miamibeachfl.gov<\/a><\/strong>\n\t<iframe src=\"https:\/\/www.google.com\/maps\/embed\/v1\/place?q=Miami+Beach+City+Hall%0A1700+Convention+Center+Drive%2C%0APublic+Works%2C+Fourth+Floor%0AMiami+Beach%2C+FL+33139&#038;key=AIzaSyD09zQ9PNDNNy9TadMuzRV_UsPUoWKntt8\" aria-hidden=\"true\"><\/iframe>\n<h3>\n\t\t\tEscrit\u00f3rio da ADA:\t<\/h3>\n\t<strong>Prefeitura de Miami Beach<\/strong><br \/>\n1700 Convention Center Drive,<br \/>\nObras P\u00fablicas, Quarto Andar<br \/>\nMiami Beach, FL 33139","protected":false},"excerpt":{"rendered":"<p>Complaints for Discrimination ADA Menu ADA ADA Handbook &#8211; Title II ADA Request Americans With Disabilities Act Beach Access Discrimination [&hellip;]<\/p>\n","protected":false},"author":222,"featured_media":0,"parent":225181,"menu_order":37,"comment_status":"closed","ping_status":"closed","template":"","meta":{"_searchwp_excluded":"","site-sidebar-layout":"default","site-content-layout":"","ast-site-content-layout":"default","site-content-style":"default","site-sidebar-style":"default","ast-global-header-display":"","ast-banner-title-visibility":"","ast-main-header-display":"","ast-hfb-above-header-display":"","ast-hfb-below-header-display":"","ast-hfb-mobile-header-display":"","site-post-title":"","ast-breadcrumbs-content":"","ast-featured-img":"","footer-sml-layout":"","theme-transparent-header-meta":"","adv-header-id-meta":"","stick-header-meta":"","header-above-stick-meta":"","header-main-stick-meta":"","header-below-stick-meta":"","astra-migrate-meta-layouts":"default","ast-page-background-enabled":"default","ast-page-background-meta":{"desktop":{"background-color":"var(--ast-global-color-5)","background-image":"","background-repeat":"repeat","background-position":"center center","background-size":"auto","background-attachment":"scroll","background-type":"","background-media":"","overlay-type":"","overlay-color":"","overlay-opacity":"","overlay-gradient":""},"tablet":{"background-color":"","background-image":"","background-repeat":"repeat","background-position":"center center","background-size":"auto","background-attachment":"scroll","background-type":"","background-media":"","overlay-type":"","overlay-color":"","overlay-opacity":"","overlay-gradient":""},"mobile":{"background-color":"","background-image":"","background-repeat":"repeat","background-position":"center center","background-size":"auto","background-attachment":"scroll","background-type":"","background-media":"","overlay-type":"","overlay-color":"","overlay-opacity":"","overlay-gradient":""}},"ast-content-background-meta":{"desktop":{"background-color":"var(--ast-global-color-4)","background-image":"","background-repeat":"repeat","background-position":"center center","background-size":"auto","background-attachment":"scroll","background-type":"","background-media":"","overlay-type":"","overlay-color":"","overlay-opacity":"","overlay-gradient":""},"tablet":{"background-color":"var(--ast-global-color-4)","background-image":"","background-repeat":"repeat","background-position":"center center","background-size":"auto","background-attachment":"scroll","background-type":"","background-media":"","overlay-type":"","overlay-color":"","overlay-opacity":"","overlay-gradient":""},"mobile":{"background-color":"var(--ast-global-color-4)","background-image":"","background-repeat":"repeat","background-position":"center center","background-size":"auto","background-attachment":"scroll","background-type":"","background-media":"","overlay-type":"","overlay-color":"","overlay-opacity":"","overlay-gradient":""}},"footnotes":""},"categories":[],"tags":[],"class_list":["post-225535","page","type-page","status-publish","hentry"],"yoast_head":"<!-- This site is optimized with the Yoast SEO Premium plugin v27.4 (Yoast SEO v27.4) - https:\/\/yoast.com\/product\/yoast-seo-premium-wordpress\/ -->\n<title>Complaints For Discrimination - City of Miami Beach<\/title>\n<meta name=\"description\" content=\"%\" \/>\n<meta name=\"robots\" content=\"index, follow, max-snippet:-1, max-image-preview:large, max-video-preview:-1\" \/>\n<link rel=\"canonical\" href=\"https:\/\/www.miamibeachfl.gov\/pt\/ada\/complaints-for-discrimination\/\" \/>\n<meta property=\"og:locale\" content=\"pt_BR\" \/>\n<meta property=\"og:type\" content=\"article\" \/>\n<meta property=\"og:title\" content=\"Complaints For Discrimination\" \/>\n<meta property=\"og:description\" content=\"%\" \/>\n<meta property=\"og:url\" content=\"https:\/\/www.miamibeachfl.gov\/pt\/ada\/complaints-for-discrimination\/\" \/>\n<meta property=\"og:site_name\" content=\"City of Miami Beach\" \/>\n<meta property=\"article:publisher\" content=\"https:\/\/www.facebook.com\/cityofmiamibeach\" \/>\n<meta property=\"article:modified_time\" content=\"2026-04-22T19:04:38+00:00\" \/>\n<meta property=\"og:image\" content=\"https:\/\/www.miamibeachfl.gov\/wp-content\/uploads\/2024\/01\/1000pxSquare-miamibeach-aerial-southpointview.jpeg\" \/>\n\t<meta property=\"og:image:width\" content=\"1000\" \/>\n\t<meta property=\"og:image:height\" content=\"1000\" \/>\n\t<meta property=\"og:image:type\" content=\"image\/jpeg\" \/>\n<meta name=\"twitter:card\" content=\"summary_large_image\" \/>\n<meta name=\"twitter:site\" content=\"@Miamibeachnews\" \/>\n<script type=\"application\/ld+json\" class=\"yoast-schema-graph\">{\"@context\":\"https:\\\/\\\/schema.org\",\"@graph\":[{\"@type\":\"WebPage\",\"@id\":\"https:\\\/\\\/www.miamibeachfl.gov\\\/ada\\\/complaints-for-discrimination\\\/\",\"url\":\"https:\\\/\\\/www.miamibeachfl.gov\\\/ada\\\/complaints-for-discrimination\\\/\",\"name\":\"Complaints For Discrimination - City of Miami Beach\",\"isPartOf\":{\"@id\":\"https:\\\/\\\/www.miamibeachfl.gov\\\/#website\"},\"datePublished\":\"2022-10-07T18:35:57+00:00\",\"dateModified\":\"2026-04-22T19:04:38+00:00\",\"description\":\"%\",\"breadcrumb\":{\"@id\":\"https:\\\/\\\/www.miamibeachfl.gov\\\/ada\\\/complaints-for-discrimination\\\/#breadcrumb\"},\"inLanguage\":\"pt-BR\",\"potentialAction\":[{\"@type\":\"ReadAction\",\"target\":[\"https:\\\/\\\/www.miamibeachfl.gov\\\/ada\\\/complaints-for-discrimination\\\/\"]}]},{\"@type\":\"BreadcrumbList\",\"@id\":\"https:\\\/\\\/www.miamibeachfl.gov\\\/ada\\\/complaints-for-discrimination\\\/#breadcrumb\",\"itemListElement\":[{\"@type\":\"ListItem\",\"position\":1,\"name\":\"Home\",\"item\":\"https:\\\/\\\/www.miamibeachfl.gov\\\/\"},{\"@type\":\"ListItem\",\"position\":2,\"name\":\"ADA\",\"item\":\"https:\\\/\\\/www.miamibeachfl.gov\\\/ada\\\/\"},{\"@type\":\"ListItem\",\"position\":3,\"name\":\"Complaints For Discrimination\"}]},{\"@type\":\"WebSite\",\"@id\":\"https:\\\/\\\/www.miamibeachfl.gov\\\/#website\",\"url\":\"https:\\\/\\\/www.miamibeachfl.gov\\\/\",\"name\":\"City of Miami Beach\",\"description\":\"The official website of the City of Miami Beach. Stay informed, find important information on city services, news, alerts, events, trolley routes, government employment and more.\",\"publisher\":{\"@id\":\"https:\\\/\\\/www.miamibeachfl.gov\\\/#organization\"},\"potentialAction\":[{\"@type\":\"SearchAction\",\"target\":{\"@type\":\"EntryPoint\",\"urlTemplate\":\"https:\\\/\\\/www.miamibeachfl.gov\\\/?s={search_term_string}\"},\"query-input\":{\"@type\":\"PropertyValueSpecification\",\"valueRequired\":true,\"valueName\":\"search_term_string\"}}],\"inLanguage\":\"pt-BR\"},{\"@type\":\"Organization\",\"@id\":\"https:\\\/\\\/www.miamibeachfl.gov\\\/#organization\",\"name\":\"City of Miami Beach\",\"url\":\"https:\\\/\\\/www.miamibeachfl.gov\\\/\",\"logo\":{\"@type\":\"ImageObject\",\"inLanguage\":\"pt-BR\",\"@id\":\"https:\\\/\\\/www.miamibeachfl.gov\\\/#\\\/schema\\\/logo\\\/image\\\/\",\"url\":\"https:\\\/\\\/www.miamibeachfl.gov\\\/wp-content\\\/uploads\\\/2022\\\/06\\\/miamibeach-logoblue.png\",\"contentUrl\":\"https:\\\/\\\/www.miamibeachfl.gov\\\/wp-content\\\/uploads\\\/2022\\\/06\\\/miamibeach-logoblue.png\",\"width\":1962,\"height\":381,\"caption\":\"City of Miami Beach\"},\"image\":{\"@id\":\"https:\\\/\\\/www.miamibeachfl.gov\\\/#\\\/schema\\\/logo\\\/image\\\/\"},\"sameAs\":[\"https:\\\/\\\/www.facebook.com\\\/cityofmiamibeach\",\"https:\\\/\\\/x.com\\\/Miamibeachnews\",\"https:\\\/\\\/www.instagram.com\\\/miamibeachnews\\\/\"],\"description\":\"The official website of the City of Miami Beach. Stay informed, find important information on city services, news, alerts, events, trolley routes, government employment and more.\",\"telephone\":\"305.604.CITY(2489)\",\"legalName\":\"City of Miami Beach\"}]}<\/script>\n<!-- \/ Yoast SEO Premium plugin. -->","yoast_head_json":{"title":"Reclama\u00e7\u00f5es por Discrimina\u00e7\u00e3o - Cidade de Miami Beach","description":"%","robots":{"index":"index","follow":"follow","max-snippet":"max-snippet:-1","max-image-preview":"max-image-preview:large","max-video-preview":"max-video-preview:-1"},"canonical":"https:\/\/www.miamibeachfl.gov\/pt\/ada\/complaints-for-discrimination\/","og_locale":"pt_BR","og_type":"article","og_title":"Complaints For Discrimination","og_description":"%","og_url":"https:\/\/www.miamibeachfl.gov\/pt\/ada\/complaints-for-discrimination\/","og_site_name":"City of Miami Beach","article_publisher":"https:\/\/www.facebook.com\/cityofmiamibeach","article_modified_time":"2026-04-22T19:04:38+00:00","og_image":[{"width":1000,"height":1000,"url":"https:\/\/www.miamibeachfl.gov\/wp-content\/uploads\/2024\/01\/1000pxSquare-miamibeach-aerial-southpointview.jpeg","type":"image\/jpeg"}],"twitter_card":"summary_large_image","twitter_site":"@Miamibeachnews","schema":{"@context":"https:\/\/schema.org","@graph":[{"@type":"WebPage","@id":"https:\/\/www.miamibeachfl.gov\/ada\/complaints-for-discrimination\/","url":"https:\/\/www.miamibeachfl.gov\/ada\/complaints-for-discrimination\/","name":"Reclama\u00e7\u00f5es por Discrimina\u00e7\u00e3o - Cidade de Miami Beach","isPartOf":{"@id":"https:\/\/www.miamibeachfl.gov\/#website"},"datePublished":"2022-10-07T18:35:57+00:00","dateModified":"2026-04-22T19:04:38+00:00","description":"%","breadcrumb":{"@id":"https:\/\/www.miamibeachfl.gov\/ada\/complaints-for-discrimination\/#breadcrumb"},"inLanguage":"pt-BR","potentialAction":[{"@type":"ReadAction","target":["https:\/\/www.miamibeachfl.gov\/ada\/complaints-for-discrimination\/"]}]},{"@type":"BreadcrumbList","@id":"https:\/\/www.miamibeachfl.gov\/ada\/complaints-for-discrimination\/#breadcrumb","itemListElement":[{"@type":"ListItem","position":1,"name":"Home","item":"https:\/\/www.miamibeachfl.gov\/"},{"@type":"ListItem","position":2,"name":"ADA","item":"https:\/\/www.miamibeachfl.gov\/ada\/"},{"@type":"ListItem","position":3,"name":"Complaints For Discrimination"}]},{"@type":"WebSite","@id":"https:\/\/www.miamibeachfl.gov\/#website","url":"https:\/\/www.miamibeachfl.gov\/","name":"Cidade de Miami Beach","description":"Site oficial da cidade de Miami Beach. Mantenha-se informado e encontre informa\u00e7\u00f5es importantes sobre servi\u00e7os municipais, not\u00edcias, alertas, eventos, rotas de bonde, empregos p\u00fablicos e muito mais.","publisher":{"@id":"https:\/\/www.miamibeachfl.gov\/#organization"},"potentialAction":[{"@type":"SearchAction","target":{"@type":"EntryPoint","urlTemplate":"https:\/\/www.miamibeachfl.gov\/?s={search_term_string}"},"query-input":{"@type":"PropertyValueSpecification","valueRequired":true,"valueName":"search_term_string"}}],"inLanguage":"pt-BR"},{"@type":"Organization","@id":"https:\/\/www.miamibeachfl.gov\/#organization","name":"Cidade de Miami Beach","url":"https:\/\/www.miamibeachfl.gov\/","logo":{"@type":"ImageObject","inLanguage":"pt-BR","@id":"https:\/\/www.miamibeachfl.gov\/#\/schema\/logo\/image\/","url":"https:\/\/www.miamibeachfl.gov\/wp-content\/uploads\/2022\/06\/miamibeach-logoblue.png","contentUrl":"https:\/\/www.miamibeachfl.gov\/wp-content\/uploads\/2022\/06\/miamibeach-logoblue.png","width":1962,"height":381,"caption":"City of Miami Beach"},"image":{"@id":"https:\/\/www.miamibeachfl.gov\/#\/schema\/logo\/image\/"},"sameAs":["https:\/\/www.facebook.com\/cityofmiamibeach","https:\/\/x.com\/Miamibeachnews","https:\/\/www.instagram.com\/miamibeachnews\/"],"description":"Site oficial da cidade de Miami Beach. Mantenha-se informado e encontre informa\u00e7\u00f5es importantes sobre servi\u00e7os municipais, not\u00edcias, alertas, eventos, rotas de bonde, empregos p\u00fablicos e muito mais.","telephone":"305.604.CITY(2489)","legalName":"City of Miami Beach"}]}},"_links":{"self":[{"href":"https:\/\/www.miamibeachfl.gov\/pt\/wp-json\/wp\/v2\/pages\/225535","targetHints":{"allow":["GET"]}}],"collection":[{"href":"https:\/\/www.miamibeachfl.gov\/pt\/wp-json\/wp\/v2\/pages"}],"about":[{"href":"https:\/\/www.miamibeachfl.gov\/pt\/wp-json\/wp\/v2\/types\/page"}],"author":[{"embeddable":true,"href":"https:\/\/www.miamibeachfl.gov\/pt\/wp-json\/wp\/v2\/users\/222"}],"replies":[{"embeddable":true,"href":"https:\/\/www.miamibeachfl.gov\/pt\/wp-json\/wp\/v2\/comments?post=225535"}],"version-history":[{"count":3,"href":"https:\/\/www.miamibeachfl.gov\/pt\/wp-json\/wp\/v2\/pages\/225535\/revisions"}],"predecessor-version":[{"id":399344,"href":"https:\/\/www.miamibeachfl.gov\/pt\/wp-json\/wp\/v2\/pages\/225535\/revisions\/399344"}],"up":[{"embeddable":true,"href":"https:\/\/www.miamibeachfl.gov\/pt\/wp-json\/wp\/v2\/pages\/225181"}],"wp:attachment":[{"href":"https:\/\/www.miamibeachfl.gov\/pt\/wp-json\/wp\/v2\/media?parent=225535"}],"wp:term":[{"taxonomy":"category","embeddable":true,"href":"https:\/\/www.miamibeachfl.gov\/pt\/wp-json\/wp\/v2\/categories?post=225535"},{"taxonomy":"post_tag","embeddable":true,"href":"https:\/\/www.miamibeachfl.gov\/pt\/wp-json\/wp\/v2\/tags?post=225535"}],"curies":[{"name":"wp","href":"https:\/\/api.w.org\/{rel}","templated":true}]}}