{"id":225539,"date":"2022-10-07T14:37:32","date_gmt":"2022-10-07T18:37:32","guid":{"rendered":"https:\/\/www.miamibeachfl.gov\/?page_id=225539"},"modified":"2026-04-22T15:06:08","modified_gmt":"2026-04-22T19:06:08","slug":"disability-etiquette","status":"publish","type":"page","link":"https:\/\/www.miamibeachfl.gov\/pt\/ada\/disability-etiquette\/","title":{"rendered":"Etiqueta para deficientes"},"content":{"rendered":"<h1>\n\t\t\tEtiqueta para deficientes\t<\/h1>\nCard\u00e1pio ADA\t\t\t\n\t\t\t\t\t<ul id=\"menu-ada\"><li id=\"menu-item-225437\"><a href=\"https:\/\/www.miamibeachfl.gov\/pt\/ada\/\">ADA<\/a><\/li>\n<li id=\"menu-item-225550\"><a href=\"https:\/\/www.miamibeachfl.gov\/pt\/ada\/ada-handbook-title-ii\/\">Manual ADA \u2013 T\u00edtulo II<\/a><\/li>\n<li id=\"menu-item-225549\"><a href=\"https:\/\/www.miamibeachfl.gov\/pt\/ada\/ada-request\/\">Solicita\u00e7\u00e3o ADA<\/a><\/li>\n<li id=\"menu-item-225548\"><a href=\"https:\/\/www.miamibeachfl.gov\/pt\/ada\/americans-with-disability-act\/\">Lei dos Americanos com Defici\u00eancias<\/a><\/li>\n<li id=\"menu-item-225438\"><a href=\"https:\/\/www.miamibeachfl.gov\/pt\/ada\/beach-wheelchair-access\/\">Acesso \u00e0 praia<\/a><\/li>\n<li id=\"menu-item-225547\"><a href=\"https:\/\/www.miamibeachfl.gov\/pt\/ada\/complaints-for-discrimination\/\">Den\u00fancias de discrimina\u00e7\u00e3o<\/a><\/li>\n<li id=\"menu-item-225546\"><a href=\"https:\/\/www.miamibeachfl.gov\/pt\/ada\/difficulty-of-hearing\/\">Dificuldade de audi\u00e7\u00e3o<\/a><\/li>\n<li id=\"menu-item-225545\"><a href=\"https:\/\/www.miamibeachfl.gov\/pt\/ada\/disability-etiquette\/\">Etiqueta para deficientes<\/a><\/li>\n<li id=\"menu-item-225554\"><a href=\"https:\/\/www.miamibeachfl.gov\/pt\/ada\/disability-hiring-policy\/\">Pol\u00edtica de Contrata\u00e7\u00e3o<\/a><\/li>\n<li id=\"menu-item-225544\"><a href=\"https:\/\/www.miamibeachfl.gov\/pt\/ada\/white-cane-law\/\">Lei da Bengala Branca<\/a><\/li>\n<\/ul>\t\nCard\u00e1pio ADA \u00d7\t\t\t\t\t\t<ul id=\"menu-ada-1\"><li id=\"menu-item-225437\"><a href=\"https:\/\/www.miamibeachfl.gov\/pt\/ada\/\">ADA<\/a><\/li>\n<li id=\"menu-item-225550\"><a href=\"https:\/\/www.miamibeachfl.gov\/pt\/ada\/ada-handbook-title-ii\/\">Manual ADA \u2013 T\u00edtulo II<\/a><\/li>\n<li id=\"menu-item-225549\"><a href=\"https:\/\/www.miamibeachfl.gov\/pt\/ada\/ada-request\/\">Solicita\u00e7\u00e3o ADA<\/a><\/li>\n<li id=\"menu-item-225548\"><a href=\"https:\/\/www.miamibeachfl.gov\/pt\/ada\/americans-with-disability-act\/\">Lei dos Americanos com Defici\u00eancias<\/a><\/li>\n<li id=\"menu-item-225438\"><a href=\"https:\/\/www.miamibeachfl.gov\/pt\/ada\/beach-wheelchair-access\/\">Acesso \u00e0 praia<\/a><\/li>\n<li id=\"menu-item-225547\"><a href=\"https:\/\/www.miamibeachfl.gov\/pt\/ada\/complaints-for-discrimination\/\">Den\u00fancias de discrimina\u00e7\u00e3o<\/a><\/li>\n<li id=\"menu-item-225546\"><a href=\"https:\/\/www.miamibeachfl.gov\/pt\/ada\/difficulty-of-hearing\/\">Dificuldade de audi\u00e7\u00e3o<\/a><\/li>\n<li id=\"menu-item-225545\"><a href=\"https:\/\/www.miamibeachfl.gov\/pt\/ada\/disability-etiquette\/\">Etiqueta para deficientes<\/a><\/li>\n<li id=\"menu-item-225554\"><a href=\"https:\/\/www.miamibeachfl.gov\/pt\/ada\/disability-hiring-policy\/\">Pol\u00edtica de Contrata\u00e7\u00e3o<\/a><\/li>\n<li id=\"menu-item-225544\"><a href=\"https:\/\/www.miamibeachfl.gov\/pt\/ada\/white-cane-law\/\">Lei da Bengala Branca<\/a><\/li>\n<\/ul>\t\t\t\t\n\t\t\t<h2>\n\t\t\tPrinc\u00edpios de Etiqueta para Pessoas com Defici\u00eancia\t<\/h2>\n\t<p>\u00c9 nosso compromisso incluir pessoas com defici\u00eancia em todos os aspectos da nossa administra\u00e7\u00e3o municipal. Para garantir que estamos cumprindo n\u00e3o apenas a lei, mas tamb\u00e9m a inten\u00e7\u00e3o da Lei dos Americanos com Defici\u00eancias (Americans with Disabilities Act) ao atender \u00e0s necessidades dos nossos cidad\u00e3os.<\/p>\n<strong>Considere a pessoa como um todo, n\u00e3o apenas a defici\u00eancia<\/strong>.<br \/>\nEm vez de &quot;Jo\u00e3o, o surdo&quot;, veja Jo\u00e3o como uma pessoa surda. Maria n\u00e3o \u00e9 uma &quot;epil\u00e9tica&quot;; ela \u00e9 uma pessoa com muitos atributos, que por acaso tem epilepsia.\n<strong>O termo \u201cdeficiente\u201d n\u00e3o \u00e9 mais a terminologia aceita quando se refere a uma pessoa com defici\u00eancia<\/strong>.<br \/>\nO termo \u00e9 melhor usado quando se refere a recursos acess\u00edveis, como \u201cestacionamento para deficientes\u201d ou banheiros.\n<strong>Trate os adultos de maneira adequada a eles. Dirija-se a pessoas com defici\u00eancia apenas pelo primeiro nome quando se dirigir a outras pessoas de maneira semelhante.<br \/>\n<\/strong>N\u00e3o fa\u00e7a gestos como dar tapinhas na cabe\u00e7a de uma pessoa que usa cadeira de rodas. Fale em tom normal e evite coment\u00e1rios sobre como a pessoa consegue &quot;manobrar&quot; a cadeira de rodas, &quot;se locomover&quot; ou outros coment\u00e1rios sobre como ela funciona com uma defici\u00eancia.\n<strong>Ser paciente<\/strong>.<br \/>\nUma pessoa com defici\u00eancia pode levar mais tempo para dizer ou fazer algo. N\u00e3o termine as frases das pessoas por elas, especialmente se tiverem algum problema de comunica\u00e7\u00e3o.\n<strong>Fale diretamente com a pessoa<\/strong>.<br \/>\nOlhe para eles, n\u00e3o para seu companheiro ou int\u00e9rprete.\n<strong>N\u00e3o fa\u00e7a suposi\u00e7\u00f5es sobre intelig\u00eancia.<br \/>\n<\/strong>Uma defici\u00eancia n\u00e3o \u00e9 um reflexo da capacidade intelectual.\n<strong>N\u00e3o presuma que uma pessoa com defici\u00eancia precisa ou requer assist\u00eancia.<br \/>\n<\/strong>Respeite a independ\u00eancia de cada um. Quando a ajuda parecer necess\u00e1ria, pe\u00e7a primeiro, espere at\u00e9 que a oferta seja aceita e, ent\u00e3o, ou\u00e7a ou pe\u00e7a instru\u00e7\u00f5es.\n<strong>Relaxe e aja naturalmente.<br \/>\n<\/strong>N\u00e3o h\u00e1 problema em usar express\u00f5es comuns como &quot;at\u00e9 logo&quot; ou &quot;j\u00e1 vou a\u00ed&quot;, que parecem estar relacionadas \u00e0 defici\u00eancia de uma pessoa.\n<strong>Ofere\u00e7a-se para apertar a m\u00e3o quando for apresentado.<br \/>\n<\/strong>Esteja ciente de que a pessoa pode n\u00e3o conseguir usar uma ou ambas as m\u00e3os. Um toque no antebra\u00e7o pode servir como um sinal de boas-vindas.\n<strong>Use um tom de voz normal e n\u00e3o condescendente ao falar com uma pessoa com defici\u00eancia.<br \/>\n<\/strong>\n<strong>Seja um modelo em suas intera\u00e7\u00f5es.<br \/>\n<\/strong>Suas a\u00e7\u00f5es podem ter um efeito positivo n\u00e3o apenas no indiv\u00edduo, mas tamb\u00e9m em outras pessoas.\n<p><strong>Na maior medida poss\u00edvel, trate algu\u00e9m com defici\u00eancia da mesma forma que voc\u00ea trataria qualquer outra pessoa na mesma situa\u00e7\u00e3o.<\/strong><\/p>\n<p>Fornecido pela Abilities of Florida, uma ag\u00eancia sem fins lucrativos que atende pessoas com defici\u00eancia.<\/p>\n<h3>\n\t\t\tEntre em contato com o gerente da ADA:\t<\/h3>\n\tVal\u00e9ria Mejia<br \/>\nGerente ADA<br \/>\n<a href=\"tel:3056737080\">305.673.7080 (VOZ)<\/a><br \/>\n<a href=\"tel:711\">7-1-1 (Revezamento da Fl\u00f3rida)<\/a><br \/>\n<strong><a href=\"mailto:valeriamejia@miamibeachfl.gov\">valeriamejia@miamibeachfl.gov<\/a><\/strong>\n\t<iframe src=\"https:\/\/www.google.com\/maps\/embed\/v1\/place?q=Miami+Beach+City+Hall%0A1700+Convention+Center+Drive%2C%0APublic+Works%2C+Fourth+Floor%0AMiami+Beach%2C+FL+33139&#038;key=AIzaSyD09zQ9PNDNNy9TadMuzRV_UsPUoWKntt8\" aria-hidden=\"true\"><\/iframe>\n<h3>\n\t\t\tEscrit\u00f3rio da ADA:\t<\/h3>\n\t<strong>Prefeitura de Miami Beach<\/strong><br \/>\n1700 Convention Center Drive,<br \/>\nObras P\u00fablicas, Quarto Andar<br \/>\nMiami Beach, FL 33139","protected":false},"excerpt":{"rendered":"<p>Disability Etiquette ADA Menu ADA ADA Handbook &#8211; Title II ADA Request Americans With Disabilities Act Beach Access Discrimination Complaints [&hellip;]<\/p>\n","protected":false},"author":222,"featured_media":0,"parent":225181,"menu_order":37,"comment_status":"closed","ping_status":"closed","template":"","meta":{"_searchwp_excluded":"","site-sidebar-layout":"default","site-content-layout":"","ast-site-content-layout":"default","site-content-style":"default","site-sidebar-style":"default","ast-global-header-display":"","ast-banner-title-visibility":"","ast-main-header-display":"","ast-hfb-above-header-display":"","ast-hfb-below-header-display":"","ast-hfb-mobile-header-display":"","site-post-title":"","ast-breadcrumbs-content":"","ast-featured-img":"","footer-sml-layout":"","theme-transparent-header-meta":"","adv-header-id-meta":"","stick-header-meta":"","header-above-stick-meta":"","header-main-stick-meta":"","header-below-stick-meta":"","astra-migrate-meta-layouts":"default","ast-page-background-enabled":"default","ast-page-background-meta":{"desktop":{"background-color":"var(--ast-global-color-5)","background-image":"","background-repeat":"repeat","background-position":"center center","background-size":"auto","background-attachment":"scroll","background-type":"","background-media":"","overlay-type":"","overlay-color":"","overlay-opacity":"","overlay-gradient":""},"tablet":{"background-color":"","background-image":"","background-repeat":"repeat","background-position":"center center","background-size":"auto","background-attachment":"scroll","background-type":"","background-media":"","overlay-type":"","overlay-color":"","overlay-opacity":"","overlay-gradient":""},"mobile":{"background-color":"","background-image":"","background-repeat":"repeat","background-position":"center center","background-size":"auto","background-attachment":"scroll","background-type":"","background-media":"","overlay-type":"","overlay-color":"","overlay-opacity":"","overlay-gradient":""}},"ast-content-background-meta":{"desktop":{"background-color":"var(--ast-global-color-4)","background-image":"","background-repeat":"repeat","background-position":"center center","background-size":"auto","background-attachment":"scroll","background-type":"","background-media":"","overlay-type":"","overlay-color":"","overlay-opacity":"","overlay-gradient":""},"tablet":{"background-color":"var(--ast-global-color-4)","background-image":"","background-repeat":"repeat","background-position":"center center","background-size":"auto","background-attachment":"scroll","background-type":"","background-media":"","overlay-type":"","overlay-color":"","overlay-opacity":"","overlay-gradient":""},"mobile":{"background-color":"var(--ast-global-color-4)","background-image":"","background-repeat":"repeat","background-position":"center center","background-size":"auto","background-attachment":"scroll","background-type":"","background-media":"","overlay-type":"","overlay-color":"","overlay-opacity":"","overlay-gradient":""}},"footnotes":""},"categories":[],"tags":[],"class_list":["post-225539","page","type-page","status-publish","hentry"],"yoast_head":"<!-- This site is optimized with the Yoast SEO Premium plugin v27.4 (Yoast SEO v27.4) - https:\/\/yoast.com\/product\/yoast-seo-premium-wordpress\/ -->\n<title>Disability Etiquette - City of Miami Beach<\/title>\n<meta name=\"description\" content=\"%\" \/>\n<meta name=\"robots\" content=\"index, follow, max-snippet:-1, max-image-preview:large, max-video-preview:-1\" \/>\n<link rel=\"canonical\" href=\"https:\/\/www.miamibeachfl.gov\/pt\/ada\/disability-etiquette\/\" \/>\n<meta property=\"og:locale\" content=\"pt_BR\" \/>\n<meta property=\"og:type\" content=\"article\" \/>\n<meta property=\"og:title\" content=\"Disability Etiquette\" \/>\n<meta property=\"og:description\" content=\"%\" \/>\n<meta property=\"og:url\" content=\"https:\/\/www.miamibeachfl.gov\/pt\/ada\/disability-etiquette\/\" \/>\n<meta property=\"og:site_name\" content=\"City of Miami Beach\" \/>\n<meta property=\"article:publisher\" content=\"https:\/\/www.facebook.com\/cityofmiamibeach\" \/>\n<meta property=\"article:modified_time\" content=\"2026-04-22T19:06:08+00:00\" \/>\n<meta property=\"og:image\" content=\"https:\/\/www.miamibeachfl.gov\/wp-content\/uploads\/2024\/01\/1000pxSquare-miamibeach-aerial-southpointview.jpeg\" \/>\n\t<meta property=\"og:image:width\" content=\"1000\" \/>\n\t<meta property=\"og:image:height\" content=\"1000\" \/>\n\t<meta property=\"og:image:type\" content=\"image\/jpeg\" \/>\n<meta name=\"twitter:card\" content=\"summary_large_image\" \/>\n<meta name=\"twitter:site\" content=\"@Miamibeachnews\" \/>\n<script type=\"application\/ld+json\" class=\"yoast-schema-graph\">{\"@context\":\"https:\\\/\\\/schema.org\",\"@graph\":[{\"@type\":\"WebPage\",\"@id\":\"https:\\\/\\\/www.miamibeachfl.gov\\\/ada\\\/disability-etiquette\\\/\",\"url\":\"https:\\\/\\\/www.miamibeachfl.gov\\\/ada\\\/disability-etiquette\\\/\",\"name\":\"Disability Etiquette - City of Miami Beach\",\"isPartOf\":{\"@id\":\"https:\\\/\\\/www.miamibeachfl.gov\\\/#website\"},\"datePublished\":\"2022-10-07T18:37:32+00:00\",\"dateModified\":\"2026-04-22T19:06:08+00:00\",\"description\":\"%\",\"breadcrumb\":{\"@id\":\"https:\\\/\\\/www.miamibeachfl.gov\\\/ada\\\/disability-etiquette\\\/#breadcrumb\"},\"inLanguage\":\"pt-BR\",\"potentialAction\":[{\"@type\":\"ReadAction\",\"target\":[\"https:\\\/\\\/www.miamibeachfl.gov\\\/ada\\\/disability-etiquette\\\/\"]}]},{\"@type\":\"BreadcrumbList\",\"@id\":\"https:\\\/\\\/www.miamibeachfl.gov\\\/ada\\\/disability-etiquette\\\/#breadcrumb\",\"itemListElement\":[{\"@type\":\"ListItem\",\"position\":1,\"name\":\"Home\",\"item\":\"https:\\\/\\\/www.miamibeachfl.gov\\\/\"},{\"@type\":\"ListItem\",\"position\":2,\"name\":\"ADA\",\"item\":\"https:\\\/\\\/www.miamibeachfl.gov\\\/ada\\\/\"},{\"@type\":\"ListItem\",\"position\":3,\"name\":\"Disability Etiquette\"}]},{\"@type\":\"WebSite\",\"@id\":\"https:\\\/\\\/www.miamibeachfl.gov\\\/#website\",\"url\":\"https:\\\/\\\/www.miamibeachfl.gov\\\/\",\"name\":\"City of Miami Beach\",\"description\":\"The official website of the City of Miami Beach. Stay informed, find important information on city services, news, alerts, events, trolley routes, government employment and more.\",\"publisher\":{\"@id\":\"https:\\\/\\\/www.miamibeachfl.gov\\\/#organization\"},\"potentialAction\":[{\"@type\":\"SearchAction\",\"target\":{\"@type\":\"EntryPoint\",\"urlTemplate\":\"https:\\\/\\\/www.miamibeachfl.gov\\\/?s={search_term_string}\"},\"query-input\":{\"@type\":\"PropertyValueSpecification\",\"valueRequired\":true,\"valueName\":\"search_term_string\"}}],\"inLanguage\":\"pt-BR\"},{\"@type\":\"Organization\",\"@id\":\"https:\\\/\\\/www.miamibeachfl.gov\\\/#organization\",\"name\":\"City of Miami Beach\",\"url\":\"https:\\\/\\\/www.miamibeachfl.gov\\\/\",\"logo\":{\"@type\":\"ImageObject\",\"inLanguage\":\"pt-BR\",\"@id\":\"https:\\\/\\\/www.miamibeachfl.gov\\\/#\\\/schema\\\/logo\\\/image\\\/\",\"url\":\"https:\\\/\\\/www.miamibeachfl.gov\\\/wp-content\\\/uploads\\\/2022\\\/06\\\/miamibeach-logoblue.png\",\"contentUrl\":\"https:\\\/\\\/www.miamibeachfl.gov\\\/wp-content\\\/uploads\\\/2022\\\/06\\\/miamibeach-logoblue.png\",\"width\":1962,\"height\":381,\"caption\":\"City of Miami Beach\"},\"image\":{\"@id\":\"https:\\\/\\\/www.miamibeachfl.gov\\\/#\\\/schema\\\/logo\\\/image\\\/\"},\"sameAs\":[\"https:\\\/\\\/www.facebook.com\\\/cityofmiamibeach\",\"https:\\\/\\\/x.com\\\/Miamibeachnews\",\"https:\\\/\\\/www.instagram.com\\\/miamibeachnews\\\/\"],\"description\":\"The official website of the City of Miami Beach. Stay informed, find important information on city services, news, alerts, events, trolley routes, government employment and more.\",\"telephone\":\"305.604.CITY(2489)\",\"legalName\":\"City of Miami Beach\"}]}<\/script>\n<!-- \/ Yoast SEO Premium plugin. -->","yoast_head_json":{"title":"Etiqueta para deficientes - Cidade de Miami Beach","description":"%","robots":{"index":"index","follow":"follow","max-snippet":"max-snippet:-1","max-image-preview":"max-image-preview:large","max-video-preview":"max-video-preview:-1"},"canonical":"https:\/\/www.miamibeachfl.gov\/pt\/ada\/disability-etiquette\/","og_locale":"pt_BR","og_type":"article","og_title":"Disability Etiquette","og_description":"%","og_url":"https:\/\/www.miamibeachfl.gov\/pt\/ada\/disability-etiquette\/","og_site_name":"City of Miami Beach","article_publisher":"https:\/\/www.facebook.com\/cityofmiamibeach","article_modified_time":"2026-04-22T19:06:08+00:00","og_image":[{"width":1000,"height":1000,"url":"https:\/\/www.miamibeachfl.gov\/wp-content\/uploads\/2024\/01\/1000pxSquare-miamibeach-aerial-southpointview.jpeg","type":"image\/jpeg"}],"twitter_card":"summary_large_image","twitter_site":"@Miamibeachnews","schema":{"@context":"https:\/\/schema.org","@graph":[{"@type":"WebPage","@id":"https:\/\/www.miamibeachfl.gov\/ada\/disability-etiquette\/","url":"https:\/\/www.miamibeachfl.gov\/ada\/disability-etiquette\/","name":"Etiqueta para deficientes - Cidade de Miami Beach","isPartOf":{"@id":"https:\/\/www.miamibeachfl.gov\/#website"},"datePublished":"2022-10-07T18:37:32+00:00","dateModified":"2026-04-22T19:06:08+00:00","description":"%","breadcrumb":{"@id":"https:\/\/www.miamibeachfl.gov\/ada\/disability-etiquette\/#breadcrumb"},"inLanguage":"pt-BR","potentialAction":[{"@type":"ReadAction","target":["https:\/\/www.miamibeachfl.gov\/ada\/disability-etiquette\/"]}]},{"@type":"BreadcrumbList","@id":"https:\/\/www.miamibeachfl.gov\/ada\/disability-etiquette\/#breadcrumb","itemListElement":[{"@type":"ListItem","position":1,"name":"Home","item":"https:\/\/www.miamibeachfl.gov\/"},{"@type":"ListItem","position":2,"name":"ADA","item":"https:\/\/www.miamibeachfl.gov\/ada\/"},{"@type":"ListItem","position":3,"name":"Disability Etiquette"}]},{"@type":"WebSite","@id":"https:\/\/www.miamibeachfl.gov\/#website","url":"https:\/\/www.miamibeachfl.gov\/","name":"Cidade de Miami Beach","description":"Site oficial da cidade de Miami Beach. Mantenha-se informado e encontre informa\u00e7\u00f5es importantes sobre servi\u00e7os municipais, not\u00edcias, alertas, eventos, rotas de bonde, empregos p\u00fablicos e muito mais.","publisher":{"@id":"https:\/\/www.miamibeachfl.gov\/#organization"},"potentialAction":[{"@type":"SearchAction","target":{"@type":"EntryPoint","urlTemplate":"https:\/\/www.miamibeachfl.gov\/?s={search_term_string}"},"query-input":{"@type":"PropertyValueSpecification","valueRequired":true,"valueName":"search_term_string"}}],"inLanguage":"pt-BR"},{"@type":"Organization","@id":"https:\/\/www.miamibeachfl.gov\/#organization","name":"Cidade de Miami Beach","url":"https:\/\/www.miamibeachfl.gov\/","logo":{"@type":"ImageObject","inLanguage":"pt-BR","@id":"https:\/\/www.miamibeachfl.gov\/#\/schema\/logo\/image\/","url":"https:\/\/www.miamibeachfl.gov\/wp-content\/uploads\/2022\/06\/miamibeach-logoblue.png","contentUrl":"https:\/\/www.miamibeachfl.gov\/wp-content\/uploads\/2022\/06\/miamibeach-logoblue.png","width":1962,"height":381,"caption":"City of Miami Beach"},"image":{"@id":"https:\/\/www.miamibeachfl.gov\/#\/schema\/logo\/image\/"},"sameAs":["https:\/\/www.facebook.com\/cityofmiamibeach","https:\/\/x.com\/Miamibeachnews","https:\/\/www.instagram.com\/miamibeachnews\/"],"description":"Site oficial da cidade de Miami Beach. Mantenha-se informado e encontre informa\u00e7\u00f5es importantes sobre servi\u00e7os municipais, not\u00edcias, alertas, eventos, rotas de bonde, empregos p\u00fablicos e muito mais.","telephone":"305.604.CITY(2489)","legalName":"City of Miami Beach"}]}},"_links":{"self":[{"href":"https:\/\/www.miamibeachfl.gov\/pt\/wp-json\/wp\/v2\/pages\/225539","targetHints":{"allow":["GET"]}}],"collection":[{"href":"https:\/\/www.miamibeachfl.gov\/pt\/wp-json\/wp\/v2\/pages"}],"about":[{"href":"https:\/\/www.miamibeachfl.gov\/pt\/wp-json\/wp\/v2\/types\/page"}],"author":[{"embeddable":true,"href":"https:\/\/www.miamibeachfl.gov\/pt\/wp-json\/wp\/v2\/users\/222"}],"replies":[{"embeddable":true,"href":"https:\/\/www.miamibeachfl.gov\/pt\/wp-json\/wp\/v2\/comments?post=225539"}],"version-history":[{"count":3,"href":"https:\/\/www.miamibeachfl.gov\/pt\/wp-json\/wp\/v2\/pages\/225539\/revisions"}],"predecessor-version":[{"id":399346,"href":"https:\/\/www.miamibeachfl.gov\/pt\/wp-json\/wp\/v2\/pages\/225539\/revisions\/399346"}],"up":[{"embeddable":true,"href":"https:\/\/www.miamibeachfl.gov\/pt\/wp-json\/wp\/v2\/pages\/225181"}],"wp:attachment":[{"href":"https:\/\/www.miamibeachfl.gov\/pt\/wp-json\/wp\/v2\/media?parent=225539"}],"wp:term":[{"taxonomy":"category","embeddable":true,"href":"https:\/\/www.miamibeachfl.gov\/pt\/wp-json\/wp\/v2\/categories?post=225539"},{"taxonomy":"post_tag","embeddable":true,"href":"https:\/\/www.miamibeachfl.gov\/pt\/wp-json\/wp\/v2\/tags?post=225539"}],"curies":[{"name":"wp","href":"https:\/\/api.w.org\/{rel}","templated":true}]}}