{"id":226391,"date":"2022-10-17T08:54:05","date_gmt":"2022-10-17T12:54:05","guid":{"rendered":"https:\/\/www.miamibeachfl.gov\/?page_id=226391"},"modified":"2025-05-25T16:52:57","modified_gmt":"2025-05-25T20:52:57","slug":"community-survey","status":"publish","type":"page","link":"https:\/\/www.miamibeachfl.gov\/pt\/city-hall\/city-manager\/mission-vision-and-values\/strategic-planning\/community-survey\/","title":{"rendered":"Pesquisa Comunit\u00e1ria"},"content":{"rendered":"<h1>\n\t\t\tPesquisas comunit\u00e1rias\t<\/h1>\n\t<p>As Pesquisas de Satisfa\u00e7\u00e3o da Comunidade s\u00e3o uma importante ferramenta de engajamento desde 2005. Elas fornecem feedback de moradores e empresas sobre as prioridades da comunidade, a satisfa\u00e7\u00e3o com os servi\u00e7os e a qualidade de vida. Isso nos ajuda a continuar aprimorando os servi\u00e7os, mensurando o desempenho geral e garantindo que os esfor\u00e7os da cidade estejam alinhados \u00e0s prioridades da comunidade.<\/p>\n<p>Os resultados da pesquisa mostram os servi\u00e7os mais bem avaliados, bem como oportunidades de melhoria, permitindo que a cidade compreenda melhor as diferentes \u00e1reas geogr\u00e1ficas e empresas em Miami Beach. A pesquisa de 2024 foi realizada pelo ETC Institute, uma empresa de pesquisa de mercado que j\u00e1 desenvolveu milhares de pesquisas em todo o pa\u00eds. A empresa garante que cada domic\u00edlio e empresa tenha a mesma probabilidade de ser selecionada para a pesquisa.<\/p>\n\t\t\t<a href=\"https:\/\/etcinstitute.com\/directionfinder2-0\/miami-beach-fl\/\" target=\"_self\">\n\t\t\t\t\t\t\tPainel de Resultados da Pesquisa de 2024\n\t\t\t\t\t<\/a>\n\t<a href=\"\"  target=\"_self\">Resultados das pesquisas de satisfa\u00e7\u00e3o da comunidade:<\/a>\t\n\t\t<h2>2024\t\n\t<\/h2>\t\n\t\t\t<a href=\"https:\/\/www.miamibeachfl.gov\/wp-content\/uploads\/2024\/05\/2024MiamiBeach_Resident_FindingsReport.pdf\" target=\"_self\">\n\t\t\t\t\t\t\tPesquisa de Residentes\n\t\t\t\t\t<\/a>\n\t\t\t<a href=\"https:\/\/www.miamibeachfl.gov\/wp-content\/uploads\/2024\/05\/2024MiamiBeach_Business_FindingsReport.pdf\" target=\"_self\">\n\t\t\t\t\t\t\tPesquisa de neg\u00f3cios\n\t\t\t\t\t<\/a>\n\t\t\t<a href=\"https:\/\/www.miamibeachfl.gov\/wp-content\/uploads\/2024\/05\/MB-Res-and-Bus-Survey-Presentation-FINAL-MAY-2024.pdf\" target=\"_self\">\n\t\t\t\t\t\t\tApresenta\u00e7\u00e3o de Pesquisas Residenciais e Comerciais\n\t\t\t\t\t<\/a>\n\t\t<h2>2022\t\n\t<\/h2>\t\n\t\t\t<a href=\"https:\/\/www.miamibeachfl.gov\/wp-content\/uploads\/2022\/10\/Miami-Beach-2022-Resident-Survey_Summary-Report-Apr-20.pdf\" target=\"_self\">\n\t\t\t\t\t\t\tPesquisa de Residentes\n\t\t\t\t\t<\/a>\n\t\t\t<a href=\"https:\/\/www.miamibeachfl.gov\/wp-content\/uploads\/2022\/10\/2022-City-of-Miami-Beach-Business-Survey-Complete.pdf\" target=\"_self\">\n\t\t\t\t\t\t\tPesquisa de neg\u00f3cios\n\t\t\t\t\t<\/a>\n\t\t<h2>2019\t\n\t<\/h2>\t\n\t\t\t<a href=\"http:\/\/www.miamibeachfl.gov\/wp-content\/uploads\/2019\/05\/2019-Resident-Survey.pdf\" target=\"_self\">\n\t\t\t\t\t\t\tPesquisa de Residentes\n\t\t\t\t\t<\/a>\n\t\t\t<a href=\"http:\/\/www.miamibeachfl.gov\/wp-content\/uploads\/2019\/08\/MiamiBeach2019-Business-Report-Final.pdf\" target=\"_self\">\n\t\t\t\t\t\t\tPesquisa de neg\u00f3cios\n\t\t\t\t\t<\/a>\n\t\t<h2>2016\t\n\t<\/h2>\t\n\t\t\t<a href=\"https:\/\/www.miamibeachfl.gov\/wp-content\/uploads\/2017\/08\/MiamiBeach2016_Final-Report.pdf\" target=\"_self\">\n\t\t\t\t\t\t\tResultados da Pesquisa Comunit\u00e1ria\n\t\t\t\t\t<\/a>\n\t\t<h2>2014\t\n\t<\/h2>\t\n\t\t\t<a href=\"https:\/\/www.miamibeachfl.gov\/wp-content\/uploads\/2017\/08\/2014-Miami-Beach-Final-Report.pdf\" target=\"_self\">\n\t\t\t\t\t\t\tResultados da Pesquisa Comunit\u00e1ria\n\t\t\t\t\t<\/a>\n\t\t\t<a href=\"https:\/\/www.miamibeachfl.gov\/wp-content\/uploads\/2017\/08\/2014-Community-Survey-Executive-Summary.pdf\" target=\"_self\">\n\t\t\t\t\t\t\tResumo Executivo da Pesquisa\n\t\t\t\t\t<\/a>\n\t\t<h2>2012\t\n\t<\/h2>\t\n\t\t\t<a href=\"https:\/\/www.miamibeachfl.gov\/wp-content\/uploads\/2017\/08\/Survey-Final-Report-2012-revised-10-4-12.pdf\" target=\"_self\">\n\t\t\t\t\t\t\tResultados da Pesquisa Comunit\u00e1ria\n\t\t\t\t\t<\/a>\n\t\t<h2>2009\t\n\t<\/h2>\t\n\t\t\t<a href=\"https:\/\/www.miamibeachfl.gov\/wp-content\/uploads\/2017\/08\/2009-Miami-Beach-Final-Community-Survey-Report2.pdf\" target=\"_self\">\n\t\t\t\t\t\t\tResultados da Pesquisa Comunit\u00e1ria\n\t\t\t\t\t<\/a>\n\t\t<h2>2008\t\n\t<\/h2>\t\n\t\t\t<a href=\"https:\/\/www.miamibeachfl.gov\/wp-content\/uploads\/2017\/08\/City-of-Miami-Beach-NoBe-focus-group-summary-report.pdf\" target=\"_self\">\n\t\t\t\t\t\t\tResumo do Grupo de Foco da Comunidade de North Beach\n\t\t\t\t\t<\/a>\n\t\t<h2>2007\t\n\t<\/h2>\t\n\t\t\t<a href=\"https:\/\/www.miamibeachfl.gov\/wp-content\/uploads\/2017\/08\/Miami-Beach-2007-Community-Survey_Executive-Summary-42307.pdf\" target=\"_self\">\n\t\t\t\t\t\t\tResumo Executivo da Pesquisa Comunit\u00e1ria\n\t\t\t\t\t<\/a>\n\t\t\t<a href=\"https:\/\/www.miamibeachfl.gov\/wp-content\/uploads\/2017\/08\/2007-Miami-Beach-CSS-Results_EXPANDED-FINAL.pdf\" target=\"_self\">\n\t\t\t\t\t\t\tResultados da Pesquisa Comunit\u00e1ria\n\t\t\t\t\t<\/a>\n\t\t\t<a href=\"https:\/\/www.miamibeachfl.gov\/wp-content\/uploads\/2017\/08\/Greater-Miami-Visitor-Profile-2007.pdf\" target=\"_self\">\n\t\t\t\t\t\t\tEstudo de Perfil do Visitante e Impacto Econ\u00f4mico\n\t\t\t\t\t<\/a>\n\t\t<h2>2006\t\n\t<\/h2>\t\n\t\t\t<a href=\"https:\/\/www.miamibeachfl.gov\/wp-content\/uploads\/2017\/08\/Miami-Beach-Community-Data-Interview-Summary.pdf\" target=\"_self\">\n\t\t\t\t\t\t\tResumo do Grupo de Foco da Comunidade\n\t\t\t\t\t<\/a>\n\t\t\t<a href=\"https:\/\/www.miamibeachfl.gov\/wp-content\/uploads\/2017\/08\/Visitor-Survey-2006-and-Economic-Impact-Study.pdf\" target=\"_self\">\n\t\t\t\t\t\t\tEstudo de Perfil do Visitante e Impacto Econ\u00f4mico\n\t\t\t\t\t<\/a>\n\t\t<h2>2005\t\n\t<\/h2>\t\n\t\t\t<a href=\"https:\/\/www.miamibeachfl.gov\/wp-content\/uploads\/2017\/08\/Survey-Executive-Summary-Final-5-18-05.pdf\" target=\"_self\">\n\t\t\t\t\t\t\tResumo Executivo da Pesquisa Comunit\u00e1ria\n\t\t\t\t\t<\/a>\n\t\t\t<a href=\"https:\/\/www.miamibeachfl.gov\/wp-content\/uploads\/2017\/08\/FY-05-06-Survey-Results-Chamber-presentation.pdf\" target=\"_self\">\n\t\t\t\t\t\t\tResultados da Pesquisa Comunit\u00e1ria\n\t\t\t\t\t<\/a>\n\t\t\t<a href=\"https:\/\/www.miamibeachfl.gov\/pt\/residents\/neighborhood-associations\/neighborhood-affairs-division\/\" target=\"_self\">\n\t\t\t\t\t\tDivis\u00e3o de Assuntos de Bairro\n\t\t\t\t\t<\/a>","protected":false},"excerpt":{"rendered":"<p>Pesquisas Comunit\u00e1rias As Pesquisas de Satisfa\u00e7\u00e3o Comunit\u00e1ria t\u00eam sido uma importante ferramenta de engajamento desde 2005. Elas fornecem feedback dos moradores e [\u2026]<\/p>","protected":false},"author":222,"featured_media":0,"parent":28282,"menu_order":0,"comment_status":"closed","ping_status":"closed","template":"","meta":{"_searchwp_excluded":"","site-sidebar-layout":"default","site-content-layout":"","ast-site-content-layout":"default","site-content-style":"default","site-sidebar-style":"default","ast-global-header-display":"","ast-banner-title-visibility":"","ast-main-header-display":"","ast-hfb-above-header-display":"","ast-hfb-below-header-display":"","ast-hfb-mobile-header-display":"","site-post-title":"","ast-breadcrumbs-content":"","ast-featured-img":"","footer-sml-layout":"","theme-transparent-header-meta":"","adv-header-id-meta":"","stick-header-meta":"","header-above-stick-meta":"","header-main-stick-meta":"","header-below-stick-meta":"","astra-migrate-meta-layouts":"default","ast-page-background-enabled":"default","ast-page-background-meta":{"desktop":{"background-color":"var(--ast-global-color-5)","background-image":"","background-repeat":"repeat","background-position":"center center","background-size":"auto","background-attachment":"scroll","background-type":"","background-media":"","overlay-type":"","overlay-color":"","overlay-opacity":"","overlay-gradient":""},"tablet":{"background-color":"","background-image":"","background-repeat":"repeat","background-position":"center center","background-size":"auto","background-attachment":"scroll","background-type":"","background-media":"","overlay-type":"","overlay-color":"","overlay-opacity":"","overlay-gradient":""},"mobile":{"background-color":"","background-image":"","background-repeat":"repeat","background-position":"center center","background-size":"auto","background-attachment":"scroll","background-type":"","background-media":"","overlay-type":"","overlay-color":"","overlay-opacity":"","overlay-gradient":""}},"ast-content-background-meta":{"desktop":{"background-color":"var(--ast-global-color-4)","background-image":"","background-repeat":"repeat","background-position":"center center","background-size":"auto","background-attachment":"scroll","background-type":"","background-media":"","overlay-type":"","overlay-color":"","overlay-opacity":"","overlay-gradient":""},"tablet":{"background-color":"var(--ast-global-color-4)","background-image":"","background-repeat":"repeat","background-position":"center center","background-size":"auto","background-attachment":"scroll","background-type":"","background-media":"","overlay-type":"","overlay-color":"","overlay-opacity":"","overlay-gradient":""},"mobile":{"background-color":"var(--ast-global-color-4)","background-image":"","background-repeat":"repeat","background-position":"center center","background-size":"auto","background-attachment":"scroll","background-type":"","background-media":"","overlay-type":"","overlay-color":"","overlay-opacity":"","overlay-gradient":""}},"footnotes":""},"categories":[],"tags":[],"class_list":["post-226391","page","type-page","status-publish","hentry"],"yoast_head":"<!-- This site is optimized with the Yoast SEO Premium plugin v26.6 (Yoast SEO v26.6) - https:\/\/yoast.com\/wordpress\/plugins\/seo\/ -->\n<title>Community Survey - City of Miami Beach<\/title>\n<meta name=\"description\" content=\"Miami Beach Community Satisfaction Surveys provide feedback from residents and businesses on community priorities, service satisfaction, and quality of life. Making sure that city efforts align with community priorities.\" \/>\n<meta name=\"robots\" content=\"index, follow, max-snippet:-1, max-image-preview:large, max-video-preview:-1\" \/>\n<link rel=\"canonical\" href=\"https:\/\/www.miamibeachfl.gov\/pt\/city-hall\/city-manager\/mission-vision-and-values\/strategic-planning\/community-survey\/\" \/>\n<meta property=\"og:locale\" content=\"pt_BR\" \/>\n<meta property=\"og:type\" content=\"article\" \/>\n<meta property=\"og:title\" content=\"Community Survey\" \/>\n<meta property=\"og:description\" content=\"Miami Beach Community Satisfaction Surveys provide feedback from residents and businesses on community priorities, service satisfaction, and quality of life. Making sure that city efforts align with community priorities.\" \/>\n<meta property=\"og:url\" content=\"https:\/\/www.miamibeachfl.gov\/pt\/city-hall\/city-manager\/mission-vision-and-values\/strategic-planning\/community-survey\/\" \/>\n<meta property=\"og:site_name\" content=\"City of Miami Beach\" \/>\n<meta property=\"article:publisher\" content=\"https:\/\/www.facebook.com\/cityofmiamibeach\" \/>\n<meta property=\"article:modified_time\" content=\"2025-05-25T20:52:57+00:00\" \/>\n<meta property=\"og:image\" content=\"https:\/\/www.miamibeachfl.gov\/wp-content\/uploads\/2024\/01\/1000pxSquare-miamibeach-aerial-southpointview.jpeg\" \/>\n\t<meta property=\"og:image:width\" content=\"1000\" \/>\n\t<meta property=\"og:image:height\" content=\"1000\" \/>\n\t<meta property=\"og:image:type\" content=\"image\/jpeg\" \/>\n<meta name=\"twitter:card\" content=\"summary_large_image\" \/>\n<meta name=\"twitter:site\" content=\"@Miamibeachnews\" \/>\n<script type=\"application\/ld+json\" class=\"yoast-schema-graph\">{\"@context\":\"https:\/\/schema.org\",\"@graph\":[{\"@type\":\"WebPage\",\"@id\":\"https:\/\/www.miamibeachfl.gov\/city-hall\/city-manager\/mission-vision-and-values\/strategic-planning\/community-survey\/\",\"url\":\"https:\/\/www.miamibeachfl.gov\/city-hall\/city-manager\/mission-vision-and-values\/strategic-planning\/community-survey\/\",\"name\":\"Community Survey - City of Miami Beach\",\"isPartOf\":{\"@id\":\"https:\/\/www.miamibeachfl.gov\/#website\"},\"datePublished\":\"2022-10-17T12:54:05+00:00\",\"dateModified\":\"2025-05-25T20:52:57+00:00\",\"description\":\"Miami Beach Community Satisfaction Surveys provide feedback from residents and businesses on community priorities, service satisfaction, and quality of life. Making sure that city efforts align with community priorities.\",\"breadcrumb\":{\"@id\":\"https:\/\/www.miamibeachfl.gov\/city-hall\/city-manager\/mission-vision-and-values\/strategic-planning\/community-survey\/#breadcrumb\"},\"inLanguage\":\"pt-BR\",\"potentialAction\":[{\"@type\":\"ReadAction\",\"target\":[\"https:\/\/www.miamibeachfl.gov\/city-hall\/city-manager\/mission-vision-and-values\/strategic-planning\/community-survey\/\"]}]},{\"@type\":\"BreadcrumbList\",\"@id\":\"https:\/\/www.miamibeachfl.gov\/city-hall\/city-manager\/mission-vision-and-values\/strategic-planning\/community-survey\/#breadcrumb\",\"itemListElement\":[{\"@type\":\"ListItem\",\"position\":1,\"name\":\"Home\",\"item\":\"https:\/\/www.miamibeachfl.gov\/\"},{\"@type\":\"ListItem\",\"position\":2,\"name\":\"City Hall\",\"item\":\"https:\/\/www.miamibeachfl.gov\/city-hall\/\"},{\"@type\":\"ListItem\",\"position\":3,\"name\":\"City Manager\",\"item\":\"https:\/\/www.miamibeachfl.gov\/city-hall\/city-manager\/\"},{\"@type\":\"ListItem\",\"position\":4,\"name\":\"Mission, Vision, And Values\",\"item\":\"https:\/\/www.miamibeachfl.gov\/city-hall\/city-manager\/mission-vision-and-values\/\"},{\"@type\":\"ListItem\",\"position\":5,\"name\":\"Protected: Strategic Planning\",\"item\":\"https:\/\/www.miamibeachfl.gov\/?page_id=28282\"},{\"@type\":\"ListItem\",\"position\":6,\"name\":\"Community Survey\"}]},{\"@type\":\"WebSite\",\"@id\":\"https:\/\/www.miamibeachfl.gov\/#website\",\"url\":\"https:\/\/www.miamibeachfl.gov\/\",\"name\":\"City of Miami Beach\",\"description\":\"The official website of the City of Miami Beach. Stay informed, find important information on city services, news, alerts, events, trolley routes, government employment and more.\",\"publisher\":{\"@id\":\"https:\/\/www.miamibeachfl.gov\/#organization\"},\"potentialAction\":[{\"@type\":\"SearchAction\",\"target\":{\"@type\":\"EntryPoint\",\"urlTemplate\":\"https:\/\/www.miamibeachfl.gov\/?s={search_term_string}\"},\"query-input\":{\"@type\":\"PropertyValueSpecification\",\"valueRequired\":true,\"valueName\":\"search_term_string\"}}],\"inLanguage\":\"pt-BR\"},{\"@type\":\"Organization\",\"@id\":\"https:\/\/www.miamibeachfl.gov\/#organization\",\"name\":\"City of Miami Beach\",\"url\":\"https:\/\/www.miamibeachfl.gov\/\",\"logo\":{\"@type\":\"ImageObject\",\"inLanguage\":\"pt-BR\",\"@id\":\"https:\/\/www.miamibeachfl.gov\/#\/schema\/logo\/image\/\",\"url\":\"https:\/\/www.miamibeachfl.gov\/wp-content\/uploads\/2022\/06\/miamibeach-logoblue.png\",\"contentUrl\":\"https:\/\/www.miamibeachfl.gov\/wp-content\/uploads\/2022\/06\/miamibeach-logoblue.png\",\"width\":1962,\"height\":381,\"caption\":\"City of Miami Beach\"},\"image\":{\"@id\":\"https:\/\/www.miamibeachfl.gov\/#\/schema\/logo\/image\/\"},\"sameAs\":[\"https:\/\/www.facebook.com\/cityofmiamibeach\",\"https:\/\/x.com\/Miamibeachnews\",\"https:\/\/www.instagram.com\/miamibeachnews\/\"],\"description\":\"The official website of the City of Miami Beach. Stay informed, find important information on city services, news, alerts, events, trolley routes, government employment and more.\",\"telephone\":\"305.604.CITY(2489)\",\"legalName\":\"City of Miami Beach\"}]}<\/script>\n<!-- \/ Yoast SEO Premium plugin. -->","yoast_head_json":{"title":"Pesquisa Comunit\u00e1ria - Cidade de Miami Beach","description":"As Pesquisas de Satisfa\u00e7\u00e3o da Comunidade de Miami Beach fornecem feedback de moradores e empresas sobre as prioridades da comunidade, satisfa\u00e7\u00e3o com os servi\u00e7os e qualidade de vida. Garantindo que os esfor\u00e7os da cidade estejam alinhados com as prioridades da comunidade.","robots":{"index":"index","follow":"follow","max-snippet":"max-snippet:-1","max-image-preview":"max-image-preview:large","max-video-preview":"max-video-preview:-1"},"canonical":"https:\/\/www.miamibeachfl.gov\/pt\/city-hall\/city-manager\/mission-vision-and-values\/strategic-planning\/community-survey\/","og_locale":"pt_BR","og_type":"article","og_title":"Community Survey","og_description":"Miami Beach Community Satisfaction Surveys provide feedback from residents and businesses on community priorities, service satisfaction, and quality of life. Making sure that city efforts align with community priorities.","og_url":"https:\/\/www.miamibeachfl.gov\/pt\/city-hall\/city-manager\/mission-vision-and-values\/strategic-planning\/community-survey\/","og_site_name":"City of Miami Beach","article_publisher":"https:\/\/www.facebook.com\/cityofmiamibeach","article_modified_time":"2025-05-25T20:52:57+00:00","og_image":[{"width":1000,"height":1000,"url":"https:\/\/www.miamibeachfl.gov\/wp-content\/uploads\/2024\/01\/1000pxSquare-miamibeach-aerial-southpointview.jpeg","type":"image\/jpeg"}],"twitter_card":"summary_large_image","twitter_site":"@Miamibeachnews","schema":{"@context":"https:\/\/schema.org","@graph":[{"@type":"WebPage","@id":"https:\/\/www.miamibeachfl.gov\/city-hall\/city-manager\/mission-vision-and-values\/strategic-planning\/community-survey\/","url":"https:\/\/www.miamibeachfl.gov\/city-hall\/city-manager\/mission-vision-and-values\/strategic-planning\/community-survey\/","name":"Pesquisa Comunit\u00e1ria - Cidade de Miami Beach","isPartOf":{"@id":"https:\/\/www.miamibeachfl.gov\/#website"},"datePublished":"2022-10-17T12:54:05+00:00","dateModified":"2025-05-25T20:52:57+00:00","description":"As Pesquisas de Satisfa\u00e7\u00e3o da Comunidade de Miami Beach fornecem feedback de moradores e empresas sobre as prioridades da comunidade, satisfa\u00e7\u00e3o com os servi\u00e7os e qualidade de vida. Garantindo que os esfor\u00e7os da cidade estejam alinhados com as prioridades da comunidade.","breadcrumb":{"@id":"https:\/\/www.miamibeachfl.gov\/city-hall\/city-manager\/mission-vision-and-values\/strategic-planning\/community-survey\/#breadcrumb"},"inLanguage":"pt-BR","potentialAction":[{"@type":"ReadAction","target":["https:\/\/www.miamibeachfl.gov\/city-hall\/city-manager\/mission-vision-and-values\/strategic-planning\/community-survey\/"]}]},{"@type":"BreadcrumbList","@id":"https:\/\/www.miamibeachfl.gov\/city-hall\/city-manager\/mission-vision-and-values\/strategic-planning\/community-survey\/#breadcrumb","itemListElement":[{"@type":"ListItem","position":1,"name":"Home","item":"https:\/\/www.miamibeachfl.gov\/"},{"@type":"ListItem","position":2,"name":"City Hall","item":"https:\/\/www.miamibeachfl.gov\/city-hall\/"},{"@type":"ListItem","position":3,"name":"City Manager","item":"https:\/\/www.miamibeachfl.gov\/city-hall\/city-manager\/"},{"@type":"ListItem","position":4,"name":"Mission, Vision, And Values","item":"https:\/\/www.miamibeachfl.gov\/city-hall\/city-manager\/mission-vision-and-values\/"},{"@type":"ListItem","position":5,"name":"Protected: Strategic Planning","item":"https:\/\/www.miamibeachfl.gov\/?page_id=28282"},{"@type":"ListItem","position":6,"name":"Community Survey"}]},{"@type":"WebSite","@id":"https:\/\/www.miamibeachfl.gov\/#website","url":"https:\/\/www.miamibeachfl.gov\/","name":"Cidade de Miami Beach","description":"Site oficial da cidade de Miami Beach. Mantenha-se informado e encontre informa\u00e7\u00f5es importantes sobre servi\u00e7os municipais, not\u00edcias, alertas, eventos, rotas de bonde, empregos p\u00fablicos e muito mais.","publisher":{"@id":"https:\/\/www.miamibeachfl.gov\/#organization"},"potentialAction":[{"@type":"SearchAction","target":{"@type":"EntryPoint","urlTemplate":"https:\/\/www.miamibeachfl.gov\/?s={search_term_string}"},"query-input":{"@type":"PropertyValueSpecification","valueRequired":true,"valueName":"search_term_string"}}],"inLanguage":"pt-BR"},{"@type":"Organization","@id":"https:\/\/www.miamibeachfl.gov\/#organization","name":"Cidade de Miami Beach","url":"https:\/\/www.miamibeachfl.gov\/","logo":{"@type":"ImageObject","inLanguage":"pt-BR","@id":"https:\/\/www.miamibeachfl.gov\/#\/schema\/logo\/image\/","url":"https:\/\/www.miamibeachfl.gov\/wp-content\/uploads\/2022\/06\/miamibeach-logoblue.png","contentUrl":"https:\/\/www.miamibeachfl.gov\/wp-content\/uploads\/2022\/06\/miamibeach-logoblue.png","width":1962,"height":381,"caption":"City of Miami Beach"},"image":{"@id":"https:\/\/www.miamibeachfl.gov\/#\/schema\/logo\/image\/"},"sameAs":["https:\/\/www.facebook.com\/cityofmiamibeach","https:\/\/x.com\/Miamibeachnews","https:\/\/www.instagram.com\/miamibeachnews\/"],"description":"Site oficial da cidade de Miami Beach. Mantenha-se informado e encontre informa\u00e7\u00f5es importantes sobre servi\u00e7os municipais, not\u00edcias, alertas, eventos, rotas de bonde, empregos p\u00fablicos e muito mais.","telephone":"305.604.CITY(2489)","legalName":"City of Miami Beach"}]}},"_links":{"self":[{"href":"https:\/\/www.miamibeachfl.gov\/pt\/wp-json\/wp\/v2\/pages\/226391","targetHints":{"allow":["GET"]}}],"collection":[{"href":"https:\/\/www.miamibeachfl.gov\/pt\/wp-json\/wp\/v2\/pages"}],"about":[{"href":"https:\/\/www.miamibeachfl.gov\/pt\/wp-json\/wp\/v2\/types\/page"}],"author":[{"embeddable":true,"href":"https:\/\/www.miamibeachfl.gov\/pt\/wp-json\/wp\/v2\/users\/222"}],"replies":[{"embeddable":true,"href":"https:\/\/www.miamibeachfl.gov\/pt\/wp-json\/wp\/v2\/comments?post=226391"}],"version-history":[{"count":0,"href":"https:\/\/www.miamibeachfl.gov\/pt\/wp-json\/wp\/v2\/pages\/226391\/revisions"}],"up":[{"embeddable":true,"href":"https:\/\/www.miamibeachfl.gov\/pt\/wp-json\/wp\/v2\/pages\/28282"}],"wp:attachment":[{"href":"https:\/\/www.miamibeachfl.gov\/pt\/wp-json\/wp\/v2\/media?parent=226391"}],"wp:term":[{"taxonomy":"category","embeddable":true,"href":"https:\/\/www.miamibeachfl.gov\/pt\/wp-json\/wp\/v2\/categories?post=226391"},{"taxonomy":"post_tag","embeddable":true,"href":"https:\/\/www.miamibeachfl.gov\/pt\/wp-json\/wp\/v2\/tags?post=226391"}],"curies":[{"name":"wp","href":"https:\/\/api.w.org\/{rel}","templated":true}]}}