{"id":233181,"date":"2022-12-06T15:34:33","date_gmt":"2022-12-06T20:34:33","guid":{"rendered":"https:\/\/www.miamibeachfl.gov\/?page_id=233181"},"modified":"2026-02-11T10:12:05","modified_gmt":"2026-02-11T15:12:05","slug":"neighborhood-affairs-division","status":"publish","type":"page","link":"https:\/\/www.miamibeachfl.gov\/pt\/residents\/neighborhood-affairs-division\/","title":{"rendered":"Divis\u00e3o de Assuntos de Bairro"},"content":{"rendered":"<h1>\n\t\t\tDivis\u00e3o de Assuntos de Bairro\t<\/h1>\nCard\u00e1pio para Residentes\t\t\t\n\t\t\t\t\t<ul id=\"menu-residents\"><li id=\"menu-item-258178\"><a href=\"\/pt\/residents\/\">Moradores<\/a><\/li>\n<li id=\"menu-item-259185\"><a href=\"\/pt\/neighborhood-associations\/\">Associa\u00e7\u00f5es de bairros e condom\u00ednios<\/a><\/li>\n<li id=\"menu-item-258180\"><a href=\"\/pt\/residents\/neighborhood-affairs-division\/\">Assuntos de Bairro<\/a><\/li>\n<li id=\"menu-item-258181\"><a href=\"\/pt\/community-events-and-perks\/\">Vantagens e descontos<\/a><\/li>\n<li id=\"menu-item-258182\"><a href=\"\/pt\/animal-control\/\">Cuidado e controle de animais<\/a><\/li>\n<li id=\"menu-item-258183\"><a href=\"\/pt\/city-hall\/cip\/active-projects\/\">Projetos Ativos<\/a><\/li>\n<li id=\"menu-item-281156\" aria-haspopup=\"true\"><a aria-expanded=\"false\" href=\"\/pt\/engagementtoolbox\/\">Fique conectado<\/a>\n<ul>\n\t<li id=\"menu-item-396190\"><a href=\"\/pt\/residents\/resident-guide\/#importantnumbers\">N\u00fameros importantes<\/a><\/li>\n<\/ul>\n<\/li>\n<\/ul>\t\nMenu para Residentes \u00d7\t\t\t\t\t\t<ul id=\"menu-residents-1\"><li id=\"menu-item-258178\"><a href=\"\/pt\/residents\/\">Moradores<\/a><\/li>\n<li id=\"menu-item-259185\"><a href=\"\/pt\/neighborhood-associations\/\">Associa\u00e7\u00f5es de bairros e condom\u00ednios<\/a><\/li>\n<li id=\"menu-item-258180\"><a href=\"\/pt\/residents\/neighborhood-affairs-division\/\">Assuntos de Bairro<\/a><\/li>\n<li id=\"menu-item-258181\"><a href=\"\/pt\/community-events-and-perks\/\">Vantagens e descontos<\/a><\/li>\n<li id=\"menu-item-258182\"><a href=\"\/pt\/animal-control\/\">Cuidado e controle de animais<\/a><\/li>\n<li id=\"menu-item-258183\"><a href=\"\/pt\/city-hall\/cip\/active-projects\/\">Projetos Ativos<\/a><\/li>\n<li id=\"menu-item-281156\" aria-haspopup=\"true\"><a aria-expanded=\"false\" href=\"\/pt\/engagementtoolbox\/\">Fique conectado<\/a>\n<ul>\n\t<li id=\"menu-item-396190\"><a href=\"\/pt\/residents\/resident-guide\/#importantnumbers\">N\u00fameros importantes<\/a><\/li>\n<\/ul>\n<\/li>\n<\/ul>\t\t\t\t\n\t<p>A Divis\u00e3o de Assuntos de Bairro promove parcerias s\u00f3lidas entre a comunidade e os departamentos de servi\u00e7os operacionais da cidade para melhorar a qualidade de vida de moradores e empresas. Nossa equipe de Coordenadores de Assuntos de Bairro interage ativamente com a comunidade para identificar necessidades e solicita\u00e7\u00f5es espec\u00edficas e fornecer um atendimento \u00e1gil e \u00e1gil. Nosso objetivo \u00e9 facilitar a comunica\u00e7\u00e3o, promover o engajamento c\u00edvico e construir um senso de orgulho e propriedade nos bairros para criar uma cidade mais forte, conectada e pr\u00f3spera.<\/p>\n\t\t\t<a href =\"https:\/\/www.miamibeachfl.gov\/pt\/city-hall\/cip\/active-projects\/\" target=\"_self\"  aria-label=\"Veja o mapa interativo do projeto para constru\u00e7\u00e3o em toda a cidade Clique aqui para obter informa\u00e7\u00f5es sobre os projetos de constru\u00e7\u00e3o comunit\u00e1ria mais recentes\">\n\t\t\t\t\t\t\t\tVeja o mapa interativo do projeto para constru\u00e7\u00e3o em toda a cidade Clique aqui para obter informa\u00e7\u00f5es sobre os projetos de constru\u00e7\u00e3o comunit\u00e1ria mais recentes\t\t\t\t\t\t\t\n\t\t\t\t\t\t<\/a>\n\t\t\t\t<a href=\"https:\/\/www.miamibeachfl.gov\/pt\/residents\/neighborhood-associations\/\"  target=\"_self\" itemprop=\"url\">\n\t\t\t\t<img decoding=\"async\" src=\"https:\/\/www.miamibeachfl.gov\/wp-content\/uploads\/2022\/12\/icon-neighborhood_1.png\" alt=\"Neighborhoods and Condominium Associations\" itemprop=\"image\" height=\"641\" width=\"641\" title=\"\u00edcone-bairro_1\" onerror=\"this.style.display='none'\" loading=\"lazy\" \/>\n\t\t\t\t<\/a>\n<h2><a href=\"https:\/\/www.miamibeachfl.gov\/pt\/residents\/neighborhood-associations\/\" target=\"_self\">ASSOCIA\u00c7\u00d5ES DE BAIRROS<\/a><\/h2><a href=\"https:\/\/www.miamibeachfl.gov\/pt\/residents\/neighborhood-associations\/\"  target=\"_self\">Vizinhos se unem para criar uma melhor qualidade de vida<\/a>\t\n\t\t\t\t<a href=\"\/pt\/engagementtoolbox\/\"  target=\"_self\" itemprop=\"url\">\n\t\t\t\t<img decoding=\"async\" src=\"https:\/\/www.miamibeachfl.gov\/wp-content\/uploads\/2022\/12\/icon-engagementtoolbox.png\" alt=\"Engagement Toolbox\" itemprop=\"image\" height=\"641\" width=\"641\" title=\"\u00edcone-caixa de ferramentas de engajamento\" onerror=\"this.style.display='none'\" loading=\"lazy\" \/>\n\t\t\t\t<\/a>\n<h2><a href=\"\/pt\/engagementtoolbox\/\" target=\"_self\">CAIXA DE FERRAMENTAS DE ENGAJAMENTO<\/a><\/h2><a href=\"\/pt\/engagementtoolbox\/\"  target=\"_self\">Mantenha-se conectado e informado.<\/a>\t\n\t\t\t\t<a href=\"\/pt\/residents\/animal-control\/\"  target=\"_self\" itemprop=\"url\">\n\t\t\t\t<img decoding=\"async\" src=\"https:\/\/www.miamibeachfl.gov\/wp-content\/uploads\/2022\/12\/icon-animals.png\" alt=\"Animal Control\" itemprop=\"image\" height=\"641\" width=\"641\" title=\"animais-\u00edcones\" onerror=\"this.style.display='none'\" loading=\"lazy\" \/>\n\t\t\t\t<\/a>\n<h2><a href=\"\/pt\/residents\/animal-control\/\" target=\"_self\">CONTROLE DE ANIMAIS<\/a><\/h2><a href=\"\/pt\/residents\/animal-control\/\"  target=\"_self\">Informa\u00e7\u00f5es sobre gatos e iguanas de Sobe<\/a>\t\n\t\t\t\t<a href=\"https:\/\/gis.miamibeachfl.gov\/Html5Viewer\/index.html?viewer=PLC\"  target=\"_self\" itemprop=\"url\">\n\t\t\t\t<img decoding=\"async\" src=\"https:\/\/www.miamibeachfl.gov\/wp-content\/uploads\/2022\/12\/icon-trafficclosure.png\" alt=\"ROW Map\" itemprop=\"image\" height=\"641\" width=\"641\" title=\"fechamento de tr\u00e1fego de \u00edcones\" onerror=\"this.style.display='none'\" loading=\"lazy\" \/>\n\t\t\t\t<\/a>\n<h2><a href=\"https:\/\/gis.miamibeachfl.gov\/Html5Viewer\/index.html?viewer=PLC\" target=\"_self\">INTERDI\u00c7\u00d5ES DE FAIXAS POR TIPO DE PERMISS\u00c3O<\/a><\/h2><a href=\"https:\/\/gis.miamibeachfl.gov\/Html5Viewer\/index.html?viewer=PLC\"  target=\"_self\">Veja os fechamentos de faixas atuais e expirados por tipo de permiss\u00e3o.<\/a>\t\n\t\t\t\t<a href=\"\/pt\/city-hall\/city-manager\/mission-vision-and-values\/strategic-planning\/community-survey\/\"  target=\"_self\" itemprop=\"url\">\n\t\t\t\t<img decoding=\"async\" src=\"https:\/\/www.miamibeachfl.gov\/wp-content\/uploads\/2022\/12\/icon-surveys.png\" alt=\"Surveys\" itemprop=\"image\" height=\"641\" width=\"641\" title=\"pesquisas de \u00edcones\" onerror=\"this.style.display='none'\" loading=\"lazy\" \/>\n\t\t\t\t<\/a>\n<h2><a href=\"\/pt\/city-hall\/city-manager\/mission-vision-and-values\/strategic-planning\/community-survey\/\" target=\"_self\">PESQUISAS DE SATISFA\u00c7\u00c3O DA COMUNIDADE<\/a><\/h2><a href=\"\/pt\/city-hall\/city-manager\/mission-vision-and-values\/strategic-planning\/community-survey\/\"  target=\"_self\">Veja o feedback de moradores e empresas<\/a>\t\n\t\t\t\t<a href=\"http:\/\/www.mbrisingabove.com\/\"  target=\"_self\" itemprop=\"url\">\n\t\t\t\t<img decoding=\"async\" src=\"https:\/\/www.miamibeachfl.gov\/wp-content\/uploads\/2022\/12\/icon-mbrising.png\" alt=\"MB Rising Above\" itemprop=\"image\" height=\"641\" width=\"641\" title=\"icon-mbrising\" onerror=\"this.style.display='none'\" loading=\"lazy\" \/>\n\t\t\t\t<\/a>\n<h2><a href=\"http:\/\/www.mbrisingabove.com\/\" target=\"_self\">MB ELEVANDO-SE ACIMA<\/a><\/h2><a href=\"http:\/\/www.mbrisingabove.com\/\"  target=\"_self\">Saiba mais sobre as iniciativas de resili\u00eancia da cidade<\/a>\t\n\t\t\t\t<a href=\"https:\/\/www.miamibeachfl.gov\/pt\/business\/css\/\"  target=\"_self\" itemprop=\"url\">\n\t\t\t\t<img decoding=\"async\" src=\"https:\/\/www.miamibeachfl.gov\/wp-content\/uploads\/2022\/12\/icon-residencss.png\" alt=\"Citizen Self Service\" itemprop=\"image\" height=\"641\" width=\"641\" title=\"resid\u00eancia-\u00edcone\" onerror=\"this.style.display='none'\" loading=\"lazy\" \/>\n\t\t\t\t<\/a>\n<h2><a href=\"https:\/\/www.miamibeachfl.gov\/pt\/business\/css\/\" target=\"_self\">PORTAL DE ACESSO C\u00cdVICO<\/a><\/h2><a href=\"https:\/\/www.miamibeachfl.gov\/pt\/business\/css\/\"  target=\"_self\">Portal de servi\u00e7os da cidade. Visualizar\/Pagar\/Solicitar licen\u00e7as.<\/a>\t\n\t\t\t\t<a href=\"https:\/\/egovernment.miamibeachfl.gov\/EgovWeb\"  target=\"_self\" itemprop=\"url\">\n\t\t\t\t<img decoding=\"async\" src=\"https:\/\/www.miamibeachfl.gov\/wp-content\/uploads\/2022\/12\/icon-egov.png\" alt=\"E-Gov\" itemprop=\"image\" height=\"641\" width=\"641\" title=\"\u00edcone-egov\" onerror=\"this.style.display='none'\" loading=\"lazy\" \/>\n\t\t\t\t<\/a>\n<h2><a href=\"https:\/\/egovernment.miamibeachfl.gov\/EgovWeb\" target=\"_self\">DENUNCIAR UMA PREOCUPA\u00c7\u00c3O (EGOV)<\/a><\/h2><a href=\"https:\/\/egovernment.miamibeachfl.gov\/EgovWeb\"  target=\"_self\">Portal de solicita\u00e7\u00f5es e reclama\u00e7\u00f5es de servi\u00e7os da cidade<\/a>\t\n\t\t\t\t<a href=\"https:\/\/www.gombinfo.com\/\"  target=\"_self\" itemprop=\"url\">\n\t\t\t\t<img decoding=\"async\" src=\"https:\/\/www.miamibeachfl.gov\/wp-content\/uploads\/2022\/12\/icon-gobond.png\" alt=\"Construction hat icon\" itemprop=\"image\" height=\"641\" width=\"641\" title=\"\u00edcone-gobond\" onerror=\"this.style.display='none'\" loading=\"lazy\" \/>\n\t\t\t\t<\/a>\n<h2><a href=\"https:\/\/www.gombinfo.com\/\" target=\"_self\">GO BOND<\/a><\/h2><a href=\"https:\/\/www.gombinfo.com\/\"  target=\"_self\">Projetos de melhoria. Sua voz, em a\u00e7\u00e3o.<\/a>\t\n\t\t\t\t<a href=\"https:\/\/www.miamibeachfl.gov\/pt\/residents\/neighborhood-affairs-division\/#contactnad\"  target=\"_self\" itemprop=\"url\">\n\t\t\t\t<img decoding=\"async\" src=\"https:\/\/www.miamibeachfl.gov\/wp-content\/uploads\/2022\/12\/icon-home-css.png\" alt=\"Computer icon\" itemprop=\"image\" height=\"641\" width=\"641\" title=\"\u00edcone-home-css\" onerror=\"this.style.display='none'\" loading=\"lazy\" \/>\n\t\t\t\t<\/a>\n<h2><a href=\"https:\/\/www.miamibeachfl.gov\/pt\/residents\/neighborhood-affairs-division\/#contactnad\" target=\"_self\">PESQUISAS DE SATISFA\u00c7\u00c3O DA COMUNIDADE<\/a><\/h2><a href=\"https:\/\/www.miamibeachfl.gov\/pt\/residents\/neighborhood-affairs-division\/#contactnad\"  target=\"_self\">Para obter mais informa\u00e7\u00f5es, entre em contato com um representante do Departamento de Assuntos Comunit\u00e1rios.<\/a>\t\n<h3>\n\t\t\tEntre em contato com a Neighborhood Affairs\t<\/h3>\n<h2>\n\t\t\tNorth Beach e toda a cidade:\t<\/h2>\n\t\t\t <p><b>Nicolau Levy<br \/><\/b>Coordenador de Assuntos de Bairro<\/p>\t\t\n\t\t\t <p><a href=\"mailto:NicholasLevy@MiamiBeachFl.gov\">NicholasLevy@MiamiBeachFl.gov<\/a><\/p>\t\t\n\t<h2  id=\"contactmidbeach\">\n\t\t\tPraia do Meio:\t<\/h2>\n\t\t\t <p><strong>Gabriela Gonzalez<\/strong><br \/>Coordenador de Assuntos de Bairro <\/p>\t\t\n\t\t\t <p><a href=\"mailto:GabriellaGonzalez@MiamiBeachFl.gov\">GabriellaGonzalez@MiamiBeachFl.gov<\/a><\/p>\n\t<h2  id=\"nadcontact\">\n\t\t\tPraia do Sul:\t<\/h2>\n\t\t\t <p><strong>Lauren Firtel<\/strong><br \/>Gerente de Assuntos de Bairro de South Beach<\/p>\t\t\n\t\t\t <p><a href=\"mailto:KevinPulido@MiamiBeachFl.gov\">LaurenFirtel@MiamiBeachFl.gov<\/a><\/p>","protected":false},"excerpt":{"rendered":"<p>Neighborhood Affairs Division Residents Menu Residents Neighborhood &#038; Condo Associations Neighborhood Affairs Perks &#038; Discounts Animal Care &#038; Control Active [&hellip;]<\/p>\n","protected":false},"author":222,"featured_media":0,"parent":29238,"menu_order":0,"comment_status":"closed","ping_status":"closed","template":"","meta":{"_searchwp_excluded":"","site-sidebar-layout":"default","site-content-layout":"","ast-site-content-layout":"default","site-content-style":"default","site-sidebar-style":"default","ast-global-header-display":"","ast-banner-title-visibility":"","ast-main-header-display":"","ast-hfb-above-header-display":"","ast-hfb-below-header-display":"","ast-hfb-mobile-header-display":"","site-post-title":"","ast-breadcrumbs-content":"","ast-featured-img":"","footer-sml-layout":"","ast-disable-related-posts":"","theme-transparent-header-meta":"","adv-header-id-meta":"","stick-header-meta":"","header-above-stick-meta":"","header-main-stick-meta":"","header-below-stick-meta":"","astra-migrate-meta-layouts":"default","ast-page-background-enabled":"default","ast-page-background-meta":{"desktop":{"background-color":"var(--ast-global-color-5)","background-image":"","background-repeat":"repeat","background-position":"center center","background-size":"auto","background-attachment":"scroll","background-type":"","background-media":"","overlay-type":"","overlay-color":"","overlay-opacity":"","overlay-gradient":""},"tablet":{"background-color":"","background-image":"","background-repeat":"repeat","background-position":"center center","background-size":"auto","background-attachment":"scroll","background-type":"","background-media":"","overlay-type":"","overlay-color":"","overlay-opacity":"","overlay-gradient":""},"mobile":{"background-color":"","background-image":"","background-repeat":"repeat","background-position":"center center","background-size":"auto","background-attachment":"scroll","background-type":"","background-media":"","overlay-type":"","overlay-color":"","overlay-opacity":"","overlay-gradient":""}},"ast-content-background-meta":{"desktop":{"background-color":"var(--ast-global-color-4)","background-image":"","background-repeat":"repeat","background-position":"center center","background-size":"auto","background-attachment":"scroll","background-type":"","background-media":"","overlay-type":"","overlay-color":"","overlay-opacity":"","overlay-gradient":""},"tablet":{"background-color":"var(--ast-global-color-4)","background-image":"","background-repeat":"repeat","background-position":"center center","background-size":"auto","background-attachment":"scroll","background-type":"","background-media":"","overlay-type":"","overlay-color":"","overlay-opacity":"","overlay-gradient":""},"mobile":{"background-color":"var(--ast-global-color-4)","background-image":"","background-repeat":"repeat","background-position":"center center","background-size":"auto","background-attachment":"scroll","background-type":"","background-media":"","overlay-type":"","overlay-color":"","overlay-opacity":"","overlay-gradient":""}},"footnotes":""},"categories":[],"tags":[],"class_list":["post-233181","page","type-page","status-publish","hentry"],"yoast_head":"<!-- This site is optimized with the Yoast SEO Premium plugin v27.4 (Yoast SEO v27.4) - https:\/\/yoast.com\/product\/yoast-seo-premium-wordpress\/ -->\n<title>Neighborhood Affairs Division - City of Miami Beach<\/title>\n<meta name=\"description\" content=\"The Neighborhood Affairs Division fosters strong partnerships between the community and the city&#039;s operational service departments to improve the quality of life for residents and businesses.\" \/>\n<meta name=\"robots\" content=\"index, follow, max-snippet:-1, max-image-preview:large, max-video-preview:-1\" \/>\n<link rel=\"canonical\" href=\"https:\/\/www.miamibeachfl.gov\/pt\/residents\/neighborhood-affairs-division\/\" \/>\n<meta property=\"og:locale\" content=\"pt_BR\" \/>\n<meta property=\"og:type\" content=\"article\" \/>\n<meta property=\"og:title\" content=\"Neighborhood Affairs Division\" \/>\n<meta property=\"og:description\" content=\"The Neighborhood Affairs Division fosters strong partnerships between the community and the city&#039;s operational service departments to improve the quality of life for residents and businesses.\" \/>\n<meta property=\"og:url\" content=\"https:\/\/www.miamibeachfl.gov\/pt\/residents\/neighborhood-affairs-division\/\" \/>\n<meta property=\"og:site_name\" content=\"City of Miami Beach\" \/>\n<meta property=\"article:publisher\" content=\"https:\/\/www.facebook.com\/cityofmiamibeach\" \/>\n<meta property=\"article:modified_time\" content=\"2026-02-11T15:12:05+00:00\" \/>\n<meta property=\"og:image\" content=\"https:\/\/www.miamibeachfl.gov\/wp-content\/uploads\/2023\/04\/Venetian-Islands-Bridge-Project-scaled.jpg\" \/>\n\t<meta property=\"og:image:width\" content=\"2560\" \/>\n\t<meta property=\"og:image:height\" content=\"1705\" \/>\n\t<meta property=\"og:image:type\" content=\"image\/jpeg\" \/>\n<meta name=\"twitter:card\" content=\"summary_large_image\" \/>\n<meta name=\"twitter:site\" content=\"@Miamibeachnews\" \/>\n<script type=\"application\/ld+json\" class=\"yoast-schema-graph\">{\"@context\":\"https:\\\/\\\/schema.org\",\"@graph\":[{\"@type\":\"WebPage\",\"@id\":\"https:\\\/\\\/www.miamibeachfl.gov\\\/residents\\\/neighborhood-affairs-division\\\/\",\"url\":\"https:\\\/\\\/www.miamibeachfl.gov\\\/residents\\\/neighborhood-affairs-division\\\/\",\"name\":\"Neighborhood Affairs Division - City of Miami Beach\",\"isPartOf\":{\"@id\":\"https:\\\/\\\/www.miamibeachfl.gov\\\/#website\"},\"primaryImageOfPage\":{\"@id\":\"https:\\\/\\\/www.miamibeachfl.gov\\\/residents\\\/neighborhood-affairs-division\\\/#primaryimage\"},\"image\":{\"@id\":\"https:\\\/\\\/www.miamibeachfl.gov\\\/residents\\\/neighborhood-affairs-division\\\/#primaryimage\"},\"thumbnailUrl\":\"https:\\\/\\\/www.miamibeachfl.gov\\\/wp-content\\\/uploads\\\/2022\\\/12\\\/icon-neighborhood_1.png\",\"datePublished\":\"2022-12-06T20:34:33+00:00\",\"dateModified\":\"2026-02-11T15:12:05+00:00\",\"description\":\"The Neighborhood Affairs Division fosters strong partnerships between the community and the city's operational service departments to improve the quality of life for residents and businesses.\",\"breadcrumb\":{\"@id\":\"https:\\\/\\\/www.miamibeachfl.gov\\\/residents\\\/neighborhood-affairs-division\\\/#breadcrumb\"},\"inLanguage\":\"pt-BR\",\"potentialAction\":[{\"@type\":\"ReadAction\",\"target\":[\"https:\\\/\\\/www.miamibeachfl.gov\\\/residents\\\/neighborhood-affairs-division\\\/\"]}]},{\"@type\":\"ImageObject\",\"inLanguage\":\"pt-BR\",\"@id\":\"https:\\\/\\\/www.miamibeachfl.gov\\\/residents\\\/neighborhood-affairs-division\\\/#primaryimage\",\"url\":\"https:\\\/\\\/www.miamibeachfl.gov\\\/wp-content\\\/uploads\\\/2022\\\/12\\\/icon-neighborhood_1.png\",\"contentUrl\":\"https:\\\/\\\/www.miamibeachfl.gov\\\/wp-content\\\/uploads\\\/2022\\\/12\\\/icon-neighborhood_1.png\"},{\"@type\":\"BreadcrumbList\",\"@id\":\"https:\\\/\\\/www.miamibeachfl.gov\\\/residents\\\/neighborhood-affairs-division\\\/#breadcrumb\",\"itemListElement\":[{\"@type\":\"ListItem\",\"position\":1,\"name\":\"Home\",\"item\":\"https:\\\/\\\/www.miamibeachfl.gov\\\/\"},{\"@type\":\"ListItem\",\"position\":2,\"name\":\"Residents\",\"item\":\"https:\\\/\\\/www.miamibeachfl.gov\\\/residents\\\/\"},{\"@type\":\"ListItem\",\"position\":3,\"name\":\"Neighborhood Affairs Division\"}]},{\"@type\":\"WebSite\",\"@id\":\"https:\\\/\\\/www.miamibeachfl.gov\\\/#website\",\"url\":\"https:\\\/\\\/www.miamibeachfl.gov\\\/\",\"name\":\"City of Miami Beach\",\"description\":\"The official website of the City of Miami Beach. Stay informed, find important information on city services, news, alerts, events, trolley routes, government employment and more.\",\"publisher\":{\"@id\":\"https:\\\/\\\/www.miamibeachfl.gov\\\/#organization\"},\"potentialAction\":[{\"@type\":\"SearchAction\",\"target\":{\"@type\":\"EntryPoint\",\"urlTemplate\":\"https:\\\/\\\/www.miamibeachfl.gov\\\/?s={search_term_string}\"},\"query-input\":{\"@type\":\"PropertyValueSpecification\",\"valueRequired\":true,\"valueName\":\"search_term_string\"}}],\"inLanguage\":\"pt-BR\"},{\"@type\":\"Organization\",\"@id\":\"https:\\\/\\\/www.miamibeachfl.gov\\\/#organization\",\"name\":\"City of Miami Beach\",\"url\":\"https:\\\/\\\/www.miamibeachfl.gov\\\/\",\"logo\":{\"@type\":\"ImageObject\",\"inLanguage\":\"pt-BR\",\"@id\":\"https:\\\/\\\/www.miamibeachfl.gov\\\/#\\\/schema\\\/logo\\\/image\\\/\",\"url\":\"https:\\\/\\\/www.miamibeachfl.gov\\\/wp-content\\\/uploads\\\/2022\\\/06\\\/miamibeach-logoblue.png\",\"contentUrl\":\"https:\\\/\\\/www.miamibeachfl.gov\\\/wp-content\\\/uploads\\\/2022\\\/06\\\/miamibeach-logoblue.png\",\"width\":1962,\"height\":381,\"caption\":\"City of Miami Beach\"},\"image\":{\"@id\":\"https:\\\/\\\/www.miamibeachfl.gov\\\/#\\\/schema\\\/logo\\\/image\\\/\"},\"sameAs\":[\"https:\\\/\\\/www.facebook.com\\\/cityofmiamibeach\",\"https:\\\/\\\/x.com\\\/Miamibeachnews\",\"https:\\\/\\\/www.instagram.com\\\/miamibeachnews\\\/\"],\"description\":\"The official website of the City of Miami Beach. Stay informed, find important information on city services, news, alerts, events, trolley routes, government employment and more.\",\"telephone\":\"305.604.CITY(2489)\",\"legalName\":\"City of Miami Beach\"}]}<\/script>\n<!-- \/ Yoast SEO Premium plugin. -->","yoast_head_json":{"title":"Divis\u00e3o de Assuntos de Bairro - Cidade de Miami Beach","description":"A Divis\u00e3o de Assuntos de Bairro promove parcerias fortes entre a comunidade e os departamentos de servi\u00e7os operacionais da cidade para melhorar a qualidade de vida de moradores e empresas.","robots":{"index":"index","follow":"follow","max-snippet":"max-snippet:-1","max-image-preview":"max-image-preview:large","max-video-preview":"max-video-preview:-1"},"canonical":"https:\/\/www.miamibeachfl.gov\/pt\/residents\/neighborhood-affairs-division\/","og_locale":"pt_BR","og_type":"article","og_title":"Neighborhood Affairs Division","og_description":"The Neighborhood Affairs Division fosters strong partnerships between the community and the city's operational service departments to improve the quality of life for residents and businesses.","og_url":"https:\/\/www.miamibeachfl.gov\/pt\/residents\/neighborhood-affairs-division\/","og_site_name":"City of Miami Beach","article_publisher":"https:\/\/www.facebook.com\/cityofmiamibeach","article_modified_time":"2026-02-11T15:12:05+00:00","og_image":[{"width":2560,"height":1705,"url":"https:\/\/www.miamibeachfl.gov\/wp-content\/uploads\/2023\/04\/Venetian-Islands-Bridge-Project-scaled.jpg","type":"image\/jpeg"}],"twitter_card":"summary_large_image","twitter_site":"@Miamibeachnews","schema":{"@context":"https:\/\/schema.org","@graph":[{"@type":"WebPage","@id":"https:\/\/www.miamibeachfl.gov\/residents\/neighborhood-affairs-division\/","url":"https:\/\/www.miamibeachfl.gov\/residents\/neighborhood-affairs-division\/","name":"Divis\u00e3o de Assuntos de Bairro - Cidade de Miami Beach","isPartOf":{"@id":"https:\/\/www.miamibeachfl.gov\/#website"},"primaryImageOfPage":{"@id":"https:\/\/www.miamibeachfl.gov\/residents\/neighborhood-affairs-division\/#primaryimage"},"image":{"@id":"https:\/\/www.miamibeachfl.gov\/residents\/neighborhood-affairs-division\/#primaryimage"},"thumbnailUrl":"https:\/\/www.miamibeachfl.gov\/wp-content\/uploads\/2022\/12\/icon-neighborhood_1.png","datePublished":"2022-12-06T20:34:33+00:00","dateModified":"2026-02-11T15:12:05+00:00","description":"A Divis\u00e3o de Assuntos de Bairro promove parcerias fortes entre a comunidade e os departamentos de servi\u00e7os operacionais da cidade para melhorar a qualidade de vida de moradores e empresas.","breadcrumb":{"@id":"https:\/\/www.miamibeachfl.gov\/residents\/neighborhood-affairs-division\/#breadcrumb"},"inLanguage":"pt-BR","potentialAction":[{"@type":"ReadAction","target":["https:\/\/www.miamibeachfl.gov\/residents\/neighborhood-affairs-division\/"]}]},{"@type":"ImageObject","inLanguage":"pt-BR","@id":"https:\/\/www.miamibeachfl.gov\/residents\/neighborhood-affairs-division\/#primaryimage","url":"https:\/\/www.miamibeachfl.gov\/wp-content\/uploads\/2022\/12\/icon-neighborhood_1.png","contentUrl":"https:\/\/www.miamibeachfl.gov\/wp-content\/uploads\/2022\/12\/icon-neighborhood_1.png"},{"@type":"BreadcrumbList","@id":"https:\/\/www.miamibeachfl.gov\/residents\/neighborhood-affairs-division\/#breadcrumb","itemListElement":[{"@type":"ListItem","position":1,"name":"Home","item":"https:\/\/www.miamibeachfl.gov\/"},{"@type":"ListItem","position":2,"name":"Residents","item":"https:\/\/www.miamibeachfl.gov\/residents\/"},{"@type":"ListItem","position":3,"name":"Neighborhood Affairs Division"}]},{"@type":"WebSite","@id":"https:\/\/www.miamibeachfl.gov\/#website","url":"https:\/\/www.miamibeachfl.gov\/","name":"Cidade de Miami Beach","description":"Site oficial da cidade de Miami Beach. Mantenha-se informado e encontre informa\u00e7\u00f5es importantes sobre servi\u00e7os municipais, not\u00edcias, alertas, eventos, rotas de bonde, empregos p\u00fablicos e muito mais.","publisher":{"@id":"https:\/\/www.miamibeachfl.gov\/#organization"},"potentialAction":[{"@type":"SearchAction","target":{"@type":"EntryPoint","urlTemplate":"https:\/\/www.miamibeachfl.gov\/?s={search_term_string}"},"query-input":{"@type":"PropertyValueSpecification","valueRequired":true,"valueName":"search_term_string"}}],"inLanguage":"pt-BR"},{"@type":"Organization","@id":"https:\/\/www.miamibeachfl.gov\/#organization","name":"Cidade de Miami Beach","url":"https:\/\/www.miamibeachfl.gov\/","logo":{"@type":"ImageObject","inLanguage":"pt-BR","@id":"https:\/\/www.miamibeachfl.gov\/#\/schema\/logo\/image\/","url":"https:\/\/www.miamibeachfl.gov\/wp-content\/uploads\/2022\/06\/miamibeach-logoblue.png","contentUrl":"https:\/\/www.miamibeachfl.gov\/wp-content\/uploads\/2022\/06\/miamibeach-logoblue.png","width":1962,"height":381,"caption":"City of Miami Beach"},"image":{"@id":"https:\/\/www.miamibeachfl.gov\/#\/schema\/logo\/image\/"},"sameAs":["https:\/\/www.facebook.com\/cityofmiamibeach","https:\/\/x.com\/Miamibeachnews","https:\/\/www.instagram.com\/miamibeachnews\/"],"description":"Site oficial da cidade de Miami Beach. Mantenha-se informado e encontre informa\u00e7\u00f5es importantes sobre servi\u00e7os municipais, not\u00edcias, alertas, eventos, rotas de bonde, empregos p\u00fablicos e muito mais.","telephone":"305.604.CITY(2489)","legalName":"City of Miami Beach"}]}},"_links":{"self":[{"href":"https:\/\/www.miamibeachfl.gov\/pt\/wp-json\/wp\/v2\/pages\/233181","targetHints":{"allow":["GET"]}}],"collection":[{"href":"https:\/\/www.miamibeachfl.gov\/pt\/wp-json\/wp\/v2\/pages"}],"about":[{"href":"https:\/\/www.miamibeachfl.gov\/pt\/wp-json\/wp\/v2\/types\/page"}],"author":[{"embeddable":true,"href":"https:\/\/www.miamibeachfl.gov\/pt\/wp-json\/wp\/v2\/users\/222"}],"replies":[{"embeddable":true,"href":"https:\/\/www.miamibeachfl.gov\/pt\/wp-json\/wp\/v2\/comments?post=233181"}],"version-history":[{"count":11,"href":"https:\/\/www.miamibeachfl.gov\/pt\/wp-json\/wp\/v2\/pages\/233181\/revisions"}],"predecessor-version":[{"id":396320,"href":"https:\/\/www.miamibeachfl.gov\/pt\/wp-json\/wp\/v2\/pages\/233181\/revisions\/396320"}],"up":[{"embeddable":true,"href":"https:\/\/www.miamibeachfl.gov\/pt\/wp-json\/wp\/v2\/pages\/29238"}],"wp:attachment":[{"href":"https:\/\/www.miamibeachfl.gov\/pt\/wp-json\/wp\/v2\/media?parent=233181"}],"wp:term":[{"taxonomy":"category","embeddable":true,"href":"https:\/\/www.miamibeachfl.gov\/pt\/wp-json\/wp\/v2\/categories?post=233181"},{"taxonomy":"post_tag","embeddable":true,"href":"https:\/\/www.miamibeachfl.gov\/pt\/wp-json\/wp\/v2\/tags?post=233181"}],"curies":[{"name":"wp","href":"https:\/\/api.w.org\/{rel}","templated":true}]}}