{"id":238527,"date":"2023-01-03T13:20:58","date_gmt":"2023-01-03T18:20:58","guid":{"rendered":"https:\/\/www.miamibeachfl.gov\/?page_id=238527"},"modified":"2025-07-08T11:56:14","modified_gmt":"2025-07-08T15:56:14","slug":"services","status":"publish","type":"page","link":"https:\/\/www.miamibeachfl.gov\/pt\/services\/","title":{"rendered":"Servi\u00e7os"},"content":{"rendered":"<h1  id=\"top\">\n\t\t\tServi\u00e7os da cidade de Miami Beach\t<\/h1>\n\t<a href=\"\/pt\/city-hall\/customer-service-center\/\" target=\"_blank\" rel=\"noopener\" aria-label=\"Acesse \/prefeitura\/centro-de-atendimento-ao-cliente\/\"><\/a>\n\t\t\t\t<img decoding=\"async\" src=\"https:\/\/www.miamibeachfl.gov\/wp-content\/uploads\/bb-plugin\/cache\/MiamiBeach-CustomerServiceCenter-thumbnail-circle.jpg\" alt=\"Customer Service Center\" title=\"MiamiBeach-CustomerServiceCenter-miniatura\" itemprop=\"image\"\/>\n\t\t<h2>Central de Atendimento ao Cliente<\/h2>\n\t\t\t\t<p>Moradores, empresas e visitantes podem comparecer pessoalmente ou agendar uma consulta on-line. <\/p>\n\t<a href=\"\/pt\/business\/css\/\" target=\"_blank\" rel=\"noopener\" aria-label=\"V\u00e1 para \/business\/css\"><\/a>\n\t\t\t\t<img decoding=\"async\" src=\"https:\/\/www.miamibeachfl.gov\/wp-content\/uploads\/bb-plugin\/cache\/Business-CSS-Girlbypoolsidewithcomputer-circle.jpg\" alt=\"Girl by Pool with Computer\" title=\"Neg\u00f3cios-CSS-Garota\u00e0beiradapiscinacomcomputador\" itemprop=\"image\"\/>\n\t\t<h2>Acesso C\u00edvico<\/h2>\n\t\t\t\t<p>Portal online para licenciamento, planejamento, recebimento de impostos comerciais e conformidade com o c\u00f3digo. Saiba como acessar e usar o portal. <\/p>\n\t\t\t\t<img decoding=\"async\" src=\"https:\/\/www.miamibeachfl.gov\/wp-content\/uploads\/bb-plugin\/cache\/PublicRecords-PersonComputer2-circle.jpg\" alt=\"Woman at her desk on her computer\" title=\"Registros P\u00fablicos-PessoaComputador2\" itemprop=\"image\"\/>\n\t\t<h2>Links r\u00e1pidos<\/h2>\n\t\t\t<a href=\"\/pt\/pay-invoice\/\" target=\"_self\">\n\t\t\t\t\t\t\tPagar contas\n\t\t\t<\/a>\n\t\t\t<a href=\"\/pt\/permits\/\" target=\"_self\">\n\t\t\t\t\t\t\tPermitindo\n\t\t\t<\/a>\n\t\t\t<a href=\"\/pt\/city-hall\/\" target=\"_self\">\n\t\t\t\t\t\t\tDiret\u00f3rio do Departamento\n\t\t\t<\/a>\n<h2>\n\t\t\tMantenha-se informado e conectado\t<\/h2>\n\t<a href=\"\/pt\/city-hall\/city-clerk\/agenda-archive-main-page-2\/\" target=\"_self\"  aria-label=\"Acesse \/city-hall\/city-clerk\/agenda-archive-main-page-2\/\"><\/a>\n\t\t\t\t<img decoding=\"async\" src=\"https:\/\/www.miamibeachfl.gov\/wp-content\/uploads\/2022\/11\/icon-viewpayapply.png\" alt=\"Permits\" title=\"\u00edcone-visualizarpagaraplicar\" itemprop=\"image\"\/>\n\t\t<h3>Agendas<\/h3>\t\t\t\n\t<a href=\"\/pt\/city-hall\/city-clerk\/boards-and-committees\/\" target=\"_self\"  aria-label=\"Acesse \/prefeitura\/secretaria-da-cidade\/conselhos-e-comit\u00eas\/\"><\/a>\n\t\t\t\t<img decoding=\"async\" src=\"https:\/\/www.miamibeachfl.gov\/wp-content\/uploads\/2022\/11\/icon-residents_1.png\" alt=\"Resident Resources\" title=\"\u00edcone-residentes_1\" itemprop=\"image\"\/>\n\t\t<h3>Conselhos e Comit\u00eas<\/h3>\t\t\t\n\t<a href=\"\/pt\/calendar\/\" target=\"_self\"  aria-label=\"V\u00e1 para \/calend\u00e1rio\/\"><\/a>\n\t\t\t\t<img decoding=\"async\" src=\"https:\/\/www.miamibeachfl.gov\/wp-content\/uploads\/2022\/12\/icon-home-meetings.png\" alt=\"Meetings\" title=\"\u00edcone-casa-reuni\u00f5es\" itemprop=\"image\"\/>\n\t\t<h3>Calend\u00e1rio da Cidade<\/h3>\t\t\t\n\t<a href=\"\/pt\/mbtv\/\" target=\"_self\"  aria-label=\"V\u00e1 para \/mbtv\/\"><\/a>\n\t\t\t\t<img decoding=\"async\" src=\"https:\/\/www.miamibeachfl.gov\/wp-content\/uploads\/2022\/12\/icon-home-mbtv.png\" alt=\"MBTV\" title=\"\u00edcone-home-mbtv\" itemprop=\"image\"\/>\n\t\t<h3>Reuni\u00f5es P\u00fablicas ao Vivo<\/h3>\t\t\t\n\t<a href=\"\/pt\/city-hall\/city-clerk\/meeting-notices\/\" target=\"_self\"  aria-label=\"Acesse \/prefeitura\/secret\u00e1rio-da-cidade\/avisos-de-reuni\u00e3o\/\"><\/a>\n\t\t\t\t<img decoding=\"async\" src=\"https:\/\/www.miamibeachfl.gov\/wp-content\/uploads\/2022\/11\/icon-stayinformed.png\" alt=\"Stay Informed as a Miami Beach Resident\" title=\"\u00edcone-fique-informado\" itemprop=\"image\"\/>\n\t\t<h3>Avisos de Reuni\u00e3o<\/h3>\t\t\t\n\t<a href=\"https:\/\/miamibeachfl.justfoia.com\/publicportal\/home\/track\" target=\"_self\"  aria-label=\"Acesse https:\/\/miamibeachfl.justfoia.com\/publicportal\/home\/track\"><\/a>\n\t\t\t\t<img decoding=\"async\" src=\"https:\/\/www.miamibeachfl.gov\/wp-content\/uploads\/2022\/12\/icon-surveys.png\" alt=\"Surveys\" title=\"pesquisas de \u00edcones\" itemprop=\"image\"\/>\n\t\t<h3>Registros P\u00fablicos<\/h3>\t\t\t\n<h2>\n\t\t\tTransporte e Estacionamento\t<\/h2>\n\t<a href=\"\/pt\/visit-miami-beach\/getting-around\/\" target=\"_self\"  aria-label=\"Acesse \/visit-miami-beach\/getting-around\/\"><\/a>\n\t\t\t\t<img decoding=\"async\" src=\"https:\/\/www.miamibeachfl.gov\/wp-content\/uploads\/2022\/09\/icon-maps.png\" alt=\"Maps and Direction for Getting Around Miami Beach\" title=\"mapas de \u00edcones\" itemprop=\"image\"\/>\n\t\t<h3>Como se locomover<\/h3>\t\t\t\n\t<a href=\"\/pt\/city-hall\/transportation\/trolley\/\" target=\"_self\"  aria-label=\"Acesse \/prefeitura\/transporte\/bonde\/\"><\/a>\n\t\t\t\t<img decoding=\"async\" src=\"https:\/\/www.miamibeachfl.gov\/wp-content\/uploads\/2022\/10\/icon-visitors-trolley.png\" alt=\"Trolley\" title=\"\u00edcone-carrinho-de-visitantes\" itemprop=\"image\"\/>\n\t\t<h3>Informa\u00e7\u00f5es sobre o bonde<\/h3>\t\t\t\n\t<a href=\"\/pt\/city-hall\/transportation\/trolley\/south-beach-trolley\/\" target=\"_self\"  aria-label=\"Acesse \/prefeitura\/transporte\/bonde\/trolley-de-praia-do-sul\/\"><\/a>\n\t\t\t\t<img decoding=\"async\" src=\"https:\/\/www.miamibeachfl.gov\/wp-content\/uploads\/2022\/11\/icon-cityservices.png\" alt=\"Miami Beach Residents City Services\" title=\"servi\u00e7os de cidade-\u00edcone\" itemprop=\"image\"\/>\n\t\t<h3>Bonde de South Beach<\/h3>\t\t\t\n\t<a href=\"\/pt\/city-hall\/parking\/parking-meter-rates\/\" target=\"_self\"  aria-label=\"Acesse \/prefeitura\/estacionamento\/tarifas-de-parque\/\"><\/a>\n\t\t\t\t<img decoding=\"async\" src=\"https:\/\/www.miamibeachfl.gov\/wp-content\/uploads\/2022\/09\/icon-parking.png\" alt=\"Getting Around Miami Beach Public Parking\" title=\"\u00edcone-estacionamento\" itemprop=\"image\"\/>\n\t\t<h3>Tarifas de parqu\u00edmetros<\/h3>\t\t\t\n\t<a href=\"\/pt\/city-hall\/parking\/permit-programs\/garage-permits\/\" target=\"_self\"  aria-label=\"Acesse \/city-hall\/parking\/permit-programs\/garage-permits\/\"><\/a>\n\t\t\t\t<img decoding=\"async\" src=\"https:\/\/www.miamibeachfl.gov\/wp-content\/uploads\/2022\/09\/icon-maps.png\" alt=\"Maps and Direction for Getting Around Miami Beach\" title=\"mapas de \u00edcones\" itemprop=\"image\"\/>\n\t\t<h3>Localiza\u00e7\u00e3o das garagens<\/h3>\t\t\t\n<h3>\n\t\t\tN\u00fameros importantes:\t<\/h3>\n\t<p>Adicione n\u00fameros locais \u00e0 sua lista de contatos.<\/p>\n\t\t<h3><a href=\"https:\/\/www.miamibeachfl.gov\/pt\/yourmbpd\/\"  target=\"_blank\"  rel=\"noopener\">\t\n\tPOL\u00cdCIA<\/a><\/h3><a href=\"https:\/\/www.miamibeachfl.gov\/pt\/yourmbpd\/\"  rel=\"noopener\"  target=\"_blank\">Visite o site<\/a>\t\n\tEmerg\u00eancias: 911<br \/>\nN\u00e3o emerg\u00eancias:\u00a0<a href=\"tel:3056737900\">305.673.7900<\/a><br \/>\nRegistros:\u00a0<a href=\"tel:3056737990\">305.673.7990<\/a>\n\t\t<h3><a href=\"https:\/\/www.miamibeachfl.gov\/pt\/city-hall\/fire\/\"  target=\"_blank\"  rel=\"noopener\">\t\n\tFOGO<\/a><\/h3><a href=\"https:\/\/www.miamibeachfl.gov\/pt\/city-hall\/fire\/\"  rel=\"noopener\"  target=\"_blank\">Visite o site<\/a>\t\n\tN\u00e3o emerg\u00eancias: <a href=\"tel:3056737111\">305.673.7111<\/a><br \/>\nDetetores de crimes: <a href=\"tel:305471TIPS\">305.471.DICAS<\/a>\n\t\t<h3><a href=\"https:\/\/www.miamibeachfl.gov\/pt\/city-hall\/tourism-culture\/\"  target=\"_blank\"  rel=\"noopener\">\t\n\tTURISMO<\/a><\/h3><a href=\"https:\/\/www.miamibeachfl.gov\/pt\/city-hall\/tourism-culture\/\"  rel=\"noopener\"  target=\"_blank\">Visite o site<\/a>\t\n\t<strong>Prefeitura:<br \/>\n<\/strong><a href=\"tel:3056737400\">305.673.7400<\/a><br \/>\n1700 Convention Center Drive<br \/>\nMiami Beach, FL 33139\n\t\t<h3><a href=\"https:\/\/www.miamibeachfl.gov\/pt\/city-hall\/parking\/enforcementtowingcitations\/\"  target=\"_blank\"  rel=\"noopener\">\t\n\tINFORMA\u00c7\u00d5ES DE REBOQUE<\/a><\/h3><a href=\"https:\/\/www.miamibeachfl.gov\/pt\/city-hall\/parking\/enforcementtowingcitations\/\"  rel=\"noopener\"  target=\"_blank\">Saber mais<\/a>\t\n\t<b>Reboque de praia<\/b><br \/>\n<a href=\"tel:3055342128\">305.534.2128<\/a><br \/>\n<a href=\"https:\/\/goo.gl\/maps\/z7M3H8puQJVyAkcY7\">1349 Dade Boulevard<\/a><br \/>\nMiami Beach, FL 33139<br \/>\n(A oeste da Alton Road)\n<b>Reboque Tremont<\/b><br \/>\n<a href=\"tel:3056722395\">305.672.2395<\/a><br \/>\n<a href=\"https:\/\/goo.gl\/maps\/HvHcVWzucXoxduGw5\">Estrada da Ba\u00eda de 1916<\/a><br \/>\nMiami Beach, FL 33139<br \/>\n(2 quarteir\u00f5es a oeste da Alton Road)\n<b>Estacionamento\/C\u00f3digo<\/b><br \/>\nLinha direta de fiscaliza\u00e7\u00e3o<br \/>\n<a href=\"tel:3056044785\">305.604.4785 <\/a> ou<br \/>\n<a href=\"tel:305604CITY\">305.604.CIDADE <\/a>\n\t\t<h3>\t\n\tHOSPITAL E ATENDIMENTO DE URG\u00caNCIA<\/h3>\t\n\t<a href=\"https:\/\/www.msmc.com\/\" target=\"_blank\" rel=\"noopener\"><strong>Centro M\u00e9dico Monte Sinai<\/strong><\/a><br \/>\n4300 Alton Road<br \/>\nMiami Beach, FL 33140<br \/>\n305.674.2121\n<a href=\"https:\/\/baptisthealth.net\/locations\/urgent-care\/miami-beach-urgent-care\"><strong>Atendimento de Urg\u00eancia da Baptist Health<\/strong><\/a><br \/>\n709 Alton Rd, Su\u00edte 430<br \/>\nMiami Beach, FL 33139<br \/>\n786.204.4150\n<a href=\"https:\/\/mymbchc.org\/\"><strong>Centro de Sa\u00fade Comunit\u00e1rio de Miami Beach<\/strong><\/a><br \/>\n710 Alton Road<br \/>\nMiami Beach, FL 33139<br \/>\n305.538.8835\n<a href=\"http:\/\/www.myfastcare.com\/\"><strong>Atendimento de Urg\u00eancia FastCare<\/strong><\/a><br \/>\n825 Godfrey Road (Rua 41)<br \/>\nMiami Beach, FL 33140<br \/>\n786.923.4000\n\t<a href=\"https:\/\/medriteurgentcare.com\/center\/medrite-miami-beach-urgent-care\/?service=urgent-care\"><strong>+MEDRITE Atendimento de Urg\u00eancia \u2013 Rua 41<\/strong><\/a><br \/>\n542 W 41st Street<br \/>\n305.397.8417\n<a href=\"https:\/\/medriteurgentcare.com\/center\/medrite-miami-beach-urgent-care\/\"><strong>+MEDRITE Atendimento de Urg\u00eancia \u2013 Miami Beach Sul<\/strong><\/a><br \/>\n215 Lincoln Rd<br \/>\n305.614.6001\n<a href=\"http:\/\/www.miamibeachmedicalgroup.com\/\/\"><strong>Grupo M\u00e9dico de Miami Beach<\/strong><\/a><br \/>\n1200 Alton Rd<br \/>\nMiami Beach, FL 33139<br \/>\n305.534.0076\n\t\t<h3>\t\n\tSERVI\u00c7OS P\u00daBLICOS<\/h3>\t\n\t<p><strong>Ligue para o Servi\u00e7o de Servi\u00e7os P\u00fablicos da Cidade de Miami Beach pelo telefone 305.673.7440.<\/strong> Propriet\u00e1rios de im\u00f3veis, e possivelmente locat\u00e1rios, precisam abrir uma conta de servi\u00e7os p\u00fablicos do Condado para esses servi\u00e7os.<\/p>\n<b>Eletricidade<\/b><a title=\"Florida Power Light (FPL)\" href=\"http:\/\/www.fpl.com\/\"><br \/>\nFlorida Power &amp; Light (FP&amp;L)<\/a><br \/>\nSolicite o servi\u00e7o ligando para 305.442.8770\/(TTY 800.432.6554)<br \/>\nPara relatar uma condi\u00e7\u00e3o perigosa, ligue para 800.4OUTAGE (468-8243)\n<b>G\u00e1s<\/b><a title=\"Teco Peoples Gas\" href=\"http:\/\/www.tecoenergy.com\/\"><br \/>\nTeco Peoples Gas<\/a><br \/>\nTelefone: 305.940.0139 ou 1-877 TECO PGS (1-877.832.6747)\n<b>Servi\u00e7os de utilidade p\u00fablica<\/b><br \/>\nServi\u00e7os de lixo\/esgoto\/\u00e1gua<br \/>\nServi\u00e7os de utilidade p\u00fablica de praia em 305.673.7440","protected":false},"excerpt":{"rendered":"<p>Miami Beach City Services Customer Service Center Residents, businesses, and visitors can walk in or schedule an online appointment. Civic [&hellip;]<\/p>\n","protected":false},"author":222,"featured_media":0,"parent":0,"menu_order":55,"comment_status":"closed","ping_status":"closed","template":"","meta":{"_searchwp_excluded":"","site-sidebar-layout":"default","site-content-layout":"","ast-site-content-layout":"default","site-content-style":"default","site-sidebar-style":"default","ast-global-header-display":"","ast-banner-title-visibility":"","ast-main-header-display":"","ast-hfb-above-header-display":"","ast-hfb-below-header-display":"","ast-hfb-mobile-header-display":"","site-post-title":"","ast-breadcrumbs-content":"","ast-featured-img":"","footer-sml-layout":"","theme-transparent-header-meta":"","adv-header-id-meta":"","stick-header-meta":"","header-above-stick-meta":"","header-main-stick-meta":"","header-below-stick-meta":"","astra-migrate-meta-layouts":"default","ast-page-background-enabled":"default","ast-page-background-meta":{"desktop":{"background-color":"var(--ast-global-color-5)","background-image":"","background-repeat":"repeat","background-position":"center center","background-size":"auto","background-attachment":"scroll","background-type":"","background-media":"","overlay-type":"","overlay-color":"","overlay-opacity":"","overlay-gradient":""},"tablet":{"background-color":"","background-image":"","background-repeat":"repeat","background-position":"center center","background-size":"auto","background-attachment":"scroll","background-type":"","background-media":"","overlay-type":"","overlay-color":"","overlay-opacity":"","overlay-gradient":""},"mobile":{"background-color":"","background-image":"","background-repeat":"repeat","background-position":"center center","background-size":"auto","background-attachment":"scroll","background-type":"","background-media":"","overlay-type":"","overlay-color":"","overlay-opacity":"","overlay-gradient":""}},"ast-content-background-meta":{"desktop":{"background-color":"var(--ast-global-color-4)","background-image":"","background-repeat":"repeat","background-position":"center center","background-size":"auto","background-attachment":"scroll","background-type":"","background-media":"","overlay-type":"","overlay-color":"","overlay-opacity":"","overlay-gradient":""},"tablet":{"background-color":"var(--ast-global-color-4)","background-image":"","background-repeat":"repeat","background-position":"center center","background-size":"auto","background-attachment":"scroll","background-type":"","background-media":"","overlay-type":"","overlay-color":"","overlay-opacity":"","overlay-gradient":""},"mobile":{"background-color":"var(--ast-global-color-4)","background-image":"","background-repeat":"repeat","background-position":"center center","background-size":"auto","background-attachment":"scroll","background-type":"","background-media":"","overlay-type":"","overlay-color":"","overlay-opacity":"","overlay-gradient":""}},"footnotes":""},"categories":[],"tags":[],"class_list":["post-238527","page","type-page","status-publish","hentry"],"yoast_head":"<!-- This site is optimized with the Yoast SEO Premium plugin v27.4 (Yoast SEO v27.4) - https:\/\/yoast.com\/product\/yoast-seo-premium-wordpress\/ -->\n<title>Services - City of Miami Beach<\/title>\n<meta name=\"description\" content=\"Information about the City of Miami Beach Services Department, permitting links and more.\" \/>\n<meta name=\"robots\" content=\"index, follow, max-snippet:-1, max-image-preview:large, max-video-preview:-1\" \/>\n<link rel=\"canonical\" href=\"https:\/\/www.miamibeachfl.gov\/pt\/services\/\" \/>\n<meta property=\"og:locale\" content=\"pt_BR\" \/>\n<meta property=\"og:type\" content=\"article\" \/>\n<meta property=\"og:title\" content=\"Services\" \/>\n<meta property=\"og:description\" content=\"Information about the City of Miami Beach Services Department, permitting links and more.\" \/>\n<meta property=\"og:url\" content=\"https:\/\/www.miamibeachfl.gov\/pt\/services\/\" \/>\n<meta property=\"og:site_name\" content=\"City of Miami Beach\" \/>\n<meta property=\"article:publisher\" content=\"https:\/\/www.facebook.com\/cityofmiamibeach\" \/>\n<meta property=\"article:modified_time\" content=\"2025-07-08T15:56:14+00:00\" \/>\n<meta property=\"og:image\" content=\"https:\/\/www.miamibeachfl.gov\/wp-content\/uploads\/bb-plugin\/cache\/MiamiBeach-CustomerServiceCenter-thumbnail-circle.jpg\" \/>\n<meta name=\"twitter:card\" content=\"summary_large_image\" \/>\n<meta name=\"twitter:site\" content=\"@Miamibeachnews\" \/>\n<script type=\"application\/ld+json\" class=\"yoast-schema-graph\">{\"@context\":\"https:\\\/\\\/schema.org\",\"@graph\":[{\"@type\":\"WebPage\",\"@id\":\"https:\\\/\\\/www.miamibeachfl.gov\\\/services\\\/\",\"url\":\"https:\\\/\\\/www.miamibeachfl.gov\\\/services\\\/\",\"name\":\"Services - City of Miami Beach\",\"isPartOf\":{\"@id\":\"https:\\\/\\\/www.miamibeachfl.gov\\\/#website\"},\"primaryImageOfPage\":{\"@id\":\"https:\\\/\\\/www.miamibeachfl.gov\\\/services\\\/#primaryimage\"},\"image\":{\"@id\":\"https:\\\/\\\/www.miamibeachfl.gov\\\/services\\\/#primaryimage\"},\"thumbnailUrl\":\"https:\\\/\\\/www.miamibeachfl.gov\\\/wp-content\\\/uploads\\\/bb-plugin\\\/cache\\\/MiamiBeach-CustomerServiceCenter-thumbnail-circle.jpg\",\"datePublished\":\"2023-01-03T18:20:58+00:00\",\"dateModified\":\"2025-07-08T15:56:14+00:00\",\"description\":\"Information about the City of Miami Beach Services Department, permitting links and more.\",\"breadcrumb\":{\"@id\":\"https:\\\/\\\/www.miamibeachfl.gov\\\/services\\\/#breadcrumb\"},\"inLanguage\":\"pt-BR\",\"potentialAction\":[{\"@type\":\"ReadAction\",\"target\":[\"https:\\\/\\\/www.miamibeachfl.gov\\\/services\\\/\"]}]},{\"@type\":\"ImageObject\",\"inLanguage\":\"pt-BR\",\"@id\":\"https:\\\/\\\/www.miamibeachfl.gov\\\/services\\\/#primaryimage\",\"url\":\"https:\\\/\\\/www.miamibeachfl.gov\\\/wp-content\\\/uploads\\\/bb-plugin\\\/cache\\\/MiamiBeach-CustomerServiceCenter-thumbnail-circle.jpg\",\"contentUrl\":\"https:\\\/\\\/www.miamibeachfl.gov\\\/wp-content\\\/uploads\\\/bb-plugin\\\/cache\\\/MiamiBeach-CustomerServiceCenter-thumbnail-circle.jpg\"},{\"@type\":\"BreadcrumbList\",\"@id\":\"https:\\\/\\\/www.miamibeachfl.gov\\\/services\\\/#breadcrumb\",\"itemListElement\":[{\"@type\":\"ListItem\",\"position\":1,\"name\":\"Home\",\"item\":\"https:\\\/\\\/www.miamibeachfl.gov\\\/\"},{\"@type\":\"ListItem\",\"position\":2,\"name\":\"Services\"}]},{\"@type\":\"WebSite\",\"@id\":\"https:\\\/\\\/www.miamibeachfl.gov\\\/#website\",\"url\":\"https:\\\/\\\/www.miamibeachfl.gov\\\/\",\"name\":\"City of Miami Beach\",\"description\":\"The official website of the City of Miami Beach. Stay informed, find important information on city services, news, alerts, events, trolley routes, government employment and more.\",\"publisher\":{\"@id\":\"https:\\\/\\\/www.miamibeachfl.gov\\\/#organization\"},\"potentialAction\":[{\"@type\":\"SearchAction\",\"target\":{\"@type\":\"EntryPoint\",\"urlTemplate\":\"https:\\\/\\\/www.miamibeachfl.gov\\\/?s={search_term_string}\"},\"query-input\":{\"@type\":\"PropertyValueSpecification\",\"valueRequired\":true,\"valueName\":\"search_term_string\"}}],\"inLanguage\":\"pt-BR\"},{\"@type\":\"Organization\",\"@id\":\"https:\\\/\\\/www.miamibeachfl.gov\\\/#organization\",\"name\":\"City of Miami Beach\",\"url\":\"https:\\\/\\\/www.miamibeachfl.gov\\\/\",\"logo\":{\"@type\":\"ImageObject\",\"inLanguage\":\"pt-BR\",\"@id\":\"https:\\\/\\\/www.miamibeachfl.gov\\\/#\\\/schema\\\/logo\\\/image\\\/\",\"url\":\"https:\\\/\\\/www.miamibeachfl.gov\\\/wp-content\\\/uploads\\\/2022\\\/06\\\/miamibeach-logoblue.png\",\"contentUrl\":\"https:\\\/\\\/www.miamibeachfl.gov\\\/wp-content\\\/uploads\\\/2022\\\/06\\\/miamibeach-logoblue.png\",\"width\":1962,\"height\":381,\"caption\":\"City of Miami Beach\"},\"image\":{\"@id\":\"https:\\\/\\\/www.miamibeachfl.gov\\\/#\\\/schema\\\/logo\\\/image\\\/\"},\"sameAs\":[\"https:\\\/\\\/www.facebook.com\\\/cityofmiamibeach\",\"https:\\\/\\\/x.com\\\/Miamibeachnews\",\"https:\\\/\\\/www.instagram.com\\\/miamibeachnews\\\/\"],\"description\":\"The official website of the City of Miami Beach. Stay informed, find important information on city services, news, alerts, events, trolley routes, government employment and more.\",\"telephone\":\"305.604.CITY(2489)\",\"legalName\":\"City of Miami Beach\"}]}<\/script>\n<!-- \/ Yoast SEO Premium plugin. -->","yoast_head_json":{"title":"Servi\u00e7os - Cidade de Miami Beach","description":"Informa\u00e7\u00f5es sobre o Departamento de Servi\u00e7os da Cidade de Miami Beach, links para emiss\u00e3o de alvar\u00e1s e muito mais.","robots":{"index":"index","follow":"follow","max-snippet":"max-snippet:-1","max-image-preview":"max-image-preview:large","max-video-preview":"max-video-preview:-1"},"canonical":"https:\/\/www.miamibeachfl.gov\/pt\/services\/","og_locale":"pt_BR","og_type":"article","og_title":"Services","og_description":"Information about the City of Miami Beach Services Department, permitting links and more.","og_url":"https:\/\/www.miamibeachfl.gov\/pt\/services\/","og_site_name":"City of Miami Beach","article_publisher":"https:\/\/www.facebook.com\/cityofmiamibeach","article_modified_time":"2025-07-08T15:56:14+00:00","og_image":[{"url":"https:\/\/www.miamibeachfl.gov\/wp-content\/uploads\/bb-plugin\/cache\/MiamiBeach-CustomerServiceCenter-thumbnail-circle.jpg","type":"","width":"","height":""}],"twitter_card":"summary_large_image","twitter_site":"@Miamibeachnews","schema":{"@context":"https:\/\/schema.org","@graph":[{"@type":"WebPage","@id":"https:\/\/www.miamibeachfl.gov\/services\/","url":"https:\/\/www.miamibeachfl.gov\/services\/","name":"Servi\u00e7os - Cidade de Miami Beach","isPartOf":{"@id":"https:\/\/www.miamibeachfl.gov\/#website"},"primaryImageOfPage":{"@id":"https:\/\/www.miamibeachfl.gov\/services\/#primaryimage"},"image":{"@id":"https:\/\/www.miamibeachfl.gov\/services\/#primaryimage"},"thumbnailUrl":"https:\/\/www.miamibeachfl.gov\/wp-content\/uploads\/bb-plugin\/cache\/MiamiBeach-CustomerServiceCenter-thumbnail-circle.jpg","datePublished":"2023-01-03T18:20:58+00:00","dateModified":"2025-07-08T15:56:14+00:00","description":"Informa\u00e7\u00f5es sobre o Departamento de Servi\u00e7os da Cidade de Miami Beach, links para emiss\u00e3o de alvar\u00e1s e muito mais.","breadcrumb":{"@id":"https:\/\/www.miamibeachfl.gov\/services\/#breadcrumb"},"inLanguage":"pt-BR","potentialAction":[{"@type":"ReadAction","target":["https:\/\/www.miamibeachfl.gov\/services\/"]}]},{"@type":"ImageObject","inLanguage":"pt-BR","@id":"https:\/\/www.miamibeachfl.gov\/services\/#primaryimage","url":"https:\/\/www.miamibeachfl.gov\/wp-content\/uploads\/bb-plugin\/cache\/MiamiBeach-CustomerServiceCenter-thumbnail-circle.jpg","contentUrl":"https:\/\/www.miamibeachfl.gov\/wp-content\/uploads\/bb-plugin\/cache\/MiamiBeach-CustomerServiceCenter-thumbnail-circle.jpg"},{"@type":"BreadcrumbList","@id":"https:\/\/www.miamibeachfl.gov\/services\/#breadcrumb","itemListElement":[{"@type":"ListItem","position":1,"name":"Home","item":"https:\/\/www.miamibeachfl.gov\/"},{"@type":"ListItem","position":2,"name":"Services"}]},{"@type":"WebSite","@id":"https:\/\/www.miamibeachfl.gov\/#website","url":"https:\/\/www.miamibeachfl.gov\/","name":"Cidade de Miami Beach","description":"Site oficial da cidade de Miami Beach. Mantenha-se informado e encontre informa\u00e7\u00f5es importantes sobre servi\u00e7os municipais, not\u00edcias, alertas, eventos, rotas de bonde, empregos p\u00fablicos e muito mais.","publisher":{"@id":"https:\/\/www.miamibeachfl.gov\/#organization"},"potentialAction":[{"@type":"SearchAction","target":{"@type":"EntryPoint","urlTemplate":"https:\/\/www.miamibeachfl.gov\/?s={search_term_string}"},"query-input":{"@type":"PropertyValueSpecification","valueRequired":true,"valueName":"search_term_string"}}],"inLanguage":"pt-BR"},{"@type":"Organization","@id":"https:\/\/www.miamibeachfl.gov\/#organization","name":"Cidade de Miami Beach","url":"https:\/\/www.miamibeachfl.gov\/","logo":{"@type":"ImageObject","inLanguage":"pt-BR","@id":"https:\/\/www.miamibeachfl.gov\/#\/schema\/logo\/image\/","url":"https:\/\/www.miamibeachfl.gov\/wp-content\/uploads\/2022\/06\/miamibeach-logoblue.png","contentUrl":"https:\/\/www.miamibeachfl.gov\/wp-content\/uploads\/2022\/06\/miamibeach-logoblue.png","width":1962,"height":381,"caption":"City of Miami Beach"},"image":{"@id":"https:\/\/www.miamibeachfl.gov\/#\/schema\/logo\/image\/"},"sameAs":["https:\/\/www.facebook.com\/cityofmiamibeach","https:\/\/x.com\/Miamibeachnews","https:\/\/www.instagram.com\/miamibeachnews\/"],"description":"Site oficial da cidade de Miami Beach. Mantenha-se informado e encontre informa\u00e7\u00f5es importantes sobre servi\u00e7os municipais, not\u00edcias, alertas, eventos, rotas de bonde, empregos p\u00fablicos e muito mais.","telephone":"305.604.CITY(2489)","legalName":"City of Miami Beach"}]}},"_links":{"self":[{"href":"https:\/\/www.miamibeachfl.gov\/pt\/wp-json\/wp\/v2\/pages\/238527","targetHints":{"allow":["GET"]}}],"collection":[{"href":"https:\/\/www.miamibeachfl.gov\/pt\/wp-json\/wp\/v2\/pages"}],"about":[{"href":"https:\/\/www.miamibeachfl.gov\/pt\/wp-json\/wp\/v2\/types\/page"}],"author":[{"embeddable":true,"href":"https:\/\/www.miamibeachfl.gov\/pt\/wp-json\/wp\/v2\/users\/222"}],"replies":[{"embeddable":true,"href":"https:\/\/www.miamibeachfl.gov\/pt\/wp-json\/wp\/v2\/comments?post=238527"}],"version-history":[{"count":3,"href":"https:\/\/www.miamibeachfl.gov\/pt\/wp-json\/wp\/v2\/pages\/238527\/revisions"}],"predecessor-version":[{"id":386193,"href":"https:\/\/www.miamibeachfl.gov\/pt\/wp-json\/wp\/v2\/pages\/238527\/revisions\/386193"}],"wp:attachment":[{"href":"https:\/\/www.miamibeachfl.gov\/pt\/wp-json\/wp\/v2\/media?parent=238527"}],"wp:term":[{"taxonomy":"category","embeddable":true,"href":"https:\/\/www.miamibeachfl.gov\/pt\/wp-json\/wp\/v2\/categories?post=238527"},{"taxonomy":"post_tag","embeddable":true,"href":"https:\/\/www.miamibeachfl.gov\/pt\/wp-json\/wp\/v2\/tags?post=238527"}],"curies":[{"name":"wp","href":"https:\/\/api.w.org\/{rel}","templated":true}]}}