{"id":239766,"date":"2023-01-10T09:08:31","date_gmt":"2023-01-10T14:08:31","guid":{"rendered":"https:\/\/www.miamibeachfl.gov\/?page_id=239766"},"modified":"2025-08-14T16:51:19","modified_gmt":"2025-08-14T20:51:19","slug":"civicaccess","status":"publish","type":"page","link":"https:\/\/www.miamibeachfl.gov\/pt\/business\/civicaccess\/","title":{"rendered":"Acesso C\u00edvico"},"content":{"rendered":"<h1  id=\"top\">\n\t\t\tAcesso C\u00edvico\t<\/h1>\n<h2  id=\"top\">\n\t\t\tTamb\u00e9m conhecido como Citizen Self Service (CSS)\t<\/h2>\n\t<p>O portal Miami Beach Civic Access (CSS) \u00e9 o site de servi\u00e7os de \u00faltima gera\u00e7\u00e3o para licenciamento, planejamento, recebimentos de impostos comerciais e conformidade com a legisla\u00e7\u00e3o. Os usu\u00e1rios podem enviar diversas solicita\u00e7\u00f5es online \u2013 consultar o status do seu pedido de licenciamento, planta do edif\u00edcio ou at\u00e9 mesmo solicitar uma vistoria.<\/p>\n\t<p>Tenha uma conta:<\/p>\n\t\t\t<a href=\"https:\/\/energovcss.miamibeachfl.gov\/energovprod\/selfservice#\/login?redirectUrl=%2Fhome\" target=\"_blank\" rel=\"noopener\">\n\t\t\t\t\t\t\tFa\u00e7a login no Portal de Acesso C\u00edvico (CSS)\n\t\t\t<\/a>\n\t<p>Precisa de uma conta:<\/p>\n\t\t\t<a href=\"https:\/\/energovcss.miamibeachfl.gov\/energovprod\/selfservice#\/register\" target=\"_blank\" rel=\"noopener\">\n\t\t\t\t\t\t\tRegistrar uma nova conta (CSS)\n\t\t\t<\/a>\n\t\t<h3><a href=\"https:\/\/energovcss.miamibeachfl.gov\/energovprod\/selfservice#\/search\"  target=\"_self\">\t\n\t\t\t\tPesquisar registros p\u00fablicos Pesquisar registros p\u00fablicos<\/a><\/h3><p>Permiss\u00f5es, Planos, Inspe\u00e7\u00f5es, Casos de C\u00f3digo, Solicita\u00e7\u00f5es, Licen\u00e7as e Projetos<\/p>\n\t\t\t<a href=\"https:\/\/energovcss.miamibeachfl.gov\/energovprod\/selfservice#\/search\" target=\"_self\">\n\t\t\t\t\t\t\tPortal de Pesquisa\n\t\t\t\t\t<\/a>\n\t\t<h3><a href=\"https:\/\/energovcss.miamibeachfl.gov\/energovprod\/selfservice#\/applicationAssistant\"  target=\"_self\">\t\n\t\t\t\tAssistente de Aplica\u00e7\u00e3o Assist\u00eancia de Aplica\u00e7\u00e3o<\/a><\/h3><p>Solicitar licen\u00e7as, planos e recibos comerciais<\/p>\n\t\t\t<a href=\"https:\/\/energovcss.miamibeachfl.gov\/energovprod\/selfservice#\/applicationAssistant\" target=\"_self\">\n\t\t\t\t\t\t\tInscreva-se agora\n\t\t\t\t\t<\/a>\n\t\t<h3><a href=\"https:\/\/payments.miamibeachfl.gov\/app\/\"  target=\"_self\">\t\n\t\t\t\tPagar uma fatura Pagar uma fatura<\/a><\/h3><p><strong><a href=\"https:\/\/energovcss.miamibeachfl.gov\/energovprod\/selfservice#\/payinvoice\">Clique aqui para procurar uma fatura<\/a><\/strong><\/p>\n\t\t\t<a href=\"https:\/\/payments.miamibeachfl.gov\/app\/\" target=\"_self\">\n\t\t\t\t\t\t\tFatura Pagamento R\u00e1pido\n\t\t\t\t\t<\/a>\n<h3>\n\t\t\tRecursos adicionais:\t<\/h3>\n\t<strong><a href=\"https:\/\/energovcss.miamibeachfl.gov\/energovprod\/selfservice#\/estimate\">Calculadora de taxas<\/a><\/strong><br \/>\n<a href=\"#cssfaqs\"><strong>Perguntas frequentes sobre acesso c\u00edvico<\/strong><\/a><br \/>\n<strong><a href=\"https:\/\/www.miamibeachfl.gov\/wp-content\/uploads\/2023\/05\/CSSLoginInstructions.pdf\">Baixe o Guia de Problemas de Login<\/a><\/strong>\n\t\t<img decoding=\"async\" src=\"https:\/\/www.miamibeachfl.gov\/wp-content\/uploads\/2023\/01\/CSS-HowtovideoThumbnail.2jpg.jpg\" alt=\"Training Video Link\"\/>\n\t<p>Os novos recursos incluem v\u00e1rios tipos de pesquisa a partir de um local centralizado que realiza pesquisas em todos os registros. Tamb\u00e9m oferece a possibilidade de pesquisar por n\u00famero de parcela (f\u00f3lio) e palavras-chave. Al\u00e9m disso, o novo site \u00e9 compat\u00edvel com dispositivos m\u00f3veis e melhora a exibi\u00e7\u00e3o das informa\u00e7\u00f5es ao p\u00fablico.<\/p>\n<p><strong>Outros recursos incluem:<\/strong><\/p>\n<ul>\n<li>Calculadora de taxas<\/li>\n<li>Salvando e excluindo rascunhos de aplicativos<\/li>\n<li>Exportando resultados de pesquisa, incluindo sua atividade de pagamento, para o Excel<\/li>\n<li>A capacidade de enviar anexos em v\u00e1rios est\u00e1gios do processo de inscri\u00e7\u00e3o<\/li>\n<li>Registro autom\u00e1tico para acesso instant\u00e2neo aos servi\u00e7os<\/li>\n<li>Recurso de carrinho de compras aprimorado, permitindo que os usu\u00e1rios paguem simultaneamente v\u00e1rias faturas associadas \u00e0 sua conta<\/li>\n<li>Acesso expandido aos dados de registro<\/li>\n<li>Nova p\u00e1gina de resumo para inscri\u00e7\u00f5es em an\u00e1lise<\/li>\n<li>Novo painel personalizado que identifica itens que precisam de aten\u00e7\u00e3o para facilitar o gerenciamento dos itens associados \u00e0 sua conta<\/li>\n<\/ul>\n<h2  id=\"cssfaqs\">\n\t\t\tPerguntas frequentes\t<\/h2>\n\t\t\t\t\t\t<h3>Como resolver problemas comuns de login <\/h3>\n\t\t\t<p>Este guia descreve como os clientes se registram para usar o Civic Access da Tyler Technologies, anteriormente conhecido como Citizen Self Service (CSS), usando o processo Tyler Identity (TID-C), Community Access. <br \/><a href=\"https:\/\/www.miamibeachfl.gov\/wp-content\/uploads\/2023\/05\/CSSLoginInstructions.pdf\">Baixe o Guia de Acesso de Login<\/a><\/p>\n\t\t\t\t\t\t<h3>Posso usar minha conta CAP existente para acessar o Portal de Acesso C\u00edvico (CSS)?<\/h3>\n\t\t\t<p>Sim, voc\u00ea ainda pode usar sua conta CAP existente para acessar registros no portal CSS seguindo alguns passos simples.<br \/><a href=\"https:\/\/www.youtube.com\/playlist?list=PL8QRwonPTqgNdS85BLFlNXs0njlj7FyQb\">Assista ao tutorial em v\u00eddeo.<\/a><\/p>\n\t\t\t\t\t\t<h3>Ainda posso fazer transa\u00e7\u00f5es no Portal CAP existente?<\/h3>\n\t\t\t<p>Sim, voc\u00ea ainda pode processar transa\u00e7\u00f5es no portal CAP at\u00e9 31 de maio de 2019. Recomendamos fortemente que voc\u00ea migre sua conta CAP para o CSS o mais r\u00e1pido poss\u00edvel. <a href=\"https:\/\/www.youtube.com\/playlist?list=PL8QRwonPTqgNdS85BLFlNXs0njlj7FyQb\">Assista ao tutorial em v\u00eddeo.<\/a><\/p>\n\t\t\t\t\t\t<h3>Que tipo de licen\u00e7as, planos ou registros posso pesquisar no Civic Access (CSS)?<\/h3>\n\t\t\t<p>Os usu\u00e1rios podem pesquisar registros como licen\u00e7as de constru\u00e7\u00e3o, plantas, licen\u00e7as de aluguel de vagas de estacionamento, licen\u00e7as de casamento e cerim\u00f4nia, licen\u00e7as de filmagem e impress\u00e3o, licen\u00e7as de remo\u00e7\u00e3o de \u00e1rvores, licen\u00e7as de elevador, licen\u00e7as de pintura, cita\u00e7\u00f5es de conformidade de c\u00f3digo, solicita\u00e7\u00f5es de cidad\u00e3os, casos mestres especiais, recibos de impostos comerciais (BTRs) e muito mais. <a href=\"https:\/\/energovcss.miamibeachfl.gov\/energovprod\/selfservice\">Visite o Portal de Acesso C\u00edvico (CSS)<\/a><\/p>\n\t\t\t\t\t\t<h3>Posso solicitar meu Recibo de Imposto Comercial, Certificado de Uso e Inspe\u00e7\u00e3o Anual de Inc\u00eandio on-line?<\/h3>\n\t\t\t<p>Sim, voc\u00ea pode solicitar um Recibo de Imposto Comercial, Certificado de Uso e Inspe\u00e7\u00e3o Anual de Inc\u00eandio no CSS. <a href=\"https:\/\/www.miamibeachfl.gov\/pt\/city-hall\/finance\/business-tax-receipts-btr\/\" target=\"_blank\" rel=\"noopener\">Visite o Departamento Financeiro para obter mais informa\u00e7\u00f5es.<\/a><\/p>\n\t\t\t\t\t\t<h3>Posso vincular v\u00e1rios BTRs \u00e0 minha conta Civic Access (CSS) existente?<\/h3>\n\t\t\t<p>Sim, se voc\u00ea for um expedidor criando uma conta em nome de um empres\u00e1rio, poder\u00e1 adicionar seu contato durante o processo de inscri\u00e7\u00e3o para que o v\u00ednculo seja feito automaticamente. Se precisar de mais ajuda, envie um e-mail para mbhelp@miamibeachfl.gov. Inclua sua conta de e-mail do Civic Access (CSS) e o n\u00famero de inscri\u00e7\u00e3o do BTR.<\/p>\n\t\t\t\t\t\t<h3>Se eu souber o n\u00famero da minha fatura, preciso fazer login para pag\u00e1-la?<\/h3>\n\t\t\t<p>Se voc\u00ea tiver um n\u00famero de fatura, poder\u00e1 processar um pagamento r\u00e1pido em <a href=\"https:\/\/payments.miamibeachfl.gov\/app\/\" target=\"_blank\" rel=\"noopener\">miamibeachpay.com<\/a>\u00a0ou do seu smartphone usando o <a href=\"https:\/\/www.miamibeachfl.gov\/pt\/pay-invoice\/\" target=\"_blank\" rel=\"noopener\">Aplicativo E-Gov da cidade de Miami Beach.<\/a><\/p>\n\t\t\t\t\t\t<h3>Posso pagar v\u00e1rias faturas ao mesmo tempo?<\/h3>\n\t\t\t<p>Sim, voc\u00ea pode adicionar v\u00e1rias faturas ao seu carrinho de compras a qualquer momento e pagar quando estiver pronto.<\/p>\n\t\t\t\t\t\t<h3>Posso solicitar uma inspe\u00e7\u00e3o on-line?<\/h3>\n\t\t\t<p>Se sua conta estiver vinculada a uma Permiss\u00e3o, voc\u00ea pode solicitar sua inspe\u00e7\u00e3o online<\/p>\n\t\t\t\t\t\t<h3>Onde posso obter mais informa\u00e7\u00f5es sobre como solicitar ou pesquisar licen\u00e7as?<\/h3>\n\t\t\t<ul>\n<li>Para obter mais informa\u00e7\u00f5es sobre licen\u00e7as de constru\u00e7\u00e3o, visite o Guia Interativo de Licen\u00e7as clicando em <a href=\"https:\/\/www.miamibeachfl.gov\/pt\/city-hall\/building\/permits\/interactive-permit-guide\/\">aqui<\/a><\/li>\n<li>Para obter mais informa\u00e7\u00f5es sobre licen\u00e7as ou planos de planejamento, visite o departamento de planejamento <a href=\"https:\/\/www.miamibeachfl.gov\/pt\/city-hall\/planning\/\">aqui<\/a><\/li>\n<li>Para obter mais informa\u00e7\u00f5es sobre os registros de conformidade do c\u00f3digo, visite o departamento de conformidade do c\u00f3digo <a href=\"https:\/\/www.miamibeachfl.gov\/pt\/city-hall\/code-compliance\/\">aqui<\/a><\/li>\n<li>Para obter mais informa\u00e7\u00f5es sobre recibos de impostos comerciais, visite o Departamento Financeiro <a href=\"https:\/\/www.miamibeachfl.gov\/pt\/city-hall\/finance\/business-tax-receipts-btr\/\">aqui<\/a><\/li>\n<li>Para mais informa\u00e7\u00f5es sobre autoriza\u00e7\u00f5es de estacionamento, visite o departamento de estacionamento <a href=\"https:\/\/www.miamibeachfl.gov\/pt\/city-hall\/parking\/permit-programs\/\">aqui<\/a><\/li>\n<li>Para mais informa\u00e7\u00f5es sobre licen\u00e7as de silvicultura urbana, visite o departamento de silvicultura urbana <a href=\"https:\/\/www.miamibeachfl.gov\/pt\/city-hall\/environmental-sustainability\/urban-forestry\/\">aqui<\/a><\/li>\n<li>Para obter mais informa\u00e7\u00f5es sobre licen\u00e7as e autoriza\u00e7\u00f5es de elevadores, visite a Divis\u00e3o de Elevadores <a href=\"https:\/\/www.miamibeachfl.gov\/pt\/city-hall\/public-works\/elevator-division\/elevator-permit\/\">aqui<\/a><\/li>\n<li>Para obter mais informa\u00e7\u00f5es sobre licen\u00e7as de inc\u00eandio ou inspe\u00e7\u00f5es anuais de inc\u00eandio, visite a Divis\u00e3o de Preven\u00e7\u00e3o de Inc\u00eandios <a href=\"https:\/\/www.miamibeachfl.gov\/pt\/city-hall\/fire\/fire-prevention\/\">aqui<\/a><\/li>\n<li>Para obter mais informa\u00e7\u00f5es sobre as Audi\u00eancias Especiais, visite o departamento do Secret\u00e1rio da Cidade <a href=\"https:\/\/www.miamibeachfl.gov\/pt\/city-hall\/city-clerk\/\">aqui<\/a><\/li>\n<li>Para mais informa\u00e7\u00f5es sobre eventos especiais, visite o departamento de Turismo, Cultura e Desenvolvimento Econ\u00f4mico <a href=\"https:\/\/www.miamibeachfl.gov\/pt\/city-hall\/tourism-culture\/special-events\/\">aqui<\/a><\/li>\n<\/ul>\n\t\t\t\t\t\t<h3>Onde posso encontrar registros criados antes de 27 de abril de 2016?<\/h3>\n\t\t\t<p><a href=\"https:\/\/www.miamibeachfl.gov\/pt\/permits-search-dashboard\/\">Pesquisar por licen\u00e7as criadas antes de 27 de abril de 2016.<\/a><\/p>\n<p><a href=\"https:\/\/www.miamibeachfl.gov\/pt\/permits-search-dashboard\/\" target=\"_blank\" rel=\"noopener\">Pesquisar por casos de c\u00f3digo criados antes de 27 de abril de 2016.<\/a><\/p>\n<p><a href=\"https:\/\/secure.miamibeachfl.gov\/Webagenda\/Public\/SmAddressInquiry.aspx\" target=\"_blank\" rel=\"noopener\">Pesquisar por Casos Mestres Especiais criados antes de 27 de abril de 2016.<\/a><\/p>\n\t\t\t\t\t\t<h3>A cidade oferece algum treinamento para Acesso C\u00edvico (CSS)?<\/h3>\n\t\t\t<p>Sim, a cidade sediar\u00e1 workshops abertos ao p\u00fablico sobre como usar o Civic Access (CSS). <a href=\"https:\/\/www.miamibeachfl.gov\/pt\/city-hall\/building\/events\/\">Clique aqui para mais informa\u00e7\u00f5es.<\/a><\/p>\n<p><a href=\"https:\/\/www.miamibeachfl.gov\/pt\/calendar\/\">Calend\u00e1rio de Eventos da Cidade<\/a><\/p>\n\t\t\t\t\t\t<h3> Como posso solicitar uma fatura pela minha viola\u00e7\u00e3o de conformidade com o c\u00f3digo?<\/h3>\n\t\t\t<p><a href=\"https:\/\/www.miamibeachfl.gov\/pt\/city-hall\/code-compliance\/code-invoice-request\/\" target=\"_blank\" rel=\"noopener\">Solicite uma fatura pela sua viola\u00e7\u00e3o de conformidade com o c\u00f3digo<\/a>.<\/p>","protected":false},"excerpt":{"rendered":"<p>Civic Access Also known as Citizen Self Service (CSS) The Miami Beach Civic Access (CSS) portal is the next generation [&hellip;]<\/p>\n","protected":false},"author":222,"featured_media":0,"parent":196910,"menu_order":0,"comment_status":"closed","ping_status":"closed","template":"","meta":{"_searchwp_excluded":"","site-sidebar-layout":"default","site-content-layout":"","ast-site-content-layout":"default","site-content-style":"default","site-sidebar-style":"default","ast-global-header-display":"","ast-banner-title-visibility":"","ast-main-header-display":"","ast-hfb-above-header-display":"","ast-hfb-below-header-display":"","ast-hfb-mobile-header-display":"","site-post-title":"","ast-breadcrumbs-content":"","ast-featured-img":"","footer-sml-layout":"","theme-transparent-header-meta":"","adv-header-id-meta":"","stick-header-meta":"","header-above-stick-meta":"","header-main-stick-meta":"","header-below-stick-meta":"","astra-migrate-meta-layouts":"default","ast-page-background-enabled":"default","ast-page-background-meta":{"desktop":{"background-color":"var(--ast-global-color-5)","background-image":"","background-repeat":"repeat","background-position":"center center","background-size":"auto","background-attachment":"scroll","background-type":"","background-media":"","overlay-type":"","overlay-color":"","overlay-opacity":"","overlay-gradient":""},"tablet":{"background-color":"","background-image":"","background-repeat":"repeat","background-position":"center center","background-size":"auto","background-attachment":"scroll","background-type":"","background-media":"","overlay-type":"","overlay-color":"","overlay-opacity":"","overlay-gradient":""},"mobile":{"background-color":"","background-image":"","background-repeat":"repeat","background-position":"center center","background-size":"auto","background-attachment":"scroll","background-type":"","background-media":"","overlay-type":"","overlay-color":"","overlay-opacity":"","overlay-gradient":""}},"ast-content-background-meta":{"desktop":{"background-color":"var(--ast-global-color-4)","background-image":"","background-repeat":"repeat","background-position":"center center","background-size":"auto","background-attachment":"scroll","background-type":"","background-media":"","overlay-type":"","overlay-color":"","overlay-opacity":"","overlay-gradient":""},"tablet":{"background-color":"var(--ast-global-color-4)","background-image":"","background-repeat":"repeat","background-position":"center center","background-size":"auto","background-attachment":"scroll","background-type":"","background-media":"","overlay-type":"","overlay-color":"","overlay-opacity":"","overlay-gradient":""},"mobile":{"background-color":"var(--ast-global-color-4)","background-image":"","background-repeat":"repeat","background-position":"center center","background-size":"auto","background-attachment":"scroll","background-type":"","background-media":"","overlay-type":"","overlay-color":"","overlay-opacity":"","overlay-gradient":""}},"footnotes":""},"categories":[],"tags":[],"class_list":["post-239766","page","type-page","status-publish","hentry"],"yoast_head":"<!-- This site is optimized with the Yoast SEO Premium plugin v27.4 (Yoast SEO v27.4) - https:\/\/yoast.com\/product\/yoast-seo-premium-wordpress\/ -->\n<title>Civic Access - City of Miami Beach<\/title>\n<meta name=\"description\" content=\"%\" \/>\n<meta name=\"robots\" content=\"index, follow, max-snippet:-1, max-image-preview:large, max-video-preview:-1\" \/>\n<link rel=\"canonical\" href=\"https:\/\/www.miamibeachfl.gov\/pt\/business\/civicaccess\/\" \/>\n<meta property=\"og:locale\" content=\"pt_BR\" \/>\n<meta property=\"og:type\" content=\"article\" \/>\n<meta property=\"og:title\" content=\"Civic Access\" \/>\n<meta property=\"og:description\" content=\"%\" \/>\n<meta property=\"og:url\" content=\"https:\/\/www.miamibeachfl.gov\/pt\/business\/civicaccess\/\" \/>\n<meta property=\"og:site_name\" content=\"City of Miami Beach\" \/>\n<meta property=\"article:publisher\" content=\"https:\/\/www.facebook.com\/cityofmiamibeach\" \/>\n<meta property=\"article:modified_time\" content=\"2025-08-14T20:51:19+00:00\" \/>\n<meta property=\"og:image\" content=\"https:\/\/www.miamibeachfl.gov\/wp-content\/uploads\/2023\/01\/CSS-HowtovideoThumbnail.2jpg.jpg\" \/>\n<meta name=\"twitter:card\" content=\"summary_large_image\" \/>\n<meta name=\"twitter:site\" content=\"@Miamibeachnews\" \/>\n<script type=\"application\/ld+json\" class=\"yoast-schema-graph\">{\"@context\":\"https:\\\/\\\/schema.org\",\"@graph\":[{\"@type\":\"WebPage\",\"@id\":\"https:\\\/\\\/www.miamibeachfl.gov\\\/business\\\/civicaccess\\\/\",\"url\":\"https:\\\/\\\/www.miamibeachfl.gov\\\/business\\\/civicaccess\\\/\",\"name\":\"Civic Access - City of Miami Beach\",\"isPartOf\":{\"@id\":\"https:\\\/\\\/www.miamibeachfl.gov\\\/#website\"},\"primaryImageOfPage\":{\"@id\":\"https:\\\/\\\/www.miamibeachfl.gov\\\/business\\\/civicaccess\\\/#primaryimage\"},\"image\":{\"@id\":\"https:\\\/\\\/www.miamibeachfl.gov\\\/business\\\/civicaccess\\\/#primaryimage\"},\"thumbnailUrl\":\"https:\\\/\\\/www.miamibeachfl.gov\\\/wp-content\\\/uploads\\\/2023\\\/01\\\/CSS-HowtovideoThumbnail.2jpg.jpg\",\"datePublished\":\"2023-01-10T14:08:31+00:00\",\"dateModified\":\"2025-08-14T20:51:19+00:00\",\"description\":\"%\",\"breadcrumb\":{\"@id\":\"https:\\\/\\\/www.miamibeachfl.gov\\\/business\\\/civicaccess\\\/#breadcrumb\"},\"inLanguage\":\"pt-BR\",\"potentialAction\":[{\"@type\":\"ReadAction\",\"target\":[\"https:\\\/\\\/www.miamibeachfl.gov\\\/business\\\/civicaccess\\\/\"]}]},{\"@type\":\"ImageObject\",\"inLanguage\":\"pt-BR\",\"@id\":\"https:\\\/\\\/www.miamibeachfl.gov\\\/business\\\/civicaccess\\\/#primaryimage\",\"url\":\"https:\\\/\\\/www.miamibeachfl.gov\\\/wp-content\\\/uploads\\\/2023\\\/01\\\/CSS-HowtovideoThumbnail.2jpg.jpg\",\"contentUrl\":\"https:\\\/\\\/www.miamibeachfl.gov\\\/wp-content\\\/uploads\\\/2023\\\/01\\\/CSS-HowtovideoThumbnail.2jpg.jpg\"},{\"@type\":\"BreadcrumbList\",\"@id\":\"https:\\\/\\\/www.miamibeachfl.gov\\\/business\\\/civicaccess\\\/#breadcrumb\",\"itemListElement\":[{\"@type\":\"ListItem\",\"position\":1,\"name\":\"Home\",\"item\":\"https:\\\/\\\/www.miamibeachfl.gov\\\/\"},{\"@type\":\"ListItem\",\"position\":2,\"name\":\"Business\",\"item\":\"https:\\\/\\\/www.miamibeachfl.gov\\\/business\\\/\"},{\"@type\":\"ListItem\",\"position\":3,\"name\":\"Civic Access\"}]},{\"@type\":\"WebSite\",\"@id\":\"https:\\\/\\\/www.miamibeachfl.gov\\\/#website\",\"url\":\"https:\\\/\\\/www.miamibeachfl.gov\\\/\",\"name\":\"City of Miami Beach\",\"description\":\"The official website of the City of Miami Beach. Stay informed, find important information on city services, news, alerts, events, trolley routes, government employment and more.\",\"publisher\":{\"@id\":\"https:\\\/\\\/www.miamibeachfl.gov\\\/#organization\"},\"potentialAction\":[{\"@type\":\"SearchAction\",\"target\":{\"@type\":\"EntryPoint\",\"urlTemplate\":\"https:\\\/\\\/www.miamibeachfl.gov\\\/?s={search_term_string}\"},\"query-input\":{\"@type\":\"PropertyValueSpecification\",\"valueRequired\":true,\"valueName\":\"search_term_string\"}}],\"inLanguage\":\"pt-BR\"},{\"@type\":\"Organization\",\"@id\":\"https:\\\/\\\/www.miamibeachfl.gov\\\/#organization\",\"name\":\"City of Miami Beach\",\"url\":\"https:\\\/\\\/www.miamibeachfl.gov\\\/\",\"logo\":{\"@type\":\"ImageObject\",\"inLanguage\":\"pt-BR\",\"@id\":\"https:\\\/\\\/www.miamibeachfl.gov\\\/#\\\/schema\\\/logo\\\/image\\\/\",\"url\":\"https:\\\/\\\/www.miamibeachfl.gov\\\/wp-content\\\/uploads\\\/2022\\\/06\\\/miamibeach-logoblue.png\",\"contentUrl\":\"https:\\\/\\\/www.miamibeachfl.gov\\\/wp-content\\\/uploads\\\/2022\\\/06\\\/miamibeach-logoblue.png\",\"width\":1962,\"height\":381,\"caption\":\"City of Miami Beach\"},\"image\":{\"@id\":\"https:\\\/\\\/www.miamibeachfl.gov\\\/#\\\/schema\\\/logo\\\/image\\\/\"},\"sameAs\":[\"https:\\\/\\\/www.facebook.com\\\/cityofmiamibeach\",\"https:\\\/\\\/x.com\\\/Miamibeachnews\",\"https:\\\/\\\/www.instagram.com\\\/miamibeachnews\\\/\"],\"description\":\"The official website of the City of Miami Beach. Stay informed, find important information on city services, news, alerts, events, trolley routes, government employment and more.\",\"telephone\":\"305.604.CITY(2489)\",\"legalName\":\"City of Miami Beach\"}]}<\/script>\n<!-- \/ Yoast SEO Premium plugin. -->","yoast_head_json":{"title":"Acesso C\u00edvico - Cidade de Miami Beach","description":"%","robots":{"index":"index","follow":"follow","max-snippet":"max-snippet:-1","max-image-preview":"max-image-preview:large","max-video-preview":"max-video-preview:-1"},"canonical":"https:\/\/www.miamibeachfl.gov\/pt\/business\/civicaccess\/","og_locale":"pt_BR","og_type":"article","og_title":"Civic Access","og_description":"%","og_url":"https:\/\/www.miamibeachfl.gov\/pt\/business\/civicaccess\/","og_site_name":"City of Miami Beach","article_publisher":"https:\/\/www.facebook.com\/cityofmiamibeach","article_modified_time":"2025-08-14T20:51:19+00:00","og_image":[{"url":"https:\/\/www.miamibeachfl.gov\/wp-content\/uploads\/2023\/01\/CSS-HowtovideoThumbnail.2jpg.jpg","type":"","width":"","height":""}],"twitter_card":"summary_large_image","twitter_site":"@Miamibeachnews","schema":{"@context":"https:\/\/schema.org","@graph":[{"@type":"WebPage","@id":"https:\/\/www.miamibeachfl.gov\/business\/civicaccess\/","url":"https:\/\/www.miamibeachfl.gov\/business\/civicaccess\/","name":"Acesso C\u00edvico - Cidade de Miami Beach","isPartOf":{"@id":"https:\/\/www.miamibeachfl.gov\/#website"},"primaryImageOfPage":{"@id":"https:\/\/www.miamibeachfl.gov\/business\/civicaccess\/#primaryimage"},"image":{"@id":"https:\/\/www.miamibeachfl.gov\/business\/civicaccess\/#primaryimage"},"thumbnailUrl":"https:\/\/www.miamibeachfl.gov\/wp-content\/uploads\/2023\/01\/CSS-HowtovideoThumbnail.2jpg.jpg","datePublished":"2023-01-10T14:08:31+00:00","dateModified":"2025-08-14T20:51:19+00:00","description":"%","breadcrumb":{"@id":"https:\/\/www.miamibeachfl.gov\/business\/civicaccess\/#breadcrumb"},"inLanguage":"pt-BR","potentialAction":[{"@type":"ReadAction","target":["https:\/\/www.miamibeachfl.gov\/business\/civicaccess\/"]}]},{"@type":"ImageObject","inLanguage":"pt-BR","@id":"https:\/\/www.miamibeachfl.gov\/business\/civicaccess\/#primaryimage","url":"https:\/\/www.miamibeachfl.gov\/wp-content\/uploads\/2023\/01\/CSS-HowtovideoThumbnail.2jpg.jpg","contentUrl":"https:\/\/www.miamibeachfl.gov\/wp-content\/uploads\/2023\/01\/CSS-HowtovideoThumbnail.2jpg.jpg"},{"@type":"BreadcrumbList","@id":"https:\/\/www.miamibeachfl.gov\/business\/civicaccess\/#breadcrumb","itemListElement":[{"@type":"ListItem","position":1,"name":"Home","item":"https:\/\/www.miamibeachfl.gov\/"},{"@type":"ListItem","position":2,"name":"Business","item":"https:\/\/www.miamibeachfl.gov\/business\/"},{"@type":"ListItem","position":3,"name":"Civic Access"}]},{"@type":"WebSite","@id":"https:\/\/www.miamibeachfl.gov\/#website","url":"https:\/\/www.miamibeachfl.gov\/","name":"Cidade de Miami Beach","description":"Site oficial da cidade de Miami Beach. Mantenha-se informado e encontre informa\u00e7\u00f5es importantes sobre servi\u00e7os municipais, not\u00edcias, alertas, eventos, rotas de bonde, empregos p\u00fablicos e muito mais.","publisher":{"@id":"https:\/\/www.miamibeachfl.gov\/#organization"},"potentialAction":[{"@type":"SearchAction","target":{"@type":"EntryPoint","urlTemplate":"https:\/\/www.miamibeachfl.gov\/?s={search_term_string}"},"query-input":{"@type":"PropertyValueSpecification","valueRequired":true,"valueName":"search_term_string"}}],"inLanguage":"pt-BR"},{"@type":"Organization","@id":"https:\/\/www.miamibeachfl.gov\/#organization","name":"Cidade de Miami Beach","url":"https:\/\/www.miamibeachfl.gov\/","logo":{"@type":"ImageObject","inLanguage":"pt-BR","@id":"https:\/\/www.miamibeachfl.gov\/#\/schema\/logo\/image\/","url":"https:\/\/www.miamibeachfl.gov\/wp-content\/uploads\/2022\/06\/miamibeach-logoblue.png","contentUrl":"https:\/\/www.miamibeachfl.gov\/wp-content\/uploads\/2022\/06\/miamibeach-logoblue.png","width":1962,"height":381,"caption":"City of Miami Beach"},"image":{"@id":"https:\/\/www.miamibeachfl.gov\/#\/schema\/logo\/image\/"},"sameAs":["https:\/\/www.facebook.com\/cityofmiamibeach","https:\/\/x.com\/Miamibeachnews","https:\/\/www.instagram.com\/miamibeachnews\/"],"description":"Site oficial da cidade de Miami Beach. Mantenha-se informado e encontre informa\u00e7\u00f5es importantes sobre servi\u00e7os municipais, not\u00edcias, alertas, eventos, rotas de bonde, empregos p\u00fablicos e muito mais.","telephone":"305.604.CITY(2489)","legalName":"City of Miami Beach"}]}},"_links":{"self":[{"href":"https:\/\/www.miamibeachfl.gov\/pt\/wp-json\/wp\/v2\/pages\/239766","targetHints":{"allow":["GET"]}}],"collection":[{"href":"https:\/\/www.miamibeachfl.gov\/pt\/wp-json\/wp\/v2\/pages"}],"about":[{"href":"https:\/\/www.miamibeachfl.gov\/pt\/wp-json\/wp\/v2\/types\/page"}],"author":[{"embeddable":true,"href":"https:\/\/www.miamibeachfl.gov\/pt\/wp-json\/wp\/v2\/users\/222"}],"replies":[{"embeddable":true,"href":"https:\/\/www.miamibeachfl.gov\/pt\/wp-json\/wp\/v2\/comments?post=239766"}],"version-history":[{"count":8,"href":"https:\/\/www.miamibeachfl.gov\/pt\/wp-json\/wp\/v2\/pages\/239766\/revisions"}],"predecessor-version":[{"id":388057,"href":"https:\/\/www.miamibeachfl.gov\/pt\/wp-json\/wp\/v2\/pages\/239766\/revisions\/388057"}],"up":[{"embeddable":true,"href":"https:\/\/www.miamibeachfl.gov\/pt\/wp-json\/wp\/v2\/pages\/196910"}],"wp:attachment":[{"href":"https:\/\/www.miamibeachfl.gov\/pt\/wp-json\/wp\/v2\/media?parent=239766"}],"wp:term":[{"taxonomy":"category","embeddable":true,"href":"https:\/\/www.miamibeachfl.gov\/pt\/wp-json\/wp\/v2\/categories?post=239766"},{"taxonomy":"post_tag","embeddable":true,"href":"https:\/\/www.miamibeachfl.gov\/pt\/wp-json\/wp\/v2\/tags?post=239766"}],"curies":[{"name":"wp","href":"https:\/\/api.w.org\/{rel}","templated":true}]}}