{"id":244470,"date":"2023-01-30T08:02:35","date_gmt":"2023-01-30T13:02:35","guid":{"rendered":"https:\/\/www.miamibeachfl.gov\/?page_id=244470"},"modified":"2025-06-04T21:57:06","modified_gmt":"2025-06-05T01:57:06","slug":"miami-new-drama-at-collins-park-garage-go-bond","status":"publish","type":"page","link":"https:\/\/www.miamibeachfl.gov\/pt\/gobond-arts2022\/miami-new-drama-at-collins-park-garage-go-bond\/","title":{"rendered":"Go Bond \u2013 Novo Drama de Miami no Collins Park Garage"},"content":{"rendered":"<h3>\n\t\t\tInstala\u00e7\u00f5es culturais de propriedade da cidade\t<\/h3>\n<h3>\n\t\t\tMiami New Drama no Collins Park Garage\t<\/h3>\n\t\t\t<a href=\"https:\/\/www.gombinfo.com\/artsandculture\/dashboard\/explore-the-dashboard\/\" target=\"_blank\" rel=\"noopener\">\n\t\t\t\t\t\t\tExplore o Painel de Artes e Cultura  \n\t\t\t\t\t<\/a>\n<h3>\n\t\t\tHist\u00f3rico organizacional\t<\/h3>\n\t<p>O Miami New Drama \u00e9 uma \u00e2ncora cultural de Miami Beach com a miss\u00e3o de desenvolver novas pe\u00e7as e musicais diversos e relevantes em di\u00e1logo com a comunidade. Desde 2016, o Miami New Drama ativou com sucesso o Colony Theatre, onde apresenta obras diversas e inovadoras. O Colony Theatre limita sua capacidade de expandir a programa\u00e7\u00e3o educacional. O Collins Park Cultural Center, no Collins Park Garage, serviria como centro educacional, permitindo a programa\u00e7\u00e3o consistente de workshops para adultos e jovens, acampamentos para jovens atores e teatro para o p\u00fablico jovem. <\/p>\n\t<iframe src=\"https:\/\/www.google.com\/maps\/embed\/v1\/place?q=500+Collins+Avenue+Miami+Beach%2C+FL&#038;key=AIzaSyD09zQ9PNDNNy9TadMuzRV_UsPUoWKntt8\" aria-hidden=\"true\" title=\"Miami New Drama no Collins Park Garage\"><\/iframe>\n\t<h3>Cronograma estimado do projeto<\/h3>\t\n\t<p>Aproximadamente 24 meses<\/p>\n\t<h3>Valor do Projeto<\/h3>\t\n\t<p>$7,670,000<\/p>\n\t\t\t\t\t\t\t\t<a href=\"http:\/\/www.miaminewdrama.org\" target=\"_self\">\n\t\t\t\t\t\t<\/a>\n\t<h3><a href=\"http:\/\/www.miaminewdrama.org\"  target=\"_self\">Visite www.miaminewdrama.org para obter informa\u00e7\u00f5es adicionais.<\/a><\/h3>\t\n<h3>\n\t\t\tLista de Melhorias de Capital\t<\/h3>\n\t<ul>\n<li><strong>Teatro Black Box Studio de Miami New Drama  <\/strong><br \/>\nTeatro flex\u00edvel com 200 lugares. A programa\u00e7\u00e3o inclui: teatro de classe mundial em um ambiente intimista, programa\u00e7\u00e3o em espanhol, teatro para o p\u00fablico jovem, exibi\u00e7\u00f5es de filmes, eventos especiais, parcerias culturais e programa\u00e7\u00e3o comunit\u00e1ria. <\/li>\n<li><strong>Espa\u00e7o de Educa\u00e7\u00e3o e Ensaio Comunit\u00e1rio   <\/strong><br \/>\nVoltado para a rua, para que os pedestres possam ver o interior do teatro. Sede das aulas, workshops, programa\u00e7\u00e3o educacional e acampamentos do Miami New Drama. Atividades comunit\u00e1rias cont\u00ednuas, incluindo o Baile da Terceira Idade \u00e0s segundas-feiras \u00e0 noite. Espa\u00e7o para eventos do Miami New Drama e outras organiza\u00e7\u00f5es comunit\u00e1rias, combin\u00e1vel com o Studio Theater. <\/li>\n<li><strong>Est\u00fadio de Design de Figurinos <\/strong><br \/>\nUm espa\u00e7o que serviria como est\u00fadio de alfaiataria e ajuste para as produ\u00e7\u00f5es do Miami New Drama, al\u00e9m de abrigar cursos de capacita\u00e7\u00e3o em artesanato e costura. Criaria empregos em Miami Beach e resid\u00eancias art\u00edsticas na \u00e1rea de artes t\u00eaxteis, que poderiam ser exibidos na galeria do sagu\u00e3o. <\/li>\n<li><strong>A sala de estar   <\/strong><br \/>\nUm lounge cultural aberto o dia todo, com instala\u00e7\u00f5es art\u00edsticas rotativas de organiza\u00e7\u00f5es sem fins lucrativos parceiras, apresentando artistas desconhecidos em in\u00edcio e meio de carreira. Um caf\u00e9 e uma livraria com curadoria da Books &amp; Books. <\/li>\n<li><strong>Collins Park Caf\u00e9 <\/strong><br \/>\nUm caf\u00e9 de bairro din\u00e2mico e acolhedor, que serve caf\u00e9 de origem sustent\u00e1vel, culin\u00e1ria acess\u00edvel de classe mundial e apresenta uma sele\u00e7\u00e3o criteriosa de m\u00fasica ao vivo de vanguarda. Esta \u00e9 uma parceria sem fins lucrativos\/privada entre um experiente restaurateur e o Miami New Drama.  <\/li>\n<li><strong>Espa\u00e7o de escrit\u00f3rio <\/strong><br \/>\nServir\u00e1 como sede do Miami New Drama.   <\/li>\n<\/ul>","protected":false},"excerpt":{"rendered":"<p>Instala\u00e7\u00f5es culturais de propriedade da cidade Miami New Drama no Collins Park Garage Explore o painel de artes e cultura Hist\u00f3rico organizacional Miami New [\u2026]<\/p>","protected":false},"author":222,"featured_media":0,"parent":242175,"menu_order":178,"comment_status":"closed","ping_status":"closed","template":"","meta":{"_searchwp_excluded":"","site-sidebar-layout":"default","site-content-layout":"","ast-site-content-layout":"default","site-content-style":"default","site-sidebar-style":"default","ast-global-header-display":"","ast-banner-title-visibility":"","ast-main-header-display":"","ast-hfb-above-header-display":"","ast-hfb-below-header-display":"","ast-hfb-mobile-header-display":"","site-post-title":"","ast-breadcrumbs-content":"","ast-featured-img":"","footer-sml-layout":"","theme-transparent-header-meta":"","adv-header-id-meta":"","stick-header-meta":"","header-above-stick-meta":"","header-main-stick-meta":"","header-below-stick-meta":"","astra-migrate-meta-layouts":"default","ast-page-background-enabled":"default","ast-page-background-meta":{"desktop":{"background-color":"var(--ast-global-color-5)","background-image":"","background-repeat":"repeat","background-position":"center center","background-size":"auto","background-attachment":"scroll","background-type":"","background-media":"","overlay-type":"","overlay-color":"","overlay-opacity":"","overlay-gradient":""},"tablet":{"background-color":"","background-image":"","background-repeat":"repeat","background-position":"center center","background-size":"auto","background-attachment":"scroll","background-type":"","background-media":"","overlay-type":"","overlay-color":"","overlay-opacity":"","overlay-gradient":""},"mobile":{"background-color":"","background-image":"","background-repeat":"repeat","background-position":"center center","background-size":"auto","background-attachment":"scroll","background-type":"","background-media":"","overlay-type":"","overlay-color":"","overlay-opacity":"","overlay-gradient":""}},"ast-content-background-meta":{"desktop":{"background-color":"var(--ast-global-color-4)","background-image":"","background-repeat":"repeat","background-position":"center center","background-size":"auto","background-attachment":"scroll","background-type":"","background-media":"","overlay-type":"","overlay-color":"","overlay-opacity":"","overlay-gradient":""},"tablet":{"background-color":"var(--ast-global-color-4)","background-image":"","background-repeat":"repeat","background-position":"center center","background-size":"auto","background-attachment":"scroll","background-type":"","background-media":"","overlay-type":"","overlay-color":"","overlay-opacity":"","overlay-gradient":""},"mobile":{"background-color":"var(--ast-global-color-4)","background-image":"","background-repeat":"repeat","background-position":"center center","background-size":"auto","background-attachment":"scroll","background-type":"","background-media":"","overlay-type":"","overlay-color":"","overlay-opacity":"","overlay-gradient":""}},"footnotes":""},"categories":[],"tags":[],"class_list":["post-244470","page","type-page","status-publish","hentry"],"yoast_head":"<!-- This site is optimized with the Yoast SEO Premium plugin v26.6 (Yoast SEO v26.6) - https:\/\/yoast.com\/wordpress\/plugins\/seo\/ -->\n<title>Go Bond - Miami New Drama at Collins Park Garage - City of Miami Beach<\/title>\n<meta name=\"description\" content=\"%\" \/>\n<meta name=\"robots\" content=\"index, follow, max-snippet:-1, max-image-preview:large, max-video-preview:-1\" \/>\n<link rel=\"canonical\" href=\"https:\/\/www.miamibeachfl.gov\/pt\/gobond-arts2022\/miami-new-drama-at-collins-park-garage-go-bond\/\" \/>\n<meta property=\"og:locale\" content=\"pt_BR\" \/>\n<meta property=\"og:type\" content=\"article\" \/>\n<meta property=\"og:title\" content=\"Go Bond - Miami New Drama at Collins Park Garage\" \/>\n<meta property=\"og:description\" content=\"%\" \/>\n<meta property=\"og:url\" content=\"https:\/\/www.miamibeachfl.gov\/pt\/gobond-arts2022\/miami-new-drama-at-collins-park-garage-go-bond\/\" \/>\n<meta property=\"og:site_name\" content=\"City of Miami Beach\" \/>\n<meta property=\"article:publisher\" content=\"https:\/\/www.facebook.com\/cityofmiamibeach\" \/>\n<meta property=\"article:modified_time\" content=\"2025-06-05T01:57:06+00:00\" \/>\n<meta property=\"og:image\" content=\"https:\/\/www.miamibeachfl.gov\/wp-content\/uploads\/2024\/01\/1000pxSquare-miamibeach-aerial-southpointview.jpeg\" \/>\n\t<meta property=\"og:image:width\" content=\"1000\" \/>\n\t<meta property=\"og:image:height\" content=\"1000\" \/>\n\t<meta property=\"og:image:type\" content=\"image\/jpeg\" \/>\n<meta name=\"twitter:card\" content=\"summary_large_image\" \/>\n<meta name=\"twitter:site\" content=\"@Miamibeachnews\" \/>\n<script type=\"application\/ld+json\" class=\"yoast-schema-graph\">{\"@context\":\"https:\/\/schema.org\",\"@graph\":[{\"@type\":\"WebPage\",\"@id\":\"https:\/\/www.miamibeachfl.gov\/gobond-arts2022\/miami-new-drama-at-collins-park-garage-go-bond\/\",\"url\":\"https:\/\/www.miamibeachfl.gov\/gobond-arts2022\/miami-new-drama-at-collins-park-garage-go-bond\/\",\"name\":\"Go Bond - Miami New Drama at Collins Park Garage - City of Miami Beach\",\"isPartOf\":{\"@id\":\"https:\/\/www.miamibeachfl.gov\/#website\"},\"datePublished\":\"2023-01-30T13:02:35+00:00\",\"dateModified\":\"2025-06-05T01:57:06+00:00\",\"description\":\"%\",\"breadcrumb\":{\"@id\":\"https:\/\/www.miamibeachfl.gov\/gobond-arts2022\/miami-new-drama-at-collins-park-garage-go-bond\/#breadcrumb\"},\"inLanguage\":\"pt-BR\",\"potentialAction\":[{\"@type\":\"ReadAction\",\"target\":[\"https:\/\/www.miamibeachfl.gov\/gobond-arts2022\/miami-new-drama-at-collins-park-garage-go-bond\/\"]}]},{\"@type\":\"BreadcrumbList\",\"@id\":\"https:\/\/www.miamibeachfl.gov\/gobond-arts2022\/miami-new-drama-at-collins-park-garage-go-bond\/#breadcrumb\",\"itemListElement\":[{\"@type\":\"ListItem\",\"position\":1,\"name\":\"Home\",\"item\":\"https:\/\/www.miamibeachfl.gov\/\"},{\"@type\":\"ListItem\",\"position\":2,\"name\":\"GO Bond Arts 2022\",\"item\":\"https:\/\/www.miamibeachfl.gov\/gobond-arts2022\/\"},{\"@type\":\"ListItem\",\"position\":3,\"name\":\"Go Bond &#8211; Miami New Drama at Collins Park Garage\"}]},{\"@type\":\"WebSite\",\"@id\":\"https:\/\/www.miamibeachfl.gov\/#website\",\"url\":\"https:\/\/www.miamibeachfl.gov\/\",\"name\":\"City of Miami Beach\",\"description\":\"The official website of the City of Miami Beach. Stay informed, find important information on city services, news, alerts, events, trolley routes, government employment and more.\",\"publisher\":{\"@id\":\"https:\/\/www.miamibeachfl.gov\/#organization\"},\"potentialAction\":[{\"@type\":\"SearchAction\",\"target\":{\"@type\":\"EntryPoint\",\"urlTemplate\":\"https:\/\/www.miamibeachfl.gov\/?s={search_term_string}\"},\"query-input\":{\"@type\":\"PropertyValueSpecification\",\"valueRequired\":true,\"valueName\":\"search_term_string\"}}],\"inLanguage\":\"pt-BR\"},{\"@type\":\"Organization\",\"@id\":\"https:\/\/www.miamibeachfl.gov\/#organization\",\"name\":\"City of Miami Beach\",\"url\":\"https:\/\/www.miamibeachfl.gov\/\",\"logo\":{\"@type\":\"ImageObject\",\"inLanguage\":\"pt-BR\",\"@id\":\"https:\/\/www.miamibeachfl.gov\/#\/schema\/logo\/image\/\",\"url\":\"https:\/\/www.miamibeachfl.gov\/wp-content\/uploads\/2022\/06\/miamibeach-logoblue.png\",\"contentUrl\":\"https:\/\/www.miamibeachfl.gov\/wp-content\/uploads\/2022\/06\/miamibeach-logoblue.png\",\"width\":1962,\"height\":381,\"caption\":\"City of Miami Beach\"},\"image\":{\"@id\":\"https:\/\/www.miamibeachfl.gov\/#\/schema\/logo\/image\/\"},\"sameAs\":[\"https:\/\/www.facebook.com\/cityofmiamibeach\",\"https:\/\/x.com\/Miamibeachnews\",\"https:\/\/www.instagram.com\/miamibeachnews\/\"],\"description\":\"The official website of the City of Miami Beach. Stay informed, find important information on city services, news, alerts, events, trolley routes, government employment and more.\",\"telephone\":\"305.604.CITY(2489)\",\"legalName\":\"City of Miami Beach\"}]}<\/script>\n<!-- \/ Yoast SEO Premium plugin. -->","yoast_head_json":{"title":"Go Bond - Novo Drama de Miami no Collins Park Garage - Cidade de Miami Beach","description":"%","robots":{"index":"index","follow":"follow","max-snippet":"max-snippet:-1","max-image-preview":"max-image-preview:large","max-video-preview":"max-video-preview:-1"},"canonical":"https:\/\/www.miamibeachfl.gov\/pt\/gobond-arts2022\/miami-new-drama-at-collins-park-garage-go-bond\/","og_locale":"pt_BR","og_type":"article","og_title":"Go Bond - Miami New Drama at Collins Park Garage","og_description":"%","og_url":"https:\/\/www.miamibeachfl.gov\/pt\/gobond-arts2022\/miami-new-drama-at-collins-park-garage-go-bond\/","og_site_name":"City of Miami Beach","article_publisher":"https:\/\/www.facebook.com\/cityofmiamibeach","article_modified_time":"2025-06-05T01:57:06+00:00","og_image":[{"width":1000,"height":1000,"url":"https:\/\/www.miamibeachfl.gov\/wp-content\/uploads\/2024\/01\/1000pxSquare-miamibeach-aerial-southpointview.jpeg","type":"image\/jpeg"}],"twitter_card":"summary_large_image","twitter_site":"@Miamibeachnews","schema":{"@context":"https:\/\/schema.org","@graph":[{"@type":"WebPage","@id":"https:\/\/www.miamibeachfl.gov\/gobond-arts2022\/miami-new-drama-at-collins-park-garage-go-bond\/","url":"https:\/\/www.miamibeachfl.gov\/gobond-arts2022\/miami-new-drama-at-collins-park-garage-go-bond\/","name":"Go Bond - Novo Drama de Miami no Collins Park Garage - Cidade de Miami Beach","isPartOf":{"@id":"https:\/\/www.miamibeachfl.gov\/#website"},"datePublished":"2023-01-30T13:02:35+00:00","dateModified":"2025-06-05T01:57:06+00:00","description":"%","breadcrumb":{"@id":"https:\/\/www.miamibeachfl.gov\/gobond-arts2022\/miami-new-drama-at-collins-park-garage-go-bond\/#breadcrumb"},"inLanguage":"pt-BR","potentialAction":[{"@type":"ReadAction","target":["https:\/\/www.miamibeachfl.gov\/gobond-arts2022\/miami-new-drama-at-collins-park-garage-go-bond\/"]}]},{"@type":"BreadcrumbList","@id":"https:\/\/www.miamibeachfl.gov\/gobond-arts2022\/miami-new-drama-at-collins-park-garage-go-bond\/#breadcrumb","itemListElement":[{"@type":"ListItem","position":1,"name":"Home","item":"https:\/\/www.miamibeachfl.gov\/"},{"@type":"ListItem","position":2,"name":"GO Bond Arts 2022","item":"https:\/\/www.miamibeachfl.gov\/gobond-arts2022\/"},{"@type":"ListItem","position":3,"name":"Go Bond &#8211; Miami New Drama at Collins Park Garage"}]},{"@type":"WebSite","@id":"https:\/\/www.miamibeachfl.gov\/#website","url":"https:\/\/www.miamibeachfl.gov\/","name":"Cidade de Miami Beach","description":"Site oficial da cidade de Miami Beach. Mantenha-se informado e encontre informa\u00e7\u00f5es importantes sobre servi\u00e7os municipais, not\u00edcias, alertas, eventos, rotas de bonde, empregos p\u00fablicos e muito mais.","publisher":{"@id":"https:\/\/www.miamibeachfl.gov\/#organization"},"potentialAction":[{"@type":"SearchAction","target":{"@type":"EntryPoint","urlTemplate":"https:\/\/www.miamibeachfl.gov\/?s={search_term_string}"},"query-input":{"@type":"PropertyValueSpecification","valueRequired":true,"valueName":"search_term_string"}}],"inLanguage":"pt-BR"},{"@type":"Organization","@id":"https:\/\/www.miamibeachfl.gov\/#organization","name":"Cidade de Miami Beach","url":"https:\/\/www.miamibeachfl.gov\/","logo":{"@type":"ImageObject","inLanguage":"pt-BR","@id":"https:\/\/www.miamibeachfl.gov\/#\/schema\/logo\/image\/","url":"https:\/\/www.miamibeachfl.gov\/wp-content\/uploads\/2022\/06\/miamibeach-logoblue.png","contentUrl":"https:\/\/www.miamibeachfl.gov\/wp-content\/uploads\/2022\/06\/miamibeach-logoblue.png","width":1962,"height":381,"caption":"City of Miami Beach"},"image":{"@id":"https:\/\/www.miamibeachfl.gov\/#\/schema\/logo\/image\/"},"sameAs":["https:\/\/www.facebook.com\/cityofmiamibeach","https:\/\/x.com\/Miamibeachnews","https:\/\/www.instagram.com\/miamibeachnews\/"],"description":"Site oficial da cidade de Miami Beach. Mantenha-se informado e encontre informa\u00e7\u00f5es importantes sobre servi\u00e7os municipais, not\u00edcias, alertas, eventos, rotas de bonde, empregos p\u00fablicos e muito mais.","telephone":"305.604.CITY(2489)","legalName":"City of Miami Beach"}]}},"_links":{"self":[{"href":"https:\/\/www.miamibeachfl.gov\/pt\/wp-json\/wp\/v2\/pages\/244470","targetHints":{"allow":["GET"]}}],"collection":[{"href":"https:\/\/www.miamibeachfl.gov\/pt\/wp-json\/wp\/v2\/pages"}],"about":[{"href":"https:\/\/www.miamibeachfl.gov\/pt\/wp-json\/wp\/v2\/types\/page"}],"author":[{"embeddable":true,"href":"https:\/\/www.miamibeachfl.gov\/pt\/wp-json\/wp\/v2\/users\/222"}],"replies":[{"embeddable":true,"href":"https:\/\/www.miamibeachfl.gov\/pt\/wp-json\/wp\/v2\/comments?post=244470"}],"version-history":[{"count":0,"href":"https:\/\/www.miamibeachfl.gov\/pt\/wp-json\/wp\/v2\/pages\/244470\/revisions"}],"up":[{"embeddable":true,"href":"https:\/\/www.miamibeachfl.gov\/pt\/wp-json\/wp\/v2\/pages\/242175"}],"wp:attachment":[{"href":"https:\/\/www.miamibeachfl.gov\/pt\/wp-json\/wp\/v2\/media?parent=244470"}],"wp:term":[{"taxonomy":"category","embeddable":true,"href":"https:\/\/www.miamibeachfl.gov\/pt\/wp-json\/wp\/v2\/categories?post=244470"},{"taxonomy":"post_tag","embeddable":true,"href":"https:\/\/www.miamibeachfl.gov\/pt\/wp-json\/wp\/v2\/tags?post=244470"}],"curies":[{"name":"wp","href":"https:\/\/api.w.org\/{rel}","templated":true}]}}