{"id":247293,"date":"2023-02-14T14:07:56","date_gmt":"2023-02-14T19:07:56","guid":{"rendered":"https:\/\/www.miamibeachfl.gov\/?page_id=247293"},"modified":"2025-06-02T22:09:57","modified_gmt":"2025-06-03T02:09:57","slug":"feb-2023-business-spotlight","status":"publish","type":"page","link":"https:\/\/www.miamibeachfl.gov\/pt\/spotlight\/feb-2023-business-spotlight\/","title":{"rendered":"Destaque de neg\u00f3cios em Miami Beach Bibi Art Media Inc"},"content":{"rendered":"<h5>\n\t\t<a href=\"https:\/\/www.miamibeachfl.gov\/pt\/mbbiznews\/\" title=\"Assine aqui para receber o boletim de neg\u00f3cios da cidade mensalmente em sua caixa de entrada.\"  target=\"_blank\"  rel=\"noopener\">\n\t\t\tAssine aqui para receber o boletim de neg\u00f3cios da cidade mensalmente em sua caixa de entrada.\t\t<\/a>\n\t<\/h5>\n<h5>\n\t\t<a href=\"https:\/\/myemail.constantcontact.com\/Stay-connected-with-MB-Biz--.html?soid=1011085968389&#038;aid=S0mHBwwl4Fs\" title=\"Boletim de Neg\u00f3cios\"  target=\"_blank\"  rel=\"noopener\">\n\t\t\tBoletim de Neg\u00f3cios\t\t<\/a>\n\t<\/h5>\n<h2>\n\t\t\tBibi Art Media, Inc\t<\/h2>\n\t\t\t\t<img decoding=\"async\" src=\"https:\/\/www.miamibeachfl.gov\/wp-content\/uploads\/2023\/02\/Bibi-Image-scaled.jpg\" alt=\"Bibi Art Media Inc\" itemprop=\"image\" title=\"Imagem Bibi\" onerror=\"this.style.display='none'\" loading='lazy' \/>\n\t<p><strong>Nome:<\/strong> Brigitte Andrade<\/p>\n<p><strong>Local de nascimento:<\/strong> Orange, Nova Jersey<\/p>\n<p><strong>Em que cidade voc\u00ea mora agora? <\/strong>\u00a0\u00a0Moro em Miami Beach h\u00e1 30 anos!<\/p>\n<p><strong>Conte-nos sobre voc\u00ea<\/strong><\/p>\n<p>Sou uma profissional multitalentosa com experi\u00eancia em publica\u00e7\u00e3o, arte, escrita e moda. Me formei no Fashion Institute of Technology em Nova York e comecei minha carreira como Diretora Geral da Beauty Bookings em 1981. Era respons\u00e1vel pela gest\u00e3o de artistas e equipe na primeira e maior ag\u00eancia de maquiagem, cabelo e fotografia da cidade de Nova York. No final dos anos 80, fundei a Brigitte Inc., uma produtora que prestava servi\u00e7os como publicidade impressa, produ\u00e7\u00e3o de cat\u00e1logos e comerciais de TV para ag\u00eancias de publicidade e TV a cabo, al\u00e9m de or\u00e7amento, programa\u00e7\u00e3o e edi\u00e7\u00e3o de filmes.<\/p>\n<p>Mudei-me para Miami Beach no in\u00edcio dos anos 90 e decidi seguir minha paix\u00e3o pela arte. Foi l\u00e1 que minha carreira art\u00edstica prosperou e pude explorar minha criatividade pessoal. Criei a s\u00e9rie de hist\u00f3rias em quadrinhos de sucesso &quot;As Aventuras de Bibi e Seus Amigos&quot; em 1999. Em 2002, quando a Art Basel Miami Beach foi lan\u00e7ada em Miami Beach, eu tinha tr\u00eas (3) anos de hist\u00f3rias em quadrinhos em meu portf\u00f3lio, e minhas obras de arte foram apresentadas no estande do Greater Miami and Miami Beach Convention and Visitors Bureau (GMCVB) por dois (2) anos. A natureza ecl\u00e9tica da arte exibida durante a Art Basel me inspirou a me dedicar \u00e0 venda de arte e me levou a abrir uma nova empresa, a Bibi Art Media Inc., que combina publica\u00e7\u00e3o, arte e eventos art\u00edsticos com chefs particulares.<\/p>\n<p>Estou ansioso por novos projetos interessantes e decidi, depois de ver obras de arte estranhas sendo vendidas por milh\u00f5es: &quot;Eu tamb\u00e9m posso fazer isso... Eu tamb\u00e9m posso vender arte!&quot; Tenho certeza de que muitos artistas t\u00eam o mesmo pensamento.<\/p>\n<p><strong>Conte-nos sobre um reconhecimento importante que voc\u00ea recebeu da cidade de Miami Beach?<\/strong><\/p>\n<p>Recebi o 1\u00ba Pr\u00eamio de Membro da Comunidade do M\u00eas da Hist\u00f3ria Negra da Prefeitura de Miami Beach e do Comit\u00ea Consultivo de Assuntos Negros em 18 de fevereiro de 2022, em reconhecimento ao &quot;Comprometimento e Dedica\u00e7\u00e3o Excepcionais \u00e0 Arte e \u00e0 Cultura na Cidade de Miami Beach e no Mundo&quot;. Este pr\u00eamio \u00e9 significativo para mim e fiquei grato pela resposta positiva que recebi da comunidade de Miami Beach; isso me trouxe uma alegria imensa!<\/p>\n<p>Sou um dos membros fundadores do Comit\u00ea Consultivo de Assuntos Negros de Miami Beach, que tem trabalhado para criar transpar\u00eancia e equidade em programa\u00e7\u00e3o, compras e pol\u00edticas. Isso me inspirou a criar uma p\u00e1gina no novo Livro Bibi, destacando a programa\u00e7\u00e3o e a di\u00e1spora negra hist\u00f3rica em Miami Beach. Minhas contribui\u00e7\u00f5es comunit\u00e1rias para Miami Beach tamb\u00e9m incluem a participa\u00e7\u00e3o no comit\u00ea de Cidades Irm\u00e3s de Miami Beach e no Miami Beach Arts Trust. Recebi um pr\u00eamio de <em>Revista Legacy<\/em> como um dos \u201cL\u00edderes Empresariais Negros Mais Poderosos e Influentes de Miami em 2022\u201d. Apareceu na Power Issue, publicada em 17 de abril de 2022, como um encarte no <em>Miami Herald<\/em>.<\/p>\n<p>Passei anos dedicando minha carreira \u00e0s artes e produzindo o Centennial Comic Book para Miami Beach em 2015. Criei o site <em>Arte Dezembro Miami <\/em>em 2008, para que artistas locais compartilhassem eventos art\u00edsticos e fornecessem \u00e0 comunidade m\u00eddias sociais e marketing gratuitos nos \u00faltimos 14 anos. Meus amigos e eu costumamos dar boas risadas sobre ser o GOAT (Maior de Todos os Tempos) de Miami Beach, porque, at\u00e9 hoje, tenho quatro (4) proclama\u00e7\u00f5es de Miami Beach, uma chave da cidade, uma medalha de campeonato, s\u00f3 para citar algumas. Sinto-me honrado e honrado.<\/p>\n<p><strong>Parab\u00e9ns por ganhar o 7<sup>\u00ba<\/sup> Concurso Anual de Arte da Capa Preta, promovido pelo Greater Miami and Miami Beach Convention &amp; Visitors Bureau (GMCVB) e pela revista MIA! Conte-nos sobre isso!<\/strong><\/p>\n<p>Ganhar este concurso foi uma surpresa completa. Inscrevi-me no concurso de \u00faltima hora, ap\u00f3s receber um e-mail, e tinha apenas alguns dias para enviar uma pe\u00e7a. Criei \u201cSerenity\u201d para o concurso em dois (2) dias e enviei-a sem expectativas. Fiquei t\u00e3o surpreso quando o telefone tocou que ganhei! A capa foi apresentada como um encarte no <em>Miami Herald<\/em> e <em>Sentinela do Sol<\/em> durante a Art Basel Miami Beach e a Art Week 2021, que proporcionou uma cobertura fant\u00e1stica para um artista e ainda contou com um belo pr\u00eamio. A entrega do cheque ocorreu no Historic Lyric Theater em Overtown, em 9 de fevereiro de 2022.<\/p>\n<p><strong>Qual foi sua inspira\u00e7\u00e3o para Serenity?<\/strong><\/p>\n<p>Minha ideia inicial era que seria um concurso de capas, e o que ficaria bem na capa de uma revista de encartes. Publiquei 17 capas da minha s\u00e9rie de quadrinhos &quot;As Aventuras de Bibi e Seus Amigos&quot;, ent\u00e3o comecei por a\u00ed. Durante a pandemia de 2020-21, criei muita arte digital e busquei criar algo marcante e colorido. Uma obra que criei durante a pandemia se tornou a base de &quot;Serenity&quot;. Lembro-me deste dia porque estava em um fluxo de energia supercriativo e tudo estava trabalhando a meu favor. J\u00e1 vendi minha primeira obra de arte &quot;Serenity&quot; em alum\u00ednio!<\/p>\n<p><strong>H\u00e1 outros projetos interessantes nos quais voc\u00ea est\u00e1 trabalhando?<\/strong><\/p>\n<p>Minha nova edi\u00e7\u00e3o de &quot;As Aventuras de Bibi e Seus Amigos&quot; ser\u00e1 lan\u00e7ada no in\u00edcio de mar\u00e7o de 2023, para celebrar os 24 anos da s\u00e9rie de quadrinhos. Estou animada com esta edi\u00e7\u00e3o, pois ela inclui novos eventos e compromissos culturais maravilhosos em Miami Beach. Tamb\u00e9m estou presente na campanha publicit\u00e1ria &quot;Cuide da Nossa Cidade&quot; de Miami Beach e da GMCVB pelo segundo ano como influenciadora local. Minha arte e produtos podem ser encontrados no <strong><a href=\"https:\/\/www.theadventuresofbibiandfriends.com\/shop\">Loja do Museu Bibi<\/a><\/strong>, com t\u00eanis e bolsas personalizados \u2013 que s\u00e3o um sucesso! Tive a ideia de colocar os personagens dos quadrinhos em t\u00eanis personalizados para que meus amigos pudessem se promover, e j\u00e1 ilustrei centenas de pessoas reais de Miami Beach. H\u00e1 outros projetos interessantes em andamento, mas ainda n\u00e3o posso revel\u00e1-los \u2013 fiquem ligados!<\/p>\n<p><strong>Voc\u00ea tamb\u00e9m teve uma exposi\u00e7\u00e3o em um museu em Miami recentemente?<\/strong><\/p>\n<p>Tive a honra de expor meu trabalho no <em>Hist\u00f3riaMuseu de Miami<\/em> por quatro (4) meses, comemorando 22 anos dos quadrinhos \u201cAs Aventuras de Bibi e Seus Amigos\u201d. A exposi\u00e7\u00e3o fez parte da Semana de Arte de Miami. Foi um instant\u00e2neo de Miami Beach e exibiu uma cole\u00e7\u00e3o de v\u00e1rias p\u00e1ginas dos quadrinhos \u201cAs Aventuras de Bibi e Seus Amigos\u201d. Muitos dos lugares, apresentados nos quadrinhos, agora fazem parte de uma hist\u00f3ria incr\u00edvel em Miami Beach; \u00e9 minha maneira de homenagear amigos e lugares que s\u00e3o significativos para mim. A exposi\u00e7\u00e3o apresentou a \u201cCadeira Bibi do Miami Marine Stadium\u201d, que criei em colabora\u00e7\u00e3o com o projeto \u201cIf Seats Could Talk\u201d, em apoio \u00e0 restaura\u00e7\u00e3o do Miami Marine Stadium. Em 2017, os assentos originais foram doados a v\u00e1rios artistas, permitindo-lhes criar novas obras de arte, patrocinadas pela cidade de Miami. Fiquei emocionado por esta ser minha 2\u00aa<sup>e<\/sup> mostrando no <em>Hist\u00f3riaMuseu de Miami<\/em>Minha primeira exposi\u00e7\u00e3o contou com a presen\u00e7a do lend\u00e1rio homem do soul, Sam Moore, e algumas obras de arte de um livro em que venho trabalhando h\u00e1 v\u00e1rios anos. Considero-me um privilegiado por ter tido 22 exposi\u00e7\u00f5es de alto n\u00edvel, e contando com isso.<\/p>\n<p><strong>Voc\u00ea est\u00e1 expondo em algum lugar atualmente?<\/strong><\/p>\n<p>Tenho uma exposi\u00e7\u00e3o atual no \u201cNathan&#039;s Video Bar\u201d, na Washington Avenue, at\u00e9 o final de fevereiro de 2023. Tamb\u00e9m tenho arte em exibi\u00e7\u00e3o no <em>East of Collins Realty &amp; Expediting<\/em> em Aventura, FL e a arte pode ser vista online.<\/p>\n<p><strong>Onde podemos encontrar voc\u00ea nas redes sociais?<\/strong><\/p>\n<p>Voc\u00ea pode visitar meu site www.theadventuresofbibiandfriends.com ou seguir @Bibiadventures no Instagram. Voc\u00ea tamb\u00e9m pode dar uma espiadinha no pr\u00f3ximo livro e na arte de Sam Moore em www.soulmanart.com.<\/p>\n<p>&nbsp;<\/p>","protected":false},"excerpt":{"rendered":"<p>Subscribe here to receive the City&#8217;s business newsletter to your inbox monthly. Business Newsletter Bibi Art Media, Inc Name: Brigitte [&hellip;]<\/p>\n","protected":false},"author":222,"featured_media":0,"parent":253255,"menu_order":0,"comment_status":"closed","ping_status":"closed","template":"","meta":{"_searchwp_excluded":"","site-sidebar-layout":"default","site-content-layout":"","ast-site-content-layout":"default","site-content-style":"default","site-sidebar-style":"default","ast-global-header-display":"","ast-banner-title-visibility":"","ast-main-header-display":"","ast-hfb-above-header-display":"","ast-hfb-below-header-display":"","ast-hfb-mobile-header-display":"","site-post-title":"","ast-breadcrumbs-content":"","ast-featured-img":"","footer-sml-layout":"","ast-disable-related-posts":"","theme-transparent-header-meta":"","adv-header-id-meta":"","stick-header-meta":"","header-above-stick-meta":"","header-main-stick-meta":"","header-below-stick-meta":"","astra-migrate-meta-layouts":"default","ast-page-background-enabled":"default","ast-page-background-meta":{"desktop":{"background-color":"var(--ast-global-color-5)","background-image":"","background-repeat":"repeat","background-position":"center center","background-size":"auto","background-attachment":"scroll","background-type":"","background-media":"","overlay-type":"","overlay-color":"","overlay-opacity":"","overlay-gradient":""},"tablet":{"background-color":"","background-image":"","background-repeat":"repeat","background-position":"center center","background-size":"auto","background-attachment":"scroll","background-type":"","background-media":"","overlay-type":"","overlay-color":"","overlay-opacity":"","overlay-gradient":""},"mobile":{"background-color":"","background-image":"","background-repeat":"repeat","background-position":"center center","background-size":"auto","background-attachment":"scroll","background-type":"","background-media":"","overlay-type":"","overlay-color":"","overlay-opacity":"","overlay-gradient":""}},"ast-content-background-meta":{"desktop":{"background-color":"var(--ast-global-color-4)","background-image":"","background-repeat":"repeat","background-position":"center center","background-size":"auto","background-attachment":"scroll","background-type":"","background-media":"","overlay-type":"","overlay-color":"","overlay-opacity":"","overlay-gradient":""},"tablet":{"background-color":"var(--ast-global-color-4)","background-image":"","background-repeat":"repeat","background-position":"center center","background-size":"auto","background-attachment":"scroll","background-type":"","background-media":"","overlay-type":"","overlay-color":"","overlay-opacity":"","overlay-gradient":""},"mobile":{"background-color":"var(--ast-global-color-4)","background-image":"","background-repeat":"repeat","background-position":"center center","background-size":"auto","background-attachment":"scroll","background-type":"","background-media":"","overlay-type":"","overlay-color":"","overlay-opacity":"","overlay-gradient":""}},"footnotes":""},"categories":[],"tags":[],"class_list":["post-247293","page","type-page","status-publish","hentry"],"yoast_head":"<!-- This site is optimized with the Yoast SEO Premium plugin v27.4 (Yoast SEO v27.4) - https:\/\/yoast.com\/product\/yoast-seo-premium-wordpress\/ -->\n<title>Miami Beach Business Spotlight Bibi Art Media Inc - City of Miami Beach<\/title>\n<meta name=\"description\" content=\"%\" \/>\n<meta name=\"robots\" content=\"index, follow, max-snippet:-1, max-image-preview:large, max-video-preview:-1\" \/>\n<link rel=\"canonical\" href=\"https:\/\/www.miamibeachfl.gov\/pt\/spotlight\/feb-2023-business-spotlight\/\" \/>\n<meta property=\"og:locale\" content=\"pt_BR\" \/>\n<meta property=\"og:type\" content=\"article\" \/>\n<meta property=\"og:title\" content=\"Miami Beach Business Spotlight Bibi Art Media Inc\" \/>\n<meta property=\"og:description\" content=\"%\" \/>\n<meta property=\"og:url\" content=\"https:\/\/www.miamibeachfl.gov\/pt\/spotlight\/feb-2023-business-spotlight\/\" \/>\n<meta property=\"og:site_name\" content=\"City of Miami Beach\" \/>\n<meta property=\"article:publisher\" content=\"https:\/\/www.facebook.com\/cityofmiamibeach\" \/>\n<meta property=\"article:modified_time\" content=\"2025-06-03T02:09:57+00:00\" \/>\n<meta property=\"og:image\" content=\"https:\/\/www.miamibeachfl.gov\/wp-content\/uploads\/2023\/02\/Bibi-Image-scaled.jpg\" \/>\n<meta name=\"twitter:card\" content=\"summary_large_image\" \/>\n<meta name=\"twitter:site\" content=\"@Miamibeachnews\" \/>\n<script type=\"application\/ld+json\" class=\"yoast-schema-graph\">{\"@context\":\"https:\\\/\\\/schema.org\",\"@graph\":[{\"@type\":\"WebPage\",\"@id\":\"https:\\\/\\\/www.miamibeachfl.gov\\\/spotlight\\\/feb-2023-business-spotlight\\\/\",\"url\":\"https:\\\/\\\/www.miamibeachfl.gov\\\/spotlight\\\/feb-2023-business-spotlight\\\/\",\"name\":\"Miami Beach Business Spotlight Bibi Art Media Inc - City of Miami Beach\",\"isPartOf\":{\"@id\":\"https:\\\/\\\/www.miamibeachfl.gov\\\/#website\"},\"primaryImageOfPage\":{\"@id\":\"https:\\\/\\\/www.miamibeachfl.gov\\\/spotlight\\\/feb-2023-business-spotlight\\\/#primaryimage\"},\"image\":{\"@id\":\"https:\\\/\\\/www.miamibeachfl.gov\\\/spotlight\\\/feb-2023-business-spotlight\\\/#primaryimage\"},\"thumbnailUrl\":\"https:\\\/\\\/www.miamibeachfl.gov\\\/wp-content\\\/uploads\\\/2023\\\/02\\\/Bibi-Image-scaled.jpg\",\"datePublished\":\"2023-02-14T19:07:56+00:00\",\"dateModified\":\"2025-06-03T02:09:57+00:00\",\"description\":\"%\",\"breadcrumb\":{\"@id\":\"https:\\\/\\\/www.miamibeachfl.gov\\\/spotlight\\\/feb-2023-business-spotlight\\\/#breadcrumb\"},\"inLanguage\":\"pt-BR\",\"potentialAction\":[{\"@type\":\"ReadAction\",\"target\":[\"https:\\\/\\\/www.miamibeachfl.gov\\\/spotlight\\\/feb-2023-business-spotlight\\\/\"]}]},{\"@type\":\"ImageObject\",\"inLanguage\":\"pt-BR\",\"@id\":\"https:\\\/\\\/www.miamibeachfl.gov\\\/spotlight\\\/feb-2023-business-spotlight\\\/#primaryimage\",\"url\":\"https:\\\/\\\/www.miamibeachfl.gov\\\/wp-content\\\/uploads\\\/2023\\\/02\\\/Bibi-Image-scaled.jpg\",\"contentUrl\":\"https:\\\/\\\/www.miamibeachfl.gov\\\/wp-content\\\/uploads\\\/2023\\\/02\\\/Bibi-Image-scaled.jpg\"},{\"@type\":\"BreadcrumbList\",\"@id\":\"https:\\\/\\\/www.miamibeachfl.gov\\\/spotlight\\\/feb-2023-business-spotlight\\\/#breadcrumb\",\"itemListElement\":[{\"@type\":\"ListItem\",\"position\":1,\"name\":\"Home\",\"item\":\"https:\\\/\\\/www.miamibeachfl.gov\\\/\"},{\"@type\":\"ListItem\",\"position\":2,\"name\":\"Business Newsletters and Spotlights\",\"item\":\"https:\\\/\\\/www.miamibeachfl.gov\\\/spotlight\\\/\"},{\"@type\":\"ListItem\",\"position\":3,\"name\":\"Miami Beach Business Spotlight Bibi Art Media Inc\"}]},{\"@type\":\"WebSite\",\"@id\":\"https:\\\/\\\/www.miamibeachfl.gov\\\/#website\",\"url\":\"https:\\\/\\\/www.miamibeachfl.gov\\\/\",\"name\":\"City of Miami Beach\",\"description\":\"The official website of the City of Miami Beach. Stay informed, find important information on city services, news, alerts, events, trolley routes, government employment and more.\",\"publisher\":{\"@id\":\"https:\\\/\\\/www.miamibeachfl.gov\\\/#organization\"},\"potentialAction\":[{\"@type\":\"SearchAction\",\"target\":{\"@type\":\"EntryPoint\",\"urlTemplate\":\"https:\\\/\\\/www.miamibeachfl.gov\\\/?s={search_term_string}\"},\"query-input\":{\"@type\":\"PropertyValueSpecification\",\"valueRequired\":true,\"valueName\":\"search_term_string\"}}],\"inLanguage\":\"pt-BR\"},{\"@type\":\"Organization\",\"@id\":\"https:\\\/\\\/www.miamibeachfl.gov\\\/#organization\",\"name\":\"City of Miami Beach\",\"url\":\"https:\\\/\\\/www.miamibeachfl.gov\\\/\",\"logo\":{\"@type\":\"ImageObject\",\"inLanguage\":\"pt-BR\",\"@id\":\"https:\\\/\\\/www.miamibeachfl.gov\\\/#\\\/schema\\\/logo\\\/image\\\/\",\"url\":\"https:\\\/\\\/www.miamibeachfl.gov\\\/wp-content\\\/uploads\\\/2022\\\/06\\\/miamibeach-logoblue.png\",\"contentUrl\":\"https:\\\/\\\/www.miamibeachfl.gov\\\/wp-content\\\/uploads\\\/2022\\\/06\\\/miamibeach-logoblue.png\",\"width\":1962,\"height\":381,\"caption\":\"City of Miami Beach\"},\"image\":{\"@id\":\"https:\\\/\\\/www.miamibeachfl.gov\\\/#\\\/schema\\\/logo\\\/image\\\/\"},\"sameAs\":[\"https:\\\/\\\/www.facebook.com\\\/cityofmiamibeach\",\"https:\\\/\\\/x.com\\\/Miamibeachnews\",\"https:\\\/\\\/www.instagram.com\\\/miamibeachnews\\\/\"],\"description\":\"The official website of the City of Miami Beach. Stay informed, find important information on city services, news, alerts, events, trolley routes, government employment and more.\",\"telephone\":\"305.604.CITY(2489)\",\"legalName\":\"City of Miami Beach\"}]}<\/script>\n<!-- \/ Yoast SEO Premium plugin. -->","yoast_head_json":{"title":"Destaque empresarial de Miami Beach Bibi Art Media Inc - Cidade de Miami Beach","description":"%","robots":{"index":"index","follow":"follow","max-snippet":"max-snippet:-1","max-image-preview":"max-image-preview:large","max-video-preview":"max-video-preview:-1"},"canonical":"https:\/\/www.miamibeachfl.gov\/pt\/spotlight\/feb-2023-business-spotlight\/","og_locale":"pt_BR","og_type":"article","og_title":"Miami Beach Business Spotlight Bibi Art Media Inc","og_description":"%","og_url":"https:\/\/www.miamibeachfl.gov\/pt\/spotlight\/feb-2023-business-spotlight\/","og_site_name":"City of Miami Beach","article_publisher":"https:\/\/www.facebook.com\/cityofmiamibeach","article_modified_time":"2025-06-03T02:09:57+00:00","og_image":[{"url":"https:\/\/www.miamibeachfl.gov\/wp-content\/uploads\/2023\/02\/Bibi-Image-scaled.jpg","type":"","width":"","height":""}],"twitter_card":"summary_large_image","twitter_site":"@Miamibeachnews","schema":{"@context":"https:\/\/schema.org","@graph":[{"@type":"WebPage","@id":"https:\/\/www.miamibeachfl.gov\/spotlight\/feb-2023-business-spotlight\/","url":"https:\/\/www.miamibeachfl.gov\/spotlight\/feb-2023-business-spotlight\/","name":"Destaque empresarial de Miami Beach Bibi Art Media Inc - Cidade de Miami Beach","isPartOf":{"@id":"https:\/\/www.miamibeachfl.gov\/#website"},"primaryImageOfPage":{"@id":"https:\/\/www.miamibeachfl.gov\/spotlight\/feb-2023-business-spotlight\/#primaryimage"},"image":{"@id":"https:\/\/www.miamibeachfl.gov\/spotlight\/feb-2023-business-spotlight\/#primaryimage"},"thumbnailUrl":"https:\/\/www.miamibeachfl.gov\/wp-content\/uploads\/2023\/02\/Bibi-Image-scaled.jpg","datePublished":"2023-02-14T19:07:56+00:00","dateModified":"2025-06-03T02:09:57+00:00","description":"%","breadcrumb":{"@id":"https:\/\/www.miamibeachfl.gov\/spotlight\/feb-2023-business-spotlight\/#breadcrumb"},"inLanguage":"pt-BR","potentialAction":[{"@type":"ReadAction","target":["https:\/\/www.miamibeachfl.gov\/spotlight\/feb-2023-business-spotlight\/"]}]},{"@type":"ImageObject","inLanguage":"pt-BR","@id":"https:\/\/www.miamibeachfl.gov\/spotlight\/feb-2023-business-spotlight\/#primaryimage","url":"https:\/\/www.miamibeachfl.gov\/wp-content\/uploads\/2023\/02\/Bibi-Image-scaled.jpg","contentUrl":"https:\/\/www.miamibeachfl.gov\/wp-content\/uploads\/2023\/02\/Bibi-Image-scaled.jpg"},{"@type":"BreadcrumbList","@id":"https:\/\/www.miamibeachfl.gov\/spotlight\/feb-2023-business-spotlight\/#breadcrumb","itemListElement":[{"@type":"ListItem","position":1,"name":"Home","item":"https:\/\/www.miamibeachfl.gov\/"},{"@type":"ListItem","position":2,"name":"Business Newsletters and Spotlights","item":"https:\/\/www.miamibeachfl.gov\/spotlight\/"},{"@type":"ListItem","position":3,"name":"Miami Beach Business Spotlight Bibi Art Media Inc"}]},{"@type":"WebSite","@id":"https:\/\/www.miamibeachfl.gov\/#website","url":"https:\/\/www.miamibeachfl.gov\/","name":"Cidade de Miami Beach","description":"Site oficial da cidade de Miami Beach. Mantenha-se informado e encontre informa\u00e7\u00f5es importantes sobre servi\u00e7os municipais, not\u00edcias, alertas, eventos, rotas de bonde, empregos p\u00fablicos e muito mais.","publisher":{"@id":"https:\/\/www.miamibeachfl.gov\/#organization"},"potentialAction":[{"@type":"SearchAction","target":{"@type":"EntryPoint","urlTemplate":"https:\/\/www.miamibeachfl.gov\/?s={search_term_string}"},"query-input":{"@type":"PropertyValueSpecification","valueRequired":true,"valueName":"search_term_string"}}],"inLanguage":"pt-BR"},{"@type":"Organization","@id":"https:\/\/www.miamibeachfl.gov\/#organization","name":"Cidade de Miami Beach","url":"https:\/\/www.miamibeachfl.gov\/","logo":{"@type":"ImageObject","inLanguage":"pt-BR","@id":"https:\/\/www.miamibeachfl.gov\/#\/schema\/logo\/image\/","url":"https:\/\/www.miamibeachfl.gov\/wp-content\/uploads\/2022\/06\/miamibeach-logoblue.png","contentUrl":"https:\/\/www.miamibeachfl.gov\/wp-content\/uploads\/2022\/06\/miamibeach-logoblue.png","width":1962,"height":381,"caption":"City of Miami Beach"},"image":{"@id":"https:\/\/www.miamibeachfl.gov\/#\/schema\/logo\/image\/"},"sameAs":["https:\/\/www.facebook.com\/cityofmiamibeach","https:\/\/x.com\/Miamibeachnews","https:\/\/www.instagram.com\/miamibeachnews\/"],"description":"Site oficial da cidade de Miami Beach. Mantenha-se informado e encontre informa\u00e7\u00f5es importantes sobre servi\u00e7os municipais, not\u00edcias, alertas, eventos, rotas de bonde, empregos p\u00fablicos e muito mais.","telephone":"305.604.CITY(2489)","legalName":"City of Miami Beach"}]}},"_links":{"self":[{"href":"https:\/\/www.miamibeachfl.gov\/pt\/wp-json\/wp\/v2\/pages\/247293","targetHints":{"allow":["GET"]}}],"collection":[{"href":"https:\/\/www.miamibeachfl.gov\/pt\/wp-json\/wp\/v2\/pages"}],"about":[{"href":"https:\/\/www.miamibeachfl.gov\/pt\/wp-json\/wp\/v2\/types\/page"}],"author":[{"embeddable":true,"href":"https:\/\/www.miamibeachfl.gov\/pt\/wp-json\/wp\/v2\/users\/222"}],"replies":[{"embeddable":true,"href":"https:\/\/www.miamibeachfl.gov\/pt\/wp-json\/wp\/v2\/comments?post=247293"}],"version-history":[{"count":1,"href":"https:\/\/www.miamibeachfl.gov\/pt\/wp-json\/wp\/v2\/pages\/247293\/revisions"}],"predecessor-version":[{"id":375074,"href":"https:\/\/www.miamibeachfl.gov\/pt\/wp-json\/wp\/v2\/pages\/247293\/revisions\/375074"}],"up":[{"embeddable":true,"href":"https:\/\/www.miamibeachfl.gov\/pt\/wp-json\/wp\/v2\/pages\/253255"}],"wp:attachment":[{"href":"https:\/\/www.miamibeachfl.gov\/pt\/wp-json\/wp\/v2\/media?parent=247293"}],"wp:term":[{"taxonomy":"category","embeddable":true,"href":"https:\/\/www.miamibeachfl.gov\/pt\/wp-json\/wp\/v2\/categories?post=247293"},{"taxonomy":"post_tag","embeddable":true,"href":"https:\/\/www.miamibeachfl.gov\/pt\/wp-json\/wp\/v2\/tags?post=247293"}],"curies":[{"name":"wp","href":"https:\/\/api.w.org\/{rel}","templated":true}]}}