{"id":249977,"date":"2023-03-01T12:21:46","date_gmt":"2023-03-01T17:21:46","guid":{"rendered":"https:\/\/www.miamibeachfl.gov\/?page_id=249977"},"modified":"2025-06-02T22:13:17","modified_gmt":"2025-06-03T02:13:17","slug":"mar-2023-business-spotlight-copy","status":"publish","type":"page","link":"https:\/\/www.miamibeachfl.gov\/pt\/spotlight\/mar-2023-business-spotlight-copy\/","title":{"rendered":"Destaque de Miami Beach \u2013 Chef Samantha Cruz"},"content":{"rendered":"<h5>\n\t\t<a href=\"https:\/\/www.miamibeachfl.gov\/pt\/mbbiznews\/\" title=\"Assine aqui para receber o boletim de neg\u00f3cios da cidade mensalmente em sua caixa de entrada.\"  target=\"_blank\"  rel=\"noopener\">\n\t\t\tAssine aqui para receber o boletim de neg\u00f3cios da cidade mensalmente em sua caixa de entrada.\t\t<\/a>\n\t<\/h5>\n<h5>\n\t\t<a href=\"https:\/\/myemail.constantcontact.com\/Stay-connected-with-MB-Biz--.html?soid=1011085968389&#038;aid=S0mHBwwl4Fs\" title=\"Boletim de Neg\u00f3cios\"  target=\"_blank\"  rel=\"noopener\">\n\t\t\tBoletim de Neg\u00f3cios\t\t<\/a>\n\t<\/h5>\n<h2>\n\t\t\tChef Samantha Cruz: Quebrando o Teto de Vidro Culin\u00e1rio\t<\/h2>\n\t\t\t\t<img decoding=\"async\" src=\"https:\/\/www.miamibeachfl.gov\/wp-content\/uploads\/2023\/03\/chef-cruz.jpg\" alt=\"Chef Samantha Cruz\" itemprop=\"image\" title=\"chefe cruz\" onerror=\"this.style.display='none'\" loading='lazy' \/>\n\t<p>O M\u00eas da Hist\u00f3ria das Mulheres, que remonta ao primeiro Dia da Mulher em 1909, \u00e9 um dos muitos momentos do ano em que a cidade de Miami Beach celebra e destaca as contribui\u00e7\u00f5es das mulheres para nossa comunidade e al\u00e9m.<\/p>\n<p>O tema do M\u00eas da Hist\u00f3ria das Mulheres de 2023, designado pela National Women&#039;s History Alliance, \u00e9 \u201cCelebrando as Mulheres que Contam Nossas Hist\u00f3rias\u201d \u2013 homenageando mulheres que dedicaram suas vidas e talentos para fazer a diferen\u00e7a.<\/p>\n<p>Este m\u00eas celebramos a chef Samantha Cruz, a primeira chef do que ser\u00e1 lan\u00e7ado em breve, <em>Sala de Rum <\/em>e <em>V\u00eanus,<\/em> Localizado no campus do Centro de Conven\u00e7\u00f5es de Miami Beach, no Collins Canal Park. A Chef Cruz \u00e9 uma g\u00eanio da culin\u00e1ria e traz seu estilo inovador e criativo para o Centro C\u00edvico de Miami Beach.<\/p>\n<p>H\u00e1 um velho ditado que diz que &quot;as mulheres s\u00e3o boas cozinheiras, mas os homens s\u00e3o melhores chefs&quot;. Embora essa afirma\u00e7\u00e3o seja falsa, ela nos d\u00e1 uma ideia de como a comunidade culin\u00e1ria tem encarado o papel de homens e mulheres em cozinhas profissionais. Com mais de 147.434 chefs empregados atualmente nos Estados Unidos, sendo 25,21 TP3T mulheres e 74,81 TP3T homens, h\u00e1 espa\u00e7o para crescimento.<\/p>\n<p>Infelizmente, as mulheres tiveram que lutar por igualdade na cozinha. No entanto, igualdade significa encontrar um lugar \u00e0 mesa e causar um impacto positivo significativo. Chefs e donas de restaurantes inspiradoras est\u00e3o mostrando ao mundo que s\u00e3o capazes de prosperar e impulsionar a criatividade na comunidade culin\u00e1ria. Elas foram tenazes e agora prosperam e exercem influ\u00eancia em um setor dominado por homens.<\/p>\n<p>Os doze (12) anos de experi\u00eancia da Chef Samantha Cruz em gastronomia requintada e hospitalidade esportiva se baseiam em sua determina\u00e7\u00e3o e determina\u00e7\u00e3o em criar o inesperado com produtos locais e um toque multicultural. Natural do sul da Fl\u00f3rida, criada em Allapattah por uma m\u00e3e solteira, a Chef Cruz \u00e9 a mais velha de nove irm\u00e3os e conheceu a culin\u00e1ria preparando almo\u00e7os e jantares para sua fam\u00edlia. Criada com receitas de fam\u00edlia que refletem sua heran\u00e7a americana, cubana, peruana, dominicana e de Santa Cruz, os sabores distintos da Chef Cruz s\u00e3o \u00fanicos e familiares ao paladar do sul da Fl\u00f3rida.<\/p>\n<p>A carreira profissional da Chef Cruz come\u00e7ou ap\u00f3s o ensino m\u00e9dio, como auxiliar de cozinha em restaurantes. Depois disso, sua curiosidade e ambi\u00e7\u00e3o progrediram da recep\u00e7\u00e3o e da retaguarda para trabalhar como Subchefe Executiva nos gigantes da hospitalidade 50 Eggs Hospitality Group (Swine, Yardbird e Kong River House), Grove Bay Hospitality Group (Big Easy e Glass and Vine), e como Chef de Cuisine no PLANTA em Coconut Grove.<\/p>\n<p>A Chef Cruz \u00e9 apaixonada por preserva\u00e7\u00e3o de alimentos, especialmente pelo conceito de conservar e conservar alimentos naturalmente. Aprendida na cozinha de seus av\u00f3s, a preserva\u00e7\u00e3o impulsiona sua gastronomia r\u00fastica e tradicional. &quot;Usamos ingredientes locais e regionais para criar pratos especiais que encantam moradores, visitantes e turistas&quot;, diz Cruz. &quot;A <em>Sala de Rum<\/em> e <em>Local<\/em> Os pratos exclusivos variam da melhor vers\u00e3o da comida caseira do dia a dia at\u00e9 os exc\u00eantricos e extraordin\u00e1rios.\u201d<\/p>\n<p>Os menus sofisticados, inspirados nos pratos tradicionais de Miami e nas ra\u00edzes caribenhas do sul da Fl\u00f3rida, s\u00e3o inspirados no<em> Sala de Rum<\/em>, um restaurante com 60 lugares e decora\u00e7\u00e3o tropical da Fl\u00f3rida dos anos 1920. A culin\u00e1ria do Rum Room incorporar\u00e1 caracter\u00edsticas espanholas, como feij\u00e3o e <em>refogado,<\/em> Uma homenagem aos espanh\u00f3is que passaram por Miami Beach no in\u00edcio do s\u00e9culo XX. Misturando influ\u00eancias haitianas, latinas e centro-americanas, a Chef Cruz e sua equipe de cozinha criam experi\u00eancias \u00fanicas \u2013 com pratos aut\u00eanticos como \u201c<em>m\u00eddia noite<\/em>\u201csandu\u00edches feitos com massa de banana-da-terra doce, <em>p\u00e3o com bisteca<\/em>, croquetes e tamales.<\/p>\n<p>O <em>V\u00eanus, <\/em>antigo Miami Beach Municipal Golf Course Clubhouse, constru\u00eddo em 1916, dar\u00e1 ao Chef Cruz oportunidades de personalizar menus criativos de comidas e bebidas para pequenas reuni\u00f5es, reuni\u00f5es de neg\u00f3cios, casamentos, bar mitzvahs e muito mais.<\/p>\n<p>\u201cTudo parece natural para mim na cozinha\u201d, compartilha a Chef Cruz. \u201cAdoro cozinhar, fazer as pessoas felizes e ser um modelo para a pr\u00f3xima gera\u00e7\u00e3o de chefs mulheres.\u201d<\/p>\n<p>O Centro de Conven\u00e7\u00f5es de Miami Beach (MBCC) est\u00e1 localizado na Convention Center Drive, 1901, Miami Beach, FL 33139. O Rum Room fica na esquina nordeste do Campus Center do MBCC, onde a Washington Avenue encontra o Dade Boulevard. O Venu est\u00e1 localizado no antigo Clube de Golfe Municipal de Miami Beach, constru\u00eddo em 1916, na Washington Avenue, 2100, Miami Beach, FL 33139. O Rum Room estar\u00e1 aberto para almo\u00e7o e jantar e oferecer\u00e1 um brunch aos domingos no in\u00edcio de 2023.<\/p>\n<p><em>\u00a0<\/em><\/p>\n<p><em>\u00a0<\/em><\/p>","protected":false},"excerpt":{"rendered":"<p>Subscribe here to receive the City&#8217;s business newsletter to your inbox monthly. Business Newsletter Chef Samantha Cruz: Braking Culinary Glass [&hellip;]<\/p>\n","protected":false},"author":222,"featured_media":0,"parent":253255,"menu_order":0,"comment_status":"closed","ping_status":"closed","template":"","meta":{"_searchwp_excluded":"","site-sidebar-layout":"default","site-content-layout":"","ast-site-content-layout":"default","site-content-style":"default","site-sidebar-style":"default","ast-global-header-display":"","ast-banner-title-visibility":"","ast-main-header-display":"","ast-hfb-above-header-display":"","ast-hfb-below-header-display":"","ast-hfb-mobile-header-display":"","site-post-title":"","ast-breadcrumbs-content":"","ast-featured-img":"","footer-sml-layout":"","theme-transparent-header-meta":"","adv-header-id-meta":"","stick-header-meta":"","header-above-stick-meta":"","header-main-stick-meta":"","header-below-stick-meta":"","astra-migrate-meta-layouts":"default","ast-page-background-enabled":"default","ast-page-background-meta":{"desktop":{"background-color":"var(--ast-global-color-5)","background-image":"","background-repeat":"repeat","background-position":"center center","background-size":"auto","background-attachment":"scroll","background-type":"","background-media":"","overlay-type":"","overlay-color":"","overlay-opacity":"","overlay-gradient":""},"tablet":{"background-color":"","background-image":"","background-repeat":"repeat","background-position":"center center","background-size":"auto","background-attachment":"scroll","background-type":"","background-media":"","overlay-type":"","overlay-color":"","overlay-opacity":"","overlay-gradient":""},"mobile":{"background-color":"","background-image":"","background-repeat":"repeat","background-position":"center center","background-size":"auto","background-attachment":"scroll","background-type":"","background-media":"","overlay-type":"","overlay-color":"","overlay-opacity":"","overlay-gradient":""}},"ast-content-background-meta":{"desktop":{"background-color":"var(--ast-global-color-4)","background-image":"","background-repeat":"repeat","background-position":"center center","background-size":"auto","background-attachment":"scroll","background-type":"","background-media":"","overlay-type":"","overlay-color":"","overlay-opacity":"","overlay-gradient":""},"tablet":{"background-color":"var(--ast-global-color-4)","background-image":"","background-repeat":"repeat","background-position":"center center","background-size":"auto","background-attachment":"scroll","background-type":"","background-media":"","overlay-type":"","overlay-color":"","overlay-opacity":"","overlay-gradient":""},"mobile":{"background-color":"var(--ast-global-color-4)","background-image":"","background-repeat":"repeat","background-position":"center center","background-size":"auto","background-attachment":"scroll","background-type":"","background-media":"","overlay-type":"","overlay-color":"","overlay-opacity":"","overlay-gradient":""}},"footnotes":""},"categories":[],"tags":[],"class_list":["post-249977","page","type-page","status-publish","hentry"],"yoast_head":"<!-- This site is optimized with the Yoast SEO Premium plugin v26.6 (Yoast SEO v26.6) - https:\/\/yoast.com\/wordpress\/plugins\/seo\/ -->\n<title>Miami Beach Spotlight - Chef Samantha Cruz - City of Miami Beach<\/title>\n<meta name=\"description\" content=\"%\" \/>\n<meta name=\"robots\" content=\"index, follow, max-snippet:-1, max-image-preview:large, max-video-preview:-1\" \/>\n<link rel=\"canonical\" href=\"https:\/\/www.miamibeachfl.gov\/pt\/spotlight\/mar-2023-business-spotlight-copy\/\" \/>\n<meta property=\"og:locale\" content=\"pt_BR\" \/>\n<meta property=\"og:type\" content=\"article\" \/>\n<meta property=\"og:title\" content=\"Miami Beach Spotlight - Chef Samantha Cruz\" \/>\n<meta property=\"og:description\" content=\"%\" \/>\n<meta property=\"og:url\" content=\"https:\/\/www.miamibeachfl.gov\/pt\/spotlight\/mar-2023-business-spotlight-copy\/\" \/>\n<meta property=\"og:site_name\" content=\"City of Miami Beach\" \/>\n<meta property=\"article:publisher\" content=\"https:\/\/www.facebook.com\/cityofmiamibeach\" \/>\n<meta property=\"article:modified_time\" content=\"2025-06-03T02:13:17+00:00\" \/>\n<meta property=\"og:image\" content=\"https:\/\/www.miamibeachfl.gov\/wp-content\/uploads\/2023\/03\/chef-cruz.jpg\" \/>\n<meta name=\"twitter:card\" content=\"summary_large_image\" \/>\n<meta name=\"twitter:site\" content=\"@Miamibeachnews\" \/>\n<script type=\"application\/ld+json\" class=\"yoast-schema-graph\">{\"@context\":\"https:\/\/schema.org\",\"@graph\":[{\"@type\":\"WebPage\",\"@id\":\"https:\/\/www.miamibeachfl.gov\/spotlight\/mar-2023-business-spotlight-copy\/\",\"url\":\"https:\/\/www.miamibeachfl.gov\/spotlight\/mar-2023-business-spotlight-copy\/\",\"name\":\"Miami Beach Spotlight - Chef Samantha Cruz - City of Miami Beach\",\"isPartOf\":{\"@id\":\"https:\/\/www.miamibeachfl.gov\/#website\"},\"primaryImageOfPage\":{\"@id\":\"https:\/\/www.miamibeachfl.gov\/spotlight\/mar-2023-business-spotlight-copy\/#primaryimage\"},\"image\":{\"@id\":\"https:\/\/www.miamibeachfl.gov\/spotlight\/mar-2023-business-spotlight-copy\/#primaryimage\"},\"thumbnailUrl\":\"https:\/\/www.miamibeachfl.gov\/wp-content\/uploads\/2023\/03\/chef-cruz.jpg\",\"datePublished\":\"2023-03-01T17:21:46+00:00\",\"dateModified\":\"2025-06-03T02:13:17+00:00\",\"description\":\"%\",\"breadcrumb\":{\"@id\":\"https:\/\/www.miamibeachfl.gov\/spotlight\/mar-2023-business-spotlight-copy\/#breadcrumb\"},\"inLanguage\":\"pt-BR\",\"potentialAction\":[{\"@type\":\"ReadAction\",\"target\":[\"https:\/\/www.miamibeachfl.gov\/spotlight\/mar-2023-business-spotlight-copy\/\"]}]},{\"@type\":\"ImageObject\",\"inLanguage\":\"pt-BR\",\"@id\":\"https:\/\/www.miamibeachfl.gov\/spotlight\/mar-2023-business-spotlight-copy\/#primaryimage\",\"url\":\"https:\/\/www.miamibeachfl.gov\/wp-content\/uploads\/2023\/03\/chef-cruz.jpg\",\"contentUrl\":\"https:\/\/www.miamibeachfl.gov\/wp-content\/uploads\/2023\/03\/chef-cruz.jpg\"},{\"@type\":\"BreadcrumbList\",\"@id\":\"https:\/\/www.miamibeachfl.gov\/spotlight\/mar-2023-business-spotlight-copy\/#breadcrumb\",\"itemListElement\":[{\"@type\":\"ListItem\",\"position\":1,\"name\":\"Home\",\"item\":\"https:\/\/www.miamibeachfl.gov\/\"},{\"@type\":\"ListItem\",\"position\":2,\"name\":\"Business Newsletters and Spotlights\",\"item\":\"https:\/\/www.miamibeachfl.gov\/spotlight\/\"},{\"@type\":\"ListItem\",\"position\":3,\"name\":\"Miami Beach Spotlight &#8211; Chef Samantha Cruz\"}]},{\"@type\":\"WebSite\",\"@id\":\"https:\/\/www.miamibeachfl.gov\/#website\",\"url\":\"https:\/\/www.miamibeachfl.gov\/\",\"name\":\"City of Miami Beach\",\"description\":\"The official website of the City of Miami Beach. Stay informed, find important information on city services, news, alerts, events, trolley routes, government employment and more.\",\"publisher\":{\"@id\":\"https:\/\/www.miamibeachfl.gov\/#organization\"},\"potentialAction\":[{\"@type\":\"SearchAction\",\"target\":{\"@type\":\"EntryPoint\",\"urlTemplate\":\"https:\/\/www.miamibeachfl.gov\/?s={search_term_string}\"},\"query-input\":{\"@type\":\"PropertyValueSpecification\",\"valueRequired\":true,\"valueName\":\"search_term_string\"}}],\"inLanguage\":\"pt-BR\"},{\"@type\":\"Organization\",\"@id\":\"https:\/\/www.miamibeachfl.gov\/#organization\",\"name\":\"City of Miami Beach\",\"url\":\"https:\/\/www.miamibeachfl.gov\/\",\"logo\":{\"@type\":\"ImageObject\",\"inLanguage\":\"pt-BR\",\"@id\":\"https:\/\/www.miamibeachfl.gov\/#\/schema\/logo\/image\/\",\"url\":\"https:\/\/www.miamibeachfl.gov\/wp-content\/uploads\/2022\/06\/miamibeach-logoblue.png\",\"contentUrl\":\"https:\/\/www.miamibeachfl.gov\/wp-content\/uploads\/2022\/06\/miamibeach-logoblue.png\",\"width\":1962,\"height\":381,\"caption\":\"City of Miami Beach\"},\"image\":{\"@id\":\"https:\/\/www.miamibeachfl.gov\/#\/schema\/logo\/image\/\"},\"sameAs\":[\"https:\/\/www.facebook.com\/cityofmiamibeach\",\"https:\/\/x.com\/Miamibeachnews\",\"https:\/\/www.instagram.com\/miamibeachnews\/\"],\"description\":\"The official website of the City of Miami Beach. Stay informed, find important information on city services, news, alerts, events, trolley routes, government employment and more.\",\"telephone\":\"305.604.CITY(2489)\",\"legalName\":\"City of Miami Beach\"}]}<\/script>\n<!-- \/ Yoast SEO Premium plugin. -->","yoast_head_json":{"title":"Destaque de Miami Beach - Chef Samantha Cruz - Cidade de Miami Beach","description":"%","robots":{"index":"index","follow":"follow","max-snippet":"max-snippet:-1","max-image-preview":"max-image-preview:large","max-video-preview":"max-video-preview:-1"},"canonical":"https:\/\/www.miamibeachfl.gov\/pt\/spotlight\/mar-2023-business-spotlight-copy\/","og_locale":"pt_BR","og_type":"article","og_title":"Miami Beach Spotlight - Chef Samantha Cruz","og_description":"%","og_url":"https:\/\/www.miamibeachfl.gov\/pt\/spotlight\/mar-2023-business-spotlight-copy\/","og_site_name":"City of Miami Beach","article_publisher":"https:\/\/www.facebook.com\/cityofmiamibeach","article_modified_time":"2025-06-03T02:13:17+00:00","og_image":[{"url":"https:\/\/www.miamibeachfl.gov\/wp-content\/uploads\/2023\/03\/chef-cruz.jpg","type":"","width":"","height":""}],"twitter_card":"summary_large_image","twitter_site":"@Miamibeachnews","schema":{"@context":"https:\/\/schema.org","@graph":[{"@type":"WebPage","@id":"https:\/\/www.miamibeachfl.gov\/spotlight\/mar-2023-business-spotlight-copy\/","url":"https:\/\/www.miamibeachfl.gov\/spotlight\/mar-2023-business-spotlight-copy\/","name":"Destaque de Miami Beach - Chef Samantha Cruz - Cidade de Miami Beach","isPartOf":{"@id":"https:\/\/www.miamibeachfl.gov\/#website"},"primaryImageOfPage":{"@id":"https:\/\/www.miamibeachfl.gov\/spotlight\/mar-2023-business-spotlight-copy\/#primaryimage"},"image":{"@id":"https:\/\/www.miamibeachfl.gov\/spotlight\/mar-2023-business-spotlight-copy\/#primaryimage"},"thumbnailUrl":"https:\/\/www.miamibeachfl.gov\/wp-content\/uploads\/2023\/03\/chef-cruz.jpg","datePublished":"2023-03-01T17:21:46+00:00","dateModified":"2025-06-03T02:13:17+00:00","description":"%","breadcrumb":{"@id":"https:\/\/www.miamibeachfl.gov\/spotlight\/mar-2023-business-spotlight-copy\/#breadcrumb"},"inLanguage":"pt-BR","potentialAction":[{"@type":"ReadAction","target":["https:\/\/www.miamibeachfl.gov\/spotlight\/mar-2023-business-spotlight-copy\/"]}]},{"@type":"ImageObject","inLanguage":"pt-BR","@id":"https:\/\/www.miamibeachfl.gov\/spotlight\/mar-2023-business-spotlight-copy\/#primaryimage","url":"https:\/\/www.miamibeachfl.gov\/wp-content\/uploads\/2023\/03\/chef-cruz.jpg","contentUrl":"https:\/\/www.miamibeachfl.gov\/wp-content\/uploads\/2023\/03\/chef-cruz.jpg"},{"@type":"BreadcrumbList","@id":"https:\/\/www.miamibeachfl.gov\/spotlight\/mar-2023-business-spotlight-copy\/#breadcrumb","itemListElement":[{"@type":"ListItem","position":1,"name":"Home","item":"https:\/\/www.miamibeachfl.gov\/"},{"@type":"ListItem","position":2,"name":"Business Newsletters and Spotlights","item":"https:\/\/www.miamibeachfl.gov\/spotlight\/"},{"@type":"ListItem","position":3,"name":"Miami Beach Spotlight &#8211; Chef Samantha Cruz"}]},{"@type":"WebSite","@id":"https:\/\/www.miamibeachfl.gov\/#website","url":"https:\/\/www.miamibeachfl.gov\/","name":"Cidade de Miami Beach","description":"Site oficial da cidade de Miami Beach. Mantenha-se informado e encontre informa\u00e7\u00f5es importantes sobre servi\u00e7os municipais, not\u00edcias, alertas, eventos, rotas de bonde, empregos p\u00fablicos e muito mais.","publisher":{"@id":"https:\/\/www.miamibeachfl.gov\/#organization"},"potentialAction":[{"@type":"SearchAction","target":{"@type":"EntryPoint","urlTemplate":"https:\/\/www.miamibeachfl.gov\/?s={search_term_string}"},"query-input":{"@type":"PropertyValueSpecification","valueRequired":true,"valueName":"search_term_string"}}],"inLanguage":"pt-BR"},{"@type":"Organization","@id":"https:\/\/www.miamibeachfl.gov\/#organization","name":"Cidade de Miami Beach","url":"https:\/\/www.miamibeachfl.gov\/","logo":{"@type":"ImageObject","inLanguage":"pt-BR","@id":"https:\/\/www.miamibeachfl.gov\/#\/schema\/logo\/image\/","url":"https:\/\/www.miamibeachfl.gov\/wp-content\/uploads\/2022\/06\/miamibeach-logoblue.png","contentUrl":"https:\/\/www.miamibeachfl.gov\/wp-content\/uploads\/2022\/06\/miamibeach-logoblue.png","width":1962,"height":381,"caption":"City of Miami Beach"},"image":{"@id":"https:\/\/www.miamibeachfl.gov\/#\/schema\/logo\/image\/"},"sameAs":["https:\/\/www.facebook.com\/cityofmiamibeach","https:\/\/x.com\/Miamibeachnews","https:\/\/www.instagram.com\/miamibeachnews\/"],"description":"Site oficial da cidade de Miami Beach. Mantenha-se informado e encontre informa\u00e7\u00f5es importantes sobre servi\u00e7os municipais, not\u00edcias, alertas, eventos, rotas de bonde, empregos p\u00fablicos e muito mais.","telephone":"305.604.CITY(2489)","legalName":"City of Miami Beach"}]}},"_links":{"self":[{"href":"https:\/\/www.miamibeachfl.gov\/pt\/wp-json\/wp\/v2\/pages\/249977","targetHints":{"allow":["GET"]}}],"collection":[{"href":"https:\/\/www.miamibeachfl.gov\/pt\/wp-json\/wp\/v2\/pages"}],"about":[{"href":"https:\/\/www.miamibeachfl.gov\/pt\/wp-json\/wp\/v2\/types\/page"}],"author":[{"embeddable":true,"href":"https:\/\/www.miamibeachfl.gov\/pt\/wp-json\/wp\/v2\/users\/222"}],"replies":[{"embeddable":true,"href":"https:\/\/www.miamibeachfl.gov\/pt\/wp-json\/wp\/v2\/comments?post=249977"}],"version-history":[{"count":2,"href":"https:\/\/www.miamibeachfl.gov\/pt\/wp-json\/wp\/v2\/pages\/249977\/revisions"}],"predecessor-version":[{"id":375079,"href":"https:\/\/www.miamibeachfl.gov\/pt\/wp-json\/wp\/v2\/pages\/249977\/revisions\/375079"}],"up":[{"embeddable":true,"href":"https:\/\/www.miamibeachfl.gov\/pt\/wp-json\/wp\/v2\/pages\/253255"}],"wp:attachment":[{"href":"https:\/\/www.miamibeachfl.gov\/pt\/wp-json\/wp\/v2\/media?parent=249977"}],"wp:term":[{"taxonomy":"category","embeddable":true,"href":"https:\/\/www.miamibeachfl.gov\/pt\/wp-json\/wp\/v2\/categories?post=249977"},{"taxonomy":"post_tag","embeddable":true,"href":"https:\/\/www.miamibeachfl.gov\/pt\/wp-json\/wp\/v2\/tags?post=249977"}],"curies":[{"name":"wp","href":"https:\/\/api.w.org\/{rel}","templated":true}]}}