{"id":254650,"date":"2023-03-31T07:35:56","date_gmt":"2023-03-31T11:35:56","guid":{"rendered":"https:\/\/www.miamibeachfl.gov\/?page_id=254650"},"modified":"2026-04-27T16:33:26","modified_gmt":"2026-04-27T20:33:26","slug":"artists-vendor-lottery","status":"publish","type":"page","link":"https:\/\/www.miamibeachfl.gov\/pt\/city-hall\/customer-service-center\/artists-vendor-lottery\/","title":{"rendered":"Loteria de Vendedores de Artistas"},"content":{"rendered":"<h1>\n\t\t\tLoteria de Vendedores de Artistas\t<\/h1>\nCard\u00e1pio de Atendimento ao Cliente\t\t\t\n\t\t\t\t\t<ul id=\"menu-customer-service\"><li id=\"menu-item-373952\"><a href=\"\/pt\/city-hall\/customer-service-center\/\">Atendimento ao Cliente Home<\/a><\/li>\n<li id=\"menu-item-373956\"><a href=\"https:\/\/miamibeachfl.qmatic.io\/booking\/singlebooking\/serviceselection\">Agende uma consulta<\/a><\/li>\n<li id=\"menu-item-373955\"><a href=\"https:\/\/www.miamibeachfl.gov\/pt\/city-hall\/customer-service-center\/wait-times\/\">Tempos de espera<\/a><\/li>\n<li id=\"menu-item-373953\"><a href=\"\/pt\/city-hall\/customer-service-center\/artists-vendor-lottery\/\">Loteria de Vendedores de Artistas<\/a><\/li>\n<li id=\"menu-item-373954\"><a href=\"\/pt\/city-hall\/customer-service-center\/street-performer-permit\/\">Permiss\u00e3o para Artistas de Rua<\/a><\/li>\n<li id=\"menu-item-373957\"><a href=\"\/pt\/city-hall\/customer-service-center\/#importantnumbers\">N\u00fameros importantes<\/a><\/li>\n<\/ul>\t\nMenu de Atendimento ao Cliente \u00d7\t\t\t\t\t\t<ul id=\"menu-customer-service-1\"><li id=\"menu-item-373952\"><a href=\"\/pt\/city-hall\/customer-service-center\/\">Atendimento ao Cliente Home<\/a><\/li>\n<li id=\"menu-item-373956\"><a href=\"https:\/\/miamibeachfl.qmatic.io\/booking\/singlebooking\/serviceselection\">Agende uma consulta<\/a><\/li>\n<li id=\"menu-item-373955\"><a href=\"https:\/\/www.miamibeachfl.gov\/pt\/city-hall\/customer-service-center\/wait-times\/\">Tempos de espera<\/a><\/li>\n<li id=\"menu-item-373953\"><a href=\"\/pt\/city-hall\/customer-service-center\/artists-vendor-lottery\/\">Loteria de Vendedores de Artistas<\/a><\/li>\n<li id=\"menu-item-373954\"><a href=\"\/pt\/city-hall\/customer-service-center\/street-performer-permit\/\">Permiss\u00e3o para Artistas de Rua<\/a><\/li>\n<li id=\"menu-item-373957\"><a href=\"\/pt\/city-hall\/customer-service-center\/#importantnumbers\">N\u00fameros importantes<\/a><\/li>\n<\/ul>\t\t\t\t\n\t<h3>Para quest\u00f5es de atendimento ao cliente, ligue para nossa linha principal em <a href=\"tel:3056737420\">305.673.7000<\/a><br \/>\nDe segunda a sexta, das 8h30 \u00e0s 18h ou envie um e-mail para <a href=\"mailto:mbhelp@miamibeachfl.gov\">mbhelp@miamibeachfl.gov<\/a><\/h3>\n<h2>\n\t\t\tA cidade de Miami Beach oferece cinquenta e oito (58) locais para vendedores de artistas.\t<\/h2>\n\t<ul>\n\t\t<li>\t\t\t\t\n\t\t<h3>Data do sorteio<\/h3><p>Ter\u00e7a-feira, 9 de junho de 2025<\/p><\/li><li>\t\t\t\t\n\t\t<h3>Hora do Desenho<\/h3><p>9:00 da manh\u00e3<\/p><\/li><li>\t\t\t\t\n\t\t<h3>Local de Desenho<\/h3><p>Os detalhes do webinar ser\u00e3o enviados por e-mail<\/p><\/li>\t<\/ul>\n\t\t\t\t<table>\n\t\t\t\t\t<thead>\n\t\t\t\t\t\t\t\t\t\t\t\t\t\t<tr>\n\t\t\t\t\t\t\t\t\t\t\t\t\t\t\t<th rowspan=\"\" colspan=\"\">\n\t\t\t\t\t\t\t\t\t\t\t\t\t\t\t\t\t<label>\n\t\t\t\t\t\t\t\t\t\t<\/label><label> Data da loteria <\/label>\n\t\t\t\t\t\t\t\t\t\n\t\t\t\t\t\t\t\t\t\t\t\t\t\t\t\t\t<\/th>\n\t\t\t\t\t\t\t\t\t\t\t\t\t\t<th rowspan=\"\" colspan=\"\">\n\t\t\t\t\t\t\t\t\t\t\t\t\t\t\t\t\t<label>\n\t\t\t\t\t\t\t\t\t\t<\/label><label> Data de vencimento do pedido de loteria <\/label>\n\t\t\t\t\t\t\t\t\t\n\t\t\t\t\t\t\t\t\t\t\t\t\t\t\t\t\t<\/th>\n\t\t\t\t\t\t\t\t\t\t\t\t\t\t<th rowspan=\"\" colspan=\"\">\n\t\t\t\t\t\t\t\t\t\t\t\t\t\t\t\t\t<label>\n\t\t\t\t\t\t\t\t\t\t<\/label><label> Per\u00edodo de loteria <\/label>\n\t\t\t\t\t\t\t\t\t\n\t\t\t\t\t\t\t\t\t\t\t\t\t\t\t\t\t<\/th>\n\t\t\t\t\t\t\t\t\t\t\t<\/tr><\/thead>\n\t\t\t\t\t<tbody>\n\t\t\t\t\t\t\t\t\t\t\t\t\t\t\t<tr>\n\t\t\t\t\t\t\t\t\t\t\t\t\t\t\t\t\t\t\t\t<td colspan=\"\" rowspan=\"\">\n\t\t\t\t\t\t\t\t\t\t\t\t\t\t\t 12\/9\/2025 \n\t\t\t\t\t\t\t\t\t\t\t\t\t\t\t\t\t\t\t\t\t\t\t\t<\/td>\n\t\t\t\t\t\t\t\t\t\t\t\t\t\t\t\t<td colspan=\"\" rowspan=\"\">\n\t\t\t\t\t\t\t\t\t\t\t\t\t\t\t\t\t\t\t\t\t\t\t 11\/21\/2025 \n\t\t\t\t\t\t\t\t\t\t\t\t\t\t\t\t\t\t\t\t\t\t\t<\/td>\n\t\t\t\t\t\t\t\t\t\t\t\t\t\t\t\t<td colspan=\"\" rowspan=\"\">\n\t\t\t\t\t\t\t\t\t\t\t\t\t\t\t\t\t\t\t\t\t\t\t JAN \u2013 MAR 2026 \n\t\t\t\t\t\t\t\t\t\t\t\t\t\t\t\t\t\t\t\t\t\t\t<\/td>\n\t\t\t\t\t\t\t\t\t\t\t\t\t\t\t<\/tr><tr>\n\t\t\t\t\t\t\t\t\t\t\t\t\t\t\t\t\t\t\t\t<td colspan=\"\" rowspan=\"\">\n\t\t\t\t\t\t\t\t\t\t\t\t\t\t\t\t\t\t\t\t\t\t\t 3\/10\/2026 \n\t\t\t\t\t\t\t\t\t\t\t\t\t\t\t\t\t\t\t\t\t\t\t<\/td>\n\t\t\t\t\t\t\t\t\t\t\t\t\t\t\t\t<td colspan=\"\" rowspan=\"\">\n\t\t\t\t\t\t\t\t\t\t\t\t\t\t\t\t\t\t\t\t\t\t\t 2\/13\/2026 \n\t\t\t\t\t\t\t\t\t\t\t\t\t\t\t\t\t\t\t\t\t\t\t<\/td>\n\t\t\t\t\t\t\t\t\t\t\t\t\t\t\t\t<td colspan=\"\" rowspan=\"\">\n\t\t\t\t\t\t\t\t\t\t\t\t\t\t\t\t\t\t\t\t\t\t\t ABR \u2013 JUN 2026 \n\t\t\t\t\t\t\t\t\t\t\t\t\t\t\t\t\t\t\t\t\t\t\t<\/td>\n\t\t\t\t\t\t\t\t\t\t\t\t\t\t\t<\/tr><tr>\n\t\t\t\t\t\t\t\t\t\t\t\t\t\t\t\t\t\t\t\t<td colspan=\"\" rowspan=\"\">\n\t\t\t\t\t\t\t\t\t\t\t\t\t\t\t 06\/9\/2026 \n\t\t\t\t\t\t\t\t\t\t\t\t\t\t\t\t\t\t\t\t\t\t\t\t<\/td>\n\t\t\t\t\t\t\t\t\t\t\t\t\t\t\t\t<td colspan=\"\" rowspan=\"\">\n\t\t\t\t\t\t\t\t\t\t\t\t\t\t\t 05\/15\/2026 \n\t\t\t\t\t\t\t\t\t\t\t\t\t\t\t\t\t\t\t\t\t\t\t\t<\/td>\n\t\t\t\t\t\t\t\t\t\t\t\t\t\t\t\t<td colspan=\"\" rowspan=\"\">\n\t\t\t\t\t\t\t\t\t\t\t\t\t\t\t JUL- SET 2026 \n\t\t\t\t\t\t\t\t\t\t\t\t\t\t\t\t\t\t\t\t\t\t\t\t<\/td>\n\t\t\t\t\t\t\t\t\t\t\t\t\t\t\t<\/tr><tr>\n\t\t\t\t\t\t\t\t\t\t\t\t\t\t\t\t\t\t\t\t<td colspan=\"\" rowspan=\"\">\n\t\t\t\t\t\t\t\t\t\t\t\t\t\t\t 09\/8\/2026 \n\t\t\t\t\t\t\t\t\t\t\t\t\t\t\t\t\t\t\t\t\t\t\t\t<\/td>\n\t\t\t\t\t\t\t\t\t\t\t\t\t\t\t\t<td colspan=\"\" rowspan=\"\">\n\t\t\t\t\t\t\t\t\t\t\t\t\t\t\t 8\/14\/2026 \n\t\t\t\t\t\t\t\t\t\t\t\t\t\t\t\t\t\t\t\t\t\t\t\t<\/td>\n\t\t\t\t\t\t\t\t\t\t\t\t\t\t\t\t<td colspan=\"\" rowspan=\"\">\n\t\t\t\t\t\t\t\t\t\t\t\t\t\t\t OUT \u2013 DEZ 2026 \n\t\t\t\t\t\t\t\t\t\t\t\t\t\t\t\t\t\t\t\t\t\t\t\t<\/td>\n\t\t\t\t\t\t\t\t\t\t\t<\/tr><\/tbody>\n\t\t\t\t<\/table>\n\t<br \/>\nPara se inscrever, baixe os seguintes materiais. Devolva o formul\u00e1rio preenchido ao Centro de Atendimento ao Cliente de Miami Beach, no primeiro andar do edif\u00edcio 1755, juntamente com a taxa de inscri\u00e7\u00e3o inicial de $130,00, at\u00e9 a data de vencimento. Inscri\u00e7\u00f5es n\u00e3o preenchidas completamente n\u00e3o ser\u00e3o consideradas e inscri\u00e7\u00f5es recebidas ap\u00f3s a data de vencimento n\u00e3o ser\u00e3o aceitas. Dentro de cinco (5) dias \u00fateis de cada Data de Loteria, uma taxa adicional de $256,00 ser\u00e1 devida, totalizando uma taxa de <strong>$386.00. <\/strong><em>Nenhum pagamento ser\u00e1 aceito ap\u00f3s as datas de vencimento.<\/em>\n\t<ul>\n\t\t\t<li>\n\t\t\t<h4>\n\t\t\t<a href=\"https:\/\/www.miamibeachfl.gov\/wp-content\/uploads\/2017\/08\/Administrative-Rules-Rev-2-12-09-ENGdoc.pdf\" target=\"_blank\" rel=\"noopener\" data-hover=\"Administrative Rules - English\" aria-label=\"Normas Administrativas - Ingl\u00eas\">Regras Administrativas \u2013 Ingl\u00eas<\/a>\n\t\t\t<\/h4>\n\t\t<\/li>\n\t\t\t\t\t<li>\n\t\t\t<h4>\n\t\t\t<a href=\"https:\/\/www.miamibeachfl.gov\/wp-content\/uploads\/2017\/08\/Administrative-Rules-Rev-2-12-09-SPA.pdf\" target=\"_blank\" rel=\"noopener\" data-hover=\"Reglas Administrativas - Espa\u00f1ol\" aria-label=\"Reglas Administrativas - Espa\u00f1ol\">Reglas Administrativas \u2013 Espa\u00f1ol<\/a>\n\t\t\t<\/h4>\n\t\t<\/li>\n\t\t\t\t\t<li>\n\t\t\t<h4>\n\t\t\t<a href=\"https:\/\/www.miamibeachfl.gov\/wp-content\/uploads\/2025\/11\/AVC-APPLICATION-1.pdf\" target=\"_blank\" rel=\"noopener\" data-hover=\"Artist Vendor Certificate Application\" aria-label=\"Solicita\u00e7\u00e3o de Certificado de Fornecedor de Artista\">Solicita\u00e7\u00e3o de Certificado de Fornecedor de Artista<\/a>\n\t\t\t<\/h4>\n\t\t<\/li>\n\t\t\t\t\t<li>\n\t\t\t<h4>\n\t\t\t<a href=\"https:\/\/www.miamibeachfl.gov\/wp-content\/uploads\/2025\/10\/ARTIST-VENDOR-LOTTERY-APPLICATION.pdf\" target=\"_blank\" rel=\"noopener\" data-hover=\"Artist Vendor Lottery Application\" aria-label=\"Aplica\u00e7\u00e3o para Loteria de Fornecedores de Artistas\">Aplica\u00e7\u00e3o para Loteria de Fornecedores de Artistas<\/a>\n\t\t\t<\/h4>\n\t\t<\/li>\n\t\t\t\t\t<li>\n\t\t\t<h4>\n\t\t\t<a href=\"https:\/\/www.miamibeachfl.gov\/wp-content\/uploads\/2024\/07\/Q3-2024-Artists-Street-Performer-Location-Maps.pdf\" target=\"_blank\" rel=\"noopener\" data-hover=\"Lottery Maps\" aria-label=\"Mapas de Loteria\">Mapas de Loteria<\/a>\n\t\t\t<\/h4>\n\t\t<\/li>\n\t\t\t\t\t<li>\n\t\t\t<h4>\n\t\t\t<a href=\"https:\/\/www.miamibeachfl.gov\/wp-content\/uploads\/2025\/11\/Ordinance-2025-4769-2.pdf\" target=\"_blank\" rel=\"noopener\" data-hover=\"Ordinance 2025-4769\" aria-label=\"Portaria 2025-4769\">Portaria 2025-4769<\/a>\n\t\t\t<\/h4>\n\t\t<\/li>\n\t\t\t\t\t<li>\n\t\t\t<h4>\n\t\t\t<a href=\"https:\/\/www.miamibeachfl.gov\/wp-content\/uploads\/2025\/10\/ARTIST-VENDORS-Q4-2025.pdf\" target=\"_blank\" rel=\"noopener\" data-hover=\"Artist Vendor Permit Holders\" aria-label=\"Titulares de Permiss\u00e3o para Comerciantes de Artistas\">Titulares de Permiss\u00e3o para Comerciantes de Artistas<\/a>\n\t\t\t<\/h4>\n\t\t<\/li>\n\t\t\t\t\t<li>\n\t\t\t<h4>\n\t\t\t<a href=\"https:\/\/www.miamibeachfl.gov\/wp-content\/uploads\/2025\/10\/ACTIVE-AVC-HOLDERS-Q4-2025.pdf\" target=\"_self\"  data-hover=\"Active Artist Vendor Certificate Holders\" aria-label=\"Titulares de Certificado de Fornecedor de Artistas Ativos\">Titulares de Certificado de Fornecedor de Artistas Ativos<\/a>\n\t\t\t<\/h4>\n\t\t<\/li>\n\t\t\t\t<\/ul>\n\t\t\t<a href=\"https:\/\/eservices.miamibeachfl.gov\/EnerGovProd\/SelfService\/#\/applicationAssistant?sectionName=All&#038;showTemplates=false\"  target=\"_blank\" rel=\"noopener\">\n\t\t\t\t\t\t\tInscreva-se na Loteria\n\t\t\t\t\t<\/a>\n<h2>\n\t\t\tContatos:\t<\/h2>\n\t\t<h3><a href=\"mailto:MannyMarquez@miamibeachfl.gov\" target =\"_blank\" rel=\"noopener\">Manny M\u00e1rquez<\/a><\/h3>Diretor Adjunto MannyMarquez@miamibeachfl.gov\t\t\t\t\t\n\t\t<h3><a href=\"mailto:SashaGonzalez@miamibeachfl.gov\" target =\"_blank\" rel=\"noopener\">Sasha Gonzalez<\/a><\/h3>Gerente de Atendimento ao Cliente: SashaGonzalez@miamibeachfl.gov\t\t\t\t\t\n<h2>\n\t\t\tLocaliza\u00e7\u00e3o:\t<\/h2>\n\t<p>1755 Meridian Avenue | Primeiro andar<\/p>\n\t<iframe src=\"https:\/\/www.google.com\/maps\/embed\/v1\/place?q=1755+Meridian+Avenue%0AMiami+Beach%2C+FL+33139&#038;key=AIzaSyD09zQ9PNDNNy9TadMuzRV_UsPUoWKntt8\" aria-hidden=\"true\" title=\"Prefeitura\"><\/iframe>\n<h2>\n\t\t\tHor\u00e1rio de funcionamento:\t<\/h2>\n\t\t\t\t Segunda a sexta, das 8h30 \u00e0s 18h. Fechado das 12h \u00e0s 13h. Diariamente, fechado das 12h \u00e0s 14h. <br \/>1\u00aa e 3\u00aa quinta-feira \u2013 Mensal","protected":false},"excerpt":{"rendered":"<p>Artist Vendor Lottery Customer Service Menu Customer Service Home Schedule an Appointment Wait Times Artist Vendor Lottery Street Performer Permit [&hellip;]<\/p>\n","protected":false},"author":222,"featured_media":0,"parent":108864,"menu_order":0,"comment_status":"closed","ping_status":"closed","template":"","meta":{"_searchwp_excluded":"","site-sidebar-layout":"default","site-content-layout":"","ast-site-content-layout":"default","site-content-style":"default","site-sidebar-style":"default","ast-global-header-display":"","ast-banner-title-visibility":"","ast-main-header-display":"","ast-hfb-above-header-display":"","ast-hfb-below-header-display":"","ast-hfb-mobile-header-display":"","site-post-title":"","ast-breadcrumbs-content":"","ast-featured-img":"","footer-sml-layout":"","theme-transparent-header-meta":"","adv-header-id-meta":"","stick-header-meta":"","header-above-stick-meta":"","header-main-stick-meta":"","header-below-stick-meta":"","astra-migrate-meta-layouts":"default","ast-page-background-enabled":"default","ast-page-background-meta":{"desktop":{"background-color":"var(--ast-global-color-5)","background-image":"","background-repeat":"repeat","background-position":"center center","background-size":"auto","background-attachment":"scroll","background-type":"","background-media":"","overlay-type":"","overlay-color":"","overlay-opacity":"","overlay-gradient":""},"tablet":{"background-color":"","background-image":"","background-repeat":"repeat","background-position":"center center","background-size":"auto","background-attachment":"scroll","background-type":"","background-media":"","overlay-type":"","overlay-color":"","overlay-opacity":"","overlay-gradient":""},"mobile":{"background-color":"","background-image":"","background-repeat":"repeat","background-position":"center center","background-size":"auto","background-attachment":"scroll","background-type":"","background-media":"","overlay-type":"","overlay-color":"","overlay-opacity":"","overlay-gradient":""}},"ast-content-background-meta":{"desktop":{"background-color":"var(--ast-global-color-4)","background-image":"","background-repeat":"repeat","background-position":"center center","background-size":"auto","background-attachment":"scroll","background-type":"","background-media":"","overlay-type":"","overlay-color":"","overlay-opacity":"","overlay-gradient":""},"tablet":{"background-color":"var(--ast-global-color-4)","background-image":"","background-repeat":"repeat","background-position":"center center","background-size":"auto","background-attachment":"scroll","background-type":"","background-media":"","overlay-type":"","overlay-color":"","overlay-opacity":"","overlay-gradient":""},"mobile":{"background-color":"var(--ast-global-color-4)","background-image":"","background-repeat":"repeat","background-position":"center center","background-size":"auto","background-attachment":"scroll","background-type":"","background-media":"","overlay-type":"","overlay-color":"","overlay-opacity":"","overlay-gradient":""}},"footnotes":""},"categories":[1],"tags":[1031,1014],"class_list":["post-254650","page","type-page","status-publish","hentry","category-uncategorized","tag-entertainment-top-visited","tag-permitting-entertainment"],"yoast_head":"<!-- This site is optimized with the Yoast SEO Premium plugin v27.4 (Yoast SEO v27.4) - https:\/\/yoast.com\/product\/yoast-seo-premium-wordpress\/ -->\n<title>Artist Vendor Lottery - City of Miami Beach<\/title>\n<meta name=\"description\" content=\"The City of Miami Beach offers fifty-eight (58) locations for artist vendors.\" \/>\n<meta name=\"robots\" content=\"index, follow, max-snippet:-1, max-image-preview:large, max-video-preview:-1\" \/>\n<link rel=\"canonical\" href=\"https:\/\/www.miamibeachfl.gov\/pt\/city-hall\/customer-service-center\/artists-vendor-lottery\/\" \/>\n<meta property=\"og:locale\" content=\"pt_BR\" \/>\n<meta property=\"og:type\" content=\"article\" \/>\n<meta property=\"og:title\" content=\"Artist Vendor Lottery\" \/>\n<meta property=\"og:description\" content=\"The City of Miami Beach offers fifty-eight (58) locations for artist vendors.\" \/>\n<meta property=\"og:url\" content=\"https:\/\/www.miamibeachfl.gov\/pt\/city-hall\/customer-service-center\/artists-vendor-lottery\/\" \/>\n<meta property=\"og:site_name\" content=\"City of Miami Beach\" \/>\n<meta property=\"article:publisher\" content=\"https:\/\/www.facebook.com\/cityofmiamibeach\" \/>\n<meta property=\"article:modified_time\" content=\"2026-04-27T20:33:26+00:00\" \/>\n<meta property=\"og:image\" content=\"https:\/\/www.miamibeachfl.gov\/wp-content\/uploads\/2024\/01\/1000pxSquare-miamibeach-aerial-southpointview.jpeg\" \/>\n\t<meta property=\"og:image:width\" content=\"1000\" \/>\n\t<meta property=\"og:image:height\" content=\"1000\" \/>\n\t<meta property=\"og:image:type\" content=\"image\/jpeg\" \/>\n<meta name=\"twitter:card\" content=\"summary_large_image\" \/>\n<meta name=\"twitter:site\" content=\"@Miamibeachnews\" \/>\n<script type=\"application\/ld+json\" class=\"yoast-schema-graph\">{\"@context\":\"https:\\\/\\\/schema.org\",\"@graph\":[{\"@type\":\"WebPage\",\"@id\":\"https:\\\/\\\/www.miamibeachfl.gov\\\/city-hall\\\/customer-service-center\\\/artists-vendor-lottery\\\/\",\"url\":\"https:\\\/\\\/www.miamibeachfl.gov\\\/city-hall\\\/customer-service-center\\\/artists-vendor-lottery\\\/\",\"name\":\"Artist Vendor Lottery - City of Miami Beach\",\"isPartOf\":{\"@id\":\"https:\\\/\\\/www.miamibeachfl.gov\\\/#website\"},\"datePublished\":\"2023-03-31T11:35:56+00:00\",\"dateModified\":\"2026-04-27T20:33:26+00:00\",\"description\":\"The City of Miami Beach offers fifty-eight (58) locations for artist vendors.\",\"breadcrumb\":{\"@id\":\"https:\\\/\\\/www.miamibeachfl.gov\\\/city-hall\\\/customer-service-center\\\/artists-vendor-lottery\\\/#breadcrumb\"},\"inLanguage\":\"pt-BR\",\"potentialAction\":[{\"@type\":\"ReadAction\",\"target\":[\"https:\\\/\\\/www.miamibeachfl.gov\\\/city-hall\\\/customer-service-center\\\/artists-vendor-lottery\\\/\"]}]},{\"@type\":\"BreadcrumbList\",\"@id\":\"https:\\\/\\\/www.miamibeachfl.gov\\\/city-hall\\\/customer-service-center\\\/artists-vendor-lottery\\\/#breadcrumb\",\"itemListElement\":[{\"@type\":\"ListItem\",\"position\":1,\"name\":\"Home\",\"item\":\"https:\\\/\\\/www.miamibeachfl.gov\\\/\"},{\"@type\":\"ListItem\",\"position\":2,\"name\":\"City Hall\",\"item\":\"https:\\\/\\\/www.miamibeachfl.gov\\\/city-hall\\\/\"},{\"@type\":\"ListItem\",\"position\":3,\"name\":\"Customer Service Center\",\"item\":\"https:\\\/\\\/www.miamibeachfl.gov\\\/city-hall\\\/customer-service-center\\\/\"},{\"@type\":\"ListItem\",\"position\":4,\"name\":\"Artist Vendor Lottery\"}]},{\"@type\":\"WebSite\",\"@id\":\"https:\\\/\\\/www.miamibeachfl.gov\\\/#website\",\"url\":\"https:\\\/\\\/www.miamibeachfl.gov\\\/\",\"name\":\"City of Miami Beach\",\"description\":\"The official website of the City of Miami Beach. Stay informed, find important information on city services, news, alerts, events, trolley routes, government employment and more.\",\"publisher\":{\"@id\":\"https:\\\/\\\/www.miamibeachfl.gov\\\/#organization\"},\"potentialAction\":[{\"@type\":\"SearchAction\",\"target\":{\"@type\":\"EntryPoint\",\"urlTemplate\":\"https:\\\/\\\/www.miamibeachfl.gov\\\/?s={search_term_string}\"},\"query-input\":{\"@type\":\"PropertyValueSpecification\",\"valueRequired\":true,\"valueName\":\"search_term_string\"}}],\"inLanguage\":\"pt-BR\"},{\"@type\":\"Organization\",\"@id\":\"https:\\\/\\\/www.miamibeachfl.gov\\\/#organization\",\"name\":\"City of Miami Beach\",\"url\":\"https:\\\/\\\/www.miamibeachfl.gov\\\/\",\"logo\":{\"@type\":\"ImageObject\",\"inLanguage\":\"pt-BR\",\"@id\":\"https:\\\/\\\/www.miamibeachfl.gov\\\/#\\\/schema\\\/logo\\\/image\\\/\",\"url\":\"https:\\\/\\\/www.miamibeachfl.gov\\\/wp-content\\\/uploads\\\/2022\\\/06\\\/miamibeach-logoblue.png\",\"contentUrl\":\"https:\\\/\\\/www.miamibeachfl.gov\\\/wp-content\\\/uploads\\\/2022\\\/06\\\/miamibeach-logoblue.png\",\"width\":1962,\"height\":381,\"caption\":\"City of Miami Beach\"},\"image\":{\"@id\":\"https:\\\/\\\/www.miamibeachfl.gov\\\/#\\\/schema\\\/logo\\\/image\\\/\"},\"sameAs\":[\"https:\\\/\\\/www.facebook.com\\\/cityofmiamibeach\",\"https:\\\/\\\/x.com\\\/Miamibeachnews\",\"https:\\\/\\\/www.instagram.com\\\/miamibeachnews\\\/\"],\"description\":\"The official website of the City of Miami Beach. Stay informed, find important information on city services, news, alerts, events, trolley routes, government employment and more.\",\"telephone\":\"305.604.CITY(2489)\",\"legalName\":\"City of Miami Beach\"}]}<\/script>\n<!-- \/ Yoast SEO Premium plugin. -->","yoast_head_json":{"title":"Loteria de Vendedores de Artistas - Cidade de Miami Beach","description":"A cidade de Miami Beach oferece cinquenta e oito (58) locais para vendedores de artistas.","robots":{"index":"index","follow":"follow","max-snippet":"max-snippet:-1","max-image-preview":"max-image-preview:large","max-video-preview":"max-video-preview:-1"},"canonical":"https:\/\/www.miamibeachfl.gov\/pt\/city-hall\/customer-service-center\/artists-vendor-lottery\/","og_locale":"pt_BR","og_type":"article","og_title":"Artist Vendor Lottery","og_description":"The City of Miami Beach offers fifty-eight (58) locations for artist vendors.","og_url":"https:\/\/www.miamibeachfl.gov\/pt\/city-hall\/customer-service-center\/artists-vendor-lottery\/","og_site_name":"City of Miami Beach","article_publisher":"https:\/\/www.facebook.com\/cityofmiamibeach","article_modified_time":"2026-04-27T20:33:26+00:00","og_image":[{"width":1000,"height":1000,"url":"https:\/\/www.miamibeachfl.gov\/wp-content\/uploads\/2024\/01\/1000pxSquare-miamibeach-aerial-southpointview.jpeg","type":"image\/jpeg"}],"twitter_card":"summary_large_image","twitter_site":"@Miamibeachnews","schema":{"@context":"https:\/\/schema.org","@graph":[{"@type":"WebPage","@id":"https:\/\/www.miamibeachfl.gov\/city-hall\/customer-service-center\/artists-vendor-lottery\/","url":"https:\/\/www.miamibeachfl.gov\/city-hall\/customer-service-center\/artists-vendor-lottery\/","name":"Loteria de Vendedores de Artistas - Cidade de Miami Beach","isPartOf":{"@id":"https:\/\/www.miamibeachfl.gov\/#website"},"datePublished":"2023-03-31T11:35:56+00:00","dateModified":"2026-04-27T20:33:26+00:00","description":"A cidade de Miami Beach oferece cinquenta e oito (58) locais para vendedores de artistas.","breadcrumb":{"@id":"https:\/\/www.miamibeachfl.gov\/city-hall\/customer-service-center\/artists-vendor-lottery\/#breadcrumb"},"inLanguage":"pt-BR","potentialAction":[{"@type":"ReadAction","target":["https:\/\/www.miamibeachfl.gov\/city-hall\/customer-service-center\/artists-vendor-lottery\/"]}]},{"@type":"BreadcrumbList","@id":"https:\/\/www.miamibeachfl.gov\/city-hall\/customer-service-center\/artists-vendor-lottery\/#breadcrumb","itemListElement":[{"@type":"ListItem","position":1,"name":"Home","item":"https:\/\/www.miamibeachfl.gov\/"},{"@type":"ListItem","position":2,"name":"City Hall","item":"https:\/\/www.miamibeachfl.gov\/city-hall\/"},{"@type":"ListItem","position":3,"name":"Customer Service Center","item":"https:\/\/www.miamibeachfl.gov\/city-hall\/customer-service-center\/"},{"@type":"ListItem","position":4,"name":"Artist Vendor Lottery"}]},{"@type":"WebSite","@id":"https:\/\/www.miamibeachfl.gov\/#website","url":"https:\/\/www.miamibeachfl.gov\/","name":"Cidade de Miami Beach","description":"Site oficial da cidade de Miami Beach. Mantenha-se informado e encontre informa\u00e7\u00f5es importantes sobre servi\u00e7os municipais, not\u00edcias, alertas, eventos, rotas de bonde, empregos p\u00fablicos e muito mais.","publisher":{"@id":"https:\/\/www.miamibeachfl.gov\/#organization"},"potentialAction":[{"@type":"SearchAction","target":{"@type":"EntryPoint","urlTemplate":"https:\/\/www.miamibeachfl.gov\/?s={search_term_string}"},"query-input":{"@type":"PropertyValueSpecification","valueRequired":true,"valueName":"search_term_string"}}],"inLanguage":"pt-BR"},{"@type":"Organization","@id":"https:\/\/www.miamibeachfl.gov\/#organization","name":"Cidade de Miami Beach","url":"https:\/\/www.miamibeachfl.gov\/","logo":{"@type":"ImageObject","inLanguage":"pt-BR","@id":"https:\/\/www.miamibeachfl.gov\/#\/schema\/logo\/image\/","url":"https:\/\/www.miamibeachfl.gov\/wp-content\/uploads\/2022\/06\/miamibeach-logoblue.png","contentUrl":"https:\/\/www.miamibeachfl.gov\/wp-content\/uploads\/2022\/06\/miamibeach-logoblue.png","width":1962,"height":381,"caption":"City of Miami Beach"},"image":{"@id":"https:\/\/www.miamibeachfl.gov\/#\/schema\/logo\/image\/"},"sameAs":["https:\/\/www.facebook.com\/cityofmiamibeach","https:\/\/x.com\/Miamibeachnews","https:\/\/www.instagram.com\/miamibeachnews\/"],"description":"Site oficial da cidade de Miami Beach. Mantenha-se informado e encontre informa\u00e7\u00f5es importantes sobre servi\u00e7os municipais, not\u00edcias, alertas, eventos, rotas de bonde, empregos p\u00fablicos e muito mais.","telephone":"305.604.CITY(2489)","legalName":"City of Miami Beach"}]}},"_links":{"self":[{"href":"https:\/\/www.miamibeachfl.gov\/pt\/wp-json\/wp\/v2\/pages\/254650","targetHints":{"allow":["GET"]}}],"collection":[{"href":"https:\/\/www.miamibeachfl.gov\/pt\/wp-json\/wp\/v2\/pages"}],"about":[{"href":"https:\/\/www.miamibeachfl.gov\/pt\/wp-json\/wp\/v2\/types\/page"}],"author":[{"embeddable":true,"href":"https:\/\/www.miamibeachfl.gov\/pt\/wp-json\/wp\/v2\/users\/222"}],"replies":[{"embeddable":true,"href":"https:\/\/www.miamibeachfl.gov\/pt\/wp-json\/wp\/v2\/comments?post=254650"}],"version-history":[{"count":12,"href":"https:\/\/www.miamibeachfl.gov\/pt\/wp-json\/wp\/v2\/pages\/254650\/revisions"}],"predecessor-version":[{"id":399572,"href":"https:\/\/www.miamibeachfl.gov\/pt\/wp-json\/wp\/v2\/pages\/254650\/revisions\/399572"}],"up":[{"embeddable":true,"href":"https:\/\/www.miamibeachfl.gov\/pt\/wp-json\/wp\/v2\/pages\/108864"}],"wp:attachment":[{"href":"https:\/\/www.miamibeachfl.gov\/pt\/wp-json\/wp\/v2\/media?parent=254650"}],"wp:term":[{"taxonomy":"category","embeddable":true,"href":"https:\/\/www.miamibeachfl.gov\/pt\/wp-json\/wp\/v2\/categories?post=254650"},{"taxonomy":"post_tag","embeddable":true,"href":"https:\/\/www.miamibeachfl.gov\/pt\/wp-json\/wp\/v2\/tags?post=254650"}],"curies":[{"name":"wp","href":"https:\/\/api.w.org\/{rel}","templated":true}]}}