{"id":254811,"date":"2023-04-03T11:01:55","date_gmt":"2023-04-03T15:01:55","guid":{"rendered":"https:\/\/www.miamibeachfl.gov\/?page_id=254811"},"modified":"2025-06-02T22:10:55","modified_gmt":"2025-06-03T02:10:55","slug":"april-2023-business-spotlight-copy-copy","status":"publish","type":"page","link":"https:\/\/www.miamibeachfl.gov\/pt\/spotlight\/april-2023-business-spotlight-copy-copy\/","title":{"rendered":"Miami Beach celebra o M\u00eas da Terra"},"content":{"rendered":"<h5>\n\t\t<a href=\"https:\/\/www.miamibeachfl.gov\/pt\/mbbiznews\/\" title=\"Assine aqui para receber o boletim de neg\u00f3cios da cidade mensalmente em sua caixa de entrada.\"  target=\"_blank\"  rel=\"noopener\">\n\t\t\tAssine aqui para receber o boletim de neg\u00f3cios da cidade mensalmente em sua caixa de entrada.\t\t<\/a>\n\t<\/h5>\n<h5>\n\t\t<a href=\"https:\/\/myemail.constantcontact.com\/Stay-connected-with-MB-Biz--.html?soid=1011085968389&#038;aid=S0mHBwwl4Fs\" title=\"Boletim de Neg\u00f3cios\"  target=\"_blank\"  rel=\"noopener\">\n\t\t\tBoletim de Neg\u00f3cios\t\t<\/a>\n\t<\/h5>\n<h2>\n\t\t\tCentro de Conven\u00e7\u00f5es de Miami Beach Investindo em Miami Beach e em Nosso Planeta\t<\/h2>\n\t\t\t\t<img decoding=\"async\" src=\"https:\/\/www.miamibeachfl.gov\/wp-content\/uploads\/2023\/04\/1.26-MBCC-Sustainability-Highlight-Linkedin.png\" alt=\"1.26 MBCC Sustainability Highlight, Linkedin\" itemprop=\"image\" title=\"1.26 Destaque de Sustentabilidade do MBCC, Linkedin\" onerror=\"this.style.display='none'\" loading='lazy' \/>\n\t<p>Em homenagem ao M\u00eas da Terra, saiba como o Centro de Conven\u00e7\u00f5es de Miami Beach est\u00e1 investindo em nosso espa\u00e7o e no planeta com as mais recentes iniciativas de sustentabilidade. O M\u00eas da Terra acontece em abril de cada ano para aumentar a conscientiza\u00e7\u00e3o ambiental e conscientizar sobre as quest\u00f5es que afetam a m\u00e3e natureza.<\/p>\n<p>O primeiro Dia da Terra foi celebrado em 22 de abril de 1970. O evento foi organizado por Gaylord Nelson, senador dos Estados Unidos por Wisconsin. Ele foi inspirado a agir ap\u00f3s testemunhar os danos causados por um vazamento de petr\u00f3leo em Santa B\u00e1rbara, Calif\u00f3rnia, em 1969. Nelson percebeu a necessidade de todos se tornarem mais conscientes e ativos em rela\u00e7\u00e3o \u00e0 preserva\u00e7\u00e3o do nosso planeta. Ele esperava que o Dia da Terra fosse uma forma de educar as pessoas sobre a import\u00e2ncia da prote\u00e7\u00e3o ambiental.<\/p>\n<p>O tema do Dia da Terra, da Semana da Terra e do M\u00eas da Terra de 2023 \u00e9 &quot;Invista em Nosso Planeta&quot;. O foco \u00e9 engajar governos, institui\u00e7\u00f5es, empresas e a comunidade a fazerem a sua parte, pois todos s\u00e3o respons\u00e1veis. O tema convoca as pessoas ao redor do mundo a reconhecerem nossa responsabilidade coletiva de proteger e preservar o planeta e ajudar a acelerar a transi\u00e7\u00e3o para uma economia verde, justa e pr\u00f3spera para todos.<\/p>\n<p>O Miami Beach Convention Center and Campus \u00e9 a pe\u00e7a central reimaginada de Miami Beach para reuni\u00f5es, conven\u00e7\u00f5es, exposi\u00e7\u00f5es e feiras de neg\u00f3cios. O rec\u00e9m-renovado $640 milh\u00f5es de d\u00f3lares, com 1,4 milh\u00e3o de p\u00e9s quadrados, inclui um Grand Ballroom de 60.000 p\u00e9s quadrados com um espa\u00e7o pr\u00e9-funcional de 18.000 p\u00e9s quadrados, aproximadamente 500.000 p\u00e9s quadrados de espa\u00e7o para exposi\u00e7\u00f5es, um Grand Lobby de 99.000 p\u00e9s quadrados, 84 salas de descanso, aproximadamente 800 vagas de estacionamento na cobertura e 9 acres de espa\u00e7o verde p\u00fablico com arte p\u00fablica curada. Os renomados escrit\u00f3rios Fentress Architects e Architectonica colaboraram para criar um design sustent\u00e1vel de \u00faltima gera\u00e7\u00e3o e procedimentos operacionais ecologicamente corretos. Materiais reciclados est\u00e3o presentes em todo o edif\u00edcio, com mais de 20% dos materiais provenientes de fontes locais no sul da Fl\u00f3rida. Noventa e seis por cento dos res\u00edduos de constru\u00e7\u00e3o foram reciclados, desviando mais de 38.000 toneladas de reciclagem de res\u00edduos para esta instala\u00e7\u00e3o com certifica\u00e7\u00e3o LEED Silver.<\/p>\n<p>Em mar\u00e7o de 2023, a equipe do Centro de Conven\u00e7\u00f5es lan\u00e7ou um <em>Horta de ervas e vegetais<\/em>, em parceria com a Compost for Life Miami. O programa utiliza sobras de materiais org\u00e2nicos das conven\u00e7\u00f5es e eventos do local e os converte em composto. Esse composto \u00e9 ent\u00e3o usado na horta de ervas e vegetais, criando um sistema alimentar sustent\u00e1vel que reduz o desperd\u00edcio e proporciona um verdadeiro jantar da horta para a mesa. O objetivo \u00e9 criar um ambiente tranquilo para os especialistas culin\u00e1rios e a equipe do centro de conven\u00e7\u00f5es cuidarem, nutrirem e educarem a comunidade sobre jardinagem e pr\u00e1ticas sustent\u00e1veis. Os vegetais atualmente plantados incluem cenoura, alface, cebola, tomate e piment\u00e3o, e a folhagem \u00e9 usada para enfeites e decora\u00e7\u00f5es de mesa. Al\u00e9m disso, luzes movidas a energia solar iluminam a cerca de madeira que cerca o jardim, feita de paletes de madeira reciclada de remessas de alimentos.<\/p>\n<p>&quot;Estamos entusiasmados em dar vida a este jardim no Rum Room e no Venu (e no Convention Center Campus), n\u00e3o s\u00f3 para termos acesso a vegetais frescos para os nossos pratos, mas tamb\u00e9m para estender o nosso programa de sustentabilidade no centro de conven\u00e7\u00f5es a estes dois novos espa\u00e7os de uma forma entusiasmante&quot;, disse Danny Medina, vice-presidente regional da Sodexo Live! \u2013 gest\u00e3o de alimentos e bebidas do Miami Beach Convention Center.<\/p>\n<p>O Centro de Conven\u00e7\u00f5es est\u00e1 trabalhando continuamente para tornar o local mais respons\u00e1vel. Para isso, a equipe est\u00e1 trabalhando na constru\u00e7\u00e3o de um plano de sustentabilidade robusto que atenda, apoie e incentive as expectativas dos planejadores de reuni\u00f5es e organizadores de feiras, incluindo coleta de \u00e1gua da chuva e instala\u00e7\u00e3o de tubos solares.<\/p>\n<p>O Dia da Terra ser\u00e1 comemorado no s\u00e1bado, 22 de abril de 2023, e a Semana da Terra ser\u00e1 comemorada de domingo, 16 de abril, a s\u00e1bado, 22 de abril de 2023.<\/p>\n<p>Para mais informa\u00e7\u00f5es, incluindo um Kit de Ferramentas de Sustentabilidade Empresarial gratuito para o Dia da Terra 2023, visite https:\/\/www.earthday.org\/<\/p>\n<p>Para mais informa\u00e7\u00f5es, visite <strong><a href=\"http:\/\/www.miamibeachconvention.com\/sustainability\">http:\/\/www.miamibeachconvention.com\/sustainability<\/a><\/strong><\/p>\n<p><em>\u00a0<\/em><\/p>","protected":false},"excerpt":{"rendered":"<p>Subscribe here to receive the City&#8217;s business newsletter to your inbox monthly. Business Newsletter Miami Beach Convention Center Investing in [&hellip;]<\/p>\n","protected":false},"author":222,"featured_media":0,"parent":253255,"menu_order":0,"comment_status":"closed","ping_status":"closed","template":"","meta":{"_searchwp_excluded":"","site-sidebar-layout":"default","site-content-layout":"","ast-site-content-layout":"default","site-content-style":"default","site-sidebar-style":"default","ast-global-header-display":"","ast-banner-title-visibility":"","ast-main-header-display":"","ast-hfb-above-header-display":"","ast-hfb-below-header-display":"","ast-hfb-mobile-header-display":"","site-post-title":"","ast-breadcrumbs-content":"","ast-featured-img":"","footer-sml-layout":"","theme-transparent-header-meta":"","adv-header-id-meta":"","stick-header-meta":"","header-above-stick-meta":"","header-main-stick-meta":"","header-below-stick-meta":"","astra-migrate-meta-layouts":"default","ast-page-background-enabled":"default","ast-page-background-meta":{"desktop":{"background-color":"var(--ast-global-color-5)","background-image":"","background-repeat":"repeat","background-position":"center center","background-size":"auto","background-attachment":"scroll","background-type":"","background-media":"","overlay-type":"","overlay-color":"","overlay-opacity":"","overlay-gradient":""},"tablet":{"background-color":"","background-image":"","background-repeat":"repeat","background-position":"center center","background-size":"auto","background-attachment":"scroll","background-type":"","background-media":"","overlay-type":"","overlay-color":"","overlay-opacity":"","overlay-gradient":""},"mobile":{"background-color":"","background-image":"","background-repeat":"repeat","background-position":"center center","background-size":"auto","background-attachment":"scroll","background-type":"","background-media":"","overlay-type":"","overlay-color":"","overlay-opacity":"","overlay-gradient":""}},"ast-content-background-meta":{"desktop":{"background-color":"var(--ast-global-color-4)","background-image":"","background-repeat":"repeat","background-position":"center center","background-size":"auto","background-attachment":"scroll","background-type":"","background-media":"","overlay-type":"","overlay-color":"","overlay-opacity":"","overlay-gradient":""},"tablet":{"background-color":"var(--ast-global-color-4)","background-image":"","background-repeat":"repeat","background-position":"center center","background-size":"auto","background-attachment":"scroll","background-type":"","background-media":"","overlay-type":"","overlay-color":"","overlay-opacity":"","overlay-gradient":""},"mobile":{"background-color":"var(--ast-global-color-4)","background-image":"","background-repeat":"repeat","background-position":"center center","background-size":"auto","background-attachment":"scroll","background-type":"","background-media":"","overlay-type":"","overlay-color":"","overlay-opacity":"","overlay-gradient":""}},"footnotes":""},"categories":[],"tags":[],"class_list":["post-254811","page","type-page","status-publish","hentry"],"yoast_head":"<!-- This site is optimized with the Yoast SEO Premium plugin v27.4 (Yoast SEO v27.4) - https:\/\/yoast.com\/product\/yoast-seo-premium-wordpress\/ -->\n<title>Miami Beach Celebrates Earth Month - City of Miami Beach<\/title>\n<meta name=\"description\" content=\"%\" \/>\n<meta name=\"robots\" content=\"index, follow, max-snippet:-1, max-image-preview:large, max-video-preview:-1\" \/>\n<link rel=\"canonical\" href=\"https:\/\/www.miamibeachfl.gov\/pt\/spotlight\/april-2023-business-spotlight-copy-copy\/\" \/>\n<meta property=\"og:locale\" content=\"pt_BR\" \/>\n<meta property=\"og:type\" content=\"article\" \/>\n<meta property=\"og:title\" content=\"Miami Beach Celebrates Earth Month\" \/>\n<meta property=\"og:description\" content=\"%\" \/>\n<meta property=\"og:url\" content=\"https:\/\/www.miamibeachfl.gov\/pt\/spotlight\/april-2023-business-spotlight-copy-copy\/\" \/>\n<meta property=\"og:site_name\" content=\"City of Miami Beach\" \/>\n<meta property=\"article:publisher\" content=\"https:\/\/www.facebook.com\/cityofmiamibeach\" \/>\n<meta property=\"article:modified_time\" content=\"2025-06-03T02:10:55+00:00\" \/>\n<meta property=\"og:image\" content=\"https:\/\/www.miamibeachfl.gov\/wp-content\/uploads\/2023\/04\/1.26-MBCC-Sustainability-Highlight-Linkedin.png\" \/>\n<meta name=\"twitter:card\" content=\"summary_large_image\" \/>\n<meta name=\"twitter:site\" content=\"@Miamibeachnews\" \/>\n<script type=\"application\/ld+json\" class=\"yoast-schema-graph\">{\"@context\":\"https:\\\/\\\/schema.org\",\"@graph\":[{\"@type\":\"WebPage\",\"@id\":\"https:\\\/\\\/www.miamibeachfl.gov\\\/spotlight\\\/april-2023-business-spotlight-copy-copy\\\/\",\"url\":\"https:\\\/\\\/www.miamibeachfl.gov\\\/spotlight\\\/april-2023-business-spotlight-copy-copy\\\/\",\"name\":\"Miami Beach Celebrates Earth Month - City of Miami Beach\",\"isPartOf\":{\"@id\":\"https:\\\/\\\/www.miamibeachfl.gov\\\/#website\"},\"primaryImageOfPage\":{\"@id\":\"https:\\\/\\\/www.miamibeachfl.gov\\\/spotlight\\\/april-2023-business-spotlight-copy-copy\\\/#primaryimage\"},\"image\":{\"@id\":\"https:\\\/\\\/www.miamibeachfl.gov\\\/spotlight\\\/april-2023-business-spotlight-copy-copy\\\/#primaryimage\"},\"thumbnailUrl\":\"https:\\\/\\\/www.miamibeachfl.gov\\\/wp-content\\\/uploads\\\/2023\\\/04\\\/1.26-MBCC-Sustainability-Highlight-Linkedin.png\",\"datePublished\":\"2023-04-03T15:01:55+00:00\",\"dateModified\":\"2025-06-03T02:10:55+00:00\",\"description\":\"%\",\"breadcrumb\":{\"@id\":\"https:\\\/\\\/www.miamibeachfl.gov\\\/spotlight\\\/april-2023-business-spotlight-copy-copy\\\/#breadcrumb\"},\"inLanguage\":\"pt-BR\",\"potentialAction\":[{\"@type\":\"ReadAction\",\"target\":[\"https:\\\/\\\/www.miamibeachfl.gov\\\/spotlight\\\/april-2023-business-spotlight-copy-copy\\\/\"]}]},{\"@type\":\"ImageObject\",\"inLanguage\":\"pt-BR\",\"@id\":\"https:\\\/\\\/www.miamibeachfl.gov\\\/spotlight\\\/april-2023-business-spotlight-copy-copy\\\/#primaryimage\",\"url\":\"https:\\\/\\\/www.miamibeachfl.gov\\\/wp-content\\\/uploads\\\/2023\\\/04\\\/1.26-MBCC-Sustainability-Highlight-Linkedin.png\",\"contentUrl\":\"https:\\\/\\\/www.miamibeachfl.gov\\\/wp-content\\\/uploads\\\/2023\\\/04\\\/1.26-MBCC-Sustainability-Highlight-Linkedin.png\"},{\"@type\":\"BreadcrumbList\",\"@id\":\"https:\\\/\\\/www.miamibeachfl.gov\\\/spotlight\\\/april-2023-business-spotlight-copy-copy\\\/#breadcrumb\",\"itemListElement\":[{\"@type\":\"ListItem\",\"position\":1,\"name\":\"Home\",\"item\":\"https:\\\/\\\/www.miamibeachfl.gov\\\/\"},{\"@type\":\"ListItem\",\"position\":2,\"name\":\"Business Newsletters and Spotlights\",\"item\":\"https:\\\/\\\/www.miamibeachfl.gov\\\/spotlight\\\/\"},{\"@type\":\"ListItem\",\"position\":3,\"name\":\"Miami Beach Celebrates Earth Month\"}]},{\"@type\":\"WebSite\",\"@id\":\"https:\\\/\\\/www.miamibeachfl.gov\\\/#website\",\"url\":\"https:\\\/\\\/www.miamibeachfl.gov\\\/\",\"name\":\"City of Miami Beach\",\"description\":\"The official website of the City of Miami Beach. Stay informed, find important information on city services, news, alerts, events, trolley routes, government employment and more.\",\"publisher\":{\"@id\":\"https:\\\/\\\/www.miamibeachfl.gov\\\/#organization\"},\"potentialAction\":[{\"@type\":\"SearchAction\",\"target\":{\"@type\":\"EntryPoint\",\"urlTemplate\":\"https:\\\/\\\/www.miamibeachfl.gov\\\/?s={search_term_string}\"},\"query-input\":{\"@type\":\"PropertyValueSpecification\",\"valueRequired\":true,\"valueName\":\"search_term_string\"}}],\"inLanguage\":\"pt-BR\"},{\"@type\":\"Organization\",\"@id\":\"https:\\\/\\\/www.miamibeachfl.gov\\\/#organization\",\"name\":\"City of Miami Beach\",\"url\":\"https:\\\/\\\/www.miamibeachfl.gov\\\/\",\"logo\":{\"@type\":\"ImageObject\",\"inLanguage\":\"pt-BR\",\"@id\":\"https:\\\/\\\/www.miamibeachfl.gov\\\/#\\\/schema\\\/logo\\\/image\\\/\",\"url\":\"https:\\\/\\\/www.miamibeachfl.gov\\\/wp-content\\\/uploads\\\/2022\\\/06\\\/miamibeach-logoblue.png\",\"contentUrl\":\"https:\\\/\\\/www.miamibeachfl.gov\\\/wp-content\\\/uploads\\\/2022\\\/06\\\/miamibeach-logoblue.png\",\"width\":1962,\"height\":381,\"caption\":\"City of Miami Beach\"},\"image\":{\"@id\":\"https:\\\/\\\/www.miamibeachfl.gov\\\/#\\\/schema\\\/logo\\\/image\\\/\"},\"sameAs\":[\"https:\\\/\\\/www.facebook.com\\\/cityofmiamibeach\",\"https:\\\/\\\/x.com\\\/Miamibeachnews\",\"https:\\\/\\\/www.instagram.com\\\/miamibeachnews\\\/\"],\"description\":\"The official website of the City of Miami Beach. Stay informed, find important information on city services, news, alerts, events, trolley routes, government employment and more.\",\"telephone\":\"305.604.CITY(2489)\",\"legalName\":\"City of Miami Beach\"}]}<\/script>\n<!-- \/ Yoast SEO Premium plugin. -->","yoast_head_json":{"title":"Miami Beach celebra o M\u00eas da Terra - Cidade de Miami Beach","description":"%","robots":{"index":"index","follow":"follow","max-snippet":"max-snippet:-1","max-image-preview":"max-image-preview:large","max-video-preview":"max-video-preview:-1"},"canonical":"https:\/\/www.miamibeachfl.gov\/pt\/spotlight\/april-2023-business-spotlight-copy-copy\/","og_locale":"pt_BR","og_type":"article","og_title":"Miami Beach Celebrates Earth Month","og_description":"%","og_url":"https:\/\/www.miamibeachfl.gov\/pt\/spotlight\/april-2023-business-spotlight-copy-copy\/","og_site_name":"City of Miami Beach","article_publisher":"https:\/\/www.facebook.com\/cityofmiamibeach","article_modified_time":"2025-06-03T02:10:55+00:00","og_image":[{"url":"https:\/\/www.miamibeachfl.gov\/wp-content\/uploads\/2023\/04\/1.26-MBCC-Sustainability-Highlight-Linkedin.png","type":"","width":"","height":""}],"twitter_card":"summary_large_image","twitter_site":"@Miamibeachnews","schema":{"@context":"https:\/\/schema.org","@graph":[{"@type":"WebPage","@id":"https:\/\/www.miamibeachfl.gov\/spotlight\/april-2023-business-spotlight-copy-copy\/","url":"https:\/\/www.miamibeachfl.gov\/spotlight\/april-2023-business-spotlight-copy-copy\/","name":"Miami Beach celebra o M\u00eas da Terra - Cidade de Miami Beach","isPartOf":{"@id":"https:\/\/www.miamibeachfl.gov\/#website"},"primaryImageOfPage":{"@id":"https:\/\/www.miamibeachfl.gov\/spotlight\/april-2023-business-spotlight-copy-copy\/#primaryimage"},"image":{"@id":"https:\/\/www.miamibeachfl.gov\/spotlight\/april-2023-business-spotlight-copy-copy\/#primaryimage"},"thumbnailUrl":"https:\/\/www.miamibeachfl.gov\/wp-content\/uploads\/2023\/04\/1.26-MBCC-Sustainability-Highlight-Linkedin.png","datePublished":"2023-04-03T15:01:55+00:00","dateModified":"2025-06-03T02:10:55+00:00","description":"%","breadcrumb":{"@id":"https:\/\/www.miamibeachfl.gov\/spotlight\/april-2023-business-spotlight-copy-copy\/#breadcrumb"},"inLanguage":"pt-BR","potentialAction":[{"@type":"ReadAction","target":["https:\/\/www.miamibeachfl.gov\/spotlight\/april-2023-business-spotlight-copy-copy\/"]}]},{"@type":"ImageObject","inLanguage":"pt-BR","@id":"https:\/\/www.miamibeachfl.gov\/spotlight\/april-2023-business-spotlight-copy-copy\/#primaryimage","url":"https:\/\/www.miamibeachfl.gov\/wp-content\/uploads\/2023\/04\/1.26-MBCC-Sustainability-Highlight-Linkedin.png","contentUrl":"https:\/\/www.miamibeachfl.gov\/wp-content\/uploads\/2023\/04\/1.26-MBCC-Sustainability-Highlight-Linkedin.png"},{"@type":"BreadcrumbList","@id":"https:\/\/www.miamibeachfl.gov\/spotlight\/april-2023-business-spotlight-copy-copy\/#breadcrumb","itemListElement":[{"@type":"ListItem","position":1,"name":"Home","item":"https:\/\/www.miamibeachfl.gov\/"},{"@type":"ListItem","position":2,"name":"Business Newsletters and Spotlights","item":"https:\/\/www.miamibeachfl.gov\/spotlight\/"},{"@type":"ListItem","position":3,"name":"Miami Beach Celebrates Earth Month"}]},{"@type":"WebSite","@id":"https:\/\/www.miamibeachfl.gov\/#website","url":"https:\/\/www.miamibeachfl.gov\/","name":"Cidade de Miami Beach","description":"Site oficial da cidade de Miami Beach. Mantenha-se informado e encontre informa\u00e7\u00f5es importantes sobre servi\u00e7os municipais, not\u00edcias, alertas, eventos, rotas de bonde, empregos p\u00fablicos e muito mais.","publisher":{"@id":"https:\/\/www.miamibeachfl.gov\/#organization"},"potentialAction":[{"@type":"SearchAction","target":{"@type":"EntryPoint","urlTemplate":"https:\/\/www.miamibeachfl.gov\/?s={search_term_string}"},"query-input":{"@type":"PropertyValueSpecification","valueRequired":true,"valueName":"search_term_string"}}],"inLanguage":"pt-BR"},{"@type":"Organization","@id":"https:\/\/www.miamibeachfl.gov\/#organization","name":"Cidade de Miami Beach","url":"https:\/\/www.miamibeachfl.gov\/","logo":{"@type":"ImageObject","inLanguage":"pt-BR","@id":"https:\/\/www.miamibeachfl.gov\/#\/schema\/logo\/image\/","url":"https:\/\/www.miamibeachfl.gov\/wp-content\/uploads\/2022\/06\/miamibeach-logoblue.png","contentUrl":"https:\/\/www.miamibeachfl.gov\/wp-content\/uploads\/2022\/06\/miamibeach-logoblue.png","width":1962,"height":381,"caption":"City of Miami Beach"},"image":{"@id":"https:\/\/www.miamibeachfl.gov\/#\/schema\/logo\/image\/"},"sameAs":["https:\/\/www.facebook.com\/cityofmiamibeach","https:\/\/x.com\/Miamibeachnews","https:\/\/www.instagram.com\/miamibeachnews\/"],"description":"Site oficial da cidade de Miami Beach. Mantenha-se informado e encontre informa\u00e7\u00f5es importantes sobre servi\u00e7os municipais, not\u00edcias, alertas, eventos, rotas de bonde, empregos p\u00fablicos e muito mais.","telephone":"305.604.CITY(2489)","legalName":"City of Miami Beach"}]}},"_links":{"self":[{"href":"https:\/\/www.miamibeachfl.gov\/pt\/wp-json\/wp\/v2\/pages\/254811","targetHints":{"allow":["GET"]}}],"collection":[{"href":"https:\/\/www.miamibeachfl.gov\/pt\/wp-json\/wp\/v2\/pages"}],"about":[{"href":"https:\/\/www.miamibeachfl.gov\/pt\/wp-json\/wp\/v2\/types\/page"}],"author":[{"embeddable":true,"href":"https:\/\/www.miamibeachfl.gov\/pt\/wp-json\/wp\/v2\/users\/222"}],"replies":[{"embeddable":true,"href":"https:\/\/www.miamibeachfl.gov\/pt\/wp-json\/wp\/v2\/comments?post=254811"}],"version-history":[{"count":1,"href":"https:\/\/www.miamibeachfl.gov\/pt\/wp-json\/wp\/v2\/pages\/254811\/revisions"}],"predecessor-version":[{"id":375076,"href":"https:\/\/www.miamibeachfl.gov\/pt\/wp-json\/wp\/v2\/pages\/254811\/revisions\/375076"}],"up":[{"embeddable":true,"href":"https:\/\/www.miamibeachfl.gov\/pt\/wp-json\/wp\/v2\/pages\/253255"}],"wp:attachment":[{"href":"https:\/\/www.miamibeachfl.gov\/pt\/wp-json\/wp\/v2\/media?parent=254811"}],"wp:term":[{"taxonomy":"category","embeddable":true,"href":"https:\/\/www.miamibeachfl.gov\/pt\/wp-json\/wp\/v2\/categories?post=254811"},{"taxonomy":"post_tag","embeddable":true,"href":"https:\/\/www.miamibeachfl.gov\/pt\/wp-json\/wp\/v2\/tags?post=254811"}],"curies":[{"name":"wp","href":"https:\/\/api.w.org\/{rel}","templated":true}]}}