{"id":255558,"date":"2023-04-04T14:05:30","date_gmt":"2023-04-04T18:05:30","guid":{"rendered":"https:\/\/www.miamibeachfl.gov\/?page_id=255558"},"modified":"2026-04-01T11:41:26","modified_gmt":"2026-04-01T15:41:26","slug":"indian-creek-drive-seawall-project","status":"publish","type":"page","link":"https:\/\/www.miamibeachfl.gov\/pt\/projects\/indian-creek-drive-seawall-project\/","title":{"rendered":"Projeto de dique da Indian Creek Drive"},"content":{"rendered":"<h3>\n\t\t\tProjeto de dique da Indian Creek Drive\t<\/h3>\n\t<p>A cidade de Miami Beach \u00e9 cercada por 88 quil\u00f4metros de muros de conten\u00e7\u00e3o. Desse espa\u00e7o, apenas 8 quil\u00f4metros s\u00e3o de propriedade p\u00fablica. Os esfor\u00e7os para elevar e substituir trechos desses muros de conten\u00e7\u00e3o s\u00e3o passos para alcan\u00e7ar uma orla mais resiliente para a nossa cidade como um todo. Muros de conten\u00e7\u00e3o com eleva\u00e7\u00f5es mais elevadas ajudar\u00e3o a mitigar os efeitos mais amplos das inunda\u00e7\u00f5es causadas pelas mar\u00e9s e da eleva\u00e7\u00e3o do n\u00edvel do mar.<\/p>\n\t\t<h3>\t\n\tAtualiza\u00e7\u00f5es do Projeto<\/h3>\t\n\t\t\t\t\t\t\t\t<a href=\"#\" id=\"fl-tabs--label-0\" data-index=\"0\" aria-selected=\"true\" aria-controls=\"fl-tabs--panel-0\" aria-expanded=\"true\" role=\"tab\" tabindex=\"0\">\t\t\t\tNOVAS ATUALIZA\u00c7\u00d5ES\t\t\t\t<\/a>\n\t\t\t\t\t\t\t\t<a href=\"#\" id=\"fl-tabs--label-1\" data-index=\"1\" aria-selected=\"false\" aria-controls=\"fl-tabs--panel-1\" aria-expanded=\"false\" role=\"tab\" tabindex=\"0\">\t\t\t\tATUALIZA\u00c7\u00d5ES ANTERIORES\t\t\t\t<\/a>\n\t\t\t\t\t\tNOVAS ATUALIZA\u00c7\u00d5ES\n\t\t\t\t\t\t\t\t\t\t\t<p><a href=\"https:\/\/conta.cc\/44XKt8x\"><strong>Consultoria de Projeto \u2013 22\/09\/23<\/strong><\/a><\/p>\n<p><strong><a href=\"https:\/\/conta.cc\/45KCInD\">Consultoria de Projeto \u2013 9.8.23<\/a><\/strong><\/p>\n<p><a href=\"https:\/\/conta.cc\/3QUqKmz\"><strong>Consultoria de Projeto \u2013 25\/08\/23<\/strong><\/a><\/p>\n<p><strong><a href=\"https:\/\/conta.cc\/3OqjNqC\">Consultoria de Projeto \u2013 8.11.23<\/a><\/strong><\/p>\n<p><strong><a href=\"https:\/\/conta.cc\/455q3Lm\">Consultoria de Projeto \u2013 28\/07\/23<\/a><\/strong><\/p>\n\t\t\t\t\t\tATUALIZA\u00c7\u00d5ES ANTERIORES\n\t\t\t\t\t\t\t\t\t\t\t<p><strong><a href=\"https:\/\/conta.cc\/3XQqSVE\">Consultoria de Projeto \u2013 14\/07\/23<\/a><\/strong><\/p>\n<p><strong><a href=\"https:\/\/conta.cc\/3J6MNSi\">Consultoria de Projeto \u2013 6.9.23<\/a><\/strong><\/p>\n<p><strong><a href=\"https:\/\/conta.cc\/3MsoTSg\">Consultoria de Projeto \u2013 26\/05\/23<\/a><\/strong><\/p>\n<p><strong><a href=\"https:\/\/conta.cc\/3MisuDv\">Consultoria de Projeto \u2013 5.12.23<\/a><\/strong><\/p>\n<p><strong><a href=\"https:\/\/conta.cc\/3KzYLoY\">Consultoria de Projeto \u2013 24\/03\/23<\/a><\/strong><\/p>\n<p><strong><a href=\"https:\/\/conta.cc\/40Xn0m8\">Consultoria de Projeto \u2013 3.3.23<\/a><\/strong><\/p>\n<p><strong><a href=\"https:\/\/conta.cc\/3K6oROR\">Consultoria de Projeto \u2013 17\/02\/23<\/a><\/strong><\/p>\n<p><strong><a href=\"https:\/\/conta.cc\/3zt95bU\">Consultoria de Projeto \u2013 2.1.23<\/a><\/strong><\/p>\n<p><strong><a href=\"https:\/\/conta.cc\/3lZVKEZ\">Consultoria de Projeto \u2013 25\/01\/23<\/a><\/strong><\/p>\n<p><strong><a href=\"https:\/\/conta.cc\/40UOcSu\">Consultoria de Projeto \u2013 1.13.23<\/a><\/strong><\/p>\n<p><strong><a href=\"https:\/\/conta.cc\/3UcCK2r\">Consultoria de Projeto \u2013 1.6.23<\/a><\/strong><\/p>\n<p><strong><a href=\"https:\/\/conta.cc\/3UgsIgP\">Consultoria de Projeto \u2013 16\/12\/22<\/a><\/strong><\/p>\n<p><strong><a href=\"https:\/\/conta.cc\/3K4hlE2\">Consultoria de Projeto \u2013 12.2.22<\/a><\/strong><\/p>\n<p><strong><a href=\"https:\/\/conta.cc\/3m9HOrV\">Consultoria de Projeto \u2013 18\/11\/22<\/a><\/strong><\/p>\n<p><strong><a href=\"https:\/\/conta.cc\/3GcdS5h\">Consultoria de Projeto \u2013 14\/11\/22<\/a><\/strong><\/p>\n<p><strong><a href=\"https:\/\/conta.cc\/411AYDs\">Consultoria de Projeto \u2013 11.4.22<\/a><\/strong><\/p>\n<p><strong><a href=\"https:\/\/conta.cc\/3K7h8A1\">Consultoria de Projeto \u2013 28\/10\/22<\/a><\/strong><\/p>\n<p><strong><a href=\"https:\/\/conta.cc\/3MyuNDd\">Consultoria de Projeto \u2013 21\/10\/22<\/a><\/strong><\/p>\n<p><a href=\"https:\/\/conta.cc\/3MlWdvX\"><strong>Consultoria de Projeto \u2013 14\/10\/22<\/strong><\/a><\/p>\n<p><strong><a href=\"https:\/\/conta.cc\/3UcvpQG\">Consultoria de Projeto \u2013 10.7.22<\/a><\/strong><\/p>\n<p><strong><a href=\"https:\/\/conta.cc\/3UcuDmK\">Consultoria de Projeto \u2013 30\/09\/22<\/a><\/strong><\/p>\n<p><strong><a href=\"https:\/\/conta.cc\/3KzEqA5\">Consultoria de Projeto \u2013 23\/09\/22<\/a><\/strong><\/p>\n<p><strong><a href=\"https:\/\/conta.cc\/3zwGh2b\">Consultoria de Projeto \u2013 16\/09\/22<\/a><\/strong><\/p>\n<p><strong><a href=\"https:\/\/conta.cc\/3Kdbzjk\">Consultoria de Projeto \u2013 9.2.22<\/a><\/strong><\/p>\n<p><strong><a href=\"https:\/\/conta.cc\/40FOcGm\">Consultoria de Projeto \u2013 26\/08\/22<\/a><\/strong><\/p>\n<p><strong><a href=\"https:\/\/conta.cc\/3GfrPzg\">Consultoria de Projeto \u2013 19\/08\/22<\/a><\/strong><\/p>\n<p><strong><a href=\"https:\/\/conta.cc\/3zvB5LV\">Consultoria de Projeto \u2013 8.12.22<\/a><\/strong><\/p>\n<p><strong><a href=\"https:\/\/conta.cc\/3K6iT0p\">Consultoria de Projeto \u2013 8.5.22<\/a><\/strong><\/p>\n<p><strong><a href=\"https:\/\/conta.cc\/40DUpSZ\">Consultoria de Projeto \u2013 29\/07\/22<\/a><\/strong><\/p>\n<p><strong><a href=\"https:\/\/conta.cc\/414qGml\">Consultoria de Projeto \u2013 22\/07\/22<\/a><\/strong><\/p>\n<p><strong><a href=\"https:\/\/conta.cc\/3GhcOwP\">Consultoria de Projeto \u2013 15\/07\/22<\/a><\/strong><\/p>\n<p><strong><a href=\"https:\/\/conta.cc\/42XjABE\">Consultoria de Projeto \u2013 7.8.22<\/a><\/strong><\/p>\n<p><strong><a href=\"https:\/\/conta.cc\/3m54Fom\">Consultoria de Projeto \u2013 7.1.22<\/a><\/strong><\/p>\n<p><strong><a href=\"https:\/\/conta.cc\/435W0Tl\">Consultoria de Projeto \u2013 24\/06\/22<\/a><\/strong><\/p>\n<p><strong><a href=\"https:\/\/conta.cc\/412XagL\">Consultoria de Projeto \u2013 6.10.22<\/a><\/strong><\/p>\n<p><strong><a href=\"https:\/\/conta.cc\/3ZJ4QDH\">Consultoria de Projeto \u2013 6.3.22<\/a><\/strong><\/p>\n<p><strong><a href=\"https:\/\/conta.cc\/40Sqeri\">Consultoria de Projeto \u2013 27\/05\/22<\/a><\/strong><\/p>\n<p><strong><a href=\"https:\/\/conta.cc\/3ztc0RV\">Consultoria de Projeto \u2013 5.12.22<\/a><\/strong><\/p>\n<p><strong><a href=\"https:\/\/conta.cc\/40HBjLQ\">Consultoria de Projeto \u2013 5.6.22<\/a><\/strong><\/p>\n\t\t<h3>\t\n\tPerguntas Frequentes (FAQs)<\/h3>\t\n\t\t\t\t\t<a href=\"#\"  id=\"fl-accordion--label-0\" tabindex=\"0\" aria-controls=\"fl-accordion--panel-0\">Qual \u00e9 o prop\u00f3sito deste projeto?<\/a>\n\t\t\t\t\t\t\t\t\t\t\t<a href=\"#\" id=\"fl-accordion--icon-0\"  tabindex=\"0\"><i title=\"Expandir\">Expandir<\/i><\/a>\n\t\t\t\t\t<p>Os esfor\u00e7os para elevar e substituir trechos de pared\u00f5es s\u00e3o passos para alcan\u00e7ar uma orla mais resiliente para a nossa cidade como um todo. Pared\u00f5es com eleva\u00e7\u00f5es mais elevadas ajudar\u00e3o a mitigar os efeitos mais amplos das inunda\u00e7\u00f5es causadas pelas mar\u00e9s e da eleva\u00e7\u00e3o do n\u00edvel do mar. Enquanto a cidade fornece informa\u00e7\u00f5es e incentivos aos propriet\u00e1rios de im\u00f3veis privados para elevar e substituir seus pared\u00f5es, estamos trabalhando simultaneamente para elevar e substituir os trechos p\u00fablicos do pared\u00e3o em toda a cidade.<\/p>\n\t\t\t\t\t<a href=\"#\"  id=\"fl-accordion--label-1\" tabindex=\"0\" aria-controls=\"fl-accordion--panel-1\">Onde esse projeto ser\u00e1 realizado?<\/a>\n\t\t\t\t\t\t\t\t\t\t\t<a href=\"#\" id=\"fl-accordion--icon-1\"  tabindex=\"0\"><i title=\"Expandir\">Expandir<\/i><\/a>\n\t\t\t\t\t<p>Um novo quebra-mar est\u00e1 sendo constru\u00eddo ao longo da Indian Creek Drive, entre as ruas 41 e 29. A empreiteira iniciou a constru\u00e7\u00e3o perto da Rua 41 e est\u00e1 trabalhando na dire\u00e7\u00e3o sul.<\/p>\n\t\t\t\t\t<a href=\"#\"  id=\"fl-accordion--label-2\" tabindex=\"0\" aria-controls=\"fl-accordion--panel-2\">Qual \u00e9 o cronograma do projeto?<\/a>\n\t\t\t\t\t\t\t\t\t\t\t<a href=\"#\" id=\"fl-accordion--icon-2\"  tabindex=\"0\"><i title=\"Expandir\">Expandir<\/i><\/a>\n\t\t\t\t\t<p>A previs\u00e3o \u00e9 de que esta fase do projeto seja conclu\u00edda no ver\u00e3o de 2023. O hor\u00e1rio de funcionamento da obra \u00e9 das 7h \u00e0s 17h, durante a semana. O hor\u00e1rio estendido est\u00e1 sujeito \u00e0 aprova\u00e7\u00e3o da prefeitura e notifica\u00e7\u00e3o \u00e0 comunidade. Lembre-se de que este cronograma est\u00e1 sujeito a altera\u00e7\u00f5es devido a condi\u00e7\u00f5es clim\u00e1ticas ou imprevistos.<\/p>\n<h3>\n\t\t\tEquipe do Projeto\t<\/h3>\n\t<hr \/>\n<h3><strong>Chefe de departamento<br \/>\nObras p\u00fablicas<\/strong><\/h3>\n<h3><strong>Diretor de Departamento<br \/>\n<\/strong><strong>Joe Gomez, PE<\/strong><\/h3>\n<h3><strong>Engenheiro da Cidade<br \/>\n<\/strong><strong>Cristina Ortega, PE<\/strong><\/h3>\n<h3><strong>Engenheiro de Projetos<br \/>\n<\/strong><strong>Davidson Dalger<\/strong><\/h3>\n<h3><strong>Gerente de Constru\u00e7\u00e3o<br \/>\n<\/strong><strong>Matthew LePera<\/strong><\/h3>\n<hr \/>\n<h3>Liga\u00e7\u00e3o de Informa\u00e7\u00e3o P\u00fablica<br \/>\nHeather M. Leslie<br \/>\n<a href=\"mailto:heather@hmlpublicoutreach.com\">Heather@hmlpublicoutreach.com<\/a><\/h3>\n<h3>Coordenador de Assuntos de Bairro<br \/>\nGabriela Gonzalez<br \/>\n<a href=\"mailto:GabriellaGonzalez@miamibeachfl.gov\">GabriellaGonzalez@miamibeachfl.gov<\/a><\/h3>\n<hr \/>\n<h3>Contratante<br \/>\nFunda\u00e7\u00e3o Shoreline, Inc.<\/h3>\n<h3>Consultor<br \/>\nChrome Engineering, Inc.<\/h3>\n<h3>\n\t\t\tFinanciamento\t<\/h3>\n\t\t<h3>\t\n\tOr\u00e7amento total: $4.344.291,48<\/h3>\t\n<h3>\n\t\t\tStatus do Projeto\t<\/h3>\n\t\t<h3>\t\n\tConstru\u00e7\u00e3o<\/h3>\t\n\t\t\t\t\t95%\t\t\t\t\n<h3>\n\t\t\tLocaliza\u00e7\u00e3o\t<\/h3>\n\t<iframe src=\"https:\/\/www.google.com\/maps\/embed\/v1\/place?q=41+Street+%26+Indian+Creek+Drive%2C+Miami+Beach+FL&#038;key=AIzaSyD09zQ9PNDNNy9TadMuzRV_UsPUoWKntt8\" aria-hidden=\"true\" title=\"Mapa de Indian Creek Drive, Miami Beach\"><\/iframe>\n<h3>\n\t\t\tSolicitar mais informa\u00e7\u00f5es\t<\/h3>\n\t\t<h3>\u00daltima atualiza\u00e7\u00e3o<\/h3><p>Novembro de 2023<\/p>","protected":false},"excerpt":{"rendered":"<p>Projeto de Muro de Conten\u00e7\u00e3o da Indian Creek Drive. A cidade de Miami Beach \u00e9 cercada por 88 quil\u00f4metros de muro de conten\u00e7\u00e3o. Desse espa\u00e7o, [\u2026]<\/p>","protected":false},"author":256,"featured_media":0,"parent":397831,"menu_order":193,"comment_status":"closed","ping_status":"closed","template":"","meta":{"_searchwp_excluded":"","site-sidebar-layout":"default","site-content-layout":"","ast-site-content-layout":"default","site-content-style":"default","site-sidebar-style":"default","ast-global-header-display":"","ast-banner-title-visibility":"","ast-main-header-display":"","ast-hfb-above-header-display":"","ast-hfb-below-header-display":"","ast-hfb-mobile-header-display":"","site-post-title":"","ast-breadcrumbs-content":"","ast-featured-img":"","footer-sml-layout":"","theme-transparent-header-meta":"","adv-header-id-meta":"","stick-header-meta":"","header-above-stick-meta":"","header-main-stick-meta":"","header-below-stick-meta":"","astra-migrate-meta-layouts":"default","ast-page-background-enabled":"default","ast-page-background-meta":{"desktop":{"background-color":"var(--ast-global-color-5)","background-image":"","background-repeat":"repeat","background-position":"center center","background-size":"auto","background-attachment":"scroll","background-type":"","background-media":"","overlay-type":"","overlay-color":"","overlay-opacity":"","overlay-gradient":""},"tablet":{"background-color":"","background-image":"","background-repeat":"repeat","background-position":"center center","background-size":"auto","background-attachment":"scroll","background-type":"","background-media":"","overlay-type":"","overlay-color":"","overlay-opacity":"","overlay-gradient":""},"mobile":{"background-color":"","background-image":"","background-repeat":"repeat","background-position":"center center","background-size":"auto","background-attachment":"scroll","background-type":"","background-media":"","overlay-type":"","overlay-color":"","overlay-opacity":"","overlay-gradient":""}},"ast-content-background-meta":{"desktop":{"background-color":"var(--ast-global-color-4)","background-image":"","background-repeat":"repeat","background-position":"center center","background-size":"auto","background-attachment":"scroll","background-type":"","background-media":"","overlay-type":"","overlay-color":"","overlay-opacity":"","overlay-gradient":""},"tablet":{"background-color":"var(--ast-global-color-4)","background-image":"","background-repeat":"repeat","background-position":"center center","background-size":"auto","background-attachment":"scroll","background-type":"","background-media":"","overlay-type":"","overlay-color":"","overlay-opacity":"","overlay-gradient":""},"mobile":{"background-color":"var(--ast-global-color-4)","background-image":"","background-repeat":"repeat","background-position":"center center","background-size":"auto","background-attachment":"scroll","background-type":"","background-media":"","overlay-type":"","overlay-color":"","overlay-opacity":"","overlay-gradient":""}},"footnotes":""},"categories":[],"tags":[],"class_list":["post-255558","page","type-page","status-publish","hentry"],"yoast_head":"<!-- This site is optimized with the Yoast SEO Premium plugin v26.6 (Yoast SEO v26.6) - https:\/\/yoast.com\/wordpress\/plugins\/seo\/ -->\n<title>Indian Creek Drive Seawall Project - City of Miami Beach<\/title>\n<meta name=\"description\" content=\"%\" \/>\n<meta name=\"robots\" content=\"index, follow, max-snippet:-1, max-image-preview:large, max-video-preview:-1\" \/>\n<link rel=\"canonical\" href=\"https:\/\/www.miamibeachfl.gov\/pt\/projects\/indian-creek-drive-seawall-project\/\" \/>\n<meta property=\"og:locale\" content=\"pt_BR\" \/>\n<meta property=\"og:type\" content=\"article\" \/>\n<meta property=\"og:title\" content=\"Indian Creek Drive Seawall Project\" \/>\n<meta property=\"og:description\" content=\"%\" \/>\n<meta property=\"og:url\" content=\"https:\/\/www.miamibeachfl.gov\/pt\/projects\/indian-creek-drive-seawall-project\/\" \/>\n<meta property=\"og:site_name\" content=\"City of Miami Beach\" \/>\n<meta property=\"article:publisher\" content=\"https:\/\/www.facebook.com\/cityofmiamibeach\" \/>\n<meta property=\"article:modified_time\" content=\"2026-04-01T15:41:26+00:00\" \/>\n<meta property=\"og:image\" content=\"https:\/\/www.miamibeachfl.gov\/wp-content\/uploads\/2024\/01\/1000pxSquare-miamibeach-aerial-southpointview.jpeg\" \/>\n\t<meta property=\"og:image:width\" content=\"1000\" \/>\n\t<meta property=\"og:image:height\" content=\"1000\" \/>\n\t<meta property=\"og:image:type\" content=\"image\/jpeg\" \/>\n<meta name=\"twitter:card\" content=\"summary_large_image\" \/>\n<meta name=\"twitter:site\" content=\"@Miamibeachnews\" \/>\n<script type=\"application\/ld+json\" class=\"yoast-schema-graph\">{\"@context\":\"https:\/\/schema.org\",\"@graph\":[{\"@type\":\"WebPage\",\"@id\":\"https:\/\/www.miamibeachfl.gov\/projects\/indian-creek-drive-seawall-project\/\",\"url\":\"https:\/\/www.miamibeachfl.gov\/projects\/indian-creek-drive-seawall-project\/\",\"name\":\"Indian Creek Drive Seawall Project - City of Miami Beach\",\"isPartOf\":{\"@id\":\"https:\/\/www.miamibeachfl.gov\/#website\"},\"datePublished\":\"2023-04-04T18:05:30+00:00\",\"dateModified\":\"2026-04-01T15:41:26+00:00\",\"description\":\"%\",\"breadcrumb\":{\"@id\":\"https:\/\/www.miamibeachfl.gov\/projects\/indian-creek-drive-seawall-project\/#breadcrumb\"},\"inLanguage\":\"pt-BR\",\"potentialAction\":[{\"@type\":\"ReadAction\",\"target\":[\"https:\/\/www.miamibeachfl.gov\/projects\/indian-creek-drive-seawall-project\/\"]}]},{\"@type\":\"BreadcrumbList\",\"@id\":\"https:\/\/www.miamibeachfl.gov\/projects\/indian-creek-drive-seawall-project\/#breadcrumb\",\"itemListElement\":[{\"@type\":\"ListItem\",\"position\":1,\"name\":\"Home\",\"item\":\"https:\/\/www.miamibeachfl.gov\/\"},{\"@type\":\"ListItem\",\"position\":2,\"name\":\"Projects\",\"item\":\"https:\/\/www.miamibeachfl.gov\/projects\/\"},{\"@type\":\"ListItem\",\"position\":3,\"name\":\"Indian Creek Drive Seawall Project\"}]},{\"@type\":\"WebSite\",\"@id\":\"https:\/\/www.miamibeachfl.gov\/#website\",\"url\":\"https:\/\/www.miamibeachfl.gov\/\",\"name\":\"City of Miami Beach\",\"description\":\"The official website of the City of Miami Beach. Stay informed, find important information on city services, news, alerts, events, trolley routes, government employment and more.\",\"publisher\":{\"@id\":\"https:\/\/www.miamibeachfl.gov\/#organization\"},\"potentialAction\":[{\"@type\":\"SearchAction\",\"target\":{\"@type\":\"EntryPoint\",\"urlTemplate\":\"https:\/\/www.miamibeachfl.gov\/?s={search_term_string}\"},\"query-input\":{\"@type\":\"PropertyValueSpecification\",\"valueRequired\":true,\"valueName\":\"search_term_string\"}}],\"inLanguage\":\"pt-BR\"},{\"@type\":\"Organization\",\"@id\":\"https:\/\/www.miamibeachfl.gov\/#organization\",\"name\":\"City of Miami Beach\",\"url\":\"https:\/\/www.miamibeachfl.gov\/\",\"logo\":{\"@type\":\"ImageObject\",\"inLanguage\":\"pt-BR\",\"@id\":\"https:\/\/www.miamibeachfl.gov\/#\/schema\/logo\/image\/\",\"url\":\"https:\/\/www.miamibeachfl.gov\/wp-content\/uploads\/2022\/06\/miamibeach-logoblue.png\",\"contentUrl\":\"https:\/\/www.miamibeachfl.gov\/wp-content\/uploads\/2022\/06\/miamibeach-logoblue.png\",\"width\":1962,\"height\":381,\"caption\":\"City of Miami Beach\"},\"image\":{\"@id\":\"https:\/\/www.miamibeachfl.gov\/#\/schema\/logo\/image\/\"},\"sameAs\":[\"https:\/\/www.facebook.com\/cityofmiamibeach\",\"https:\/\/x.com\/Miamibeachnews\",\"https:\/\/www.instagram.com\/miamibeachnews\/\"],\"description\":\"The official website of the City of Miami Beach. Stay informed, find important information on city services, news, alerts, events, trolley routes, government employment and more.\",\"telephone\":\"305.604.CITY(2489)\",\"legalName\":\"City of Miami Beach\"}]}<\/script>\n<!-- \/ Yoast SEO Premium plugin. -->","yoast_head_json":{"title":"Projeto de dique da Indian Creek Drive - Cidade de Miami Beach","description":"%","robots":{"index":"index","follow":"follow","max-snippet":"max-snippet:-1","max-image-preview":"max-image-preview:large","max-video-preview":"max-video-preview:-1"},"canonical":"https:\/\/www.miamibeachfl.gov\/pt\/projects\/indian-creek-drive-seawall-project\/","og_locale":"pt_BR","og_type":"article","og_title":"Indian Creek Drive Seawall Project","og_description":"%","og_url":"https:\/\/www.miamibeachfl.gov\/pt\/projects\/indian-creek-drive-seawall-project\/","og_site_name":"City of Miami Beach","article_publisher":"https:\/\/www.facebook.com\/cityofmiamibeach","article_modified_time":"2026-04-01T15:41:26+00:00","og_image":[{"width":1000,"height":1000,"url":"https:\/\/www.miamibeachfl.gov\/wp-content\/uploads\/2024\/01\/1000pxSquare-miamibeach-aerial-southpointview.jpeg","type":"image\/jpeg"}],"twitter_card":"summary_large_image","twitter_site":"@Miamibeachnews","schema":{"@context":"https:\/\/schema.org","@graph":[{"@type":"WebPage","@id":"https:\/\/www.miamibeachfl.gov\/projects\/indian-creek-drive-seawall-project\/","url":"https:\/\/www.miamibeachfl.gov\/projects\/indian-creek-drive-seawall-project\/","name":"Projeto de dique da Indian Creek Drive - Cidade de Miami Beach","isPartOf":{"@id":"https:\/\/www.miamibeachfl.gov\/#website"},"datePublished":"2023-04-04T18:05:30+00:00","dateModified":"2026-04-01T15:41:26+00:00","description":"%","breadcrumb":{"@id":"https:\/\/www.miamibeachfl.gov\/projects\/indian-creek-drive-seawall-project\/#breadcrumb"},"inLanguage":"pt-BR","potentialAction":[{"@type":"ReadAction","target":["https:\/\/www.miamibeachfl.gov\/projects\/indian-creek-drive-seawall-project\/"]}]},{"@type":"BreadcrumbList","@id":"https:\/\/www.miamibeachfl.gov\/projects\/indian-creek-drive-seawall-project\/#breadcrumb","itemListElement":[{"@type":"ListItem","position":1,"name":"Home","item":"https:\/\/www.miamibeachfl.gov\/"},{"@type":"ListItem","position":2,"name":"Projects","item":"https:\/\/www.miamibeachfl.gov\/projects\/"},{"@type":"ListItem","position":3,"name":"Indian Creek Drive Seawall Project"}]},{"@type":"WebSite","@id":"https:\/\/www.miamibeachfl.gov\/#website","url":"https:\/\/www.miamibeachfl.gov\/","name":"Cidade de Miami Beach","description":"Site oficial da cidade de Miami Beach. Mantenha-se informado e encontre informa\u00e7\u00f5es importantes sobre servi\u00e7os municipais, not\u00edcias, alertas, eventos, rotas de bonde, empregos p\u00fablicos e muito mais.","publisher":{"@id":"https:\/\/www.miamibeachfl.gov\/#organization"},"potentialAction":[{"@type":"SearchAction","target":{"@type":"EntryPoint","urlTemplate":"https:\/\/www.miamibeachfl.gov\/?s={search_term_string}"},"query-input":{"@type":"PropertyValueSpecification","valueRequired":true,"valueName":"search_term_string"}}],"inLanguage":"pt-BR"},{"@type":"Organization","@id":"https:\/\/www.miamibeachfl.gov\/#organization","name":"Cidade de Miami Beach","url":"https:\/\/www.miamibeachfl.gov\/","logo":{"@type":"ImageObject","inLanguage":"pt-BR","@id":"https:\/\/www.miamibeachfl.gov\/#\/schema\/logo\/image\/","url":"https:\/\/www.miamibeachfl.gov\/wp-content\/uploads\/2022\/06\/miamibeach-logoblue.png","contentUrl":"https:\/\/www.miamibeachfl.gov\/wp-content\/uploads\/2022\/06\/miamibeach-logoblue.png","width":1962,"height":381,"caption":"City of Miami Beach"},"image":{"@id":"https:\/\/www.miamibeachfl.gov\/#\/schema\/logo\/image\/"},"sameAs":["https:\/\/www.facebook.com\/cityofmiamibeach","https:\/\/x.com\/Miamibeachnews","https:\/\/www.instagram.com\/miamibeachnews\/"],"description":"Site oficial da cidade de Miami Beach. Mantenha-se informado e encontre informa\u00e7\u00f5es importantes sobre servi\u00e7os municipais, not\u00edcias, alertas, eventos, rotas de bonde, empregos p\u00fablicos e muito mais.","telephone":"305.604.CITY(2489)","legalName":"City of Miami Beach"}]}},"_links":{"self":[{"href":"https:\/\/www.miamibeachfl.gov\/pt\/wp-json\/wp\/v2\/pages\/255558","targetHints":{"allow":["GET"]}}],"collection":[{"href":"https:\/\/www.miamibeachfl.gov\/pt\/wp-json\/wp\/v2\/pages"}],"about":[{"href":"https:\/\/www.miamibeachfl.gov\/pt\/wp-json\/wp\/v2\/types\/page"}],"author":[{"embeddable":true,"href":"https:\/\/www.miamibeachfl.gov\/pt\/wp-json\/wp\/v2\/users\/256"}],"replies":[{"embeddable":true,"href":"https:\/\/www.miamibeachfl.gov\/pt\/wp-json\/wp\/v2\/comments?post=255558"}],"version-history":[{"count":0,"href":"https:\/\/www.miamibeachfl.gov\/pt\/wp-json\/wp\/v2\/pages\/255558\/revisions"}],"up":[{"embeddable":true,"href":"https:\/\/www.miamibeachfl.gov\/pt\/wp-json\/wp\/v2\/pages\/397831"}],"wp:attachment":[{"href":"https:\/\/www.miamibeachfl.gov\/pt\/wp-json\/wp\/v2\/media?parent=255558"}],"wp:term":[{"taxonomy":"category","embeddable":true,"href":"https:\/\/www.miamibeachfl.gov\/pt\/wp-json\/wp\/v2\/categories?post=255558"},{"taxonomy":"post_tag","embeddable":true,"href":"https:\/\/www.miamibeachfl.gov\/pt\/wp-json\/wp\/v2\/tags?post=255558"}],"curies":[{"name":"wp","href":"https:\/\/api.w.org\/{rel}","templated":true}]}}