{"id":255740,"date":"2023-04-05T10:01:51","date_gmt":"2023-04-05T14:01:51","guid":{"rendered":"https:\/\/www.miamibeachfl.gov\/?page_id=255740"},"modified":"2025-05-25T17:00:38","modified_gmt":"2025-05-25T21:00:38","slug":"2023-41st-st-business-improvement-district","status":"publish","type":"page","link":"https:\/\/www.miamibeachfl.gov\/pt\/city-hall\/city-clerk\/2023-41st-st-business-improvement-district\/","title":{"rendered":"2023 \u2013 Distrito de Melhoria Empresarial da 41st St"},"content":{"rendered":"<img decoding=\"async\" src=\"https:\/\/www.miamibeachfl.gov\/wp-content\/uploads\/2022\/07\/hero-small.jpg\" alt=\"ocean drive art deco buildings\" itemprop=\"image\" title=\"her\u00f3i-pequeno\" onerror=\"this.style.display='none'\" loading='lazy' \/>\n<h1>\n\t\t\tDistrito de Melhoria Empresarial da 41st St\t<\/h1>\n\t<nav id=\"breadcrumbs\" aria-label=\"Migalhas de p\u00e3o\"><a href=\"https:\/\/www.miamibeachfl.gov\/pt\/\">Lar<\/a> &gt; <a href=\"https:\/\/www.miamibeachfl.gov\/pt\/city-hall\/\">Prefeitura<\/a> &gt; <a href=\"https:\/\/www.miamibeachfl.gov\/pt\/city-hall\/city-clerk\/\">Escriv\u00e3o da cidade<\/a> &gt; <strong>2023 \u2013 Distrito de Melhoria Empresarial da 41st St<\/strong><\/nav>\n\t<ul>\n<li><a href=\"https:\/\/www.miamibeachfl.gov\/wp-content\/uploads\/2023\/07\/Resolution-2023-32715.pdf\">Resolu\u00e7\u00e3o n\u00ba 2023-32715: Uma Resolu\u00e7\u00e3o do Prefeito e da Comiss\u00e3o Municipal da Cidade de Miami Beach, Fl\u00f3rida, aprovando, ap\u00f3s uma Audi\u00eancia P\u00fablica Devidamente Notificada de Acordo com as Se\u00e7\u00f5es 170.07 e 170.08 dos Estatutos da Fl\u00f3rida, a Lista de Avalia\u00e7\u00e3o Final para o Distrito de Avalia\u00e7\u00e3o Especial Conhecido como Distrito de Melhoria Comercial da 41st Street, e confirmando tais avalia\u00e7\u00f5es como garantias legais, v\u00e1lidas e vinculativas sobre a propriedade contra a qual tais avalia\u00e7\u00f5es s\u00e3o feitas at\u00e9 que sejam pagas.<\/a><\/li>\n<li><a href=\"https:\/\/www.miamibeachfl.gov\/wp-content\/uploads\/2023\/07\/Resolution-2023-32630.pdf\">Resolu\u00e7\u00e3o n\u00ba 2023-32630: Uma Resolu\u00e7\u00e3o do Prefeito e da Comiss\u00e3o Municipal da Cidade de Miami Beach, Fl\u00f3rida, Adotando a Certifica\u00e7\u00e3o Eleitoral Oficial da Junta de Apura\u00e7\u00e3o para a Elei\u00e7\u00e3o por Voto Especial pelo Correio Realizada na Cidade de Miami Beach de 5 a 27 de junho de 2023 para Determinar se a Maioria dos Propriet\u00e1rios de Im\u00f3veis Afetados Aprova a Cria\u00e7\u00e3o de um Distrito de Avalia\u00e7\u00e3o Especial a ser Conhecido como Distrito de Melhoria Comercial da Rua 41\u00a0<\/a><\/li>\n<li><a href=\"https:\/\/www.miamibeachfl.gov\/wp-content\/uploads\/2023\/06\/Official-Election-Certification-of-the-Canvassing-Board.pdf\">Certifica\u00e7\u00e3o Eleitoral Oficial do Conselho de Apura\u00e7\u00e3o<\/a><\/li>\n<li><a href=\"https:\/\/www.miamibeachfl.gov\/wp-content\/uploads\/2023\/06\/LTC-291-2023-Official-Election-Certification-of-the-Canvassing-Board-Creation-of-41st-Street-Business-Improvement-District.pdf\">Carta \u00e0 Comiss\u00e3o n\u00ba 291-2023 Certifica\u00e7\u00e3o Eleitoral Oficial da Junta de Apura\u00e7\u00e3o<\/a><\/li>\n<li><a href=\"https:\/\/www.miamibeachfl.gov\/wp-content\/uploads\/2023\/06\/Daily-Ballot-Tracking-Totals-for-Web-June-27-2023-1.pdf\">Acompanhamento di\u00e1rio de votos<\/a><\/li>\n<li><a href=\"https:\/\/www.miamibeachfl.gov\/wp-content\/uploads\/2023\/06\/41st-Street-Notice-BID-Web.pdf\">Aviso de Audi\u00eancia P\u00fablica para Aprova\u00e7\u00e3o da Lista de Avalia\u00e7\u00e3o Final<\/a><\/li>\n<li><a href=\"https:\/\/www.miamibeachfl.gov\/wp-content\/uploads\/2023\/06\/Assessment-Roll-6-22-23.pdf\">Lista de Avalia\u00e7\u00e3o<\/a><\/li>\n<li><a href=\"https:\/\/www.miamibeachfl.gov\/wp-content\/uploads\/2023\/05\/OFFICIAL-BALLOT-REG-RB-KM-LGT.pdf\">C\u00e9dula Oficial<\/a>\u00a0 \/\u00a0 <a href=\"https:\/\/www.miamibeachfl.gov\/wp-content\/uploads\/2023\/05\/BOLETA-OFICIAL-REG-RB-KM-LG.pdf\">Boletim Oficial<\/a><\/li>\n<li><a href=\"https:\/\/www.miamibeachfl.gov\/wp-content\/uploads\/2023\/05\/41BID-06272023-01-NOTICE-VERSION-REG-RB-NK.pdf\">Aviso de elei\u00e7\u00e3o por c\u00e9dula especial de correio para o distrito de melhorias comerciais da 41st Street<\/a><\/li>\n<li><a href=\"https:\/\/www.miamibeachfl.gov\/wp-content\/uploads\/2023\/05\/41BID-06272023-01-ES-AVISO-VERSION-REG-RB-NK-LT.pdf\">Aviso de Elei\u00e7\u00e3o Especial de Voto por Correo para o 41st Street Business Improvement District<\/a><\/li>\n<li><a href=\"https:\/\/www.miamibeachfl.gov\/wp-content\/uploads\/2023\/08\/41BID-Canvassing-Board-AFTER-ACTION-FINAL.pdf\">Reuni\u00e3o do Conselho de Apura\u00e7\u00e3o de 27 de junho de 2023 ap\u00f3s a a\u00e7\u00e3o<\/a><\/li>\n<li><a href=\"https:\/\/www.miamibeachfl.gov\/wp-content\/uploads\/2023\/06\/41BID-Canvassing-Board-Agenda-REG-NK.pdf\">Agenda da Reuni\u00e3o do Conselho de Apura\u00e7\u00e3o de 27 de junho de 2023<\/a><\/li>\n<li><a href=\"https:\/\/www.miamibeachfl.gov\/wp-content\/uploads\/2023\/05\/MOU-Signed-41st-Street-BID.pdf\">Memorando de Entendimento entre Miami Beach e Middle Beach Partnership, Inc.<\/a><\/li>\n<li><a href=\"https:\/\/www.miamibeachfl.gov\/wp-content\/uploads\/2023\/05\/41st-Street-BID-Procedures.pdf\">Procedimentos para elei\u00e7\u00e3o por c\u00e9dula especial de correio do Distrito de Melhoria Comercial da 41st Street<\/a><\/li>\n<li><a href=\"https:\/\/www.miamibeachfl.gov\/wp-content\/uploads\/2023\/05\/B-Methodology-and-Budget-Narrative.pdf\">Metodologia e Narrativa Or\u00e7ament\u00e1ria<\/a><\/li>\n<li><a href=\"https:\/\/www.miamibeachfl.gov\/wp-content\/uploads\/2023\/05\/C-Budget-Year-1.pdf\">Or\u00e7amento proposto para o ano 1<\/a><\/li>\n<li><a href=\"https:\/\/www.miamibeachfl.gov\/wp-content\/uploads\/2023\/05\/Exhibit-D-Assessment-Plat.pdf\">Mapa Distrital Proposto<\/a><\/li>\n<li><a href=\"https:\/\/www.miamibeachfl.gov\/wp-content\/uploads\/2023\/05\/Resolution-2023-32566.pdf\">Resolu\u00e7\u00e3o n\u00ba 2023-32566: Convocar elei\u00e7\u00e3o por c\u00e9dula especial de correio, Distrito de Melhoria Comercial da 41st Street<\/a><\/li>\n<li><a href=\"https:\/\/www.miamibeachfl.gov\/wp-content\/uploads\/2023\/05\/Resolution-2023-32565-1.pdf\">Resolu\u00e7\u00e3o n\u00ba 2023-32565: Executar Memorando de Entendimento, Aprovar Elei\u00e7\u00e3o do Distrito de Melhoria Comercial da 41st Street<\/a><\/li>\n<li><a href=\"https:\/\/www.miamibeachfl.gov\/wp-content\/uploads\/2023\/04\/Resolution-2023-32544.pdf\">Resolu\u00e7\u00e3o n\u00ba 2023-32544: Criar um Distrito de Melhoria Comercial na 41st Street<\/a><\/li>\n<li><a href=\"https:\/\/www.miamibeachfl.gov\/wp-content\/uploads\/2023\/05\/Resolution-2022-32348-10-26-22-Authorize-work-41-ST-BID.pdf\">Resolu\u00e7\u00e3o n\u00ba 2022-32348: Autorizar Trabalho\/Estabelecer Distrito de Avalia\u00e7\u00e3o Especial para a Rua 41<\/a><\/li>\n<\/ul>\n\t\tNavegar para\u2026\t\t\t\n\t\t\t\t\t<ul id=\"menu-city-clerk-main-menu\"><li id=\"menu-item-363744\"><a href=\"\/pt\/city-hall\/city-clerk\/boards-and-committees\/\">Conselhos e Comit\u00eas<\/a><\/li>\n<li id=\"menu-item-363745\"><a href=\"\/pt\/city-hall\/city-clerk\/meetings-and-agendas\/\">Reuni\u00f5es e agendas da cidade de Miami Beach<\/a><\/li>\n<li id=\"menu-item-363746\"><a href=\"\/pt\/city-hall\/city-clerk\/discrimination-in-employment\/\">Discrimina\u00e7\u00e3o no Emprego<\/a><\/li>\n<li id=\"menu-item-363747\"><a href=\"\/pt\/city-hall\/city-clerk\/election-information\/\">Informa\u00e7\u00f5es sobre elei\u00e7\u00f5es<\/a><\/li>\n<li id=\"menu-item-363748\"><a href=\"\/pt\/city-hall\/city-clerk\/forms\/\">Formul\u00e1rios<\/a><\/li>\n<li id=\"menu-item-363749\"><a href=\"\/pt\/city-hall\/city-clerk\/meeting-notices\/\">An\u00fancios Legais e Avisos P\u00fablicos<\/a><\/li>\n<li id=\"menu-item-363750\"><a href=\"\/pt\/city-hall\/city-clerk\/lobbyist-information\/\">Informa\u00e7\u00f5es para lobistas<\/a><\/li>\n<li id=\"menu-item-363751\"><a href=\"\/pt\/city-hall\/city-clerk\/marriage-license\/\">Licen\u00e7a de casamento<\/a><\/li>\n<li id=\"menu-item-363752\"><a href=\"\/pt\/city-hall\/city-clerk\/public-records-request\/\">Registros P\u00fablicos \/ Laserfiche<\/a><\/li>\n<li id=\"menu-item-363753\"><a href=\"\/pt\/city-hall\/city-clerk\/public-records-portal\/\">Portal de Registros P\u00fablicos<\/a><\/li>\n<li id=\"menu-item-363754\"><a href=\"\/pt\/city-hall\/city-clerk\/residents-right-to-know\/\">Direito dos moradores de saber<\/a><\/li>\n<li id=\"menu-item-363755\"><a href=\"\/pt\/city-hall\/city-clerk\/special-magistrate\/\">Magistrado Especial<\/a><\/li>\n<\/ul>\t\n\t<div class=\"page-navigation\"><a class=\"prev-page\" href=\"https:\/\/www.miamibeachfl.gov\/pt\/city-hall\/customer-service-center\/\">\u2190 Central de Atendimento ao Cliente<\/a> <a class=\"next-page\" href=\"https:\/\/www.miamibeachfl.gov\/pt\/city-hall\/cip\/\">Projetos de Melhoria de Capital \u2192<\/a><\/div>","protected":false},"excerpt":{"rendered":"<p>Distrito de Melhoria Comercial da 41st St In\u00edcio &gt; Prefeitura &gt; Secret\u00e1rio Municipal &gt; 2023 \u2013 Distrito de Melhoria Comercial da 41st St [\u2026]<\/p>","protected":false},"author":222,"featured_media":0,"parent":28337,"menu_order":88,"comment_status":"closed","ping_status":"closed","template":"","meta":{"_searchwp_excluded":"","site-sidebar-layout":"default","site-content-layout":"","ast-site-content-layout":"default","site-content-style":"default","site-sidebar-style":"default","ast-global-header-display":"","ast-banner-title-visibility":"","ast-main-header-display":"","ast-hfb-above-header-display":"","ast-hfb-below-header-display":"","ast-hfb-mobile-header-display":"","site-post-title":"","ast-breadcrumbs-content":"","ast-featured-img":"","footer-sml-layout":"","theme-transparent-header-meta":"","adv-header-id-meta":"","stick-header-meta":"","header-above-stick-meta":"","header-main-stick-meta":"","header-below-stick-meta":"","astra-migrate-meta-layouts":"default","ast-page-background-enabled":"default","ast-page-background-meta":{"desktop":{"background-color":"var(--ast-global-color-5)","background-image":"","background-repeat":"repeat","background-position":"center center","background-size":"auto","background-attachment":"scroll","background-type":"","background-media":"","overlay-type":"","overlay-color":"","overlay-opacity":"","overlay-gradient":""},"tablet":{"background-color":"","background-image":"","background-repeat":"repeat","background-position":"center center","background-size":"auto","background-attachment":"scroll","background-type":"","background-media":"","overlay-type":"","overlay-color":"","overlay-opacity":"","overlay-gradient":""},"mobile":{"background-color":"","background-image":"","background-repeat":"repeat","background-position":"center center","background-size":"auto","background-attachment":"scroll","background-type":"","background-media":"","overlay-type":"","overlay-color":"","overlay-opacity":"","overlay-gradient":""}},"ast-content-background-meta":{"desktop":{"background-color":"var(--ast-global-color-4)","background-image":"","background-repeat":"repeat","background-position":"center center","background-size":"auto","background-attachment":"scroll","background-type":"","background-media":"","overlay-type":"","overlay-color":"","overlay-opacity":"","overlay-gradient":""},"tablet":{"background-color":"var(--ast-global-color-4)","background-image":"","background-repeat":"repeat","background-position":"center center","background-size":"auto","background-attachment":"scroll","background-type":"","background-media":"","overlay-type":"","overlay-color":"","overlay-opacity":"","overlay-gradient":""},"mobile":{"background-color":"var(--ast-global-color-4)","background-image":"","background-repeat":"repeat","background-position":"center center","background-size":"auto","background-attachment":"scroll","background-type":"","background-media":"","overlay-type":"","overlay-color":"","overlay-opacity":"","overlay-gradient":""}},"footnotes":""},"categories":[],"tags":[],"class_list":["post-255740","page","type-page","status-publish","hentry"],"yoast_head":"<!-- This site is optimized with the Yoast SEO Premium plugin v26.6 (Yoast SEO v26.6) - https:\/\/yoast.com\/wordpress\/plugins\/seo\/ -->\n<title>2023 - 41st St Business Improvement District - City of Miami Beach<\/title>\n<meta name=\"description\" content=\"The City of Miami Beach election information including voter registration, election demographics, candidate information, etc.\" \/>\n<meta name=\"robots\" content=\"index, follow, max-snippet:-1, max-image-preview:large, max-video-preview:-1\" \/>\n<link rel=\"canonical\" href=\"https:\/\/www.miamibeachfl.gov\/pt\/city-hall\/city-clerk\/2023-41st-st-business-improvement-district\/\" \/>\n<meta property=\"og:locale\" content=\"pt_BR\" \/>\n<meta property=\"og:type\" content=\"article\" \/>\n<meta property=\"og:title\" content=\"2023 - 41st St Business Improvement District\" \/>\n<meta property=\"og:description\" content=\"The City of Miami Beach election information including voter registration, election demographics, candidate information, etc.\" \/>\n<meta property=\"og:url\" content=\"https:\/\/www.miamibeachfl.gov\/pt\/city-hall\/city-clerk\/2023-41st-st-business-improvement-district\/\" \/>\n<meta property=\"og:site_name\" content=\"City of Miami Beach\" \/>\n<meta property=\"article:publisher\" content=\"https:\/\/www.facebook.com\/cityofmiamibeach\" \/>\n<meta property=\"article:modified_time\" content=\"2025-05-25T21:00:38+00:00\" \/>\n<meta property=\"og:image\" content=\"https:\/\/www.miamibeachfl.gov\/wp-content\/uploads\/2022\/07\/hero-small.jpg\" \/>\n<meta name=\"twitter:card\" content=\"summary_large_image\" \/>\n<meta name=\"twitter:site\" content=\"@Miamibeachnews\" \/>\n<script type=\"application\/ld+json\" class=\"yoast-schema-graph\">{\"@context\":\"https:\/\/schema.org\",\"@graph\":[{\"@type\":\"WebPage\",\"@id\":\"https:\/\/www.miamibeachfl.gov\/city-hall\/city-clerk\/2023-41st-st-business-improvement-district\/\",\"url\":\"https:\/\/www.miamibeachfl.gov\/city-hall\/city-clerk\/2023-41st-st-business-improvement-district\/\",\"name\":\"2023 - 41st St Business Improvement District - City of Miami Beach\",\"isPartOf\":{\"@id\":\"https:\/\/www.miamibeachfl.gov\/#website\"},\"primaryImageOfPage\":{\"@id\":\"https:\/\/www.miamibeachfl.gov\/city-hall\/city-clerk\/2023-41st-st-business-improvement-district\/#primaryimage\"},\"image\":{\"@id\":\"https:\/\/www.miamibeachfl.gov\/city-hall\/city-clerk\/2023-41st-st-business-improvement-district\/#primaryimage\"},\"thumbnailUrl\":\"https:\/\/www.miamibeachfl.gov\/wp-content\/uploads\/2022\/07\/hero-small.jpg\",\"datePublished\":\"2023-04-05T14:01:51+00:00\",\"dateModified\":\"2025-05-25T21:00:38+00:00\",\"description\":\"The City of Miami Beach election information including voter registration, election demographics, candidate information, etc.\",\"breadcrumb\":{\"@id\":\"https:\/\/www.miamibeachfl.gov\/city-hall\/city-clerk\/2023-41st-st-business-improvement-district\/#breadcrumb\"},\"inLanguage\":\"pt-BR\",\"potentialAction\":[{\"@type\":\"ReadAction\",\"target\":[\"https:\/\/www.miamibeachfl.gov\/city-hall\/city-clerk\/2023-41st-st-business-improvement-district\/\"]}]},{\"@type\":\"ImageObject\",\"inLanguage\":\"pt-BR\",\"@id\":\"https:\/\/www.miamibeachfl.gov\/city-hall\/city-clerk\/2023-41st-st-business-improvement-district\/#primaryimage\",\"url\":\"https:\/\/www.miamibeachfl.gov\/wp-content\/uploads\/2022\/07\/hero-small.jpg\",\"contentUrl\":\"https:\/\/www.miamibeachfl.gov\/wp-content\/uploads\/2022\/07\/hero-small.jpg\"},{\"@type\":\"BreadcrumbList\",\"@id\":\"https:\/\/www.miamibeachfl.gov\/city-hall\/city-clerk\/2023-41st-st-business-improvement-district\/#breadcrumb\",\"itemListElement\":[{\"@type\":\"ListItem\",\"position\":1,\"name\":\"Home\",\"item\":\"https:\/\/www.miamibeachfl.gov\/\"},{\"@type\":\"ListItem\",\"position\":2,\"name\":\"City Hall\",\"item\":\"https:\/\/www.miamibeachfl.gov\/city-hall\/\"},{\"@type\":\"ListItem\",\"position\":3,\"name\":\"City Clerk\",\"item\":\"https:\/\/www.miamibeachfl.gov\/city-hall\/city-clerk\/\"},{\"@type\":\"ListItem\",\"position\":4,\"name\":\"2023 &#8211; 41st St Business Improvement District\"}]},{\"@type\":\"WebSite\",\"@id\":\"https:\/\/www.miamibeachfl.gov\/#website\",\"url\":\"https:\/\/www.miamibeachfl.gov\/\",\"name\":\"City of Miami Beach\",\"description\":\"The official website of the City of Miami Beach. Stay informed, find important information on city services, news, alerts, events, trolley routes, government employment and more.\",\"publisher\":{\"@id\":\"https:\/\/www.miamibeachfl.gov\/#organization\"},\"potentialAction\":[{\"@type\":\"SearchAction\",\"target\":{\"@type\":\"EntryPoint\",\"urlTemplate\":\"https:\/\/www.miamibeachfl.gov\/?s={search_term_string}\"},\"query-input\":{\"@type\":\"PropertyValueSpecification\",\"valueRequired\":true,\"valueName\":\"search_term_string\"}}],\"inLanguage\":\"pt-BR\"},{\"@type\":\"Organization\",\"@id\":\"https:\/\/www.miamibeachfl.gov\/#organization\",\"name\":\"City of Miami Beach\",\"url\":\"https:\/\/www.miamibeachfl.gov\/\",\"logo\":{\"@type\":\"ImageObject\",\"inLanguage\":\"pt-BR\",\"@id\":\"https:\/\/www.miamibeachfl.gov\/#\/schema\/logo\/image\/\",\"url\":\"https:\/\/www.miamibeachfl.gov\/wp-content\/uploads\/2022\/06\/miamibeach-logoblue.png\",\"contentUrl\":\"https:\/\/www.miamibeachfl.gov\/wp-content\/uploads\/2022\/06\/miamibeach-logoblue.png\",\"width\":1962,\"height\":381,\"caption\":\"City of Miami Beach\"},\"image\":{\"@id\":\"https:\/\/www.miamibeachfl.gov\/#\/schema\/logo\/image\/\"},\"sameAs\":[\"https:\/\/www.facebook.com\/cityofmiamibeach\",\"https:\/\/x.com\/Miamibeachnews\",\"https:\/\/www.instagram.com\/miamibeachnews\/\"],\"description\":\"The official website of the City of Miami Beach. Stay informed, find important information on city services, news, alerts, events, trolley routes, government employment and more.\",\"telephone\":\"305.604.CITY(2489)\",\"legalName\":\"City of Miami Beach\"}]}<\/script>\n<!-- \/ Yoast SEO Premium plugin. -->","yoast_head_json":{"title":"2023 - Distrito de Melhoria Comercial da 41st St - Cidade de Miami Beach","description":"Informa\u00e7\u00f5es eleitorais da cidade de Miami Beach, incluindo registro de eleitores, dados demogr\u00e1ficos das elei\u00e7\u00f5es, informa\u00e7\u00f5es sobre candidatos, etc.","robots":{"index":"index","follow":"follow","max-snippet":"max-snippet:-1","max-image-preview":"max-image-preview:large","max-video-preview":"max-video-preview:-1"},"canonical":"https:\/\/www.miamibeachfl.gov\/pt\/city-hall\/city-clerk\/2023-41st-st-business-improvement-district\/","og_locale":"pt_BR","og_type":"article","og_title":"2023 - 41st St Business Improvement District","og_description":"The City of Miami Beach election information including voter registration, election demographics, candidate information, etc.","og_url":"https:\/\/www.miamibeachfl.gov\/pt\/city-hall\/city-clerk\/2023-41st-st-business-improvement-district\/","og_site_name":"City of Miami Beach","article_publisher":"https:\/\/www.facebook.com\/cityofmiamibeach","article_modified_time":"2025-05-25T21:00:38+00:00","og_image":[{"url":"https:\/\/www.miamibeachfl.gov\/wp-content\/uploads\/2022\/07\/hero-small.jpg","type":"","width":"","height":""}],"twitter_card":"summary_large_image","twitter_site":"@Miamibeachnews","schema":{"@context":"https:\/\/schema.org","@graph":[{"@type":"WebPage","@id":"https:\/\/www.miamibeachfl.gov\/city-hall\/city-clerk\/2023-41st-st-business-improvement-district\/","url":"https:\/\/www.miamibeachfl.gov\/city-hall\/city-clerk\/2023-41st-st-business-improvement-district\/","name":"2023 - Distrito de Melhoria Comercial da 41st St - Cidade de Miami Beach","isPartOf":{"@id":"https:\/\/www.miamibeachfl.gov\/#website"},"primaryImageOfPage":{"@id":"https:\/\/www.miamibeachfl.gov\/city-hall\/city-clerk\/2023-41st-st-business-improvement-district\/#primaryimage"},"image":{"@id":"https:\/\/www.miamibeachfl.gov\/city-hall\/city-clerk\/2023-41st-st-business-improvement-district\/#primaryimage"},"thumbnailUrl":"https:\/\/www.miamibeachfl.gov\/wp-content\/uploads\/2022\/07\/hero-small.jpg","datePublished":"2023-04-05T14:01:51+00:00","dateModified":"2025-05-25T21:00:38+00:00","description":"Informa\u00e7\u00f5es eleitorais da cidade de Miami Beach, incluindo registro de eleitores, dados demogr\u00e1ficos das elei\u00e7\u00f5es, informa\u00e7\u00f5es sobre candidatos, etc.","breadcrumb":{"@id":"https:\/\/www.miamibeachfl.gov\/city-hall\/city-clerk\/2023-41st-st-business-improvement-district\/#breadcrumb"},"inLanguage":"pt-BR","potentialAction":[{"@type":"ReadAction","target":["https:\/\/www.miamibeachfl.gov\/city-hall\/city-clerk\/2023-41st-st-business-improvement-district\/"]}]},{"@type":"ImageObject","inLanguage":"pt-BR","@id":"https:\/\/www.miamibeachfl.gov\/city-hall\/city-clerk\/2023-41st-st-business-improvement-district\/#primaryimage","url":"https:\/\/www.miamibeachfl.gov\/wp-content\/uploads\/2022\/07\/hero-small.jpg","contentUrl":"https:\/\/www.miamibeachfl.gov\/wp-content\/uploads\/2022\/07\/hero-small.jpg"},{"@type":"BreadcrumbList","@id":"https:\/\/www.miamibeachfl.gov\/city-hall\/city-clerk\/2023-41st-st-business-improvement-district\/#breadcrumb","itemListElement":[{"@type":"ListItem","position":1,"name":"Home","item":"https:\/\/www.miamibeachfl.gov\/"},{"@type":"ListItem","position":2,"name":"City Hall","item":"https:\/\/www.miamibeachfl.gov\/city-hall\/"},{"@type":"ListItem","position":3,"name":"City Clerk","item":"https:\/\/www.miamibeachfl.gov\/city-hall\/city-clerk\/"},{"@type":"ListItem","position":4,"name":"2023 &#8211; 41st St Business Improvement District"}]},{"@type":"WebSite","@id":"https:\/\/www.miamibeachfl.gov\/#website","url":"https:\/\/www.miamibeachfl.gov\/","name":"Cidade de Miami Beach","description":"Site oficial da cidade de Miami Beach. Mantenha-se informado e encontre informa\u00e7\u00f5es importantes sobre servi\u00e7os municipais, not\u00edcias, alertas, eventos, rotas de bonde, empregos p\u00fablicos e muito mais.","publisher":{"@id":"https:\/\/www.miamibeachfl.gov\/#organization"},"potentialAction":[{"@type":"SearchAction","target":{"@type":"EntryPoint","urlTemplate":"https:\/\/www.miamibeachfl.gov\/?s={search_term_string}"},"query-input":{"@type":"PropertyValueSpecification","valueRequired":true,"valueName":"search_term_string"}}],"inLanguage":"pt-BR"},{"@type":"Organization","@id":"https:\/\/www.miamibeachfl.gov\/#organization","name":"Cidade de Miami Beach","url":"https:\/\/www.miamibeachfl.gov\/","logo":{"@type":"ImageObject","inLanguage":"pt-BR","@id":"https:\/\/www.miamibeachfl.gov\/#\/schema\/logo\/image\/","url":"https:\/\/www.miamibeachfl.gov\/wp-content\/uploads\/2022\/06\/miamibeach-logoblue.png","contentUrl":"https:\/\/www.miamibeachfl.gov\/wp-content\/uploads\/2022\/06\/miamibeach-logoblue.png","width":1962,"height":381,"caption":"City of Miami Beach"},"image":{"@id":"https:\/\/www.miamibeachfl.gov\/#\/schema\/logo\/image\/"},"sameAs":["https:\/\/www.facebook.com\/cityofmiamibeach","https:\/\/x.com\/Miamibeachnews","https:\/\/www.instagram.com\/miamibeachnews\/"],"description":"Site oficial da cidade de Miami Beach. Mantenha-se informado e encontre informa\u00e7\u00f5es importantes sobre servi\u00e7os municipais, not\u00edcias, alertas, eventos, rotas de bonde, empregos p\u00fablicos e muito mais.","telephone":"305.604.CITY(2489)","legalName":"City of Miami Beach"}]}},"_links":{"self":[{"href":"https:\/\/www.miamibeachfl.gov\/pt\/wp-json\/wp\/v2\/pages\/255740","targetHints":{"allow":["GET"]}}],"collection":[{"href":"https:\/\/www.miamibeachfl.gov\/pt\/wp-json\/wp\/v2\/pages"}],"about":[{"href":"https:\/\/www.miamibeachfl.gov\/pt\/wp-json\/wp\/v2\/types\/page"}],"author":[{"embeddable":true,"href":"https:\/\/www.miamibeachfl.gov\/pt\/wp-json\/wp\/v2\/users\/222"}],"replies":[{"embeddable":true,"href":"https:\/\/www.miamibeachfl.gov\/pt\/wp-json\/wp\/v2\/comments?post=255740"}],"version-history":[{"count":0,"href":"https:\/\/www.miamibeachfl.gov\/pt\/wp-json\/wp\/v2\/pages\/255740\/revisions"}],"up":[{"embeddable":true,"href":"https:\/\/www.miamibeachfl.gov\/pt\/wp-json\/wp\/v2\/pages\/28337"}],"wp:attachment":[{"href":"https:\/\/www.miamibeachfl.gov\/pt\/wp-json\/wp\/v2\/media?parent=255740"}],"wp:term":[{"taxonomy":"category","embeddable":true,"href":"https:\/\/www.miamibeachfl.gov\/pt\/wp-json\/wp\/v2\/categories?post=255740"},{"taxonomy":"post_tag","embeddable":true,"href":"https:\/\/www.miamibeachfl.gov\/pt\/wp-json\/wp\/v2\/tags?post=255740"}],"curies":[{"name":"wp","href":"https:\/\/api.w.org\/{rel}","templated":true}]}}