{"id":257821,"date":"2023-04-17T15:46:30","date_gmt":"2023-04-17T19:46:30","guid":{"rendered":"https:\/\/www.miamibeachfl.gov\/?page_id=257821"},"modified":"2025-05-28T11:21:16","modified_gmt":"2025-05-28T15:21:16","slug":"melissa-berthier","status":"publish","type":"page","link":"https:\/\/www.miamibeachfl.gov\/pt\/city-hall\/communications\/melissa-berthier\/","title":{"rendered":"Melissa Berthier <br><span style=\"font-size:18px\">Diretor de Marketing e Comunica\u00e7\u00f5es<\/span>"},"content":{"rendered":"<h1>\n\t\t\tMelissa Berthier\t<\/h1>\n<h2>\n\t\t\tDiretor\t<\/h2>\nMenu\t\t\t\n\t\t\t\t\t<ul id=\"menu-marketing-and-communications\"><li id=\"menu-item-257918\"><a href=\"\/pt\/city-hall\/communications\/\">Marketing e Comunica\u00e7\u00f5es<\/a><\/li>\n<li id=\"menu-item-257919\"><a href=\"\/pt\/city-hall\/communications\/press-releases\/\">Comunicados de imprensa<\/a><\/li>\n<li id=\"menu-item-257920\"><a href=\"\/pt\/city-hall\/communications\/advertising-rates\/\">Taxas de publicidade<\/a><\/li>\n<li id=\"menu-item-257921\"><a href=\"\/pt\/city-hall\/communications\/subscriptions\/\">Assinaturas<\/a><\/li>\n<li id=\"menu-item-257922\"><a href=\"\/pt\/city-hall\/communications\/logos\/\">Solicitar um logotipo<\/a><\/li>\n<\/ul>\t\nCard\u00e1pio \u00d7\t\t\t\t\t\t<ul id=\"menu-marketing-and-communications-1\"><li id=\"menu-item-257918\"><a href=\"\/pt\/city-hall\/communications\/\">Marketing e Comunica\u00e7\u00f5es<\/a><\/li>\n<li id=\"menu-item-257919\"><a href=\"\/pt\/city-hall\/communications\/press-releases\/\">Comunicados de imprensa<\/a><\/li>\n<li id=\"menu-item-257920\"><a href=\"\/pt\/city-hall\/communications\/advertising-rates\/\">Taxas de publicidade<\/a><\/li>\n<li id=\"menu-item-257921\"><a href=\"\/pt\/city-hall\/communications\/subscriptions\/\">Assinaturas<\/a><\/li>\n<li id=\"menu-item-257922\"><a href=\"\/pt\/city-hall\/communications\/logos\/\">Solicitar um logotipo<\/a><\/li>\n<\/ul>\t\t\t\t\n\t\t\t\t<img decoding=\"async\" src=\"https:\/\/www.miamibeachfl.gov\/wp-content\/uploads\/bb-plugin\/cache\/IMG_1581Cropped-circle.jpg\" alt=\"Melissa Berthier\" title=\"IMG_1581Cortado\" itemprop=\"image\"\/>\n\t<p>A carreira de Melissa Berthier abrange uma variedade de setores, desde organiza\u00e7\u00f5es sem fins lucrativos a revistas, de beleza a transporte p\u00fablico e, nos \u00faltimos 11 anos, governo local.<\/p>\n<p>Berthier come\u00e7ou na cidade de Miami Beach em 2013 e agora atua como diretor de marketing e comunica\u00e7\u00f5es, supervisionando todos os esfor\u00e7os de comunica\u00e7\u00e3o da cidade, incluindo a liga\u00e7\u00e3o di\u00e1ria com a m\u00eddia local e nacional, gerenciando um robusto aparato de m\u00eddia social e supervisionando a produ\u00e7\u00e3o de toda a programa\u00e7\u00e3o de v\u00eddeo, bem como centenas de gr\u00e1ficos originais.<strong>.\u00a0<\/strong>Ela participa ativamente do importante trabalho da Divis\u00e3o de Assuntos de Bairro da cidade e atua como editora-chefe da revista MB, a revista trimestral e bil\u00edngue da ilha urbana que \u00e9 consistentemente classificada como a principal fonte de informa\u00e7\u00f5es para os moradores.<\/p>\n<p>Apaixonada pela cidade que chama de lar, Berthier publicou iniciativas de Miami Beach em todas as principais publica\u00e7\u00f5es nacionais e notici\u00e1rios do hor\u00e1rio nobre. Ela respondeu a alguns dos desafios mais assustadores da cidade \u2013 da COVID-19 ao Zika, da eleva\u00e7\u00e3o do n\u00edvel do mar a furac\u00f5es destrutivos, investiga\u00e7\u00f5es policiais complexas, impasses jur\u00eddicos e a resposta da cidade ao desabamento do edif\u00edcio Surfside.<\/p>\n<p>Berthier iniciou sua carreira em 2004 como membro fundadora da equipe do Congressional Hispanic Leadership Institute \u2013 uma organiza\u00e7\u00e3o sem fins lucrativos com sede em Washington, D.C., fundada por membros da C\u00e2mara e do Senado dos EUA e diversas empresas da Fortune 500. Ap\u00f3s seu trabalho no instituto, Berthier tornou-se gerente de assuntos corporativos da Editorial Televisa e, mais tarde, foi nomeada especialista em marketing da Bluemercury, uma rede varejista de farm\u00e1cias e spas com 100 lojas em Washington, D.C.<\/p>\n<p>Antes de voltar para casa, no sul da Fl\u00f3rida, ela fez uma \u00faltima parada: o metr\u00f4 de DC (Washington Metropolitan Area Transit Authority). Ela foi crucial na prepara\u00e7\u00e3o e execu\u00e7\u00e3o do planejamento de transporte p\u00fablico do metr\u00f4 para a posse presidencial de 2009 e atuou na equipe de crise ap\u00f3s o tr\u00e1gico descarrilamento da Linha Vermelha naquele mesmo ano.<\/p>\n<p>Berthier administra suas muitas responsabilidades enquanto cria duas filhas pequenas com o marido naquela que ela considera a melhor cidade do mundo.<\/p>","protected":false},"excerpt":{"rendered":"<p>Melissa Berthier Director Menu Marketing &#038; Communications Press Releases Advertising Rates Subscriptions Request a Logo Menu \u00d7 Marketing &#038; Communications [&hellip;]<\/p>\n","protected":false},"author":222,"featured_media":323038,"parent":28391,"menu_order":21,"comment_status":"closed","ping_status":"closed","template":"","meta":{"_searchwp_excluded":"","site-sidebar-layout":"default","site-content-layout":"","ast-site-content-layout":"default","site-content-style":"default","site-sidebar-style":"default","ast-global-header-display":"","ast-banner-title-visibility":"","ast-main-header-display":"","ast-hfb-above-header-display":"","ast-hfb-below-header-display":"","ast-hfb-mobile-header-display":"","site-post-title":"","ast-breadcrumbs-content":"","ast-featured-img":"","footer-sml-layout":"","theme-transparent-header-meta":"","adv-header-id-meta":"","stick-header-meta":"","header-above-stick-meta":"","header-main-stick-meta":"","header-below-stick-meta":"","astra-migrate-meta-layouts":"default","ast-page-background-enabled":"default","ast-page-background-meta":{"desktop":{"background-color":"var(--ast-global-color-5)","background-image":"","background-repeat":"repeat","background-position":"center center","background-size":"auto","background-attachment":"scroll","background-type":"","background-media":"","overlay-type":"","overlay-color":"","overlay-opacity":"","overlay-gradient":""},"tablet":{"background-color":"","background-image":"","background-repeat":"repeat","background-position":"center center","background-size":"auto","background-attachment":"scroll","background-type":"","background-media":"","overlay-type":"","overlay-color":"","overlay-opacity":"","overlay-gradient":""},"mobile":{"background-color":"","background-image":"","background-repeat":"repeat","background-position":"center center","background-size":"auto","background-attachment":"scroll","background-type":"","background-media":"","overlay-type":"","overlay-color":"","overlay-opacity":"","overlay-gradient":""}},"ast-content-background-meta":{"desktop":{"background-color":"var(--ast-global-color-4)","background-image":"","background-repeat":"repeat","background-position":"center center","background-size":"auto","background-attachment":"scroll","background-type":"","background-media":"","overlay-type":"","overlay-color":"","overlay-opacity":"","overlay-gradient":""},"tablet":{"background-color":"var(--ast-global-color-4)","background-image":"","background-repeat":"repeat","background-position":"center center","background-size":"auto","background-attachment":"scroll","background-type":"","background-media":"","overlay-type":"","overlay-color":"","overlay-opacity":"","overlay-gradient":""},"mobile":{"background-color":"var(--ast-global-color-4)","background-image":"","background-repeat":"repeat","background-position":"center center","background-size":"auto","background-attachment":"scroll","background-type":"","background-media":"","overlay-type":"","overlay-color":"","overlay-opacity":"","overlay-gradient":""}},"footnotes":""},"categories":[],"tags":[961],"class_list":["post-257821","page","type-page","status-publish","has-post-thumbnail","hentry","tag-staff-city-manager-team"],"yoast_head":"<!-- This site is optimized with the Yoast SEO Premium plugin v27.4 (Yoast SEO v27.4) - https:\/\/yoast.com\/product\/yoast-seo-premium-wordpress\/ -->\n<title>Melissa Berthier Director of Marketing and Communications - City of Miami Beach<\/title>\n<meta name=\"description\" content=\"Melissa Berthier&#039;s career has spanned a variety of industries from nonprofits to magazines, beauty to transit and for the past nine years, local government.\" \/>\n<meta name=\"robots\" content=\"index, follow, max-snippet:-1, max-image-preview:large, max-video-preview:-1\" \/>\n<link rel=\"canonical\" href=\"https:\/\/www.miamibeachfl.gov\/pt\/city-hall\/communications\/melissa-berthier\/\" \/>\n<meta property=\"og:locale\" content=\"pt_BR\" \/>\n<meta property=\"og:type\" content=\"article\" \/>\n<meta property=\"og:title\" content=\"Melissa Berthier Director of Marketing and Communications\" \/>\n<meta property=\"og:description\" content=\"Melissa Berthier&#039;s career has spanned a variety of industries from nonprofits to magazines, beauty to transit and for the past nine years, local government.\" \/>\n<meta property=\"og:url\" content=\"https:\/\/www.miamibeachfl.gov\/pt\/city-hall\/communications\/melissa-berthier\/\" \/>\n<meta property=\"og:site_name\" content=\"City of Miami Beach\" \/>\n<meta property=\"article:publisher\" content=\"https:\/\/www.facebook.com\/cityofmiamibeach\" \/>\n<meta property=\"article:modified_time\" content=\"2025-05-28T15:21:16+00:00\" \/>\n<meta property=\"og:image\" content=\"https:\/\/www.miamibeachfl.gov\/wp-content\/uploads\/2024\/07\/Staff-MelissaBerthier.png\" \/>\n\t<meta property=\"og:image:width\" content=\"250\" \/>\n\t<meta property=\"og:image:height\" content=\"250\" \/>\n\t<meta property=\"og:image:type\" content=\"image\/png\" \/>\n<meta name=\"twitter:card\" content=\"summary_large_image\" \/>\n<meta name=\"twitter:site\" content=\"@Miamibeachnews\" \/>\n<script type=\"application\/ld+json\" class=\"yoast-schema-graph\">{\"@context\":\"https:\\\/\\\/schema.org\",\"@graph\":[{\"@type\":\"WebPage\",\"@id\":\"https:\\\/\\\/www.miamibeachfl.gov\\\/city-hall\\\/communications\\\/melissa-berthier\\\/\",\"url\":\"https:\\\/\\\/www.miamibeachfl.gov\\\/city-hall\\\/communications\\\/melissa-berthier\\\/\",\"name\":\"Melissa Berthier Director of Marketing and Communications - City of Miami Beach\",\"isPartOf\":{\"@id\":\"https:\\\/\\\/www.miamibeachfl.gov\\\/#website\"},\"primaryImageOfPage\":{\"@id\":\"https:\\\/\\\/www.miamibeachfl.gov\\\/city-hall\\\/communications\\\/melissa-berthier\\\/#primaryimage\"},\"image\":{\"@id\":\"https:\\\/\\\/www.miamibeachfl.gov\\\/city-hall\\\/communications\\\/melissa-berthier\\\/#primaryimage\"},\"thumbnailUrl\":\"https:\\\/\\\/www.miamibeachfl.gov\\\/wp-content\\\/uploads\\\/2024\\\/07\\\/Staff-MelissaBerthier.png\",\"datePublished\":\"2023-04-17T19:46:30+00:00\",\"dateModified\":\"2025-05-28T15:21:16+00:00\",\"description\":\"Melissa Berthier's career has spanned a variety of industries from nonprofits to magazines, beauty to transit and for the past nine years, local government.\",\"breadcrumb\":{\"@id\":\"https:\\\/\\\/www.miamibeachfl.gov\\\/city-hall\\\/communications\\\/melissa-berthier\\\/#breadcrumb\"},\"inLanguage\":\"pt-BR\",\"potentialAction\":[{\"@type\":\"ReadAction\",\"target\":[\"https:\\\/\\\/www.miamibeachfl.gov\\\/city-hall\\\/communications\\\/melissa-berthier\\\/\"]}]},{\"@type\":\"ImageObject\",\"inLanguage\":\"pt-BR\",\"@id\":\"https:\\\/\\\/www.miamibeachfl.gov\\\/city-hall\\\/communications\\\/melissa-berthier\\\/#primaryimage\",\"url\":\"https:\\\/\\\/www.miamibeachfl.gov\\\/wp-content\\\/uploads\\\/2024\\\/07\\\/Staff-MelissaBerthier.png\",\"contentUrl\":\"https:\\\/\\\/www.miamibeachfl.gov\\\/wp-content\\\/uploads\\\/2024\\\/07\\\/Staff-MelissaBerthier.png\",\"width\":250,\"height\":250,\"caption\":\"Melissa Berthier\"},{\"@type\":\"BreadcrumbList\",\"@id\":\"https:\\\/\\\/www.miamibeachfl.gov\\\/city-hall\\\/communications\\\/melissa-berthier\\\/#breadcrumb\",\"itemListElement\":[{\"@type\":\"ListItem\",\"position\":1,\"name\":\"Home\",\"item\":\"https:\\\/\\\/www.miamibeachfl.gov\\\/\"},{\"@type\":\"ListItem\",\"position\":2,\"name\":\"City Hall\",\"item\":\"https:\\\/\\\/www.miamibeachfl.gov\\\/city-hall\\\/\"},{\"@type\":\"ListItem\",\"position\":3,\"name\":\"Marketing &#038; Communications\",\"item\":\"https:\\\/\\\/www.miamibeachfl.gov\\\/city-hall\\\/communications\\\/\"},{\"@type\":\"ListItem\",\"position\":4,\"name\":\"Melissa Berthier Director of Marketing and Communications\"}]},{\"@type\":\"WebSite\",\"@id\":\"https:\\\/\\\/www.miamibeachfl.gov\\\/#website\",\"url\":\"https:\\\/\\\/www.miamibeachfl.gov\\\/\",\"name\":\"City of Miami Beach\",\"description\":\"The official website of the City of Miami Beach. Stay informed, find important information on city services, news, alerts, events, trolley routes, government employment and more.\",\"publisher\":{\"@id\":\"https:\\\/\\\/www.miamibeachfl.gov\\\/#organization\"},\"potentialAction\":[{\"@type\":\"SearchAction\",\"target\":{\"@type\":\"EntryPoint\",\"urlTemplate\":\"https:\\\/\\\/www.miamibeachfl.gov\\\/?s={search_term_string}\"},\"query-input\":{\"@type\":\"PropertyValueSpecification\",\"valueRequired\":true,\"valueName\":\"search_term_string\"}}],\"inLanguage\":\"pt-BR\"},{\"@type\":\"Organization\",\"@id\":\"https:\\\/\\\/www.miamibeachfl.gov\\\/#organization\",\"name\":\"City of Miami Beach\",\"url\":\"https:\\\/\\\/www.miamibeachfl.gov\\\/\",\"logo\":{\"@type\":\"ImageObject\",\"inLanguage\":\"pt-BR\",\"@id\":\"https:\\\/\\\/www.miamibeachfl.gov\\\/#\\\/schema\\\/logo\\\/image\\\/\",\"url\":\"https:\\\/\\\/www.miamibeachfl.gov\\\/wp-content\\\/uploads\\\/2022\\\/06\\\/miamibeach-logoblue.png\",\"contentUrl\":\"https:\\\/\\\/www.miamibeachfl.gov\\\/wp-content\\\/uploads\\\/2022\\\/06\\\/miamibeach-logoblue.png\",\"width\":1962,\"height\":381,\"caption\":\"City of Miami Beach\"},\"image\":{\"@id\":\"https:\\\/\\\/www.miamibeachfl.gov\\\/#\\\/schema\\\/logo\\\/image\\\/\"},\"sameAs\":[\"https:\\\/\\\/www.facebook.com\\\/cityofmiamibeach\",\"https:\\\/\\\/x.com\\\/Miamibeachnews\",\"https:\\\/\\\/www.instagram.com\\\/miamibeachnews\\\/\"],\"description\":\"The official website of the City of Miami Beach. Stay informed, find important information on city services, news, alerts, events, trolley routes, government employment and more.\",\"telephone\":\"305.604.CITY(2489)\",\"legalName\":\"City of Miami Beach\"}]}<\/script>\n<!-- \/ Yoast SEO Premium plugin. -->","yoast_head_json":{"title":"Melissa Berthier Diretora de Marketing e Comunica\u00e7\u00f5es - Cidade de Miami Beach","description":"A carreira de Melissa Berthier abrange uma variedade de setores, desde organiza\u00e7\u00f5es sem fins lucrativos a revistas, de beleza a transporte p\u00fablico e, nos \u00faltimos nove anos, governo local.","robots":{"index":"index","follow":"follow","max-snippet":"max-snippet:-1","max-image-preview":"max-image-preview:large","max-video-preview":"max-video-preview:-1"},"canonical":"https:\/\/www.miamibeachfl.gov\/pt\/city-hall\/communications\/melissa-berthier\/","og_locale":"pt_BR","og_type":"article","og_title":"Melissa Berthier Director of Marketing and Communications","og_description":"Melissa Berthier's career has spanned a variety of industries from nonprofits to magazines, beauty to transit and for the past nine years, local government.","og_url":"https:\/\/www.miamibeachfl.gov\/pt\/city-hall\/communications\/melissa-berthier\/","og_site_name":"City of Miami Beach","article_publisher":"https:\/\/www.facebook.com\/cityofmiamibeach","article_modified_time":"2025-05-28T15:21:16+00:00","og_image":[{"width":250,"height":250,"url":"https:\/\/www.miamibeachfl.gov\/wp-content\/uploads\/2024\/07\/Staff-MelissaBerthier.png","type":"image\/png"}],"twitter_card":"summary_large_image","twitter_site":"@Miamibeachnews","schema":{"@context":"https:\/\/schema.org","@graph":[{"@type":"WebPage","@id":"https:\/\/www.miamibeachfl.gov\/city-hall\/communications\/melissa-berthier\/","url":"https:\/\/www.miamibeachfl.gov\/city-hall\/communications\/melissa-berthier\/","name":"Melissa Berthier Diretora de Marketing e Comunica\u00e7\u00f5es - Cidade de Miami Beach","isPartOf":{"@id":"https:\/\/www.miamibeachfl.gov\/#website"},"primaryImageOfPage":{"@id":"https:\/\/www.miamibeachfl.gov\/city-hall\/communications\/melissa-berthier\/#primaryimage"},"image":{"@id":"https:\/\/www.miamibeachfl.gov\/city-hall\/communications\/melissa-berthier\/#primaryimage"},"thumbnailUrl":"https:\/\/www.miamibeachfl.gov\/wp-content\/uploads\/2024\/07\/Staff-MelissaBerthier.png","datePublished":"2023-04-17T19:46:30+00:00","dateModified":"2025-05-28T15:21:16+00:00","description":"A carreira de Melissa Berthier abrange uma variedade de setores, desde organiza\u00e7\u00f5es sem fins lucrativos a revistas, de beleza a transporte p\u00fablico e, nos \u00faltimos nove anos, governo local.","breadcrumb":{"@id":"https:\/\/www.miamibeachfl.gov\/city-hall\/communications\/melissa-berthier\/#breadcrumb"},"inLanguage":"pt-BR","potentialAction":[{"@type":"ReadAction","target":["https:\/\/www.miamibeachfl.gov\/city-hall\/communications\/melissa-berthier\/"]}]},{"@type":"ImageObject","inLanguage":"pt-BR","@id":"https:\/\/www.miamibeachfl.gov\/city-hall\/communications\/melissa-berthier\/#primaryimage","url":"https:\/\/www.miamibeachfl.gov\/wp-content\/uploads\/2024\/07\/Staff-MelissaBerthier.png","contentUrl":"https:\/\/www.miamibeachfl.gov\/wp-content\/uploads\/2024\/07\/Staff-MelissaBerthier.png","width":250,"height":250,"caption":"Melissa Berthier"},{"@type":"BreadcrumbList","@id":"https:\/\/www.miamibeachfl.gov\/city-hall\/communications\/melissa-berthier\/#breadcrumb","itemListElement":[{"@type":"ListItem","position":1,"name":"Home","item":"https:\/\/www.miamibeachfl.gov\/"},{"@type":"ListItem","position":2,"name":"City Hall","item":"https:\/\/www.miamibeachfl.gov\/city-hall\/"},{"@type":"ListItem","position":3,"name":"Marketing &#038; Communications","item":"https:\/\/www.miamibeachfl.gov\/city-hall\/communications\/"},{"@type":"ListItem","position":4,"name":"Melissa Berthier Director of Marketing and Communications"}]},{"@type":"WebSite","@id":"https:\/\/www.miamibeachfl.gov\/#website","url":"https:\/\/www.miamibeachfl.gov\/","name":"Cidade de Miami Beach","description":"Site oficial da cidade de Miami Beach. Mantenha-se informado e encontre informa\u00e7\u00f5es importantes sobre servi\u00e7os municipais, not\u00edcias, alertas, eventos, rotas de bonde, empregos p\u00fablicos e muito mais.","publisher":{"@id":"https:\/\/www.miamibeachfl.gov\/#organization"},"potentialAction":[{"@type":"SearchAction","target":{"@type":"EntryPoint","urlTemplate":"https:\/\/www.miamibeachfl.gov\/?s={search_term_string}"},"query-input":{"@type":"PropertyValueSpecification","valueRequired":true,"valueName":"search_term_string"}}],"inLanguage":"pt-BR"},{"@type":"Organization","@id":"https:\/\/www.miamibeachfl.gov\/#organization","name":"Cidade de Miami Beach","url":"https:\/\/www.miamibeachfl.gov\/","logo":{"@type":"ImageObject","inLanguage":"pt-BR","@id":"https:\/\/www.miamibeachfl.gov\/#\/schema\/logo\/image\/","url":"https:\/\/www.miamibeachfl.gov\/wp-content\/uploads\/2022\/06\/miamibeach-logoblue.png","contentUrl":"https:\/\/www.miamibeachfl.gov\/wp-content\/uploads\/2022\/06\/miamibeach-logoblue.png","width":1962,"height":381,"caption":"City of Miami Beach"},"image":{"@id":"https:\/\/www.miamibeachfl.gov\/#\/schema\/logo\/image\/"},"sameAs":["https:\/\/www.facebook.com\/cityofmiamibeach","https:\/\/x.com\/Miamibeachnews","https:\/\/www.instagram.com\/miamibeachnews\/"],"description":"Site oficial da cidade de Miami Beach. Mantenha-se informado e encontre informa\u00e7\u00f5es importantes sobre servi\u00e7os municipais, not\u00edcias, alertas, eventos, rotas de bonde, empregos p\u00fablicos e muito mais.","telephone":"305.604.CITY(2489)","legalName":"City of Miami Beach"}]}},"_links":{"self":[{"href":"https:\/\/www.miamibeachfl.gov\/pt\/wp-json\/wp\/v2\/pages\/257821","targetHints":{"allow":["GET"]}}],"collection":[{"href":"https:\/\/www.miamibeachfl.gov\/pt\/wp-json\/wp\/v2\/pages"}],"about":[{"href":"https:\/\/www.miamibeachfl.gov\/pt\/wp-json\/wp\/v2\/types\/page"}],"author":[{"embeddable":true,"href":"https:\/\/www.miamibeachfl.gov\/pt\/wp-json\/wp\/v2\/users\/222"}],"replies":[{"embeddable":true,"href":"https:\/\/www.miamibeachfl.gov\/pt\/wp-json\/wp\/v2\/comments?post=257821"}],"version-history":[{"count":0,"href":"https:\/\/www.miamibeachfl.gov\/pt\/wp-json\/wp\/v2\/pages\/257821\/revisions"}],"up":[{"embeddable":true,"href":"https:\/\/www.miamibeachfl.gov\/pt\/wp-json\/wp\/v2\/pages\/28391"}],"wp:featuredmedia":[{"embeddable":true,"href":"https:\/\/www.miamibeachfl.gov\/pt\/wp-json\/wp\/v2\/media\/323038"}],"wp:attachment":[{"href":"https:\/\/www.miamibeachfl.gov\/pt\/wp-json\/wp\/v2\/media?parent=257821"}],"wp:term":[{"taxonomy":"category","embeddable":true,"href":"https:\/\/www.miamibeachfl.gov\/pt\/wp-json\/wp\/v2\/categories?post=257821"},{"taxonomy":"post_tag","embeddable":true,"href":"https:\/\/www.miamibeachfl.gov\/pt\/wp-json\/wp\/v2\/tags?post=257821"}],"curies":[{"name":"wp","href":"https:\/\/api.w.org\/{rel}","templated":true}]}}