{"id":258303,"date":"2023-04-20T12:11:58","date_gmt":"2023-04-20T16:11:58","guid":{"rendered":"https:\/\/www.miamibeachfl.gov\/?page_id=258303"},"modified":"2026-04-14T15:57:22","modified_gmt":"2026-04-14T19:57:22","slug":"homeowner-and-neighborhood-registry","status":"publish","type":"page","link":"https:\/\/www.miamibeachfl.gov\/pt\/residents\/neighborhood-associations\/homeowner-and-neighborhood-registry\/","title":{"rendered":"Registro de Propriet\u00e1rios e Bairros"},"content":{"rendered":"<h1>\n\t\t\tRegistro de Propriet\u00e1rios e Bairros\t<\/h1>\nCard\u00e1pio para Residentes\t\t\t\n\t\t\t\t\t<ul id=\"menu-residents\"><li id=\"menu-item-258178\"><a href=\"\/pt\/residents\/\">Moradores<\/a><\/li>\n<li id=\"menu-item-259185\"><a href=\"\/pt\/neighborhood-associations\/\">Associa\u00e7\u00f5es de bairros e condom\u00ednios<\/a><\/li>\n<li id=\"menu-item-258180\"><a href=\"\/pt\/residents\/neighborhood-affairs-division\/\">Assuntos de Bairro<\/a><\/li>\n<li id=\"menu-item-258181\"><a href=\"\/pt\/community-events-and-perks\/\">Vantagens e descontos<\/a><\/li>\n<li id=\"menu-item-258182\"><a href=\"\/pt\/animal-control\/\">Cuidado e controle de animais<\/a><\/li>\n<li id=\"menu-item-258183\"><a href=\"\/pt\/city-hall\/cip\/active-projects\/\">Projetos Ativos<\/a><\/li>\n<li id=\"menu-item-281156\" aria-haspopup=\"true\"><a aria-expanded=\"false\" href=\"\/pt\/engagementtoolbox\/\">Fique conectado<\/a>\n<ul>\n\t<li id=\"menu-item-396190\"><a href=\"\/pt\/residents\/resident-guide\/#importantnumbers\">N\u00fameros importantes<\/a><\/li>\n<\/ul>\n<\/li>\n<\/ul>\t\nMenu para Residentes \u00d7\t\t\t\t\t\t<ul id=\"menu-residents-1\"><li id=\"menu-item-258178\"><a href=\"\/pt\/residents\/\">Moradores<\/a><\/li>\n<li id=\"menu-item-259185\"><a href=\"\/pt\/neighborhood-associations\/\">Associa\u00e7\u00f5es de bairros e condom\u00ednios<\/a><\/li>\n<li id=\"menu-item-258180\"><a href=\"\/pt\/residents\/neighborhood-affairs-division\/\">Assuntos de Bairro<\/a><\/li>\n<li id=\"menu-item-258181\"><a href=\"\/pt\/community-events-and-perks\/\">Vantagens e descontos<\/a><\/li>\n<li id=\"menu-item-258182\"><a href=\"\/pt\/animal-control\/\">Cuidado e controle de animais<\/a><\/li>\n<li id=\"menu-item-258183\"><a href=\"\/pt\/city-hall\/cip\/active-projects\/\">Projetos Ativos<\/a><\/li>\n<li id=\"menu-item-281156\" aria-haspopup=\"true\"><a aria-expanded=\"false\" href=\"\/pt\/engagementtoolbox\/\">Fique conectado<\/a>\n<ul>\n\t<li id=\"menu-item-396190\"><a href=\"\/pt\/residents\/resident-guide\/#importantnumbers\">N\u00fameros importantes<\/a><\/li>\n<\/ul>\n<\/li>\n<\/ul>\t\t\t\t\n\t<div class=\"wpforms-container wpforms-container-full\" id=\"wpforms-258290\"><form id=\"wpforms-form-258290\" class=\"wpforms-validate wpforms-form wpforms-ajax-form\" data-formid=\"258290\" method=\"post\" enctype=\"multipart\/form-data\" action=\"\/pt\/wp-json\/wp\/v2\/pages\/258303\" data-token=\"f8167a6300a67b59084e7061d03a350c\" data-token-time=\"1776615569\" data-trp-original-action=\"\/pt\/wp-json\/wp\/v2\/pages\/258303\"><noscript class=\"wpforms-error-noscript\">Ativo o JavaScript no seu navegador para preencher este formul\u00e1rio.<\/noscript><div class=\"wpforms-field-container\"><div id=\"wpforms-258290-field_6-container\" class=\"wpforms-field wpforms-field-content\" data-field-id=\"6\"><div id=\"wpforms-258290-field_6\" class=\"wpforms-field-medium wpforms-field-row\"><h5><span style=\"color:#004896\">Informa\u00e7\u00f5es da Associa\u00e7\u00e3o:<\/span><\/h5>\n<div class=\"wpforms-field-content-display-frontend-clear\"><\/div><\/div><\/div><div id=\"wpforms-258290-field_8-container\" class=\"wpforms-field wpforms-field-layout\" data-field-id=\"8\"><div class=\"wpforms-field-layout-columns wpforms-field-layout-preset-67-33\"><div class=\"wpforms-layout-column wpforms-layout-column-67\" ><div id=\"wpforms-258290-field_7-container\" class=\"wpforms-field wpforms-field-text\" data-field-id=\"7\"><label class=\"wpforms-field-label\" for=\"wpforms-258290-field_7\">Nome da Associa\u00e7\u00e3o: <span class=\"wpforms-required-label\">*<\/span><\/label><input type=\"text\" id=\"wpforms-258290-field_7\" class=\"wpforms-field-medium wpforms-field-required\" name=\"wpforms[fields][7]\" required><\/div><\/div><div class=\"wpforms-layout-column wpforms-layout-column-33\" ><div id=\"wpforms-258290-field_9-container\" class=\"wpforms-field wpforms-field-select wpforms-field-select-style-classic\" data-field-id=\"9\"><label class=\"wpforms-field-label\" for=\"wpforms-258290-field_9\">Tipo de Associa\u00e7\u00e3o: <span class=\"wpforms-required-label\">*<\/span><\/label><select id=\"wpforms-258290-field_9\" class=\"wpforms-field-medium wpforms-field-required\" name=\"wpforms[fields][9]\" required=\"required\"><option value=\"Homeowners (HOA)\"  class=\"choice-1 depth-1\"  >Propriet\u00e1rios de im\u00f3veis (HOA)<\/option><option value=\"Neighborhood Association\"  class=\"choice-2 depth-1\"  >Associa\u00e7\u00e3o de Bairro<\/option><option value=\"Community Group\"  class=\"choice-3 depth-1\"  >Grupo Comunit\u00e1rio<\/option><\/select><\/div><\/div><\/div><\/div><div id=\"wpforms-258290-field_21-container\" class=\"wpforms-field wpforms-field-layout\" data-field-id=\"21\"><div class=\"wpforms-field-layout-columns wpforms-field-layout-preset-67-33\"><div class=\"wpforms-layout-column wpforms-layout-column-67\" ><div id=\"wpforms-258290-field_0-container\" class=\"wpforms-field wpforms-field-name\" data-field-id=\"0\"><label class=\"wpforms-field-label\">Nome do ponto de contato principal: <span class=\"wpforms-required-label\">*<\/span><\/label><div class=\"wpforms-field-row wpforms-field-medium\"><div class=\"wpforms-field-row-block wpforms-first wpforms-one-half\"><input type=\"text\" id=\"wpforms-258290-field_0\" class=\"wpforms-field-name-first wpforms-field-required\" name=\"wpforms[fields][0][first]\" required><label for=\"wpforms-258290-field_0\" class=\"wpforms-field-sublabel after\">Nome<\/label><\/div><div class=\"wpforms-field-row-block wpforms-one-half\"><input type=\"text\" id=\"wpforms-258290-field_0-last\" class=\"wpforms-field-name-last wpforms-field-required\" name=\"wpforms[fields][0][last]\" required><label for=\"wpforms-258290-field_0-last\" class=\"wpforms-field-sublabel after\">Sobrenome<\/label><\/div><\/div><\/div><\/div><div class=\"wpforms-layout-column wpforms-layout-column-33\" ><div id=\"wpforms-258290-field_10-container\" class=\"wpforms-field wpforms-field-text\" data-field-id=\"10\"><label class=\"wpforms-field-label\" for=\"wpforms-258290-field_10\">\u00c1rea geogr\u00e1fica representada:<\/label><input type=\"text\" id=\"wpforms-258290-field_10\" class=\"wpforms-field-medium\" name=\"wpforms[fields][10]\" ><\/div><\/div><\/div><\/div><div id=\"wpforms-258290-field_11-container\" class=\"wpforms-field wpforms-field-layout\" data-field-id=\"11\"><div class=\"wpforms-field-layout-columns wpforms-field-layout-preset-50-50\"><div class=\"wpforms-layout-column wpforms-layout-column-50\" ><div id=\"wpforms-258290-field_12-container\" class=\"wpforms-field wpforms-field-number\" data-field-id=\"12\"><label class=\"wpforms-field-label\" for=\"wpforms-258290-field_12\">N\u00famero do ponto de contato principal:<\/label><input type=\"number\" id=\"wpforms-258290-field_12\" class=\"wpforms-field-medium\" name=\"wpforms[fields][12]\" step=\"any\" ><\/div><\/div><div class=\"wpforms-layout-column wpforms-layout-column-50\" ><div id=\"wpforms-258290-field_1-container\" class=\"wpforms-field wpforms-field-email\" data-field-id=\"1\"><label class=\"wpforms-field-label\" for=\"wpforms-258290-field_1\">E-mail do ponto de contato principal: <span class=\"wpforms-required-label\">*<\/span><\/label><input type=\"email\" id=\"wpforms-258290-field_1\" class=\"wpforms-field-medium wpforms-field-required\" name=\"wpforms[fields][1]\" spellcheck=\"false\" required><\/div><\/div><\/div><\/div><div id=\"wpforms-258290-field_13-container\" class=\"wpforms-field wpforms-field-layout\" data-field-id=\"13\"><div class=\"wpforms-field-layout-columns wpforms-field-layout-preset-50-50\"><div class=\"wpforms-layout-column wpforms-layout-column-50\" ><div id=\"wpforms-258290-field_14-container\" class=\"wpforms-field wpforms-field-email\" data-field-id=\"14\"><label class=\"wpforms-field-label\" for=\"wpforms-258290-field_14\">E-mail da Associa\u00e7\u00e3o:<\/label><input type=\"email\" id=\"wpforms-258290-field_14\" class=\"wpforms-field-medium\" name=\"wpforms[fields][14]\" spellcheck=\"false\" ><\/div><\/div><div class=\"wpforms-layout-column wpforms-layout-column-50\" ><div id=\"wpforms-258290-field_15-container\" class=\"wpforms-field wpforms-field-url\" data-field-id=\"15\"><label class=\"wpforms-field-label\" for=\"wpforms-258290-field_15\">Site da Associa\u00e7\u00e3o \/ URL:<\/label><input type=\"url\" id=\"wpforms-258290-field_15\" class=\"wpforms-field-medium\" name=\"wpforms[fields][15]\" ><\/div><\/div><\/div><\/div><div id=\"wpforms-258290-field_22-container\" class=\"wpforms-field wpforms-field-layout\" data-field-id=\"22\"><div class=\"wpforms-field-layout-columns wpforms-field-layout-preset-25-25-50\"><div class=\"wpforms-layout-column wpforms-layout-column-25\" ><div id=\"wpforms-258290-field_16-container\" class=\"wpforms-field wpforms-field-date-time\" data-field-id=\"16\"><label class=\"wpforms-field-label\" for=\"wpforms-258290-field_16\">Data de cria\u00e7\u00e3o:<\/label><div class=\"wpforms-datepicker-wrap\"><input type=\"text\" id=\"wpforms-258290-field_16\" class=\"wpforms-field-date-time-date wpforms-datepicker wpforms-field-medium\" data-date-format=\"m\/d\/Y\" data-disable-past-dates=\"0\" data-input=\"true\" name=\"wpforms[fields][16][date]\" ><a title=\"Data de limpeza\" data-clear role=\"button\" tabindex=\"0\" class=\"wpforms-datepicker-clear\" aria-label=\"Data de limpeza\" style=\"display:none;\"><\/a><\/div><\/div><\/div><div class=\"wpforms-layout-column wpforms-layout-column-25\" ><div id=\"wpforms-258290-field_20-container\" class=\"wpforms-field wpforms-field-number\" data-field-id=\"20\"><label class=\"wpforms-field-label\" for=\"wpforms-258290-field_20\">N\u00famero de membros<\/label><input type=\"number\" id=\"wpforms-258290-field_20\" class=\"wpforms-field-medium\" name=\"wpforms[fields][20]\" step=\"any\" ><\/div><\/div><div class=\"wpforms-layout-column wpforms-layout-column-50\" ><div id=\"wpforms-258290-field_19-container\" class=\"wpforms-field wpforms-field-select wpforms-field-select-style-classic\" data-field-id=\"19\"><label class=\"wpforms-field-label\" for=\"wpforms-258290-field_19\">A Associa\u00e7\u00e3o tem um boletim informativo?<\/label><select id=\"wpforms-258290-field_19\" class=\"wpforms-field-medium\" name=\"wpforms[fields][19]\"><option value=\"Yes\"  class=\"choice-1 depth-1\"  >Sim<\/option><option value=\"No\"  class=\"choice-2 depth-1\"  >N\u00e3o<\/option><\/select><\/div><\/div><\/div><\/div><\/div><!-- .wpforms-field-container --><div class=\"wpforms-recaptcha-container wpforms-is-recaptcha wpforms-is-recaptcha-type-v2\" ><div class=\"g-recaptcha\" data-sitekey=\"6Lcwxc4pAAAAAKPjNaeWluTmul42T6sdKruYO3BQ\"><\/div><input type=\"text\" name=\"g-recaptcha-hidden\" class=\"wpforms-recaptcha-hidden\" style=\"position:absolute!important;clip:rect(0,0,0,0)!important;height:1px!important;width:1px!important;border:0!important;overflow:hidden!important;padding:0!important;margin:0!important;\" data-rule-recaptcha=\"1\"><\/div><div class=\"wpforms-submit-container\" ><input type=\"hidden\" name=\"wpforms[id]\" value=\"258290\"><input type=\"hidden\" name=\"page_title\" value=\"\"><input type=\"hidden\" name=\"page_url\" value=\"https:\/\/www.miamibeachfl.gov\/pt\/wp-json\/wp\/v2\/pages\/258303\"><input type=\"hidden\" name=\"url_referer\" value=\"\"><button type=\"submit\" name=\"wpforms[submit]\" id=\"wpforms-submit-258290\" class=\"wpforms-submit\" data-alt-text=\"Sending...\" data-submit-text=\"Submit\" aria-live=\"assertive\" value=\"wpforms-submit\">Enviar<\/button><img loading=\"lazy\" decoding=\"async\" src=\"https:\/\/www.miamibeachfl.gov\/wp-content\/plugins\/wpforms\/assets\/images\/submit-spin.svg\" class=\"wpforms-submit-spinner\" style=\"display: none;\" width=\"26\" height=\"26\" alt=\"Carregando\"><\/div><input type=\"hidden\" name=\"trp-form-language\" value=\"pt\"\/><\/form><\/div>  <!-- .wpforms-container -->","protected":false},"excerpt":{"rendered":"<p>Homeowner &#038; Neighborhood Registry Residents Menu Residents Neighborhood &#038; Condo Associations Neighborhood Affairs Perks &#038; Discounts Animal Care &#038; Control [&hellip;]<\/p>","protected":false},"author":222,"featured_media":0,"parent":234087,"menu_order":0,"comment_status":"closed","ping_status":"closed","template":"","meta":{"_searchwp_excluded":"","site-sidebar-layout":"default","site-content-layout":"","ast-site-content-layout":"default","site-content-style":"default","site-sidebar-style":"default","ast-global-header-display":"","ast-banner-title-visibility":"","ast-main-header-display":"","ast-hfb-above-header-display":"","ast-hfb-below-header-display":"","ast-hfb-mobile-header-display":"","site-post-title":"","ast-breadcrumbs-content":"","ast-featured-img":"","footer-sml-layout":"","theme-transparent-header-meta":"","adv-header-id-meta":"","stick-header-meta":"","header-above-stick-meta":"","header-main-stick-meta":"","header-below-stick-meta":"","astra-migrate-meta-layouts":"default","ast-page-background-enabled":"default","ast-page-background-meta":{"desktop":{"background-color":"var(--ast-global-color-5)","background-image":"","background-repeat":"repeat","background-position":"center center","background-size":"auto","background-attachment":"scroll","background-type":"","background-media":"","overlay-type":"","overlay-color":"","overlay-opacity":"","overlay-gradient":""},"tablet":{"background-color":"","background-image":"","background-repeat":"repeat","background-position":"center center","background-size":"auto","background-attachment":"scroll","background-type":"","background-media":"","overlay-type":"","overlay-color":"","overlay-opacity":"","overlay-gradient":""},"mobile":{"background-color":"","background-image":"","background-repeat":"repeat","background-position":"center center","background-size":"auto","background-attachment":"scroll","background-type":"","background-media":"","overlay-type":"","overlay-color":"","overlay-opacity":"","overlay-gradient":""}},"ast-content-background-meta":{"desktop":{"background-color":"var(--ast-global-color-4)","background-image":"","background-repeat":"repeat","background-position":"center center","background-size":"auto","background-attachment":"scroll","background-type":"","background-media":"","overlay-type":"","overlay-color":"","overlay-opacity":"","overlay-gradient":""},"tablet":{"background-color":"var(--ast-global-color-4)","background-image":"","background-repeat":"repeat","background-position":"center center","background-size":"auto","background-attachment":"scroll","background-type":"","background-media":"","overlay-type":"","overlay-color":"","overlay-opacity":"","overlay-gradient":""},"mobile":{"background-color":"var(--ast-global-color-4)","background-image":"","background-repeat":"repeat","background-position":"center center","background-size":"auto","background-attachment":"scroll","background-type":"","background-media":"","overlay-type":"","overlay-color":"","overlay-opacity":"","overlay-gradient":""}},"footnotes":""},"categories":[],"tags":[],"class_list":["post-258303","page","type-page","status-publish","hentry"],"yoast_head":"<!-- This site is optimized with the Yoast SEO Premium plugin v26.6 (Yoast SEO v26.6) - https:\/\/yoast.com\/wordpress\/plugins\/seo\/ -->\n<title>Homeowner and Neighborhood Registry - City of Miami Beach<\/title>\n<meta name=\"description\" content=\"Register your Homeowner and Neighborhood Associations with the City of Miami Beach.\" \/>\n<meta name=\"robots\" content=\"index, follow, max-snippet:-1, max-image-preview:large, max-video-preview:-1\" \/>\n<link rel=\"canonical\" href=\"https:\/\/www.miamibeachfl.gov\/pt\/residents\/neighborhood-associations\/homeowner-and-neighborhood-registry\/\" \/>\n<meta property=\"og:locale\" content=\"pt_BR\" \/>\n<meta property=\"og:type\" content=\"article\" \/>\n<meta property=\"og:title\" content=\"Homeowner and Neighborhood Registry\" \/>\n<meta property=\"og:description\" content=\"Register your Homeowner and Neighborhood Associations with the City of Miami Beach.\" \/>\n<meta property=\"og:url\" content=\"https:\/\/www.miamibeachfl.gov\/pt\/residents\/neighborhood-associations\/homeowner-and-neighborhood-registry\/\" \/>\n<meta property=\"og:site_name\" content=\"City of Miami Beach\" \/>\n<meta property=\"article:publisher\" content=\"https:\/\/www.facebook.com\/cityofmiamibeach\" \/>\n<meta property=\"article:modified_time\" content=\"2026-04-14T19:57:22+00:00\" \/>\n<meta property=\"og:image\" content=\"https:\/\/www.miamibeachfl.gov\/wp-content\/uploads\/2024\/01\/1000pxSquare-miamibeach-aerial-southpointview.jpeg\" \/>\n\t<meta property=\"og:image:width\" content=\"1000\" \/>\n\t<meta property=\"og:image:height\" content=\"1000\" \/>\n\t<meta property=\"og:image:type\" content=\"image\/jpeg\" \/>\n<meta name=\"twitter:card\" content=\"summary_large_image\" \/>\n<meta name=\"twitter:site\" content=\"@Miamibeachnews\" \/>\n<script type=\"application\/ld+json\" class=\"yoast-schema-graph\">{\"@context\":\"https:\/\/schema.org\",\"@graph\":[{\"@type\":\"WebPage\",\"@id\":\"https:\/\/www.miamibeachfl.gov\/residents\/neighborhood-associations\/homeowner-and-neighborhood-registry\/\",\"url\":\"https:\/\/www.miamibeachfl.gov\/residents\/neighborhood-associations\/homeowner-and-neighborhood-registry\/\",\"name\":\"Homeowner and Neighborhood Registry - City of Miami Beach\",\"isPartOf\":{\"@id\":\"https:\/\/www.miamibeachfl.gov\/#website\"},\"datePublished\":\"2023-04-20T16:11:58+00:00\",\"dateModified\":\"2026-04-14T19:57:22+00:00\",\"description\":\"Register your Homeowner and Neighborhood Associations with the City of Miami Beach.\",\"breadcrumb\":{\"@id\":\"https:\/\/www.miamibeachfl.gov\/residents\/neighborhood-associations\/homeowner-and-neighborhood-registry\/#breadcrumb\"},\"inLanguage\":\"pt-BR\",\"potentialAction\":[{\"@type\":\"ReadAction\",\"target\":[\"https:\/\/www.miamibeachfl.gov\/residents\/neighborhood-associations\/homeowner-and-neighborhood-registry\/\"]}]},{\"@type\":\"BreadcrumbList\",\"@id\":\"https:\/\/www.miamibeachfl.gov\/residents\/neighborhood-associations\/homeowner-and-neighborhood-registry\/#breadcrumb\",\"itemListElement\":[{\"@type\":\"ListItem\",\"position\":1,\"name\":\"Home\",\"item\":\"https:\/\/www.miamibeachfl.gov\/\"},{\"@type\":\"ListItem\",\"position\":2,\"name\":\"Residents\",\"item\":\"https:\/\/www.miamibeachfl.gov\/residents\/\"},{\"@type\":\"ListItem\",\"position\":3,\"name\":\"Neighborhood &#038; Condominium Associations\",\"item\":\"https:\/\/www.miamibeachfl.gov\/residents\/neighborhood-associations\/\"},{\"@type\":\"ListItem\",\"position\":4,\"name\":\"Homeowner and Neighborhood Registry\"}]},{\"@type\":\"WebSite\",\"@id\":\"https:\/\/www.miamibeachfl.gov\/#website\",\"url\":\"https:\/\/www.miamibeachfl.gov\/\",\"name\":\"City of Miami Beach\",\"description\":\"The official website of the City of Miami Beach. Stay informed, find important information on city services, news, alerts, events, trolley routes, government employment and more.\",\"publisher\":{\"@id\":\"https:\/\/www.miamibeachfl.gov\/#organization\"},\"potentialAction\":[{\"@type\":\"SearchAction\",\"target\":{\"@type\":\"EntryPoint\",\"urlTemplate\":\"https:\/\/www.miamibeachfl.gov\/?s={search_term_string}\"},\"query-input\":{\"@type\":\"PropertyValueSpecification\",\"valueRequired\":true,\"valueName\":\"search_term_string\"}}],\"inLanguage\":\"pt-BR\"},{\"@type\":\"Organization\",\"@id\":\"https:\/\/www.miamibeachfl.gov\/#organization\",\"name\":\"City of Miami Beach\",\"url\":\"https:\/\/www.miamibeachfl.gov\/\",\"logo\":{\"@type\":\"ImageObject\",\"inLanguage\":\"pt-BR\",\"@id\":\"https:\/\/www.miamibeachfl.gov\/#\/schema\/logo\/image\/\",\"url\":\"https:\/\/www.miamibeachfl.gov\/wp-content\/uploads\/2022\/06\/miamibeach-logoblue.png\",\"contentUrl\":\"https:\/\/www.miamibeachfl.gov\/wp-content\/uploads\/2022\/06\/miamibeach-logoblue.png\",\"width\":1962,\"height\":381,\"caption\":\"City of Miami Beach\"},\"image\":{\"@id\":\"https:\/\/www.miamibeachfl.gov\/#\/schema\/logo\/image\/\"},\"sameAs\":[\"https:\/\/www.facebook.com\/cityofmiamibeach\",\"https:\/\/x.com\/Miamibeachnews\",\"https:\/\/www.instagram.com\/miamibeachnews\/\"],\"description\":\"The official website of the City of Miami Beach. Stay informed, find important information on city services, news, alerts, events, trolley routes, government employment and more.\",\"telephone\":\"305.604.CITY(2489)\",\"legalName\":\"City of Miami Beach\"}]}<\/script>\n<!-- \/ Yoast SEO Premium plugin. -->","yoast_head_json":{"title":"Registro de Propriet\u00e1rios e Bairros - Cidade de Miami Beach","description":"Registre sua associa\u00e7\u00e3o de propriet\u00e1rios e moradores na cidade de Miami Beach.","robots":{"index":"index","follow":"follow","max-snippet":"max-snippet:-1","max-image-preview":"max-image-preview:large","max-video-preview":"max-video-preview:-1"},"canonical":"https:\/\/www.miamibeachfl.gov\/pt\/residents\/neighborhood-associations\/homeowner-and-neighborhood-registry\/","og_locale":"pt_BR","og_type":"article","og_title":"Homeowner and Neighborhood Registry","og_description":"Register your Homeowner and Neighborhood Associations with the City of Miami Beach.","og_url":"https:\/\/www.miamibeachfl.gov\/pt\/residents\/neighborhood-associations\/homeowner-and-neighborhood-registry\/","og_site_name":"City of Miami Beach","article_publisher":"https:\/\/www.facebook.com\/cityofmiamibeach","article_modified_time":"2026-04-14T19:57:22+00:00","og_image":[{"width":1000,"height":1000,"url":"https:\/\/www.miamibeachfl.gov\/wp-content\/uploads\/2024\/01\/1000pxSquare-miamibeach-aerial-southpointview.jpeg","type":"image\/jpeg"}],"twitter_card":"summary_large_image","twitter_site":"@Miamibeachnews","schema":{"@context":"https:\/\/schema.org","@graph":[{"@type":"WebPage","@id":"https:\/\/www.miamibeachfl.gov\/residents\/neighborhood-associations\/homeowner-and-neighborhood-registry\/","url":"https:\/\/www.miamibeachfl.gov\/residents\/neighborhood-associations\/homeowner-and-neighborhood-registry\/","name":"Registro de Propriet\u00e1rios e Bairros - Cidade de Miami Beach","isPartOf":{"@id":"https:\/\/www.miamibeachfl.gov\/#website"},"datePublished":"2023-04-20T16:11:58+00:00","dateModified":"2026-04-14T19:57:22+00:00","description":"Registre sua associa\u00e7\u00e3o de propriet\u00e1rios e moradores na cidade de Miami Beach.","breadcrumb":{"@id":"https:\/\/www.miamibeachfl.gov\/residents\/neighborhood-associations\/homeowner-and-neighborhood-registry\/#breadcrumb"},"inLanguage":"pt-BR","potentialAction":[{"@type":"ReadAction","target":["https:\/\/www.miamibeachfl.gov\/residents\/neighborhood-associations\/homeowner-and-neighborhood-registry\/"]}]},{"@type":"BreadcrumbList","@id":"https:\/\/www.miamibeachfl.gov\/residents\/neighborhood-associations\/homeowner-and-neighborhood-registry\/#breadcrumb","itemListElement":[{"@type":"ListItem","position":1,"name":"Home","item":"https:\/\/www.miamibeachfl.gov\/"},{"@type":"ListItem","position":2,"name":"Residents","item":"https:\/\/www.miamibeachfl.gov\/residents\/"},{"@type":"ListItem","position":3,"name":"Neighborhood &#038; Condominium Associations","item":"https:\/\/www.miamibeachfl.gov\/residents\/neighborhood-associations\/"},{"@type":"ListItem","position":4,"name":"Homeowner and Neighborhood Registry"}]},{"@type":"WebSite","@id":"https:\/\/www.miamibeachfl.gov\/#website","url":"https:\/\/www.miamibeachfl.gov\/","name":"Cidade de Miami Beach","description":"Site oficial da cidade de Miami Beach. Mantenha-se informado e encontre informa\u00e7\u00f5es importantes sobre servi\u00e7os municipais, not\u00edcias, alertas, eventos, rotas de bonde, empregos p\u00fablicos e muito mais.","publisher":{"@id":"https:\/\/www.miamibeachfl.gov\/#organization"},"potentialAction":[{"@type":"SearchAction","target":{"@type":"EntryPoint","urlTemplate":"https:\/\/www.miamibeachfl.gov\/?s={search_term_string}"},"query-input":{"@type":"PropertyValueSpecification","valueRequired":true,"valueName":"search_term_string"}}],"inLanguage":"pt-BR"},{"@type":"Organization","@id":"https:\/\/www.miamibeachfl.gov\/#organization","name":"Cidade de Miami Beach","url":"https:\/\/www.miamibeachfl.gov\/","logo":{"@type":"ImageObject","inLanguage":"pt-BR","@id":"https:\/\/www.miamibeachfl.gov\/#\/schema\/logo\/image\/","url":"https:\/\/www.miamibeachfl.gov\/wp-content\/uploads\/2022\/06\/miamibeach-logoblue.png","contentUrl":"https:\/\/www.miamibeachfl.gov\/wp-content\/uploads\/2022\/06\/miamibeach-logoblue.png","width":1962,"height":381,"caption":"City of Miami Beach"},"image":{"@id":"https:\/\/www.miamibeachfl.gov\/#\/schema\/logo\/image\/"},"sameAs":["https:\/\/www.facebook.com\/cityofmiamibeach","https:\/\/x.com\/Miamibeachnews","https:\/\/www.instagram.com\/miamibeachnews\/"],"description":"Site oficial da cidade de Miami Beach. Mantenha-se informado e encontre informa\u00e7\u00f5es importantes sobre servi\u00e7os municipais, not\u00edcias, alertas, eventos, rotas de bonde, empregos p\u00fablicos e muito mais.","telephone":"305.604.CITY(2489)","legalName":"City of Miami Beach"}]}},"_links":{"self":[{"href":"https:\/\/www.miamibeachfl.gov\/pt\/wp-json\/wp\/v2\/pages\/258303","targetHints":{"allow":["GET"]}}],"collection":[{"href":"https:\/\/www.miamibeachfl.gov\/pt\/wp-json\/wp\/v2\/pages"}],"about":[{"href":"https:\/\/www.miamibeachfl.gov\/pt\/wp-json\/wp\/v2\/types\/page"}],"author":[{"embeddable":true,"href":"https:\/\/www.miamibeachfl.gov\/pt\/wp-json\/wp\/v2\/users\/222"}],"replies":[{"embeddable":true,"href":"https:\/\/www.miamibeachfl.gov\/pt\/wp-json\/wp\/v2\/comments?post=258303"}],"version-history":[{"count":0,"href":"https:\/\/www.miamibeachfl.gov\/pt\/wp-json\/wp\/v2\/pages\/258303\/revisions"}],"up":[{"embeddable":true,"href":"https:\/\/www.miamibeachfl.gov\/pt\/wp-json\/wp\/v2\/pages\/234087"}],"wp:attachment":[{"href":"https:\/\/www.miamibeachfl.gov\/pt\/wp-json\/wp\/v2\/media?parent=258303"}],"wp:term":[{"taxonomy":"category","embeddable":true,"href":"https:\/\/www.miamibeachfl.gov\/pt\/wp-json\/wp\/v2\/categories?post=258303"},{"taxonomy":"post_tag","embeddable":true,"href":"https:\/\/www.miamibeachfl.gov\/pt\/wp-json\/wp\/v2\/tags?post=258303"}],"curies":[{"name":"wp","href":"https:\/\/api.w.org\/{rel}","templated":true}]}}