{"id":258993,"date":"2023-08-07T09:31:47","date_gmt":"2023-08-07T13:31:47","guid":{"rendered":"https:\/\/www.miamibeachfl.gov\/?page_id=258993"},"modified":"2025-12-22T11:35:07","modified_gmt":"2025-12-22T16:35:07","slug":"additional-contacts","status":"publish","type":"page","link":"https:\/\/www.miamibeachfl.gov\/pt\/city-hall\/city-clerk\/public-records-request\/additional-contacts\/","title":{"rendered":"Contatos adicionais"},"content":{"rendered":"<img decoding=\"async\" src=\"https:\/\/www.miamibeachfl.gov\/wp-content\/uploads\/2022\/07\/hero-small.jpg\" alt=\"ocean drive art deco buildings\" itemprop=\"image\" height=\"211\" width=\"2395\" title=\"her\u00f3i-pequeno\" onerror=\"this.style.display='none'\" loading=\"lazy\" \/>\n<h1>\n\t\t\tContatos adicionais\t<\/h1>\n\t<nav id=\"breadcrumbs\" aria-label=\"Migalhas de p\u00e3o\"><a href=\"https:\/\/www.miamibeachfl.gov\/pt\/\">Lar<\/a> &gt; <a href=\"https:\/\/www.miamibeachfl.gov\/pt\/city-hall\/\">Prefeitura<\/a> &gt; <a href=\"https:\/\/www.miamibeachfl.gov\/pt\/city-hall\/city-clerk\/\">Escriv\u00e3o da cidade<\/a> &gt; <a href=\"https:\/\/www.miamibeachfl.gov\/pt\/city-hall\/city-clerk\/public-records-request\/\">Registros P\u00fablicos \/ Laserfiche<\/a> &gt; <strong>Contatos adicionais<\/strong><\/nav>\n\t<p>AVISO: De acordo com a lei da Fl\u00f3rida, endere\u00e7os de e-mail s\u00e3o registros p\u00fablicos. Se voc\u00ea n\u00e3o deseja que seu endere\u00e7o de e-mail seja divulgado em resposta a uma solicita\u00e7\u00e3o de registros p\u00fablicos, n\u00e3o envie e-mails para a Prefeitura de Miami Beach. Em vez disso, voc\u00ea pode enviar uma correspond\u00eancia para o Cart\u00f3rio do Munic\u00edpio, no endere\u00e7o:<\/p>\n<strong>Gabinete do Secret\u00e1rio da Cidade<\/strong><br \/>\n1700 Convention Center Drive, 1\u00ba andar<br \/>\nMiami Beach, FL 33139<br \/>\nTel. 305.673.7411\n<strong>Rafael E. Granado, Secret\u00e1rio Municipal<\/strong><br \/>\nTel. 305.673.7000 ramal 26451<br \/>\nE-mail: <a href=\"mailto:RafaelGranado@miamibeachfl.gov\">RafaelGranado@miamibeachfl.gov<\/a>\n<strong>Regis Barbou, Secret\u00e1rio Municipal Assistente\u00a0<\/strong><br \/>\nTel. 305.673.7000 ramal 26578<br \/>\nE-mail: <a href=\"mailto:RegisBarbou@miamibeachfl.gov\">RegisBarbou@miamibeachfl.gov<\/a>\n<strong>Keila Mena, Secret\u00e1ria Assistente da Prefeitura<\/strong><br \/>\nTel. 305.673.7000 ramal 26078<br \/>\nE-mail: <a href=\"mailto:keilamenacaceres@miamibeachfl.gov\">KeilaMenaCaceres@miamibeachfl.gov\u00a0<\/a>\n<strong>Lilia Cardillo, Coordenadora de Agenda<\/strong><br \/>\nTel. 305.673.7000 ramal 26780<br \/>\nE-mail: <a href=\"mailto:LiliaCardillo@miamibeachfl.gov\">LiliaCardillo@miamibeachfl.gov<\/a>\n<strong>David Marquez, Office Associate V &#8211; Lobbyist Relations<\/strong><br \/>\nTel. 305.673.7000 ramal 26155<br \/>\nE-mail: <a href=\"mailto:DavidMarquez@miamibeachfl.gov\">DavidMarquez@miamibeachfl.gov<\/a>\n<strong>Dasha Nenartovich, Office Associate IV &#8211; Boards and Committees Coordinator<\/strong><br \/>\nTel. 305.673.7000 ramal 26427<br \/>\nE-mail: <a href=\"mailto:DashaNenartovich@miamibeachfl.gov\">DashaNenartovich@miamibeachfl.gov<\/a>\n<strong>Giuseppina Fantini, Associada do Escrit\u00f3rio IV\u00a0<\/strong><br \/>\nTel. 305.673.7000 ramal 26275<br \/>\nE-mail: <a href=\"mailto:GiuseppinaFantini@miamibeachfl.gov\">GiuseppinaFantini@miamibeachfl.gov<\/a>\n<strong>Ethan Lane, Office Associate IV &#8211; Public Records Coordinator<\/strong><br \/>\nTel.: 305.673.7000 ramal 26556<br \/>\nE-mail: <a href=\"mailto:EthanLane@miamibeachfl.gov\">EthanLane@miamibeachfl.gov<\/a>\n<p>Para solicita\u00e7\u00f5es de registros p\u00fablicos, envie um e-mail para: <a href=\"mailto:ResearchRequest@miamibeachfl.gov\"><strong>ResearchRequest@miamibeachfl.gov<\/strong><\/a> ou ligue para 305.673.7411<\/p>\n<p><strong>AVISO ESPECIAL DO MAGISTRADO<\/strong>: De acordo com a lei da Fl\u00f3rida, endere\u00e7os de e-mail s\u00e3o registros p\u00fablicos. Se voc\u00ea n\u00e3o deseja que seu endere\u00e7o de e-mail seja divulgado em resposta a uma solicita\u00e7\u00e3o de registros p\u00fablicos, n\u00e3o envie e-mails para a Prefeitura de Miami Beach. Em vez disso, voc\u00ea pode enviar um e-mail para o Gabinete do Magistrado Especial, no endere\u00e7o:<\/p>\n<strong>Gabinete do Magistrado Especial<\/strong><br \/>\n1700 Convention Center Drive, 1\u00ba andar<br \/>\nMiami Beach, FL 33139<br \/>\nTel. 305.673.7181\n<strong>Shavonne Bryant, Escritur\u00e1ria de Viola\u00e7\u00e3o de C\u00f3digo<\/strong><br \/>\nTel. 305.673.7000 ramal 26859<br \/>\nE-mail: <a href=\"mailto:ShavonneBryant@miamibeachfl.gov\">ShavonneBryant@miamibeachfl.gov<\/a>\n<strong>Fernanda Silva, Escriv\u00e3 de Viola\u00e7\u00f5es de C\u00f3digo<\/strong><br \/>\nTel. 305.673.7000 ramal 26541<br \/>\nE-mail: <a href=\"mailto:FernandaSilva@miamibeachfl.gov\">FernandaSilva@miamibeachfl.gov<\/a>\n<strong>Alice Lavado, Escriv\u00e3 de Viola\u00e7\u00e3o de C\u00f3digo<br \/>\n<\/strong>Tel. 305.673.7000 ramal 26614<strong><br \/>\n<\/strong>E-mail: <a href=\"mailto:AliceLavado@miamibeachfl.gov\">AliceLavado@miamibeachfl.gov\u00a0<\/a>\n<strong>Isabel Satchell, Secret\u00e1ria de Viola\u00e7\u00e3o de C\u00f3digo<\/strong><br \/>\nTel. 305.673.7000 ramal 26918<br \/>\nE-mail:<a href=\"mailto:lsabelSatchell@miamibeachfl.gov\"> lsabelSatchell@miamibeachfl.gov<\/a>\n<p><strong>AVISO DE SERVI\u00c7OS CENTRAIS<\/strong>: De acordo com a lei da Fl\u00f3rida, endere\u00e7os de e-mail s\u00e3o registros p\u00fablicos. Se voc\u00ea n\u00e3o deseja que seu endere\u00e7o de e-mail seja divulgado em resposta a uma solicita\u00e7\u00e3o de registros p\u00fablicos, n\u00e3o envie e-mails para a Prefeitura de Miami Beach. Voc\u00ea pode enviar um e-mail para a Divis\u00e3o de Servi\u00e7os Centrais em:<\/p>\n<strong>Divis\u00e3o de Servi\u00e7os Centrais<\/strong><br \/>\n1700 Convention Center Drive, 1\u00ba andar<br \/>\nMiami Beach, FL 33139<br \/>\nTel. 305.673.7480\n<strong>Keith Valles, Coordenador de Servi\u00e7os Centrais<\/strong><br \/>\nTel. 305.673 .7000 ramal 27480<br \/>\nE-mail: <a href=\"mailto:KeithValles@miamibeachfl.gov\">KeithValles@miamibeachfl.gov<\/a>\n<strong>Yusmel Dominguez, T\u00e9cnico de Servi\u00e7os Centrais II<\/strong><br \/>\nTel. 305.673.7000 ramal 27480<br \/>\nE-mail: <a href=\"mailto:YusmelDominguez@miamibeachfl.gov\">YusmelDominguez@miamibeachfl.gov<\/a>\n<strong>Manuel Ramos Jr, T\u00e9cnico de Servi\u00e7os Centrais<\/strong><br \/>\nTel. 305.673.7000 ramal 27480<br \/>\nE-mail: <a href=\"mailto:manuelramosjr@miamibeachfl.gov\">ManuelRamosJr@miamibeachfl.gov<\/a>\n<strong>Sam Augustin, T\u00e9cnico de Servi\u00e7os Centrais<\/strong><br \/>\nTel. 305.673.7000 ramal 27480<br \/>\nE-mail: <a href=\"mailto:DavidMarquez@miamibeachfl.gov\">SamAugustin@miamibeachfl.gov<\/a>\n<p>&nbsp;<\/p>\n\t\tNavegar para\u2026\t\t\t\n\t\t\t\t\t<ul id=\"menu-city-clerk-main-menu\"><li id=\"menu-item-363744\"><a href=\"\/pt\/city-hall\/city-clerk\/boards-and-committees\/\">Conselhos e Comit\u00eas<\/a><\/li>\n<li id=\"menu-item-363745\"><a href=\"\/pt\/city-hall\/city-clerk\/meetings-and-agendas\/\">Reuni\u00f5es e agendas da cidade de Miami Beach<\/a><\/li>\n<li id=\"menu-item-363746\"><a href=\"\/pt\/city-hall\/city-clerk\/discrimination-in-employment\/\">Discrimina\u00e7\u00e3o no Emprego<\/a><\/li>\n<li id=\"menu-item-363747\"><a href=\"\/pt\/city-hall\/city-clerk\/election-information\/\">Informa\u00e7\u00f5es sobre elei\u00e7\u00f5es<\/a><\/li>\n<li id=\"menu-item-363748\"><a href=\"\/pt\/city-hall\/city-clerk\/forms\/\">Formul\u00e1rios<\/a><\/li>\n<li id=\"menu-item-363749\"><a href=\"\/pt\/city-hall\/city-clerk\/meeting-notices\/\">An\u00fancios Legais e Avisos P\u00fablicos<\/a><\/li>\n<li id=\"menu-item-363750\"><a href=\"\/pt\/city-hall\/city-clerk\/lobbyist-information\/\">Informa\u00e7\u00f5es para lobistas<\/a><\/li>\n<li id=\"menu-item-363751\"><a href=\"\/pt\/city-hall\/city-clerk\/marriage-license\/\">Licen\u00e7a de casamento<\/a><\/li>\n<li id=\"menu-item-363752\"><a href=\"\/pt\/city-hall\/city-clerk\/public-records-request\/\">Registros P\u00fablicos \/ Laserfiche<\/a><\/li>\n<li id=\"menu-item-363753\"><a href=\"\/pt\/city-hall\/city-clerk\/public-records-portal\/\">Portal de Registros P\u00fablicos<\/a><\/li>\n<li id=\"menu-item-363754\"><a href=\"\/pt\/city-hall\/city-clerk\/residents-right-to-know\/\">Direito dos moradores de saber<\/a><\/li>\n<li id=\"menu-item-363755\"><a href=\"\/pt\/city-hall\/city-clerk\/special-magistrate\/\">Magistrado Especial<\/a><\/li>\n<\/ul>\t\n\t<div class=\"page-navigation\"><a class=\"prev-page\" href=\"https:\/\/www.miamibeachfl.gov\/pt\/city-hall\/human-resources\/benefits\/contact-us\/\">\u2190 Entre em contato com a HR Benef\u00edcios<\/a> <a class=\"next-page\" href=\"https:\/\/www.miamibeachfl.gov\/pt\/yourmbpd\/dailyarrestsreport\/\">Relat\u00f3rio di\u00e1rio de pris\u00f5es da cidade de Miami Beach \u2192<\/a><\/div>","protected":false},"excerpt":{"rendered":"<p>Additional Contacts Home &gt; City Hall &gt; City Clerk &gt; Public Records \/ Laserfiche &gt; Additional Contacts NOTICE: Under Florida [&hellip;]<\/p>\n","protected":false},"author":222,"featured_media":0,"parent":28364,"menu_order":0,"comment_status":"closed","ping_status":"closed","template":"","meta":{"_searchwp_excluded":"","site-sidebar-layout":"default","site-content-layout":"","ast-site-content-layout":"default","site-content-style":"default","site-sidebar-style":"default","ast-global-header-display":"","ast-banner-title-visibility":"","ast-main-header-display":"","ast-hfb-above-header-display":"","ast-hfb-below-header-display":"","ast-hfb-mobile-header-display":"","site-post-title":"","ast-breadcrumbs-content":"","ast-featured-img":"","footer-sml-layout":"","theme-transparent-header-meta":"","adv-header-id-meta":"","stick-header-meta":"","header-above-stick-meta":"","header-main-stick-meta":"","header-below-stick-meta":"","astra-migrate-meta-layouts":"default","ast-page-background-enabled":"default","ast-page-background-meta":{"desktop":{"background-color":"var(--ast-global-color-5)","background-image":"","background-repeat":"repeat","background-position":"center center","background-size":"auto","background-attachment":"scroll","background-type":"","background-media":"","overlay-type":"","overlay-color":"","overlay-opacity":"","overlay-gradient":""},"tablet":{"background-color":"","background-image":"","background-repeat":"repeat","background-position":"center center","background-size":"auto","background-attachment":"scroll","background-type":"","background-media":"","overlay-type":"","overlay-color":"","overlay-opacity":"","overlay-gradient":""},"mobile":{"background-color":"","background-image":"","background-repeat":"repeat","background-position":"center center","background-size":"auto","background-attachment":"scroll","background-type":"","background-media":"","overlay-type":"","overlay-color":"","overlay-opacity":"","overlay-gradient":""}},"ast-content-background-meta":{"desktop":{"background-color":"var(--ast-global-color-4)","background-image":"","background-repeat":"repeat","background-position":"center center","background-size":"auto","background-attachment":"scroll","background-type":"","background-media":"","overlay-type":"","overlay-color":"","overlay-opacity":"","overlay-gradient":""},"tablet":{"background-color":"var(--ast-global-color-4)","background-image":"","background-repeat":"repeat","background-position":"center center","background-size":"auto","background-attachment":"scroll","background-type":"","background-media":"","overlay-type":"","overlay-color":"","overlay-opacity":"","overlay-gradient":""},"mobile":{"background-color":"var(--ast-global-color-4)","background-image":"","background-repeat":"repeat","background-position":"center center","background-size":"auto","background-attachment":"scroll","background-type":"","background-media":"","overlay-type":"","overlay-color":"","overlay-opacity":"","overlay-gradient":""}},"footnotes":""},"categories":[],"tags":[],"class_list":["post-258993","page","type-page","status-publish","hentry"],"yoast_head":"<!-- This site is optimized with the Yoast SEO Premium plugin v27.4 (Yoast SEO v27.4) - https:\/\/yoast.com\/product\/yoast-seo-premium-wordpress\/ -->\n<title>Additional Contacts - City of Miami Beach<\/title>\n<meta name=\"description\" content=\"%\" \/>\n<meta name=\"robots\" content=\"index, follow, max-snippet:-1, max-image-preview:large, max-video-preview:-1\" \/>\n<link rel=\"canonical\" href=\"https:\/\/www.miamibeachfl.gov\/pt\/city-hall\/city-clerk\/public-records-request\/additional-contacts\/\" \/>\n<meta property=\"og:locale\" content=\"pt_BR\" \/>\n<meta property=\"og:type\" content=\"article\" \/>\n<meta property=\"og:title\" content=\"Additional Contacts\" \/>\n<meta property=\"og:description\" content=\"%\" \/>\n<meta property=\"og:url\" content=\"https:\/\/www.miamibeachfl.gov\/pt\/city-hall\/city-clerk\/public-records-request\/additional-contacts\/\" \/>\n<meta property=\"og:site_name\" content=\"City of Miami Beach\" \/>\n<meta property=\"article:publisher\" content=\"https:\/\/www.facebook.com\/cityofmiamibeach\" \/>\n<meta property=\"article:modified_time\" content=\"2025-12-22T16:35:07+00:00\" \/>\n<meta property=\"og:image\" content=\"https:\/\/www.miamibeachfl.gov\/wp-content\/uploads\/2022\/07\/hero-small.jpg\" \/>\n<meta name=\"twitter:card\" content=\"summary_large_image\" \/>\n<meta name=\"twitter:site\" content=\"@Miamibeachnews\" \/>\n<script type=\"application\/ld+json\" class=\"yoast-schema-graph\">{\"@context\":\"https:\\\/\\\/schema.org\",\"@graph\":[{\"@type\":\"WebPage\",\"@id\":\"https:\\\/\\\/www.miamibeachfl.gov\\\/city-hall\\\/city-clerk\\\/public-records-request\\\/additional-contacts\\\/\",\"url\":\"https:\\\/\\\/www.miamibeachfl.gov\\\/city-hall\\\/city-clerk\\\/public-records-request\\\/additional-contacts\\\/\",\"name\":\"Additional Contacts - City of Miami Beach\",\"isPartOf\":{\"@id\":\"https:\\\/\\\/www.miamibeachfl.gov\\\/#website\"},\"primaryImageOfPage\":{\"@id\":\"https:\\\/\\\/www.miamibeachfl.gov\\\/city-hall\\\/city-clerk\\\/public-records-request\\\/additional-contacts\\\/#primaryimage\"},\"image\":{\"@id\":\"https:\\\/\\\/www.miamibeachfl.gov\\\/city-hall\\\/city-clerk\\\/public-records-request\\\/additional-contacts\\\/#primaryimage\"},\"thumbnailUrl\":\"https:\\\/\\\/www.miamibeachfl.gov\\\/wp-content\\\/uploads\\\/2022\\\/07\\\/hero-small.jpg\",\"datePublished\":\"2023-08-07T13:31:47+00:00\",\"dateModified\":\"2025-12-22T16:35:07+00:00\",\"description\":\"%\",\"breadcrumb\":{\"@id\":\"https:\\\/\\\/www.miamibeachfl.gov\\\/city-hall\\\/city-clerk\\\/public-records-request\\\/additional-contacts\\\/#breadcrumb\"},\"inLanguage\":\"pt-BR\",\"potentialAction\":[{\"@type\":\"ReadAction\",\"target\":[\"https:\\\/\\\/www.miamibeachfl.gov\\\/city-hall\\\/city-clerk\\\/public-records-request\\\/additional-contacts\\\/\"]}]},{\"@type\":\"ImageObject\",\"inLanguage\":\"pt-BR\",\"@id\":\"https:\\\/\\\/www.miamibeachfl.gov\\\/city-hall\\\/city-clerk\\\/public-records-request\\\/additional-contacts\\\/#primaryimage\",\"url\":\"https:\\\/\\\/www.miamibeachfl.gov\\\/wp-content\\\/uploads\\\/2022\\\/07\\\/hero-small.jpg\",\"contentUrl\":\"https:\\\/\\\/www.miamibeachfl.gov\\\/wp-content\\\/uploads\\\/2022\\\/07\\\/hero-small.jpg\"},{\"@type\":\"BreadcrumbList\",\"@id\":\"https:\\\/\\\/www.miamibeachfl.gov\\\/city-hall\\\/city-clerk\\\/public-records-request\\\/additional-contacts\\\/#breadcrumb\",\"itemListElement\":[{\"@type\":\"ListItem\",\"position\":1,\"name\":\"Home\",\"item\":\"https:\\\/\\\/www.miamibeachfl.gov\\\/\"},{\"@type\":\"ListItem\",\"position\":2,\"name\":\"City Hall\",\"item\":\"https:\\\/\\\/www.miamibeachfl.gov\\\/city-hall\\\/\"},{\"@type\":\"ListItem\",\"position\":3,\"name\":\"City Clerk\",\"item\":\"https:\\\/\\\/www.miamibeachfl.gov\\\/city-hall\\\/city-clerk\\\/\"},{\"@type\":\"ListItem\",\"position\":4,\"name\":\"Public Records \\\/ Laserfiche\",\"item\":\"https:\\\/\\\/www.miamibeachfl.gov\\\/city-hall\\\/city-clerk\\\/public-records-request\\\/\"},{\"@type\":\"ListItem\",\"position\":5,\"name\":\"Additional Contacts\"}]},{\"@type\":\"WebSite\",\"@id\":\"https:\\\/\\\/www.miamibeachfl.gov\\\/#website\",\"url\":\"https:\\\/\\\/www.miamibeachfl.gov\\\/\",\"name\":\"City of Miami Beach\",\"description\":\"The official website of the City of Miami Beach. Stay informed, find important information on city services, news, alerts, events, trolley routes, government employment and more.\",\"publisher\":{\"@id\":\"https:\\\/\\\/www.miamibeachfl.gov\\\/#organization\"},\"potentialAction\":[{\"@type\":\"SearchAction\",\"target\":{\"@type\":\"EntryPoint\",\"urlTemplate\":\"https:\\\/\\\/www.miamibeachfl.gov\\\/?s={search_term_string}\"},\"query-input\":{\"@type\":\"PropertyValueSpecification\",\"valueRequired\":true,\"valueName\":\"search_term_string\"}}],\"inLanguage\":\"pt-BR\"},{\"@type\":\"Organization\",\"@id\":\"https:\\\/\\\/www.miamibeachfl.gov\\\/#organization\",\"name\":\"City of Miami Beach\",\"url\":\"https:\\\/\\\/www.miamibeachfl.gov\\\/\",\"logo\":{\"@type\":\"ImageObject\",\"inLanguage\":\"pt-BR\",\"@id\":\"https:\\\/\\\/www.miamibeachfl.gov\\\/#\\\/schema\\\/logo\\\/image\\\/\",\"url\":\"https:\\\/\\\/www.miamibeachfl.gov\\\/wp-content\\\/uploads\\\/2022\\\/06\\\/miamibeach-logoblue.png\",\"contentUrl\":\"https:\\\/\\\/www.miamibeachfl.gov\\\/wp-content\\\/uploads\\\/2022\\\/06\\\/miamibeach-logoblue.png\",\"width\":1962,\"height\":381,\"caption\":\"City of Miami Beach\"},\"image\":{\"@id\":\"https:\\\/\\\/www.miamibeachfl.gov\\\/#\\\/schema\\\/logo\\\/image\\\/\"},\"sameAs\":[\"https:\\\/\\\/www.facebook.com\\\/cityofmiamibeach\",\"https:\\\/\\\/x.com\\\/Miamibeachnews\",\"https:\\\/\\\/www.instagram.com\\\/miamibeachnews\\\/\"],\"description\":\"The official website of the City of Miami Beach. Stay informed, find important information on city services, news, alerts, events, trolley routes, government employment and more.\",\"telephone\":\"305.604.CITY(2489)\",\"legalName\":\"City of Miami Beach\"}]}<\/script>\n<!-- \/ Yoast SEO Premium plugin. -->","yoast_head_json":{"title":"Contatos adicionais - Cidade de Miami Beach","description":"%","robots":{"index":"index","follow":"follow","max-snippet":"max-snippet:-1","max-image-preview":"max-image-preview:large","max-video-preview":"max-video-preview:-1"},"canonical":"https:\/\/www.miamibeachfl.gov\/pt\/city-hall\/city-clerk\/public-records-request\/additional-contacts\/","og_locale":"pt_BR","og_type":"article","og_title":"Additional Contacts","og_description":"%","og_url":"https:\/\/www.miamibeachfl.gov\/pt\/city-hall\/city-clerk\/public-records-request\/additional-contacts\/","og_site_name":"City of Miami Beach","article_publisher":"https:\/\/www.facebook.com\/cityofmiamibeach","article_modified_time":"2025-12-22T16:35:07+00:00","og_image":[{"url":"https:\/\/www.miamibeachfl.gov\/wp-content\/uploads\/2022\/07\/hero-small.jpg","type":"","width":"","height":""}],"twitter_card":"summary_large_image","twitter_site":"@Miamibeachnews","schema":{"@context":"https:\/\/schema.org","@graph":[{"@type":"WebPage","@id":"https:\/\/www.miamibeachfl.gov\/city-hall\/city-clerk\/public-records-request\/additional-contacts\/","url":"https:\/\/www.miamibeachfl.gov\/city-hall\/city-clerk\/public-records-request\/additional-contacts\/","name":"Contatos adicionais - Cidade de Miami Beach","isPartOf":{"@id":"https:\/\/www.miamibeachfl.gov\/#website"},"primaryImageOfPage":{"@id":"https:\/\/www.miamibeachfl.gov\/city-hall\/city-clerk\/public-records-request\/additional-contacts\/#primaryimage"},"image":{"@id":"https:\/\/www.miamibeachfl.gov\/city-hall\/city-clerk\/public-records-request\/additional-contacts\/#primaryimage"},"thumbnailUrl":"https:\/\/www.miamibeachfl.gov\/wp-content\/uploads\/2022\/07\/hero-small.jpg","datePublished":"2023-08-07T13:31:47+00:00","dateModified":"2025-12-22T16:35:07+00:00","description":"%","breadcrumb":{"@id":"https:\/\/www.miamibeachfl.gov\/city-hall\/city-clerk\/public-records-request\/additional-contacts\/#breadcrumb"},"inLanguage":"pt-BR","potentialAction":[{"@type":"ReadAction","target":["https:\/\/www.miamibeachfl.gov\/city-hall\/city-clerk\/public-records-request\/additional-contacts\/"]}]},{"@type":"ImageObject","inLanguage":"pt-BR","@id":"https:\/\/www.miamibeachfl.gov\/city-hall\/city-clerk\/public-records-request\/additional-contacts\/#primaryimage","url":"https:\/\/www.miamibeachfl.gov\/wp-content\/uploads\/2022\/07\/hero-small.jpg","contentUrl":"https:\/\/www.miamibeachfl.gov\/wp-content\/uploads\/2022\/07\/hero-small.jpg"},{"@type":"BreadcrumbList","@id":"https:\/\/www.miamibeachfl.gov\/city-hall\/city-clerk\/public-records-request\/additional-contacts\/#breadcrumb","itemListElement":[{"@type":"ListItem","position":1,"name":"Home","item":"https:\/\/www.miamibeachfl.gov\/"},{"@type":"ListItem","position":2,"name":"City Hall","item":"https:\/\/www.miamibeachfl.gov\/city-hall\/"},{"@type":"ListItem","position":3,"name":"City Clerk","item":"https:\/\/www.miamibeachfl.gov\/city-hall\/city-clerk\/"},{"@type":"ListItem","position":4,"name":"Public Records \/ Laserfiche","item":"https:\/\/www.miamibeachfl.gov\/city-hall\/city-clerk\/public-records-request\/"},{"@type":"ListItem","position":5,"name":"Additional Contacts"}]},{"@type":"WebSite","@id":"https:\/\/www.miamibeachfl.gov\/#website","url":"https:\/\/www.miamibeachfl.gov\/","name":"Cidade de Miami Beach","description":"Site oficial da cidade de Miami Beach. Mantenha-se informado e encontre informa\u00e7\u00f5es importantes sobre servi\u00e7os municipais, not\u00edcias, alertas, eventos, rotas de bonde, empregos p\u00fablicos e muito mais.","publisher":{"@id":"https:\/\/www.miamibeachfl.gov\/#organization"},"potentialAction":[{"@type":"SearchAction","target":{"@type":"EntryPoint","urlTemplate":"https:\/\/www.miamibeachfl.gov\/?s={search_term_string}"},"query-input":{"@type":"PropertyValueSpecification","valueRequired":true,"valueName":"search_term_string"}}],"inLanguage":"pt-BR"},{"@type":"Organization","@id":"https:\/\/www.miamibeachfl.gov\/#organization","name":"Cidade de Miami Beach","url":"https:\/\/www.miamibeachfl.gov\/","logo":{"@type":"ImageObject","inLanguage":"pt-BR","@id":"https:\/\/www.miamibeachfl.gov\/#\/schema\/logo\/image\/","url":"https:\/\/www.miamibeachfl.gov\/wp-content\/uploads\/2022\/06\/miamibeach-logoblue.png","contentUrl":"https:\/\/www.miamibeachfl.gov\/wp-content\/uploads\/2022\/06\/miamibeach-logoblue.png","width":1962,"height":381,"caption":"City of Miami Beach"},"image":{"@id":"https:\/\/www.miamibeachfl.gov\/#\/schema\/logo\/image\/"},"sameAs":["https:\/\/www.facebook.com\/cityofmiamibeach","https:\/\/x.com\/Miamibeachnews","https:\/\/www.instagram.com\/miamibeachnews\/"],"description":"Site oficial da cidade de Miami Beach. Mantenha-se informado e encontre informa\u00e7\u00f5es importantes sobre servi\u00e7os municipais, not\u00edcias, alertas, eventos, rotas de bonde, empregos p\u00fablicos e muito mais.","telephone":"305.604.CITY(2489)","legalName":"City of Miami Beach"}]}},"_links":{"self":[{"href":"https:\/\/www.miamibeachfl.gov\/pt\/wp-json\/wp\/v2\/pages\/258993","targetHints":{"allow":["GET"]}}],"collection":[{"href":"https:\/\/www.miamibeachfl.gov\/pt\/wp-json\/wp\/v2\/pages"}],"about":[{"href":"https:\/\/www.miamibeachfl.gov\/pt\/wp-json\/wp\/v2\/types\/page"}],"author":[{"embeddable":true,"href":"https:\/\/www.miamibeachfl.gov\/pt\/wp-json\/wp\/v2\/users\/222"}],"replies":[{"embeddable":true,"href":"https:\/\/www.miamibeachfl.gov\/pt\/wp-json\/wp\/v2\/comments?post=258993"}],"version-history":[{"count":1,"href":"https:\/\/www.miamibeachfl.gov\/pt\/wp-json\/wp\/v2\/pages\/258993\/revisions"}],"predecessor-version":[{"id":392035,"href":"https:\/\/www.miamibeachfl.gov\/pt\/wp-json\/wp\/v2\/pages\/258993\/revisions\/392035"}],"up":[{"embeddable":true,"href":"https:\/\/www.miamibeachfl.gov\/pt\/wp-json\/wp\/v2\/pages\/28364"}],"wp:attachment":[{"href":"https:\/\/www.miamibeachfl.gov\/pt\/wp-json\/wp\/v2\/media?parent=258993"}],"wp:term":[{"taxonomy":"category","embeddable":true,"href":"https:\/\/www.miamibeachfl.gov\/pt\/wp-json\/wp\/v2\/categories?post=258993"},{"taxonomy":"post_tag","embeddable":true,"href":"https:\/\/www.miamibeachfl.gov\/pt\/wp-json\/wp\/v2\/tags?post=258993"}],"curies":[{"name":"wp","href":"https:\/\/api.w.org\/{rel}","templated":true}]}}