{"id":261114,"date":"2023-05-24T07:28:29","date_gmt":"2023-05-24T11:28:29","guid":{"rendered":"https:\/\/www.miamibeachfl.gov\/?page_id=261114"},"modified":"2025-12-30T16:53:08","modified_gmt":"2025-12-30T21:53:08","slug":"mark-taxis","status":"publish","type":"page","link":"https:\/\/www.miamibeachfl.gov\/pt\/staff\/mark-taxis\/","title":{"rendered":"Mark Taxis <br><span style=\"font-size:18px\">Gerente Assistente da Cidade<\/span>"},"content":{"rendered":"<img decoding=\"async\" src=\"https:\/\/www.miamibeachfl.gov\/wp-content\/uploads\/bb-plugin\/cache\/MarkTaxis_2024-circle.png\" alt=\"Mark Taxis\" title=\"MarkTaxis_2024\" itemprop=\"image\"\/>\n\t\t<h1>\n\t\t\tMark Taxis\t<\/h1>\n<h2>\n\t\t\tGerente Assistente da Cidade\t<\/h2>\n\t<ul>\n\t\t<li>\t\t\t\t\n\t\t<h3>E-mail<\/h3><p><strong><a href=\"mailto:MarkTaxis@miamibeachfl.gov\">MarkTaxis@miamibeachfl.gov<\/a><\/strong><\/p><\/li><li>\t\t\t\t\n\t\t<h3>Telefone<\/h3><p><strong><a href=\"tel:3056737010\">305.673.7010<\/a><\/strong><\/p><\/li><li>\t\t\t\t\n\t\t<h3>Site do Administrador da Cidade<\/h3><p><strong><a href=\"https:\/\/www.miamibeachfl.gov\/pt\/city-hall\/city-manager\/\">Acesse o site do administrador da cidade.<\/a><\/strong><\/p><\/li>\t<\/ul>\n\t<p><strong>\u00c1reas de responsabilidade:<\/strong> Conformidade com o C\u00f3digo, Instala\u00e7\u00f5es e Frota, Recursos Humanos, Tecnologia da Informa\u00e7\u00e3o e Parques e Recrea\u00e7\u00e3o<\/p>\n\t<p>Mark Taxis \u00e9 um profissional de governo com mais de quarenta (40) anos de experi\u00eancia em lideran\u00e7a. Possui vasta experi\u00eancia em finan\u00e7as, trabalhando com limites or\u00e7ament\u00e1rios rigorosos. Possui uma capacidade excepcional para processar e reagir racionalmente a situa\u00e7\u00f5es de emerg\u00eancia. Sua habilidade de se adaptar a uma agenda pol\u00edtica din\u00e2mica o tornou perfeito para uma cidade internacional como Miami Beach.<\/p>\n<p>Ele se juntou \u00e0 cidade de Miami Beach desde 2013 como o gerente assistente da cidade. Como gerente assistente da cidade para a cidade de Miami Beach, Mark Taxis trabalha em estreita colabora\u00e7\u00e3o com o gerente da cidade, fornecendo suporte em quest\u00f5es relacionadas a atividades operacionais e financeiras, desenvolvimento de programas e melhoria de produtividade. Mark Taxis atualmente supervisiona a conformidade do c\u00f3digo, recursos humanos, tecnologia da informa\u00e7\u00e3o, parques e recrea\u00e7\u00e3o e instala\u00e7\u00f5es e gest\u00e3o de frotas. Em seu passado, ele emprestou sua experi\u00eancia e orienta\u00e7\u00e3o para obras p\u00fablicas, melhorias de capital, gest\u00e3o de propriedades, equipe de resposta r\u00e1pida, manuten\u00e7\u00e3o de frotas e manuten\u00e7\u00e3o de praia. \u00c9 justo dizer que, desde que se juntou \u00e0 cidade de Miami Beach, Mark Taxis tem sido o jogador de equipe consumado, emprestando seu apoio onde quer que seja necess\u00e1rio. Ele tem sido um negociador l\u00edder nas negocia\u00e7\u00f5es sindicais da cidade de Miami Beach, onde negociou com sucesso contratos com a Associa\u00e7\u00e3o Internacional de Bombeiros (&quot;IAFF&quot;), Ordem Fraternal da Pol\u00edcia (&quot;FOP&quot;), Trabalhador de Comunica\u00e7\u00f5es da Am\u00e9rica (&quot;CWA&quot;), Associa\u00e7\u00e3o de Supervisores Governamentais da Fl\u00f3rida (&quot;GSAF&quot;) e Federa\u00e7\u00e3o Americana de Funcion\u00e1rios Estaduais, Distritais e Municipais (&quot;AFSCME&quot;). Durante sua gest\u00e3o como Vice-Gerente Municipal, Mark Taxis supervisionou pessoalmente a implementa\u00e7\u00e3o de um sistema de planejamento de recursos empresariais (&quot;ERP&quot;) financeiro, conhecido como Munis, e de um ERP de licenciamento, conhecido como Energov. Ele tamb\u00e9m \u00e9 pessoalmente respons\u00e1vel pelo desenvolvimento de um aplicativo de servi\u00e7os municipais conhecido como Egov e pelo novo site da Prefeitura de Miami Beach.<\/p>\n<p>Antes de ingressar na Prefeitura de Miami Beach, Mark Taxis ocupou cargos de lideran\u00e7a em munic\u00edpios locais na regi\u00e3o do Sul da Fl\u00f3rida, atuando como Gerente Municipal Assistente da Prefeitura de Doral. Como Gerente Municipal Assistente de Doral, ele atuou como Diretor de Gest\u00e3o de Desempenho da Prefeitura, o que incluiu a implementa\u00e7\u00e3o e supervis\u00e3o do Plano Estrat\u00e9gico e das Medidas de Desempenho da Prefeitura. Nessa fun\u00e7\u00e3o, Mark Taxis administrou todas as fases dos projetos de melhorias de capital, desde o Projeto de Recupera\u00e7\u00e3o de \u00c1gua at\u00e9 a constru\u00e7\u00e3o do novo Centro de Governo da Cidade. Antes de ascender a Gerente Municipal Assistente, Mark Taxis atuou como Diretor de Parques e Recrea\u00e7\u00e3o da Prefeitura de Doral, onde iniciou, supervisionou e concluiu os Planos Diretores de quatro (4) parques municipais. Al\u00e9m disso, ele garantiu contratos de projeto e constru\u00e7\u00e3o e supervisionou a constru\u00e7\u00e3o de projetos totalizando mais de $20 milh\u00f5es.<\/p>\n<p>Mark Taxis obteve seu Bacharelado em Ci\u00eancia Pol\u00edtica pela Florida International University, aqui no sul da Fl\u00f3rida. Ele retornaria \u00e0 Florida International University para obter seu Mestrado em Administra\u00e7\u00e3o P\u00fablica. Mesmo assim, ele continua sendo um \u00e1vido torcedor de futebol americano do Florida State Seminoles. Mark Taxis \u00e9 membro da International City\/County Management Association (\u201cICMA\u201d) e da Florida City\/County Management Association (\u201cFCCMA\u201d). Al\u00e9m disso, atuou anteriormente como Presidente da Miami-Dade City and County Management Association (\u201cMDCCMA\u201d).<\/p>\n<p>A paix\u00e3o de Mark Taxis pela cidade de Miami Beach vem dos fins de semana que passava em Miami Beach com seus pais quando crian\u00e7a. At\u00e9 hoje, Mark Taxis olha com carinho para 14<sup>\u00ba<\/sup>\u00a0Street e Ocean Drive. Foi l\u00e1 que seu pai se apaixonou por Miami Beach em 1944, enquanto se hospedava no Hotel Shepley durante o treinamento antes da mobiliza\u00e7\u00e3o. Ap\u00f3s o fim da guerra, os pais de Mark Taxis se estabeleceram no sul da Fl\u00f3rida e fizeram deste lugar seu lar.<\/p>","protected":false},"excerpt":{"rendered":"<p>Mark Taxis Assistant City Manager Email MarkTaxis@miamibeachfl.gov Phone 305.673.7010 City Manager Website View City Manager Website Areas of Responsibility: Code [&hellip;]<\/p>\n","protected":false},"author":222,"featured_media":334290,"parent":261112,"menu_order":9,"comment_status":"closed","ping_status":"closed","template":"","meta":{"_searchwp_excluded":"","site-sidebar-layout":"default","site-content-layout":"","ast-site-content-layout":"default","site-content-style":"default","site-sidebar-style":"default","ast-global-header-display":"","ast-banner-title-visibility":"","ast-main-header-display":"","ast-hfb-above-header-display":"","ast-hfb-below-header-display":"","ast-hfb-mobile-header-display":"","site-post-title":"","ast-breadcrumbs-content":"","ast-featured-img":"","footer-sml-layout":"","theme-transparent-header-meta":"","adv-header-id-meta":"","stick-header-meta":"","header-above-stick-meta":"","header-main-stick-meta":"","header-below-stick-meta":"","astra-migrate-meta-layouts":"default","ast-page-background-enabled":"default","ast-page-background-meta":{"desktop":{"background-color":"var(--ast-global-color-5)","background-image":"","background-repeat":"repeat","background-position":"center center","background-size":"auto","background-attachment":"scroll","background-type":"","background-media":"","overlay-type":"","overlay-color":"","overlay-opacity":"","overlay-gradient":""},"tablet":{"background-color":"","background-image":"","background-repeat":"repeat","background-position":"center center","background-size":"auto","background-attachment":"scroll","background-type":"","background-media":"","overlay-type":"","overlay-color":"","overlay-opacity":"","overlay-gradient":""},"mobile":{"background-color":"","background-image":"","background-repeat":"repeat","background-position":"center center","background-size":"auto","background-attachment":"scroll","background-type":"","background-media":"","overlay-type":"","overlay-color":"","overlay-opacity":"","overlay-gradient":""}},"ast-content-background-meta":{"desktop":{"background-color":"var(--ast-global-color-4)","background-image":"","background-repeat":"repeat","background-position":"center center","background-size":"auto","background-attachment":"scroll","background-type":"","background-media":"","overlay-type":"","overlay-color":"","overlay-opacity":"","overlay-gradient":""},"tablet":{"background-color":"var(--ast-global-color-4)","background-image":"","background-repeat":"repeat","background-position":"center center","background-size":"auto","background-attachment":"scroll","background-type":"","background-media":"","overlay-type":"","overlay-color":"","overlay-opacity":"","overlay-gradient":""},"mobile":{"background-color":"var(--ast-global-color-4)","background-image":"","background-repeat":"repeat","background-position":"center center","background-size":"auto","background-attachment":"scroll","background-type":"","background-media":"","overlay-type":"","overlay-color":"","overlay-opacity":"","overlay-gradient":""}},"footnotes":""},"categories":[],"tags":[961,959,960],"class_list":["post-261114","page","type-page","status-publish","has-post-thumbnail","hentry","tag-staff-city-manager-team","tag-mark-taxis-staff","tag-staff"],"yoast_head":"<!-- This site is optimized with the Yoast SEO Premium plugin v27.4 (Yoast SEO v27.4) - https:\/\/yoast.com\/product\/yoast-seo-premium-wordpress\/ -->\n<title>Mark Taxis Assistant City Manager - City of Miami Beach<\/title>\n<meta name=\"description\" content=\"Mark Taxis is a lifelong government professional with over forty (40) years of leadership experience. He has an extensive financial background, working with strict budgetary limits. He has an exceptional ability to rationally process and react to emergency situations. Mark Taxis&#039; skill in adapting to a fast-paced political agenda has made him a perfect fit for an international city like Miami Beach.\" \/>\n<meta name=\"robots\" content=\"index, follow, max-snippet:-1, max-image-preview:large, max-video-preview:-1\" \/>\n<link rel=\"canonical\" href=\"https:\/\/www.miamibeachfl.gov\/pt\/staff\/mark-taxis\/\" \/>\n<meta property=\"og:locale\" content=\"pt_BR\" \/>\n<meta property=\"og:type\" content=\"article\" \/>\n<meta property=\"og:title\" content=\"Mark Taxis Assistant City Manager\" \/>\n<meta property=\"og:description\" content=\"Mark Taxis is a lifelong government professional with over forty (40) years of leadership experience. He has an extensive financial background, working with strict budgetary limits. He has an exceptional ability to rationally process and react to emergency situations. Mark Taxis&#039; skill in adapting to a fast-paced political agenda has made him a perfect fit for an international city like Miami Beach.\" \/>\n<meta property=\"og:url\" content=\"https:\/\/www.miamibeachfl.gov\/pt\/staff\/mark-taxis\/\" \/>\n<meta property=\"og:site_name\" content=\"City of Miami Beach\" \/>\n<meta property=\"article:publisher\" content=\"https:\/\/www.facebook.com\/cityofmiamibeach\" \/>\n<meta property=\"article:modified_time\" content=\"2025-12-30T21:53:08+00:00\" \/>\n<meta property=\"og:image\" content=\"https:\/\/www.miamibeachfl.gov\/wp-content\/uploads\/2024\/08\/MarkTaxis_2024.png\" \/>\n\t<meta property=\"og:image:width\" content=\"250\" \/>\n\t<meta property=\"og:image:height\" content=\"250\" \/>\n\t<meta property=\"og:image:type\" content=\"image\/png\" \/>\n<meta name=\"twitter:card\" content=\"summary_large_image\" \/>\n<meta name=\"twitter:site\" content=\"@Miamibeachnews\" \/>\n<script type=\"application\/ld+json\" class=\"yoast-schema-graph\">{\"@context\":\"https:\\\/\\\/schema.org\",\"@graph\":[{\"@type\":\"WebPage\",\"@id\":\"https:\\\/\\\/www.miamibeachfl.gov\\\/staff\\\/mark-taxis\\\/\",\"url\":\"https:\\\/\\\/www.miamibeachfl.gov\\\/staff\\\/mark-taxis\\\/\",\"name\":\"Mark Taxis Assistant City Manager - City of Miami Beach\",\"isPartOf\":{\"@id\":\"https:\\\/\\\/www.miamibeachfl.gov\\\/#website\"},\"primaryImageOfPage\":{\"@id\":\"https:\\\/\\\/www.miamibeachfl.gov\\\/staff\\\/mark-taxis\\\/#primaryimage\"},\"image\":{\"@id\":\"https:\\\/\\\/www.miamibeachfl.gov\\\/staff\\\/mark-taxis\\\/#primaryimage\"},\"thumbnailUrl\":\"https:\\\/\\\/www.miamibeachfl.gov\\\/wp-content\\\/uploads\\\/2024\\\/08\\\/MarkTaxis_2024.png\",\"datePublished\":\"2023-05-24T11:28:29+00:00\",\"dateModified\":\"2025-12-30T21:53:08+00:00\",\"description\":\"Mark Taxis is a lifelong government professional with over forty (40) years of leadership experience. He has an extensive financial background, working with strict budgetary limits. He has an exceptional ability to rationally process and react to emergency situations. Mark Taxis' skill in adapting to a fast-paced political agenda has made him a perfect fit for an international city like Miami Beach.\",\"breadcrumb\":{\"@id\":\"https:\\\/\\\/www.miamibeachfl.gov\\\/staff\\\/mark-taxis\\\/#breadcrumb\"},\"inLanguage\":\"pt-BR\",\"potentialAction\":[{\"@type\":\"ReadAction\",\"target\":[\"https:\\\/\\\/www.miamibeachfl.gov\\\/staff\\\/mark-taxis\\\/\"]}]},{\"@type\":\"ImageObject\",\"inLanguage\":\"pt-BR\",\"@id\":\"https:\\\/\\\/www.miamibeachfl.gov\\\/staff\\\/mark-taxis\\\/#primaryimage\",\"url\":\"https:\\\/\\\/www.miamibeachfl.gov\\\/wp-content\\\/uploads\\\/2024\\\/08\\\/MarkTaxis_2024.png\",\"contentUrl\":\"https:\\\/\\\/www.miamibeachfl.gov\\\/wp-content\\\/uploads\\\/2024\\\/08\\\/MarkTaxis_2024.png\",\"width\":250,\"height\":250,\"caption\":\"Mark Taxis\"},{\"@type\":\"BreadcrumbList\",\"@id\":\"https:\\\/\\\/www.miamibeachfl.gov\\\/staff\\\/mark-taxis\\\/#breadcrumb\",\"itemListElement\":[{\"@type\":\"ListItem\",\"position\":1,\"name\":\"Home\",\"item\":\"https:\\\/\\\/www.miamibeachfl.gov\\\/\"},{\"@type\":\"ListItem\",\"position\":2,\"name\":\"Staff\",\"item\":\"https:\\\/\\\/www.miamibeachfl.gov\\\/staff\\\/\"},{\"@type\":\"ListItem\",\"position\":3,\"name\":\"Mark Taxis Assistant City Manager\"}]},{\"@type\":\"WebSite\",\"@id\":\"https:\\\/\\\/www.miamibeachfl.gov\\\/#website\",\"url\":\"https:\\\/\\\/www.miamibeachfl.gov\\\/\",\"name\":\"City of Miami Beach\",\"description\":\"The official website of the City of Miami Beach. Stay informed, find important information on city services, news, alerts, events, trolley routes, government employment and more.\",\"publisher\":{\"@id\":\"https:\\\/\\\/www.miamibeachfl.gov\\\/#organization\"},\"potentialAction\":[{\"@type\":\"SearchAction\",\"target\":{\"@type\":\"EntryPoint\",\"urlTemplate\":\"https:\\\/\\\/www.miamibeachfl.gov\\\/?s={search_term_string}\"},\"query-input\":{\"@type\":\"PropertyValueSpecification\",\"valueRequired\":true,\"valueName\":\"search_term_string\"}}],\"inLanguage\":\"pt-BR\"},{\"@type\":\"Organization\",\"@id\":\"https:\\\/\\\/www.miamibeachfl.gov\\\/#organization\",\"name\":\"City of Miami Beach\",\"url\":\"https:\\\/\\\/www.miamibeachfl.gov\\\/\",\"logo\":{\"@type\":\"ImageObject\",\"inLanguage\":\"pt-BR\",\"@id\":\"https:\\\/\\\/www.miamibeachfl.gov\\\/#\\\/schema\\\/logo\\\/image\\\/\",\"url\":\"https:\\\/\\\/www.miamibeachfl.gov\\\/wp-content\\\/uploads\\\/2022\\\/06\\\/miamibeach-logoblue.png\",\"contentUrl\":\"https:\\\/\\\/www.miamibeachfl.gov\\\/wp-content\\\/uploads\\\/2022\\\/06\\\/miamibeach-logoblue.png\",\"width\":1962,\"height\":381,\"caption\":\"City of Miami Beach\"},\"image\":{\"@id\":\"https:\\\/\\\/www.miamibeachfl.gov\\\/#\\\/schema\\\/logo\\\/image\\\/\"},\"sameAs\":[\"https:\\\/\\\/www.facebook.com\\\/cityofmiamibeach\",\"https:\\\/\\\/x.com\\\/Miamibeachnews\",\"https:\\\/\\\/www.instagram.com\\\/miamibeachnews\\\/\"],\"description\":\"The official website of the City of Miami Beach. Stay informed, find important information on city services, news, alerts, events, trolley routes, government employment and more.\",\"telephone\":\"305.604.CITY(2489)\",\"legalName\":\"City of Miami Beach\"}]}<\/script>\n<!-- \/ Yoast SEO Premium plugin. -->","yoast_head_json":{"title":"Mark Taxis Gerente Municipal Assistente - Cidade de Miami Beach","description":"Mark Taxis \u00e9 um profissional de governo com mais de quarenta (40) anos de experi\u00eancia em lideran\u00e7a. Possui vasta experi\u00eancia em finan\u00e7as, trabalhando com limites or\u00e7ament\u00e1rios rigorosos. Possui uma capacidade excepcional para processar e reagir racionalmente a situa\u00e7\u00f5es de emerg\u00eancia. Sua habilidade de se adaptar a uma agenda pol\u00edtica din\u00e2mica o tornou perfeito para uma cidade internacional como Miami Beach.","robots":{"index":"index","follow":"follow","max-snippet":"max-snippet:-1","max-image-preview":"max-image-preview:large","max-video-preview":"max-video-preview:-1"},"canonical":"https:\/\/www.miamibeachfl.gov\/pt\/staff\/mark-taxis\/","og_locale":"pt_BR","og_type":"article","og_title":"Mark Taxis Assistant City Manager","og_description":"Mark Taxis is a lifelong government professional with over forty (40) years of leadership experience. He has an extensive financial background, working with strict budgetary limits. He has an exceptional ability to rationally process and react to emergency situations. Mark Taxis' skill in adapting to a fast-paced political agenda has made him a perfect fit for an international city like Miami Beach.","og_url":"https:\/\/www.miamibeachfl.gov\/pt\/staff\/mark-taxis\/","og_site_name":"City of Miami Beach","article_publisher":"https:\/\/www.facebook.com\/cityofmiamibeach","article_modified_time":"2025-12-30T21:53:08+00:00","og_image":[{"width":250,"height":250,"url":"https:\/\/www.miamibeachfl.gov\/wp-content\/uploads\/2024\/08\/MarkTaxis_2024.png","type":"image\/png"}],"twitter_card":"summary_large_image","twitter_site":"@Miamibeachnews","schema":{"@context":"https:\/\/schema.org","@graph":[{"@type":"WebPage","@id":"https:\/\/www.miamibeachfl.gov\/staff\/mark-taxis\/","url":"https:\/\/www.miamibeachfl.gov\/staff\/mark-taxis\/","name":"Mark Taxis Gerente Municipal Assistente - Cidade de Miami Beach","isPartOf":{"@id":"https:\/\/www.miamibeachfl.gov\/#website"},"primaryImageOfPage":{"@id":"https:\/\/www.miamibeachfl.gov\/staff\/mark-taxis\/#primaryimage"},"image":{"@id":"https:\/\/www.miamibeachfl.gov\/staff\/mark-taxis\/#primaryimage"},"thumbnailUrl":"https:\/\/www.miamibeachfl.gov\/wp-content\/uploads\/2024\/08\/MarkTaxis_2024.png","datePublished":"2023-05-24T11:28:29+00:00","dateModified":"2025-12-30T21:53:08+00:00","description":"Mark Taxis \u00e9 um profissional de governo com mais de quarenta (40) anos de experi\u00eancia em lideran\u00e7a. Possui vasta experi\u00eancia em finan\u00e7as, trabalhando com limites or\u00e7ament\u00e1rios rigorosos. Possui uma capacidade excepcional para processar e reagir racionalmente a situa\u00e7\u00f5es de emerg\u00eancia. Sua habilidade de se adaptar a uma agenda pol\u00edtica din\u00e2mica o tornou perfeito para uma cidade internacional como Miami Beach.","breadcrumb":{"@id":"https:\/\/www.miamibeachfl.gov\/staff\/mark-taxis\/#breadcrumb"},"inLanguage":"pt-BR","potentialAction":[{"@type":"ReadAction","target":["https:\/\/www.miamibeachfl.gov\/staff\/mark-taxis\/"]}]},{"@type":"ImageObject","inLanguage":"pt-BR","@id":"https:\/\/www.miamibeachfl.gov\/staff\/mark-taxis\/#primaryimage","url":"https:\/\/www.miamibeachfl.gov\/wp-content\/uploads\/2024\/08\/MarkTaxis_2024.png","contentUrl":"https:\/\/www.miamibeachfl.gov\/wp-content\/uploads\/2024\/08\/MarkTaxis_2024.png","width":250,"height":250,"caption":"Mark Taxis"},{"@type":"BreadcrumbList","@id":"https:\/\/www.miamibeachfl.gov\/staff\/mark-taxis\/#breadcrumb","itemListElement":[{"@type":"ListItem","position":1,"name":"Home","item":"https:\/\/www.miamibeachfl.gov\/"},{"@type":"ListItem","position":2,"name":"Staff","item":"https:\/\/www.miamibeachfl.gov\/staff\/"},{"@type":"ListItem","position":3,"name":"Mark Taxis Assistant City Manager"}]},{"@type":"WebSite","@id":"https:\/\/www.miamibeachfl.gov\/#website","url":"https:\/\/www.miamibeachfl.gov\/","name":"Cidade de Miami Beach","description":"Site oficial da cidade de Miami Beach. Mantenha-se informado e encontre informa\u00e7\u00f5es importantes sobre servi\u00e7os municipais, not\u00edcias, alertas, eventos, rotas de bonde, empregos p\u00fablicos e muito mais.","publisher":{"@id":"https:\/\/www.miamibeachfl.gov\/#organization"},"potentialAction":[{"@type":"SearchAction","target":{"@type":"EntryPoint","urlTemplate":"https:\/\/www.miamibeachfl.gov\/?s={search_term_string}"},"query-input":{"@type":"PropertyValueSpecification","valueRequired":true,"valueName":"search_term_string"}}],"inLanguage":"pt-BR"},{"@type":"Organization","@id":"https:\/\/www.miamibeachfl.gov\/#organization","name":"Cidade de Miami Beach","url":"https:\/\/www.miamibeachfl.gov\/","logo":{"@type":"ImageObject","inLanguage":"pt-BR","@id":"https:\/\/www.miamibeachfl.gov\/#\/schema\/logo\/image\/","url":"https:\/\/www.miamibeachfl.gov\/wp-content\/uploads\/2022\/06\/miamibeach-logoblue.png","contentUrl":"https:\/\/www.miamibeachfl.gov\/wp-content\/uploads\/2022\/06\/miamibeach-logoblue.png","width":1962,"height":381,"caption":"City of Miami Beach"},"image":{"@id":"https:\/\/www.miamibeachfl.gov\/#\/schema\/logo\/image\/"},"sameAs":["https:\/\/www.facebook.com\/cityofmiamibeach","https:\/\/x.com\/Miamibeachnews","https:\/\/www.instagram.com\/miamibeachnews\/"],"description":"Site oficial da cidade de Miami Beach. Mantenha-se informado e encontre informa\u00e7\u00f5es importantes sobre servi\u00e7os municipais, not\u00edcias, alertas, eventos, rotas de bonde, empregos p\u00fablicos e muito mais.","telephone":"305.604.CITY(2489)","legalName":"City of Miami Beach"}]}},"_links":{"self":[{"href":"https:\/\/www.miamibeachfl.gov\/pt\/wp-json\/wp\/v2\/pages\/261114","targetHints":{"allow":["GET"]}}],"collection":[{"href":"https:\/\/www.miamibeachfl.gov\/pt\/wp-json\/wp\/v2\/pages"}],"about":[{"href":"https:\/\/www.miamibeachfl.gov\/pt\/wp-json\/wp\/v2\/types\/page"}],"author":[{"embeddable":true,"href":"https:\/\/www.miamibeachfl.gov\/pt\/wp-json\/wp\/v2\/users\/222"}],"replies":[{"embeddable":true,"href":"https:\/\/www.miamibeachfl.gov\/pt\/wp-json\/wp\/v2\/comments?post=261114"}],"version-history":[{"count":1,"href":"https:\/\/www.miamibeachfl.gov\/pt\/wp-json\/wp\/v2\/pages\/261114\/revisions"}],"predecessor-version":[{"id":394137,"href":"https:\/\/www.miamibeachfl.gov\/pt\/wp-json\/wp\/v2\/pages\/261114\/revisions\/394137"}],"up":[{"embeddable":true,"href":"https:\/\/www.miamibeachfl.gov\/pt\/wp-json\/wp\/v2\/pages\/261112"}],"wp:featuredmedia":[{"embeddable":true,"href":"https:\/\/www.miamibeachfl.gov\/pt\/wp-json\/wp\/v2\/media\/334290"}],"wp:attachment":[{"href":"https:\/\/www.miamibeachfl.gov\/pt\/wp-json\/wp\/v2\/media?parent=261114"}],"wp:term":[{"taxonomy":"category","embeddable":true,"href":"https:\/\/www.miamibeachfl.gov\/pt\/wp-json\/wp\/v2\/categories?post=261114"},{"taxonomy":"post_tag","embeddable":true,"href":"https:\/\/www.miamibeachfl.gov\/pt\/wp-json\/wp\/v2\/tags?post=261114"}],"curies":[{"name":"wp","href":"https:\/\/api.w.org\/{rel}","templated":true}]}}