{"id":261167,"date":"2023-05-24T09:31:17","date_gmt":"2023-05-24T13:31:17","guid":{"rendered":"https:\/\/www.miamibeachfl.gov\/?page_id=261167"},"modified":"2025-12-19T10:36:41","modified_gmt":"2025-12-19T15:36:41","slug":"eric-carpenter","status":"publish","type":"page","link":"https:\/\/www.miamibeachfl.gov\/pt\/staff\/eric-carpenter\/","title":{"rendered":"Eric Carpenter <br><span style=\"font-size:18px\">Gerente da cidade<\/span>"},"content":{"rendered":"<img decoding=\"async\" src=\"https:\/\/www.miamibeachfl.gov\/wp-content\/uploads\/bb-plugin\/cache\/EricCarpenter-round0924-circle.png\" alt=\"City Manager Eric Carpenter\" title=\"EricCarpenter-round0924\" itemprop=\"image\"\/>\n\t\t<h1>\n\t\t\tEric Carpenter\t<\/h1>\n<h2>\n\t\t\tGerente da cidade\t<\/h2>\n\t<ul>\n\t\t<li>\t\t\t\t\n\t\t<h3>E-mail:<\/h3><p><a href=\"mailto:EricCarpenter@miamibeachfl.gov\"><strong>EricCarpenter@miamibeachfl.gov<\/strong><\/a><\/p><\/li><li>\t\t\t\t\n\t\t<h3>Telefone:<\/h3><p><strong><a href=\"tel:3056737010\">305.673.7010<\/a><\/strong><\/p><\/li><li>\t\t\t\t\n\t\t<h3>Site<\/h3><p><strong><a href=\"https:\/\/www.miamibeachfl.gov\/pt\/city-hall\/city-manager\/\">Visite o site do Administrador Municipal.<\/a><\/strong><\/p><\/li>\t<\/ul>\n\t<p>Com mais de uma d\u00e9cada de servi\u00e7o aos moradores de Miami Beach, o administrador municipal Eric T. Carpenter traz uma vasta experi\u00eancia para o cargo executivo mais alto da cidade, juntamente com uma merecida reputa\u00e7\u00e3o como um l\u00edder compassivo e transformador.<\/p>\n<p>Desde sua nomea\u00e7\u00e3o como gestor municipal em julho de 2024, Eric agora lidera mais de 2.300 funcion\u00e1rios municipais e supervisiona cerca de duas d\u00fazias de departamentos, incluindo os departamentos de Pol\u00edcia de Miami Beach e Bombeiros de Miami Beach.<\/p>\n<p>Engenheiro licenciado, Eric ingressou na cidade em 2013 como diretor de obras p\u00fablicas. Foi promovido ao cargo de vice-prefeito em 2015 e vice-prefeito em 2021.<\/p>\n<p>Como negociador, Eric liderou diversos acordos de desenvolvimento em nome da cidade, avaliados em mais de $750 milh\u00f5es. Os acordos resultaram em aproximadamente 15 acres de \u00e1rea verde adicional para o usufruto dos moradores da cidade em algumas das \u00e1reas mais densamente povoadas de Miami Beach. Ele supervisionou melhorias p\u00fablicas avaliadas em mais de $75 milh\u00f5es, bem como unidades habitacionais acess\u00edveis e para trabalhadores, que proporcionar\u00e3o oportunidades adicionais para diversificar a popula\u00e7\u00e3o residencial.<\/p>\n<p>Eric esteve fortemente envolvido na aprova\u00e7\u00e3o e implementa\u00e7\u00e3o do programa de t\u00edtulos de obriga\u00e7\u00e3o geral liderado por eleitores de $439 milh\u00f5es em 2018. Al\u00e9m disso, ele foi fundamental para encontrar um caminho para levantar mais de $300 milh\u00f5es em capital para a adapta\u00e7\u00e3o da cidade \u00e0 eleva\u00e7\u00e3o do n\u00edvel do mar por meio de m\u00e9todos criativos, como financiamento de aumento de impostos e estrutura\u00e7\u00e3o de servi\u00e7os p\u00fablicos de \u00e1guas pluviais.<\/p>\n<p>Ele tamb\u00e9m liderou o esfor\u00e7o para concluir a reforma do Centro de Conven\u00e7\u00f5es de Miami Beach, uma melhoria de quase $600 milh\u00f5es que posicionou o local melhor para competir em eventos de conven\u00e7\u00f5es de alto padr\u00e3o. Ele desempenhou um papel fundamental na cria\u00e7\u00e3o da Ag\u00eancia de Redesenvolvimento Comunit\u00e1rio em North Beach, que financiar\u00e1 melhorias na comunidade nos pr\u00f3ximos anos. Al\u00e9m disso, ajudou a superar os desafios de operar uma economia baseada no turismo durante a pandemia de COVID-19, o que exigiu ajustes or\u00e7ament\u00e1rios significativos no meio do ano e licen\u00e7as de funcion\u00e1rios para evitar demiss\u00f5es generalizadas.<\/p>\n<p>Antes de ingressar na cidade, Eric atuou como diretor de Obras P\u00fablicas da cidade de Doral de 2006 a 2013. Ele foi reconhecido como Engenheiro Governamental do Ano de 2010 pela filial de Miami-Dade da Sociedade Americana de Engenheiros Civis.<\/p>\n<p>Eric recebeu o t\u00edtulo de Bacharel em Ci\u00eancias em Engenharia Civil com especializa\u00e7\u00e3o em Qu\u00edmica pela Universidade de Maryland em 1997. Ele tamb\u00e9m possui uma Certifica\u00e7\u00e3o OSHA-40 (mais 8 horas de Treinamento de Supervis\u00e3o OSHA) e uma Certifica\u00e7\u00e3o de Manuten\u00e7\u00e3o Intermedi\u00e1ria de Tr\u00e1fego (MOT) do Departamento de Transportes da Fl\u00f3rida, bem como uma Qualifica\u00e7\u00e3o de Gest\u00e3o de Qualidade de Constru\u00e7\u00e3o para Contratantes do Corpo de Engenheiros do Ex\u00e9rcito dos EUA.<\/p>\n<p>Ele continua sendo um membro ativo da filial do sul da Fl\u00f3rida da American Public Works Association, onde atuou como presidente do conselho executivo de 2017 a 2019.<\/p>\n<p>Ele e sua esposa, Courtney, t\u00eam dois filhos.<\/p>","protected":false},"excerpt":{"rendered":"<p>Eric Carpenter City Manager Email: EricCarpenter@miamibeachfl.gov Phone: 305.673.7010 Website Visit City Manager Website With more than a decade of service [&hellip;]<\/p>\n","protected":false},"author":222,"featured_media":339170,"parent":261112,"menu_order":8,"comment_status":"closed","ping_status":"closed","template":"","meta":{"_searchwp_excluded":"","site-sidebar-layout":"default","site-content-layout":"","ast-site-content-layout":"default","site-content-style":"default","site-sidebar-style":"default","ast-global-header-display":"","ast-banner-title-visibility":"","ast-main-header-display":"","ast-hfb-above-header-display":"","ast-hfb-below-header-display":"","ast-hfb-mobile-header-display":"","site-post-title":"","ast-breadcrumbs-content":"","ast-featured-img":"","footer-sml-layout":"","theme-transparent-header-meta":"","adv-header-id-meta":"","stick-header-meta":"","header-above-stick-meta":"","header-main-stick-meta":"","header-below-stick-meta":"","astra-migrate-meta-layouts":"default","ast-page-background-enabled":"default","ast-page-background-meta":{"desktop":{"background-color":"var(--ast-global-color-5)","background-image":"","background-repeat":"repeat","background-position":"center center","background-size":"auto","background-attachment":"scroll","background-type":"","background-media":"","overlay-type":"","overlay-color":"","overlay-opacity":"","overlay-gradient":""},"tablet":{"background-color":"","background-image":"","background-repeat":"repeat","background-position":"center center","background-size":"auto","background-attachment":"scroll","background-type":"","background-media":"","overlay-type":"","overlay-color":"","overlay-opacity":"","overlay-gradient":""},"mobile":{"background-color":"","background-image":"","background-repeat":"repeat","background-position":"center center","background-size":"auto","background-attachment":"scroll","background-type":"","background-media":"","overlay-type":"","overlay-color":"","overlay-opacity":"","overlay-gradient":""}},"ast-content-background-meta":{"desktop":{"background-color":"var(--ast-global-color-4)","background-image":"","background-repeat":"repeat","background-position":"center center","background-size":"auto","background-attachment":"scroll","background-type":"","background-media":"","overlay-type":"","overlay-color":"","overlay-opacity":"","overlay-gradient":""},"tablet":{"background-color":"var(--ast-global-color-4)","background-image":"","background-repeat":"repeat","background-position":"center center","background-size":"auto","background-attachment":"scroll","background-type":"","background-media":"","overlay-type":"","overlay-color":"","overlay-opacity":"","overlay-gradient":""},"mobile":{"background-color":"var(--ast-global-color-4)","background-image":"","background-repeat":"repeat","background-position":"center center","background-size":"auto","background-attachment":"scroll","background-type":"","background-media":"","overlay-type":"","overlay-color":"","overlay-opacity":"","overlay-gradient":""}},"footnotes":""},"categories":[],"tags":[961,963,960],"class_list":["post-261167","page","type-page","status-publish","has-post-thumbnail","hentry","tag-staff-city-manager-team","tag-eric-carpenter-staff","tag-staff"],"yoast_head":"<!-- This site is optimized with the Yoast SEO Premium plugin v27.4 (Yoast SEO v27.4) - https:\/\/yoast.com\/product\/yoast-seo-premium-wordpress\/ -->\n<title>Eric Carpenter City Manager - City of Miami Beach<\/title>\n<meta name=\"description\" content=\"Eric T. Carpenter, P.E. is a strategic, collaborative, and perceptive leader who currently serves as the Deputy City Manager for the City of Miami Beach.\" \/>\n<meta name=\"robots\" content=\"index, follow, max-snippet:-1, max-image-preview:large, max-video-preview:-1\" \/>\n<link rel=\"canonical\" href=\"https:\/\/www.miamibeachfl.gov\/pt\/staff\/eric-carpenter\/\" \/>\n<meta property=\"og:locale\" content=\"pt_BR\" \/>\n<meta property=\"og:type\" content=\"article\" \/>\n<meta property=\"og:title\" content=\"Eric Carpenter City Manager\" \/>\n<meta property=\"og:description\" content=\"Eric T. Carpenter, P.E. is a strategic, collaborative, and perceptive leader who currently serves as the Deputy City Manager for the City of Miami Beach.\" \/>\n<meta property=\"og:url\" content=\"https:\/\/www.miamibeachfl.gov\/pt\/staff\/eric-carpenter\/\" \/>\n<meta property=\"og:site_name\" content=\"City of Miami Beach\" \/>\n<meta property=\"article:publisher\" content=\"https:\/\/www.facebook.com\/cityofmiamibeach\" \/>\n<meta property=\"article:modified_time\" content=\"2025-12-19T15:36:41+00:00\" \/>\n<meta property=\"og:image\" content=\"https:\/\/www.miamibeachfl.gov\/wp-content\/uploads\/2024\/09\/EricCarpenter-round0924.png\" \/>\n\t<meta property=\"og:image:width\" content=\"250\" \/>\n\t<meta property=\"og:image:height\" content=\"250\" \/>\n\t<meta property=\"og:image:type\" content=\"image\/png\" \/>\n<meta name=\"twitter:card\" content=\"summary_large_image\" \/>\n<meta name=\"twitter:site\" content=\"@Miamibeachnews\" \/>\n<script type=\"application\/ld+json\" class=\"yoast-schema-graph\">{\"@context\":\"https:\\\/\\\/schema.org\",\"@graph\":[{\"@type\":\"WebPage\",\"@id\":\"https:\\\/\\\/www.miamibeachfl.gov\\\/staff\\\/eric-carpenter\\\/\",\"url\":\"https:\\\/\\\/www.miamibeachfl.gov\\\/staff\\\/eric-carpenter\\\/\",\"name\":\"Eric Carpenter City Manager - City of Miami Beach\",\"isPartOf\":{\"@id\":\"https:\\\/\\\/www.miamibeachfl.gov\\\/#website\"},\"primaryImageOfPage\":{\"@id\":\"https:\\\/\\\/www.miamibeachfl.gov\\\/staff\\\/eric-carpenter\\\/#primaryimage\"},\"image\":{\"@id\":\"https:\\\/\\\/www.miamibeachfl.gov\\\/staff\\\/eric-carpenter\\\/#primaryimage\"},\"thumbnailUrl\":\"https:\\\/\\\/www.miamibeachfl.gov\\\/wp-content\\\/uploads\\\/2024\\\/09\\\/EricCarpenter-round0924.png\",\"datePublished\":\"2023-05-24T13:31:17+00:00\",\"dateModified\":\"2025-12-19T15:36:41+00:00\",\"description\":\"Eric T. Carpenter, P.E. is a strategic, collaborative, and perceptive leader who currently serves as the Deputy City Manager for the City of Miami Beach.\",\"breadcrumb\":{\"@id\":\"https:\\\/\\\/www.miamibeachfl.gov\\\/staff\\\/eric-carpenter\\\/#breadcrumb\"},\"inLanguage\":\"pt-BR\",\"potentialAction\":[{\"@type\":\"ReadAction\",\"target\":[\"https:\\\/\\\/www.miamibeachfl.gov\\\/staff\\\/eric-carpenter\\\/\"]}]},{\"@type\":\"ImageObject\",\"inLanguage\":\"pt-BR\",\"@id\":\"https:\\\/\\\/www.miamibeachfl.gov\\\/staff\\\/eric-carpenter\\\/#primaryimage\",\"url\":\"https:\\\/\\\/www.miamibeachfl.gov\\\/wp-content\\\/uploads\\\/2024\\\/09\\\/EricCarpenter-round0924.png\",\"contentUrl\":\"https:\\\/\\\/www.miamibeachfl.gov\\\/wp-content\\\/uploads\\\/2024\\\/09\\\/EricCarpenter-round0924.png\",\"width\":250,\"height\":250,\"caption\":\"City Manager Eric Carpenter\"},{\"@type\":\"BreadcrumbList\",\"@id\":\"https:\\\/\\\/www.miamibeachfl.gov\\\/staff\\\/eric-carpenter\\\/#breadcrumb\",\"itemListElement\":[{\"@type\":\"ListItem\",\"position\":1,\"name\":\"Home\",\"item\":\"https:\\\/\\\/www.miamibeachfl.gov\\\/\"},{\"@type\":\"ListItem\",\"position\":2,\"name\":\"Staff\",\"item\":\"https:\\\/\\\/www.miamibeachfl.gov\\\/staff\\\/\"},{\"@type\":\"ListItem\",\"position\":3,\"name\":\"Eric Carpenter City Manager\"}]},{\"@type\":\"WebSite\",\"@id\":\"https:\\\/\\\/www.miamibeachfl.gov\\\/#website\",\"url\":\"https:\\\/\\\/www.miamibeachfl.gov\\\/\",\"name\":\"City of Miami Beach\",\"description\":\"The official website of the City of Miami Beach. Stay informed, find important information on city services, news, alerts, events, trolley routes, government employment and more.\",\"publisher\":{\"@id\":\"https:\\\/\\\/www.miamibeachfl.gov\\\/#organization\"},\"potentialAction\":[{\"@type\":\"SearchAction\",\"target\":{\"@type\":\"EntryPoint\",\"urlTemplate\":\"https:\\\/\\\/www.miamibeachfl.gov\\\/?s={search_term_string}\"},\"query-input\":{\"@type\":\"PropertyValueSpecification\",\"valueRequired\":true,\"valueName\":\"search_term_string\"}}],\"inLanguage\":\"pt-BR\"},{\"@type\":\"Organization\",\"@id\":\"https:\\\/\\\/www.miamibeachfl.gov\\\/#organization\",\"name\":\"City of Miami Beach\",\"url\":\"https:\\\/\\\/www.miamibeachfl.gov\\\/\",\"logo\":{\"@type\":\"ImageObject\",\"inLanguage\":\"pt-BR\",\"@id\":\"https:\\\/\\\/www.miamibeachfl.gov\\\/#\\\/schema\\\/logo\\\/image\\\/\",\"url\":\"https:\\\/\\\/www.miamibeachfl.gov\\\/wp-content\\\/uploads\\\/2022\\\/06\\\/miamibeach-logoblue.png\",\"contentUrl\":\"https:\\\/\\\/www.miamibeachfl.gov\\\/wp-content\\\/uploads\\\/2022\\\/06\\\/miamibeach-logoblue.png\",\"width\":1962,\"height\":381,\"caption\":\"City of Miami Beach\"},\"image\":{\"@id\":\"https:\\\/\\\/www.miamibeachfl.gov\\\/#\\\/schema\\\/logo\\\/image\\\/\"},\"sameAs\":[\"https:\\\/\\\/www.facebook.com\\\/cityofmiamibeach\",\"https:\\\/\\\/x.com\\\/Miamibeachnews\",\"https:\\\/\\\/www.instagram.com\\\/miamibeachnews\\\/\"],\"description\":\"The official website of the City of Miami Beach. Stay informed, find important information on city services, news, alerts, events, trolley routes, government employment and more.\",\"telephone\":\"305.604.CITY(2489)\",\"legalName\":\"City of Miami Beach\"}]}<\/script>\n<!-- \/ Yoast SEO Premium plugin. -->","yoast_head_json":{"title":"Eric Carpenter Gerente Municipal - Cidade de Miami Beach","description":"Eric T. Carpenter, PE, \u00e9 um l\u00edder estrat\u00e9gico, colaborativo e perspicaz que atualmente atua como vice-gerente municipal da cidade de Miami Beach.","robots":{"index":"index","follow":"follow","max-snippet":"max-snippet:-1","max-image-preview":"max-image-preview:large","max-video-preview":"max-video-preview:-1"},"canonical":"https:\/\/www.miamibeachfl.gov\/pt\/staff\/eric-carpenter\/","og_locale":"pt_BR","og_type":"article","og_title":"Eric Carpenter City Manager","og_description":"Eric T. Carpenter, P.E. is a strategic, collaborative, and perceptive leader who currently serves as the Deputy City Manager for the City of Miami Beach.","og_url":"https:\/\/www.miamibeachfl.gov\/pt\/staff\/eric-carpenter\/","og_site_name":"City of Miami Beach","article_publisher":"https:\/\/www.facebook.com\/cityofmiamibeach","article_modified_time":"2025-12-19T15:36:41+00:00","og_image":[{"width":250,"height":250,"url":"https:\/\/www.miamibeachfl.gov\/wp-content\/uploads\/2024\/09\/EricCarpenter-round0924.png","type":"image\/png"}],"twitter_card":"summary_large_image","twitter_site":"@Miamibeachnews","schema":{"@context":"https:\/\/schema.org","@graph":[{"@type":"WebPage","@id":"https:\/\/www.miamibeachfl.gov\/staff\/eric-carpenter\/","url":"https:\/\/www.miamibeachfl.gov\/staff\/eric-carpenter\/","name":"Eric Carpenter Gerente Municipal - Cidade de Miami Beach","isPartOf":{"@id":"https:\/\/www.miamibeachfl.gov\/#website"},"primaryImageOfPage":{"@id":"https:\/\/www.miamibeachfl.gov\/staff\/eric-carpenter\/#primaryimage"},"image":{"@id":"https:\/\/www.miamibeachfl.gov\/staff\/eric-carpenter\/#primaryimage"},"thumbnailUrl":"https:\/\/www.miamibeachfl.gov\/wp-content\/uploads\/2024\/09\/EricCarpenter-round0924.png","datePublished":"2023-05-24T13:31:17+00:00","dateModified":"2025-12-19T15:36:41+00:00","description":"Eric T. Carpenter, PE, \u00e9 um l\u00edder estrat\u00e9gico, colaborativo e perspicaz que atualmente atua como vice-gerente municipal da cidade de Miami Beach.","breadcrumb":{"@id":"https:\/\/www.miamibeachfl.gov\/staff\/eric-carpenter\/#breadcrumb"},"inLanguage":"pt-BR","potentialAction":[{"@type":"ReadAction","target":["https:\/\/www.miamibeachfl.gov\/staff\/eric-carpenter\/"]}]},{"@type":"ImageObject","inLanguage":"pt-BR","@id":"https:\/\/www.miamibeachfl.gov\/staff\/eric-carpenter\/#primaryimage","url":"https:\/\/www.miamibeachfl.gov\/wp-content\/uploads\/2024\/09\/EricCarpenter-round0924.png","contentUrl":"https:\/\/www.miamibeachfl.gov\/wp-content\/uploads\/2024\/09\/EricCarpenter-round0924.png","width":250,"height":250,"caption":"City Manager Eric Carpenter"},{"@type":"BreadcrumbList","@id":"https:\/\/www.miamibeachfl.gov\/staff\/eric-carpenter\/#breadcrumb","itemListElement":[{"@type":"ListItem","position":1,"name":"Home","item":"https:\/\/www.miamibeachfl.gov\/"},{"@type":"ListItem","position":2,"name":"Staff","item":"https:\/\/www.miamibeachfl.gov\/staff\/"},{"@type":"ListItem","position":3,"name":"Eric Carpenter City Manager"}]},{"@type":"WebSite","@id":"https:\/\/www.miamibeachfl.gov\/#website","url":"https:\/\/www.miamibeachfl.gov\/","name":"Cidade de Miami Beach","description":"Site oficial da cidade de Miami Beach. Mantenha-se informado e encontre informa\u00e7\u00f5es importantes sobre servi\u00e7os municipais, not\u00edcias, alertas, eventos, rotas de bonde, empregos p\u00fablicos e muito mais.","publisher":{"@id":"https:\/\/www.miamibeachfl.gov\/#organization"},"potentialAction":[{"@type":"SearchAction","target":{"@type":"EntryPoint","urlTemplate":"https:\/\/www.miamibeachfl.gov\/?s={search_term_string}"},"query-input":{"@type":"PropertyValueSpecification","valueRequired":true,"valueName":"search_term_string"}}],"inLanguage":"pt-BR"},{"@type":"Organization","@id":"https:\/\/www.miamibeachfl.gov\/#organization","name":"Cidade de Miami Beach","url":"https:\/\/www.miamibeachfl.gov\/","logo":{"@type":"ImageObject","inLanguage":"pt-BR","@id":"https:\/\/www.miamibeachfl.gov\/#\/schema\/logo\/image\/","url":"https:\/\/www.miamibeachfl.gov\/wp-content\/uploads\/2022\/06\/miamibeach-logoblue.png","contentUrl":"https:\/\/www.miamibeachfl.gov\/wp-content\/uploads\/2022\/06\/miamibeach-logoblue.png","width":1962,"height":381,"caption":"City of Miami Beach"},"image":{"@id":"https:\/\/www.miamibeachfl.gov\/#\/schema\/logo\/image\/"},"sameAs":["https:\/\/www.facebook.com\/cityofmiamibeach","https:\/\/x.com\/Miamibeachnews","https:\/\/www.instagram.com\/miamibeachnews\/"],"description":"Site oficial da cidade de Miami Beach. Mantenha-se informado e encontre informa\u00e7\u00f5es importantes sobre servi\u00e7os municipais, not\u00edcias, alertas, eventos, rotas de bonde, empregos p\u00fablicos e muito mais.","telephone":"305.604.CITY(2489)","legalName":"City of Miami Beach"}]}},"_links":{"self":[{"href":"https:\/\/www.miamibeachfl.gov\/pt\/wp-json\/wp\/v2\/pages\/261167","targetHints":{"allow":["GET"]}}],"collection":[{"href":"https:\/\/www.miamibeachfl.gov\/pt\/wp-json\/wp\/v2\/pages"}],"about":[{"href":"https:\/\/www.miamibeachfl.gov\/pt\/wp-json\/wp\/v2\/types\/page"}],"author":[{"embeddable":true,"href":"https:\/\/www.miamibeachfl.gov\/pt\/wp-json\/wp\/v2\/users\/222"}],"replies":[{"embeddable":true,"href":"https:\/\/www.miamibeachfl.gov\/pt\/wp-json\/wp\/v2\/comments?post=261167"}],"version-history":[{"count":2,"href":"https:\/\/www.miamibeachfl.gov\/pt\/wp-json\/wp\/v2\/pages\/261167\/revisions"}],"predecessor-version":[{"id":393611,"href":"https:\/\/www.miamibeachfl.gov\/pt\/wp-json\/wp\/v2\/pages\/261167\/revisions\/393611"}],"up":[{"embeddable":true,"href":"https:\/\/www.miamibeachfl.gov\/pt\/wp-json\/wp\/v2\/pages\/261112"}],"wp:featuredmedia":[{"embeddable":true,"href":"https:\/\/www.miamibeachfl.gov\/pt\/wp-json\/wp\/v2\/media\/339170"}],"wp:attachment":[{"href":"https:\/\/www.miamibeachfl.gov\/pt\/wp-json\/wp\/v2\/media?parent=261167"}],"wp:term":[{"taxonomy":"category","embeddable":true,"href":"https:\/\/www.miamibeachfl.gov\/pt\/wp-json\/wp\/v2\/categories?post=261167"},{"taxonomy":"post_tag","embeddable":true,"href":"https:\/\/www.miamibeachfl.gov\/pt\/wp-json\/wp\/v2\/tags?post=261167"}],"curies":[{"name":"wp","href":"https:\/\/api.w.org\/{rel}","templated":true}]}}