{"id":261197,"date":"2023-05-24T10:30:39","date_gmt":"2023-05-24T14:30:39","guid":{"rendered":"https:\/\/www.miamibeachfl.gov\/?page_id=261197"},"modified":"2026-01-02T10:35:23","modified_gmt":"2026-01-02T15:35:23","slug":"amy-knowles","status":"publish","type":"page","link":"https:\/\/www.miamibeachfl.gov\/pt\/staff\/amy-knowles\/","title":{"rendered":"Amy Knowles <br><span style=\"font-size:18px\">Diretor de Resili\u00eancia<\/span>"},"content":{"rendered":"<img decoding=\"async\" src=\"https:\/\/www.miamibeachfl.gov\/wp-content\/uploads\/bb-plugin\/cache\/AmyKnowles-round-1-circle.png\" alt=\"Amy Knowles\" title=\"AmyKnowles-round\" itemprop=\"image\"\/>\n\t\t<h1>\n\t\t\tAmy Knowles\t<\/h1>\n<h2>\n\t\t\tDiretor de Resili\u00eancia\t<\/h2>\n\t<ul>\n\t\t<li>\t\t\t\t\n\t\t<h3>E-mail:<\/h3><p><strong><a href=\"mailto:AmyKnowles@miamibeachfl.gov\">AmyKnowles@miamibeachfl.gov<\/a><\/strong><\/p><\/li><li>\t\t\t\t\n\t\t<h3>Telefone:<\/h3><p><strong><a href=\"tel:3056737084\">305.673.7084 Ramal: 6081<\/a><\/strong><\/p><\/li><li>\t\t\t\t\n\t\t<h3>Sites da Web<\/h3><p><strong><a href=\"https:\/\/www.miamibeachfl.gov\/pt\/city-hall\/city-manager\/\">Visite o site do Administrador Municipal.<\/a><\/strong><strong><a href=\"https:\/\/www.miamibeachfl.gov\/pt\/city-hall\/environmental-sustainability\/\">Visite o site do Departamento de Meio Ambiente e Sustentabilidade.<\/a><\/strong><\/p><\/li>\t<\/ul>\n\t<p><strong>\u00c1reas de responsabilidade:<\/strong> Departamento de Estrat\u00e9gia de Resili\u00eancia, Meio Ambiente e Sustentabilidade<\/p>\n\t<p>Amy Knowles atua como Diretora de Resili\u00eancia e Diretora de Meio Ambiente e Sustentabilidade da cidade de Miami Beach. A Sra. Knowles trabalha em estreita colabora\u00e7\u00e3o com uma equipe de lideran\u00e7a em resili\u00eancia hol\u00edstica para implementar pol\u00edticas e projetos que visam construir uma Miami Beach resiliente.<\/p>\n<p>Miami Beach \u00e9 um laborat\u00f3rio vivo para as mudan\u00e7as clim\u00e1ticas, e a Sra. Knowles se concentra na integra\u00e7\u00e3o do planejamento de prepara\u00e7\u00e3o clim\u00e1tica com solu\u00e7\u00f5es e infraestrutura baseadas na natureza. No planejamento para a eleva\u00e7\u00e3o do n\u00edvel do mar, a Sra. Knowles ajudou recentemente a garantir $48 milh\u00f5es em financiamento para resili\u00eancia para projetos que v\u00e3o desde a restaura\u00e7\u00e3o de dunas at\u00e9 infraestrutura. Ela liderou a primeira avalia\u00e7\u00e3o de vulnerabilidade da cidade e a an\u00e1lise do caso de neg\u00f3cios do programa de \u00e1guas pluviais \u2013 ambos destacando a import\u00e2ncia social e econ\u00f4mica da prote\u00e7\u00e3o de Miami Beach. Ela lan\u00e7ou recentemente <em>Lute contra a enchente<\/em>, um programa de adapta\u00e7\u00e3o de propriedades privadas para incentivar investimentos em resili\u00eancia. Trabalhos not\u00e1veis de Miami Beach sobre calor extremo incluem a Portaria de Ilha de Calor Urbano e o Plano Diretor de Silvicultura Urbana.<\/p>\n<p>A Sra. Knowles acredita que a colabora\u00e7\u00e3o \u00e9 fundamental para a resili\u00eancia e trabalha em uma parceria \u00fanica com o Condado de Miami-Dade, a Cidade de Miami e a Funda\u00e7\u00e3o Miami para implementar\u00a0<em>Resiliente305<\/em>, uma estrat\u00e9gia de resili\u00eancia compartilhada. A Sra. Knowles atua no Comit\u00ea Diretor Norte-Americano da Rede Global de Cidades Resilientes. Ela participa do trabalho do Pacto de Mudan\u00e7as Clim\u00e1ticas do Sudeste da Fl\u00f3rida e do programa Resiliency Florida. A Sra. Knowles viajou para a Holanda, Chile e outros Estados Unidos para estudar e compartilhar estrat\u00e9gias de resili\u00eancia.<\/p>\n<p>A carreira da Sra. Knowles no servi\u00e7o p\u00fablico inclui prote\u00e7\u00e3o ambiental, administra\u00e7\u00e3o e planejamento. Ela \u00e9 bacharel em Pol\u00edtica Ambiental pela Universidade de Binghamton e mestre em Administra\u00e7\u00e3o de Empresas pela Universidade de Miami.<\/p>","protected":false},"excerpt":{"rendered":"<p>Amy Knowles Chief Resilience Officer Email: AmyKnowles@miamibeachfl.gov Phone: 305.673.7084 Ext: 6081 Websites Visit the City Manager&#8217;s websiteVisit the Environmental and [&hellip;]<\/p>\n","protected":false},"author":222,"featured_media":261199,"parent":261112,"menu_order":21,"comment_status":"closed","ping_status":"closed","template":"","meta":{"_searchwp_excluded":"","site-sidebar-layout":"default","site-content-layout":"","ast-site-content-layout":"default","site-content-style":"default","site-sidebar-style":"default","ast-global-header-display":"","ast-banner-title-visibility":"","ast-main-header-display":"","ast-hfb-above-header-display":"","ast-hfb-below-header-display":"","ast-hfb-mobile-header-display":"","site-post-title":"","ast-breadcrumbs-content":"","ast-featured-img":"","footer-sml-layout":"","ast-disable-related-posts":"","theme-transparent-header-meta":"","adv-header-id-meta":"","stick-header-meta":"","header-above-stick-meta":"","header-main-stick-meta":"","header-below-stick-meta":"","astra-migrate-meta-layouts":"default","ast-page-background-enabled":"default","ast-page-background-meta":{"desktop":{"background-color":"var(--ast-global-color-5)","background-image":"","background-repeat":"repeat","background-position":"center center","background-size":"auto","background-attachment":"scroll","background-type":"","background-media":"","overlay-type":"","overlay-color":"","overlay-opacity":"","overlay-gradient":""},"tablet":{"background-color":"","background-image":"","background-repeat":"repeat","background-position":"center center","background-size":"auto","background-attachment":"scroll","background-type":"","background-media":"","overlay-type":"","overlay-color":"","overlay-opacity":"","overlay-gradient":""},"mobile":{"background-color":"","background-image":"","background-repeat":"repeat","background-position":"center center","background-size":"auto","background-attachment":"scroll","background-type":"","background-media":"","overlay-type":"","overlay-color":"","overlay-opacity":"","overlay-gradient":""}},"ast-content-background-meta":{"desktop":{"background-color":"var(--ast-global-color-4)","background-image":"","background-repeat":"repeat","background-position":"center center","background-size":"auto","background-attachment":"scroll","background-type":"","background-media":"","overlay-type":"","overlay-color":"","overlay-opacity":"","overlay-gradient":""},"tablet":{"background-color":"var(--ast-global-color-4)","background-image":"","background-repeat":"repeat","background-position":"center center","background-size":"auto","background-attachment":"scroll","background-type":"","background-media":"","overlay-type":"","overlay-color":"","overlay-opacity":"","overlay-gradient":""},"mobile":{"background-color":"var(--ast-global-color-4)","background-image":"","background-repeat":"repeat","background-position":"center center","background-size":"auto","background-attachment":"scroll","background-type":"","background-media":"","overlay-type":"","overlay-color":"","overlay-opacity":"","overlay-gradient":""}},"footnotes":""},"categories":[],"tags":[969,960],"class_list":["post-261197","page","type-page","status-publish","has-post-thumbnail","hentry","tag-amy-knowles-staff","tag-staff"],"yoast_head":"<!-- This site is optimized with the Yoast SEO Premium plugin v27.4 (Yoast SEO v27.4) - https:\/\/yoast.com\/product\/yoast-seo-premium-wordpress\/ -->\n<title>Amy Knowles Chief Resilience Officer - City of Miami Beach<\/title>\n<meta name=\"description\" content=\"Amy Knowles serves as the Chief Resilience Officer and the Director of Environment and Sustainability for the City of Miami Beach. Ms. Knowles works closely with a holistic resilience leadership team to implement policies and projects to build a resilient Miami Beach.\" \/>\n<meta name=\"robots\" content=\"index, follow, max-snippet:-1, max-image-preview:large, max-video-preview:-1\" \/>\n<link rel=\"canonical\" href=\"https:\/\/www.miamibeachfl.gov\/pt\/staff\/amy-knowles\/\" \/>\n<meta property=\"og:locale\" content=\"pt_BR\" \/>\n<meta property=\"og:type\" content=\"article\" \/>\n<meta property=\"og:title\" content=\"Amy Knowles Chief Resilience Officer\" \/>\n<meta property=\"og:description\" content=\"Amy Knowles serves as the Chief Resilience Officer and the Director of Environment and Sustainability for the City of Miami Beach. Ms. Knowles works closely with a holistic resilience leadership team to implement policies and projects to build a resilient Miami Beach.\" \/>\n<meta property=\"og:url\" content=\"https:\/\/www.miamibeachfl.gov\/pt\/staff\/amy-knowles\/\" \/>\n<meta property=\"og:site_name\" content=\"City of Miami Beach\" \/>\n<meta property=\"article:publisher\" content=\"https:\/\/www.facebook.com\/cityofmiamibeach\" \/>\n<meta property=\"article:modified_time\" content=\"2026-01-02T15:35:23+00:00\" \/>\n<meta property=\"og:image\" content=\"https:\/\/www.miamibeachfl.gov\/wp-content\/uploads\/2023\/05\/AmyKnowles-round-1.png\" \/>\n\t<meta property=\"og:image:width\" content=\"249\" \/>\n\t<meta property=\"og:image:height\" content=\"250\" \/>\n\t<meta property=\"og:image:type\" content=\"image\/png\" \/>\n<meta name=\"twitter:card\" content=\"summary_large_image\" \/>\n<meta name=\"twitter:site\" content=\"@Miamibeachnews\" \/>\n<script type=\"application\/ld+json\" class=\"yoast-schema-graph\">{\"@context\":\"https:\\\/\\\/schema.org\",\"@graph\":[{\"@type\":\"WebPage\",\"@id\":\"https:\\\/\\\/www.miamibeachfl.gov\\\/staff\\\/amy-knowles\\\/\",\"url\":\"https:\\\/\\\/www.miamibeachfl.gov\\\/staff\\\/amy-knowles\\\/\",\"name\":\"Amy Knowles Chief Resilience Officer - City of Miami Beach\",\"isPartOf\":{\"@id\":\"https:\\\/\\\/www.miamibeachfl.gov\\\/#website\"},\"primaryImageOfPage\":{\"@id\":\"https:\\\/\\\/www.miamibeachfl.gov\\\/staff\\\/amy-knowles\\\/#primaryimage\"},\"image\":{\"@id\":\"https:\\\/\\\/www.miamibeachfl.gov\\\/staff\\\/amy-knowles\\\/#primaryimage\"},\"thumbnailUrl\":\"https:\\\/\\\/www.miamibeachfl.gov\\\/wp-content\\\/uploads\\\/2023\\\/05\\\/AmyKnowles-round-1.png\",\"datePublished\":\"2023-05-24T14:30:39+00:00\",\"dateModified\":\"2026-01-02T15:35:23+00:00\",\"description\":\"Amy Knowles serves as the Chief Resilience Officer and the Director of Environment and Sustainability for the City of Miami Beach. Ms. Knowles works closely with a holistic resilience leadership team to implement policies and projects to build a resilient Miami Beach.\",\"breadcrumb\":{\"@id\":\"https:\\\/\\\/www.miamibeachfl.gov\\\/staff\\\/amy-knowles\\\/#breadcrumb\"},\"inLanguage\":\"pt-BR\",\"potentialAction\":[{\"@type\":\"ReadAction\",\"target\":[\"https:\\\/\\\/www.miamibeachfl.gov\\\/staff\\\/amy-knowles\\\/\"]}]},{\"@type\":\"ImageObject\",\"inLanguage\":\"pt-BR\",\"@id\":\"https:\\\/\\\/www.miamibeachfl.gov\\\/staff\\\/amy-knowles\\\/#primaryimage\",\"url\":\"https:\\\/\\\/www.miamibeachfl.gov\\\/wp-content\\\/uploads\\\/2023\\\/05\\\/AmyKnowles-round-1.png\",\"contentUrl\":\"https:\\\/\\\/www.miamibeachfl.gov\\\/wp-content\\\/uploads\\\/2023\\\/05\\\/AmyKnowles-round-1.png\",\"width\":249,\"height\":250,\"caption\":\"Amy Knowles\"},{\"@type\":\"BreadcrumbList\",\"@id\":\"https:\\\/\\\/www.miamibeachfl.gov\\\/staff\\\/amy-knowles\\\/#breadcrumb\",\"itemListElement\":[{\"@type\":\"ListItem\",\"position\":1,\"name\":\"Home\",\"item\":\"https:\\\/\\\/www.miamibeachfl.gov\\\/\"},{\"@type\":\"ListItem\",\"position\":2,\"name\":\"Staff\",\"item\":\"https:\\\/\\\/www.miamibeachfl.gov\\\/staff\\\/\"},{\"@type\":\"ListItem\",\"position\":3,\"name\":\"Amy Knowles Chief Resilience Officer\"}]},{\"@type\":\"WebSite\",\"@id\":\"https:\\\/\\\/www.miamibeachfl.gov\\\/#website\",\"url\":\"https:\\\/\\\/www.miamibeachfl.gov\\\/\",\"name\":\"City of Miami Beach\",\"description\":\"The official website of the City of Miami Beach. Stay informed, find important information on city services, news, alerts, events, trolley routes, government employment and more.\",\"publisher\":{\"@id\":\"https:\\\/\\\/www.miamibeachfl.gov\\\/#organization\"},\"potentialAction\":[{\"@type\":\"SearchAction\",\"target\":{\"@type\":\"EntryPoint\",\"urlTemplate\":\"https:\\\/\\\/www.miamibeachfl.gov\\\/?s={search_term_string}\"},\"query-input\":{\"@type\":\"PropertyValueSpecification\",\"valueRequired\":true,\"valueName\":\"search_term_string\"}}],\"inLanguage\":\"pt-BR\"},{\"@type\":\"Organization\",\"@id\":\"https:\\\/\\\/www.miamibeachfl.gov\\\/#organization\",\"name\":\"City of Miami Beach\",\"url\":\"https:\\\/\\\/www.miamibeachfl.gov\\\/\",\"logo\":{\"@type\":\"ImageObject\",\"inLanguage\":\"pt-BR\",\"@id\":\"https:\\\/\\\/www.miamibeachfl.gov\\\/#\\\/schema\\\/logo\\\/image\\\/\",\"url\":\"https:\\\/\\\/www.miamibeachfl.gov\\\/wp-content\\\/uploads\\\/2022\\\/06\\\/miamibeach-logoblue.png\",\"contentUrl\":\"https:\\\/\\\/www.miamibeachfl.gov\\\/wp-content\\\/uploads\\\/2022\\\/06\\\/miamibeach-logoblue.png\",\"width\":1962,\"height\":381,\"caption\":\"City of Miami Beach\"},\"image\":{\"@id\":\"https:\\\/\\\/www.miamibeachfl.gov\\\/#\\\/schema\\\/logo\\\/image\\\/\"},\"sameAs\":[\"https:\\\/\\\/www.facebook.com\\\/cityofmiamibeach\",\"https:\\\/\\\/x.com\\\/Miamibeachnews\",\"https:\\\/\\\/www.instagram.com\\\/miamibeachnews\\\/\"],\"description\":\"The official website of the City of Miami Beach. Stay informed, find important information on city services, news, alerts, events, trolley routes, government employment and more.\",\"telephone\":\"305.604.CITY(2489)\",\"legalName\":\"City of Miami Beach\"}]}<\/script>\n<!-- \/ Yoast SEO Premium plugin. -->","yoast_head_json":{"title":"Amy Knowles, Diretora de Resili\u00eancia - Cidade de Miami Beach","description":"Amy Knowles atua como Diretora de Resili\u00eancia e Diretora de Meio Ambiente e Sustentabilidade da cidade de Miami Beach. A Sra. Knowles trabalha em estreita colabora\u00e7\u00e3o com uma equipe de lideran\u00e7a em resili\u00eancia hol\u00edstica para implementar pol\u00edticas e projetos que visam construir uma Miami Beach resiliente.","robots":{"index":"index","follow":"follow","max-snippet":"max-snippet:-1","max-image-preview":"max-image-preview:large","max-video-preview":"max-video-preview:-1"},"canonical":"https:\/\/www.miamibeachfl.gov\/pt\/staff\/amy-knowles\/","og_locale":"pt_BR","og_type":"article","og_title":"Amy Knowles Chief Resilience Officer","og_description":"Amy Knowles serves as the Chief Resilience Officer and the Director of Environment and Sustainability for the City of Miami Beach. Ms. Knowles works closely with a holistic resilience leadership team to implement policies and projects to build a resilient Miami Beach.","og_url":"https:\/\/www.miamibeachfl.gov\/pt\/staff\/amy-knowles\/","og_site_name":"City of Miami Beach","article_publisher":"https:\/\/www.facebook.com\/cityofmiamibeach","article_modified_time":"2026-01-02T15:35:23+00:00","og_image":[{"width":249,"height":250,"url":"https:\/\/www.miamibeachfl.gov\/wp-content\/uploads\/2023\/05\/AmyKnowles-round-1.png","type":"image\/png"}],"twitter_card":"summary_large_image","twitter_site":"@Miamibeachnews","schema":{"@context":"https:\/\/schema.org","@graph":[{"@type":"WebPage","@id":"https:\/\/www.miamibeachfl.gov\/staff\/amy-knowles\/","url":"https:\/\/www.miamibeachfl.gov\/staff\/amy-knowles\/","name":"Amy Knowles, Diretora de Resili\u00eancia - Cidade de Miami Beach","isPartOf":{"@id":"https:\/\/www.miamibeachfl.gov\/#website"},"primaryImageOfPage":{"@id":"https:\/\/www.miamibeachfl.gov\/staff\/amy-knowles\/#primaryimage"},"image":{"@id":"https:\/\/www.miamibeachfl.gov\/staff\/amy-knowles\/#primaryimage"},"thumbnailUrl":"https:\/\/www.miamibeachfl.gov\/wp-content\/uploads\/2023\/05\/AmyKnowles-round-1.png","datePublished":"2023-05-24T14:30:39+00:00","dateModified":"2026-01-02T15:35:23+00:00","description":"Amy Knowles atua como Diretora de Resili\u00eancia e Diretora de Meio Ambiente e Sustentabilidade da cidade de Miami Beach. A Sra. Knowles trabalha em estreita colabora\u00e7\u00e3o com uma equipe de lideran\u00e7a em resili\u00eancia hol\u00edstica para implementar pol\u00edticas e projetos que visam construir uma Miami Beach resiliente.","breadcrumb":{"@id":"https:\/\/www.miamibeachfl.gov\/staff\/amy-knowles\/#breadcrumb"},"inLanguage":"pt-BR","potentialAction":[{"@type":"ReadAction","target":["https:\/\/www.miamibeachfl.gov\/staff\/amy-knowles\/"]}]},{"@type":"ImageObject","inLanguage":"pt-BR","@id":"https:\/\/www.miamibeachfl.gov\/staff\/amy-knowles\/#primaryimage","url":"https:\/\/www.miamibeachfl.gov\/wp-content\/uploads\/2023\/05\/AmyKnowles-round-1.png","contentUrl":"https:\/\/www.miamibeachfl.gov\/wp-content\/uploads\/2023\/05\/AmyKnowles-round-1.png","width":249,"height":250,"caption":"Amy Knowles"},{"@type":"BreadcrumbList","@id":"https:\/\/www.miamibeachfl.gov\/staff\/amy-knowles\/#breadcrumb","itemListElement":[{"@type":"ListItem","position":1,"name":"Home","item":"https:\/\/www.miamibeachfl.gov\/"},{"@type":"ListItem","position":2,"name":"Staff","item":"https:\/\/www.miamibeachfl.gov\/staff\/"},{"@type":"ListItem","position":3,"name":"Amy Knowles Chief Resilience Officer"}]},{"@type":"WebSite","@id":"https:\/\/www.miamibeachfl.gov\/#website","url":"https:\/\/www.miamibeachfl.gov\/","name":"Cidade de Miami Beach","description":"Site oficial da cidade de Miami Beach. Mantenha-se informado e encontre informa\u00e7\u00f5es importantes sobre servi\u00e7os municipais, not\u00edcias, alertas, eventos, rotas de bonde, empregos p\u00fablicos e muito mais.","publisher":{"@id":"https:\/\/www.miamibeachfl.gov\/#organization"},"potentialAction":[{"@type":"SearchAction","target":{"@type":"EntryPoint","urlTemplate":"https:\/\/www.miamibeachfl.gov\/?s={search_term_string}"},"query-input":{"@type":"PropertyValueSpecification","valueRequired":true,"valueName":"search_term_string"}}],"inLanguage":"pt-BR"},{"@type":"Organization","@id":"https:\/\/www.miamibeachfl.gov\/#organization","name":"Cidade de Miami Beach","url":"https:\/\/www.miamibeachfl.gov\/","logo":{"@type":"ImageObject","inLanguage":"pt-BR","@id":"https:\/\/www.miamibeachfl.gov\/#\/schema\/logo\/image\/","url":"https:\/\/www.miamibeachfl.gov\/wp-content\/uploads\/2022\/06\/miamibeach-logoblue.png","contentUrl":"https:\/\/www.miamibeachfl.gov\/wp-content\/uploads\/2022\/06\/miamibeach-logoblue.png","width":1962,"height":381,"caption":"City of Miami Beach"},"image":{"@id":"https:\/\/www.miamibeachfl.gov\/#\/schema\/logo\/image\/"},"sameAs":["https:\/\/www.facebook.com\/cityofmiamibeach","https:\/\/x.com\/Miamibeachnews","https:\/\/www.instagram.com\/miamibeachnews\/"],"description":"Site oficial da cidade de Miami Beach. Mantenha-se informado e encontre informa\u00e7\u00f5es importantes sobre servi\u00e7os municipais, not\u00edcias, alertas, eventos, rotas de bonde, empregos p\u00fablicos e muito mais.","telephone":"305.604.CITY(2489)","legalName":"City of Miami Beach"}]}},"_links":{"self":[{"href":"https:\/\/www.miamibeachfl.gov\/pt\/wp-json\/wp\/v2\/pages\/261197","targetHints":{"allow":["GET"]}}],"collection":[{"href":"https:\/\/www.miamibeachfl.gov\/pt\/wp-json\/wp\/v2\/pages"}],"about":[{"href":"https:\/\/www.miamibeachfl.gov\/pt\/wp-json\/wp\/v2\/types\/page"}],"author":[{"embeddable":true,"href":"https:\/\/www.miamibeachfl.gov\/pt\/wp-json\/wp\/v2\/users\/222"}],"replies":[{"embeddable":true,"href":"https:\/\/www.miamibeachfl.gov\/pt\/wp-json\/wp\/v2\/comments?post=261197"}],"version-history":[{"count":2,"href":"https:\/\/www.miamibeachfl.gov\/pt\/wp-json\/wp\/v2\/pages\/261197\/revisions"}],"predecessor-version":[{"id":394407,"href":"https:\/\/www.miamibeachfl.gov\/pt\/wp-json\/wp\/v2\/pages\/261197\/revisions\/394407"}],"up":[{"embeddable":true,"href":"https:\/\/www.miamibeachfl.gov\/pt\/wp-json\/wp\/v2\/pages\/261112"}],"wp:featuredmedia":[{"embeddable":true,"href":"https:\/\/www.miamibeachfl.gov\/pt\/wp-json\/wp\/v2\/media\/261199"}],"wp:attachment":[{"href":"https:\/\/www.miamibeachfl.gov\/pt\/wp-json\/wp\/v2\/media?parent=261197"}],"wp:term":[{"taxonomy":"category","embeddable":true,"href":"https:\/\/www.miamibeachfl.gov\/pt\/wp-json\/wp\/v2\/categories?post=261197"},{"taxonomy":"post_tag","embeddable":true,"href":"https:\/\/www.miamibeachfl.gov\/pt\/wp-json\/wp\/v2\/tags?post=261197"}],"curies":[{"name":"wp","href":"https:\/\/api.w.org\/{rel}","templated":true}]}}